{"id":7285,"date":"2016-05-05T13:20:31","date_gmt":"2016-05-05T13:20:31","guid":{"rendered":"https:\/\/www.esports-betting.pro\/de\/?page_id=7285"},"modified":"2016-05-05T13:20:31","modified_gmt":"2016-05-05T13:20:31","slug":"dreamhack-austin-2016-sc2","status":"publish","type":"page","link":"https:\/\/www.esports-betting.pro\/de\/starcraft-2-3\/dreamhack-austin-2016-sc2\/","title":{"rendered":"Dreamhack Austin 2016 | Starcraft 2 ( SCII)"},"content":{"rendered":"<p style=\"text-align: justify\"><img loading=\"lazy\" decoding=\"async\" class=\"alignright wp-image-7287 size-full\" src=\"https:\/\/www.esports-betting.pro\/app\/uploads\/sites\/2\/DreamHack-Open-2016-Starcraft-2-Tournament-Logo.png\" alt=\"DreamHack Open 2016 Starcraft 2 Turnier Logo\" width=\"350\" height=\"107\" \/>Dieses Wochenende geht der epische Kampf zwischen Terranern, Protoss und Zerg in eine neue Runde, und zwar bei der Dreamhack in Austin, Texas. Dabei werden 96 der besten Starcraft-Spieler haupts\u00e4chlich aus Europa und Nordamerika um einen Preispool von 50.000 $ und jede Menge WCS Punkte gegeneinander antreten. Ein Muss f\u00fcr jeden Starcraft-Fan.<\/p>\n<p><strong>Mehr \u00fcber die Dreamhack Austin\u00a02016:<\/strong><\/p>\n<ul>\n<li><a href=\"https:\/\/www.esports-betting.pro\/de\/csgo\/dreamhack-austin-2016\/\">CS:GO Dreamhack Austin 2016<\/a><\/li>\n<\/ul>\n<h2>Starcraft 2 DH Austin Facts:<\/h2>\n<ul>\n<li><strong>Datum:<\/strong> 06.05. \u2013 08.05.2016<\/li>\n<li><strong>Ort<\/strong>: Austin, USA<\/li>\n<li><strong>Preispool insgesamt:<\/strong> 50.000 $ + 5.000 WCS Circuit Pts.<\/li>\n<li><strong>Anzahl der Spieler:<\/strong> 96<\/li>\n<li><strong>Format<\/strong>\n<ul>\n<li>2 Gruppenphasen jeweils Best of 3\n<ul>\n<li>Gruppenphase: 64 Spieler in 16 Gruppen, besten 2 jeder Gruppe steigen in 2. Gruppenphase auf<\/li>\n<li>Gruppenphase: 32 Spieler von 1. Gruppenphase + 32 qualifizierte Spieler<\/li>\n<\/ul>\n<\/li>\n<li>Playoffs (32 Spieler): Best of 5<\/li>\n<li>Finale: Bo7<\/li>\n<\/ul>\n<\/li>\n<\/ul>\n<p><img loading=\"lazy\" decoding=\"async\" class=\"aligncenter wp-image-7286 size-full\" src=\"https:\/\/www.esports-betting.pro\/app\/uploads\/sites\/2\/DreamHack-Logo.png\" alt=\"DreamHack Logo\" width=\"350\" height=\"131\" \/><\/p>\n<h2>Preisgeldverteilung & WCS-Punkte<\/h2>\n<ol>\n<li>Platz: 16.000 $ + 1.000 WCS-Circuit-Pts<\/li>\n<li>Platz: 8.000 $ + 700 WCS-Circuit-Pts<\/li>\n<li>+ 4.Platz: 5.000 $ + 450 WCS-Circuit-Pts<\/li>\n<li>\u2013 8. Platz: 2.000 $ + 300 WCS-Circuit-Pts<\/li>\n<li>\u2013 16. Platz: 1.000 $ + 150 WCS-Circuit-Pts<\/li>\n<\/ol>\n<h2>Teilnehmende Spieler<\/h2>\n<p><img loading=\"lazy\" decoding=\"async\" src=\"https:\/\/www.esports-betting.pro\/app\/uploads\/sites\/2\/Protoss-Icon-SC2.png\" alt=\"Protoss Icon SC2\" width=\"20\" height=\"20\" \/>\u00a0<strong>Protoss:<\/strong> HuK, Has, Neeb, PtitDrogo, Harstem, Bails, NonY, PiLiPiLi, PuCK, State, sWs, RayReign,<br \/>\nCaliber, Virium<\/p>\n<p><img loading=\"lazy\" decoding=\"async\" src=\"https:\/\/www.esports-betting.pro\/app\/uploads\/sites\/2\/Terran-Icon-SC2.png\" alt=\"Terraner Icon SC2\" width=\"20\" height=\"20\" \/>\u00a0<strong>Terraner:<\/strong> iaguz, Kelazhur, MaSa, intense, RuFF, Polt, Fuzer, Zan<\/p>\n<p><img loading=\"lazy\" decoding=\"async\" src=\"https:\/\/www.esports-betting.pro\/app\/uploads\/sites\/2\/Zerg-Icon-SC2.png\" alt=\"Zerg Icon SC2\" width=\"20\" height=\"20\" \/>\u00a0<strong>Zerg:<\/strong> iasonu, JohnSnow, Bly, Guru, FireCake, Lambo, JimRising, Snute, CatZ, Elazer, Hydra,<br \/>\nNamshar, PengWin, PandaBearMe, viOLet, SirRobin, Elroye, Neuro<\/p>\n<p>Die gesamte Liste an Spielern findet ihr unter folgendem <a href=\"http:\/\/wiki.teamliquid.net\/starcraft2\/2016_DreamHack_Open\/Austin\/Player_List\" target=\"_blank\" rel=\"noopener\">Link<\/a>:<\/p>\n<h2>Wettquoten<\/h2>\n<p>Derzeit gibt es noch keine Wettquoten f\u00fcr das Starcraft 2 DH Austin Event. Inzwischen k\u00f6nnt ihr \u00fcber <a href=\"https:\/\/www.esports-betting.pro\/de\/starcraft-2\/\">diesen Link mehr zu Starcraft 2 (SCII) Wetten and Wettanbieter nachlesen<\/a>.<\/p>\n<h2>Livestream<\/h2>\n<p>Auf folgendem Stream k\u00f6nnt ihr die Spiele Live mitverfolgen<\/p>\n","protected":false},"excerpt":{"rendered":"<p>Dieses Wochenende geht der epische Kampf zwischen Terranern, Protoss und Zerg in eine neue Runde, und zwar bei der Dreamhack in Austin, Texas. Dabei werden 96 der besten Starcraft-Spieler haupts\u00e4chlich aus Europa und Nordamerika um einen Preispool von 50.000 $ und jede Menge WCS Punkte gegeneinander antreten. Ein Muss f\u00fcr jeden Starcraft-Fan. Mehr \u00fcber die &hellip; <a href=\"https:\/\/www.esports-betting.pro\/de\/starcraft-2-3\/dreamhack-austin-2016-sc2\/\">Continued<\/a><\/p>\n","protected":false},"author":24,"featured_media":0,"parent":90,"menu_order":0,"comment_status":"closed","ping_status":"closed","template":"","meta":{"_acf_changed":false,"footnotes":""},"acf":[],"yoast_head":"<!-- This site is optimized with the Yoast SEO plugin v22.6 - https:\/\/yoast.com\/wordpress\/plugins\/seo\/ -->\n<title>Starcraft 2 Dreamhack Austin 2016 | SC II<\/title>\n<meta name=\"description\" content=\"Alles \u00fcber das Starcraft 2 Dreamhack Turniers in Austin, USA. Mehr \u00fcber das SC2 Turnier - Gruppen, Spieler, Spielplan, Wettquoten und Livestream.\" \/>\n<meta name=\"robots\" content=\"index, follow, max-snippet:-1, max-image-preview:large, max-video-preview:-1\" \/>\n<link rel=\"canonical\" href=\"https:\/\/www.esports-betting.pro\/de\/starcraft-2-3\/dreamhack-austin-2016-sc2\/\" \/>\n<meta property=\"og:locale\" content=\"de_DE\" \/>\n<meta property=\"og:type\" content=\"article\" \/>\n<meta property=\"og:title\" content=\"Starcraft 2 Dreamhack Austin 2016 | SC II\" \/>\n<meta property=\"og:description\" content=\"Alles \u00fcber das Starcraft 2 Dreamhack Turniers in Austin, USA. Mehr \u00fcber das SC2 Turnier - Gruppen, Spieler, Spielplan, Wettquoten und Livestream.\" \/>\n<meta property=\"og:url\" content=\"https:\/\/www.esports-betting.pro\/de\/starcraft-2-3\/dreamhack-austin-2016-sc2\/\" \/>\n<meta property=\"og:site_name\" content=\"Esports Betting - DE\" \/>\n<meta property=\"og:image\" content=\"https:\/\/www.esports-betting.pro\/app\/uploads\/sites\/2\/DreamHack-Open-2016-Starcraft-2-Tournament-Logo.png\" \/>\n<meta name=\"twitter:card\" content=\"summary_large_image\" \/>\n<meta name=\"twitter:label1\" content=\"Est. reading time\" \/>\n\t<meta name=\"twitter:data1\" content=\"1 Minute\" \/>\n<script type=\"application\/ld+json\" class=\"yoast-schema-graph\">{\"@context\":\"https:\/\/schema.org\",\"@graph\":[{\"@type\":\"WebPage\",\"@id\":\"https:\/\/www.esports-betting.pro\/de\/starcraft-2-3\/dreamhack-austin-2016-sc2\/\",\"url\":\"https:\/\/www.esports-betting.pro\/de\/starcraft-2-3\/dreamhack-austin-2016-sc2\/\",\"name\":\"Starcraft 2 Dreamhack Austin 2016 | SC II\",\"isPartOf\":{\"@id\":\"https:\/\/www.esports-betting.pro\/de\/#website\"},\"primaryImageOfPage\":{\"@id\":\"https:\/\/www.esports-betting.pro\/de\/starcraft-2-3\/dreamhack-austin-2016-sc2\/#primaryimage\"},\"image\":{\"@id\":\"https:\/\/www.esports-betting.pro\/de\/starcraft-2-3\/dreamhack-austin-2016-sc2\/#primaryimage\"},\"thumbnailUrl\":\"https:\/\/www.esports-betting.pro\/app\/uploads\/sites\/2\/DreamHack-Open-2016-Starcraft-2-Tournament-Logo.png\",\"datePublished\":\"2016-05-05T13:20:31+00:00\",\"dateModified\":\"2016-05-05T13:20:31+00:00\",\"description\":\"Alles \u00fcber das Starcraft 2 Dreamhack Turniers in Austin, USA. Mehr \u00fcber das SC2 Turnier - Gruppen, Spieler, Spielplan, Wettquoten und Livestream.\",\"breadcrumb\":{\"@id\":\"https:\/\/www.esports-betting.pro\/de\/starcraft-2-3\/dreamhack-austin-2016-sc2\/#breadcrumb\"},\"inLanguage\":\"de-DE\",\"potentialAction\":[{\"@type\":\"ReadAction\",\"target\":[\"https:\/\/www.esports-betting.pro\/de\/starcraft-2-3\/dreamhack-austin-2016-sc2\/\"]}]},{\"@type\":\"ImageObject\",\"inLanguage\":\"de-DE\",\"@id\":\"https:\/\/www.esports-betting.pro\/de\/starcraft-2-3\/dreamhack-austin-2016-sc2\/#primaryimage\",\"url\":\"https:\/\/www.esports-betting.pro\/app\/uploads\/sites\/2\/DreamHack-Open-2016-Starcraft-2-Tournament-Logo.png\",\"contentUrl\":\"https:\/\/www.esports-betting.pro\/app\/uploads\/sites\/2\/DreamHack-Open-2016-Starcraft-2-Tournament-Logo.png\"},{\"@type\":\"BreadcrumbList\",\"@id\":\"https:\/\/www.esports-betting.pro\/de\/starcraft-2-3\/dreamhack-austin-2016-sc2\/#breadcrumb\",\"itemListElement\":[{\"@type\":\"ListItem\",\"position\":1,\"name\":\"Home\",\"item\":\"https:\/\/www.esports-betting.pro\/de\/\"},{\"@type\":\"ListItem\",\"position\":2,\"name\":\"Starcraft 2 &#8211; Wetten und Wettanbieter \u00dcbersicht f\u00fcr SC2 2018\/2019\",\"item\":\"https:\/\/www.esports-betting.pro\/de\/starcraft-2-3\/\"},{\"@type\":\"ListItem\",\"position\":3,\"name\":\"Dreamhack Austin 2016 | Starcraft 2 ( SCII)\"}]},{\"@type\":\"WebSite\",\"@id\":\"https:\/\/www.esports-betting.pro\/de\/#website\",\"url\":\"https:\/\/www.esports-betting.pro\/de\/\",\"name\":\"Esports Betting - DE\",\"description\":\"Just another Esports Betting Sites site\",\"potentialAction\":[{\"@type\":\"SearchAction\",\"target\":{\"@type\":\"EntryPoint\",\"urlTemplate\":\"https:\/\/www.esports-betting.pro\/de\/?s={search_term_string}\"},\"query-input\":\"required name=search_term_string\"}],\"inLanguage\":\"de-DE\"}]}<\/script>\n<!-- \/ Yoast SEO plugin. -->","yoast_head_json":{"title":"Starcraft 2 Dreamhack Austin 2016 | SC II","description":"Alles \u00fcber das Starcraft 2 Dreamhack Turniers in Austin, USA. Mehr \u00fcber das SC2 Turnier - Gruppen, Spieler, Spielplan, Wettquoten und Livestream.","robots":{"index":"index","follow":"follow","max-snippet":"max-snippet:-1","max-image-preview":"max-image-preview:large","max-video-preview":"max-video-preview:-1"},"canonical":"https:\/\/www.esports-betting.pro\/de\/starcraft-2-3\/dreamhack-austin-2016-sc2\/","og_locale":"de_DE","og_type":"article","og_title":"Starcraft 2 Dreamhack Austin 2016 | SC II","og_description":"Alles \u00fcber das Starcraft 2 Dreamhack Turniers in Austin, USA. Mehr \u00fcber das SC2 Turnier - Gruppen, Spieler, Spielplan, Wettquoten und Livestream.","og_url":"https:\/\/www.esports-betting.pro\/de\/starcraft-2-3\/dreamhack-austin-2016-sc2\/","og_site_name":"Esports Betting - DE","og_image":[{"url":"https:\/\/www.esports-betting.pro\/app\/uploads\/sites\/2\/DreamHack-Open-2016-Starcraft-2-Tournament-Logo.png"}],"twitter_card":"summary_large_image","twitter_misc":{"Est. reading time":"1 Minute"},"schema":{"@context":"https:\/\/schema.org","@graph":[{"@type":"WebPage","@id":"https:\/\/www.esports-betting.pro\/de\/starcraft-2-3\/dreamhack-austin-2016-sc2\/","url":"https:\/\/www.esports-betting.pro\/de\/starcraft-2-3\/dreamhack-austin-2016-sc2\/","name":"Starcraft 2 Dreamhack Austin 2016 | SC II","isPartOf":{"@id":"https:\/\/www.esports-betting.pro\/de\/#website"},"primaryImageOfPage":{"@id":"https:\/\/www.esports-betting.pro\/de\/starcraft-2-3\/dreamhack-austin-2016-sc2\/#primaryimage"},"image":{"@id":"https:\/\/www.esports-betting.pro\/de\/starcraft-2-3\/dreamhack-austin-2016-sc2\/#primaryimage"},"thumbnailUrl":"https:\/\/www.esports-betting.pro\/app\/uploads\/sites\/2\/DreamHack-Open-2016-Starcraft-2-Tournament-Logo.png","datePublished":"2016-05-05T13:20:31+00:00","dateModified":"2016-05-05T13:20:31+00:00","description":"Alles \u00fcber das Starcraft 2 Dreamhack Turniers in Austin, USA. Mehr \u00fcber das SC2 Turnier - Gruppen, Spieler, Spielplan, Wettquoten und Livestream.","breadcrumb":{"@id":"https:\/\/www.esports-betting.pro\/de\/starcraft-2-3\/dreamhack-austin-2016-sc2\/#breadcrumb"},"inLanguage":"de-DE","potentialAction":[{"@type":"ReadAction","target":["https:\/\/www.esports-betting.pro\/de\/starcraft-2-3\/dreamhack-austin-2016-sc2\/"]}]},{"@type":"ImageObject","inLanguage":"de-DE","@id":"https:\/\/www.esports-betting.pro\/de\/starcraft-2-3\/dreamhack-austin-2016-sc2\/#primaryimage","url":"https:\/\/www.esports-betting.pro\/app\/uploads\/sites\/2\/DreamHack-Open-2016-Starcraft-2-Tournament-Logo.png","contentUrl":"https:\/\/www.esports-betting.pro\/app\/uploads\/sites\/2\/DreamHack-Open-2016-Starcraft-2-Tournament-Logo.png"},{"@type":"BreadcrumbList","@id":"https:\/\/www.esports-betting.pro\/de\/starcraft-2-3\/dreamhack-austin-2016-sc2\/#breadcrumb","itemListElement":[{"@type":"ListItem","position":1,"name":"Home","item":"https:\/\/www.esports-betting.pro\/de\/"},{"@type":"ListItem","position":2,"name":"Starcraft 2 &#8211; Wetten und Wettanbieter \u00dcbersicht f\u00fcr SC2 2018\/2019","item":"https:\/\/www.esports-betting.pro\/de\/starcraft-2-3\/"},{"@type":"ListItem","position":3,"name":"Dreamhack Austin 2016 | Starcraft 2 ( SCII)"}]},{"@type":"WebSite","@id":"https:\/\/www.esports-betting.pro\/de\/#website","url":"https:\/\/www.esports-betting.pro\/de\/","name":"Esports Betting - DE","description":"Just another Esports Betting Sites site","potentialAction":[{"@type":"SearchAction","target":{"@type":"EntryPoint","urlTemplate":"https:\/\/www.esports-betting.pro\/de\/?s={search_term_string}"},"query-input":"required name=search_term_string"}],"inLanguage":"de-DE"}]}},"_links":{"self":[{"href":"https:\/\/www.esports-betting.pro\/de\/wp-json\/wp\/v2\/pages\/7285"}],"collection":[{"href":"https:\/\/www.esports-betting.pro\/de\/wp-json\/wp\/v2\/pages"}],"about":[{"href":"https:\/\/www.esports-betting.pro\/de\/wp-json\/wp\/v2\/types\/page"}],"author":[{"embeddable":true,"href":"https:\/\/www.esports-betting.pro\/de\/wp-json\/wp\/v2\/users\/24"}],"replies":[{"embeddable":true,"href":"https:\/\/www.esports-betting.pro\/de\/wp-json\/wp\/v2\/comments?post=7285"}],"version-history":[{"count":0,"href":"https:\/\/www.esports-betting.pro\/de\/wp-json\/wp\/v2\/pages\/7285\/revisions"}],"up":[{"embeddable":true,"href":"https:\/\/www.esports-betting.pro\/de\/wp-json\/wp\/v2\/pages\/90"}],"wp:attachment":[{"href":"https:\/\/www.esports-betting.pro\/de\/wp-json\/wp\/v2\/media?parent=7285"}],"curies":[{"name":"wp","href":"https:\/\/api.w.org\/{rel}","templated":true}]}}