{"id":7242,"date":"2016-07-03T14:23:49","date_gmt":"2016-07-03T14:23:49","guid":{"rendered":"https:\/\/www.esports-betting.pro\/de\/?page_id=7242"},"modified":"2016-07-03T14:23:49","modified_gmt":"2016-07-03T14:23:49","slug":"heroes-of-the-storm-hots","status":"publish","type":"page","link":"https:\/\/www.esports-betting.pro\/de\/heroes-of-the-storm-hots\/","title":{"rendered":"Heroes of the Storm (HotS) &#8211; Wetten und Wettanbieter in unserer \u00dcbersicht einfach \u00fcbersichtlicher"},"content":{"rendered":"<p class=\"Text\" style=\"text-align: justify\"><b><img loading=\"lazy\" decoding=\"async\" class=\"size-medium wp-image-7245 alignright\" src=\"https:\/\/www.esports-betting.pro\/app\/uploads\/sites\/2\/Heroes-of-the-Storm-Logo-300x108.png\" alt=\"Heroes of the Storm Logo\" width=\"300\" height=\"108\" \/><\/b><span lang=\"DE\">Mit Heroes of the Storm (kurz HotS) schuf Blizzard 2015 frischen Wind in das MOBA-Genre bringen und entwickelte kurzerhand ein abwechslungsreiches und actionorientiertes Fantasy-Game, welches sich aus den Universen ihrer hauseigenen Spiele, Warcraft, StarCraft und Diablo, bedient. Dabei dauerte es nicht lange, bis auch die ersten Buchmacher Heroes of the Storm (HotS) eSport Wetten auf den Markt fanden. F\u00fcr Neueinsteiger beschreiben wir das Spiel erstmal im Allgemeinen. Au\u00dferdem stellen wir euch unsere Top 3 Buchmacher f\u00fcr HotS eSport Wetten vor und nehmen Wettm\u00e4rkte unter die Lupe. Viel Spa\u00df beim Lesen unseres Reviews!<\/span><\/p>\n<p style=\"text-align: center\">\n<h2 class=\"Text\"><img loading=\"lazy\" decoding=\"async\" src=\"https:\/\/www.esports-betting.pro\/app\/uploads\/sites\/2\/Heroes-Of-The-Storm-Icon2.png\" alt=\"Heroes Of The Storm Icon \" width=\"20\" height=\"20\" \/>\u00a0Was ist Heroes of the Storm &#8211; auch HotS genannt<\/h2>\n<p style=\"text-align: justify\"><img loading=\"lazy\" decoding=\"async\" class=\"alignright wp-image-7651 size-medium\" src=\"https:\/\/www.esports-betting.pro\/app\/uploads\/sites\/2\/Heroes-of-the-Storm-Gameplay-300x181.jpg\" alt=\"Heroes of the Storm Gameplay Screenshot\" width=\"300\" height=\"181\" \/>Die \u00c4hnlichkeiten zu anderen gro\u00dfen Spielen aus dem Genre der MOBAs sind unweigerlich gegeben, dennoch besitzt auch Heroes of the Storm seine Daseinsberechtigung. Es gibt drei Lanes auf denen Vasallen und Helden versuchen Schritt um Schritt zur gDenn ein gro\u00dfer Unterschied zu League of Legends oder DotA 2, ist der Wegfall eines Shopsystems. Somit k\u00f6nnen im Spawnareal keine Ausr\u00fcstungsgegenst\u00e4nde oder Heiltr\u00e4nke erstanden werden. Einzig und allein auf F\u00e4higkeiten und Zusammenspiel ist die Action ausgelegt, und dies sp\u00fcrt man auch im Tempo des Spiels. Zus\u00e4tzlich werden die erhaltenen Erfahrungspunkte immer dem ganzen Team angerechnet. Je h\u00f6her im Level, desto mehr F\u00e4higkeiten werden freigeschaltet.<\/p>\n<p class=\"Text\"><span lang=\"DE\">HotS bedient sich an allerhand Schlachtfeldern, wobei jedes davon recht untypisch unterschiedliche Ereignisse bereith\u00e4lt. Somit gibt es neben der herk\u00f6mmlichen Vorangehensweise das Spiel zu gewinnen, immer eine M\u00f6glichkeit die Partie mit Hilfe der Ereignisse noch zu kippen.<\/span><\/p>\n<p><img loading=\"lazy\" decoding=\"async\" src=\"https:\/\/www.esports-betting.pro\/app\/uploads\/sites\/2\/Heroes-of-the-Storm-Gameplay2-300x181.jpg\" alt=\"Heroes of the Storm Gameplay Screenshot\" width=\"300\" height=\"181\" \/>\u00a0\u00a0<img loading=\"lazy\" decoding=\"async\" src=\"https:\/\/www.esports-betting.pro\/app\/uploads\/sites\/2\/Heroes-of-the-Storm-Gameplay3-300x181.jpg\" alt=\"Heroes of the Storm Gameplay Screenshot\" width=\"300\" height=\"181\" \/><\/p>\n<h2 class=\"Text\"><span lang=\"DE\"><img loading=\"lazy\" decoding=\"async\" src=\"https:\/\/www.esports-betting.pro\/app\/uploads\/sites\/2\/Heroes-Of-The-Storm-Icon2.png\" alt=\"Heroes Of The Storm Icon \" width=\"20\" height=\"20\" \/>\u00a0<\/span>Top 3 Wettanbieter f\u00fcr HotS eSport Wetten<\/h2>\n<p style=\"text-align: justify\">Im Folgenden wollen wir euch die Top 3 Buchmacher f\u00fcr Heroes of the Storm eSport Wetten vorstellen. Im Gro\u00dfen und Ganzen teilen sich die Buchmacher das Quotenniveau, aber vor Allem bei Turniersiegerwetten lohnt sich ein vergleichender Blick unter der Konkurrenz. Aber auch bei den Spezialwetten setzt, beispielsweise bet-at-home, eigene Akzente und hat durchaus seine Vorz\u00fcge gegen\u00fcber den anderen. <span lang=\"DE\"><a href=\"https:\/\/www.esports-betting.pro\/de\/\">Mehr \u00fcber eSport Wetten erf\u00e4hrst du hier.<\/a><\/span><\/p>\n<p>&nbsp;<\/p>\n<p style=\"clear: both;text-align: center\">\/p><\/p>\n<h2 class=\"Text\"><img loading=\"lazy\" decoding=\"async\" class=\"alignnone\" src=\"https:\/\/www.esports-betting.pro\/app\/uploads\/sites\/2\/Heroes-Of-The-Storm-Icon2.png\" alt=\"Heroes Of The Storm Icon \" width=\"20\" height=\"20\" \/>\u00a0Aktuelle HotSTurniere mit Wett-Info &#8211; das gro\u00dfe\u00a0Heroes of the Storm World Championships<\/h2>\n<p style=\"text-align: justify\">Einmal j\u00e4hrlich finden die gro\u00dfen Turniere f\u00fcr Blizzards actiongeladene Spiele statt. Auf der hauseigenen BlizzCon Messe findet das Heroes of the Storm World Championships statt, in dem die besten vier Region gegeneinander antreten. Die Weltmeisterschaft Edition 2018 gewann Gen.G. mit 1 Million Dollar Preisgeld.<\/p>\n<ul style=\"text-align: justify\">\n<li>West-Region: Wird vertreten von Teams aus Europa und Nordamerika.<\/li>\n<li>Ost-Region: Die Ost-Region setzt sich zusammen aus Teams aus China und S\u00fcdkorea.<\/li>\n<\/ul>\n<p style=\"text-align: justify\">Loben muss man aber auch die Einstellung der Veranstalter, alle Regionen der Welt am kompetetiven Charakter teilhaben zu lassen, in dem man auch f\u00fcr kleinere Region (Lateinamerika, CIS) ein Turnier organisiert hat. Dieses Minor-Turnier wird ebenfalls auf der BlizzCon ausgetragen und ist ebenfalls mit einem dezenten Preisgeld geschm\u00fcckt.<\/p>\n<p style=\"text-align: center\">\n<h2 class=\"Text\"><img loading=\"lazy\" decoding=\"async\" src=\"https:\/\/www.esports-betting.pro\/app\/uploads\/sites\/2\/Heroes-Of-The-Storm-Icon2.png\" alt=\"Heroes Of The Storm Icon \" width=\"20\" height=\"20\" \/>\u00a0Was f\u00fcr Wettm\u00e4rkte stehen zur Verf\u00fcgung<\/h2>\n<p class=\"Text\" style=\"text-align: justify\"><span lang=\"DE\">Um Buchmacher f\u00fcr etwaige Wetten zu finden, muss man schon etwas genauer hinsehen. Aber gerade um die Zeit der Hausmesse von Blizzard, der BlizzCon, auf welcher die sogenannten Heroes of the Storm World Championships abgehalten werden, schie\u00dfen die angebotenen Wetten dann doch in die H\u00f6he.<\/span><\/p>\n<p class=\"Text\" style=\"text-align: justify\"><span lang=\"DE\">Die Wettarten bleiben dem Standard recht treu. <\/span><\/p>\n<ul>\n<li class=\"Text\" style=\"text-align: justify\"><span lang=\"DE\">Sieger- und Verliererwetten: Wie auch auf den endg\u00fcltigen Turniersieger sind schon weit verbreitet und nichts Spezielles. Dennoch ist es bei HotS nie sicher, auf welches Team man sein Geld setzen darf, da die unterschiedlichen Maps immer f\u00fcr eine \u00dcberraschung gut sind. Kenner der Szene geben dennoch ihren Favoriten eine Stimme, welche sich seit dem Launch des Spiels 2015 immer weiter heraus kristallisieren. Anfangs haben nach US-Amerikanische Teams das Spiel dominiert, mittlerweile ist aber auch S\u00fcdkorea mit Gen.G. unter den Spitzenpl\u00e4tzen dabei.<\/span><\/li>\n<li>Region des Siegers Wette: Hier muss man lediglich die Region des Teams bestimmen, um die Wette zu gewinnen. Selbstverst\u00e4ndlich fallen die Wetten etwas kleiner aus, als die klassischen Siegwetten einspielen.<\/li>\n<li>Spezialwetten: Es gibt diverse Spezialwetten f\u00fcr Heroes of the Storm. Es kann auf die epischen Monster gesetzt werden oder auch das Erste Blutvergie\u00dfen.<\/li>\n<\/ul>\n<figure id=\"attachment_30010\" aria-describedby=\"caption-attachment-30010\" style=\"width: 800px\" class=\"wp-caption aligncenter\"><img loading=\"lazy\" decoding=\"async\" class=\"size-full wp-image-30010\" src=\"https:\/\/www.esports-betting.pro\/app\/uploads\/sites\/2\/Heroes-of-the-Storm-Logo-e1544393835766.jpg\" alt=\"Heroes of the Storm Logo\" width=\"800\" height=\"419\" \/><figcaption id=\"caption-attachment-30010\" class=\"wp-caption-text\">Heroes of the Storm &#8211; eins von Blizzards Meisterwerken (Credits: Blizzard Entertainment)<\/figcaption><\/figure>\n<h2 class=\"Text\"><img loading=\"lazy\" decoding=\"async\" src=\"https:\/\/www.esports-betting.pro\/app\/uploads\/sites\/2\/Heroes-Of-The-Storm-Icon2.png\" alt=\"Heroes Of The Storm Icon \" width=\"20\" height=\"20\" \/>\u00a0Unsere Wetttips f\u00fcr Heroes of the Storm eSport Wetten<\/h2>\n<p style=\"text-align: justify\">Mit unseren Wetttips kann f\u00fcr die erste Wette nichts schief gehen. Das Spiel geht 2019 nun auch schon in die 4. kompetetive eSport Saison und hat nach der gro\u00dfen \u00dcberarbeitung 2017 einen viel h\u00f6heren eSport Charakter bekommen. Von Spielekennern sozusagen HotS 2.0 brachte n\u00e4mlich erhebliche Kantengl\u00e4ttung in der Championauswahl. Wie f\u00fcr alle kompetetiven Spiele sollte n\u00e4mlich das Spielerk\u00f6nnen im Vordergrund stehen, als das manche Strategien einfach zu gro\u00dfe St\u00e4rken haben. Unsere 3 Wetttips lauten daher:<\/p>\n<ul>\n<li style=\"text-align: justify\">Analyse der Spieler und Teams: Wir m\u00fcssen zugeben, dass man schon weniger Informationen \u00fcber HotS findet, als andere Spiele. Trotzdem werden Statistiken auf einschl\u00e4gigen Plattformen (beispielsweise Liquipedia) akribisch gef\u00fchrt. Hier sollte man sich \u00fcber die letzten 5 Spiele des pers\u00f6nlichen Favoriten informieren.<\/li>\n<li style=\"text-align: justify\">Patch-Ver\u00e4nderung: Zwar k\u00f6nnen die Profispieler meist mehrere Champions spielen, trotzdem berufen sich die Profis meist auf einen Stamm-Pool. M\u00f6glicherweise ist der Lieblingschampion des Favoriten Teams aktuell schlechter als andere? Dies ist definitiv eine wichtige Information f\u00fcr den Spielausgang und sollte f\u00fcr die abgeschlossene Wette in Betracht gezogen werden.<\/li>\n<\/ul>\n<p style=\"text-align: center\">\n<h3 class=\"Text\"><span lang=\"DE\"><img loading=\"lazy\" decoding=\"async\" src=\"https:\/\/www.esports-betting.pro\/app\/uploads\/sites\/2\/Heroes-Of-The-Storm-Icon2.png\" alt=\"Heroes Of The Storm Icon \" width=\"20\" height=\"20\" \/>\u00a0<\/span>Heroes of the Storm Video-Trailer: Viel Kino im Spiel<\/h3>\n<p style=\"text-align: center\">\n<h2>Top 5 Buchmacher im Vergleich<\/h2>\n<div class=\"title-line\">\n<div class=\"fullWidth-line\" style=\"text-align: center\"><\/div>\n<\/div>\n<p style=\"text-align: center\">[comparison_table count=5 game_count=10]<\/p>\n","protected":false},"excerpt":{"rendered":"<p>Mit Heroes of the Storm (kurz HotS) schuf Blizzard 2015 frischen Wind in das MOBA-Genre bringen und entwickelte kurzerhand ein abwechslungsreiches und actionorientiertes Fantasy-Game, welches sich aus den Universen ihrer hauseigenen Spiele, Warcraft, StarCraft und Diablo, bedient. Dabei dauerte es nicht lange, bis auch die ersten Buchmacher Heroes of the Storm (HotS) eSport Wetten auf &hellip; <a href=\"https:\/\/www.esports-betting.pro\/de\/heroes-of-the-storm-hots\/\">Continued<\/a><\/p>\n","protected":false},"author":24,"featured_media":0,"parent":0,"menu_order":0,"comment_status":"closed","ping_status":"closed","template":"","meta":{"_acf_changed":false,"footnotes":""},"acf":[],"yoast_head":"<!-- This site is optimized with the Yoast SEO plugin v22.6 - https:\/\/yoast.com\/wordpress\/plugins\/seo\/ -->\n<title>Heroes of the Storm Wetten | Buchmacher und Wettanbieter<\/title>\n<meta name=\"description\" content=\"Erfahre mehr \u00fcber Heroes of the Storm (HotS) Echtgeld Wetten und bei welchem eSport Wettanbieter die besten HotS Wettenquoten angeboten werden.\" \/>\n<meta name=\"robots\" content=\"index, follow, max-snippet:-1, max-image-preview:large, max-video-preview:-1\" \/>\n<link rel=\"canonical\" href=\"https:\/\/www.esports-betting.pro\/de\/heroes-of-the-storm-hots\/\" \/>\n<meta property=\"og:locale\" content=\"de_DE\" \/>\n<meta property=\"og:type\" content=\"article\" \/>\n<meta property=\"og:title\" content=\"Heroes of the Storm Wetten | Buchmacher und Wettanbieter\" \/>\n<meta property=\"og:description\" content=\"Erfahre mehr \u00fcber Heroes of the Storm (HotS) Echtgeld Wetten und bei welchem eSport Wettanbieter die besten HotS Wettenquoten angeboten werden.\" \/>\n<meta property=\"og:url\" content=\"https:\/\/www.esports-betting.pro\/de\/heroes-of-the-storm-hots\/\" \/>\n<meta property=\"og:site_name\" content=\"Esports Betting - DE\" \/>\n<meta property=\"og:image\" content=\"https:\/\/www.esports-betting.pro\/app\/uploads\/sites\/2\/Heroes-of-the-Storm-Logo-300x108.png\" \/>\n<meta name=\"twitter:card\" content=\"summary_large_image\" \/>\n<meta name=\"twitter:label1\" content=\"Est. reading time\" \/>\n\t<meta name=\"twitter:data1\" content=\"4 Minuten\" \/>\n<script type=\"application\/ld+json\" class=\"yoast-schema-graph\">{\"@context\":\"https:\/\/schema.org\",\"@graph\":[{\"@type\":\"WebPage\",\"@id\":\"https:\/\/www.esports-betting.pro\/de\/heroes-of-the-storm-hots\/\",\"url\":\"https:\/\/www.esports-betting.pro\/de\/heroes-of-the-storm-hots\/\",\"name\":\"Heroes of the Storm Wetten | Buchmacher und Wettanbieter\",\"isPartOf\":{\"@id\":\"https:\/\/www.esports-betting.pro\/de\/#website\"},\"primaryImageOfPage\":{\"@id\":\"https:\/\/www.esports-betting.pro\/de\/heroes-of-the-storm-hots\/#primaryimage\"},\"image\":{\"@id\":\"https:\/\/www.esports-betting.pro\/de\/heroes-of-the-storm-hots\/#primaryimage\"},\"thumbnailUrl\":\"https:\/\/www.esports-betting.pro\/app\/uploads\/sites\/2\/Heroes-of-the-Storm-Logo-300x108.png\",\"datePublished\":\"2016-07-03T14:23:49+00:00\",\"dateModified\":\"2016-07-03T14:23:49+00:00\",\"description\":\"Erfahre mehr \u00fcber Heroes of the Storm (HotS) Echtgeld Wetten und bei welchem eSport Wettanbieter die besten HotS Wettenquoten angeboten werden.\",\"breadcrumb\":{\"@id\":\"https:\/\/www.esports-betting.pro\/de\/heroes-of-the-storm-hots\/#breadcrumb\"},\"inLanguage\":\"de-DE\",\"potentialAction\":[{\"@type\":\"ReadAction\",\"target\":[\"https:\/\/www.esports-betting.pro\/de\/heroes-of-the-storm-hots\/\"]}]},{\"@type\":\"ImageObject\",\"inLanguage\":\"de-DE\",\"@id\":\"https:\/\/www.esports-betting.pro\/de\/heroes-of-the-storm-hots\/#primaryimage\",\"url\":\"https:\/\/www.esports-betting.pro\/app\/uploads\/sites\/2\/Heroes-of-the-Storm-Logo-300x108.png\",\"contentUrl\":\"https:\/\/www.esports-betting.pro\/app\/uploads\/sites\/2\/Heroes-of-the-Storm-Logo-300x108.png\"},{\"@type\":\"BreadcrumbList\",\"@id\":\"https:\/\/www.esports-betting.pro\/de\/heroes-of-the-storm-hots\/#breadcrumb\",\"itemListElement\":[{\"@type\":\"ListItem\",\"position\":1,\"name\":\"Home\",\"item\":\"https:\/\/www.esports-betting.pro\/de\/\"},{\"@type\":\"ListItem\",\"position\":2,\"name\":\"Heroes of the Storm (HotS) &#8211; Wetten und Wettanbieter in unserer \u00dcbersicht einfach \u00fcbersichtlicher\"}]},{\"@type\":\"WebSite\",\"@id\":\"https:\/\/www.esports-betting.pro\/de\/#website\",\"url\":\"https:\/\/www.esports-betting.pro\/de\/\",\"name\":\"Esports Betting - DE\",\"description\":\"Just another Esports Betting Sites site\",\"potentialAction\":[{\"@type\":\"SearchAction\",\"target\":{\"@type\":\"EntryPoint\",\"urlTemplate\":\"https:\/\/www.esports-betting.pro\/de\/?s={search_term_string}\"},\"query-input\":\"required name=search_term_string\"}],\"inLanguage\":\"de-DE\"}]}<\/script>\n<!-- \/ Yoast SEO plugin. -->","yoast_head_json":{"title":"Heroes of the Storm Wetten | Buchmacher und Wettanbieter","description":"Erfahre mehr \u00fcber Heroes of the Storm (HotS) Echtgeld Wetten und bei welchem eSport Wettanbieter die besten HotS Wettenquoten angeboten werden.","robots":{"index":"index","follow":"follow","max-snippet":"max-snippet:-1","max-image-preview":"max-image-preview:large","max-video-preview":"max-video-preview:-1"},"canonical":"https:\/\/www.esports-betting.pro\/de\/heroes-of-the-storm-hots\/","og_locale":"de_DE","og_type":"article","og_title":"Heroes of the Storm Wetten | Buchmacher und Wettanbieter","og_description":"Erfahre mehr \u00fcber Heroes of the Storm (HotS) Echtgeld Wetten und bei welchem eSport Wettanbieter die besten HotS Wettenquoten angeboten werden.","og_url":"https:\/\/www.esports-betting.pro\/de\/heroes-of-the-storm-hots\/","og_site_name":"Esports Betting - DE","og_image":[{"url":"https:\/\/www.esports-betting.pro\/app\/uploads\/sites\/2\/Heroes-of-the-Storm-Logo-300x108.png"}],"twitter_card":"summary_large_image","twitter_misc":{"Est. reading time":"4 Minuten"},"schema":{"@context":"https:\/\/schema.org","@graph":[{"@type":"WebPage","@id":"https:\/\/www.esports-betting.pro\/de\/heroes-of-the-storm-hots\/","url":"https:\/\/www.esports-betting.pro\/de\/heroes-of-the-storm-hots\/","name":"Heroes of the Storm Wetten | Buchmacher und Wettanbieter","isPartOf":{"@id":"https:\/\/www.esports-betting.pro\/de\/#website"},"primaryImageOfPage":{"@id":"https:\/\/www.esports-betting.pro\/de\/heroes-of-the-storm-hots\/#primaryimage"},"image":{"@id":"https:\/\/www.esports-betting.pro\/de\/heroes-of-the-storm-hots\/#primaryimage"},"thumbnailUrl":"https:\/\/www.esports-betting.pro\/app\/uploads\/sites\/2\/Heroes-of-the-Storm-Logo-300x108.png","datePublished":"2016-07-03T14:23:49+00:00","dateModified":"2016-07-03T14:23:49+00:00","description":"Erfahre mehr \u00fcber Heroes of the Storm (HotS) Echtgeld Wetten und bei welchem eSport Wettanbieter die besten HotS Wettenquoten angeboten werden.","breadcrumb":{"@id":"https:\/\/www.esports-betting.pro\/de\/heroes-of-the-storm-hots\/#breadcrumb"},"inLanguage":"de-DE","potentialAction":[{"@type":"ReadAction","target":["https:\/\/www.esports-betting.pro\/de\/heroes-of-the-storm-hots\/"]}]},{"@type":"ImageObject","inLanguage":"de-DE","@id":"https:\/\/www.esports-betting.pro\/de\/heroes-of-the-storm-hots\/#primaryimage","url":"https:\/\/www.esports-betting.pro\/app\/uploads\/sites\/2\/Heroes-of-the-Storm-Logo-300x108.png","contentUrl":"https:\/\/www.esports-betting.pro\/app\/uploads\/sites\/2\/Heroes-of-the-Storm-Logo-300x108.png"},{"@type":"BreadcrumbList","@id":"https:\/\/www.esports-betting.pro\/de\/heroes-of-the-storm-hots\/#breadcrumb","itemListElement":[{"@type":"ListItem","position":1,"name":"Home","item":"https:\/\/www.esports-betting.pro\/de\/"},{"@type":"ListItem","position":2,"name":"Heroes of the Storm (HotS) &#8211; Wetten und Wettanbieter in unserer \u00dcbersicht einfach \u00fcbersichtlicher"}]},{"@type":"WebSite","@id":"https:\/\/www.esports-betting.pro\/de\/#website","url":"https:\/\/www.esports-betting.pro\/de\/","name":"Esports Betting - DE","description":"Just another Esports Betting Sites site","potentialAction":[{"@type":"SearchAction","target":{"@type":"EntryPoint","urlTemplate":"https:\/\/www.esports-betting.pro\/de\/?s={search_term_string}"},"query-input":"required name=search_term_string"}],"inLanguage":"de-DE"}]}},"_links":{"self":[{"href":"https:\/\/www.esports-betting.pro\/de\/wp-json\/wp\/v2\/pages\/7242"}],"collection":[{"href":"https:\/\/www.esports-betting.pro\/de\/wp-json\/wp\/v2\/pages"}],"about":[{"href":"https:\/\/www.esports-betting.pro\/de\/wp-json\/wp\/v2\/types\/page"}],"author":[{"embeddable":true,"href":"https:\/\/www.esports-betting.pro\/de\/wp-json\/wp\/v2\/users\/24"}],"replies":[{"embeddable":true,"href":"https:\/\/www.esports-betting.pro\/de\/wp-json\/wp\/v2\/comments?post=7242"}],"version-history":[{"count":0,"href":"https:\/\/www.esports-betting.pro\/de\/wp-json\/wp\/v2\/pages\/7242\/revisions"}],"wp:attachment":[{"href":"https:\/\/www.esports-betting.pro\/de\/wp-json\/wp\/v2\/media?parent=7242"}],"curies":[{"name":"wp","href":"https:\/\/api.w.org\/{rel}","templated":true}]}}