{"id":7208,"date":"2016-05-20T13:54:53","date_gmt":"2016-05-20T13:54:53","guid":{"rendered":"https:\/\/www.esports-betting.pro\/de\/?page_id=7208"},"modified":"2024-02-21T07:50:18","modified_gmt":"2024-02-21T07:50:18","slug":"smite","status":"publish","type":"page","link":"https:\/\/www.esports-betting.pro\/de\/smite\/","title":{"rendered":"SMITE &#8211; Wetten und Wettanbieter \u00dcbersicht"},"content":{"rendered":"<p style=\"text-align: justify;\"><img loading=\"lazy\" decoding=\"async\" class=\"size-full wp-image-7773 alignright\" src=\"https:\/\/www.esports-betting.pro\/app\/uploads\/sites\/2\/Smite-Game-Logo.jpg\" alt=\"Smite Logo\" width=\"250\" height=\"77\" \/>Im Fr\u00fchling 2014 gewann die eSports-Szene mit SMITE einen neuen Mitstreiter im allzeit beliebten MOBA-Genre. Mit flottem Gameplay, einer Third-Person-Perspektive und jeder Menge neuer Charaktere in Form verschiedener Gottheiten, gemixt mit traditionellen Multiplayer-Werten, mischt das Spiel immer noch unter den Besten des Genres mit. Das soll nat\u00fcrlich auch bei den Wetten nicht anders sein. Um euch einen allgemeinen \u00dcberblick zu verschaffen, gehen wir in diesem Artikel auf verf\u00fcgbare Wettanbieter und die unterschiedlichen Wettarten ein.<\/p>\n<h2 style=\"text-align: justify;\">Wettanbieter f\u00fcr SMITE\u00a0Turniere und Ligen<\/h2>\n<p style=\"text-align: justify;\">Folgende Buchmacher bieten Quoten und Wetten f\u00fcr eSports Ligen und Turniere von Smite an:<\/p>\n<p style=\"text-align: justify; clear: both;\">&gt;&gt;&gt;\u00a0<a href=\"https:\/\/www.esports-betting.pro\/de\/buchmacher-wettanbieter\/\">alle eSport Wettanbieter in der \u00dcbersicht<\/a><\/p>\n<h3>SMITE allgemein<\/h3>\n<p style=\"text-align: justify;\"><img loading=\"lazy\" decoding=\"async\" class=\"alignright wp-image-7777 size-medium\" src=\"https:\/\/www.esports-betting.pro\/app\/uploads\/sites\/2\/Smite-Gameplay3-300x196.jpg\" alt=\"Smite Gameplay Screenshot\" width=\"300\" height=\"196\" \/>Im Prinzip k\u00f6nnte einem das Konzept etwas bekannt vorkommen. Lanes, Minions und verschiedene Rollentypen mag man schon aus den bekannten Vorreitern DotA und auch League of Legends kennen, jedoch sollten gerade die gravierendsten Unterschiede den Erfolg ausmachen. Das von Hi-Rez Studios entwickelte MOBA (Multiplayer Online Battle Arena) erf\u00e4hrt sehr gute Kritiken und \u00fcberzeugt Spieler auf der ganzen Welt.<\/p>\n<p style=\"text-align: justify;\">Als Auswahl stehen bis zu 75 Gottheiten, unter anderem aus der chinesischen und griechischen Mythologie. Neben einigen Multiplayer-Optionen darf sich der Einsteiger ebenso \u00fcber einen Trainings-Modus freuen, um schnell ins Geschehen springen zu k\u00f6nnen.<\/p>\n<p><img loading=\"lazy\" decoding=\"async\" src=\"https:\/\/www.esports-betting.pro\/app\/uploads\/sites\/2\/Smite-Gameplay2.jpg\" alt=\"Smite Gameplay 2 Screenshot\" width=\"300\" height=\"196\" \/>\u00a0<img loading=\"lazy\" decoding=\"async\" src=\"https:\/\/www.esports-betting.pro\/app\/uploads\/sites\/2\/Smite-Gameplay1-300x196.jpg\" alt=\"Smite Gameplay 3 Screenshot\" width=\"300\" height=\"196\" \/><\/p>\n<h2>Buchmacher und Wettangebote<\/h2>\n<p style=\"text-align: justify;\">Neues gibt es ebenso im Hinblick auf <a href=\"https:\/\/www.esports-betting.pro\/de\/buchmacher-wettanbieter\/\">eSport-Wettanbieter<\/a> und deren Angebot bez\u00fcglich SMITE und der stetig wachsenden Anh\u00e4ngerschaft zu berichten. Seit 2015 werden Turniere f\u00fcr das MOBA von Hi-Rez Studios angeboten und da lassen Wettanbieter, wie Betway und Pinnacle nicht lange auf sich warten.<\/p>\n<p style=\"text-align: justify;\">Das Angebot weist die \u00fcbliche Sieger- bzw. Verlierer-Wette auf. Hier bleiben die Wettquoten allerdings etwas niedriger, da es keine Unentschieden geben kann und somit meist ein Team den Favoriten spielen darf. Bei Matches zwischen Topteams schie\u00dfen die Quoten dann doch auf solide 1.80, der oft gegebenen Ausgeglichenheit der Spieler geschuldet. Dazu gesellt sich eine Wette auf das Siegerteam des kompletten Turniers. Spannung und h\u00f6heres Risiko sind hier garantiert, wie auch h\u00f6here Quoten, gerade zu Beginn des Turniers, da noch mehrere Teams nach der Krone trachten.<\/p>\n<p style=\"text-align: justify;\">Schlie\u00dflich werden von den Wettanbietern oft noch Spezialwetten angeboten. Meist darf man hier darauf setzen, aus welchem Land das endg\u00fcltige Siegerteam kommen wird. Viele eingefleischte Beobachter und eSports-Fans stehen nicht selten vor der Frage, welches Team aus demselben Herkunftsland das Rennen machen wird. Hierf\u00fcr springt die Spezialwette ein, mit Quoten im niedrigeren Bereich, jedoch mit h\u00f6herer Siegeschance.\u00a0<a href=\"https:\/\/www.esports-betting.pro\/de\/\">Erfahre mehr \u00fcber eSport Wetten<\/a>.<\/p>\n<h3>Die gr\u00f6\u00dften SMITE\u00a0Turniere<\/h3>\n<p style=\"text-align: justify;\"><img loading=\"lazy\" decoding=\"async\" class=\"size-full wp-image-7774 alignright\" src=\"https:\/\/www.esports-betting.pro\/app\/uploads\/sites\/2\/Smite-World-Championship-Logo.jpg\" alt=\"Smite World Championship Logo\" width=\"200\" height=\"174\" \/>Im Januar 2015 wurde das erste offizielle Turnier der Entwickler Hi-Rez Studios angek\u00fcndigt, die SMITE World Championships. Damals hatte es das drittgr\u00f6\u00dfte Preisgeld aller Zeiten, noch vor League of Legends und ist bis dato das gr\u00f6\u00dfte SMITE-Event. Das Siegerteam 2015 kommt aus den USA, 2016 durfte Belgien sich \u00fcber ein Preisgeld von 500.000 Dollar freuen.<\/p>\n<p style=\"text-align: justify;\">Die Zukunft f\u00fcr SMITE scheint also schon ganz gut gesichert zu sein, vor allem auch wegen der gro\u00dfen Nachfrage und dem zus\u00e4tzlichen Angebot anderer Turnierveranstaltungen. Somit steht einer risikoreichen Wette und einem spannenden Wettstreit nichts mehr im Wege.<\/p>\n<p style=\"text-align: justify;\"><strong>Mehr Spiele f\u00fcr <a href=\"https:\/\/www.esports-betting.pro\/de\/\">Esports Wetten<\/a>:<\/strong><\/p>\n<p style=\"text-align: left;\"><a title=\"League of Legends Wetten\" href=\"https:\/\/www.esports-betting.pro\/de\/lol\/\"> <img decoding=\"async\" style=\"margin-bottom: 5px;\" src=\"https:\/\/www.esports-betting.pro\/app\/uploads\/sites\/2\/League-of-Legends-Icon.jpg\" alt=\"League of Legends (LoL)\" \/><\/a>\u00a0\u00a0<a title=\"Dota 2 Wetten\" href=\"https:\/\/www.esports-betting.pro\/de\/dota2\/\"> <img decoding=\"async\" style=\"margin-bottom: 5px;\" src=\"https:\/\/www.esports-betting.pro\/app\/uploads\/sites\/2\/Dota-2-Icon.jpg\" alt=\"Dota 2\" \/><\/a>\u00a0\u00a0<a title=\"CS:GO Wetten\" href=\"https:\/\/www.esports-betting.pro\/de\/csgo\/\"> <img decoding=\"async\" style=\"margin-bottom: 5px;\" src=\"https:\/\/www.esports-betting.pro\/app\/uploads\/sites\/2\/CSGO-Icon.jpg\" alt=\"CSGO\" \/><\/a>\u00a0\u00a0<a title=\"Starcraft 2 Wetten\" href=\"https:\/\/www.esports-betting.pro\/de\/starcraft-2\/\"> <img decoding=\"async\" style=\"margin-bottom: 5px;\" src=\"https:\/\/www.esports-betting.pro\/app\/uploads\/sites\/2\/Starcraft-2-Icon.jpg\" alt=\"Starcraft 2\" \/><\/a>\u00a0\u00a0<a title=\"Hearthstone Wetten\" href=\"https:\/\/www.esports-betting.pro\/de\/hearthstone-heroes-of-warcraft\/\"> <img decoding=\"async\" style=\"margin-bottom: 5px;\" src=\"https:\/\/www.esports-betting.pro\/app\/uploads\/sites\/2\/Hearthstone-Icon.jpg\" alt=\"Hearthstone\" \/><\/a>\u00a0\u00a0<a title=\"Heroes of the Storm (Hots) Wetten\" href=\"https:\/\/www.esports-betting.pro\/de\/heroes-of-the-storm-hots\/\"> <img decoding=\"async\" style=\"margin-bottom: 5px;\" src=\"https:\/\/www.esports-betting.pro\/app\/uploads\/sites\/2\/Heroes-Of-The-Storm-Icon.jpg\" alt=\"Heroes of the Storm\" \/><\/a>\u00a0 <a title=\"Overwatch Wetten\" href=\"https:\/\/www.esports-betting.pro\/de\/overwatch\/\">\u00a0<img decoding=\"async\" style=\"margin-bottom: 5px;\" src=\"https:\/\/www.esports-betting.pro\/app\/uploads\/sites\/2\/Overwatch-Icon.jpg\" alt=\"Overwatch\" \/><\/a>\u00a0\u00a0<a title=\"EA Fifa Wetten\" href=\"https:\/\/www.esports-betting.pro\/de\/fifa\/\"> <img decoding=\"async\" style=\"margin-bottom: 5px;\" src=\"https:\/\/www.esports-betting.pro\/app\/uploads\/sites\/2\/FIFA-17-Icon.jpg\" alt=\"EA Fifa Soccer\" \/><\/a>\u00a0\u00a0<a title=\"Call of Duty (CoD) Wetten\" href=\"https:\/\/www.esports-betting.pro\/de\/call-of-duty\/\"> <img decoding=\"async\" style=\"margin-bottom: 5px;\" src=\"https:\/\/www.esports-betting.pro\/app\/uploads\/sites\/2\/Call-of-Duty-Icon.jpg\" alt=\"Call of Duty (CoD)\" \/>\u00a0<\/a>\u00a0\u00a0<a title=\"Vainglory Wetten\" href=\"https:\/\/www.esports-betting.pro\/de\/vainglory\/\"><img decoding=\"async\" style=\"margin-bottom: 5px;\" src=\"https:\/\/www.esports-betting.pro\/app\/uploads\/sites\/2\/vainglory-icon.jpg\" alt=\"Vainglory\" \/>\u00a0<\/a>\u00a0\u00a0<a title=\"World of Tanks Wetten\" href=\"https:\/\/www.esports-betting.pro\/de\/world-of-tanks-wot\/\"><img decoding=\"async\" style=\"margin-bottom: 5px;\" src=\"https:\/\/www.esports-betting.pro\/app\/uploads\/sites\/2\/world-of-tanks-icon.jpg\" alt=\"World of Tanks\" \/>\u00a0<\/a> <a title=\"Halo 5 Wetten\" href=\"https:\/\/www.esports-betting.pro\/de\/halo\/\">\u00a0\u00a0<img decoding=\"async\" style=\"margin-bottom: 5px;\" src=\"https:\/\/www.esports-betting.pro\/app\/uploads\/sites\/2\/halo-5-icon-1.jpg\" alt=\"Halo 5\" \/>\u00a0<\/a>\u00a0\u00a0<a title=\"King of Glory Wetten\" href=\"https:\/\/www.esports-betting.pro\/de\/king-of-glory\/\"><img decoding=\"async\" style=\"margin-bottom: 5px;\" src=\"https:\/\/www.esports-betting.pro\/app\/uploads\/sites\/2\/king-of-glory-icon.jpg\" alt=\"King of Glory\" \/>\u00a0<\/a>\u00a0\u00a0<a title=\"PUBG Wetten\" href=\"https:\/\/www.esports-betting.pro\/de\/pubg\/\"><img decoding=\"async\" style=\"margin-bottom: 5px;\" src=\"https:\/\/www.esports-betting.pro\/app\/uploads\/sites\/2\/playerunknownsbattlegrounds-icon.jpg\" alt=\"PUBG\" \/>\u00a0<\/a>\u00a0\u00a0<a title=\"Rocket League Wetten\" href=\"https:\/\/www.esports-betting.pro\/de\/rocket-league\/\"><img decoding=\"async\" style=\"margin-bottom: 5px;\" src=\"https:\/\/www.esports-betting.pro\/app\/uploads\/sites\/2\/rocket-league-icon.jpg\" alt=\"Rocket League\" \/>\u00a0<\/a>\u00a0\u00a0<a title=\"Street Fighter 5 Wetten\" href=\"https:\/\/www.esports-betting.pro\/de\/sfv-street-fighter\/\"><img decoding=\"async\" style=\"margin-bottom: 5px;\" src=\"https:\/\/www.esports-betting.pro\/app\/uploads\/sites\/2\/street-fighter-5-icon.jpg\" alt=\"Street Fighter 5\" \/>\u00a0<\/a> <a title=\"Rainbow Six Siege\" href=\"https:\/\/www.esports-betting.pro\/de\/rainbow-six-siege\/\"> <img decoding=\"async\" style=\"margin-bottom: 5px;\" src=\"https:\/\/www.esports-betting.pro\/app\/uploads\/sites\/2\/rainbow-six-siege-icon.jpg\" alt=\"Rainbow Six Siege\" \/><\/a><\/p>\n","protected":false},"excerpt":{"rendered":"<p>Im Fr\u00fchling 2014 gewann die eSports-Szene mit SMITE einen neuen Mitstreiter im allzeit beliebten MOBA-Genre. Mit flottem Gameplay, einer Third-Person-Perspektive und jeder Menge neuer Charaktere in Form verschiedener Gottheiten, gemixt mit traditionellen Multiplayer-Werten, mischt das Spiel immer noch unter den Besten des Genres mit. Das soll nat\u00fcrlich auch bei den Wetten nicht anders sein. Um &hellip; <a href=\"https:\/\/www.esports-betting.pro\/de\/smite\/\">Continued<\/a><\/p>\n","protected":false},"author":24,"featured_media":0,"parent":0,"menu_order":0,"comment_status":"closed","ping_status":"closed","template":"","meta":{"_acf_changed":false,"footnotes":""},"acf":[],"yoast_head":"<!-- This site is optimized with the Yoast SEO plugin v22.6 - https:\/\/yoast.com\/wordpress\/plugins\/seo\/ -->\n<title>SMITE - Wetten, Quoten und Wettanbieter Infos \u00dcbersicht<\/title>\n<meta name=\"description\" content=\"Erfahre mehr \u00fcber Echtgeld Wetten auf SMITE Turniere und bei welchem eSport Buchmacher die besten Quoten f\u00fcr Smite Wetten angeboten werden.\" \/>\n<meta name=\"robots\" content=\"index, follow, max-snippet:-1, max-image-preview:large, max-video-preview:-1\" \/>\n<link rel=\"canonical\" href=\"https:\/\/www.esports-betting.pro\/de\/smite\/\" \/>\n<meta property=\"og:locale\" content=\"de_DE\" \/>\n<meta property=\"og:type\" content=\"article\" \/>\n<meta property=\"og:title\" content=\"SMITE - Wetten, Quoten und Wettanbieter Infos \u00dcbersicht\" \/>\n<meta property=\"og:description\" content=\"Erfahre mehr \u00fcber Echtgeld Wetten auf SMITE Turniere und bei welchem eSport Buchmacher die besten Quoten f\u00fcr Smite Wetten angeboten werden.\" \/>\n<meta property=\"og:url\" content=\"https:\/\/www.esports-betting.pro\/de\/smite\/\" \/>\n<meta property=\"og:site_name\" content=\"Esports Betting - DE\" \/>\n<meta property=\"article:modified_time\" content=\"2024-02-21T07:50:18+00:00\" \/>\n<meta property=\"og:image\" content=\"https:\/\/www.esports-betting.pro\/app\/uploads\/sites\/2\/Smite-Game-Logo.jpg\" \/>\n<meta name=\"twitter:card\" content=\"summary_large_image\" \/>\n<meta name=\"twitter:label1\" content=\"Est. reading time\" \/>\n\t<meta name=\"twitter:data1\" content=\"8 Minuten\" \/>\n<script type=\"application\/ld+json\" class=\"yoast-schema-graph\">{\"@context\":\"https:\/\/schema.org\",\"@graph\":[{\"@type\":\"WebPage\",\"@id\":\"https:\/\/www.esports-betting.pro\/de\/smite\/\",\"url\":\"https:\/\/www.esports-betting.pro\/de\/smite\/\",\"name\":\"SMITE - Wetten, Quoten und Wettanbieter Infos \u00dcbersicht\",\"isPartOf\":{\"@id\":\"https:\/\/www.esports-betting.pro\/de\/#website\"},\"primaryImageOfPage\":{\"@id\":\"https:\/\/www.esports-betting.pro\/de\/smite\/#primaryimage\"},\"image\":{\"@id\":\"https:\/\/www.esports-betting.pro\/de\/smite\/#primaryimage\"},\"thumbnailUrl\":\"https:\/\/www.esports-betting.pro\/app\/uploads\/sites\/2\/Smite-Game-Logo.jpg\",\"datePublished\":\"2016-05-20T13:54:53+00:00\",\"dateModified\":\"2024-02-21T07:50:18+00:00\",\"description\":\"Erfahre mehr \u00fcber Echtgeld Wetten auf SMITE Turniere und bei welchem eSport Buchmacher die besten Quoten f\u00fcr Smite Wetten angeboten werden.\",\"breadcrumb\":{\"@id\":\"https:\/\/www.esports-betting.pro\/de\/smite\/#breadcrumb\"},\"inLanguage\":\"de-DE\",\"potentialAction\":[{\"@type\":\"ReadAction\",\"target\":[\"https:\/\/www.esports-betting.pro\/de\/smite\/\"]}]},{\"@type\":\"ImageObject\",\"inLanguage\":\"de-DE\",\"@id\":\"https:\/\/www.esports-betting.pro\/de\/smite\/#primaryimage\",\"url\":\"https:\/\/www.esports-betting.pro\/app\/uploads\/sites\/2\/Smite-Game-Logo.jpg\",\"contentUrl\":\"https:\/\/www.esports-betting.pro\/app\/uploads\/sites\/2\/Smite-Game-Logo.jpg\"},{\"@type\":\"BreadcrumbList\",\"@id\":\"https:\/\/www.esports-betting.pro\/de\/smite\/#breadcrumb\",\"itemListElement\":[{\"@type\":\"ListItem\",\"position\":1,\"name\":\"Home\",\"item\":\"https:\/\/www.esports-betting.pro\/de\/\"},{\"@type\":\"ListItem\",\"position\":2,\"name\":\"SMITE &#8211; Wetten und Wettanbieter \u00dcbersicht\"}]},{\"@type\":\"WebSite\",\"@id\":\"https:\/\/www.esports-betting.pro\/de\/#website\",\"url\":\"https:\/\/www.esports-betting.pro\/de\/\",\"name\":\"Esports Betting - DE\",\"description\":\"Just another Esports Betting Sites site\",\"potentialAction\":[{\"@type\":\"SearchAction\",\"target\":{\"@type\":\"EntryPoint\",\"urlTemplate\":\"https:\/\/www.esports-betting.pro\/de\/?s={search_term_string}\"},\"query-input\":\"required name=search_term_string\"}],\"inLanguage\":\"de-DE\"}]}<\/script>\n<!-- \/ Yoast SEO plugin. -->","yoast_head_json":{"title":"SMITE - Wetten, Quoten und Wettanbieter Infos \u00dcbersicht","description":"Erfahre mehr \u00fcber Echtgeld Wetten auf SMITE Turniere und bei welchem eSport Buchmacher die besten Quoten f\u00fcr Smite Wetten angeboten werden.","robots":{"index":"index","follow":"follow","max-snippet":"max-snippet:-1","max-image-preview":"max-image-preview:large","max-video-preview":"max-video-preview:-1"},"canonical":"https:\/\/www.esports-betting.pro\/de\/smite\/","og_locale":"de_DE","og_type":"article","og_title":"SMITE - Wetten, Quoten und Wettanbieter Infos \u00dcbersicht","og_description":"Erfahre mehr \u00fcber Echtgeld Wetten auf SMITE Turniere und bei welchem eSport Buchmacher die besten Quoten f\u00fcr Smite Wetten angeboten werden.","og_url":"https:\/\/www.esports-betting.pro\/de\/smite\/","og_site_name":"Esports Betting - DE","article_modified_time":"2024-02-21T07:50:18+00:00","og_image":[{"url":"https:\/\/www.esports-betting.pro\/app\/uploads\/sites\/2\/Smite-Game-Logo.jpg"}],"twitter_card":"summary_large_image","twitter_misc":{"Est. reading time":"8 Minuten"},"schema":{"@context":"https:\/\/schema.org","@graph":[{"@type":"WebPage","@id":"https:\/\/www.esports-betting.pro\/de\/smite\/","url":"https:\/\/www.esports-betting.pro\/de\/smite\/","name":"SMITE - Wetten, Quoten und Wettanbieter Infos \u00dcbersicht","isPartOf":{"@id":"https:\/\/www.esports-betting.pro\/de\/#website"},"primaryImageOfPage":{"@id":"https:\/\/www.esports-betting.pro\/de\/smite\/#primaryimage"},"image":{"@id":"https:\/\/www.esports-betting.pro\/de\/smite\/#primaryimage"},"thumbnailUrl":"https:\/\/www.esports-betting.pro\/app\/uploads\/sites\/2\/Smite-Game-Logo.jpg","datePublished":"2016-05-20T13:54:53+00:00","dateModified":"2024-02-21T07:50:18+00:00","description":"Erfahre mehr \u00fcber Echtgeld Wetten auf SMITE Turniere und bei welchem eSport Buchmacher die besten Quoten f\u00fcr Smite Wetten angeboten werden.","breadcrumb":{"@id":"https:\/\/www.esports-betting.pro\/de\/smite\/#breadcrumb"},"inLanguage":"de-DE","potentialAction":[{"@type":"ReadAction","target":["https:\/\/www.esports-betting.pro\/de\/smite\/"]}]},{"@type":"ImageObject","inLanguage":"de-DE","@id":"https:\/\/www.esports-betting.pro\/de\/smite\/#primaryimage","url":"https:\/\/www.esports-betting.pro\/app\/uploads\/sites\/2\/Smite-Game-Logo.jpg","contentUrl":"https:\/\/www.esports-betting.pro\/app\/uploads\/sites\/2\/Smite-Game-Logo.jpg"},{"@type":"BreadcrumbList","@id":"https:\/\/www.esports-betting.pro\/de\/smite\/#breadcrumb","itemListElement":[{"@type":"ListItem","position":1,"name":"Home","item":"https:\/\/www.esports-betting.pro\/de\/"},{"@type":"ListItem","position":2,"name":"SMITE &#8211; Wetten und Wettanbieter \u00dcbersicht"}]},{"@type":"WebSite","@id":"https:\/\/www.esports-betting.pro\/de\/#website","url":"https:\/\/www.esports-betting.pro\/de\/","name":"Esports Betting - DE","description":"Just another Esports Betting Sites site","potentialAction":[{"@type":"SearchAction","target":{"@type":"EntryPoint","urlTemplate":"https:\/\/www.esports-betting.pro\/de\/?s={search_term_string}"},"query-input":"required name=search_term_string"}],"inLanguage":"de-DE"}]}},"_links":{"self":[{"href":"https:\/\/www.esports-betting.pro\/de\/wp-json\/wp\/v2\/pages\/7208"}],"collection":[{"href":"https:\/\/www.esports-betting.pro\/de\/wp-json\/wp\/v2\/pages"}],"about":[{"href":"https:\/\/www.esports-betting.pro\/de\/wp-json\/wp\/v2\/types\/page"}],"author":[{"embeddable":true,"href":"https:\/\/www.esports-betting.pro\/de\/wp-json\/wp\/v2\/users\/24"}],"replies":[{"embeddable":true,"href":"https:\/\/www.esports-betting.pro\/de\/wp-json\/wp\/v2\/comments?post=7208"}],"version-history":[{"count":1,"href":"https:\/\/www.esports-betting.pro\/de\/wp-json\/wp\/v2\/pages\/7208\/revisions"}],"predecessor-version":[{"id":52813,"href":"https:\/\/www.esports-betting.pro\/de\/wp-json\/wp\/v2\/pages\/7208\/revisions\/52813"}],"wp:attachment":[{"href":"https:\/\/www.esports-betting.pro\/de\/wp-json\/wp\/v2\/media?parent=7208"}],"curies":[{"name":"wp","href":"https:\/\/api.w.org\/{rel}","templated":true}]}}