{"id":6,"date":"2013-02-17T23:32:20","date_gmt":"2013-02-17T23:32:20","guid":{"rendered":"https:\/\/www.esports-betting.pro\/de\/?page_id=6"},"modified":"2022-09-02T08:31:08","modified_gmt":"2022-09-02T08:31:08","slug":"esport-wetten","status":"publish","type":"page","link":"https:\/\/www.esports-betting.pro\/de\/","title":{"rendered":"Esportsbetting.pro"},"content":{"rendered":"<p style=\"text-align: justify\">Wir von <b>esportsbetting.pro <\/b>haben es uns zur Aufgabe gemacht, jeden Tag unser Bestes zu geben, um euch \u00fcber besondere und au\u00dfergew\u00f6hnliche eSport Wetten zu informieren und beratend zur Seite zu stehen, wenn ihr Interesse an einem Online eSport Wetterlebnis habt. Wir\u00a0stellen euch alle gro\u00dfen Turniere vor &#8211; kurz, knapp und informativ. Zus\u00e4tzlich versorgen wir euch auch mit Wettquoten-Analysen und Prognosen zu den Turnieren im eSport-Universum. Unsere langj\u00e4hrigen Erfahrungen mit Buchmachern und unser Know-how zum Thema eSport-Wetten haben wir f\u00fcr euch in einem <a href=\"https:\/\/www.esports-betting.pro\/de\/buchmacher-wettanbieter\/\">Wettanbieter-Review<\/a> zusammengefasst.<br \/>\nIm folgenden informieren wir kurz \u00fcber die wichtigsten Basics zum Thema Wetten f\u00fcr alle Interessierten und Neueinsteiger:<\/p>\n<ul>\n<li style=\"text-align: justify\">Welche Buchmacher empfehlen wir?<\/li>\n<li>Wie bestimmt die Quote meinen Gewinn?<\/li>\n<li style=\"text-align: justify\">Welche Vorz\u00fcge bringt eine eSport-Wette?<\/li>\n<li>Wetten auf LoL & CS:GO?<\/li>\n<\/ul>\n<h3>Welche Buchmacher empfehlen wir?<\/h3>\n<p style=\"text-align: justify\">Der noch relativ junge Markt der Online-Wetten f\u00fcr eSport hat mittlerweile seine seri\u00f6sen &#8220;Global-Player&#8221; gefunden, die sich untereinander den Markt aufteilen. Die wichtigsten im deutschsprachigen Raum sind\u00a0<a href=\"https:\/\/www.esports-betting.pro\/de\/bookmakers\/betway\/\">Betway<\/a> und\u00a0<a href=\"https:\/\/www.esports-betting.pro\/de\/bookmakers\/bet-at-home\/\">Bet-at-home<\/a>.\u00a0 Trotzdem gehen wir aufgrund der aktuellen Dynamik stark davon aus, dass in der Branche in n\u00e4chster Zeit viel passieren wird und wir bald einige neue Buchmacher im eSport Wetten Segment begr\u00fc\u00dfen d\u00fcrfen. Kennzeichnend f\u00fcr alle seri\u00f6sen Buchmacher bleibt die langj\u00e4hrige Erfahrung mit Sportwetten im Allgemeinen, die die Buchmacher auf die eSport Wetten \u00fcbertragen haben.<\/p>\n<h2 style=\"clear: both\">F\u00fcr welche Titel werden eSport Wetten angeboten?<\/h2>\n<p style=\"text-align: justify\">Aktuell konzentrieren sich die Buchmacher auf vier gro\u00dfe Spiele-Titel. Selbstverst\u00e4ndlich sind\u00a0<a href=\"https:\/\/www.esports-betting.pro\/de\/lol\/\">League of Legends<\/a>, <a href=\"https:\/\/www.esports-betting.pro\/de\/csgo\/\">Counter-Strike (CS:GO)<\/a>, <a href=\"https:\/\/www.esports-betting.pro\/de\/dota2\/\">Dota 2<\/a> und auch <a href=\"https:\/\/www.esports-betting.pro\/de\/starcraft-2\/\">Starcraft 2<\/a>\u00a0mit in der Partie. Dar\u00fcber hinaus gibt es bei den gro\u00dfen eSport Anbietern auch Wetten auf andere Games, wie etwa Hearthstone,\u00a0<a href=\"https:\/\/www.esports-betting.pro\/de\/heroes-of-the-storm-hots\/\">Heroes of the Storm (HOTS)<\/a>, <a href=\"https:\/\/www.esports-betting.pro\/de\/call-of-duty\/\">Call of Duty (CoD)<\/a>, <a href=\"https:\/\/www.esports-betting.pro\/de\/overwatch\/\">Overwatch<\/a>, <a href=\"https:\/\/www.esports-betting.pro\/de\/fifa\/\">FIFA Soccer<\/a>, <a href=\"https:\/\/www.esports-betting.pro\/de\/world-of-tanks-wot\/\">World of Tanks<\/a>\u00a0und <a href=\"https:\/\/www.esports-betting.pro\/de\/pubg\/\">PlayerUnknown's Battlegrounds (PUBG)<\/a>.<\/p>\n<h2>ESports Wetten &#8211; Fragen & Antworten<\/h2>\n<p>Hier m\u00f6chten wir euch Antworten auf die am h\u00e4ufigsten gestellten Fragen geben. Ist eure Frage nicht darunter, kontaktiert uns bitte direkt. Wir helfen gern weiter.<\/p>\n<h3>Was ist eSport, bzw. eine eSport Wette?<\/h3>\n<p style=\"text-align: justify\">Im Allgemeinen kann jedes Videospiel mit kompetitiven Charakter als eSport bezeichnet werden. Die bekanntesten Spiele mit internationaler B\u00fchne schafften es daher auch, dass Interesse von Buchmachern auf sich zu ziehen. ESport-Wetten ist ein relativ neuer Term f\u00fcr Online-Wetten, die sich vor nicht allzu langer Zeit etabliert haben. In den letzten Jahren kam dann der gro\u00dfe Aufschwung, der vor allem auf die vielen neuen eSports Franchise-Anbieter zur\u00fcckzuf\u00fchren ist. Mit ihnen explodierte die Anzahl der Turniere und auch die der Zuschauerzahlen.<\/p>\n<h3>Was sind Vorz\u00fcge und Besonderheiten der eSport Wetten?<\/h3>\n<ul>\n<li style=\"text-align: justify\">Die Besonderheit bei eSport ist, dass die Wettquoten von diversen Experten noch immer manuell eingesch\u00e4tzt und festgelegt werden. Jeder Buchmacher beruft sich auf seine eigenen Experten, dadurch ergeben sich oft hohe Quotenunterschiede zwischen den Anbietern. Diese Besonderheit kann man sich zu Nutze machen und immer f\u00fcr die &#8220;beste Quote&#8221; setzen.<\/li>\n<li>Wir sprechen im eSport auch nicht von &#8220;Gl\u00fcck&#8221;. Ein Team gewinnt meist verdient aufgrund seiner Erfahrung und herausragenden Leistung ein Turnier und nicht etwa aufgrund einer Fehlentscheidung vom Schiedsrichter oder \u00e4hnlichem. Selbstverst\u00e4ndlich gewinnt auch mal ein Au\u00dfenseiter gegen einen Favoriten, aber auch daf\u00fcr sind mehr oder weniger objektive Ursachen zu finden.<\/li>\n<li>Was w\u00e4re ein Wetterlebnis ohne hautnah am Geschehen teilnehmen zu k\u00f6nnen.\u00a0Kein Sport der Welt kann auf so vielen Plattformen, in so hoher Qualit\u00e4t \u00fcbertragen werden. Exemplarisch sind hier Youtube und Twitch zu nennen.<\/li>\n<\/ul>\n<h3>Wie setze ich eine eSport Wette?<\/h3>\n<p style=\"text-align: justify\">Die Registrierungs- und Anmeldeverfahren der Wettanbieter unterscheiden sich nicht sehr voneinander. In nur wenigen Minuten kann man sich ohne Probleme anmelden und seine ersten Wetten planen. Manche Anbieter locken auch mit Boni f\u00fcr die ersten Wetten. Weil sich die Quoten der Wettanbieter teils immens unterscheiden, empfehlen wir euch, eine Registrierung bei mehreren Anbietern in Erw\u00e4gung zu ziehen. Viel Erfolg bei der ersten Wette!<\/p>\n<h3>Was k\u00f6nnte ich am Ende gewinnen?<\/h3>\n<p style=\"text-align: justify\">Ein Zahlenspiel: Nehmen wir die LCS und unsere Wette zielt auf das Match Cloud 9 vs. TSM. Von uns oder dem Wettanbieter erfahrt ihr, dass die Quote 1.35 auf den Sieg f\u00fcr Cloud 9 steht.\u00a0 Wir setzen 10 \u20ac auf den Sieg von Cloud 9 gegen TSM. Im Falle eines Sieges f\u00fcr Cloud 9 wird jetzt euer Einsatz mit dem Faktor 1,35\u00a0 (Quote) multipliziert.<\/p>\n<p>10 \u20ac (Einsatz) x 1.35 (Quote) = 13.50 \u20ac (Gewinn)<\/p>\n<p style=\"text-align: justify\">Kombiniert man Wetten erh\u00f6ht sich die Gewinnsumme erheblich, da der Einsatz auf jede der Quoten berechnet wird.<\/p>\n<p style=\"text-align: justify\">Einsatz x Quote 1 x Quote 2 x &#8230; = Gewinn<\/p>\n<p style=\"text-align: justify\">Auch hier wieder ein Zahlenbeispiel: Ihr setzt 10 \u20ac auf Cloud 9 vs. TSM und kombiniert die Wette mit einer anderen Disziplin, z.B. auf den Gesamtsieg von G2 in <a href=\"https:\/\/www.esports-betting.pro\/de\/news\/iem-katowice-2018-wettquoten\/\">IEM Katowice 2018,<\/a>\u00a0der mit einer Quote von 2,9 dotiert ist. Wenn beide Wetten eintreten, gewinnt ihr folgendes:<\/p>\n<p style=\"text-align: justify\">10 \u20ac (Einsatz) x 1.35 (Quote 1) x 2.90 (Quote 2) = 39.15 \u20ac (Gewinn)<\/p>\n<h3>ESport Wetten auf League of Legends?<\/h3>\n<p style=\"text-align: justify\">League of Legends z\u00e4hlt mit \u00fcber 60 Millionen Spieler zu den gr\u00f6\u00dften Spielen aller Zeiten. Auch das eSport-System von RIOT Games z\u00e4hlt zu den best-etablierten im ganzen Genre.<br \/>\nJedes Jahr findet eine gro\u00dfe Anzahl wichtiger Turniere statt. Jeden Fr\u00fchling und Sommer finden die beiden Liga Phasen der\u00a0<a href=\"https:\/\/www.esports-betting.pro\/de\/lol\/league-of-legends-championship-lcs\/\">LCS 2018 (Season 8)<\/a>\u00a0statt, mit dem Spring &#8211; und Summersplit. Dem nicht genug finden j\u00e4hrlich zwei internationale Gro\u00dfevents statt: Die <a href=\"https:\/\/www.esports-betting.pro\/de\/lol\/worlds-2018-leagueoflegends-weltmeisterschaft\/\">LoL Weltmeisterschaft (Worlds 2018)<\/a> und das <a href=\"https:\/\/www.esports-betting.pro\/de\/lol\/msi-2018-mid-season-invitational\/\">Mid-Season-Invitational (MSI 2018)<\/a>.<br \/>\nF\u00fcr LoL bieten die Buchmacher im Allgemeinen folgende Wettm\u00e4rkte an:<\/p>\n<ul>\n<li style=\"text-align: justify\">Der Match Sieger (zwischen zwei Teams)<\/li>\n<li style=\"text-align: justify\">Der Gesamtsieger\/Turniersieger<\/li>\n<li style=\"text-align: justify\">Spezialwetten (First Nashor, First Pentakill, First Blood)<\/li>\n<\/ul>\n<h3>ESport Wetten auf Counter Strike: Global Offensive?<\/h3>\n<p style=\"text-align: justify\"><a href=\"https:\/\/www.esports-betting.pro\/de\/csgo\/\">CS:GO<\/a>\u00a0ist einer der bekanntesten Spiele. In CS:GO spielen Terroristen und Counter-Terroristen runden-basiert gegeneinander. Das Spiel hat eine gesch\u00e4tzte Fangemeinde von nur 6 Millionen aktiven Spielern, daf\u00fcr &#8220;brennen&#8221; diese aber f\u00fcr ihr Spiel. Au\u00dferdem gibt es keinen anderen eSport-Titel, der mit einer so hohen Turnierdichte auff\u00e4hrt. Das bekannteste Counter-Strike Turnier ist das Intel Extreme Masters. Letztes Jahr fand die 2017er Ausgabe mit 300.000 US Dollar dotiertem Preisgeld in Oakland statt.<\/p>\n<p style=\"text-align: justify\">F\u00fcr CS:GO bieten die Buchmacher im Allgemeinen folgende Wettm\u00e4rkte an:<\/p>\n<ul>\n<li>Gesamtsieger einer Begegnung (zwischen zwei Teams)<\/li>\n<li>Kartensiege<\/li>\n<li>Gruppensieger in gro\u00dfen Turnieren<\/li>\n<li>Handicap-Wetten<\/li>\n<\/ul>\n<h3>Sind eSport Wetten legal?<\/h3>\n<p style=\"text-align: justify\">Ja, eSport-Wetten sind legal! Die digitalen Wetten unterscheiden sich nicht von anderen Sportwetten. Der deutschsprachige Raum ist seit Jahren der liberalste Markt weltweit, der sich jetzt auch in den USA etabliert hat. Die Legalisierung und Liberalisierung des Wett-Marktes hat der Branche endlich ein seri\u00f6ses Image gegeben. F\u00fcr l\u00e4nderspezifische Besonderheiten halten die Buchmacher viele n\u00fctzliche L\u00e4nder- und IP-bezogene Informationen bereit. Wie bereits erw\u00e4hnt, arbeiten wir nur mit seri\u00f6sen Wettanbietern zusammen, die wir euch mit gutem Gewissen empfehlen k\u00f6nnen.<\/p>\n<h3>Gibt es Bonus-Wetten oder Promotions f\u00fcr eSports?<\/h3>\n<p style=\"text-align: justify\">Ja, es gibt einige Buchmacher, die uns immer wieder Boni auf ihre Wetten anbieten, wie z.B. Bet-at-Home und Betway, die teilweise bis zu 150% Gutschrift auf den ersten Wetteinsatz offerieren. Aber beachtet: Es gilt immer die aktuelle Festsetzung des Buchmachers. Auch hierf\u00fcr haben wir f\u00fcr euch eine kleine \u00dcbersicht mit den besten eSports Bonus-Wett-Anbietern.<\/p>\n","protected":false},"excerpt":{"rendered":"<p>Wir von esportsbetting.pro haben es uns zur Aufgabe gemacht, jeden Tag unser Bestes zu geben, um euch \u00fcber besondere und au\u00dfergew\u00f6hnliche eSport Wetten zu informieren und beratend zur Seite zu stehen, wenn ihr Interesse an einem Online eSport Wetterlebnis habt. Wir\u00a0stellen euch alle gro\u00dfen Turniere vor &#8211; kurz, knapp und informativ. Zus\u00e4tzlich versorgen wir euch &hellip; <a href=\"https:\/\/www.esports-betting.pro\/de\/\">Continued<\/a><\/p>\n","protected":false},"author":1,"featured_media":33291,"parent":0,"menu_order":0,"comment_status":"closed","ping_status":"closed","template":"template-home.blade.php","meta":{"_acf_changed":false,"footnotes":""},"acf":[],"yoast_head":"<!-- This site is optimized with the Yoast SEO plugin v22.6 - https:\/\/yoast.com\/wordpress\/plugins\/seo\/ -->\n<title>Esport Wetten | Das Infoportal f\u00fcr Wetten auf eSports<\/title>\n<meta name=\"description\" content=\"Updates und Quoten f\u00fcr Wetten auf Esport wie League of Legends, Dota 2, CS:GO und Starcraft. News und Infos \u00fcber eSports Ligen und Wettanbieter.\" \/>\n<meta name=\"robots\" content=\"index, follow, max-snippet:-1, max-image-preview:large, max-video-preview:-1\" \/>\n<link rel=\"canonical\" href=\"https:\/\/www.esports-betting.pro\/de\/\" \/>\n<meta property=\"og:locale\" content=\"de_DE\" \/>\n<meta property=\"og:type\" content=\"article\" \/>\n<meta property=\"og:title\" content=\"Esport Wetten | Das Infoportal f\u00fcr Wetten auf eSports\" \/>\n<meta property=\"og:description\" content=\"Updates und Quoten f\u00fcr Wetten auf Esport wie League of Legends, Dota 2, CS:GO und Starcraft. News und Infos \u00fcber eSports Ligen und Wettanbieter.\" \/>\n<meta property=\"og:url\" content=\"https:\/\/www.esports-betting.pro\/de\/\" \/>\n<meta property=\"og:site_name\" content=\"Esports Betting - DE\" \/>\n<meta property=\"article:modified_time\" content=\"2022-09-02T08:31:08+00:00\" \/>\n<meta property=\"og:image\" content=\"https:\/\/www.esports-betting.pro\/app\/uploads\/sites\/2\/2022\/06\/BanerHOMEpage-1.png\" \/>\n\t<meta property=\"og:image:width\" content=\"2161\" \/>\n\t<meta property=\"og:image:height\" content=\"612\" \/>\n\t<meta property=\"og:image:type\" content=\"image\/png\" \/>\n<meta name=\"twitter:card\" content=\"summary_large_image\" \/>\n<meta name=\"twitter:label1\" content=\"Est. reading time\" \/>\n\t<meta name=\"twitter:data1\" content=\"7 Minuten\" \/>\n<script type=\"application\/ld+json\" class=\"yoast-schema-graph\">{\"@context\":\"https:\/\/schema.org\",\"@graph\":[{\"@type\":\"WebPage\",\"@id\":\"https:\/\/www.esports-betting.pro\/de\/\",\"url\":\"https:\/\/www.esports-betting.pro\/de\/\",\"name\":\"Esport Wetten | Das Infoportal f\u00fcr Wetten auf eSports\",\"isPartOf\":{\"@id\":\"https:\/\/www.esports-betting.pro\/de\/#website\"},\"primaryImageOfPage\":{\"@id\":\"https:\/\/www.esports-betting.pro\/de\/#primaryimage\"},\"image\":{\"@id\":\"https:\/\/www.esports-betting.pro\/de\/#primaryimage\"},\"thumbnailUrl\":\"https:\/\/www.esports-betting.pro\/app\/uploads\/sites\/2\/2022\/06\/BanerHOMEpage-1.png\",\"datePublished\":\"2013-02-17T23:32:20+00:00\",\"dateModified\":\"2022-09-02T08:31:08+00:00\",\"description\":\"Updates und Quoten f\u00fcr Wetten auf Esport wie League of Legends, Dota 2, CS:GO und Starcraft. News und Infos \u00fcber eSports Ligen und Wettanbieter.\",\"breadcrumb\":{\"@id\":\"https:\/\/www.esports-betting.pro\/de\/#breadcrumb\"},\"inLanguage\":\"de-DE\",\"potentialAction\":[{\"@type\":\"ReadAction\",\"target\":[\"https:\/\/www.esports-betting.pro\/de\/\"]}]},{\"@type\":\"ImageObject\",\"inLanguage\":\"de-DE\",\"@id\":\"https:\/\/www.esports-betting.pro\/de\/#primaryimage\",\"url\":\"https:\/\/www.esports-betting.pro\/app\/uploads\/sites\/2\/2022\/06\/BanerHOMEpage-1.png\",\"contentUrl\":\"https:\/\/www.esports-betting.pro\/app\/uploads\/sites\/2\/2022\/06\/BanerHOMEpage-1.png\",\"width\":2161,\"height\":612},{\"@type\":\"BreadcrumbList\",\"@id\":\"https:\/\/www.esports-betting.pro\/de\/#breadcrumb\",\"itemListElement\":[{\"@type\":\"ListItem\",\"position\":1,\"name\":\"Home\",\"item\":\"https:\/\/www.esports-betting.pro\/de\/\"},{\"@type\":\"ListItem\",\"position\":2,\"name\":\"Esportsbetting.pro\"}]},{\"@type\":\"WebSite\",\"@id\":\"https:\/\/www.esports-betting.pro\/de\/#website\",\"url\":\"https:\/\/www.esports-betting.pro\/de\/\",\"name\":\"Esports Betting - DE\",\"description\":\"Just another Esports Betting Sites site\",\"potentialAction\":[{\"@type\":\"SearchAction\",\"target\":{\"@type\":\"EntryPoint\",\"urlTemplate\":\"https:\/\/www.esports-betting.pro\/de\/?s={search_term_string}\"},\"query-input\":\"required name=search_term_string\"}],\"inLanguage\":\"de-DE\"}]}<\/script>\n<!-- \/ Yoast SEO plugin. -->","yoast_head_json":{"title":"Esport Wetten | Das Infoportal f\u00fcr Wetten auf eSports","description":"Updates und Quoten f\u00fcr Wetten auf Esport wie League of Legends, Dota 2, CS:GO und Starcraft. News und Infos \u00fcber eSports Ligen und Wettanbieter.","robots":{"index":"index","follow":"follow","max-snippet":"max-snippet:-1","max-image-preview":"max-image-preview:large","max-video-preview":"max-video-preview:-1"},"canonical":"https:\/\/www.esports-betting.pro\/de\/","og_locale":"de_DE","og_type":"article","og_title":"Esport Wetten | Das Infoportal f\u00fcr Wetten auf eSports","og_description":"Updates und Quoten f\u00fcr Wetten auf Esport wie League of Legends, Dota 2, CS:GO und Starcraft. News und Infos \u00fcber eSports Ligen und Wettanbieter.","og_url":"https:\/\/www.esports-betting.pro\/de\/","og_site_name":"Esports Betting - DE","article_modified_time":"2022-09-02T08:31:08+00:00","og_image":[{"width":2161,"height":612,"url":"https:\/\/www.esports-betting.pro\/app\/uploads\/sites\/2\/2022\/06\/BanerHOMEpage-1.png","type":"image\/png"}],"twitter_card":"summary_large_image","twitter_misc":{"Est. reading time":"7 Minuten"},"schema":{"@context":"https:\/\/schema.org","@graph":[{"@type":"WebPage","@id":"https:\/\/www.esports-betting.pro\/de\/","url":"https:\/\/www.esports-betting.pro\/de\/","name":"Esport Wetten | Das Infoportal f\u00fcr Wetten auf eSports","isPartOf":{"@id":"https:\/\/www.esports-betting.pro\/de\/#website"},"primaryImageOfPage":{"@id":"https:\/\/www.esports-betting.pro\/de\/#primaryimage"},"image":{"@id":"https:\/\/www.esports-betting.pro\/de\/#primaryimage"},"thumbnailUrl":"https:\/\/www.esports-betting.pro\/app\/uploads\/sites\/2\/2022\/06\/BanerHOMEpage-1.png","datePublished":"2013-02-17T23:32:20+00:00","dateModified":"2022-09-02T08:31:08+00:00","description":"Updates und Quoten f\u00fcr Wetten auf Esport wie League of Legends, Dota 2, CS:GO und Starcraft. News und Infos \u00fcber eSports Ligen und Wettanbieter.","breadcrumb":{"@id":"https:\/\/www.esports-betting.pro\/de\/#breadcrumb"},"inLanguage":"de-DE","potentialAction":[{"@type":"ReadAction","target":["https:\/\/www.esports-betting.pro\/de\/"]}]},{"@type":"ImageObject","inLanguage":"de-DE","@id":"https:\/\/www.esports-betting.pro\/de\/#primaryimage","url":"https:\/\/www.esports-betting.pro\/app\/uploads\/sites\/2\/2022\/06\/BanerHOMEpage-1.png","contentUrl":"https:\/\/www.esports-betting.pro\/app\/uploads\/sites\/2\/2022\/06\/BanerHOMEpage-1.png","width":2161,"height":612},{"@type":"BreadcrumbList","@id":"https:\/\/www.esports-betting.pro\/de\/#breadcrumb","itemListElement":[{"@type":"ListItem","position":1,"name":"Home","item":"https:\/\/www.esports-betting.pro\/de\/"},{"@type":"ListItem","position":2,"name":"Esportsbetting.pro"}]},{"@type":"WebSite","@id":"https:\/\/www.esports-betting.pro\/de\/#website","url":"https:\/\/www.esports-betting.pro\/de\/","name":"Esports Betting - DE","description":"Just another Esports Betting Sites site","potentialAction":[{"@type":"SearchAction","target":{"@type":"EntryPoint","urlTemplate":"https:\/\/www.esports-betting.pro\/de\/?s={search_term_string}"},"query-input":"required name=search_term_string"}],"inLanguage":"de-DE"}]}},"_links":{"self":[{"href":"https:\/\/www.esports-betting.pro\/de\/wp-json\/wp\/v2\/pages\/6"}],"collection":[{"href":"https:\/\/www.esports-betting.pro\/de\/wp-json\/wp\/v2\/pages"}],"about":[{"href":"https:\/\/www.esports-betting.pro\/de\/wp-json\/wp\/v2\/types\/page"}],"author":[{"embeddable":true,"href":"https:\/\/www.esports-betting.pro\/de\/wp-json\/wp\/v2\/users\/1"}],"replies":[{"embeddable":true,"href":"https:\/\/www.esports-betting.pro\/de\/wp-json\/wp\/v2\/comments?post=6"}],"version-history":[{"count":28,"href":"https:\/\/www.esports-betting.pro\/de\/wp-json\/wp\/v2\/pages\/6\/revisions"}],"predecessor-version":[{"id":52388,"href":"https:\/\/www.esports-betting.pro\/de\/wp-json\/wp\/v2\/pages\/6\/revisions\/52388"}],"wp:featuredmedia":[{"embeddable":true,"href":"https:\/\/www.esports-betting.pro\/de\/wp-json\/wp\/v2\/media\/33291"}],"wp:attachment":[{"href":"https:\/\/www.esports-betting.pro\/de\/wp-json\/wp\/v2\/media?parent=6"}],"curies":[{"name":"wp","href":"https:\/\/api.w.org\/{rel}","templated":true}]}}