{"id":5168,"date":"2015-12-07T19:42:00","date_gmt":"2015-12-07T19:42:00","guid":{"rendered":"https:\/\/www.esports-betting.pro\/de\/?page_id=5168"},"modified":"2024-02-22T10:26:07","modified_gmt":"2024-02-22T10:26:07","slug":"esl-esea-pro-league-season2-finals","status":"publish","type":"page","link":"https:\/\/www.esports-betting.pro\/de\/csgo\/esl-esea-pro-league-season2-finals\/","title":{"rendered":"ESL ESEA Pro League Season 2 Finals | CS:GO"},"content":{"rendered":"<p style=\"text-align: justify;\"><img loading=\"lazy\" decoding=\"async\" class=\"alignright size-full wp-image-5178\" src=\"https:\/\/www.esports-betting.pro\/app\/uploads\/sites\/2\/ESL-ESEA-Pro-League-Season-2-csgo.jpg\" alt=\"ESL ESEA Pro League Season 2 CS:GO\" width=\"220\" height=\"94\" \/>Die <strong>ESL ESEA Pro League Season 2<\/strong> neigt sich dem Ende zu. H\u00f6hepunkt ist das Finale in <strong>Burbank, Kalifornien<\/strong>. Nach einer atemberaubenden Saison treten die 8 besten Teams aus Nordamerika und Europa um ein Gesamtpreisgeld von <strong>250.000 US-Dollar<\/strong> gegeneinander an. Das offline Turnier startet am 10. Dezember und l\u00e4uft vier Tage, bis schlie\u00dflich das gro\u00dfe Finale am 13. Dezember ausgetragen wird. Es ist unheimlich schwierig hier von einem gro\u00dfen Favoriten zu sprechen. Skillgaps zwischen den Teams sind kaum mehr vorhanden und die relativ frischen Clans aus Nordamerika stehen den Veteranen aus Europa in Nichts nach. Die zweite Laufzeit der ESL ESEA Pro League k\u00f6nnte nicht spannender sein. In den <strong>ESL studios in LA<\/strong> wird sich entscheiden, wer mit individueller St\u00e4rke und mentaler Stabilit\u00e4t als Sieger hervorgeht.<\/p>\n<h2>ESL ESEA Pro League Season 2 Finals | Fakten:<\/h2>\n<div style=\"float: right; width: 180px; height: 210px; text-align: center;\"><strong>Navigation<\/strong><br \/>\n<img loading=\"lazy\" decoding=\"async\" class=\"size-full wp-image-831 alignright\" src=\"https:\/\/www.esports-betting.pro\/app\/uploads\/sites\/2\/button-wettquoten.png\" alt=\"Button mit Link zu Wettquoten\" width=\"171\" height=\"46\" \/><br \/>\n<a href=\"#ESLlivestream\"><img loading=\"lazy\" decoding=\"async\" class=\"alignright wp-image-831 size-full\" src=\"https:\/\/www.esports-betting.pro\/app\/uploads\/sites\/2\/Button-Live-Stream-LoL-WM.png\" alt=\"Button mit Link zum Livestream des Counter Strike Turnier bei der IEM San Jose 2015\" width=\"171\" height=\"46\" \/><\/a><\/div>\n<ul>\n<li><strong>Datum:<\/strong> 10.12 \u2013 13.12.2015<\/li>\n<li><strong>Spielbeginn: <\/strong>n\/a<\/li>\n<li><strong>Ort:<\/strong> ESL studios, Burbank, Kalifornien, U.S.A.<\/li>\n<li><strong>Gesamtpreisgeld:<\/strong> 250.000 US-Dollar<\/li>\n<li><strong>8 Teams<\/strong><\/li>\n<li><strong>Format:<\/strong><br \/>\n<em><strong>\u00a0 * Gruppenphase<\/strong><\/em> (2 Gruppen mit je 4 Teams) &#8211; Bo3 &#8211; double elimination;<br \/>\n<em><strong>\u00a0 * Playoffs<\/strong><\/em> \u2013 Bo3 \u2013 single elimination<br \/>\n<em><strong>\u00a0 * Finale<\/strong><\/em> \u2013 Bo5<\/li>\n<li><strong>Preisgeld Aufteilung:<br \/>\n<\/strong>1. Platz \u2013 100.000$<br \/>\n2. Platz \u2013 60.000$<br \/>\n3\/4. Platz \u2013 25.000$<br \/>\n5\/6. Platz \u2013 12.500$<br \/>\n7\/8. Platz \u2013 7.500$<\/li>\n<\/ul>\n<div><em><strong>Anmerkung Winter Update 08.12.2015:<\/strong><\/em><\/div>\n<div style=\"text-align: justify;\">Mit dem WinterUpdate wurden einige gravierende \u00c4nderungen vorgenommen. Diese h\u00e4tten enorme Auswirkungen auf das Turnier.\u00a0Allen voran die Implementierung einer neuen Waffe, dem R8 Revolver. Weiters wurden \u00c4nderungen bez\u00fcglich des Sprayverhaltens von AK47, M4A4, und M4A1-S vorgenommen und die meisten der Pistolen haben eine h\u00f6here Ungenauigkeit in der Bewegung.<\/div>\n<div style=\"text-align: justify;\">Es wurde jodoch entschieden, nachdem alle Spieler kontaktiert wurden, das Turnier mit dem vorherigen Patch zu spielen!<\/div>\n<h3>Teams & Spieler der Finals:<\/h3>\n<p style=\"text-align: justify;\">Die acht teilnehmenden Teams haben sich durch ihre Leistung in den neun Wochen der aktuellen Saison qualifiziert. Die ersten vier jeder Liga (Europa, Nordamerika) wurden ins Finale geladen.<\/p>\n<p><strong>Europ\u00e4ische Teams: <\/strong>Team Questionmark, fnatic, Natus Vincere, Team EnVyUs<br \/>\n<strong>Amerikanische Teams: <\/strong>Team Liquid, Luminosity Gaming, Conquest, Counter Logic Gaming<\/p>\n<h3>Spieler:<\/h3>\n<p><strong>TQM<\/strong>: device, dupreeh, karrigan, Xyp9x, cajunb<br \/>\n<strong>fnatic<\/strong>: flusha, JW, KRiMZ, olofmeister, dennis<br \/>\n<strong>NaVi<\/strong>: Edward, Zeus, GuardiaN, flamie, seized<br \/>\n<strong>nV<\/strong>: kioShiMa, Happy, NBK, apEX, kennyS<br \/>\n<strong>Liquid<\/strong>: adreN, EliGE, nitr0, FugLy, Hiko<br \/>\n<strong>LG<\/strong>: FalleN, fer, coldzera, fnx, TACO<br \/>\n<strong>conquest<\/strong>: ShaZaM, NAF, daps, RUSH, Stanislaw<br \/>\n<strong>CLG<\/strong>: hazed, Cutler, tarik, jdm64, FNS<\/p>\n<h3>Turnierablauf:<\/h3>\n<p style=\"text-align: justify;\">Das Turnier l\u00e4uft vier Tage und startet mit einer Gruppenphase. Je vier Teams pro Gruppe spielen um den Einzug in die playoffs. In der Gruppenphase treten die Teams in einem Best of 3 gegeneinander an. Die beiden f\u00fchrenden Teams jeder Gruppe kommen in die playoffs, die anderen beiden scheiden aus. Das Halbfinale wird in einem Best of 3 ausgetragen und schlussendlich wird im Finale der ESL ESEA Pro League Season 2 in einem Best of 5 der Sieger entschieden.<\/p>\n<p><strong>Gruppe A:<\/strong> Team Liquid, fnatic, Conquest, Team EnVyUs<br \/>\n<strong>Gruppe B:<\/strong> Team Questionmark, Luminosity Gaming, Natus Vincere, Counter Logic Gaming<strong>\u00a0<\/strong><\/p>\n<h2>ESL ESEA Pro League Season 2 Spielplan & Matches:<\/h2>\n<h3>Gruppe A:<\/h3>\n<ul>\n<li>Match: Liquid vs. EnVyUs<strong>\u00a00:2<\/strong><\/li>\n<li>Match: Conquest vs. Fnatic<strong>\u00a00:2<\/strong><\/li>\n<li>Match: EnVyUs vs. Fnatic<strong>\u00a02:0<\/strong>\u00a0\u2013\u00a0EnVyUs in playoffs<\/li>\n<li>Match: Conquest vs. Liquid\u00a0<strong>1:2<\/strong><\/li>\n<li>Match: Fnatic vs. Liquid<strong>\u00a02:0<\/strong>\u00a0\u2013 Fnatic in playoffs<\/li>\n<\/ul>\n<h3>Gruppe B:<\/h3>\n<ol>\n<li>Match: TQM vs. CLG\u00a0<strong>2:0<\/strong><\/li>\n<li>Match: LG vs. NaVi\u00a0<strong>0:2<\/strong><\/li>\n<li>Match: TQM vs. NaVi\u00a0<strong>2:0\u00a0<\/strong>&#8211; TQM in playoffs<\/li>\n<li>Match: LG vs. CLG\u00a0<strong>2:1<\/strong><\/li>\n<li>Match: LG vs. NaVi <strong>2:1\u00a0<\/strong>\u2013 NaVi\u00a0in playoffs<\/li>\n<\/ol>\n<h3>Playoffs:<\/h3>\n<p><strong><strong>Halbfinale #1: Fnatic<span style=\"color: #ff0000;\"> vs.<\/span> <\/strong><\/strong>TQM<strong>\u00a02:0<br \/>\n<strong>Halbfinale #2: <\/strong><\/strong>EnVyUs<strong><strong> <strong><span style=\"color: #ff0000;\">vs.<\/span>\u00a0<\/strong> NaVi 0:2<\/strong><\/strong><\/p>\n<p><span style=\"text-decoration: underline;\"><strong>Finale:<\/strong>\u00a0<\/span><span style=\"text-decoration: underline;\">NaVi<\/span><strong><span style=\"text-decoration: underline;\">\u00a0\u00a0<strong><span style=\"color: #ff0000; text-decoration: underline;\">vs.<\/span>\u00a0<\/strong> Fnatic \u00a02:3\u00a0<\/span><br \/>\n<\/strong>(Sonntag, 13.12.2015, 20:00 Uhr MEZ)<\/p>\n<p><strong>Mappool:<br \/>\n<\/strong>de_dust2<br \/>\nde_cobblestone<br \/>\nde_mirage<br \/>\nde_inferno<br \/>\nde_train<br \/>\nde_overpass<br \/>\nde_cache<\/p>\n<h3>Wetten und Quoten f\u00fcr die ESL ESEA Pro League Season 2 finals:<\/h3>\n<p style=\"text-align: justify;\">Die Wettquoten f\u00fcr die ESL ESEA Pro League Season 2 finals finden Sie auf den 2 gr\u00f6\u00dften Buchmacherportalen im deutschsprachigen Raum (siehe weiter unten). Es kann auf den Turniersieger sowie auf Einzelsiege w\u00e4hrend des Turniers getippt werden. Mehr zu CS:GO\u00a0Wetten kannst du\u00a0in unserer <a href=\"https:\/\/www.esports-betting.pro\/de\/csgo\/\">CS:GO Wetten<\/a>\u00a0\u00dcbersicht\u00a0nachlesen. Die abgebildeten Quoten k\u00f6nnen sich ge\u00e4ndert haben. F\u00fcr aktuelle Quoten besuchen Sie die Webseiten der Wettanbieter mittels der Links unter den Screenshots.<\/p>\n<p style=\"text-align: center;\"><strong><img loading=\"lazy\" decoding=\"async\" style=\"vertical-align: bottom;\" src=\"https:\/\/www.esports-betting.pro\/app\/uploads\/sites\/2\/Bet365-Logo2.jpeg\" alt=\"Logo des Esport Wettanbieters Bet365\" width=\"100\" height=\"31\" \/>\u00a0<span style=\"color: #000000;\"><a style=\"color: #000000;\" href=\"https:\/\/www.esports-betting.pro\/de\/buchmacher-wettanbieter\/bet365-review\/\">Bet365<\/a><\/span>\u00a0<img loading=\"lazy\" decoding=\"async\" style=\"vertical-align: bottom;\" src=\"https:\/\/www.esports-betting.pro\/app\/uploads\/sites\/2\/Bet365-Logo2.jpeg\" alt=\"Logo des Esport Wettanbieters Bet365\" width=\"100\" height=\"31\" \/><\/strong><\/p>\n<p style=\"text-align: center;\"><img loading=\"lazy\" decoding=\"async\" class=\"aligncenter size-full wp-image-5173\" src=\"https:\/\/www.esports-betting.pro\/app\/uploads\/sites\/2\/ESL-ESEA-Pro-Finals-Wetten-Quoten-CSGO-bet365.jpg\" alt=\"ESL ESEA Pro Finals Wetten Quoten CS:GO bet365\" width=\"480\" height=\"219\" \/><a href=\"https:\/\/www.esports-betting.pro\/de\/buchmacher\/bet365\" target=\"_blank\" rel=\"nofollow noopener\"><br \/>\n<\/a>Die Quoten auf der Bet365 Webseite findet ihr im Men\u00fc Links:\u00a0E-Sports<\/p>\n<h3>Prognosen:<\/h3>\n<p style=\"text-align: justify;\">Wie bereits erw\u00e4hnt k\u00f6nnten die Skills der teilnehmenden Clans kaum ausgeglichener sein. Strategien und Counterstrategien sind auf alle Gegner abgestimmt und es wird meiner Meinung nach die individuelle St\u00e4rke ausschlaggebend sein. Die Tagesverfassung wird eine gro\u00dfe Rolle spielen und ob die Spieler dem mentalen Druck standhalten k\u00f6nnen. Hier sind die europ\u00e4ischen Teams auf Grund ihrer Turniererfahrung den Anderen ein St\u00fcck voraus. Team SoloMid holte den ersten Platz in der europ\u00e4ischen Liga und ist auch eine enorm starke Turniermannschaft. Neben Vorjahressieger fnatic, welcher dieses Jahr den zweiten Platz in der europ\u00e4ischen Liga einnahm, z\u00e4hlen sie definitiv zu den Favoriten f\u00fcr das Turnier. Amerikanischer Ligasieger Team Liquid steigerte sich w\u00e4hrend der Saison enorm. Jedoch kann ihnen ihre Siegessicherheit zum Verh\u00e4ngnis werden. Dies durften wir bei den IEM in San Jose live miterleben. Eine einzige, aber allesentscheidende Clutchrunde von Edward zerst\u00f6rte Team Liquid auf einen Schlag. Trotz der hohen F\u00fchrung verloren sie schlussendlich das Match. F\u00fcr Liquid ist es also entscheidend, konstant zu bleiben und sich nicht durch einen R\u00fcckschlag aus dem Konzept bringen zu lassen.<\/p>\n<p style=\"text-align: justify;\"><strong>Topfavorit ist NaVi.<\/strong> Extreme Erfolge und der daraus entstehende Siegeswille, sowie der steigende Zusammenhalt des Teams sind eine Wucht auf die sich die anderen Clans gefasst machen m\u00fcssen. Durch ihre ber\u00fchmten Strategien und individuelle St\u00e4rke, alles Topfragger, werden sie mit Sicherheit weit im Turnier voranschreiten.<\/p>\n<p><a name=\"ESLlivestream\"><\/a><\/p>\n<h3 style=\"text-align: justify;\">Deutscher Live-Stream ESL ESEA pro Leaugue Finals:<\/h3>\n<p style=\"text-align: justify;\">Wie \u00fcblich gibt es auch f\u00fcr dieses Event live-streams. Diese sind auf der ESL ESEA pro leaugue Homepage zu finden und werden in verschiedenen Sprachen angeboten.\u00a0http:\/\/pro.eslgaming.com\/csgo\/proleague\/season-2\/finals\/#live-streams.<br \/>\nEin deutscher Livestream wird von 99damage zur Verf\u00fcgung gestellt. Dieser ist ebenso auf der Turnierhomepage zu finden, bzw. hier unten angezeigt.\u00a0Weiters besteht noch die Variante ingame \u00fcber GOTV die Matches zu verfolgen. Vorteil ist hier, die M\u00f6glichkeit der Kameraeinstellung und Spielerauswahl.<\/p>\n<p style=\"text-align: justify; clear: both;\"><strong>Aktuelle\u00a0CS:GO Turniere:<br \/>\n<\/strong><\/p>\n<ul>\n<li style=\"text-align: justify; clear: both;\"><a href=\"https:\/\/www.esports-betting.pro\/de\/csgo\/dreamhack-leipzig-2016\/\">CS:GO &#8211; DreamHack Leipzig 2016<\/a>\u00a0<em>(22.01. \u2013 24.01.2016)<\/em><\/li>\n<\/ul>\n","protected":false},"excerpt":{"rendered":"<p>Die ESL ESEA Pro League Season 2 neigt sich dem Ende zu. H\u00f6hepunkt ist das Finale in Burbank, Kalifornien. Nach einer atemberaubenden Saison treten die 8 besten Teams aus Nordamerika und Europa um ein Gesamtpreisgeld von 250.000 US-Dollar gegeneinander an. Das offline Turnier startet am 10. Dezember und l\u00e4uft vier Tage, bis schlie\u00dflich das gro\u00dfe &hellip; <a href=\"https:\/\/www.esports-betting.pro\/de\/csgo\/esl-esea-pro-league-season2-finals\/\">Continued<\/a><\/p>\n","protected":false},"author":24,"featured_media":0,"parent":2164,"menu_order":0,"comment_status":"closed","ping_status":"closed","template":"","meta":{"_acf_changed":false,"footnotes":""},"acf":[],"yoast_head":"<!-- This site is optimized with the Yoast SEO plugin v22.6 - https:\/\/yoast.com\/wordpress\/plugins\/seo\/ -->\n<title>CS:GO ESL ESEA Pro League Season 2 Finals<\/title>\n<meta name=\"description\" content=\"Aktuelle Infos zu den Finals der ESL ESEA Pro League, dem letzten go\u00dfen\u00a0Counter-Strike CS:GO Turniers 2015 - \u00a0Spielplan, Teams, Wettquoten und Prognosen.\" \/>\n<meta name=\"robots\" content=\"index, follow, max-snippet:-1, max-image-preview:large, max-video-preview:-1\" \/>\n<link rel=\"canonical\" href=\"https:\/\/www.esports-betting.pro\/de\/csgo\/esl-esea-pro-league-season2-finals\/\" \/>\n<meta property=\"og:locale\" content=\"de_DE\" \/>\n<meta property=\"og:type\" content=\"article\" \/>\n<meta property=\"og:title\" content=\"CS:GO ESL ESEA Pro League Season 2 Finals\" \/>\n<meta property=\"og:description\" content=\"Aktuelle Infos zu den Finals der ESL ESEA Pro League, dem letzten go\u00dfen\u00a0Counter-Strike CS:GO Turniers 2015 - \u00a0Spielplan, Teams, Wettquoten und Prognosen.\" \/>\n<meta property=\"og:url\" content=\"https:\/\/www.esports-betting.pro\/de\/csgo\/esl-esea-pro-league-season2-finals\/\" \/>\n<meta property=\"og:site_name\" content=\"Esports Betting - DE\" \/>\n<meta property=\"article:modified_time\" content=\"2024-02-22T10:26:07+00:00\" \/>\n<meta property=\"og:image\" content=\"https:\/\/www.esports-betting.pro\/app\/uploads\/sites\/2\/ESL-ESEA-Pro-League-Season-2-csgo.jpg\" \/>\n<meta name=\"twitter:card\" content=\"summary_large_image\" \/>\n<meta name=\"twitter:label1\" content=\"Est. reading time\" \/>\n\t<meta name=\"twitter:data1\" content=\"8 Minuten\" \/>\n<script type=\"application\/ld+json\" class=\"yoast-schema-graph\">{\"@context\":\"https:\/\/schema.org\",\"@graph\":[{\"@type\":\"WebPage\",\"@id\":\"https:\/\/www.esports-betting.pro\/de\/csgo\/esl-esea-pro-league-season2-finals\/\",\"url\":\"https:\/\/www.esports-betting.pro\/de\/csgo\/esl-esea-pro-league-season2-finals\/\",\"name\":\"CS:GO ESL ESEA Pro League Season 2 Finals\",\"isPartOf\":{\"@id\":\"https:\/\/www.esports-betting.pro\/de\/#website\"},\"primaryImageOfPage\":{\"@id\":\"https:\/\/www.esports-betting.pro\/de\/csgo\/esl-esea-pro-league-season2-finals\/#primaryimage\"},\"image\":{\"@id\":\"https:\/\/www.esports-betting.pro\/de\/csgo\/esl-esea-pro-league-season2-finals\/#primaryimage\"},\"thumbnailUrl\":\"https:\/\/www.esports-betting.pro\/app\/uploads\/sites\/2\/ESL-ESEA-Pro-League-Season-2-csgo.jpg\",\"datePublished\":\"2015-12-07T19:42:00+00:00\",\"dateModified\":\"2024-02-22T10:26:07+00:00\",\"description\":\"Aktuelle Infos zu den Finals der ESL ESEA Pro League, dem letzten go\u00dfen\u00a0Counter-Strike CS:GO Turniers 2015 - \u00a0Spielplan, Teams, Wettquoten und Prognosen.\",\"breadcrumb\":{\"@id\":\"https:\/\/www.esports-betting.pro\/de\/csgo\/esl-esea-pro-league-season2-finals\/#breadcrumb\"},\"inLanguage\":\"de-DE\",\"potentialAction\":[{\"@type\":\"ReadAction\",\"target\":[\"https:\/\/www.esports-betting.pro\/de\/csgo\/esl-esea-pro-league-season2-finals\/\"]}]},{\"@type\":\"ImageObject\",\"inLanguage\":\"de-DE\",\"@id\":\"https:\/\/www.esports-betting.pro\/de\/csgo\/esl-esea-pro-league-season2-finals\/#primaryimage\",\"url\":\"https:\/\/www.esports-betting.pro\/app\/uploads\/sites\/2\/ESL-ESEA-Pro-League-Season-2-csgo.jpg\",\"contentUrl\":\"https:\/\/www.esports-betting.pro\/app\/uploads\/sites\/2\/ESL-ESEA-Pro-League-Season-2-csgo.jpg\"},{\"@type\":\"BreadcrumbList\",\"@id\":\"https:\/\/www.esports-betting.pro\/de\/csgo\/esl-esea-pro-league-season2-finals\/#breadcrumb\",\"itemListElement\":[{\"@type\":\"ListItem\",\"position\":1,\"name\":\"Home\",\"item\":\"https:\/\/www.esports-betting.pro\/de\/\"},{\"@type\":\"ListItem\",\"position\":2,\"name\":\"CS:GO Wetten und Wettanbieter \u00dcbersicht\",\"item\":\"https:\/\/www.esports-betting.pro\/de\/csgo\/\"},{\"@type\":\"ListItem\",\"position\":3,\"name\":\"ESL ESEA Pro League Season 2 Finals | CS:GO\"}]},{\"@type\":\"WebSite\",\"@id\":\"https:\/\/www.esports-betting.pro\/de\/#website\",\"url\":\"https:\/\/www.esports-betting.pro\/de\/\",\"name\":\"Esports Betting - DE\",\"description\":\"Just another Esports Betting Sites site\",\"potentialAction\":[{\"@type\":\"SearchAction\",\"target\":{\"@type\":\"EntryPoint\",\"urlTemplate\":\"https:\/\/www.esports-betting.pro\/de\/?s={search_term_string}\"},\"query-input\":\"required name=search_term_string\"}],\"inLanguage\":\"de-DE\"}]}<\/script>\n<!-- \/ Yoast SEO plugin. -->","yoast_head_json":{"title":"CS:GO ESL ESEA Pro League Season 2 Finals","description":"Aktuelle Infos zu den Finals der ESL ESEA Pro League, dem letzten go\u00dfen\u00a0Counter-Strike CS:GO Turniers 2015 - \u00a0Spielplan, Teams, Wettquoten und Prognosen.","robots":{"index":"index","follow":"follow","max-snippet":"max-snippet:-1","max-image-preview":"max-image-preview:large","max-video-preview":"max-video-preview:-1"},"canonical":"https:\/\/www.esports-betting.pro\/de\/csgo\/esl-esea-pro-league-season2-finals\/","og_locale":"de_DE","og_type":"article","og_title":"CS:GO ESL ESEA Pro League Season 2 Finals","og_description":"Aktuelle Infos zu den Finals der ESL ESEA Pro League, dem letzten go\u00dfen\u00a0Counter-Strike CS:GO Turniers 2015 - \u00a0Spielplan, Teams, Wettquoten und Prognosen.","og_url":"https:\/\/www.esports-betting.pro\/de\/csgo\/esl-esea-pro-league-season2-finals\/","og_site_name":"Esports Betting - DE","article_modified_time":"2024-02-22T10:26:07+00:00","og_image":[{"url":"https:\/\/www.esports-betting.pro\/app\/uploads\/sites\/2\/ESL-ESEA-Pro-League-Season-2-csgo.jpg"}],"twitter_card":"summary_large_image","twitter_misc":{"Est. reading time":"8 Minuten"},"schema":{"@context":"https:\/\/schema.org","@graph":[{"@type":"WebPage","@id":"https:\/\/www.esports-betting.pro\/de\/csgo\/esl-esea-pro-league-season2-finals\/","url":"https:\/\/www.esports-betting.pro\/de\/csgo\/esl-esea-pro-league-season2-finals\/","name":"CS:GO ESL ESEA Pro League Season 2 Finals","isPartOf":{"@id":"https:\/\/www.esports-betting.pro\/de\/#website"},"primaryImageOfPage":{"@id":"https:\/\/www.esports-betting.pro\/de\/csgo\/esl-esea-pro-league-season2-finals\/#primaryimage"},"image":{"@id":"https:\/\/www.esports-betting.pro\/de\/csgo\/esl-esea-pro-league-season2-finals\/#primaryimage"},"thumbnailUrl":"https:\/\/www.esports-betting.pro\/app\/uploads\/sites\/2\/ESL-ESEA-Pro-League-Season-2-csgo.jpg","datePublished":"2015-12-07T19:42:00+00:00","dateModified":"2024-02-22T10:26:07+00:00","description":"Aktuelle Infos zu den Finals der ESL ESEA Pro League, dem letzten go\u00dfen\u00a0Counter-Strike CS:GO Turniers 2015 - \u00a0Spielplan, Teams, Wettquoten und Prognosen.","breadcrumb":{"@id":"https:\/\/www.esports-betting.pro\/de\/csgo\/esl-esea-pro-league-season2-finals\/#breadcrumb"},"inLanguage":"de-DE","potentialAction":[{"@type":"ReadAction","target":["https:\/\/www.esports-betting.pro\/de\/csgo\/esl-esea-pro-league-season2-finals\/"]}]},{"@type":"ImageObject","inLanguage":"de-DE","@id":"https:\/\/www.esports-betting.pro\/de\/csgo\/esl-esea-pro-league-season2-finals\/#primaryimage","url":"https:\/\/www.esports-betting.pro\/app\/uploads\/sites\/2\/ESL-ESEA-Pro-League-Season-2-csgo.jpg","contentUrl":"https:\/\/www.esports-betting.pro\/app\/uploads\/sites\/2\/ESL-ESEA-Pro-League-Season-2-csgo.jpg"},{"@type":"BreadcrumbList","@id":"https:\/\/www.esports-betting.pro\/de\/csgo\/esl-esea-pro-league-season2-finals\/#breadcrumb","itemListElement":[{"@type":"ListItem","position":1,"name":"Home","item":"https:\/\/www.esports-betting.pro\/de\/"},{"@type":"ListItem","position":2,"name":"CS:GO Wetten und Wettanbieter \u00dcbersicht","item":"https:\/\/www.esports-betting.pro\/de\/csgo\/"},{"@type":"ListItem","position":3,"name":"ESL ESEA Pro League Season 2 Finals | CS:GO"}]},{"@type":"WebSite","@id":"https:\/\/www.esports-betting.pro\/de\/#website","url":"https:\/\/www.esports-betting.pro\/de\/","name":"Esports Betting - DE","description":"Just another Esports Betting Sites site","potentialAction":[{"@type":"SearchAction","target":{"@type":"EntryPoint","urlTemplate":"https:\/\/www.esports-betting.pro\/de\/?s={search_term_string}"},"query-input":"required name=search_term_string"}],"inLanguage":"de-DE"}]}},"_links":{"self":[{"href":"https:\/\/www.esports-betting.pro\/de\/wp-json\/wp\/v2\/pages\/5168"}],"collection":[{"href":"https:\/\/www.esports-betting.pro\/de\/wp-json\/wp\/v2\/pages"}],"about":[{"href":"https:\/\/www.esports-betting.pro\/de\/wp-json\/wp\/v2\/types\/page"}],"author":[{"embeddable":true,"href":"https:\/\/www.esports-betting.pro\/de\/wp-json\/wp\/v2\/users\/24"}],"replies":[{"embeddable":true,"href":"https:\/\/www.esports-betting.pro\/de\/wp-json\/wp\/v2\/comments?post=5168"}],"version-history":[{"count":1,"href":"https:\/\/www.esports-betting.pro\/de\/wp-json\/wp\/v2\/pages\/5168\/revisions"}],"predecessor-version":[{"id":52893,"href":"https:\/\/www.esports-betting.pro\/de\/wp-json\/wp\/v2\/pages\/5168\/revisions\/52893"}],"up":[{"embeddable":true,"href":"https:\/\/www.esports-betting.pro\/de\/wp-json\/wp\/v2\/pages\/2164"}],"wp:attachment":[{"href":"https:\/\/www.esports-betting.pro\/de\/wp-json\/wp\/v2\/media?parent=5168"}],"curies":[{"name":"wp","href":"https:\/\/api.w.org\/{rel}","templated":true}]}}