{"id":4393,"date":"2015-10-06T11:38:25","date_gmt":"2015-10-06T11:38:25","guid":{"rendered":"https:\/\/www.esports-betting.pro\/de\/?page_id=4393"},"modified":"2015-10-06T11:38:25","modified_gmt":"2015-10-06T11:38:25","slug":"kompendium-ankuendigung","status":"publish","type":"page","link":"https:\/\/www.esports-betting.pro\/de\/dota2\/herbst-major-frankfurt-2015\/kompendium-ankuendigung\/","title":{"rendered":"Kompendium Ank\u00fcndigung f\u00fcr das Herbst Major Frankfurt"},"content":{"rendered":"<p style=\"text-align: justify\"><img loading=\"lazy\" decoding=\"async\" class=\"size-full wp-image-4396 alignright\" src=\"https:\/\/www.esports-betting.pro\/app\/uploads\/sites\/2\/kompendium-Logo-Major-Herbst-Turnier-Frankfurt-2015.jpg\" alt=\"Kompendium Major-Herbst Turnier Frankfurt 2015\" width=\"190\" height=\"140\" \/>Der Dota 2 Publisher Valve hat ein neues Kompendium f\u00fcr das kommende gro\u00dfe Major Herbst Turnier in Frankfurt ver\u00f6ffentlicht.<\/p>\n<p style=\"text-align: justify\">Es wird Level abh\u00e4ngige Belohnungen, diverse Herausforderungen, Wetten, einen neuen Kurier und mehrere Items\u00a0mit Personalisierungsm\u00f6glichkeiten f\u00fcr die K\u00e4ufer geben. Das Kompendium ist bereits ab 3,99\u00a0US-Dollar\u00a0k\u00e4uflich erh\u00e4ltlich.<\/p>\n<h3 style=\"text-align: justify\">Besonderheiten und Belohnungen des Frankfurter Kompendiums:<\/h3>\n<ul>\n<li>Spezielle Herausforderungen f\u00fcr jedes deiner Dota 2 Spiele um M\u00fcnzen zu gewinnen<\/li>\n<li>Wette deine M\u00fcnzen auf den Ausgang deiner eigenen Spiele und gewinne einen Prozentsatz der gesamt eingesetzten M\u00fcnzen f\u00fcr die Partie<\/li>\n<li>M\u00fcnzen k\u00f6nnen f\u00fcr Items, ganze Sets oder Sch\u00e4tze eingel\u00f6st werden.<\/li>\n<li>Ein neuer Kurier mit\u00a0Stufe 150<\/li>\n<\/ul>\n<p style=\"text-align: justify\"><img loading=\"lazy\" decoding=\"async\" class=\"size-full wp-image-4395 alignright\" src=\"https:\/\/www.esports-betting.pro\/app\/uploads\/sites\/2\/Kompendium-Logo-Major-Herbst-Turnier-Frankfurt.jpg\" alt=\"Kompendium Logo Major-Herbst Turnier Frankfurt 2015\" width=\"180\" height=\"199\" \/>Wie bereits in den vergangenen Kompendien wird ein Level-Aufstieg mit jeweils 100 gesammelten Punkten erlangt.<\/p>\n<p style=\"text-align: justify\">Bis Level 25 kannst du mehrere verschiedene Belohnungen freispielen, ab Level 30 bekommst du dann f\u00fcr jede erreichten 10 Level einen neuen speziellen Schatz mit dem Namen \u201eTribute of the Piercing Beak\u201c.<\/p>\n<p style=\"text-align: justify\">Mit dem Erreichen von LvL 150 wird ein neuer Kurier sowie ein modifiziertes Design einer Tusk F\u00e4higkeiten freigeschalten.<\/p>\n<p>Um das Kompendium leveln abzuk\u00fcrzen kannst auch die Abk\u00fcrzung auf Level 25 f\u00fcr 9,99 $ kaufen.<\/p>\n<h3>Kosten f\u00fcr das Nivellieren des Frankfurt Kompendiums sind:<\/h3>\n<ul>\n<li>5 Level = 2,49 $<\/li>\n<li>11 Level = 4,99 $<\/li>\n<li>24 Level = 9,99 $<\/li>\n<\/ul>\n<p style=\"text-align: justify\">Die neuen Kompendium-Sch\u00e4tze enthalten Items die mit speziellen Umgebungseffekten aufger\u00fcstet werden k\u00f6nnen. Hierf\u00fcr muss man den Tribute- Upgrade-Infuser ben\u00fctzen, der in allen 5 Tribute Sch\u00e4tzen gefunden werden. F\u00fcr eine ausf\u00fchrliche Auflistung der einzelnen Level-Belohnungen wird einen Blick auf die offizielle <a href=\"http:\/\/www.dota2.com\/fallcompendium?l=german\" target=\"_blank\" rel=\"noopener\">Webseite<\/a>.<\/p>\n<p style=\"text-align: justify\">Das letzte gro\u00dfe Dota 2 Turnier in 2015 wird von 16 bis 21 November ausgetragen &#8211; lies mehr dar\u00fcber in unserer\u00a0&#8220;<a href=\"https:\/\/www.esports-betting.pro\/de\/dota2\/herbst-major-frankfurt-2015\/\">Herbst Major Frankfurt Turnier\u00fcbersicht<\/a>&#8220;<\/p>\n<p>&nbsp;<\/p>\n<p>&nbsp;<\/p>\n","protected":false},"excerpt":{"rendered":"<p>Der Dota 2 Publisher Valve hat ein neues Kompendium f\u00fcr das kommende gro\u00dfe Major Herbst Turnier in Frankfurt ver\u00f6ffentlicht. Es wird Level abh\u00e4ngige Belohnungen, diverse Herausforderungen, Wetten, einen neuen Kurier und mehrere Items\u00a0mit Personalisierungsm\u00f6glichkeiten f\u00fcr die K\u00e4ufer geben. Das Kompendium ist bereits ab 3,99\u00a0US-Dollar\u00a0k\u00e4uflich erh\u00e4ltlich. Besonderheiten und Belohnungen des Frankfurter Kompendiums: Spezielle Herausforderungen f\u00fcr jedes &hellip; <a href=\"https:\/\/www.esports-betting.pro\/de\/dota2\/herbst-major-frankfurt-2015\/kompendium-ankuendigung\/\">Continued<\/a><\/p>\n","protected":false},"author":24,"featured_media":0,"parent":4278,"menu_order":0,"comment_status":"closed","ping_status":"closed","template":"","meta":{"_acf_changed":false,"footnotes":""},"acf":[],"yoast_head":"<!-- This site is optimized with the Yoast SEO plugin v22.6 - https:\/\/yoast.com\/wordpress\/plugins\/seo\/ -->\n<title>Dota 2 Kompendium f\u00fcr das Herbst Major Frankfurt<\/title>\n<meta name=\"description\" content=\"Lesen Sie mehr \u00fcber das neue Kompendium f\u00fcr das kommende gro\u00dfe Dota 2 Herbst Turnier in Frankfurt - Belohnungen, Herausforderungen, Level und Kosten.\" \/>\n<meta name=\"robots\" content=\"index, follow, max-snippet:-1, max-image-preview:large, max-video-preview:-1\" \/>\n<link rel=\"canonical\" href=\"https:\/\/www.esports-betting.pro\/de\/dota2\/herbst-major-frankfurt-2015\/kompendium-ankuendigung\/\" \/>\n<meta property=\"og:locale\" content=\"de_DE\" \/>\n<meta property=\"og:type\" content=\"article\" \/>\n<meta property=\"og:title\" content=\"Dota 2 Kompendium f\u00fcr das Herbst Major Frankfurt\" \/>\n<meta property=\"og:description\" content=\"Lesen Sie mehr \u00fcber das neue Kompendium f\u00fcr das kommende gro\u00dfe Dota 2 Herbst Turnier in Frankfurt - Belohnungen, Herausforderungen, Level und Kosten.\" \/>\n<meta property=\"og:url\" content=\"https:\/\/www.esports-betting.pro\/de\/dota2\/herbst-major-frankfurt-2015\/kompendium-ankuendigung\/\" \/>\n<meta property=\"og:site_name\" content=\"Esports Betting - DE\" \/>\n<meta property=\"og:image\" content=\"https:\/\/www.esports-betting.pro\/app\/uploads\/sites\/2\/kompendium-Logo-Major-Herbst-Turnier-Frankfurt-2015.jpg\" \/>\n<meta name=\"twitter:card\" content=\"summary_large_image\" \/>\n<meta name=\"twitter:label1\" content=\"Est. reading time\" \/>\n\t<meta name=\"twitter:data1\" content=\"1 Minute\" \/>\n<script type=\"application\/ld+json\" class=\"yoast-schema-graph\">{\"@context\":\"https:\/\/schema.org\",\"@graph\":[{\"@type\":\"WebPage\",\"@id\":\"https:\/\/www.esports-betting.pro\/de\/dota2\/herbst-major-frankfurt-2015\/kompendium-ankuendigung\/\",\"url\":\"https:\/\/www.esports-betting.pro\/de\/dota2\/herbst-major-frankfurt-2015\/kompendium-ankuendigung\/\",\"name\":\"Dota 2 Kompendium f\u00fcr das Herbst Major Frankfurt\",\"isPartOf\":{\"@id\":\"https:\/\/www.esports-betting.pro\/de\/#website\"},\"primaryImageOfPage\":{\"@id\":\"https:\/\/www.esports-betting.pro\/de\/dota2\/herbst-major-frankfurt-2015\/kompendium-ankuendigung\/#primaryimage\"},\"image\":{\"@id\":\"https:\/\/www.esports-betting.pro\/de\/dota2\/herbst-major-frankfurt-2015\/kompendium-ankuendigung\/#primaryimage\"},\"thumbnailUrl\":\"https:\/\/www.esports-betting.pro\/app\/uploads\/sites\/2\/kompendium-Logo-Major-Herbst-Turnier-Frankfurt-2015.jpg\",\"datePublished\":\"2015-10-06T11:38:25+00:00\",\"dateModified\":\"2015-10-06T11:38:25+00:00\",\"description\":\"Lesen Sie mehr \u00fcber das neue Kompendium f\u00fcr das kommende gro\u00dfe Dota 2 Herbst Turnier in Frankfurt - Belohnungen, Herausforderungen, Level und Kosten.\",\"breadcrumb\":{\"@id\":\"https:\/\/www.esports-betting.pro\/de\/dota2\/herbst-major-frankfurt-2015\/kompendium-ankuendigung\/#breadcrumb\"},\"inLanguage\":\"de-DE\",\"potentialAction\":[{\"@type\":\"ReadAction\",\"target\":[\"https:\/\/www.esports-betting.pro\/de\/dota2\/herbst-major-frankfurt-2015\/kompendium-ankuendigung\/\"]}]},{\"@type\":\"ImageObject\",\"inLanguage\":\"de-DE\",\"@id\":\"https:\/\/www.esports-betting.pro\/de\/dota2\/herbst-major-frankfurt-2015\/kompendium-ankuendigung\/#primaryimage\",\"url\":\"https:\/\/www.esports-betting.pro\/app\/uploads\/sites\/2\/kompendium-Logo-Major-Herbst-Turnier-Frankfurt-2015.jpg\",\"contentUrl\":\"https:\/\/www.esports-betting.pro\/app\/uploads\/sites\/2\/kompendium-Logo-Major-Herbst-Turnier-Frankfurt-2015.jpg\"},{\"@type\":\"BreadcrumbList\",\"@id\":\"https:\/\/www.esports-betting.pro\/de\/dota2\/herbst-major-frankfurt-2015\/kompendium-ankuendigung\/#breadcrumb\",\"itemListElement\":[{\"@type\":\"ListItem\",\"position\":1,\"name\":\"Home\",\"item\":\"https:\/\/www.esports-betting.pro\/de\/\"},{\"@type\":\"ListItem\",\"position\":2,\"name\":\"Dota 2 Wetten &#8211; Wettanbieter und Quoten\",\"item\":\"https:\/\/www.esports-betting.pro\/de\/dota2\/\"},{\"@type\":\"ListItem\",\"position\":3,\"name\":\"Herbst Major Turnier Frankfurt 2015 | Dota 2\",\"item\":\"https:\/\/www.esports-betting.pro\/de\/dota2\/herbst-major-frankfurt-2015\/\"},{\"@type\":\"ListItem\",\"position\":4,\"name\":\"Kompendium Ank\u00fcndigung f\u00fcr das Herbst Major Frankfurt\"}]},{\"@type\":\"WebSite\",\"@id\":\"https:\/\/www.esports-betting.pro\/de\/#website\",\"url\":\"https:\/\/www.esports-betting.pro\/de\/\",\"name\":\"Esports Betting - DE\",\"description\":\"Just another Esports Betting Sites site\",\"potentialAction\":[{\"@type\":\"SearchAction\",\"target\":{\"@type\":\"EntryPoint\",\"urlTemplate\":\"https:\/\/www.esports-betting.pro\/de\/?s={search_term_string}\"},\"query-input\":\"required name=search_term_string\"}],\"inLanguage\":\"de-DE\"}]}<\/script>\n<!-- \/ Yoast SEO plugin. -->","yoast_head_json":{"title":"Dota 2 Kompendium f\u00fcr das Herbst Major Frankfurt","description":"Lesen Sie mehr \u00fcber das neue Kompendium f\u00fcr das kommende gro\u00dfe Dota 2 Herbst Turnier in Frankfurt - Belohnungen, Herausforderungen, Level und Kosten.","robots":{"index":"index","follow":"follow","max-snippet":"max-snippet:-1","max-image-preview":"max-image-preview:large","max-video-preview":"max-video-preview:-1"},"canonical":"https:\/\/www.esports-betting.pro\/de\/dota2\/herbst-major-frankfurt-2015\/kompendium-ankuendigung\/","og_locale":"de_DE","og_type":"article","og_title":"Dota 2 Kompendium f\u00fcr das Herbst Major Frankfurt","og_description":"Lesen Sie mehr \u00fcber das neue Kompendium f\u00fcr das kommende gro\u00dfe Dota 2 Herbst Turnier in Frankfurt - Belohnungen, Herausforderungen, Level und Kosten.","og_url":"https:\/\/www.esports-betting.pro\/de\/dota2\/herbst-major-frankfurt-2015\/kompendium-ankuendigung\/","og_site_name":"Esports Betting - DE","og_image":[{"url":"https:\/\/www.esports-betting.pro\/app\/uploads\/sites\/2\/kompendium-Logo-Major-Herbst-Turnier-Frankfurt-2015.jpg"}],"twitter_card":"summary_large_image","twitter_misc":{"Est. reading time":"1 Minute"},"schema":{"@context":"https:\/\/schema.org","@graph":[{"@type":"WebPage","@id":"https:\/\/www.esports-betting.pro\/de\/dota2\/herbst-major-frankfurt-2015\/kompendium-ankuendigung\/","url":"https:\/\/www.esports-betting.pro\/de\/dota2\/herbst-major-frankfurt-2015\/kompendium-ankuendigung\/","name":"Dota 2 Kompendium f\u00fcr das Herbst Major Frankfurt","isPartOf":{"@id":"https:\/\/www.esports-betting.pro\/de\/#website"},"primaryImageOfPage":{"@id":"https:\/\/www.esports-betting.pro\/de\/dota2\/herbst-major-frankfurt-2015\/kompendium-ankuendigung\/#primaryimage"},"image":{"@id":"https:\/\/www.esports-betting.pro\/de\/dota2\/herbst-major-frankfurt-2015\/kompendium-ankuendigung\/#primaryimage"},"thumbnailUrl":"https:\/\/www.esports-betting.pro\/app\/uploads\/sites\/2\/kompendium-Logo-Major-Herbst-Turnier-Frankfurt-2015.jpg","datePublished":"2015-10-06T11:38:25+00:00","dateModified":"2015-10-06T11:38:25+00:00","description":"Lesen Sie mehr \u00fcber das neue Kompendium f\u00fcr das kommende gro\u00dfe Dota 2 Herbst Turnier in Frankfurt - Belohnungen, Herausforderungen, Level und Kosten.","breadcrumb":{"@id":"https:\/\/www.esports-betting.pro\/de\/dota2\/herbst-major-frankfurt-2015\/kompendium-ankuendigung\/#breadcrumb"},"inLanguage":"de-DE","potentialAction":[{"@type":"ReadAction","target":["https:\/\/www.esports-betting.pro\/de\/dota2\/herbst-major-frankfurt-2015\/kompendium-ankuendigung\/"]}]},{"@type":"ImageObject","inLanguage":"de-DE","@id":"https:\/\/www.esports-betting.pro\/de\/dota2\/herbst-major-frankfurt-2015\/kompendium-ankuendigung\/#primaryimage","url":"https:\/\/www.esports-betting.pro\/app\/uploads\/sites\/2\/kompendium-Logo-Major-Herbst-Turnier-Frankfurt-2015.jpg","contentUrl":"https:\/\/www.esports-betting.pro\/app\/uploads\/sites\/2\/kompendium-Logo-Major-Herbst-Turnier-Frankfurt-2015.jpg"},{"@type":"BreadcrumbList","@id":"https:\/\/www.esports-betting.pro\/de\/dota2\/herbst-major-frankfurt-2015\/kompendium-ankuendigung\/#breadcrumb","itemListElement":[{"@type":"ListItem","position":1,"name":"Home","item":"https:\/\/www.esports-betting.pro\/de\/"},{"@type":"ListItem","position":2,"name":"Dota 2 Wetten &#8211; Wettanbieter und Quoten","item":"https:\/\/www.esports-betting.pro\/de\/dota2\/"},{"@type":"ListItem","position":3,"name":"Herbst Major Turnier Frankfurt 2015 | Dota 2","item":"https:\/\/www.esports-betting.pro\/de\/dota2\/herbst-major-frankfurt-2015\/"},{"@type":"ListItem","position":4,"name":"Kompendium Ank\u00fcndigung f\u00fcr das Herbst Major Frankfurt"}]},{"@type":"WebSite","@id":"https:\/\/www.esports-betting.pro\/de\/#website","url":"https:\/\/www.esports-betting.pro\/de\/","name":"Esports Betting - DE","description":"Just another Esports Betting Sites site","potentialAction":[{"@type":"SearchAction","target":{"@type":"EntryPoint","urlTemplate":"https:\/\/www.esports-betting.pro\/de\/?s={search_term_string}"},"query-input":"required name=search_term_string"}],"inLanguage":"de-DE"}]}},"_links":{"self":[{"href":"https:\/\/www.esports-betting.pro\/de\/wp-json\/wp\/v2\/pages\/4393"}],"collection":[{"href":"https:\/\/www.esports-betting.pro\/de\/wp-json\/wp\/v2\/pages"}],"about":[{"href":"https:\/\/www.esports-betting.pro\/de\/wp-json\/wp\/v2\/types\/page"}],"author":[{"embeddable":true,"href":"https:\/\/www.esports-betting.pro\/de\/wp-json\/wp\/v2\/users\/24"}],"replies":[{"embeddable":true,"href":"https:\/\/www.esports-betting.pro\/de\/wp-json\/wp\/v2\/comments?post=4393"}],"version-history":[{"count":0,"href":"https:\/\/www.esports-betting.pro\/de\/wp-json\/wp\/v2\/pages\/4393\/revisions"}],"up":[{"embeddable":true,"href":"https:\/\/www.esports-betting.pro\/de\/wp-json\/wp\/v2\/pages\/4278"}],"wp:attachment":[{"href":"https:\/\/www.esports-betting.pro\/de\/wp-json\/wp\/v2\/media?parent=4393"}],"curies":[{"name":"wp","href":"https:\/\/api.w.org\/{rel}","templated":true}]}}