{"id":423,"date":"2013-05-11T12:06:42","date_gmt":"2013-05-11T12:06:42","guid":{"rendered":"https:\/\/www.esports-betting.pro\/de\/?page_id=423"},"modified":"2013-05-11T12:06:42","modified_gmt":"2013-05-11T12:06:42","slug":"the-premier-league","status":"publish","type":"page","link":"https:\/\/www.esports-betting.pro\/de\/dota2\/the-premier-league\/","title":{"rendered":"The Premier League ( Dota 2)"},"content":{"rendered":"<p style=\"text-align: justify\">Die Premier League ist eine international Dota 2 Liga in der die zehn besten Dota 2 Teams der Welt um ein Preisgeld in H\u00f6he von $ 10.000 antreten. Die vierte Saison der Premier League ging gerade zu Ende und wurde der Start der f\u00fcnften Saison noch nicht angek\u00fcndigt.<\/p>\n<p><b>Turnierablauf<\/b><\/p>\n<p style=\"text-align: justify\">Die zehn teilnehmenden Teams treten in einer Gruppenphase gegeneinander an, in der jedes Team in einer best of three Serie gegen jedes andere Team spielt. Das Gewinnerteam erh\u00e4lt einen Ligapunkt, der Verlierer erh\u00e4lt null Punkte.<\/p>\n<p style=\"text-align: justify\">Die vier Erstplatzierten Teams einer Saison treten anschlie\u00dfend am Ende der Saison am Seasons Final Weekend gegeneinander an. Das Preisgeld wird dabei unter den Teams wie folgt verteilt: \u00a0$5,000 f\u00fcr den Ersten, $3,000 f\u00fcr den Zweiten und $2,000 f\u00fcr den dritten Platz.<\/p>\n<p>&nbsp;<\/p>\n<p><b>Livestream<\/b><\/p>\n<p style=\"text-align: justify\">Die Liga wird in Englisch und Russisch kommentiert und live \u00fcber den The Premier League TV \u00fcbertragen.<\/p>\n<p>&nbsp;<\/p>\n<p><b>Weitere Infos<\/b><\/p>\n<p style=\"text-align: justify\">Weitere Informationen \u00fcber die Dota 2 Premier League sind auf der offiziellen Homepage der Liga zu finden.<\/p>\n<p>&nbsp;<\/p>\n","protected":false},"excerpt":{"rendered":"<p>Die Premier League ist eine international Dota 2 Liga in der die zehn besten Dota 2 Teams der Welt um ein Preisgeld in H\u00f6he von $ 10.000 antreten. Die vierte Saison der Premier League ging gerade zu Ende und wurde der Start der f\u00fcnften Saison noch nicht angek\u00fcndigt. Turnierablauf Die zehn teilnehmenden Teams treten in &hellip; <a href=\"https:\/\/www.esports-betting.pro\/de\/dota2\/the-premier-league\/\">Continued<\/a><\/p>\n","protected":false},"author":24,"featured_media":0,"parent":118,"menu_order":0,"comment_status":"closed","ping_status":"closed","template":"","meta":{"_acf_changed":false,"footnotes":""},"acf":[],"yoast_head":"<!-- This site is optimized with the Yoast SEO plugin v22.6 - https:\/\/yoast.com\/wordpress\/plugins\/seo\/ -->\n<title>The Premier League von Dota 2 - Esports Wetten 2026<\/title>\n<meta name=\"description\" content=\"Premier League Dota 2: Wette auf die The Premier League von Dota 2. Hier erf\u00e4hrst du alles \u00fcber Esport Wetten, die besten Buchmacher und Quoten.\" \/>\n<meta name=\"robots\" content=\"index, follow, max-snippet:-1, max-image-preview:large, max-video-preview:-1\" \/>\n<link rel=\"canonical\" href=\"https:\/\/www.esports-betting.pro\/de\/dota2\/the-premier-league\/\" \/>\n<meta property=\"og:locale\" content=\"de_DE\" \/>\n<meta property=\"og:type\" content=\"article\" \/>\n<meta property=\"og:title\" content=\"The Premier League von Dota 2 - Esports Wetten 2026\" \/>\n<meta property=\"og:description\" content=\"Premier League Dota 2: Wette auf die The Premier League von Dota 2. Hier erf\u00e4hrst du alles \u00fcber Esport Wetten, die besten Buchmacher und Quoten.\" \/>\n<meta property=\"og:url\" content=\"https:\/\/www.esports-betting.pro\/de\/dota2\/the-premier-league\/\" \/>\n<meta property=\"og:site_name\" content=\"Esports Betting - DE\" \/>\n<meta name=\"twitter:card\" content=\"summary_large_image\" \/>\n<meta name=\"twitter:label1\" content=\"Est. reading time\" \/>\n\t<meta name=\"twitter:data1\" content=\"1 Minute\" \/>\n<script type=\"application\/ld+json\" class=\"yoast-schema-graph\">{\"@context\":\"https:\/\/schema.org\",\"@graph\":[{\"@type\":\"WebPage\",\"@id\":\"https:\/\/www.esports-betting.pro\/de\/dota2\/the-premier-league\/\",\"url\":\"https:\/\/www.esports-betting.pro\/de\/dota2\/the-premier-league\/\",\"name\":\"The Premier League von Dota 2 - Esports Wetten 2026\",\"isPartOf\":{\"@id\":\"https:\/\/www.esports-betting.pro\/de\/#website\"},\"datePublished\":\"2013-05-11T12:06:42+00:00\",\"dateModified\":\"2013-05-11T12:06:42+00:00\",\"description\":\"Premier League Dota 2: Wette auf die The Premier League von Dota 2. Hier erf\u00e4hrst du alles \u00fcber Esport Wetten, die besten Buchmacher und Quoten.\",\"breadcrumb\":{\"@id\":\"https:\/\/www.esports-betting.pro\/de\/dota2\/the-premier-league\/#breadcrumb\"},\"inLanguage\":\"de-DE\",\"potentialAction\":[{\"@type\":\"ReadAction\",\"target\":[\"https:\/\/www.esports-betting.pro\/de\/dota2\/the-premier-league\/\"]}]},{\"@type\":\"BreadcrumbList\",\"@id\":\"https:\/\/www.esports-betting.pro\/de\/dota2\/the-premier-league\/#breadcrumb\",\"itemListElement\":[{\"@type\":\"ListItem\",\"position\":1,\"name\":\"Home\",\"item\":\"https:\/\/www.esports-betting.pro\/de\/\"},{\"@type\":\"ListItem\",\"position\":2,\"name\":\"Dota 2 Wetten &#8211; Wettanbieter und Quoten\",\"item\":\"https:\/\/www.esports-betting.pro\/de\/dota2\/\"},{\"@type\":\"ListItem\",\"position\":3,\"name\":\"The Premier League ( Dota 2)\"}]},{\"@type\":\"WebSite\",\"@id\":\"https:\/\/www.esports-betting.pro\/de\/#website\",\"url\":\"https:\/\/www.esports-betting.pro\/de\/\",\"name\":\"Esports Betting - DE\",\"description\":\"Just another Esports Betting Sites site\",\"potentialAction\":[{\"@type\":\"SearchAction\",\"target\":{\"@type\":\"EntryPoint\",\"urlTemplate\":\"https:\/\/www.esports-betting.pro\/de\/?s={search_term_string}\"},\"query-input\":\"required name=search_term_string\"}],\"inLanguage\":\"de-DE\"}]}<\/script>\n<!-- \/ Yoast SEO plugin. -->","yoast_head_json":{"title":"The Premier League von Dota 2 - Esports Wetten 2026","description":"Premier League Dota 2: Wette auf die The Premier League von Dota 2. Hier erf\u00e4hrst du alles \u00fcber Esport Wetten, die besten Buchmacher und Quoten.","robots":{"index":"index","follow":"follow","max-snippet":"max-snippet:-1","max-image-preview":"max-image-preview:large","max-video-preview":"max-video-preview:-1"},"canonical":"https:\/\/www.esports-betting.pro\/de\/dota2\/the-premier-league\/","og_locale":"de_DE","og_type":"article","og_title":"The Premier League von Dota 2 - Esports Wetten 2026","og_description":"Premier League Dota 2: Wette auf die The Premier League von Dota 2. Hier erf\u00e4hrst du alles \u00fcber Esport Wetten, die besten Buchmacher und Quoten.","og_url":"https:\/\/www.esports-betting.pro\/de\/dota2\/the-premier-league\/","og_site_name":"Esports Betting - DE","twitter_card":"summary_large_image","twitter_misc":{"Est. reading time":"1 Minute"},"schema":{"@context":"https:\/\/schema.org","@graph":[{"@type":"WebPage","@id":"https:\/\/www.esports-betting.pro\/de\/dota2\/the-premier-league\/","url":"https:\/\/www.esports-betting.pro\/de\/dota2\/the-premier-league\/","name":"The Premier League von Dota 2 - Esports Wetten 2026","isPartOf":{"@id":"https:\/\/www.esports-betting.pro\/de\/#website"},"datePublished":"2013-05-11T12:06:42+00:00","dateModified":"2013-05-11T12:06:42+00:00","description":"Premier League Dota 2: Wette auf die The Premier League von Dota 2. Hier erf\u00e4hrst du alles \u00fcber Esport Wetten, die besten Buchmacher und Quoten.","breadcrumb":{"@id":"https:\/\/www.esports-betting.pro\/de\/dota2\/the-premier-league\/#breadcrumb"},"inLanguage":"de-DE","potentialAction":[{"@type":"ReadAction","target":["https:\/\/www.esports-betting.pro\/de\/dota2\/the-premier-league\/"]}]},{"@type":"BreadcrumbList","@id":"https:\/\/www.esports-betting.pro\/de\/dota2\/the-premier-league\/#breadcrumb","itemListElement":[{"@type":"ListItem","position":1,"name":"Home","item":"https:\/\/www.esports-betting.pro\/de\/"},{"@type":"ListItem","position":2,"name":"Dota 2 Wetten &#8211; Wettanbieter und Quoten","item":"https:\/\/www.esports-betting.pro\/de\/dota2\/"},{"@type":"ListItem","position":3,"name":"The Premier League ( Dota 2)"}]},{"@type":"WebSite","@id":"https:\/\/www.esports-betting.pro\/de\/#website","url":"https:\/\/www.esports-betting.pro\/de\/","name":"Esports Betting - DE","description":"Just another Esports Betting Sites site","potentialAction":[{"@type":"SearchAction","target":{"@type":"EntryPoint","urlTemplate":"https:\/\/www.esports-betting.pro\/de\/?s={search_term_string}"},"query-input":"required name=search_term_string"}],"inLanguage":"de-DE"}]}},"_links":{"self":[{"href":"https:\/\/www.esports-betting.pro\/de\/wp-json\/wp\/v2\/pages\/423"}],"collection":[{"href":"https:\/\/www.esports-betting.pro\/de\/wp-json\/wp\/v2\/pages"}],"about":[{"href":"https:\/\/www.esports-betting.pro\/de\/wp-json\/wp\/v2\/types\/page"}],"author":[{"embeddable":true,"href":"https:\/\/www.esports-betting.pro\/de\/wp-json\/wp\/v2\/users\/24"}],"replies":[{"embeddable":true,"href":"https:\/\/www.esports-betting.pro\/de\/wp-json\/wp\/v2\/comments?post=423"}],"version-history":[{"count":0,"href":"https:\/\/www.esports-betting.pro\/de\/wp-json\/wp\/v2\/pages\/423\/revisions"}],"up":[{"embeddable":true,"href":"https:\/\/www.esports-betting.pro\/de\/wp-json\/wp\/v2\/pages\/118"}],"wp:attachment":[{"href":"https:\/\/www.esports-betting.pro\/de\/wp-json\/wp\/v2\/media?parent=423"}],"curies":[{"name":"wp","href":"https:\/\/api.w.org\/{rel}","templated":true}]}}