{"id":419,"date":"2013-05-11T10:09:47","date_gmt":"2013-05-11T10:09:47","guid":{"rendered":"https:\/\/www.esports-betting.pro\/de\/?page_id=419"},"modified":"2013-05-11T10:09:47","modified_gmt":"2013-05-11T10:09:47","slug":"the-international","status":"publish","type":"page","link":"https:\/\/www.esports-betting.pro\/de\/dota2\/the-international\/","title":{"rendered":"The International 2013 (Dota 2)"},"content":{"rendered":"<p style=\"text-align: justify\">Das sogenannte &#8220;<strong>The International&#8221;\u00a0<\/strong>ist ein j\u00e4hrlich stattfindendes Dota 2 Turnier das von der Vale Corporation veranstaltet wird. Das erste mal wurde das Turnier im August 2011 nach dem Start von Dota 2 veranstaltet. Schon damals war das Turnier mit einem Preisgeld in H\u00f6he von\u00a0$ 1.600.000 wovon $ 1.000.000 an das Siegerteam ging die lukrativsten in der eSport Szene.<\/p>\n<p style=\"text-align: justify\"><strong>Mehr zum: <\/strong><a href=\"https:\/\/www.esports-betting.pro\/de\/dota2\/ti8-the-international-2018\/\"><strong>Dota 2 The International 2018 &#8211; TI8<\/strong><\/a><\/p>\n<p style=\"text-align: justify\">Im August 2013 findet &#8220;The International&#8221; nun zum dritten mal statt und werden dieses mal 16 Teams um den Titel k\u00e4mpfen. Austragungsort des Turniers ist diesmal Seattle, wo die Teams von ab 7. &#8211; 11. August 2013 gegeneinander antreten werden.<\/p>\n<p style=\"text-align: justify\">Von den insgesamt 16 teilnehmenden Teams stehen 13 bereits fest. Die restlichen 3 Pl\u00e4tze im Turnier werden an die Gewinner der Qualifikation Ost und West und einem Wildcard Team vergeben.<\/p>\n<p><b>Die Fixstarter:<\/b><\/p>\n<ul>\n<li>Invictum Gaming (Gewinner 2012)<\/li>\n<li>LGD Gaming<\/li>\n<li>Orange E-Sports<\/li>\n<li>Alliance<\/li>\n<li>Fnatic<\/li>\n<li>Team Liquid<\/li>\n<li>Natus Vincere (Gewinner 2011)<\/li>\n<li>Team Zenith<\/li>\n<li>Team Dignitas<\/li>\n<li>Virtus.Pro<\/li>\n<li>DK<\/li>\n<li>LGD Gaming.Int<\/li>\n<li>Invasion MUFC<\/li>\n<\/ul>\n<p><b>Live Stream<\/b><\/p>\n<p style=\"text-align: justify\">Das Turnier wird in vier Sprachen (Englisch, Chinesisch, Russisch und Deutsch) live auf DotaTV \u00fcbertragen.<\/p>\n<p><strong>Preisgeld<\/strong><\/p>\n<p style=\"text-align: justify\">Zum Turnier k\u00f6nnen sich Dota2 Fans ein interaktive Kompendium f\u00fcr \u20ac 7,99 im <a title=\"Dota 2 Store\" href=\"http:\/\/www.dota2.com\/store\/\" target=\"_blank\" rel=\"nofollow noopener\">Dota2 Store<\/a> kaufen. Das tolle daran ist, dass 25% des Verkaufserl\u00f6ses des Komendiums in das Preisgeld des Turniers flie\u00dfen womit es f\u00fcr die Teams diesmal wahrscheinlich um noch weit mehr als das regul\u00e4re <strong>Preisgeld in H\u00f6he von $ 1.600.000<\/strong> geht. Bisher wurde das Preisgeld aufgrund der gro\u00dfen Nachfrage nach dem Kompendium bereits um $ 100.000 erh\u00f6ht. Bis zum Start des Turniers k\u00f6nnte das Preisgeld bisher unerreichte H\u00f6hen erreichen.<\/p>\n<p><strong>Wetten f\u00fcr The International<\/strong><\/p>\n<p style=\"text-align: justify\">Sobald die einzelnen Partien des Turniers feststehen, wird es bei Pinnacle Sports wie \u00fcblich Wetten geben. Dar\u00fcber werden wir euch nat\u00fcrlich wie gewohnt informieren.<\/p>\n<p style=\"text-align: justify\"><strong>Mehr zum Thema:<\/strong><\/p>\n<p style=\"text-align: justify\"><a title=\"Dota 2 Wettinfo: Buchmacher, Wetten, Turniere\" href=\"https:\/\/www.esports-betting.pro\/de\/dota2\/\">Dota 2 Wetten<\/a><\/p>\n","protected":false},"excerpt":{"rendered":"<p>Das sogenannte &#8220;The International&#8221;\u00a0ist ein j\u00e4hrlich stattfindendes Dota 2 Turnier das von der Vale Corporation veranstaltet wird. Das erste mal wurde das Turnier im August 2011 nach dem Start von Dota 2 veranstaltet. Schon damals war das Turnier mit einem Preisgeld in H\u00f6he von\u00a0$ 1.600.000 wovon $ 1.000.000 an das Siegerteam ging die lukrativsten in &hellip; <a href=\"https:\/\/www.esports-betting.pro\/de\/dota2\/the-international\/\">Continued<\/a><\/p>\n","protected":false},"author":24,"featured_media":0,"parent":118,"menu_order":0,"comment_status":"closed","ping_status":"closed","template":"","meta":{"_acf_changed":false,"footnotes":""},"acf":[],"yoast_head":"<!-- This site is optimized with the Yoast SEO plugin v22.6 - https:\/\/yoast.com\/wordpress\/plugins\/seo\/ -->\n<title>The International 2013 - Dota 2 - Esport Wetten 2026<\/title>\n<meta name=\"description\" content=\"The International ist ein Dota 2 Turnier das von der Vale veranstaltet wird. Erfahre hier alles \u00fcber Dota 2 Wetten, Buchmacher und die besten Quoten.\" \/>\n<meta name=\"robots\" content=\"index, follow, max-snippet:-1, max-image-preview:large, max-video-preview:-1\" \/>\n<link rel=\"canonical\" href=\"https:\/\/www.esports-betting.pro\/de\/dota2\/the-international\/\" \/>\n<meta property=\"og:locale\" content=\"de_DE\" \/>\n<meta property=\"og:type\" content=\"article\" \/>\n<meta property=\"og:title\" content=\"The International 2013 - Dota 2 - Esport Wetten 2026\" \/>\n<meta property=\"og:description\" content=\"The International ist ein Dota 2 Turnier das von der Vale veranstaltet wird. Erfahre hier alles \u00fcber Dota 2 Wetten, Buchmacher und die besten Quoten.\" \/>\n<meta property=\"og:url\" content=\"https:\/\/www.esports-betting.pro\/de\/dota2\/the-international\/\" \/>\n<meta property=\"og:site_name\" content=\"Esports Betting - DE\" \/>\n<meta name=\"twitter:card\" content=\"summary_large_image\" \/>\n<meta name=\"twitter:label1\" content=\"Est. reading time\" \/>\n\t<meta name=\"twitter:data1\" content=\"1 Minute\" \/>\n<script type=\"application\/ld+json\" class=\"yoast-schema-graph\">{\"@context\":\"https:\/\/schema.org\",\"@graph\":[{\"@type\":\"WebPage\",\"@id\":\"https:\/\/www.esports-betting.pro\/de\/dota2\/the-international\/\",\"url\":\"https:\/\/www.esports-betting.pro\/de\/dota2\/the-international\/\",\"name\":\"The International 2013 - Dota 2 - Esport Wetten 2026\",\"isPartOf\":{\"@id\":\"https:\/\/www.esports-betting.pro\/de\/#website\"},\"datePublished\":\"2013-05-11T10:09:47+00:00\",\"dateModified\":\"2013-05-11T10:09:47+00:00\",\"description\":\"The International ist ein Dota 2 Turnier das von der Vale veranstaltet wird. Erfahre hier alles \u00fcber Dota 2 Wetten, Buchmacher und die besten Quoten.\",\"breadcrumb\":{\"@id\":\"https:\/\/www.esports-betting.pro\/de\/dota2\/the-international\/#breadcrumb\"},\"inLanguage\":\"de-DE\",\"potentialAction\":[{\"@type\":\"ReadAction\",\"target\":[\"https:\/\/www.esports-betting.pro\/de\/dota2\/the-international\/\"]}]},{\"@type\":\"BreadcrumbList\",\"@id\":\"https:\/\/www.esports-betting.pro\/de\/dota2\/the-international\/#breadcrumb\",\"itemListElement\":[{\"@type\":\"ListItem\",\"position\":1,\"name\":\"Home\",\"item\":\"https:\/\/www.esports-betting.pro\/de\/\"},{\"@type\":\"ListItem\",\"position\":2,\"name\":\"Dota 2 Wetten &#8211; Wettanbieter und Quoten\",\"item\":\"https:\/\/www.esports-betting.pro\/de\/dota2\/\"},{\"@type\":\"ListItem\",\"position\":3,\"name\":\"The International 2013 (Dota 2)\"}]},{\"@type\":\"WebSite\",\"@id\":\"https:\/\/www.esports-betting.pro\/de\/#website\",\"url\":\"https:\/\/www.esports-betting.pro\/de\/\",\"name\":\"Esports Betting - DE\",\"description\":\"Just another Esports Betting Sites site\",\"potentialAction\":[{\"@type\":\"SearchAction\",\"target\":{\"@type\":\"EntryPoint\",\"urlTemplate\":\"https:\/\/www.esports-betting.pro\/de\/?s={search_term_string}\"},\"query-input\":\"required name=search_term_string\"}],\"inLanguage\":\"de-DE\"}]}<\/script>\n<!-- \/ Yoast SEO plugin. -->","yoast_head_json":{"title":"The International 2013 - Dota 2 - Esport Wetten 2026","description":"The International ist ein Dota 2 Turnier das von der Vale veranstaltet wird. Erfahre hier alles \u00fcber Dota 2 Wetten, Buchmacher und die besten Quoten.","robots":{"index":"index","follow":"follow","max-snippet":"max-snippet:-1","max-image-preview":"max-image-preview:large","max-video-preview":"max-video-preview:-1"},"canonical":"https:\/\/www.esports-betting.pro\/de\/dota2\/the-international\/","og_locale":"de_DE","og_type":"article","og_title":"The International 2013 - Dota 2 - Esport Wetten 2026","og_description":"The International ist ein Dota 2 Turnier das von der Vale veranstaltet wird. Erfahre hier alles \u00fcber Dota 2 Wetten, Buchmacher und die besten Quoten.","og_url":"https:\/\/www.esports-betting.pro\/de\/dota2\/the-international\/","og_site_name":"Esports Betting - DE","twitter_card":"summary_large_image","twitter_misc":{"Est. reading time":"1 Minute"},"schema":{"@context":"https:\/\/schema.org","@graph":[{"@type":"WebPage","@id":"https:\/\/www.esports-betting.pro\/de\/dota2\/the-international\/","url":"https:\/\/www.esports-betting.pro\/de\/dota2\/the-international\/","name":"The International 2013 - Dota 2 - Esport Wetten 2026","isPartOf":{"@id":"https:\/\/www.esports-betting.pro\/de\/#website"},"datePublished":"2013-05-11T10:09:47+00:00","dateModified":"2013-05-11T10:09:47+00:00","description":"The International ist ein Dota 2 Turnier das von der Vale veranstaltet wird. Erfahre hier alles \u00fcber Dota 2 Wetten, Buchmacher und die besten Quoten.","breadcrumb":{"@id":"https:\/\/www.esports-betting.pro\/de\/dota2\/the-international\/#breadcrumb"},"inLanguage":"de-DE","potentialAction":[{"@type":"ReadAction","target":["https:\/\/www.esports-betting.pro\/de\/dota2\/the-international\/"]}]},{"@type":"BreadcrumbList","@id":"https:\/\/www.esports-betting.pro\/de\/dota2\/the-international\/#breadcrumb","itemListElement":[{"@type":"ListItem","position":1,"name":"Home","item":"https:\/\/www.esports-betting.pro\/de\/"},{"@type":"ListItem","position":2,"name":"Dota 2 Wetten &#8211; Wettanbieter und Quoten","item":"https:\/\/www.esports-betting.pro\/de\/dota2\/"},{"@type":"ListItem","position":3,"name":"The International 2013 (Dota 2)"}]},{"@type":"WebSite","@id":"https:\/\/www.esports-betting.pro\/de\/#website","url":"https:\/\/www.esports-betting.pro\/de\/","name":"Esports Betting - DE","description":"Just another Esports Betting Sites site","potentialAction":[{"@type":"SearchAction","target":{"@type":"EntryPoint","urlTemplate":"https:\/\/www.esports-betting.pro\/de\/?s={search_term_string}"},"query-input":"required name=search_term_string"}],"inLanguage":"de-DE"}]}},"_links":{"self":[{"href":"https:\/\/www.esports-betting.pro\/de\/wp-json\/wp\/v2\/pages\/419"}],"collection":[{"href":"https:\/\/www.esports-betting.pro\/de\/wp-json\/wp\/v2\/pages"}],"about":[{"href":"https:\/\/www.esports-betting.pro\/de\/wp-json\/wp\/v2\/types\/page"}],"author":[{"embeddable":true,"href":"https:\/\/www.esports-betting.pro\/de\/wp-json\/wp\/v2\/users\/24"}],"replies":[{"embeddable":true,"href":"https:\/\/www.esports-betting.pro\/de\/wp-json\/wp\/v2\/comments?post=419"}],"version-history":[{"count":0,"href":"https:\/\/www.esports-betting.pro\/de\/wp-json\/wp\/v2\/pages\/419\/revisions"}],"up":[{"embeddable":true,"href":"https:\/\/www.esports-betting.pro\/de\/wp-json\/wp\/v2\/pages\/118"}],"wp:attachment":[{"href":"https:\/\/www.esports-betting.pro\/de\/wp-json\/wp\/v2\/media?parent=419"}],"curies":[{"name":"wp","href":"https:\/\/api.w.org\/{rel}","templated":true}]}}