{"id":408,"date":"2013-05-10T18:55:09","date_gmt":"2013-05-10T18:55:09","guid":{"rendered":"https:\/\/www.esports-betting.pro\/de\/?page_id=408"},"modified":"2013-05-10T18:55:09","modified_gmt":"2013-05-10T18:55:09","slug":"starcraft-ii-world-championship-series-2013-wcs","status":"publish","type":"page","link":"https:\/\/www.esports-betting.pro\/de\/starcraft-2-3\/starcraft-ii-world-championship-series-2013-wcs\/","title":{"rendered":"StarCraft II World Championship Series 2013 (WCS)"},"content":{"rendered":"<p style=\"text-align: justify\">Gemeinsamt mit der Korean eSports Association (KeSPA), OnGameNet, GomTV, Major League Gaming (MLG), Turtle Entertainment und Twitch hat Blizzard Entertainment vor kurzem die <strong>StarCraft II World Championship Series 2013<\/strong> vorgestellt. Diese ist ein gro\u00dfer Fortschritt im Vergleich zum bisherigen System und d\u00fcrfte SC II als eSport noch weiter nach vorne bringen.<\/p>\n<p style=\"text-align: justify\">Die nach wie vor anhaltende Beliebtheit von SC II hat weltweit zu einer Unzahl unterschiedlicher Ligen, Turnieren und Events gef\u00fchrt. Dies hat zwar zu einer Unmenge an spannenden Wettk\u00e4mpfen gef\u00fchrt, war aber durch die schiere Masse der Events sowohl f\u00fcr Spieler als auch Fans h\u00f6chst un\u00fcbersichtlich und kompliziert.<\/p>\n<p style=\"text-align: justify\">Um die Situation zu verbessern hat Blizzard Entertainment gemeinsam mit seinen Partnern nun die <b>StarCraft II World Championship Series, <\/b>eine einheitliche Turnierreihe mit zusammenh\u00e4ngender Struktur und einer weltweit einheitlichen Punkterangliste entwickelt, welche die wichtigsten SC II Wettk\u00e4mpfe vereint.<\/p>\n<p style=\"text-align: justify\">Diese soll eSports-Fans eine spannende Turnierserie bieten, die sie im Laufe des Jahres verfolgen k\u00f6nnen.<\/p>\n<p><b>Wetten auf die WCS<\/b><\/p>\n<p style=\"text-align: justify\">Mehr Informationen \u00fcber <a href=\"https:\/\/www.esports-betting.pro\/de\/starcraft-2\/\">Wetten auf Starcraft 2<\/a> und andere Esport Wetten findest du in unserer <a title=\"Esport Wetten Buchmacher \u2013 Wettanbieter\" href=\"https:\/\/www.esports-betting.pro\/de\/buchmacher-wettanbieter\/\">Esport Wettanbieter \u00dcbersicht<\/a><\/p>\n<p style=\"text-align: justify\">Die aktuellen Quoten bei Pinnacle Sports zu allen Spielen der Starcraft 2 World Championship Series findet man hier:<\/p>\n<p><b>Ablauf der WCS<\/b><\/p>\n<p style=\"text-align: justify\">Die SC II World Championship Series 2013 besteht aus drei regionalen (Europa, Amerika und Asien), parallel laufenden Ligen. Die WCS 2013 selbst ist in drei Saisonen (im n\u00e4chsten Jahr soll die WCS fr\u00fcher starten um vier Saisonen in einem Jahr unterzubringen) unterteilt, die dieses Jahr vom 4. April 2013 bis zum 8. November 2013 dauern und dann ihren H\u00f6hepunkt in den WCS Global Finals finden, die w\u00e4hrend der BlizzCon 2013 ausgetragen werden.<\/p>\n<p style=\"text-align: justify\">Pro Saison werden \u00fcber mehrere Wochen verteilt in den drei regionalen Ligen StarCraft II-Wettk\u00e4mpfe durchgef\u00fchrt. Nach Ende dieser regionalen Wettk\u00e4mpfe d\u00fcrfen die erfolgreichsten Spieler aus jeder Region beim gro\u00dfen Saisonfinale im Rahmen eines Liveevents gegeneinander antreten. Das Saisonfinale wird abwechselnd in einer der drei Regionen ausgetragen und treten dabei die sechs besten Spieler aus der Heimatregion gegen jeweils 5 Spieler aus den beiden anderen Regionen an.<\/p>\n<p style=\"text-align: justify\">Im Verlauf der Saisonen erhalten die teilnehmenden Spieler Punkte basierend auf ihrer Leistung. Die 16 Spieler mit den meisten Punkten nach dem letzten Saisonfinale des Jahres d\u00fcrfen dann in den Global Finals auf der BlizzCon um den <b>StarCraft II World Champion<\/b> k\u00e4mpfen.<\/p>\n<p>&nbsp;<\/p>\n<p><b>Livestream<\/b><\/p>\n<p style=\"text-align: justify\">Um es f\u00fcr Fans einfacher zu machen die Matches der WCS zu verfolgen, werden alle Matches der Serie auf einem einheitlichen StarCraft II Kanal auf <a title=\"Twitch TV WCS\" href=\"http:\/\/de.twitch.tv\/team\/wcs\" target=\"_blank\" rel=\"nofollow noopener\">TwitchTV<\/a> \u00fcbertragen.<\/p>\n<p><b>\u00a0<\/b><\/p>\n<p><b>Offizielle Seite der WCS<\/b><\/p>\n<p>Laufende Infos zum aktuellen Geschehen in der WCS erhaltet ihr auf der offiziellen Seite:<\/p>\n<p><a href=\"http:\/\/eu.battle.net\/sc2\/de\/esports\/\" target=\"_blank\" rel=\"noopener\">http:\/\/eu.battle.net\/sc2\/de\/esports\/<\/a><\/p>\n<p>&nbsp;<\/p>\n","protected":false},"excerpt":{"rendered":"<p>Gemeinsamt mit der Korean eSports Association (KeSPA), OnGameNet, GomTV, Major League Gaming (MLG), Turtle Entertainment und Twitch hat Blizzard Entertainment vor kurzem die StarCraft II World Championship Series 2013 vorgestellt. Diese ist ein gro\u00dfer Fortschritt im Vergleich zum bisherigen System und d\u00fcrfte SC II als eSport noch weiter nach vorne bringen. Die nach wie vor &hellip; <a href=\"https:\/\/www.esports-betting.pro\/de\/starcraft-2-3\/starcraft-ii-world-championship-series-2013-wcs\/\">Continued<\/a><\/p>\n","protected":false},"author":24,"featured_media":0,"parent":90,"menu_order":0,"comment_status":"closed","ping_status":"closed","template":"","meta":{"_acf_changed":false,"footnotes":""},"acf":[],"yoast_head":"<!-- This site is optimized with the Yoast SEO plugin v22.6 - https:\/\/yoast.com\/wordpress\/plugins\/seo\/ -->\n<title>Starcraft 2 WCS - Infos zur World Championship Series 2013<\/title>\n<meta name=\"description\" content=\"Erfahre mehr \u00fcber Ablauf, Livestreams und Wetten auf die Starcraft 2 World Championship Series 2013 (WCS)\" \/>\n<meta name=\"robots\" content=\"index, follow, max-snippet:-1, max-image-preview:large, max-video-preview:-1\" \/>\n<link rel=\"canonical\" href=\"https:\/\/www.esports-betting.pro\/de\/starcraft-2-3\/starcraft-ii-world-championship-series-2013-wcs\/\" \/>\n<meta property=\"og:locale\" content=\"de_DE\" \/>\n<meta property=\"og:type\" content=\"article\" \/>\n<meta property=\"og:title\" content=\"Starcraft 2 WCS - Infos zur World Championship Series 2013\" \/>\n<meta property=\"og:description\" content=\"Erfahre mehr \u00fcber Ablauf, Livestreams und Wetten auf die Starcraft 2 World Championship Series 2013 (WCS)\" \/>\n<meta property=\"og:url\" content=\"https:\/\/www.esports-betting.pro\/de\/starcraft-2-3\/starcraft-ii-world-championship-series-2013-wcs\/\" \/>\n<meta property=\"og:site_name\" content=\"Esports Betting - DE\" \/>\n<meta name=\"twitter:card\" content=\"summary_large_image\" \/>\n<meta name=\"twitter:label1\" content=\"Est. reading time\" \/>\n\t<meta name=\"twitter:data1\" content=\"2 Minuten\" \/>\n<script type=\"application\/ld+json\" class=\"yoast-schema-graph\">{\"@context\":\"https:\/\/schema.org\",\"@graph\":[{\"@type\":\"WebPage\",\"@id\":\"https:\/\/www.esports-betting.pro\/de\/starcraft-2-3\/starcraft-ii-world-championship-series-2013-wcs\/\",\"url\":\"https:\/\/www.esports-betting.pro\/de\/starcraft-2-3\/starcraft-ii-world-championship-series-2013-wcs\/\",\"name\":\"Starcraft 2 WCS - Infos zur World Championship Series 2013\",\"isPartOf\":{\"@id\":\"https:\/\/www.esports-betting.pro\/de\/#website\"},\"datePublished\":\"2013-05-10T18:55:09+00:00\",\"dateModified\":\"2013-05-10T18:55:09+00:00\",\"description\":\"Erfahre mehr \u00fcber Ablauf, Livestreams und Wetten auf die Starcraft 2 World Championship Series 2013 (WCS)\",\"breadcrumb\":{\"@id\":\"https:\/\/www.esports-betting.pro\/de\/starcraft-2-3\/starcraft-ii-world-championship-series-2013-wcs\/#breadcrumb\"},\"inLanguage\":\"de-DE\",\"potentialAction\":[{\"@type\":\"ReadAction\",\"target\":[\"https:\/\/www.esports-betting.pro\/de\/starcraft-2-3\/starcraft-ii-world-championship-series-2013-wcs\/\"]}]},{\"@type\":\"BreadcrumbList\",\"@id\":\"https:\/\/www.esports-betting.pro\/de\/starcraft-2-3\/starcraft-ii-world-championship-series-2013-wcs\/#breadcrumb\",\"itemListElement\":[{\"@type\":\"ListItem\",\"position\":1,\"name\":\"Home\",\"item\":\"https:\/\/www.esports-betting.pro\/de\/\"},{\"@type\":\"ListItem\",\"position\":2,\"name\":\"Starcraft 2 &#8211; Wetten und Wettanbieter \u00dcbersicht f\u00fcr SC2 2018\/2019\",\"item\":\"https:\/\/www.esports-betting.pro\/de\/starcraft-2-3\/\"},{\"@type\":\"ListItem\",\"position\":3,\"name\":\"StarCraft II World Championship Series 2013 (WCS)\"}]},{\"@type\":\"WebSite\",\"@id\":\"https:\/\/www.esports-betting.pro\/de\/#website\",\"url\":\"https:\/\/www.esports-betting.pro\/de\/\",\"name\":\"Esports Betting - DE\",\"description\":\"Just another Esports Betting Sites site\",\"potentialAction\":[{\"@type\":\"SearchAction\",\"target\":{\"@type\":\"EntryPoint\",\"urlTemplate\":\"https:\/\/www.esports-betting.pro\/de\/?s={search_term_string}\"},\"query-input\":\"required name=search_term_string\"}],\"inLanguage\":\"de-DE\"}]}<\/script>\n<!-- \/ Yoast SEO plugin. -->","yoast_head_json":{"title":"Starcraft 2 WCS - Infos zur World Championship Series 2013","description":"Erfahre mehr \u00fcber Ablauf, Livestreams und Wetten auf die Starcraft 2 World Championship Series 2013 (WCS)","robots":{"index":"index","follow":"follow","max-snippet":"max-snippet:-1","max-image-preview":"max-image-preview:large","max-video-preview":"max-video-preview:-1"},"canonical":"https:\/\/www.esports-betting.pro\/de\/starcraft-2-3\/starcraft-ii-world-championship-series-2013-wcs\/","og_locale":"de_DE","og_type":"article","og_title":"Starcraft 2 WCS - Infos zur World Championship Series 2013","og_description":"Erfahre mehr \u00fcber Ablauf, Livestreams und Wetten auf die Starcraft 2 World Championship Series 2013 (WCS)","og_url":"https:\/\/www.esports-betting.pro\/de\/starcraft-2-3\/starcraft-ii-world-championship-series-2013-wcs\/","og_site_name":"Esports Betting - DE","twitter_card":"summary_large_image","twitter_misc":{"Est. reading time":"2 Minuten"},"schema":{"@context":"https:\/\/schema.org","@graph":[{"@type":"WebPage","@id":"https:\/\/www.esports-betting.pro\/de\/starcraft-2-3\/starcraft-ii-world-championship-series-2013-wcs\/","url":"https:\/\/www.esports-betting.pro\/de\/starcraft-2-3\/starcraft-ii-world-championship-series-2013-wcs\/","name":"Starcraft 2 WCS - Infos zur World Championship Series 2013","isPartOf":{"@id":"https:\/\/www.esports-betting.pro\/de\/#website"},"datePublished":"2013-05-10T18:55:09+00:00","dateModified":"2013-05-10T18:55:09+00:00","description":"Erfahre mehr \u00fcber Ablauf, Livestreams und Wetten auf die Starcraft 2 World Championship Series 2013 (WCS)","breadcrumb":{"@id":"https:\/\/www.esports-betting.pro\/de\/starcraft-2-3\/starcraft-ii-world-championship-series-2013-wcs\/#breadcrumb"},"inLanguage":"de-DE","potentialAction":[{"@type":"ReadAction","target":["https:\/\/www.esports-betting.pro\/de\/starcraft-2-3\/starcraft-ii-world-championship-series-2013-wcs\/"]}]},{"@type":"BreadcrumbList","@id":"https:\/\/www.esports-betting.pro\/de\/starcraft-2-3\/starcraft-ii-world-championship-series-2013-wcs\/#breadcrumb","itemListElement":[{"@type":"ListItem","position":1,"name":"Home","item":"https:\/\/www.esports-betting.pro\/de\/"},{"@type":"ListItem","position":2,"name":"Starcraft 2 &#8211; Wetten und Wettanbieter \u00dcbersicht f\u00fcr SC2 2018\/2019","item":"https:\/\/www.esports-betting.pro\/de\/starcraft-2-3\/"},{"@type":"ListItem","position":3,"name":"StarCraft II World Championship Series 2013 (WCS)"}]},{"@type":"WebSite","@id":"https:\/\/www.esports-betting.pro\/de\/#website","url":"https:\/\/www.esports-betting.pro\/de\/","name":"Esports Betting - DE","description":"Just another Esports Betting Sites site","potentialAction":[{"@type":"SearchAction","target":{"@type":"EntryPoint","urlTemplate":"https:\/\/www.esports-betting.pro\/de\/?s={search_term_string}"},"query-input":"required name=search_term_string"}],"inLanguage":"de-DE"}]}},"_links":{"self":[{"href":"https:\/\/www.esports-betting.pro\/de\/wp-json\/wp\/v2\/pages\/408"}],"collection":[{"href":"https:\/\/www.esports-betting.pro\/de\/wp-json\/wp\/v2\/pages"}],"about":[{"href":"https:\/\/www.esports-betting.pro\/de\/wp-json\/wp\/v2\/types\/page"}],"author":[{"embeddable":true,"href":"https:\/\/www.esports-betting.pro\/de\/wp-json\/wp\/v2\/users\/24"}],"replies":[{"embeddable":true,"href":"https:\/\/www.esports-betting.pro\/de\/wp-json\/wp\/v2\/comments?post=408"}],"version-history":[{"count":0,"href":"https:\/\/www.esports-betting.pro\/de\/wp-json\/wp\/v2\/pages\/408\/revisions"}],"up":[{"embeddable":true,"href":"https:\/\/www.esports-betting.pro\/de\/wp-json\/wp\/v2\/pages\/90"}],"wp:attachment":[{"href":"https:\/\/www.esports-betting.pro\/de\/wp-json\/wp\/v2\/media?parent=408"}],"curies":[{"name":"wp","href":"https:\/\/api.w.org\/{rel}","templated":true}]}}