{"id":3890,"date":"2015-08-01T16:47:21","date_gmt":"2015-08-01T16:47:21","guid":{"rendered":"https:\/\/www.esports-betting.pro\/de\/?page_id=3890"},"modified":"2024-02-22T10:23:15","modified_gmt":"2024-02-22T10:23:15","slug":"haupt-main-event-overview","status":"publish","type":"page","link":"https:\/\/www.esports-betting.pro\/de\/dota2\/ti5-the-international-2015\/haupt-main-event-overview\/","title":{"rendered":"TI5 Main Event (Playoffs) &#8211; \u00dcbersicht"},"content":{"rendered":"<p style=\"text-align: justify;\"><img loading=\"lazy\" decoding=\"async\" class=\"alignright size-full wp-image-3631\" src=\"https:\/\/www.esports-betting.pro\/app\/uploads\/sites\/2\/TI5-The-International-2015-Logo.jpg\" alt=\"TI5 - The International 2015 - Logo\" width=\"210\" height=\"160\" \/>Nach dem Ende der spannenden<a href=\"https:\/\/www.esports-betting.pro\/de\/dota2\/ti5-the-international-2015\/gruppen-phase-uebersicht\/\"> Gruppenphase<\/a> ist es Zeit f\u00fcr das Main Event des TI5! Das Main Event (oder Playoffs) des International 2015 startet am Montag den 3. August und l\u00e4uft bis zum gro\u00dfen Finale am Samstag den 8. August 2015. Da durch die Gruppenphase lediglich die Seeding Order f\u00fcr die Playoff-Phase des Dota 2 Turniers festgelegt wurde, sind immer noch alle 16 Teams im Rennen! Aber ab jetzt werden K\u00f6pfe Rollen \u2013 f\u00fcr die 8 Teams im Lower Bracket bedeutet eine Niederlage das Ausscheiden aus dem Turnier. Die Teams im Upper Bracket steigen nach einer Niederlage in das Lower Bracket der TI5 Playoffs ab, und haben somit eine zweite Chance sich doch noch bis ins Finale hochzuk\u00e4mpfen. Die erste Runde im Lower Bracket ist Best of 1, ansonst sind alle Matches in der Playoff-Phase des Main Events Best of 3 &#8211; nur das Finale wird im Best of 5 Modus gespielt. Es wird hei\u00df \u2013 Willkommen beim Main Event des Internationals 2015!<\/p>\n<p style=\"text-align: justify;\"><strong>&gt;&gt;&gt;<a href=\"https:\/\/www.esports-betting.pro\/de\/news\/dota-2\/ti5-halbfinale-und-finale\/\"> TI5 Main Event Wetten und Quoten f\u00fcr Tag 6 &#8211; Finale und Halbfinale<\/a><\/strong><br \/>\n&gt;&gt;&gt; <a href=\"https:\/\/www.esports-betting.pro\/de\/dota2\/ti5-the-international-2015\/\">Zur TI5 &#8211; The International 2015 Turnier \u00dcbersicht<br \/>\n<\/a>&gt;&gt;&gt;\u00a0<a href=\"https:\/\/www.esports-betting.pro\/de\/dota2\/ti5-the-international-2015\/all-star-match\/\">TI5 All Star Match \u00a0&#8211; 06.08.2015<\/a><\/p>\n<h2>TI5- Main Event Upper Bracket &#8211; Spielplan & Ergebnisse &#8211; Tag 6<\/h2>\n<p><img loading=\"lazy\" decoding=\"async\" class=\"aligncenter size-full wp-image-3988\" src=\"https:\/\/www.esports-betting.pro\/app\/uploads\/sites\/2\/TI5-mainevent-day5-spielplan-resultate-upper-bracket1.jpg\" alt=\"TI5 mainevent tag 6 Grand Finals spielplan resultate upper bracket\" width=\"700\" height=\"313\" \/><\/p>\n<h2 style=\"clear: both; text-align: left;\">TI5 &#8211; Main Event Lower Bracket &#8211; Spielplan & Ergebnisse &#8211; Tag 6<\/h2>\n<p style=\"text-align: justify;\"><img loading=\"lazy\" decoding=\"async\" class=\"aligncenter size-full wp-image-3987\" src=\"https:\/\/www.esports-betting.pro\/app\/uploads\/sites\/2\/TI5-mainevent-day5-spielplan-resultate-lower-bracket1.jpg\" alt=\"TI5 mainevent tag 6 Grand Finals spielplan resultate lower bracket\" width=\"700\" height=\"360\" \/><\/p>\n<h3 style=\"text-align: justify; clear: both;\"><strong><br \/>\nGruppenphase Ergebnisse:<\/strong><\/h3>\n<p style=\"text-align: justify;\"><img loading=\"lazy\" decoding=\"async\" class=\" size-full wp-image-3891 aligncenter\" src=\"https:\/\/www.esports-betting.pro\/app\/uploads\/sites\/2\/TI5-haupt-event-standings.jpg\" alt=\"TI5 haupt-event standings\" width=\"510\" height=\"406\" \/><\/p>\n<p style=\"text-align: center;\">&gt;&gt;&gt; <a href=\"https:\/\/www.esports-betting.pro\/de\/dota2\/ti5-the-international-2015\/gruppen-phase-uebersicht\/\">alle Ergebnisse in der Gruppenphase<\/a> &lt;&lt;&lt;<\/p>\n<h3>TI5 Main Event Tag 6 &#8211; Grand Finals\u00a0&#8211; Wetten und Quoten bet365 &#8211;\u00a008.08.2015:<\/h3>\n<p style=\"text-align: center;\"><em><span style=\"color: #008000;\"><img loading=\"lazy\" decoding=\"async\" class=\"aligncenter size-full wp-image-3993\" src=\"https:\/\/www.esports-betting.pro\/app\/uploads\/sites\/2\/TI5-mainevent-tag6-Grand-finals-wetten-quoten-bet365.jpg\" alt=\"TI5 mainevent tag 6 Grand finals wetten quoten bet365\" width=\"598\" height=\"76\" \/><br \/>\n<a href=\"https:\/\/www.esports-betting.pro\/de\/buchmacher\/bet365\" target=\"_blank\" rel=\"nofollow noopener\">&gt;&gt;&gt; Aktuelle Quoten von Bet365\u00a0&gt;&gt;<\/a><\/span><\/em><\/p>\n<p><a name=\"TI5-Main-Event-Wetten\"><\/a><\/p>\n","protected":false},"excerpt":{"rendered":"<p>Nach dem Ende der spannenden Gruppenphase ist es Zeit f\u00fcr das Main Event des TI5! Das Main Event (oder Playoffs) des International 2015 startet am Montag den 3. August und l\u00e4uft bis zum gro\u00dfen Finale am Samstag den 8. August 2015. Da durch die Gruppenphase lediglich die Seeding Order f\u00fcr die Playoff-Phase des Dota 2 &hellip; <a href=\"https:\/\/www.esports-betting.pro\/de\/dota2\/ti5-the-international-2015\/haupt-main-event-overview\/\">Continued<\/a><\/p>\n","protected":false},"author":24,"featured_media":0,"parent":3398,"menu_order":0,"comment_status":"closed","ping_status":"closed","template":"","meta":{"_acf_changed":false,"footnotes":""},"acf":[],"yoast_head":"<!-- This site is optimized with the Yoast SEO plugin v22.6 - https:\/\/yoast.com\/wordpress\/plugins\/seo\/ -->\n<title>TI5 Haupt Event | Main Event \u00dcbersicht<\/title>\n<meta name=\"description\" content=\"\u00dcbersicht \u00fcber das &quot;The International 2015&quot; Haupt\/Main Event (TI5 03.08. - 08.08.2015) Spielplan mit Statistiken, Tabellen und Ergebnissen.\" \/>\n<meta name=\"robots\" content=\"index, follow, max-snippet:-1, max-image-preview:large, max-video-preview:-1\" \/>\n<link rel=\"canonical\" href=\"https:\/\/www.esports-betting.pro\/de\/dota2\/ti5-the-international-2015\/haupt-main-event-overview\/\" \/>\n<meta property=\"og:locale\" content=\"de_DE\" \/>\n<meta property=\"og:type\" content=\"article\" \/>\n<meta property=\"og:title\" content=\"TI5 Haupt Event | Main Event \u00dcbersicht\" \/>\n<meta property=\"og:description\" content=\"\u00dcbersicht \u00fcber das &quot;The International 2015&quot; Haupt\/Main Event (TI5 03.08. - 08.08.2015) Spielplan mit Statistiken, Tabellen und Ergebnissen.\" \/>\n<meta property=\"og:url\" content=\"https:\/\/www.esports-betting.pro\/de\/dota2\/ti5-the-international-2015\/haupt-main-event-overview\/\" \/>\n<meta property=\"og:site_name\" content=\"Esports Betting - DE\" \/>\n<meta property=\"article:modified_time\" content=\"2024-02-22T10:23:15+00:00\" \/>\n<meta property=\"og:image\" content=\"https:\/\/www.esports-betting.pro\/app\/uploads\/sites\/2\/TI5-The-International-2015-Logo.jpg\" \/>\n<meta name=\"twitter:card\" content=\"summary_large_image\" \/>\n<meta name=\"twitter:label1\" content=\"Est. reading time\" \/>\n\t<meta name=\"twitter:data1\" content=\"3 Minuten\" \/>\n<script type=\"application\/ld+json\" class=\"yoast-schema-graph\">{\"@context\":\"https:\/\/schema.org\",\"@graph\":[{\"@type\":\"WebPage\",\"@id\":\"https:\/\/www.esports-betting.pro\/de\/dota2\/ti5-the-international-2015\/haupt-main-event-overview\/\",\"url\":\"https:\/\/www.esports-betting.pro\/de\/dota2\/ti5-the-international-2015\/haupt-main-event-overview\/\",\"name\":\"TI5 Haupt Event | Main Event \u00dcbersicht\",\"isPartOf\":{\"@id\":\"https:\/\/www.esports-betting.pro\/de\/#website\"},\"primaryImageOfPage\":{\"@id\":\"https:\/\/www.esports-betting.pro\/de\/dota2\/ti5-the-international-2015\/haupt-main-event-overview\/#primaryimage\"},\"image\":{\"@id\":\"https:\/\/www.esports-betting.pro\/de\/dota2\/ti5-the-international-2015\/haupt-main-event-overview\/#primaryimage\"},\"thumbnailUrl\":\"https:\/\/www.esports-betting.pro\/app\/uploads\/sites\/2\/TI5-The-International-2015-Logo.jpg\",\"datePublished\":\"2015-08-01T16:47:21+00:00\",\"dateModified\":\"2024-02-22T10:23:15+00:00\",\"description\":\"\u00dcbersicht \u00fcber das \\\"The International 2015\\\" Haupt\/Main Event (TI5 03.08. - 08.08.2015) Spielplan mit Statistiken, Tabellen und Ergebnissen.\",\"breadcrumb\":{\"@id\":\"https:\/\/www.esports-betting.pro\/de\/dota2\/ti5-the-international-2015\/haupt-main-event-overview\/#breadcrumb\"},\"inLanguage\":\"de-DE\",\"potentialAction\":[{\"@type\":\"ReadAction\",\"target\":[\"https:\/\/www.esports-betting.pro\/de\/dota2\/ti5-the-international-2015\/haupt-main-event-overview\/\"]}]},{\"@type\":\"ImageObject\",\"inLanguage\":\"de-DE\",\"@id\":\"https:\/\/www.esports-betting.pro\/de\/dota2\/ti5-the-international-2015\/haupt-main-event-overview\/#primaryimage\",\"url\":\"https:\/\/www.esports-betting.pro\/app\/uploads\/sites\/2\/TI5-The-International-2015-Logo.jpg\",\"contentUrl\":\"https:\/\/www.esports-betting.pro\/app\/uploads\/sites\/2\/TI5-The-International-2015-Logo.jpg\"},{\"@type\":\"BreadcrumbList\",\"@id\":\"https:\/\/www.esports-betting.pro\/de\/dota2\/ti5-the-international-2015\/haupt-main-event-overview\/#breadcrumb\",\"itemListElement\":[{\"@type\":\"ListItem\",\"position\":1,\"name\":\"Home\",\"item\":\"https:\/\/www.esports-betting.pro\/de\/\"},{\"@type\":\"ListItem\",\"position\":2,\"name\":\"Dota 2 Wetten &#8211; Wettanbieter und Quoten\",\"item\":\"https:\/\/www.esports-betting.pro\/de\/dota2\/\"},{\"@type\":\"ListItem\",\"position\":3,\"name\":\"TI5 &#8211; The International 2015 | Dota 2\",\"item\":\"https:\/\/www.esports-betting.pro\/de\/dota2\/ti5-the-international-2015\/\"},{\"@type\":\"ListItem\",\"position\":4,\"name\":\"TI5 Main Event (Playoffs) &#8211; \u00dcbersicht\"}]},{\"@type\":\"WebSite\",\"@id\":\"https:\/\/www.esports-betting.pro\/de\/#website\",\"url\":\"https:\/\/www.esports-betting.pro\/de\/\",\"name\":\"Esports Betting - DE\",\"description\":\"Just another Esports Betting Sites site\",\"potentialAction\":[{\"@type\":\"SearchAction\",\"target\":{\"@type\":\"EntryPoint\",\"urlTemplate\":\"https:\/\/www.esports-betting.pro\/de\/?s={search_term_string}\"},\"query-input\":\"required name=search_term_string\"}],\"inLanguage\":\"de-DE\"}]}<\/script>\n<!-- \/ Yoast SEO plugin. -->","yoast_head_json":{"title":"TI5 Haupt Event | Main Event \u00dcbersicht","description":"\u00dcbersicht \u00fcber das \"The International 2015\" Haupt\/Main Event (TI5 03.08. - 08.08.2015) Spielplan mit Statistiken, Tabellen und Ergebnissen.","robots":{"index":"index","follow":"follow","max-snippet":"max-snippet:-1","max-image-preview":"max-image-preview:large","max-video-preview":"max-video-preview:-1"},"canonical":"https:\/\/www.esports-betting.pro\/de\/dota2\/ti5-the-international-2015\/haupt-main-event-overview\/","og_locale":"de_DE","og_type":"article","og_title":"TI5 Haupt Event | Main Event \u00dcbersicht","og_description":"\u00dcbersicht \u00fcber das \"The International 2015\" Haupt\/Main Event (TI5 03.08. - 08.08.2015) Spielplan mit Statistiken, Tabellen und Ergebnissen.","og_url":"https:\/\/www.esports-betting.pro\/de\/dota2\/ti5-the-international-2015\/haupt-main-event-overview\/","og_site_name":"Esports Betting - DE","article_modified_time":"2024-02-22T10:23:15+00:00","og_image":[{"url":"https:\/\/www.esports-betting.pro\/app\/uploads\/sites\/2\/TI5-The-International-2015-Logo.jpg"}],"twitter_card":"summary_large_image","twitter_misc":{"Est. reading time":"3 Minuten"},"schema":{"@context":"https:\/\/schema.org","@graph":[{"@type":"WebPage","@id":"https:\/\/www.esports-betting.pro\/de\/dota2\/ti5-the-international-2015\/haupt-main-event-overview\/","url":"https:\/\/www.esports-betting.pro\/de\/dota2\/ti5-the-international-2015\/haupt-main-event-overview\/","name":"TI5 Haupt Event | Main Event \u00dcbersicht","isPartOf":{"@id":"https:\/\/www.esports-betting.pro\/de\/#website"},"primaryImageOfPage":{"@id":"https:\/\/www.esports-betting.pro\/de\/dota2\/ti5-the-international-2015\/haupt-main-event-overview\/#primaryimage"},"image":{"@id":"https:\/\/www.esports-betting.pro\/de\/dota2\/ti5-the-international-2015\/haupt-main-event-overview\/#primaryimage"},"thumbnailUrl":"https:\/\/www.esports-betting.pro\/app\/uploads\/sites\/2\/TI5-The-International-2015-Logo.jpg","datePublished":"2015-08-01T16:47:21+00:00","dateModified":"2024-02-22T10:23:15+00:00","description":"\u00dcbersicht \u00fcber das \"The International 2015\" Haupt\/Main Event (TI5 03.08. - 08.08.2015) Spielplan mit Statistiken, Tabellen und Ergebnissen.","breadcrumb":{"@id":"https:\/\/www.esports-betting.pro\/de\/dota2\/ti5-the-international-2015\/haupt-main-event-overview\/#breadcrumb"},"inLanguage":"de-DE","potentialAction":[{"@type":"ReadAction","target":["https:\/\/www.esports-betting.pro\/de\/dota2\/ti5-the-international-2015\/haupt-main-event-overview\/"]}]},{"@type":"ImageObject","inLanguage":"de-DE","@id":"https:\/\/www.esports-betting.pro\/de\/dota2\/ti5-the-international-2015\/haupt-main-event-overview\/#primaryimage","url":"https:\/\/www.esports-betting.pro\/app\/uploads\/sites\/2\/TI5-The-International-2015-Logo.jpg","contentUrl":"https:\/\/www.esports-betting.pro\/app\/uploads\/sites\/2\/TI5-The-International-2015-Logo.jpg"},{"@type":"BreadcrumbList","@id":"https:\/\/www.esports-betting.pro\/de\/dota2\/ti5-the-international-2015\/haupt-main-event-overview\/#breadcrumb","itemListElement":[{"@type":"ListItem","position":1,"name":"Home","item":"https:\/\/www.esports-betting.pro\/de\/"},{"@type":"ListItem","position":2,"name":"Dota 2 Wetten &#8211; Wettanbieter und Quoten","item":"https:\/\/www.esports-betting.pro\/de\/dota2\/"},{"@type":"ListItem","position":3,"name":"TI5 &#8211; The International 2015 | Dota 2","item":"https:\/\/www.esports-betting.pro\/de\/dota2\/ti5-the-international-2015\/"},{"@type":"ListItem","position":4,"name":"TI5 Main Event (Playoffs) &#8211; \u00dcbersicht"}]},{"@type":"WebSite","@id":"https:\/\/www.esports-betting.pro\/de\/#website","url":"https:\/\/www.esports-betting.pro\/de\/","name":"Esports Betting - DE","description":"Just another Esports Betting Sites site","potentialAction":[{"@type":"SearchAction","target":{"@type":"EntryPoint","urlTemplate":"https:\/\/www.esports-betting.pro\/de\/?s={search_term_string}"},"query-input":"required name=search_term_string"}],"inLanguage":"de-DE"}]}},"_links":{"self":[{"href":"https:\/\/www.esports-betting.pro\/de\/wp-json\/wp\/v2\/pages\/3890"}],"collection":[{"href":"https:\/\/www.esports-betting.pro\/de\/wp-json\/wp\/v2\/pages"}],"about":[{"href":"https:\/\/www.esports-betting.pro\/de\/wp-json\/wp\/v2\/types\/page"}],"author":[{"embeddable":true,"href":"https:\/\/www.esports-betting.pro\/de\/wp-json\/wp\/v2\/users\/24"}],"replies":[{"embeddable":true,"href":"https:\/\/www.esports-betting.pro\/de\/wp-json\/wp\/v2\/comments?post=3890"}],"version-history":[{"count":1,"href":"https:\/\/www.esports-betting.pro\/de\/wp-json\/wp\/v2\/pages\/3890\/revisions"}],"predecessor-version":[{"id":52889,"href":"https:\/\/www.esports-betting.pro\/de\/wp-json\/wp\/v2\/pages\/3890\/revisions\/52889"}],"up":[{"embeddable":true,"href":"https:\/\/www.esports-betting.pro\/de\/wp-json\/wp\/v2\/pages\/3398"}],"wp:attachment":[{"href":"https:\/\/www.esports-betting.pro\/de\/wp-json\/wp\/v2\/media?parent=3890"}],"curies":[{"name":"wp","href":"https:\/\/api.w.org\/{rel}","templated":true}]}}