{"id":3521,"date":"2015-06-16T11:38:23","date_gmt":"2015-06-16T11:38:23","guid":{"rendered":"https:\/\/www.esports-betting.pro\/de\/?page_id=3521"},"modified":"2015-06-16T11:38:23","modified_gmt":"2015-06-16T11:38:23","slug":"regionale-qualifikationen-uebersicht","status":"publish","type":"page","link":"https:\/\/www.esports-betting.pro\/de\/dota2\/ti5-the-international-2015\/regionale-qualifikationen-uebersicht\/","title":{"rendered":"TI5 Regionale Qualifikationen \u00dcbersicht"},"content":{"rendered":"<p>\u201e<a href=\"https:\/\/www.esports-betting.pro\/de\/dota2\/ti5-the-international-2015\/\">The International 2015<\/a>\u201c Dota 2 Regionale Qualifikation im \u00dcberblick<\/p>\n<h3>Europ\u00e4ische TI5 Qualifikation Gewinner: <span style=\"color: #800080\">Natus Vincere<\/span><\/h3>\n<p style=\"text-align: center\"><strong>Aktive Spieler:<\/strong><br \/>\nOleksandr Dashkevych &#8211; XBOCT<br \/>\nDanil Ishutin &#8211; Dendi<br \/>\nGleb Lipatnikov &#8211; Funn1k<br \/>\nAkbar Butaev &#8211; SoNNeikO<br \/>\nIvan Antonov \u2013 Kunststil<\/p>\n<p style=\"text-align: center\"><strong>Bemerkenswerte Leistungen:<\/strong><br \/>\n2. Ausgezeichnete Moskau Cup Season 2<br \/>\n1. Dota 2 Champions League Season 4<br \/>\n2. HyperX D2L westlichen Herausforderung<\/p>\n<p style=\"text-align: justify\">Natus Vincere (NaVi) hat ein wahrlich turbulentes Jahr hinter sich. Der pl\u00f6tzliche Ausstieg\u00a0von Puppey und Kuroky hat eine gro\u00dfe L\u00fccke hinterlassen mit der Natus Vincere anfangs hart\u00a0k\u00e4mpfte. Sie hatten kein Turnier\u00a0in den Top 3 beendet und sind sogar mehrmals in einer\u00a0fr\u00fchen Turnierphase eliminiert worden. Doch nach mehreren Erfolgen in den letzten Monaten konnten sie sich, zur Freude der gro\u00dfen Fanbasis, nun schlie\u00dflich f\u00fcr das Dota 2 Gro\u00dfevent des Jahres &#8220;The Internationl 2015&#8221; qualifizieren. Ein TI ohne NaVi w\u00e4re f\u00fcr viele Dota 2 Fans kaum denkbar gewesen, nachdem sie seit bestehen des Turniers stets in den Top 3 gewesen sind.<\/p>\n<h3>Amerikanische TI5 Qualifikation Gewinner: <span style=\"color: #800080\">compLexity\u00a0Gaming<\/span><\/h3>\n<p style=\"text-align: center\"><strong>Aktive Spieler:<\/strong><br \/>\nLuis Perez &#8211; Zyzz<br \/>\nKyle Freedman &#8211; swindlemelonzz<br \/>\nDavid Tan &#8211; MoonMeander<br \/>\nTal Aizik &#8211; Simbaaa<br \/>\nZakari Freedman &#8211; Zfreek<\/p>\n<p style=\"text-align: center\"><strong>Bemerkenswerte Leistungen:<\/strong><br \/>\n3. Platz Dota 2 Canada Cup Season 4<br \/>\n2. Platz Battle of America<br \/>\n3. Platz Dota 2 Canada Cup Season 3<\/p>\n<p style=\"text-align: justify\">CompLexity Gaming ist eine der am meisten respektierten E-Sport-Organisationen in Nordamerika. Nach einer Pause in Dota 2 Pro Gaming seit 2012 kommen sie nun mit voller Wucht und einer TI5 Qualifizierung in die Dota 2\u00a0Gaming-Szene zur\u00fcck.<br \/>\nCompLexity Gaming ist einer der Au\u00dfenseiter des Turniers, aber\u00a0mit Sicherheit nicht zu untersch\u00e4tzen.<\/p>\n<h3>Asiatische TI5 Qualifikation Gewinner: <span style=\"color: #800080\">MVP Hot6ix<\/span><\/h3>\n<p style=\"text-align: center\"><strong>Aktive Spieler:<\/strong><br \/>\nLee Sang-don &#8211; Forev<br \/>\nPyo No-a &#8211; MP<br \/>\nLee Jeong-jae &#8211; SunBhie<br \/>\nJessa Vainikka &#8211; JerAx<br \/>\nLee Seung-Eck &#8211; Heen<\/p>\n<p style=\"text-align: center\"><strong>Bemerkenswerte Erfolge:<\/strong><br \/>\n1. Mineski Pro-Gaming League Saison 7 SEA<\/p>\n<p style=\"text-align: justify\">MVP ist eine angesehene E-Sport-Organisation seit 2010. Sie begann mit\u00a0Starcraft II und befindet sich seitdem in verschiedene E-Sport-Arten vertreten. MVP Hot6ix ist eines der neueren\u00a0Teams in ihrem\u00a0Portfolio und gelten als Underdogs in der\u00a0Dota 2-Community.<\/p>\n<h3>Chinesische TI5 Qualifikation Gewinner: <span style=\"color: #800080\">ehome<\/span><\/h3>\n<p style=\"text-align: center\"><strong>Aktive Spieler:<\/strong><br \/>\nYang Pu &#8211; Yang<br \/>\nChen Tianyu &#8211; Cty<br \/>\nBai Fan &#8211; ROTK<br \/>\nZhang Zhicheng &#8211; LanM<br \/>\nLiang Faming &#8211; DDC<\/p>\n<p style=\"text-align: center\"><strong>Bemerkenswerte Leistungen:<\/strong><br \/>\n2. MarsTV 2015 chinesische Liga<br \/>\n1. joinDOTA Masters VII<\/p>\n<p style=\"text-align: justify\">Ein weiteres Team, das wiederauferstanden ist, ist ehome. Sie wurden 2013 aufgel\u00f6st und vom ehemaligen Trainer-Team mit Mushi und Ohaiyo wiederbelebt. Ehome will versuchen zu ihrem\u00a0fr\u00fcheren Glanz zur\u00fcck zu kehren\u00a0&#8211; sie erreichten auf ihrem\u00a0H\u00f6hepunkt des\u00a0Erfolges den\u00a0zweiten Platz beim International 2011\u00a0nach\u00a0einer Niederlage gegen Natus Vincere, und seitdem ist es stets bergab gegangen. Nun zur\u00fcck beim TI5 nach einer langen Pause\u00a0wollen sie\u00a0diese Chance n\u00fctzen\u00a0und der Welt zeigen dass\u00a0ehome zur\u00fcck an der Spitze ist.<\/p>\n","protected":false},"excerpt":{"rendered":"<p>\u201eThe International 2015\u201c Dota 2 Regionale Qualifikation im \u00dcberblick Europ\u00e4ische TI5 Qualifikation Gewinner: Natus Vincere Aktive Spieler: Oleksandr Dashkevych &#8211; XBOCT Danil Ishutin &#8211; Dendi Gleb Lipatnikov &#8211; Funn1k Akbar Butaev &#8211; SoNNeikO Ivan Antonov \u2013 Kunststil Bemerkenswerte Leistungen: 2. Ausgezeichnete Moskau Cup Season 2 1. Dota 2 Champions League Season 4 2. HyperX D2L &hellip; <a href=\"https:\/\/www.esports-betting.pro\/de\/dota2\/ti5-the-international-2015\/regionale-qualifikationen-uebersicht\/\">Continued<\/a><\/p>\n","protected":false},"author":24,"featured_media":0,"parent":3398,"menu_order":0,"comment_status":"closed","ping_status":"closed","template":"","meta":{"_acf_changed":false,"footnotes":""},"acf":[],"yoast_head":"<!-- This site is optimized with the Yoast SEO plugin v22.6 - https:\/\/yoast.com\/wordpress\/plugins\/seo\/ -->\n<title>TI5 Dota 2 Regionale Qualifikationen<\/title>\n<meta name=\"description\" content=\"\u00dcbersicht der regionalen &quot;The International 2015&quot; Qualifikations Gewinner, mit deren aktiven Spielern und nennenswerten Team Erfolgen.\" \/>\n<meta name=\"robots\" content=\"index, follow, max-snippet:-1, max-image-preview:large, max-video-preview:-1\" \/>\n<link rel=\"canonical\" href=\"https:\/\/www.esports-betting.pro\/de\/dota2\/ti5-the-international-2015\/regionale-qualifikationen-uebersicht\/\" \/>\n<meta property=\"og:locale\" content=\"de_DE\" \/>\n<meta property=\"og:type\" content=\"article\" \/>\n<meta property=\"og:title\" content=\"TI5 Dota 2 Regionale Qualifikationen\" \/>\n<meta property=\"og:description\" content=\"\u00dcbersicht der regionalen &quot;The International 2015&quot; Qualifikations Gewinner, mit deren aktiven Spielern und nennenswerten Team Erfolgen.\" \/>\n<meta property=\"og:url\" content=\"https:\/\/www.esports-betting.pro\/de\/dota2\/ti5-the-international-2015\/regionale-qualifikationen-uebersicht\/\" \/>\n<meta property=\"og:site_name\" content=\"Esports Betting - DE\" \/>\n<meta name=\"twitter:card\" content=\"summary_large_image\" \/>\n<meta name=\"twitter:label1\" content=\"Est. reading time\" \/>\n\t<meta name=\"twitter:data1\" content=\"2 Minuten\" \/>\n<script type=\"application\/ld+json\" class=\"yoast-schema-graph\">{\"@context\":\"https:\/\/schema.org\",\"@graph\":[{\"@type\":\"WebPage\",\"@id\":\"https:\/\/www.esports-betting.pro\/de\/dota2\/ti5-the-international-2015\/regionale-qualifikationen-uebersicht\/\",\"url\":\"https:\/\/www.esports-betting.pro\/de\/dota2\/ti5-the-international-2015\/regionale-qualifikationen-uebersicht\/\",\"name\":\"TI5 Dota 2 Regionale Qualifikationen\",\"isPartOf\":{\"@id\":\"https:\/\/www.esports-betting.pro\/de\/#website\"},\"datePublished\":\"2015-06-16T11:38:23+00:00\",\"dateModified\":\"2015-06-16T11:38:23+00:00\",\"description\":\"\u00dcbersicht der regionalen \\\"The International 2015\\\" Qualifikations Gewinner, mit deren aktiven Spielern und nennenswerten Team Erfolgen.\",\"breadcrumb\":{\"@id\":\"https:\/\/www.esports-betting.pro\/de\/dota2\/ti5-the-international-2015\/regionale-qualifikationen-uebersicht\/#breadcrumb\"},\"inLanguage\":\"de-DE\",\"potentialAction\":[{\"@type\":\"ReadAction\",\"target\":[\"https:\/\/www.esports-betting.pro\/de\/dota2\/ti5-the-international-2015\/regionale-qualifikationen-uebersicht\/\"]}]},{\"@type\":\"BreadcrumbList\",\"@id\":\"https:\/\/www.esports-betting.pro\/de\/dota2\/ti5-the-international-2015\/regionale-qualifikationen-uebersicht\/#breadcrumb\",\"itemListElement\":[{\"@type\":\"ListItem\",\"position\":1,\"name\":\"Home\",\"item\":\"https:\/\/www.esports-betting.pro\/de\/\"},{\"@type\":\"ListItem\",\"position\":2,\"name\":\"Dota 2 Wetten &#8211; Wettanbieter und Quoten\",\"item\":\"https:\/\/www.esports-betting.pro\/de\/dota2\/\"},{\"@type\":\"ListItem\",\"position\":3,\"name\":\"TI5 &#8211; The International 2015 | Dota 2\",\"item\":\"https:\/\/www.esports-betting.pro\/de\/dota2\/ti5-the-international-2015\/\"},{\"@type\":\"ListItem\",\"position\":4,\"name\":\"TI5 Regionale Qualifikationen \u00dcbersicht\"}]},{\"@type\":\"WebSite\",\"@id\":\"https:\/\/www.esports-betting.pro\/de\/#website\",\"url\":\"https:\/\/www.esports-betting.pro\/de\/\",\"name\":\"Esports Betting - DE\",\"description\":\"Just another Esports Betting Sites site\",\"potentialAction\":[{\"@type\":\"SearchAction\",\"target\":{\"@type\":\"EntryPoint\",\"urlTemplate\":\"https:\/\/www.esports-betting.pro\/de\/?s={search_term_string}\"},\"query-input\":\"required name=search_term_string\"}],\"inLanguage\":\"de-DE\"}]}<\/script>\n<!-- \/ Yoast SEO plugin. -->","yoast_head_json":{"title":"TI5 Dota 2 Regionale Qualifikationen","description":"\u00dcbersicht der regionalen \"The International 2015\" Qualifikations Gewinner, mit deren aktiven Spielern und nennenswerten Team Erfolgen.","robots":{"index":"index","follow":"follow","max-snippet":"max-snippet:-1","max-image-preview":"max-image-preview:large","max-video-preview":"max-video-preview:-1"},"canonical":"https:\/\/www.esports-betting.pro\/de\/dota2\/ti5-the-international-2015\/regionale-qualifikationen-uebersicht\/","og_locale":"de_DE","og_type":"article","og_title":"TI5 Dota 2 Regionale Qualifikationen","og_description":"\u00dcbersicht der regionalen \"The International 2015\" Qualifikations Gewinner, mit deren aktiven Spielern und nennenswerten Team Erfolgen.","og_url":"https:\/\/www.esports-betting.pro\/de\/dota2\/ti5-the-international-2015\/regionale-qualifikationen-uebersicht\/","og_site_name":"Esports Betting - DE","twitter_card":"summary_large_image","twitter_misc":{"Est. reading time":"2 Minuten"},"schema":{"@context":"https:\/\/schema.org","@graph":[{"@type":"WebPage","@id":"https:\/\/www.esports-betting.pro\/de\/dota2\/ti5-the-international-2015\/regionale-qualifikationen-uebersicht\/","url":"https:\/\/www.esports-betting.pro\/de\/dota2\/ti5-the-international-2015\/regionale-qualifikationen-uebersicht\/","name":"TI5 Dota 2 Regionale Qualifikationen","isPartOf":{"@id":"https:\/\/www.esports-betting.pro\/de\/#website"},"datePublished":"2015-06-16T11:38:23+00:00","dateModified":"2015-06-16T11:38:23+00:00","description":"\u00dcbersicht der regionalen \"The International 2015\" Qualifikations Gewinner, mit deren aktiven Spielern und nennenswerten Team Erfolgen.","breadcrumb":{"@id":"https:\/\/www.esports-betting.pro\/de\/dota2\/ti5-the-international-2015\/regionale-qualifikationen-uebersicht\/#breadcrumb"},"inLanguage":"de-DE","potentialAction":[{"@type":"ReadAction","target":["https:\/\/www.esports-betting.pro\/de\/dota2\/ti5-the-international-2015\/regionale-qualifikationen-uebersicht\/"]}]},{"@type":"BreadcrumbList","@id":"https:\/\/www.esports-betting.pro\/de\/dota2\/ti5-the-international-2015\/regionale-qualifikationen-uebersicht\/#breadcrumb","itemListElement":[{"@type":"ListItem","position":1,"name":"Home","item":"https:\/\/www.esports-betting.pro\/de\/"},{"@type":"ListItem","position":2,"name":"Dota 2 Wetten &#8211; Wettanbieter und Quoten","item":"https:\/\/www.esports-betting.pro\/de\/dota2\/"},{"@type":"ListItem","position":3,"name":"TI5 &#8211; The International 2015 | Dota 2","item":"https:\/\/www.esports-betting.pro\/de\/dota2\/ti5-the-international-2015\/"},{"@type":"ListItem","position":4,"name":"TI5 Regionale Qualifikationen \u00dcbersicht"}]},{"@type":"WebSite","@id":"https:\/\/www.esports-betting.pro\/de\/#website","url":"https:\/\/www.esports-betting.pro\/de\/","name":"Esports Betting - DE","description":"Just another Esports Betting Sites site","potentialAction":[{"@type":"SearchAction","target":{"@type":"EntryPoint","urlTemplate":"https:\/\/www.esports-betting.pro\/de\/?s={search_term_string}"},"query-input":"required name=search_term_string"}],"inLanguage":"de-DE"}]}},"_links":{"self":[{"href":"https:\/\/www.esports-betting.pro\/de\/wp-json\/wp\/v2\/pages\/3521"}],"collection":[{"href":"https:\/\/www.esports-betting.pro\/de\/wp-json\/wp\/v2\/pages"}],"about":[{"href":"https:\/\/www.esports-betting.pro\/de\/wp-json\/wp\/v2\/types\/page"}],"author":[{"embeddable":true,"href":"https:\/\/www.esports-betting.pro\/de\/wp-json\/wp\/v2\/users\/24"}],"replies":[{"embeddable":true,"href":"https:\/\/www.esports-betting.pro\/de\/wp-json\/wp\/v2\/comments?post=3521"}],"version-history":[{"count":0,"href":"https:\/\/www.esports-betting.pro\/de\/wp-json\/wp\/v2\/pages\/3521\/revisions"}],"up":[{"embeddable":true,"href":"https:\/\/www.esports-betting.pro\/de\/wp-json\/wp\/v2\/pages\/3398"}],"wp:attachment":[{"href":"https:\/\/www.esports-betting.pro\/de\/wp-json\/wp\/v2\/media?parent=3521"}],"curies":[{"name":"wp","href":"https:\/\/api.w.org\/{rel}","templated":true}]}}