{"id":3398,"date":"2015-06-02T12:21:42","date_gmt":"2015-06-02T12:21:42","guid":{"rendered":"https:\/\/www.esports-betting.pro\/de\/?page_id=3398"},"modified":"2015-06-02T12:21:42","modified_gmt":"2015-06-02T12:21:42","slug":"ti5-the-international-2015","status":"publish","type":"page","link":"https:\/\/www.esports-betting.pro\/de\/dota2\/ti5-the-international-2015\/","title":{"rendered":"TI5 &#8211; The International 2015 | Dota 2"},"content":{"rendered":"<p style=\"text-align: justify\"><img loading=\"lazy\" decoding=\"async\" class=\"alignright size-full wp-image-3455\" src=\"https:\/\/www.esports-betting.pro\/app\/uploads\/sites\/2\/TI5-The-International-2015-Dota-2.jpg\" alt=\"TI5 - Dota 2 The International 2015 - Logo\" width=\"245\" height=\"200\" \/>The International 2015 (TI5) ist das\u00a0f\u00fcnfte j\u00e4hrliche Dota 2\u00a0Gro\u00dfturnier von Valve. Zum vierten mal in Folge dient Seattle als Austragungsort und das zweite Jahr in Folge wird das <a href=\"https:\/\/www.esports-betting.pro\/de\/dota2\/ti5-the-international-2015\/haupt-main-event-overview\/\">Main Event<\/a> in der KeyArena Seattle Center mit einer Gesamtkapazit\u00e4t von mehr als 17.000 Zuschauern\u00a0ausgetragen.<\/p>\n<p style=\"text-align: justify\">The Main Event des International 2015\u00a0wurde am 7. Januar angek\u00fcndigt und wird von 3. bis 8. August 2015 stattfinden. Das Tunier startet mit den Wildcard Qualifiers in welchem die letzten beiden Teams bestimmt werden. Die Gruppenphase des Dota 2 Turniers l\u00e4uft vom 27.7 bis zum 30.7. Mehr Infos \u00fcber den <a href=\"https:\/\/www.esports-betting.pro\/de\/news\/dota-2\/ti5-spielplan-dota-2-the-international-2015\/\">TI5 Spielplan findet ihr hier<\/a>. Insgesamt werden 16 Teams um ein Preisgeld von mehr als 17 Millionen US Dollar k\u00e4mpfen. Nat\u00fcrlich werden alle Matches des TI5 im Live Stream \u00fcbertragen.<\/p>\n<h3 style=\"text-align: center\">Alles \u00fcber das n\u00e4chste &#8220;The International 2018&#8221;\u00a0von Dota 2 kannst du hier lesen:<br \/>\n<span style=\"text-decoration: underline\">&gt;&gt; <a href=\"https:\/\/www.esports-betting.pro\/de\/dota2\/ti8-the-international-2018\/\">Dota 2 TI8 &#8211; The International 2018<\/a>&gt;&gt;<\/span><\/h3>\n<h2>Dota 2: The International 2015 Facts:<\/h2>\n<div style=\"float: right;width: 180px;height: 220px;text-align: center\"><strong>Navigation<\/strong><br \/>\n<img loading=\"lazy\" decoding=\"async\" class=\"size-full wp-image-831 alignright\" src=\"https:\/\/www.esports-betting.pro\/app\/uploads\/sites\/2\/button-wettquoten.png\" alt=\"Button mit Link zu Wettquoten\" width=\"171\" height=\"46\" \/><br \/>\n<a href=\"#live-stream\"><img loading=\"lazy\" decoding=\"async\" class=\"size-full wp-image-831 alignright\" src=\"https:\/\/www.esports-betting.pro\/app\/uploads\/sites\/2\/Button-Live-Stream-LoL-WM.png\" alt=\"Button mit Link zum TI5 Live Stream\" width=\"171\" height=\"46\" \/><\/a><br \/>\n<img loading=\"lazy\" decoding=\"async\" class=\"size-full wp-image-831 alignright\" src=\"https:\/\/www.esports-betting.pro\/app\/uploads\/sites\/2\/button-spezial-wetten.png\" alt=\"Button Link zu Spezial Wetten\" width=\"171\" height=\"46\" \/><\/div>\n<ul>\n<li><strong>Wildcard Turnier:<\/strong> 26.07.2015<\/li>\n<li><strong><a href=\"https:\/\/www.esports-betting.pro\/de\/dota2\/ti5-the-international-2015\/gruppen-phase-uebersicht\/\">Gruppenphase<\/a>:<\/strong> 27.07.2015 &#8211; 30.07.2015<\/li>\n<li><strong>Datum <a href=\"https:\/\/www.esports-betting.pro\/de\/dota2\/ti5-the-international-2015\/haupt-main-event-overview\/\">TI5 Main Event<\/a>:\u00a0<\/strong>03.08.2015 &#8211; 08.08.2015<\/li>\n<li>&gt;&gt;&gt; <a href=\"https:\/\/www.esports-betting.pro\/de\/news\/dota-2\/ti5-spielplan-dota-2-the-international-2015\/\">TI5 Spielplan \u00dcbersicht<\/a><\/li>\n<li><strong>Ort:<\/strong>\u00a0Keyarena \/ Seattle Center, Seattle, Washington | USA<\/li>\n<li><strong>Format: <\/strong>Gruppenphase, Playoffs<\/li>\n<li><strong>Patch:<\/strong> voraussichtlich 6.84c<\/li>\n<li><strong>Preisgeld:<\/strong>\u00a0$ 18.429.613<\/li>\n<li>16 Teams<\/li>\n<li>Live Stream f\u00fcr alle Matches verf\u00fcgbar<\/li>\n<li>Wetten und Quoten f\u00fcr alle Games<\/li>\n<li>Hashtag: #TI5<\/li>\n<\/ul>\n<h3 style=\"clear: both;text-align: center\"><em><strong><span style=\"text-decoration: underline\"><a href=\"https:\/\/www.esports-betting.pro\/de\/dota2\/ti5-the-international-2015\/haupt-main-event-overview\/\">-&gt;TI5 &#8211; Main Event\u00a0\u00dcbersicht -&gt;<\/a><\/span><\/strong><\/em><em><strong><span style=\"text-decoration: underline\"><a href=\"https:\/\/www.esports-betting.pro\/de\/dota2\/ti5-the-international-2015\/gruppen-phase-uebersicht\/\"><br \/>\n-&gt;TI5 &#8211; Gruppenphase \u00dcbersicht -&gt;<\/a><\/span><\/strong><\/em><\/h3>\n<div style=\"height: 130px;text-align: center\">\n<figure style=\"width: 100px\" class=\"wp-caption alignleft\"><img loading=\"lazy\" decoding=\"async\" style=\"margin-left: 10px;margin-right: 10px\" src=\"https:\/\/www.esports-betting.pro\/app\/uploads\/sites\/2\/Pinnacle-Sports-Logo.gif\" alt=\"Logo vom Esport Wettanbieter Pinnacle Sports\" width=\"100\" height=\"30\" \/><figcaption class=\"wp-caption-text\"><br \/><strong><a title=\"Esport Wetten bei Pinnacle Sports\" href=\"https:\/\/www.esports-betting.pro\/de\/buchmacher-wettanbieter\/pinnacle-review\/\">Review<\/a><\/strong><\/p>\n<p><\/figcaption><\/figure>\n<figure style=\"width: 100px\" class=\"wp-caption alignleft\"><img loading=\"lazy\" decoding=\"async\" style=\"margin-left: 10px;margin-right: 10px\" src=\"https:\/\/www.esports-betting.pro\/app\/uploads\/sites\/2\/bet-at-home-Logo.gif\" alt=\"Logo vom Esport Wettanbieter Bet-at-Home\" width=\"100\" height=\"31\" \/><figcaption class=\"wp-caption-text\"><br \/><strong><a title=\"Bet-at-Home eSport Review\" href=\"https:\/\/www.esports-betting.pro\/de\/buchmacher-wettanbieter\/bet-at-home-review\/\">Review<\/a><\/strong><\/p>\n<p><\/figcaption><\/figure>\n<\/div>\n<h2>Team \u00dcbersicht &#8211; The International 2015 (TI5)<\/h2>\n<p style=\"text-align: justify\">Insgesamt nehmen 16 Dota 2 Teams am International 2015 teil. Die 16 Teilnehmer bestehen aus 10 eingeladenen (invited) Teams, den 4 Gewinnern der regionalen Qualifikationsturniere und 2 Wildcard Gewinnern die kurz vor dem TI5 bestimmt werden.<\/p>\n<h3>TI5 Eingeladene Teams:<\/h3>\n<p><img loading=\"lazy\" decoding=\"async\" class=\"wp-image-3408 size-full alignleft\" src=\"https:\/\/www.esports-betting.pro\/app\/uploads\/sites\/2\/VG-dota2.jpg\" alt=\"Vici Gaming - TI5 Invited Team\" width=\"40\" height=\"34\" \/><img loading=\"lazy\" decoding=\"async\" class=\"wp-image-3421 size-full alignleft\" src=\"https:\/\/www.esports-betting.pro\/app\/uploads\/sites\/2\/EG-dota2.jpg\" alt=\"Evil Geniuses TI5 Invited Team \" width=\"40\" height=\"34\" \/><img loading=\"lazy\" decoding=\"async\" class=\"wp-image-3423 size-full alignleft\" src=\"https:\/\/www.esports-betting.pro\/app\/uploads\/sites\/2\/team-secret-dota2.jpg\" alt=\"Team Secret TI5 Invited Team\" width=\"40\" height=\"34\" \/><img loading=\"lazy\" decoding=\"async\" class=\"wp-image-3419 size-full alignleft\" src=\"https:\/\/www.esports-betting.pro\/app\/uploads\/sites\/2\/Invictus-Gaming-dota2.jpg\" alt=\"Invictus Gaming TI5 Invited Team \" width=\"40\" height=\"34\" \/> <img loading=\"lazy\" decoding=\"async\" class=\"wp-image-3418 size-full alignleft\" src=\"https:\/\/www.esports-betting.pro\/app\/uploads\/sites\/2\/LGD-gaming-dota2.jpg\" alt=\"LGD gaming TI5 Invited Team \" width=\"40\" height=\"34\" \/> <img loading=\"lazy\" decoding=\"async\" class=\"wp-image-3417 size-full alignleft\" src=\"https:\/\/www.esports-betting.pro\/app\/uploads\/sites\/2\/Cloud9-dota2.jpg\" alt=\"Cloud9 TI5 Invited Team \" width=\"40\" height=\"34\" \/> <img loading=\"lazy\" decoding=\"async\" class=\"wp-image-3416 size-full alignleft\" src=\"https:\/\/www.esports-betting.pro\/app\/uploads\/sites\/2\/Empire-dota2.jpg\" alt=\"Empire TI5 Invited Team \" width=\"40\" height=\"34\" \/><img loading=\"lazy\" decoding=\"async\" class=\"wp-image-3424 size-full alignleft\" src=\"https:\/\/www.esports-betting.pro\/app\/uploads\/sites\/2\/Virtus.Pro_.jpg\" alt=\" Virtus.Pro TI5 Invited Team \" width=\"40\" height=\"34\" \/><img loading=\"lazy\" decoding=\"async\" class=\"wp-image-3414 size-full alignleft\" src=\"https:\/\/www.esports-betting.pro\/app\/uploads\/sites\/2\/newbee-dota2.jpg\" alt=\"newbee TI5 Invited Team \" width=\"40\" height=\"34\" \/><img loading=\"lazy\" decoding=\"async\" class=\"wp-image-3732 size-full alignleft\" src=\"https:\/\/www.esports-betting.pro\/app\/uploads\/sites\/2\/TI5-Fnatic-dota2-logo.jpg\" alt=\"TI5 Fnatic dota2 logo\" width=\"40\" height=\"34\" \/><\/p>\n<p style=\"text-align: justify;clear: both\">Vici Gaming | Evil Geniuses | Team Secret |Invictus Gaming | LGD Gaming | Cloud 9 | Team Empire | Virtus.pro | Newbee |\u00a0Fnatic<\/p>\n<h3><a href=\"https:\/\/www.esports-betting.pro\/de\/dota2\/ti5-the-international-2015\/regionale-qualifikationen-uebersicht\/\">TI5 Qualifizierte Teams:<\/a><\/h3>\n<ul>\n<li><img loading=\"lazy\" decoding=\"async\" src=\"https:\/\/www.esports-betting.pro\/app\/uploads\/sites\/2\/ehome-dota2.jpg\" alt=\"Ehome TI5 Chinesische Qualifier\" width=\"40\" height=\"34\" \/>\u00a0Chinesische\u00a0Qualifier &#8211;\u00a0\u00a0EHOME<\/li>\n<li><img loading=\"lazy\" decoding=\"async\" src=\"https:\/\/www.esports-betting.pro\/app\/uploads\/sites\/2\/complexity-dota2.jpg\" alt=\"Complexity TI5 Amerikanische Qualifier\" width=\"40\" height=\"34\" \/>\u00a0Amerikanische\u00a0Qualifier &#8211;\u00a0\u00a0compLexity Gaming<\/li>\n<li><img loading=\"lazy\" decoding=\"async\" src=\"https:\/\/www.esports-betting.pro\/app\/uploads\/sites\/2\/navi-dota2.jpg\" alt=\"Navi TI5 Europ\u00e4ische Qualifier\" width=\"40\" height=\"34\" \/>\u00a0Europ\u00e4ische\u00a0Qualifier &#8211; \u00a0Natus Vincere<\/li>\n<li><img loading=\"lazy\" decoding=\"async\" src=\"https:\/\/www.esports-betting.pro\/app\/uploads\/sites\/2\/MVP.Hot6ix-dota2.jpg\" alt=\"MVP.Hot6ix TI5 S\u00fcdost Asien Qualifier\" width=\"40\" height=\"34\" \/>\u00a0S\u00fcdost Asien\u00a0Qualifier &#8211;\u00a0\u00a0MVP.Hot6ix<\/li>\n<li><strong><img loading=\"lazy\" decoding=\"async\" src=\"https:\/\/www.esports-betting.pro\/app\/uploads\/sites\/2\/TI5-CDEC-Gaming-Dota-2-team.jpg\" alt=\"TI5 CDEC Gaming dota2 logo\" width=\"40\" height=\"34\" \/><\/strong>\u00a0CDEC Gaming\u00a0|\u00a0<strong>2nd:<\/strong>\u00a0<img loading=\"lazy\" decoding=\"async\" src=\"https:\/\/www.esports-betting.pro\/app\/uploads\/sites\/2\/TI5-MVP-Phoenix-Dota-2-team.jpg\" alt=\"TI5 MVP-Phoenix dota2 logo\" width=\"40\" height=\"34\" \/>\u00a0MVP Phoenix<\/li>\n<\/ul>\n<h3>Preisgeld Dota 2 &#8211; The International 2015:<\/h3>\n<p style=\"text-align: justify\">Das anf\u00e4ngliche Preisgeld, von Valve zur Verf\u00fcgung gestellt, betrug \u00a01.6 Millionen US Dollar. Durch den Verkauf des Compendiums, wovon jeweils 25% des Erl\u00f6ses zu dem Preisgeld hinzugef\u00fcgt werden, konnte der gesamte Preispool innerhalb kurzer Zeit auf mehr als 10 Millionen US Dollar anwachsen. Das TI5 hat das Rekordpreisgeld vom letzten Jahr in H\u00f6he von 12 Millionen USD bereits weit \u00fcberboten! (Stand am 03.08.2015: \u00fcber 17 Millionen USD) Somit ist das International 2015 das Turnier mit dem h\u00f6chsten Preisgeld in der Geschichte des eSports.<\/p>\n<p style=\"text-align: center\"><img loading=\"lazy\" decoding=\"async\" class=\" size-full wp-image-3909 aligncenter\" src=\"https:\/\/www.esports-betting.pro\/app\/uploads\/sites\/2\/TI5-Preisgeld-verteilung-2015.jpg\" alt=\"TI5 Preisgeld Verteilung 2015\" width=\"600\" height=\"332\" \/><\/p>\n<h3 style=\"text-align: justify\">Wetten und Quoten<\/h3>\n<p style=\"text-align: justify\">Nat\u00fcrlich wird es f\u00fcr die Matches beim TI5 auch wieder Wetten f\u00fcr alle Matches geben. Sehr wahrscheinlich werden bei einigen der Matches auch wieder Spezialwetten (wie etwa Handicap oder First Kill) verf\u00fcgbar sein. Wir halten auch euch auf dem Laufenden sobald die ersten Quoten f\u00fcr das International 2015 bei den Wettanbietern live gehen.<\/p>\n<p style=\"text-align: center\"><strong><span style=\"text-decoration: underline\">TI5 Gewinner Wetten & Quoten von Bet-at-home (06.08.2015):<br \/>\n<\/span><\/strong><span style=\"text-decoration: underline\"><em><span style=\"color: #008000\"><strong><a href=\"https:\/\/www.esports-betting.pro\/app\/uploads\/sites\/2\/Ti5-mainevent-tag4-wetten-quoten-betathome1.jpg\"><br \/>\n<\/a><img loading=\"lazy\" decoding=\"async\" class=\"aligncenter size-full wp-image-3975\" src=\"https:\/\/www.esports-betting.pro\/app\/uploads\/sites\/2\/Ti5-mainevent-tag4-wetten-quoten-betathome1.jpg\" alt=\"Ti5 main event tag 4 wetten quoten betathome\" width=\"505\" height=\"78\" \/><br \/>\n<\/strong><\/span><\/em><\/span><\/p>\n<h3 style=\"text-align: left\">Gratiswettguthaben bei Bet-at-Home<\/h3>\n<p style=\"text-align: justify\"><a href=\"https:\/\/www.esports-betting.pro\/de\/news\/dota-2\/bet-at-home-ti5-promotion\/\"><img loading=\"lazy\" decoding=\"async\" class=\"alignright size-full wp-image-3758\" src=\"https:\/\/www.esports-betting.pro\/app\/uploads\/sites\/2\/TI5-Banner-bet-at-home-promotion-small.jpg\" alt=\"TI5 Banner bet-at-home promotion - small\" width=\"150\" height=\"134\" \/><\/a>Im Rahmen des International bietet wir euch in Kooperation mit dem renommierten Dota 2 Wettanbieter Bet-at-Home eine kleine aber feine Promotion an. Alle neuen Spieler die ein Wettkonto bei dem Buchmacher registieren bekommen 5 Euro Wettguthaben geschenkt, und das ganz ohne Einzahlung. So kannst du vollkommen ohne Risiko testen ob deine Tipps stimmen und noch dazu echtes Geld gewinnen. Alle Infos zur <a href=\"https:\/\/www.esports-betting.pro\/de\/news\/dota-2\/bet-at-home-ti5-promotion\/\">TI5 Promotion von Bet-at-home findes du hier<\/a>.<\/p>\n<h2 style=\"text-align: justify\"><a name=\"live-stream\"><\/a>TI5 Live Stream<\/h2>\n<p style=\"text-align: justify\">Nat\u00fcrlich werden alle Matches des Dota 2 Turniers im Live Stream \u00fcbertragen. Valve bietet wie auch letzes Jahr im Steam Client eine Live \u00dcbertragung des International 2015 an. Auserdem wird das TI5 auf mehreren Plattformen wie etwa Twitch und eventuell auch Youtube im Live Stream zu sehen sein. Wir haben euch auch wieder direkt hier auf dieser Seite einenen Stream eingebettet. Falls Ihr das Dota 2 Highilght lieber auf deutsch sehen m\u00f6chtet: Hier geht es zum <a href=\"https:\/\/www.esports-betting.pro\/de\/news\/dota-2\/ti5-live-stream-deutsch\/\">International 2015 Live Stream auf Deutsch<\/a>!<\/p>\n<p><strong>Du wei\u00dft wer gewinnt?<\/strong><\/p>\n<div style=\"height: 140px;text-align: center\">\n<figure style=\"width: 100px\" class=\"wp-caption alignleft\"><img loading=\"lazy\" decoding=\"async\" style=\"margin-left: 10px;margin-right: 10px\" src=\"https:\/\/www.esports-betting.pro\/app\/uploads\/sites\/2\/bet-at-home-Logo.gif\" alt=\"Logo vom Esport Wettanbieter Bet-at-Home\" width=\"100\" height=\"31\" \/><figcaption class=\"wp-caption-text\"><\/p>\n<p><\/figcaption><\/figure>\n<figure style=\"width: 100px\" class=\"wp-caption alignleft\"><img loading=\"lazy\" decoding=\"async\" style=\"margin-left: 10px;margin-right: 10px\" src=\"https:\/\/www.esports-betting.pro\/app\/uploads\/sites\/2\/Pinnacle-Sports-Logo.gif\" alt=\"Logo vom Esport Wettanbieter Pinnacle Sports\" width=\"100\" height=\"30\" \/><figcaption class=\"wp-caption-text\"><\/p>\n<p><\/figcaption><\/figure>\n<p>&nbsp;<\/p>\n<\/div>\n<p><strong>Das k\u00f6nnte dich auch interessieren:<\/strong><\/p>\n<p>&nbsp;<\/p>\n<ul>\n<li><a href=\"https:\/\/www.esports-betting.pro\/de\/dota2\/esl-one-frankfurt-2016\/\">ESL One Frankfurt 2016<\/a>\u00a0<em>(17.06. &#8211; 19.06.2016)<\/em><\/li>\n<li><a href=\"https:\/\/www.esports-betting.pro\/de\/dota2\/the-international-2016-ti6\/\">The International TI6 2016<\/a>\u00a0<em>(08.08. &#8211; 13.06.2016)<\/em><\/li>\n<li><a href=\"https:\/\/www.esports-betting.pro\/de\/dota2\/manila-major-2016\/\">Manila Major 2016\u00a0<\/a>\u00a0<em>(03.06. \u2013 12.06. 2016<\/em><em>)<\/em><\/li>\n<li><a href=\"https:\/\/www.esports-betting.pro\/de\/dota2\/esl-one-manila-2016\/\">ESL One Manila 2016<\/a>\u00a0<em>(22.04. \u2013 24.04.2016<\/em><em>)<\/em><\/li>\n<li><a href=\"https:\/\/www.esports-betting.pro\/de\/dota2\/shanghai-winter-major-2016\/\">Shanghai Winter Major 2016<\/a>\u00a0<em>(25.02.\u00a0\u2013 06.03.2016<\/em><em>)<\/em><\/li>\n<li><a href=\"https:\/\/www.esports-betting.pro\/de\/dota2\/herbst-major-frankfurt-2015\/\">Frankfurt Herbst Major 2015<\/a>\u00a0<em>(03.06. \u2013 12.06. 2016<\/em><em>)<\/em><\/li>\n<\/ul>\n","protected":false},"excerpt":{"rendered":"<p>The International 2015 (TI5) ist das\u00a0f\u00fcnfte j\u00e4hrliche Dota 2\u00a0Gro\u00dfturnier von Valve. Zum vierten mal in Folge dient Seattle als Austragungsort und das zweite Jahr in Folge wird das Main Event in der KeyArena Seattle Center mit einer Gesamtkapazit\u00e4t von mehr als 17.000 Zuschauern\u00a0ausgetragen. The Main Event des International 2015\u00a0wurde am 7. Januar angek\u00fcndigt und wird &hellip; <a href=\"https:\/\/www.esports-betting.pro\/de\/dota2\/ti5-the-international-2015\/\">Continued<\/a><\/p>\n","protected":false},"author":24,"featured_media":0,"parent":118,"menu_order":0,"comment_status":"closed","ping_status":"closed","template":"","meta":{"_acf_changed":false,"footnotes":""},"acf":[],"yoast_head":"<!-- This site is optimized with the Yoast SEO plugin v22.6 - https:\/\/yoast.com\/wordpress\/plugins\/seo\/ -->\n<title>TI5 - The International 2015 | Dota 2 | Turnier-Info<\/title>\n<meta name=\"description\" content=\"The International 2015 (TI5) wird von 3. bis 8. August in in Seattle ausgetragen. Erfahre mehr \u00fcber die TI5 Teams, Preisgeld, Live Stream, Wetten, Format..\" \/>\n<meta name=\"robots\" content=\"index, follow, max-snippet:-1, max-image-preview:large, max-video-preview:-1\" \/>\n<link rel=\"canonical\" href=\"https:\/\/www.esports-betting.pro\/de\/dota2\/ti5-the-international-2015\/\" \/>\n<meta property=\"og:locale\" content=\"de_DE\" \/>\n<meta property=\"og:type\" content=\"article\" \/>\n<meta property=\"og:title\" content=\"TI5 - The International 2015 | Dota 2 | Turnier-Info\" \/>\n<meta property=\"og:description\" content=\"The International 2015 (TI5) wird von 3. bis 8. August in in Seattle ausgetragen. Erfahre mehr \u00fcber die TI5 Teams, Preisgeld, Live Stream, Wetten, Format..\" \/>\n<meta property=\"og:url\" content=\"https:\/\/www.esports-betting.pro\/de\/dota2\/ti5-the-international-2015\/\" \/>\n<meta property=\"og:site_name\" content=\"Esports Betting - DE\" \/>\n<meta property=\"og:image\" content=\"https:\/\/www.esports-betting.pro\/app\/uploads\/sites\/2\/TI5-The-International-2015-Dota-2.jpg\" \/>\n<meta name=\"twitter:card\" content=\"summary_large_image\" \/>\n<meta name=\"twitter:label1\" content=\"Est. reading time\" \/>\n\t<meta name=\"twitter:data1\" content=\"3 Minuten\" \/>\n<script type=\"application\/ld+json\" class=\"yoast-schema-graph\">{\"@context\":\"https:\/\/schema.org\",\"@graph\":[{\"@type\":\"WebPage\",\"@id\":\"https:\/\/www.esports-betting.pro\/de\/dota2\/ti5-the-international-2015\/\",\"url\":\"https:\/\/www.esports-betting.pro\/de\/dota2\/ti5-the-international-2015\/\",\"name\":\"TI5 - The International 2015 | Dota 2 | Turnier-Info\",\"isPartOf\":{\"@id\":\"https:\/\/www.esports-betting.pro\/de\/#website\"},\"primaryImageOfPage\":{\"@id\":\"https:\/\/www.esports-betting.pro\/de\/dota2\/ti5-the-international-2015\/#primaryimage\"},\"image\":{\"@id\":\"https:\/\/www.esports-betting.pro\/de\/dota2\/ti5-the-international-2015\/#primaryimage\"},\"thumbnailUrl\":\"https:\/\/www.esports-betting.pro\/app\/uploads\/sites\/2\/TI5-The-International-2015-Dota-2.jpg\",\"datePublished\":\"2015-06-02T12:21:42+00:00\",\"dateModified\":\"2015-06-02T12:21:42+00:00\",\"description\":\"The International 2015 (TI5) wird von 3. bis 8. August in in Seattle ausgetragen. Erfahre mehr \u00fcber die TI5 Teams, Preisgeld, Live Stream, Wetten, Format..\",\"breadcrumb\":{\"@id\":\"https:\/\/www.esports-betting.pro\/de\/dota2\/ti5-the-international-2015\/#breadcrumb\"},\"inLanguage\":\"de-DE\",\"potentialAction\":[{\"@type\":\"ReadAction\",\"target\":[\"https:\/\/www.esports-betting.pro\/de\/dota2\/ti5-the-international-2015\/\"]}]},{\"@type\":\"ImageObject\",\"inLanguage\":\"de-DE\",\"@id\":\"https:\/\/www.esports-betting.pro\/de\/dota2\/ti5-the-international-2015\/#primaryimage\",\"url\":\"https:\/\/www.esports-betting.pro\/app\/uploads\/sites\/2\/TI5-The-International-2015-Dota-2.jpg\",\"contentUrl\":\"https:\/\/www.esports-betting.pro\/app\/uploads\/sites\/2\/TI5-The-International-2015-Dota-2.jpg\"},{\"@type\":\"BreadcrumbList\",\"@id\":\"https:\/\/www.esports-betting.pro\/de\/dota2\/ti5-the-international-2015\/#breadcrumb\",\"itemListElement\":[{\"@type\":\"ListItem\",\"position\":1,\"name\":\"Home\",\"item\":\"https:\/\/www.esports-betting.pro\/de\/\"},{\"@type\":\"ListItem\",\"position\":2,\"name\":\"Dota 2 Wetten &#8211; Wettanbieter und Quoten\",\"item\":\"https:\/\/www.esports-betting.pro\/de\/dota2\/\"},{\"@type\":\"ListItem\",\"position\":3,\"name\":\"TI5 &#8211; The International 2015 | Dota 2\"}]},{\"@type\":\"WebSite\",\"@id\":\"https:\/\/www.esports-betting.pro\/de\/#website\",\"url\":\"https:\/\/www.esports-betting.pro\/de\/\",\"name\":\"Esports Betting - DE\",\"description\":\"Just another Esports Betting Sites site\",\"potentialAction\":[{\"@type\":\"SearchAction\",\"target\":{\"@type\":\"EntryPoint\",\"urlTemplate\":\"https:\/\/www.esports-betting.pro\/de\/?s={search_term_string}\"},\"query-input\":\"required name=search_term_string\"}],\"inLanguage\":\"de-DE\"}]}<\/script>\n<!-- \/ Yoast SEO plugin. -->","yoast_head_json":{"title":"TI5 - The International 2015 | Dota 2 | Turnier-Info","description":"The International 2015 (TI5) wird von 3. bis 8. August in in Seattle ausgetragen. Erfahre mehr \u00fcber die TI5 Teams, Preisgeld, Live Stream, Wetten, Format..","robots":{"index":"index","follow":"follow","max-snippet":"max-snippet:-1","max-image-preview":"max-image-preview:large","max-video-preview":"max-video-preview:-1"},"canonical":"https:\/\/www.esports-betting.pro\/de\/dota2\/ti5-the-international-2015\/","og_locale":"de_DE","og_type":"article","og_title":"TI5 - The International 2015 | Dota 2 | Turnier-Info","og_description":"The International 2015 (TI5) wird von 3. bis 8. August in in Seattle ausgetragen. Erfahre mehr \u00fcber die TI5 Teams, Preisgeld, Live Stream, Wetten, Format..","og_url":"https:\/\/www.esports-betting.pro\/de\/dota2\/ti5-the-international-2015\/","og_site_name":"Esports Betting - DE","og_image":[{"url":"https:\/\/www.esports-betting.pro\/app\/uploads\/sites\/2\/TI5-The-International-2015-Dota-2.jpg"}],"twitter_card":"summary_large_image","twitter_misc":{"Est. reading time":"3 Minuten"},"schema":{"@context":"https:\/\/schema.org","@graph":[{"@type":"WebPage","@id":"https:\/\/www.esports-betting.pro\/de\/dota2\/ti5-the-international-2015\/","url":"https:\/\/www.esports-betting.pro\/de\/dota2\/ti5-the-international-2015\/","name":"TI5 - The International 2015 | Dota 2 | Turnier-Info","isPartOf":{"@id":"https:\/\/www.esports-betting.pro\/de\/#website"},"primaryImageOfPage":{"@id":"https:\/\/www.esports-betting.pro\/de\/dota2\/ti5-the-international-2015\/#primaryimage"},"image":{"@id":"https:\/\/www.esports-betting.pro\/de\/dota2\/ti5-the-international-2015\/#primaryimage"},"thumbnailUrl":"https:\/\/www.esports-betting.pro\/app\/uploads\/sites\/2\/TI5-The-International-2015-Dota-2.jpg","datePublished":"2015-06-02T12:21:42+00:00","dateModified":"2015-06-02T12:21:42+00:00","description":"The International 2015 (TI5) wird von 3. bis 8. August in in Seattle ausgetragen. Erfahre mehr \u00fcber die TI5 Teams, Preisgeld, Live Stream, Wetten, Format..","breadcrumb":{"@id":"https:\/\/www.esports-betting.pro\/de\/dota2\/ti5-the-international-2015\/#breadcrumb"},"inLanguage":"de-DE","potentialAction":[{"@type":"ReadAction","target":["https:\/\/www.esports-betting.pro\/de\/dota2\/ti5-the-international-2015\/"]}]},{"@type":"ImageObject","inLanguage":"de-DE","@id":"https:\/\/www.esports-betting.pro\/de\/dota2\/ti5-the-international-2015\/#primaryimage","url":"https:\/\/www.esports-betting.pro\/app\/uploads\/sites\/2\/TI5-The-International-2015-Dota-2.jpg","contentUrl":"https:\/\/www.esports-betting.pro\/app\/uploads\/sites\/2\/TI5-The-International-2015-Dota-2.jpg"},{"@type":"BreadcrumbList","@id":"https:\/\/www.esports-betting.pro\/de\/dota2\/ti5-the-international-2015\/#breadcrumb","itemListElement":[{"@type":"ListItem","position":1,"name":"Home","item":"https:\/\/www.esports-betting.pro\/de\/"},{"@type":"ListItem","position":2,"name":"Dota 2 Wetten &#8211; Wettanbieter und Quoten","item":"https:\/\/www.esports-betting.pro\/de\/dota2\/"},{"@type":"ListItem","position":3,"name":"TI5 &#8211; The International 2015 | Dota 2"}]},{"@type":"WebSite","@id":"https:\/\/www.esports-betting.pro\/de\/#website","url":"https:\/\/www.esports-betting.pro\/de\/","name":"Esports Betting - DE","description":"Just another Esports Betting Sites site","potentialAction":[{"@type":"SearchAction","target":{"@type":"EntryPoint","urlTemplate":"https:\/\/www.esports-betting.pro\/de\/?s={search_term_string}"},"query-input":"required name=search_term_string"}],"inLanguage":"de-DE"}]}},"_links":{"self":[{"href":"https:\/\/www.esports-betting.pro\/de\/wp-json\/wp\/v2\/pages\/3398"}],"collection":[{"href":"https:\/\/www.esports-betting.pro\/de\/wp-json\/wp\/v2\/pages"}],"about":[{"href":"https:\/\/www.esports-betting.pro\/de\/wp-json\/wp\/v2\/types\/page"}],"author":[{"embeddable":true,"href":"https:\/\/www.esports-betting.pro\/de\/wp-json\/wp\/v2\/users\/24"}],"replies":[{"embeddable":true,"href":"https:\/\/www.esports-betting.pro\/de\/wp-json\/wp\/v2\/comments?post=3398"}],"version-history":[{"count":0,"href":"https:\/\/www.esports-betting.pro\/de\/wp-json\/wp\/v2\/pages\/3398\/revisions"}],"up":[{"embeddable":true,"href":"https:\/\/www.esports-betting.pro\/de\/wp-json\/wp\/v2\/pages\/118"}],"wp:attachment":[{"href":"https:\/\/www.esports-betting.pro\/de\/wp-json\/wp\/v2\/media?parent=3398"}],"curies":[{"name":"wp","href":"https:\/\/api.w.org\/{rel}","templated":true}]}}