{"id":33,"date":"2013-02-20T17:15:47","date_gmt":"2013-02-20T17:15:47","guid":{"rendered":"https:\/\/www.esports-betting.pro\/de\/?page_id=33"},"modified":"2022-09-07T13:54:29","modified_gmt":"2022-09-07T13:54:29","slug":"impressum","status":"publish","type":"page","link":"https:\/\/www.esports-betting.pro\/de\/impressum\/","title":{"rendered":"Impressum"},"content":{"rendered":"<p><strong>Angaben gem\u00e4\u00df \u00a7 5 TMG:<\/strong><br \/>\nUnternehmensseite:\u00a0<a href=\"http:\/\/www.wis-ltd.net\/\">http:\/\/www.wis-ltd.net\/<\/a><br \/>\nUnternehmenssitz: 48 Stella Maris Street, Sliema SLM 1765, Malta (EU)<br \/>\nBewertung der\u00a0<a href=\"https:\/\/www.kununu.com\/de\/web-international-services-ltd4\">Web International Services Ltd. \/ WIS Ltd. auf Kununu.com<\/a><br \/>\n<strong>Rechtlicher Hinweis f\u00fcr Nutzer dieses Webseitenangebots:<\/strong><br \/>\nIn einigen L\u00e4ndern wird die Teilnahme an Aktivit\u00e4ten, die auf der Seite erw\u00e4hnt werden und f\u00fcr die auf der Webseite geworben wird unter Zahlung eines Wetteinsatzes als Gl\u00fccksspiel eingestuft. Die Gesetze f\u00fcr Gl\u00fccksspiel differieren in der EU von Land zu Land. In Deutschland gilt seit 01.01.2008 der Gl\u00fccksspiel-Staatsvertrag. Dar\u00fcber hinaus hat in Deutschland jedes Bundesland eigene Gesetze zum Gl\u00fccksspiel erlassen. Grunds\u00e4tzlich gilt, dass das Wetten auf Ergebnisse von Sportveranstaltungen unter Zahlung eines Wetteinsatzes, der Besuch eines Casinos oder vergleichbare Aktivit\u00e4ten erst ab einem vollendeten 18. Lebensjahr gestattet ist. Hinzuweisen sei auch auf die Suchtgefahr, die die Teilnahme am Gl\u00fccksspiel ausl\u00f6sen kann. Wer die Angebote der hier vorgestellten Veranstalter von Sportwetten nutzen will, informiere sich bitte vorab \u00fcber die Rechtslage in seinem Land und ggf. Bundesland, als Deutscher \u00fcber den Inhalt des Gl\u00fccksspiel-Staatsvertrages und M\u00f6glichkeiten der Vorbeugung einer Suchtgefahr. Informationen gibt es auf:\u00a0<a href=\"http:\/\/www.isa-guide.de\/\">www.isa-guide.de<\/a><br \/>\n<strong>Haftung f\u00fcr Inhalte<\/strong><br \/>\nDie Inhalte unserer Seiten wurden mit gr\u00f6\u00dfter Sorgfalt erstellt. F\u00fcr die Richtigkeit, Vollst\u00e4ndigkeit und Aktualit\u00e4t der Inhalte k\u00f6nnen wir jedoch keine Gew\u00e4hr \u00fcbernehmen.<br \/>\nAls Dienstanbieter sind wir gem\u00e4\u00df \u00a7 7 Abs.1 TMG f\u00fcr eigene Inhalte auf diesen Seiten nach den allgemeinen Gesetzen verantwortlich. Nach \u00a7\u00a7 8 bis 10 TMG sind wir als Dienstanbieter jedoch nicht verpflichtet, \u00fcbermittelte oder gespeicherte fremde Informationen zu \u00fcberwachen oder nach Umst\u00e4nden zu forschen, die auf eine rechtswidrige T\u00e4tigkeit hinweisen. Verpflichtungen zur Entfernung oder Sperrung der Nutzung von Informationen nach den allgemeinen Gesetzen bleiben hiervon unber\u00fchrt. Eine diesbez\u00fcgliche Haftung ist jedoch erst ab dem Zeitpunkt der Kenntnis einer konkreten Rechtsverletzung m\u00f6glich. Bei Bekanntwerden von entsprechenden Rechtsverletzungen werden wir diese Inhalte umgehend entfernen.<br \/>\n<strong>Haftung f\u00fcr Links<\/strong><br \/>\nUnser Angebot enth\u00e4lt Links zu externen Webseiten Dritter, auf deren Inhalte wir keinen Einfluss haben. Deshalb k\u00f6nnen wir f\u00fcr diese fremden Inhalte auch keine Gew\u00e4hr \u00fcbernehmen. F\u00fcr die Inhalte der verlinkten Seiten ist stets der jeweilige Anbieter oder Betreiber der Seiten verantwortlich. Die verlinkten Seiten wurden zum Zeitpunkt der Verlinkung auf m\u00f6gliche Rechtsverst\u00f6\u00dfe \u00fcberpr\u00fcft. Rechtswidrige Inhalte waren zum Zeitpunkt der Verlinkung nicht erkennbar. Eine permanente inhaltliche Kontrolle der verlinkten Seiten ist jedoch ohne konkrete Anhaltspunkte einer Rechtsverletzung nicht zumutbar. Bei bekannt werden von Rechtsverletzungen werden wir derartige Links umgehend entfernen.<br \/>\n<strong>Urheberrecht<\/strong><br \/>\nDie durch die Seitenbetreiber erstellten Inhalte und Werke auf diesen Seiten unterliegen dem deutschen Urheberrecht. Beitr\u00e4ge Dritter sind als solche gekennzeichnet. Die Vervielf\u00e4ltigung, Bearbeitung, Verbreitung und jede Art der Verwertung au\u00dferhalb der Grenzen des Urheberrechtes bed\u00fcrfen der schriftlichen Zustimmung des jeweiligen Autors bzw. Erstellers. Downloads und Kopien dieser Seite sind nur f\u00fcr den privaten, nicht kommerziellen Gebrauch gestattet.<br \/>\nDie Betreiber der Seiten sind bem\u00fcht, stets die Urheberrechte anderer zu beachten bzw. auf selbst erstellte sowie lizenzfreie Werke zur\u00fcckzugreifen.<br \/>\nUnsere Datenschutzrichtlinien finden Sie <a href=\"https:\/\/www.esports-betting.pro\/de\/datenschutzrichtlinie\/\">hier.\u00a0<\/a><\/p>\n","protected":false},"excerpt":{"rendered":"<p>Angaben gem\u00e4\u00df \u00a7 5 TMG: Unternehmensseite:\u00a0http:\/\/www.wis-ltd.net\/ Unternehmenssitz: 48 Stella Maris Street, Sliema SLM 1765, Malta (EU) Bewertung der\u00a0Web International Services Ltd. \/ WIS Ltd. auf Kununu.com Rechtlicher Hinweis f\u00fcr Nutzer dieses Webseitenangebots: In einigen L\u00e4ndern wird die Teilnahme an Aktivit\u00e4ten, die auf der Seite erw\u00e4hnt werden und f\u00fcr die auf der Webseite geworben wird unter &hellip; <a href=\"https:\/\/www.esports-betting.pro\/de\/impressum\/\">Continued<\/a><\/p>\n","protected":false},"author":24,"featured_media":0,"parent":0,"menu_order":0,"comment_status":"closed","ping_status":"closed","template":"","meta":{"_acf_changed":false,"footnotes":""},"acf":[],"yoast_head":"<!-- This site is optimized with the Yoast SEO plugin v22.6 - https:\/\/yoast.com\/wordpress\/plugins\/seo\/ -->\n<title>Impressum - Esports Betting - DE<\/title>\n<meta name=\"robots\" content=\"index, follow, max-snippet:-1, max-image-preview:large, max-video-preview:-1\" \/>\n<link rel=\"canonical\" href=\"https:\/\/www.esports-betting.pro\/de\/impressum\/\" \/>\n<meta property=\"og:locale\" content=\"de_DE\" \/>\n<meta property=\"og:type\" content=\"article\" \/>\n<meta property=\"og:title\" content=\"Impressum - Esports Betting - DE\" \/>\n<meta property=\"og:description\" content=\"Angaben gem\u00e4\u00df \u00a7 5 TMG: Unternehmensseite:\u00a0http:\/\/www.wis-ltd.net\/ Unternehmenssitz: 48 Stella Maris Street, Sliema SLM 1765, Malta (EU) Bewertung der\u00a0Web International Services Ltd. \/ WIS Ltd. auf Kununu.com Rechtlicher Hinweis f\u00fcr Nutzer dieses Webseitenangebots: In einigen L\u00e4ndern wird die Teilnahme an Aktivit\u00e4ten, die auf der Seite erw\u00e4hnt werden und f\u00fcr die auf der Webseite geworben wird unter &hellip; Continued\" \/>\n<meta property=\"og:url\" content=\"https:\/\/www.esports-betting.pro\/de\/impressum\/\" \/>\n<meta property=\"og:site_name\" content=\"Esports Betting - DE\" \/>\n<meta property=\"article:modified_time\" content=\"2022-09-07T13:54:29+00:00\" \/>\n<meta name=\"twitter:card\" content=\"summary_large_image\" \/>\n<meta name=\"twitter:label1\" content=\"Est. reading time\" \/>\n\t<meta name=\"twitter:data1\" content=\"3 Minuten\" \/>\n<script type=\"application\/ld+json\" class=\"yoast-schema-graph\">{\"@context\":\"https:\/\/schema.org\",\"@graph\":[{\"@type\":\"WebPage\",\"@id\":\"https:\/\/www.esports-betting.pro\/de\/impressum\/\",\"url\":\"https:\/\/www.esports-betting.pro\/de\/impressum\/\",\"name\":\"Impressum - Esports Betting - DE\",\"isPartOf\":{\"@id\":\"https:\/\/www.esports-betting.pro\/de\/#website\"},\"datePublished\":\"2013-02-20T17:15:47+00:00\",\"dateModified\":\"2022-09-07T13:54:29+00:00\",\"breadcrumb\":{\"@id\":\"https:\/\/www.esports-betting.pro\/de\/impressum\/#breadcrumb\"},\"inLanguage\":\"de-DE\",\"potentialAction\":[{\"@type\":\"ReadAction\",\"target\":[\"https:\/\/www.esports-betting.pro\/de\/impressum\/\"]}]},{\"@type\":\"BreadcrumbList\",\"@id\":\"https:\/\/www.esports-betting.pro\/de\/impressum\/#breadcrumb\",\"itemListElement\":[{\"@type\":\"ListItem\",\"position\":1,\"name\":\"Home\",\"item\":\"https:\/\/www.esports-betting.pro\/de\/\"},{\"@type\":\"ListItem\",\"position\":2,\"name\":\"Impressum\"}]},{\"@type\":\"WebSite\",\"@id\":\"https:\/\/www.esports-betting.pro\/de\/#website\",\"url\":\"https:\/\/www.esports-betting.pro\/de\/\",\"name\":\"Esports Betting - DE\",\"description\":\"Just another Esports Betting Sites site\",\"potentialAction\":[{\"@type\":\"SearchAction\",\"target\":{\"@type\":\"EntryPoint\",\"urlTemplate\":\"https:\/\/www.esports-betting.pro\/de\/?s={search_term_string}\"},\"query-input\":\"required name=search_term_string\"}],\"inLanguage\":\"de-DE\"}]}<\/script>\n<!-- \/ Yoast SEO plugin. -->","yoast_head_json":{"title":"Impressum - Esports Betting - DE","robots":{"index":"index","follow":"follow","max-snippet":"max-snippet:-1","max-image-preview":"max-image-preview:large","max-video-preview":"max-video-preview:-1"},"canonical":"https:\/\/www.esports-betting.pro\/de\/impressum\/","og_locale":"de_DE","og_type":"article","og_title":"Impressum - Esports Betting - DE","og_description":"Angaben gem\u00e4\u00df \u00a7 5 TMG: Unternehmensseite:\u00a0http:\/\/www.wis-ltd.net\/ Unternehmenssitz: 48 Stella Maris Street, Sliema SLM 1765, Malta (EU) Bewertung der\u00a0Web International Services Ltd. \/ WIS Ltd. auf Kununu.com Rechtlicher Hinweis f\u00fcr Nutzer dieses Webseitenangebots: In einigen L\u00e4ndern wird die Teilnahme an Aktivit\u00e4ten, die auf der Seite erw\u00e4hnt werden und f\u00fcr die auf der Webseite geworben wird unter &hellip; Continued","og_url":"https:\/\/www.esports-betting.pro\/de\/impressum\/","og_site_name":"Esports Betting - DE","article_modified_time":"2022-09-07T13:54:29+00:00","twitter_card":"summary_large_image","twitter_misc":{"Est. reading time":"3 Minuten"},"schema":{"@context":"https:\/\/schema.org","@graph":[{"@type":"WebPage","@id":"https:\/\/www.esports-betting.pro\/de\/impressum\/","url":"https:\/\/www.esports-betting.pro\/de\/impressum\/","name":"Impressum - Esports Betting - DE","isPartOf":{"@id":"https:\/\/www.esports-betting.pro\/de\/#website"},"datePublished":"2013-02-20T17:15:47+00:00","dateModified":"2022-09-07T13:54:29+00:00","breadcrumb":{"@id":"https:\/\/www.esports-betting.pro\/de\/impressum\/#breadcrumb"},"inLanguage":"de-DE","potentialAction":[{"@type":"ReadAction","target":["https:\/\/www.esports-betting.pro\/de\/impressum\/"]}]},{"@type":"BreadcrumbList","@id":"https:\/\/www.esports-betting.pro\/de\/impressum\/#breadcrumb","itemListElement":[{"@type":"ListItem","position":1,"name":"Home","item":"https:\/\/www.esports-betting.pro\/de\/"},{"@type":"ListItem","position":2,"name":"Impressum"}]},{"@type":"WebSite","@id":"https:\/\/www.esports-betting.pro\/de\/#website","url":"https:\/\/www.esports-betting.pro\/de\/","name":"Esports Betting - DE","description":"Just another Esports Betting Sites site","potentialAction":[{"@type":"SearchAction","target":{"@type":"EntryPoint","urlTemplate":"https:\/\/www.esports-betting.pro\/de\/?s={search_term_string}"},"query-input":"required name=search_term_string"}],"inLanguage":"de-DE"}]}},"_links":{"self":[{"href":"https:\/\/www.esports-betting.pro\/de\/wp-json\/wp\/v2\/pages\/33"}],"collection":[{"href":"https:\/\/www.esports-betting.pro\/de\/wp-json\/wp\/v2\/pages"}],"about":[{"href":"https:\/\/www.esports-betting.pro\/de\/wp-json\/wp\/v2\/types\/page"}],"author":[{"embeddable":true,"href":"https:\/\/www.esports-betting.pro\/de\/wp-json\/wp\/v2\/users\/24"}],"replies":[{"embeddable":true,"href":"https:\/\/www.esports-betting.pro\/de\/wp-json\/wp\/v2\/comments?post=33"}],"version-history":[{"count":3,"href":"https:\/\/www.esports-betting.pro\/de\/wp-json\/wp\/v2\/pages\/33\/revisions"}],"predecessor-version":[{"id":52539,"href":"https:\/\/www.esports-betting.pro\/de\/wp-json\/wp\/v2\/pages\/33\/revisions\/52539"}],"wp:attachment":[{"href":"https:\/\/www.esports-betting.pro\/de\/wp-json\/wp\/v2\/media?parent=33"}],"curies":[{"name":"wp","href":"https:\/\/api.w.org\/{rel}","templated":true}]}}