{"id":3214,"date":"2015-04-16T17:20:41","date_gmt":"2015-04-16T17:20:41","guid":{"rendered":"https:\/\/www.esports-betting.pro\/de\/?page_id=3214"},"modified":"2015-04-16T17:20:41","modified_gmt":"2015-04-16T17:20:41","slug":"mid-season-invitational-msi","status":"publish","type":"page","link":"https:\/\/www.esports-betting.pro\/de\/lol\/mid-season-invitational-msi\/","title":{"rendered":"Mid Season Invitational (MSI) 2015"},"content":{"rendered":"<p style=\"text-align: justify\"><img loading=\"lazy\" decoding=\"async\" class=\"alignright size-full wp-image-3216\" src=\"https:\/\/www.esports-betting.pro\/app\/uploads\/sites\/2\/Mid-Season-Invitational-MSI-League-of-Legends.jpg\" alt=\"Mid Season Invitational - MSI - League of Legends\" width=\"171\" height=\"168\" \/>Das Mid Season Invitational oder kurz MSI ist ein brandneues Turnier welches zum ersten Mal in der Season 5 von League of Legends ausgetragen wird. Im Rahmen des Mid Season Invitational treten die Gewinner der 5 gro\u00dfen LoL Ligen (EU LCS, NA LCS, LPL, LMS und LCK) plus ein Wildcard Team an. Das MSI liefert somit einen gute Vorgeschmack auf die <a href=\"https:\/\/www.esports-betting.pro\/de\/lol\/league-of-legends-weltmeisterschaft-2015-season-5\/\">diesj\u00e4hrige Weltmeisterschaft<\/a>, da ein Gro\u00dfteil der Teams sicherlich auch dort vertreten sein wird. Das Mid Season Invitational l\u00e4uft vom Donnerstag den 7. Mai bis zum Sonntag den 10. Mai 2015. Austragungsort des LoL Turniers, ist Tallahassee im Bundesstaat Florida der Vereinigten Staaten.<\/p>\n<p style=\"text-align: justify\"><strong>Alle Infos zum <a href=\"https:\/\/www.esports-betting.pro\/de\/lol\/msi-2018-mid-season-invitational\/\">MSI 2018<\/a><\/strong><\/p>\n<h2>Mid Season Invitational 2015 Facts<\/h2>\n<div style=\"float: right;width: 180px;height: 210px;text-align: center\"><strong>Navigation<\/strong><br \/>\n<a title=\"League of Legends Mid Season Invitational Live Stream\" href=\"#live-stream\"><img loading=\"lazy\" decoding=\"async\" class=\"size-full wp-image-831 alignright\" src=\"https:\/\/www.esports-betting.pro\/app\/uploads\/sites\/2\/Button-Live-Stream-LoL-WM.png\" alt=\"Button mit Link zum Livestream des League of Legends Mid Season Invitational (MSI) 2015\" width=\"171\" height=\"46\" \/><\/a><br \/>\n<img loading=\"lazy\" decoding=\"async\" class=\"size-full wp-image-831 alignright\" src=\"https:\/\/www.esports-betting.pro\/app\/uploads\/sites\/2\/button-wettquoten.png\" alt=\"Button mit Link zu Wettquoten\" width=\"171\" height=\"46\" \/><\/div>\n<ul>\n<li><strong>Austragungsort<\/strong>: Tallahassee, Florida (USA)<\/li>\n<li>Zeitraum: 7. Mai bis 10. Mai 2015<\/li>\n<li>Preisgeld: $ 200.000 US Dollar<\/li>\n<li>LoL Patch Version: 5.7<\/li>\n<li>6 Teams<\/li>\n<li>Gruppenphase: eine Runde (single Round Robin)<\/li>\n<li>Top 4 Teams kommen in die Playoffs<\/li>\n<li>alle Matches des MSI werden im Live Stream \u00fcbertragen<\/li>\n<li>Wetten und Quoten bei allen LoL Wettanbietern<\/li>\n<\/ul>\n<h3 style=\"text-align: justify\">Mid Season Invitational (MSI) Spielplan | Spielmodus<\/h3>\n<p style=\"text-align: justify\">Das MSI beginnt mit der Gruppenphase, welche vom 7.5 bis zum 8.5 l\u00e4uft. Jedes der 6 Teams tritt einmal gegen alle anderen Teams in der Gruppe an womit in der Gruppenphase insgesamt 15 Matches gespielt werden. Wobei w\u00e4hrend vor jedem Match der Gruppenphase die Seiten gelost werden. Jedes Team kann allerdings nur 3 mal auf der gleichen Seite spielen. Die besten 4 Teams qualifzieren sich f\u00fcr die Playoffs oder Knock-out Phase des Mid Season Invitational. Das Halbfinale der Playoff-Phase l\u00e4uft am 9.5 und das Finale wird dann am Sonntag den 10.5. gespielt. Alle Matches in den Playoffs des MSI werden im Best of 5 Modus gespielt, wobei das Team mit der h\u00f6heren Platzierung aus der Gruppenphase beim ersten, dritten und f\u00fcnften Match die Seite w\u00e4hlen darf.<\/p>\n<p style=\"text-align: justify\"><strong>Playoffs | Semifinale<\/strong><br \/>\n<strong>Zeitraum:<\/strong> 9. Mai 2015<br \/>\n<strong>Start Zeit:<\/strong> 22:00 MESZ<\/p>\n<p><strong>Semifinale #1: SK Telecom T1 <span style=\"color: #ff0000\">vs.<\/span> Fnatic\u00a0 3 : 2<\/strong><br \/>\n(09. Mai, ca. 22:00 MESZ)<\/p>\n<p><strong>Semifinale #2: Edward Gaming<span style=\"color: #ff0000\"> vs.<\/span> AHQ e-Sports Club\u00a0 3 : 0<\/strong><br \/>\n(09. Mai, ca. 24:00 MESZ)<\/p>\n<p style=\"text-align: justify\"><strong>Playoffs | Finale:<\/strong><br \/>\n<strong>Zeitraum:<\/strong> 10. Mai 2015<br \/>\n<strong>Stream Zeit:<\/strong> 23:00 MESZ (+ Showmatch vor dem Finale)<\/p>\n<p style=\"text-align: justify\"><strong>Finale MSI 2015: <strong>SK Telecom T1<\/strong><span style=\"color: #ff0000\"> vs.<\/span> <\/strong><strong>Edward Gaming\u00a0 2 : 3<\/strong><br \/>\n(10. Mai, ca. 24:00 MESZ)<\/p>\n<p style=\"text-align: justify\">&#8212;&gt; <a href=\"https:\/\/www.esports-betting.pro\/de\/news\/lol\/msi-2015-playoffs-und-finale\/\">Spielplan | Matches | Resultate\u00a0 &#8211;\u00a0 MSI 2015 Playoffs und Finale<\/a><\/p>\n<h3>Gruppenphase MSI<\/h3>\n<table style=\"float: left;margin-right: 10px;margin-bottom: 20px\" border=\"0\" width=\"300\" cellspacing=\"0\" cellpadding=\"0\">\n<tbody>\n<tr>\n<td style=\"text-align: center\" colspan=\"3\" bgcolor=\"#000000\" width=\"270\" height=\"20\"><strong><span style=\"color: #ffffff\">MSI Gruppenphase <span style=\"color: #008000\">(beendet)<\/span><br \/>\n<\/span><\/strong><\/td>\n<\/tr>\n<tr style=\"vertical-align: middle\">\n<td width=\"10\" height=\"20\">1<\/td>\n<td width=\"265\"><span style=\"vertical-align: bottom\"><strong>SK Telecom T1<br \/>\n<\/strong><\/span><\/td>\n<td align=\"right\" width=\"10\"><strong>5<\/strong><\/td>\n<\/tr>\n<tr style=\"vertical-align: middle\">\n<td width=\"10\" height=\"20\">2<\/td>\n<td><span style=\"vertical-align: bottom\"><strong>Edward Gaming<br \/>\n<\/strong><\/span><\/td>\n<td align=\"right\" width=\"10\"><strong>4<\/strong><\/td>\n<\/tr>\n<tr style=\"vertical-align: middle\">\n<td width=\"10\" height=\"20\">3<\/td>\n<td><span style=\"vertical-align: bottom\"><strong>Ahq e-Sports Club<br \/>\n<\/strong><\/span><\/td>\n<td align=\"right\" width=\"10\"><strong>3<\/strong><\/td>\n<\/tr>\n<tr style=\"vertical-align: middle\">\n<td width=\"10\" height=\"20\">4<\/td>\n<td><span style=\"vertical-align: bottom\"><strong>Fnatic<\/strong><\/span><\/td>\n<td align=\"right\" width=\"10\"><strong>1<\/strong><\/td>\n<\/tr>\n<tr style=\"vertical-align: middle\">\n<td width=\"10\" height=\"20\">5<\/td>\n<td><span style=\"vertical-align: bottom\"><strong>TSM<br \/>\n<\/strong><\/span><\/td>\n<td align=\"right\" width=\"10\"><strong>1<\/strong><\/td>\n<\/tr>\n<tr style=\"vertical-align: middle\">\n<td width=\"10\" height=\"20\">6<\/td>\n<td><span style=\"vertical-align: bottom\"><strong>Besiktas e-Sports Club<br \/>\n<\/strong><\/span><\/td>\n<td align=\"right\" width=\"10\"><strong>0<\/strong><\/td>\n<\/tr>\n<\/tbody>\n<\/table>\n<p style=\"text-align: justify;clear: both\"><strong>Gruppenphase<\/strong><br \/>\n<strong>Zeitraum:<\/strong> 7. Mai bis 8. Mai<br \/>\n<strong>Start Zeit:<\/strong> 22:00 MESZ<\/p>\n<p style=\"text-align: justify\">&#8212;&gt; <a href=\"https:\/\/www.esports-betting.pro\/de\/news\/lol\/msi-2015-gruppenphase\/\">Spielplan | Matches | Resultate &#8211; MSI 2015 Gruppenphase<\/a><\/p>\n<h3 style=\"clear: both\">Teams und Qualifikation<\/h3>\n<p style=\"text-align: justify\">Die 6 Teams qualifzieren sich entweder \u00fcber den Sieg im Spring Split der 5 gro\u00dfen League of Legends Ligen (zum Beispiel die beiden Gewinner des <a title=\"Finale \u2013 LCS Spring Playoffs 2015\" href=\"https:\/\/www.esports-betting.pro\/de\/news\/lol\/lcs-2015\/finale-lcs-spring-playoffs-2015\/\">Finales der LCS Spring Split Playoffs<\/a>) oder \u00fcber das IWCI Wildcard Turnier, welches Ende April 2015 in Istanbul stattfindet.<\/p>\n<h4>LCS EU | Europa<\/h4>\n<p><img loading=\"lazy\" decoding=\"async\" class=\"alignnone wp-image-2693 size-full\" src=\"https:\/\/www.esports-betting.pro\/app\/uploads\/sites\/2\/Fantic-LoL-WM-Team-Region-EU.png\" alt=\"Fnatic - MSI Team | Region EU LCS\" width=\"64\" height=\"64\" \/><\/p>\n<p style=\"text-align: justify;clear: both\"><strong>Qualifiziert:<\/strong> Fnatic<br \/>\n<strong>Event \/ Datum:<\/strong> LCS EU Spring Playoffs\u00a0 04.04.2015 &#8211; 19.4.2015<\/p>\n<h4>LCS NA | Nord Amerika<\/h4>\n<p><img loading=\"lazy\" decoding=\"async\" class=\"alignnone wp-image-2707 size-full\" src=\"https:\/\/www.esports-betting.pro\/app\/uploads\/sites\/2\/Team-SoloMid-LoL-WM-Team-Region-LCS-NA.png\" alt=\"Team SoloMid - MSI Team | Region NA LCS\" width=\"64\" height=\"64\" \/><\/p>\n<p style=\"text-align: justify;clear: both\"><strong>Qualifiziert:<\/strong> Team SoloMid<br \/>\n<strong>Event \/ Datum:<\/strong> LCS NA Spring Playoffs\u00a0 04.04.2015 &#8211; 19.4.2015<\/p>\n<h4>LCK | Korea<\/h4>\n<p><img loading=\"lazy\" decoding=\"async\" class=\"alignnone wp-image-3295 size-full\" src=\"https:\/\/www.esports-betting.pro\/app\/uploads\/sites\/2\/SK-Telecom-T1-LCK-Team-Logo.png\" alt=\"SK Telecom T1 - MSI Team | Region LCK\" width=\"64\" height=\"64\" \/><\/p>\n<p style=\"text-align: justify;clear: both\"><strong>Qualifiziert: <\/strong>SK Telecom T1<br \/>\n<strong>Event \/ Datum:<\/strong> LCK Spring Playoffs\u00a0 17.04.2015 &#8211; 02.5.2015<\/p>\n<h4>LPL | China<\/h4>\n<p><img loading=\"lazy\" decoding=\"async\" class=\"alignnone wp-image-2697 size-full\" src=\"https:\/\/www.esports-betting.pro\/app\/uploads\/sites\/2\/EDward-Gaming-LoL-WM-Team-Region-LPL.png\" alt=\"Edward-Gaming - MSI Team | Region LPL\" width=\"64\" height=\"64\" \/><\/p>\n<p style=\"text-align: justify;clear: both\"><strong>Qualifiziert:<\/strong> Edward Gaming<br \/>\n<strong>Event \/ Datum:<\/strong> LPL Spring Playoffs\u00a0 14.04.2015 &#8211; 26.4.2015<\/p>\n<h4 style=\"text-align: justify\">LMS | Taiwan<\/h4>\n<p><img loading=\"lazy\" decoding=\"async\" class=\"alignleft wp-image-2699 size-full\" src=\"https:\/\/www.esports-betting.pro\/app\/uploads\/sites\/2\/Ahq-e-Sports-Club-LoL-WM-Team-Region-GPL.png\" alt=\"Ahq eSports Club - MSI Team | Region LMS\" width=\"64\" height=\"64\" \/><\/p>\n<p style=\"text-align: justify;clear: both\"><strong>Qualifiziert: <\/strong>Ahq e-Sports Club<\/p>\n<h4>Wildcard Gewinner IWCI Istanbul<\/h4>\n<p style=\"text-align: justify\"><img loading=\"lazy\" decoding=\"async\" class=\"alignnone wp-image-3261 size-full\" src=\"https:\/\/www.esports-betting.pro\/app\/uploads\/sites\/2\/Besiktas-e-Sports-Club-LoL-Team-Logo.png\" alt=\"Besiktas e-Sports Club - MSI Team | Region IWCI Gewinner\" width=\"64\" height=\"64\" \/><\/p>\n<p style=\"text-align: justify;clear: both\"><strong>Qualifiziert:<\/strong> Besiktas e-Sports Club<br \/>\n<strong>Event:<\/strong> Wildcard Qualifikations Turnier in Istanbul<\/p>\n<h3 style=\"text-align: justify;clear: both\">Preisgeld<\/h3>\n<p style=\"text-align: justify;clear: both\">Insgesamt werden beim MSI 2015 $ 200.000 an Preisgeld ausgespielt. Das Sieger-Team bekommt die stolze Summe von 100.000 Dollar. Die Teams welche die Gruppenphase des Mid Season Invitational auf den letzten beiden Pl\u00e4tzen beenden bekommen kein Preisgeld. Da es kein Spiel um Platz 3 gibt bekommen die beiden Verlierer der Semifinale $ 25,000 Preisgeld und beenden das Turnier auf Platz 3\/4.<\/p>\n<ul>\n<li>1. Platz: \u00a0\u00a0 $ 100.000<\/li>\n<li>2. Platz:\u00a0\u00a0\u00a0 $ 50.000<\/li>\n<li>3. Platz:\u00a0\u00a0\u00a0 $ 25.000<\/li>\n<li>4. Platz:\u00a0\u00a0\u00a0 $ 25.000<\/li>\n<\/ul>\n<h3>Wetten und Quoten<\/h3>\n<p style=\"text-align: justify\">Nat\u00fcrlich werden wir euch auch f\u00fcr das Mid Season Invitational f\u00fcr alle Matches \u00dcbersichten mit den Wettquoten der League of Legends Wettanbieter zur Verf\u00fcgung stellen. Diese findet ihr in den Preview Posts f\u00fcr die einzelnen Phasen des Turnier. Dar\u00fcberhinaus freuen wir uns dass wir in Kooperation mit Pinnacle Sports im Rahmen des MSI f\u00fcr euch eine Promotion auf die Beine stellen konnten bei der es ein paar Amazon Gutscheine zu gewinnen gibt. Mehr Infos zur <a href=\"https:\/\/www.esports-betting.pro\/de\/news\/lol\/pinnacle-msi-promotion\/\">Pinnacle Mid Season Promotion<\/a>.<\/p>\n<h2 style=\"clear: both\"><a name=\"live-stream\"><\/a>MSI Live Stream<\/h2>\n<p style=\"text-align: justify\">Sowohl die Gruppenphase, als auch die Playoffs des Mid Season Invitational werden live via Stream \u00fcbertragen. Hier k\u00f6nnt ihr euch den offiziellen Live Stream des MSI von Riot Games ansehen. Um die \u00dcbertragung zu starten einfach auf &#8220;Play&#8221; klicken. Den <a href=\"https:\/\/www.esports-betting.pro\/de\/uncategorized\/deutscher-msi-live-stream-lol-mid-season-invitational\/\">deutschen Live Stream findet ihr hier<\/a>.\u00a0 Weitere Streams findet man auf Youtube, Twitch und Azubu. Wir w\u00fcnschen euch viel Spa\u00df mit den Matches des League of Legends Turniers!<\/p>\n<p><strong>Das k\u00f6nnte dich auch interessieren:<\/strong><\/p>\n<p><a href=\"https:\/\/www.esports-betting.pro\/de\/lol\/msi-2017-mid-season-invitational\/\">MSI 2017 &#8211; League of Legends<\/a><\/p>\n<p><a href=\"https:\/\/www.esports-betting.pro\/de\/lol\/msi-2016-mid-season-invitational\/\">MSI 2016 &#8211; League of Legends<\/a><\/p>\n","protected":false},"excerpt":{"rendered":"<p>Das Mid Season Invitational oder kurz MSI ist ein brandneues Turnier welches zum ersten Mal in der Season 5 von League of Legends ausgetragen wird. Im Rahmen des Mid Season Invitational treten die Gewinner der 5 gro\u00dfen LoL Ligen (EU LCS, NA LCS, LPL, LMS und LCK) plus ein Wildcard Team an. Das MSI liefert &hellip; <a href=\"https:\/\/www.esports-betting.pro\/de\/lol\/mid-season-invitational-msi\/\">Continued<\/a><\/p>\n","protected":false},"author":24,"featured_media":0,"parent":86,"menu_order":0,"comment_status":"closed","ping_status":"closed","template":"","meta":{"_acf_changed":false,"footnotes":""},"acf":[],"yoast_head":"<!-- This site is optimized with the Yoast SEO plugin v22.6 - https:\/\/yoast.com\/wordpress\/plugins\/seo\/ -->\n<title>Mid Season Invitational (MSI) 2015 | League of Legends<\/title>\n<meta name=\"description\" content=\"Das Mid Season Invitational findet im Mai 2015 in Florida statt. Finde Infos zu den MSI Teams, Live Stream, Spielplan, Qualifikation, Wetten,...\" \/>\n<meta name=\"robots\" content=\"index, follow, max-snippet:-1, max-image-preview:large, max-video-preview:-1\" \/>\n<link rel=\"canonical\" href=\"https:\/\/www.esports-betting.pro\/de\/lol\/mid-season-invitational-msi\/\" \/>\n<meta property=\"og:locale\" content=\"de_DE\" \/>\n<meta property=\"og:type\" content=\"article\" \/>\n<meta property=\"og:title\" content=\"Mid Season Invitational (MSI) 2015 | League of Legends\" \/>\n<meta property=\"og:description\" content=\"Das Mid Season Invitational findet im Mai 2015 in Florida statt. Finde Infos zu den MSI Teams, Live Stream, Spielplan, Qualifikation, Wetten,...\" \/>\n<meta property=\"og:url\" content=\"https:\/\/www.esports-betting.pro\/de\/lol\/mid-season-invitational-msi\/\" \/>\n<meta property=\"og:site_name\" content=\"Esports Betting - DE\" \/>\n<meta property=\"og:image\" content=\"https:\/\/www.esports-betting.pro\/app\/uploads\/sites\/2\/Mid-Season-Invitational-MSI-League-of-Legends.jpg\" \/>\n<meta name=\"twitter:card\" content=\"summary_large_image\" \/>\n<meta name=\"twitter:label1\" content=\"Est. reading time\" \/>\n\t<meta name=\"twitter:data1\" content=\"4 Minuten\" \/>\n<script type=\"application\/ld+json\" class=\"yoast-schema-graph\">{\"@context\":\"https:\/\/schema.org\",\"@graph\":[{\"@type\":\"WebPage\",\"@id\":\"https:\/\/www.esports-betting.pro\/de\/lol\/mid-season-invitational-msi\/\",\"url\":\"https:\/\/www.esports-betting.pro\/de\/lol\/mid-season-invitational-msi\/\",\"name\":\"Mid Season Invitational (MSI) 2015 | League of Legends\",\"isPartOf\":{\"@id\":\"https:\/\/www.esports-betting.pro\/de\/#website\"},\"primaryImageOfPage\":{\"@id\":\"https:\/\/www.esports-betting.pro\/de\/lol\/mid-season-invitational-msi\/#primaryimage\"},\"image\":{\"@id\":\"https:\/\/www.esports-betting.pro\/de\/lol\/mid-season-invitational-msi\/#primaryimage\"},\"thumbnailUrl\":\"https:\/\/www.esports-betting.pro\/app\/uploads\/sites\/2\/Mid-Season-Invitational-MSI-League-of-Legends.jpg\",\"datePublished\":\"2015-04-16T17:20:41+00:00\",\"dateModified\":\"2015-04-16T17:20:41+00:00\",\"description\":\"Das Mid Season Invitational findet im Mai 2015 in Florida statt. Finde Infos zu den MSI Teams, Live Stream, Spielplan, Qualifikation, Wetten,...\",\"breadcrumb\":{\"@id\":\"https:\/\/www.esports-betting.pro\/de\/lol\/mid-season-invitational-msi\/#breadcrumb\"},\"inLanguage\":\"de-DE\",\"potentialAction\":[{\"@type\":\"ReadAction\",\"target\":[\"https:\/\/www.esports-betting.pro\/de\/lol\/mid-season-invitational-msi\/\"]}]},{\"@type\":\"ImageObject\",\"inLanguage\":\"de-DE\",\"@id\":\"https:\/\/www.esports-betting.pro\/de\/lol\/mid-season-invitational-msi\/#primaryimage\",\"url\":\"https:\/\/www.esports-betting.pro\/app\/uploads\/sites\/2\/Mid-Season-Invitational-MSI-League-of-Legends.jpg\",\"contentUrl\":\"https:\/\/www.esports-betting.pro\/app\/uploads\/sites\/2\/Mid-Season-Invitational-MSI-League-of-Legends.jpg\"},{\"@type\":\"BreadcrumbList\",\"@id\":\"https:\/\/www.esports-betting.pro\/de\/lol\/mid-season-invitational-msi\/#breadcrumb\",\"itemListElement\":[{\"@type\":\"ListItem\",\"position\":1,\"name\":\"Home\",\"item\":\"https:\/\/www.esports-betting.pro\/de\/\"},{\"@type\":\"ListItem\",\"position\":2,\"name\":\"Tips f\u00fcr League of Legends (LoL) Wetten &#8211; Wie wette ich auf League of Legends (Lol)?\",\"item\":\"https:\/\/www.esports-betting.pro\/de\/lol\/\"},{\"@type\":\"ListItem\",\"position\":3,\"name\":\"Mid Season Invitational (MSI) 2015\"}]},{\"@type\":\"WebSite\",\"@id\":\"https:\/\/www.esports-betting.pro\/de\/#website\",\"url\":\"https:\/\/www.esports-betting.pro\/de\/\",\"name\":\"Esports Betting - DE\",\"description\":\"Just another Esports Betting Sites site\",\"potentialAction\":[{\"@type\":\"SearchAction\",\"target\":{\"@type\":\"EntryPoint\",\"urlTemplate\":\"https:\/\/www.esports-betting.pro\/de\/?s={search_term_string}\"},\"query-input\":\"required name=search_term_string\"}],\"inLanguage\":\"de-DE\"}]}<\/script>\n<!-- \/ Yoast SEO plugin. -->","yoast_head_json":{"title":"Mid Season Invitational (MSI) 2015 | League of Legends","description":"Das Mid Season Invitational findet im Mai 2015 in Florida statt. Finde Infos zu den MSI Teams, Live Stream, Spielplan, Qualifikation, Wetten,...","robots":{"index":"index","follow":"follow","max-snippet":"max-snippet:-1","max-image-preview":"max-image-preview:large","max-video-preview":"max-video-preview:-1"},"canonical":"https:\/\/www.esports-betting.pro\/de\/lol\/mid-season-invitational-msi\/","og_locale":"de_DE","og_type":"article","og_title":"Mid Season Invitational (MSI) 2015 | League of Legends","og_description":"Das Mid Season Invitational findet im Mai 2015 in Florida statt. Finde Infos zu den MSI Teams, Live Stream, Spielplan, Qualifikation, Wetten,...","og_url":"https:\/\/www.esports-betting.pro\/de\/lol\/mid-season-invitational-msi\/","og_site_name":"Esports Betting - DE","og_image":[{"url":"https:\/\/www.esports-betting.pro\/app\/uploads\/sites\/2\/Mid-Season-Invitational-MSI-League-of-Legends.jpg"}],"twitter_card":"summary_large_image","twitter_misc":{"Est. reading time":"4 Minuten"},"schema":{"@context":"https:\/\/schema.org","@graph":[{"@type":"WebPage","@id":"https:\/\/www.esports-betting.pro\/de\/lol\/mid-season-invitational-msi\/","url":"https:\/\/www.esports-betting.pro\/de\/lol\/mid-season-invitational-msi\/","name":"Mid Season Invitational (MSI) 2015 | League of Legends","isPartOf":{"@id":"https:\/\/www.esports-betting.pro\/de\/#website"},"primaryImageOfPage":{"@id":"https:\/\/www.esports-betting.pro\/de\/lol\/mid-season-invitational-msi\/#primaryimage"},"image":{"@id":"https:\/\/www.esports-betting.pro\/de\/lol\/mid-season-invitational-msi\/#primaryimage"},"thumbnailUrl":"https:\/\/www.esports-betting.pro\/app\/uploads\/sites\/2\/Mid-Season-Invitational-MSI-League-of-Legends.jpg","datePublished":"2015-04-16T17:20:41+00:00","dateModified":"2015-04-16T17:20:41+00:00","description":"Das Mid Season Invitational findet im Mai 2015 in Florida statt. Finde Infos zu den MSI Teams, Live Stream, Spielplan, Qualifikation, Wetten,...","breadcrumb":{"@id":"https:\/\/www.esports-betting.pro\/de\/lol\/mid-season-invitational-msi\/#breadcrumb"},"inLanguage":"de-DE","potentialAction":[{"@type":"ReadAction","target":["https:\/\/www.esports-betting.pro\/de\/lol\/mid-season-invitational-msi\/"]}]},{"@type":"ImageObject","inLanguage":"de-DE","@id":"https:\/\/www.esports-betting.pro\/de\/lol\/mid-season-invitational-msi\/#primaryimage","url":"https:\/\/www.esports-betting.pro\/app\/uploads\/sites\/2\/Mid-Season-Invitational-MSI-League-of-Legends.jpg","contentUrl":"https:\/\/www.esports-betting.pro\/app\/uploads\/sites\/2\/Mid-Season-Invitational-MSI-League-of-Legends.jpg"},{"@type":"BreadcrumbList","@id":"https:\/\/www.esports-betting.pro\/de\/lol\/mid-season-invitational-msi\/#breadcrumb","itemListElement":[{"@type":"ListItem","position":1,"name":"Home","item":"https:\/\/www.esports-betting.pro\/de\/"},{"@type":"ListItem","position":2,"name":"Tips f\u00fcr League of Legends (LoL) Wetten &#8211; Wie wette ich auf League of Legends (Lol)?","item":"https:\/\/www.esports-betting.pro\/de\/lol\/"},{"@type":"ListItem","position":3,"name":"Mid Season Invitational (MSI) 2015"}]},{"@type":"WebSite","@id":"https:\/\/www.esports-betting.pro\/de\/#website","url":"https:\/\/www.esports-betting.pro\/de\/","name":"Esports Betting - DE","description":"Just another Esports Betting Sites site","potentialAction":[{"@type":"SearchAction","target":{"@type":"EntryPoint","urlTemplate":"https:\/\/www.esports-betting.pro\/de\/?s={search_term_string}"},"query-input":"required name=search_term_string"}],"inLanguage":"de-DE"}]}},"_links":{"self":[{"href":"https:\/\/www.esports-betting.pro\/de\/wp-json\/wp\/v2\/pages\/3214"}],"collection":[{"href":"https:\/\/www.esports-betting.pro\/de\/wp-json\/wp\/v2\/pages"}],"about":[{"href":"https:\/\/www.esports-betting.pro\/de\/wp-json\/wp\/v2\/types\/page"}],"author":[{"embeddable":true,"href":"https:\/\/www.esports-betting.pro\/de\/wp-json\/wp\/v2\/users\/24"}],"replies":[{"embeddable":true,"href":"https:\/\/www.esports-betting.pro\/de\/wp-json\/wp\/v2\/comments?post=3214"}],"version-history":[{"count":0,"href":"https:\/\/www.esports-betting.pro\/de\/wp-json\/wp\/v2\/pages\/3214\/revisions"}],"up":[{"embeddable":true,"href":"https:\/\/www.esports-betting.pro\/de\/wp-json\/wp\/v2\/pages\/86"}],"wp:attachment":[{"href":"https:\/\/www.esports-betting.pro\/de\/wp-json\/wp\/v2\/media?parent=3214"}],"curies":[{"name":"wp","href":"https:\/\/api.w.org\/{rel}","templated":true}]}}