{"id":30001,"date":"2018-12-10T21:05:29","date_gmt":"2018-12-10T20:05:29","guid":{"rendered":"https:\/\/www.esports-betting.pro\/de\/?page_id=30001"},"modified":"2022-08-31T15:08:24","modified_gmt":"2022-08-31T15:08:24","slug":"nba-2k","status":"publish","type":"page","link":"https:\/\/www.esports-betting.pro\/de\/nba-2k\/","title":{"rendered":"NBA 2K &#8211; Wettanbieter &amp; Wetten &#8211; Wie und Wo auf eSport Wetten 2026"},"content":{"rendered":"<p style=\"text-align: justify;\">Keine Basketballsimulation erreichte die gleiche Popularit\u00e4t wie NBA 2K. Wahrscheinlich verdanken wir dem Spiel viel Nachwuchs, der nur wegen der Simulation Basketball f\u00fcr sich entdeckt hat. Das Spiel hat sich einen Namen gemacht, als es noch von Sega Sports betrieben wurde. Kurz nach der Jahrtausendwende hat dann allerdings die amerikanische Firma 2K Sports die Rechte aufgekauft und vertreibt es mittlerweile mit gro\u00dfem Erfolg. Dabei spielt auch die amerikanische Basketballliga (NBA) stark in die Entwicklung mit hinein und versorgt Spieleentwickler mit entscheidendem authentischen Spielerwissen zum &#8220;echten&#8221; Basketballsport. Spielerzahlen bleiben anhaltend konstant und so war es nur eine Frage der Zeit, bis auch NBA 2K <strong><a href=\"https:\/\/www.esports-betting.pro\/de\/\">eSport Wetten<\/a><\/strong> das Licht der Welt erblickten. Tats\u00e4chlich bietet sich eine Vielzahl an Wettm\u00f6glichkeiten f\u00fcr diverse Wettm\u00e4rkte von den wenigen, popul\u00e4ren Turnieren. Im Folgenden NBA 2k eSport Wetten Review schauen wir genau hin. Erst einmal widmen wir uns der Frage, worum es in dem Spiel \u00fcberhaupt geht und stellen es f\u00fcr Neueinsteiger kurz vor. Danach nominieren wir unsere Top 3 Buchmacher f\u00fcr NBA 2K eSport Wetten 2018\/2019!<\/p>\n<h2>NBA 2K einer der gr\u00f6\u00dften Basketballsimulationen &#8211; auf vielen Plattformen verf\u00fcgbar<\/h2>\n<p style=\"text-align: justify;\">Erst einmal versucht das Spiel die amerikanische Basketballliga jedes Jahr m\u00f6glichst realistisch nachzustellen. NBA 2K19 wurde bereits am 11. September 2018 f\u00fcr das Folgejahr entwickelt. Die Idee d\u00fcrfte Vielen m\u00f6glicherweise von der Fu\u00dfballsimulation <strong><a href=\"https:\/\/www.esports-betting.pro\/de\/fifa\/\">FIFA<\/a><\/strong> ebenfalls ein Begriff sein. Dabei spielen die Spieler ebenfalls, je nach Modi, einen einzelnen Spieler oder gar abwechselnd das ganze Team. Dabei unterliegt das Spiel den anerkannten NBA Spielregeln und wird auch dementsprechend ausgespielt. Hinzu kommt noch die Sportsimulation-typische &#8220;Fernseh-&#8220;Kamera und authentische Spielkommentatoren. Dabei ist NBA 2K auf so vielen Plattformen erh\u00e4ltlich, um nur einige zu nennen: PS4, Microsoft Windows, Xbox One, Android, Nintendo Switch, Wii U, Wii und vielen mehr&#8230;<\/p>\n<p style=\"text-align: justify;\">F\u00fcr Abwechslung sorgen neben den Spielen auch diverse &#8220;Karrieremodi&#8221;. Dabei kann der Spieler in die Rolle des Trainers schl\u00fcpfen und sich von Krankenstand der Spieler, bis Spielerwechsel und potenzieller Werbevertr\u00e4ge eigentlich mit allem rumschlagen, dass der Trainer normalerweise \u00fcbernimmt. F\u00fcr eSport bietet sich aber der kompetetive Modus an, in denen zwei Spieler gegeneinander im 1v1 antreten. Hier stehen alle Karriereerfolge im Hintergrund und nur das Spielerk\u00f6nnen und die individuelle Erfahrung z\u00e4hlen f\u00fcr den Erfolg des Spielers.<\/p>\n<h2>Top 3 Buchmacher f\u00fcr NBA 2K eSport Wetten 2018\/2019<\/h2>\n<p style=\"text-align: justify;\">Es gibt nicht viele Buchmacher, welche NBA 2K eSport Wetten anbieten. Daf\u00fcr haben die drei folgenden, jahrelange Treue gehalten und sind feste Partner des deutschen NBA 2K eSport Wettmarkts geworden. Es ist ein Liebhaber Spiel und so wird es auch mit den Wettquoten gehandhabt. Hier eure besten Buchmacher f\u00fcr NBA 2K:<\/p>\n<p style=\"text-align: center;\">\/p><br \/>\n*Pro Tipp: Alle drei genannten Buchmacher eigenen sich auch f\u00fcr andere Spiele, wie <strong><a href=\"http:\/\/www.esports-betting.pro\/de\/lol\/\">LoL<\/a><\/strong>, <strong><a href=\"http:\/\/www.esports-betting.pro\/de\/csgo\/\">CS:GO<\/a><\/strong> und <strong><a href=\"http:\/\/www.esports-betting.pro\/de\/dota2\/\">Dota2<\/a><\/strong>.<\/p>\n<h4>Wie steht es um die Wettquoten des Spiels?<\/h4>\n<p style=\"text-align: justify;\">Man muss realistische Erwartungen an die Buchmacher haben. Selbstverst\u00e4ndlich handelt es sich bei dem Spiel um eine Nische. Dementsprechend gehen die Buchmacher ein relatives Risiko ein, Wetten anzubieten. Die Wettquoten werden insgesamt mit einem einkalkulierten Risiko f\u00fcr die Wettanbieter ausgerichtet und f\u00fcr die drei Konkurrenten ist es ebenfalls leicht, die Quoten beieinander abzuschauen. Trotzdem lohnt sich ein Blick zur Konkurrenz, da m\u00f6glicherweise der individuelle Favorit beim Konkurrenten eine besser Quote zugeschrieben bekommt.<\/p>\n<figure id=\"attachment_30004\" aria-describedby=\"caption-attachment-30004\" style=\"width: 699px\" class=\"wp-caption aligncenter\"><img loading=\"lazy\" decoding=\"async\" class=\" wp-image-30004\" src=\"https:\/\/www.esports-betting.pro\/app\/uploads\/sites\/2\/NBA-2K-Hauptmen\u00fc.jpg\" alt=\"NBA 2K Hauptmen\u00fc\" width=\"699\" height=\"396\" \/><figcaption id=\"caption-attachment-30004\" class=\"wp-caption-text\">NBA 2K &#8211; Hauptmen\u00fc des Vorjahres (Credits: NBA 2K)<\/figcaption><\/figure>\n<h4>Wetttips f\u00fcr NBA 2K eSport Wetten:<\/h4>\n<p style=\"text-align: justify;\">Damit eure NBA 2K eSport Wette auch ein Erfolg wird, gibt es einige Punkte zu beachten. Mit diesen Wetttips seid ihr ger\u00fcstet f\u00fcr das n\u00e4chste Turnier:<\/p>\n<ul>\n<li style=\"text-align: justify;\">Statistiken: Dieses Wort steht leider in jedem Wettguide. Trotzdem ist so viel F\u00fcnkchen Wahrheit dran. Jeder guter eSport Wetter kennt sich \u00fcber die Statistik seines Favoriten aus. Geht auf die einschl\u00e4gigen Seiten und schaut euch die letzten f\u00fcnf Spiele an. M\u00f6glicherweise ist ein Favorit aus dem Vorjahr in schlechter Form und hat das in den letzten f\u00fcnf Spielen bereits zur Gen\u00fcge gezeigt.<\/li>\n<li style=\"text-align: justify;\">Turnierform: Wie es einen Unterschied macht ob man im Daunenbett oder auf dem Boden vor dem Turnier schl\u00e4ft, so macht es auch einen Unterschied bei welchem Clan man eingeschrieben ist. Gro\u00dfe Clans haben f\u00fcr die Spieler ganz andere finanzielle Rahmen, die sie den Profispielern bieten k\u00f6nnen. Nicht nur exzellente Trainer und Strategen, sondern auch Spielpsychologen unterst\u00fctzen die Profispieler bei ihrem ersten gro\u00dfen Turnier. Aufregung drosselt die Leistung und so schaut lieber sehr genau bei neuen Spielern, aus welchem &#8220;Elternhaus&#8221; der oder die Spieler\/in stammt.<\/li>\n<li style=\"text-align: justify;\">Livewetten: F\u00fcr immer mehr Sportsimulationen werden Livewetten angeboten. Vor Allem wenn ihr selber Spieler seid, nutzt die Funktion und macht auch vom Cashout Gebrauch. Denn es n\u00fctzt nichts, dem Schiff beim sinken zuzusehen, wenn man sich noch einen kleinen Teil vom Einsatz zur\u00fcckholen kann.<\/li>\n<\/ul>\n<p style=\"text-align: center;\">\n","protected":false},"excerpt":{"rendered":"<p>Keine Basketballsimulation erreichte die gleiche Popularit\u00e4t wie NBA 2K. Wahrscheinlich verdanken wir dem Spiel viel Nachwuchs, der nur wegen der Simulation Basketball f\u00fcr sich entdeckt hat. Das Spiel hat sich einen Namen gemacht, als es noch von Sega Sports betrieben wurde. Kurz nach der Jahrtausendwende hat dann allerdings die amerikanische Firma 2K Sports die Rechte &hellip; <a href=\"https:\/\/www.esports-betting.pro\/de\/nba-2k\/\">Continued<\/a><\/p>\n","protected":false},"author":24,"featured_media":0,"parent":0,"menu_order":0,"comment_status":"closed","ping_status":"closed","template":"","meta":{"_acf_changed":false,"footnotes":""},"acf":[],"yoast_head":"<!-- This site is optimized with the Yoast SEO plugin v22.6 - https:\/\/yoast.com\/wordpress\/plugins\/seo\/ -->\n<title>NBA 2K - Wettanbieter &amp; Wetten - Wie und Wo auf eSport Wetten 2026<\/title>\n<meta name=\"description\" content=\"NBA 2K Wettanbieter, Quoten und Wetten auf NBA 2K Matches 2026. Finde die top Wettquoten und Buchmacher f\u00fcr deinen Basketball-Favoriten.\" \/>\n<meta name=\"robots\" content=\"index, follow, max-snippet:-1, max-image-preview:large, max-video-preview:-1\" \/>\n<link rel=\"canonical\" href=\"https:\/\/www.esports-betting.pro\/de\/nba-2k\/\" \/>\n<meta property=\"og:locale\" content=\"de_DE\" \/>\n<meta property=\"og:type\" content=\"article\" \/>\n<meta property=\"og:title\" content=\"NBA 2K - Wettanbieter &amp; Wetten - Wie und Wo auf eSport Wetten 2026\" \/>\n<meta property=\"og:description\" content=\"NBA 2K Wettanbieter, Quoten und Wetten auf NBA 2K Matches 2026. Finde die top Wettquoten und Buchmacher f\u00fcr deinen Basketball-Favoriten.\" \/>\n<meta property=\"og:url\" content=\"https:\/\/www.esports-betting.pro\/de\/nba-2k\/\" \/>\n<meta property=\"og:site_name\" content=\"Esports Betting - DE\" \/>\n<meta property=\"article:modified_time\" content=\"2022-08-31T15:08:24+00:00\" \/>\n<meta name=\"twitter:card\" content=\"summary_large_image\" \/>\n<meta name=\"twitter:label1\" content=\"Est. reading time\" \/>\n\t<meta name=\"twitter:data1\" content=\"5 Minuten\" \/>\n<script type=\"application\/ld+json\" class=\"yoast-schema-graph\">{\"@context\":\"https:\/\/schema.org\",\"@graph\":[{\"@type\":\"WebPage\",\"@id\":\"https:\/\/www.esports-betting.pro\/de\/nba-2k\/\",\"url\":\"https:\/\/www.esports-betting.pro\/de\/nba-2k\/\",\"name\":\"NBA 2K - Wettanbieter & Wetten - Wie und Wo auf eSport Wetten 2026\",\"isPartOf\":{\"@id\":\"https:\/\/www.esports-betting.pro\/de\/#website\"},\"datePublished\":\"2018-12-10T20:05:29+00:00\",\"dateModified\":\"2022-08-31T15:08:24+00:00\",\"description\":\"NBA 2K Wettanbieter, Quoten und Wetten auf NBA 2K Matches 2026. Finde die top Wettquoten und Buchmacher f\u00fcr deinen Basketball-Favoriten.\",\"breadcrumb\":{\"@id\":\"https:\/\/www.esports-betting.pro\/de\/nba-2k\/#breadcrumb\"},\"inLanguage\":\"de-DE\",\"potentialAction\":[{\"@type\":\"ReadAction\",\"target\":[\"https:\/\/www.esports-betting.pro\/de\/nba-2k\/\"]}]},{\"@type\":\"BreadcrumbList\",\"@id\":\"https:\/\/www.esports-betting.pro\/de\/nba-2k\/#breadcrumb\",\"itemListElement\":[{\"@type\":\"ListItem\",\"position\":1,\"name\":\"Home\",\"item\":\"https:\/\/www.esports-betting.pro\/de\/\"},{\"@type\":\"ListItem\",\"position\":2,\"name\":\"NBA 2K &#8211; Wettanbieter &amp; Wetten &#8211; Wie und Wo auf eSport Wetten 2022\"}]},{\"@type\":\"WebSite\",\"@id\":\"https:\/\/www.esports-betting.pro\/de\/#website\",\"url\":\"https:\/\/www.esports-betting.pro\/de\/\",\"name\":\"Esports Betting - DE\",\"description\":\"Just another Esports Betting Sites site\",\"potentialAction\":[{\"@type\":\"SearchAction\",\"target\":{\"@type\":\"EntryPoint\",\"urlTemplate\":\"https:\/\/www.esports-betting.pro\/de\/?s={search_term_string}\"},\"query-input\":\"required name=search_term_string\"}],\"inLanguage\":\"de-DE\"}]}<\/script>\n<!-- \/ Yoast SEO plugin. -->","yoast_head_json":{"title":"NBA 2K - Wettanbieter & Wetten - Wie und Wo auf eSport Wetten 2026","description":"NBA 2K Wettanbieter, Quoten und Wetten auf NBA 2K Matches 2026. Finde die top Wettquoten und Buchmacher f\u00fcr deinen Basketball-Favoriten.","robots":{"index":"index","follow":"follow","max-snippet":"max-snippet:-1","max-image-preview":"max-image-preview:large","max-video-preview":"max-video-preview:-1"},"canonical":"https:\/\/www.esports-betting.pro\/de\/nba-2k\/","og_locale":"de_DE","og_type":"article","og_title":"NBA 2K - Wettanbieter & Wetten - Wie und Wo auf eSport Wetten 2026","og_description":"NBA 2K Wettanbieter, Quoten und Wetten auf NBA 2K Matches 2026. Finde die top Wettquoten und Buchmacher f\u00fcr deinen Basketball-Favoriten.","og_url":"https:\/\/www.esports-betting.pro\/de\/nba-2k\/","og_site_name":"Esports Betting - DE","article_modified_time":"2022-08-31T15:08:24+00:00","twitter_card":"summary_large_image","twitter_misc":{"Est. reading time":"5 Minuten"},"schema":{"@context":"https:\/\/schema.org","@graph":[{"@type":"WebPage","@id":"https:\/\/www.esports-betting.pro\/de\/nba-2k\/","url":"https:\/\/www.esports-betting.pro\/de\/nba-2k\/","name":"NBA 2K - Wettanbieter & Wetten - Wie und Wo auf eSport Wetten 2026","isPartOf":{"@id":"https:\/\/www.esports-betting.pro\/de\/#website"},"datePublished":"2018-12-10T20:05:29+00:00","dateModified":"2022-08-31T15:08:24+00:00","description":"NBA 2K Wettanbieter, Quoten und Wetten auf NBA 2K Matches 2026. Finde die top Wettquoten und Buchmacher f\u00fcr deinen Basketball-Favoriten.","breadcrumb":{"@id":"https:\/\/www.esports-betting.pro\/de\/nba-2k\/#breadcrumb"},"inLanguage":"de-DE","potentialAction":[{"@type":"ReadAction","target":["https:\/\/www.esports-betting.pro\/de\/nba-2k\/"]}]},{"@type":"BreadcrumbList","@id":"https:\/\/www.esports-betting.pro\/de\/nba-2k\/#breadcrumb","itemListElement":[{"@type":"ListItem","position":1,"name":"Home","item":"https:\/\/www.esports-betting.pro\/de\/"},{"@type":"ListItem","position":2,"name":"NBA 2K &#8211; Wettanbieter &amp; Wetten &#8211; Wie und Wo auf eSport Wetten 2022"}]},{"@type":"WebSite","@id":"https:\/\/www.esports-betting.pro\/de\/#website","url":"https:\/\/www.esports-betting.pro\/de\/","name":"Esports Betting - DE","description":"Just another Esports Betting Sites site","potentialAction":[{"@type":"SearchAction","target":{"@type":"EntryPoint","urlTemplate":"https:\/\/www.esports-betting.pro\/de\/?s={search_term_string}"},"query-input":"required name=search_term_string"}],"inLanguage":"de-DE"}]}},"_links":{"self":[{"href":"https:\/\/www.esports-betting.pro\/de\/wp-json\/wp\/v2\/pages\/30001"}],"collection":[{"href":"https:\/\/www.esports-betting.pro\/de\/wp-json\/wp\/v2\/pages"}],"about":[{"href":"https:\/\/www.esports-betting.pro\/de\/wp-json\/wp\/v2\/types\/page"}],"author":[{"embeddable":true,"href":"https:\/\/www.esports-betting.pro\/de\/wp-json\/wp\/v2\/users\/24"}],"replies":[{"embeddable":true,"href":"https:\/\/www.esports-betting.pro\/de\/wp-json\/wp\/v2\/comments?post=30001"}],"version-history":[{"count":1,"href":"https:\/\/www.esports-betting.pro\/de\/wp-json\/wp\/v2\/pages\/30001\/revisions"}],"predecessor-version":[{"id":52322,"href":"https:\/\/www.esports-betting.pro\/de\/wp-json\/wp\/v2\/pages\/30001\/revisions\/52322"}],"wp:attachment":[{"href":"https:\/\/www.esports-betting.pro\/de\/wp-json\/wp\/v2\/media?parent=30001"}],"curies":[{"name":"wp","href":"https:\/\/api.w.org\/{rel}","templated":true}]}}