{"id":29854,"date":"2018-11-29T23:49:55","date_gmt":"2018-11-29T22:49:55","guid":{"rendered":"https:\/\/www.esports-betting.pro\/de\/?page_id=29854"},"modified":"2018-11-29T23:49:55","modified_gmt":"2018-11-29T22:49:55","slug":"trustly-review","status":"publish","type":"page","link":"https:\/\/www.esports-betting.pro\/de\/zahlungsarten\/trustly-review\/","title":{"rendered":"Trustly eSport Wetten Zahlungsart Review | Guide f\u00fcr eSport Wetten Einzahlung &amp; Auszahlung"},"content":{"rendered":"<p style=\"text-align: justify\"><img loading=\"lazy\" decoding=\"async\" class=\"size-full wp-image-29855 alignright\" src=\"https:\/\/www.esports-betting.pro\/app\/uploads\/sites\/2\/Trustly-Zahlungsmethoden-Logo.png\" alt=\"Trustly Zahlungsmethoden Logo\" width=\"150\" height=\"150\" \/>Mit unserem Trustly <a href=\"https:\/\/www.esports-betting.pro\/de\/\">eSport Wetten<\/a> Zahlungsmethoden Review stellen wir euch diesmal einen besonderen Kandidaten unter den <a href=\"https:\/\/www.esports-betting.pro\/de\/zahlungsarten\/\">Zahlungsarten<\/a> vor. Trustly blickt bereits \u00fcber 10 Jahre auf sein Gr\u00fcndungsdatum (2008) zur\u00fcck und hat seither stetig an Marktmacht zugenommen. Wieder einmal Schweden hat rechtzeitig in einen damaligen Nischenmarkt investiert, als das klassische Bezahlen in Onlineshops immer unsicher wurde. Durch den Hauptsitz in Stockholm unterliegt Trustly einer besonderen Finanzaufsicht der schwedischen Finanzbeh\u00f6rden und ist offiziell als \u201eTrusted Payment\u201c lizensiert. Wer Trustly mit wenigen Worten beschreiben m\u00f6chte, nennt es ein Ultraschnelles, einfaches und sicheres Mittel (beispielsweise f\u00fcr eSport Wetten Einzahlung & Auszahlung). Mittlerweile erfreuen sich bereits 29 europ\u00e4ische L\u00e4nder am Trustly Service!<\/p>\n<p style=\"text-align: justify\">Zahlungen mit Trustly werden direkt \u00fcber die Konten der Nutzer abgewickelt, ohne dass die Kontodaten direkt an den Empf\u00e4nger \u00fcbermittelt werden m\u00fcssen. Der Nutzer spricht mit den AGBs eine Genehmigung an Trustly aus, die im Namen des Kunden eine \u00dcberweisung t\u00e4tigen d\u00fcrfen. Die Transaktion werden daher auch sofort abgewickelt und landen so schneller beim Empf\u00e4ngerkonto. In unserem Trustly eSport Wetten Zahlungsart Review wollen wir uns aber genau anschauen, wie sich Trustly und eSport Wetten miteinander vertragen. Mehr noch, schlagen wir euch au\u00dferdem unsere empfohlenen Buchmacher f\u00fcr Trustly eSport Wetten vor und diskutieren die Kosteneffizienz.<\/p>\n<h2>eSport Wetten mit Trustly? \u2013 Man kann man den Service f\u00fcr eSport Wetten nutzen!<\/h2>\n<div class=\"title-line\">\n<div class=\"icon\"><\/div>\n<div class=\"fullWidth-line\"><\/div>\n<\/div>\n<p>Die erste Frage bleibt doch, ob man Trustly als das Zahlungsmittel der Wahl f\u00fcr <a href=\"https:\/\/www.esports-betting.pro\/de\/\">Onlinewetten auf eSports<\/a> nutzen kann. Ja, man kann! Trustly gilt als einer der bequemsten M\u00f6glichkeiten f\u00fcr eSport Wetten, gerade weil Trustly so leicht zu bedienen ist. Also k\u00f6nnen sich auch Leute mit wenig IT-Kenntnissen problemlos an Trustly wagen. Durch die breite Verf\u00fcgbarkeit von Trustly in 29 europ\u00e4ischen L\u00e4ndern und einem Jahresumsatz jenseits der Milliardengrenze, kann es sich auch kein Wettanbieter mehr leisten, das Zahlungsmittel zu ignorieren.<\/p>\n<h2>Bekannteste Wettanbieter die Trustly Zahlungen unterst\u00fctzen?<\/h2>\n<div class=\"title-line\">\n<div class=\"icon\"><\/div>\n<div class=\"fullWidth-line\"><\/div>\n<\/div>\n<p style=\"text-align: justify\">Wir haben eine Vielzahl von Wettanbietern gefunden, die Trustly eSport Wetten als Zahlungsart zulassen. Trotzdem wollen wir euch hier drei unserer Perlen vorstellen, mit denen man sorgenfrei Wetten setzen kann:<\/p>\n<h2>Trustly eSport Wetten Zahlungsmethoden Review | Wie steht es um die Kosteneffizienz?<\/h2>\n<div class=\"title-line\">\n<div class=\"icon\"><\/div>\n<div class=\"fullWidth-line\"><\/div>\n<\/div>\n<p style=\"text-align: justify\">Hier kommt ein weiterer Vorteil von Trustly zum tragen. Es werden nur Kleinstbetr\u00e4ge an Geb\u00fchren f\u00fcr Transaktionen mit Trustly veranschlagt, wobei die <a href=\"https:\/\/www.esports-betting.pro\/de\/buchmacher-wettanbieter\/\">Buchmacher<\/a> ihrerseits keine Geb\u00fchren f\u00fcr eine Auszahlung (also Gewinnaussch\u00fcttung) \u00fcber Trustly verlangen. Daher bleiben mit Trustly eSport Wetten Einzahlungen & Auszahlungen ein unkompliziertes und kosteneffizientes Unterfangen. Die kosteng\u00fcnstige Nutzung von Trustly wird n\u00e4mlich auch einen ma\u00dfgeblichen Ausschlag an der europ\u00e4ischen Popularit\u00e4t haben.<\/p>\n<h2>Wie richte ich mir Trustly ein?<\/h2>\n<div class=\"title-line\">\n<div class=\"icon\"><\/div>\n<div class=\"fullWidth-line\"><\/div>\n<\/div>\n<p style=\"text-align: justify\">Die Registrierung bei Trustly gestaltet sich ebenfalls als sehr funktional. Denn hier kommt einem Trustly sehr entgegen und erm\u00f6glicht eine In-Action Registrierung. Warum sollte man sich registrieren, wenn der Service gar nicht beim Wettanbieter des Vertrauens angeboten wird. Um jedenfalls eine grobe \u00dcbersicht zu geben, haben wir f\u00fcr unseren Trustly eSport Wetten Zahlungsart Review Pinnacle als Beispiel genommen, die Verfahrensweise zu erkl\u00e4ren:<\/p>\n<ol>\n<li style=\"text-align: justify\">Nachdem man sich in seinen pers\u00f6nlichen Pinnacle Account eingeloggt hat und eine potentielle Wette ersp\u00e4ht hat, muss man den Einsatz setzen.<\/li>\n<li style=\"text-align: justify\">Nun sollte man in der Bezahlfenster-Maske Trustly als Zahlungsmittel ausw\u00e4hlen.<\/li>\n<li style=\"text-align: justify\">Im dritten Schritt wird man automatisch auf ein Registrierungsportal von Trustly gef\u00fchrt. Keine Sorge &#8211; es werden pers\u00f6nliche Daten und Bankinformationen abgefragt. Es handelt sich nicht um Pishing.<\/li>\n<li style=\"text-align: justify\">Sobald man die E-Mail von Trustly best\u00e4tigt hat, wird einem erst die Transaktionsbest\u00e4tigung von Trustly \u00fcber die Abgeschlossene Wette zugesendet. Kurze Zeit sp\u00e4ter folgt die Mail von Pinnacle.<\/li>\n<li style=\"text-align: justify\">Achtung! Bitte schlie\u00dft im Registrierungsfenster nicht die noch offenen Pinnacle Fenster, da man wieder zur\u00fcck zum Wettanbieter geleitet wird.<\/li>\n<\/ol>\n<h2>Trustly eSport Wetten Einzahlung & Auszahlung!<\/h2>\n<div class=\"title-line\">\n<div class=\"icon\"><\/div>\n<div class=\"fullWidth-line\"><\/div>\n<\/div>\n<p style=\"text-align: justify\">Hier kommen wir gleich zur Preisfrage, die man f\u00fcr Trustly auch erfreulich beantworten kann. Anders als mit Sofort erm\u00f6glicht Trustly auch eine Auszahlung (sprich Gewinnausch\u00fcttung) der Buchmacher. Das bedeutet, dass man sogar beim Einstreichen des Gewinns seine pers\u00f6nlichen Kontodaten nicht an den Wettanbieter preisgiben muss und Trustly auch diese wichtige Transaktion \u00fcbernimmt. Hierf\u00fcr werden ebenfalls Kleinstbetr\u00e4ge an Geb\u00fchren f\u00e4llig, die aber nicht stark zur Kasse schlagen.<\/p>\n<h2>Fazit Trustly eSport Wetten Zahlungsart Review<\/h2>\n<div class=\"title-line\">\n<div class=\"icon\"><\/div>\n<div class=\"fullWidth-line\"><\/div>\n<\/div>\n<p style=\"text-align: justify\">Trustly hat sich als die Bezahlmethode der Wahl herausgestellt. Alle die nicht umst\u00e4ndlich auf ein E-Wallet (Neteller) umsteigen wollen, aber den Wettanbietern ebenfalls nicht ihre Kontodaten preisgeben wollen, sind mit Trustly gut beraten einen Mittelweg zu gehen. Trustly kommt mit vielen Vorteilen und keinen bedeutsamen Nachteilen.<\/p>\n","protected":false},"excerpt":{"rendered":"<p>Mit unserem Trustly eSport Wetten Zahlungsmethoden Review stellen wir euch diesmal einen besonderen Kandidaten unter den Zahlungsarten vor. Trustly blickt bereits \u00fcber 10 Jahre auf sein Gr\u00fcndungsdatum (2008) zur\u00fcck und hat seither stetig an Marktmacht zugenommen. Wieder einmal Schweden hat rechtzeitig in einen damaligen Nischenmarkt investiert, als das klassische Bezahlen in Onlineshops immer unsicher wurde. &hellip; <a href=\"https:\/\/www.esports-betting.pro\/de\/zahlungsarten\/trustly-review\/\">Continued<\/a><\/p>\n","protected":false},"author":24,"featured_media":0,"parent":29798,"menu_order":0,"comment_status":"closed","ping_status":"closed","template":"","meta":{"_acf_changed":false,"footnotes":""},"acf":[],"yoast_head":"<!-- This site is optimized with the Yoast SEO plugin v22.6 - https:\/\/yoast.com\/wordpress\/plugins\/seo\/ -->\n<title>Trustly eSport Wetten Zahlungsmethoden Review | eSport Wetten Guide<\/title>\n<meta name=\"description\" content=\"Trustly f\u00fcr eSport Wetten? Erfahre die Vorteile und Nachteile in unserem exklusiven Trustly eSport Wetten Zahlungsmethoden Review\" \/>\n<meta name=\"robots\" content=\"index, follow, max-snippet:-1, max-image-preview:large, max-video-preview:-1\" \/>\n<link rel=\"canonical\" href=\"https:\/\/www.esports-betting.pro\/de\/zahlungsarten\/trustly-review\/\" \/>\n<meta property=\"og:locale\" content=\"de_DE\" \/>\n<meta property=\"og:type\" content=\"article\" \/>\n<meta property=\"og:title\" content=\"Trustly eSport Wetten Zahlungsmethoden Review | eSport Wetten Guide\" \/>\n<meta property=\"og:description\" content=\"Trustly f\u00fcr eSport Wetten? Erfahre die Vorteile und Nachteile in unserem exklusiven Trustly eSport Wetten Zahlungsmethoden Review\" \/>\n<meta property=\"og:url\" content=\"https:\/\/www.esports-betting.pro\/de\/zahlungsarten\/trustly-review\/\" \/>\n<meta property=\"og:site_name\" content=\"Esports Betting - DE\" \/>\n<meta property=\"og:image\" content=\"https:\/\/www.esports-betting.pro\/app\/uploads\/sites\/2\/Trustly-Zahlungsmethoden-Logo.png\" \/>\n<meta name=\"twitter:card\" content=\"summary_large_image\" \/>\n<meta name=\"twitter:label1\" content=\"Est. reading time\" \/>\n\t<meta name=\"twitter:data1\" content=\"4 Minuten\" \/>\n<script type=\"application\/ld+json\" class=\"yoast-schema-graph\">{\"@context\":\"https:\/\/schema.org\",\"@graph\":[{\"@type\":\"WebPage\",\"@id\":\"https:\/\/www.esports-betting.pro\/de\/zahlungsarten\/trustly-review\/\",\"url\":\"https:\/\/www.esports-betting.pro\/de\/zahlungsarten\/trustly-review\/\",\"name\":\"Trustly eSport Wetten Zahlungsmethoden Review | eSport Wetten Guide\",\"isPartOf\":{\"@id\":\"https:\/\/www.esports-betting.pro\/de\/#website\"},\"primaryImageOfPage\":{\"@id\":\"https:\/\/www.esports-betting.pro\/de\/zahlungsarten\/trustly-review\/#primaryimage\"},\"image\":{\"@id\":\"https:\/\/www.esports-betting.pro\/de\/zahlungsarten\/trustly-review\/#primaryimage\"},\"thumbnailUrl\":\"https:\/\/www.esports-betting.pro\/app\/uploads\/sites\/2\/Trustly-Zahlungsmethoden-Logo.png\",\"datePublished\":\"2018-11-29T22:49:55+00:00\",\"dateModified\":\"2018-11-29T22:49:55+00:00\",\"description\":\"Trustly f\u00fcr eSport Wetten? Erfahre die Vorteile und Nachteile in unserem exklusiven Trustly eSport Wetten Zahlungsmethoden Review\",\"breadcrumb\":{\"@id\":\"https:\/\/www.esports-betting.pro\/de\/zahlungsarten\/trustly-review\/#breadcrumb\"},\"inLanguage\":\"de-DE\",\"potentialAction\":[{\"@type\":\"ReadAction\",\"target\":[\"https:\/\/www.esports-betting.pro\/de\/zahlungsarten\/trustly-review\/\"]}]},{\"@type\":\"ImageObject\",\"inLanguage\":\"de-DE\",\"@id\":\"https:\/\/www.esports-betting.pro\/de\/zahlungsarten\/trustly-review\/#primaryimage\",\"url\":\"https:\/\/www.esports-betting.pro\/app\/uploads\/sites\/2\/Trustly-Zahlungsmethoden-Logo.png\",\"contentUrl\":\"https:\/\/www.esports-betting.pro\/app\/uploads\/sites\/2\/Trustly-Zahlungsmethoden-Logo.png\"},{\"@type\":\"BreadcrumbList\",\"@id\":\"https:\/\/www.esports-betting.pro\/de\/zahlungsarten\/trustly-review\/#breadcrumb\",\"itemListElement\":[{\"@type\":\"ListItem\",\"position\":1,\"name\":\"Home\",\"item\":\"https:\/\/www.esports-betting.pro\/de\/\"},{\"@type\":\"ListItem\",\"position\":2,\"name\":\"eSport Wetten Zahlungsmethoden Review | Guides f\u00fcr eSport Wetten Einzahlung &amp; Auszahlung\",\"item\":\"https:\/\/www.esports-betting.pro\/de\/zahlungsarten\/\"},{\"@type\":\"ListItem\",\"position\":3,\"name\":\"Trustly eSport Wetten Zahlungsart Review | Guide f\u00fcr eSport Wetten Einzahlung &amp; Auszahlung\"}]},{\"@type\":\"WebSite\",\"@id\":\"https:\/\/www.esports-betting.pro\/de\/#website\",\"url\":\"https:\/\/www.esports-betting.pro\/de\/\",\"name\":\"Esports Betting - DE\",\"description\":\"Just another Esports Betting Sites site\",\"potentialAction\":[{\"@type\":\"SearchAction\",\"target\":{\"@type\":\"EntryPoint\",\"urlTemplate\":\"https:\/\/www.esports-betting.pro\/de\/?s={search_term_string}\"},\"query-input\":\"required name=search_term_string\"}],\"inLanguage\":\"de-DE\"}]}<\/script>\n<!-- \/ Yoast SEO plugin. -->","yoast_head_json":{"title":"Trustly eSport Wetten Zahlungsmethoden Review | eSport Wetten Guide","description":"Trustly f\u00fcr eSport Wetten? Erfahre die Vorteile und Nachteile in unserem exklusiven Trustly eSport Wetten Zahlungsmethoden Review","robots":{"index":"index","follow":"follow","max-snippet":"max-snippet:-1","max-image-preview":"max-image-preview:large","max-video-preview":"max-video-preview:-1"},"canonical":"https:\/\/www.esports-betting.pro\/de\/zahlungsarten\/trustly-review\/","og_locale":"de_DE","og_type":"article","og_title":"Trustly eSport Wetten Zahlungsmethoden Review | eSport Wetten Guide","og_description":"Trustly f\u00fcr eSport Wetten? Erfahre die Vorteile und Nachteile in unserem exklusiven Trustly eSport Wetten Zahlungsmethoden Review","og_url":"https:\/\/www.esports-betting.pro\/de\/zahlungsarten\/trustly-review\/","og_site_name":"Esports Betting - DE","og_image":[{"url":"https:\/\/www.esports-betting.pro\/app\/uploads\/sites\/2\/Trustly-Zahlungsmethoden-Logo.png"}],"twitter_card":"summary_large_image","twitter_misc":{"Est. reading time":"4 Minuten"},"schema":{"@context":"https:\/\/schema.org","@graph":[{"@type":"WebPage","@id":"https:\/\/www.esports-betting.pro\/de\/zahlungsarten\/trustly-review\/","url":"https:\/\/www.esports-betting.pro\/de\/zahlungsarten\/trustly-review\/","name":"Trustly eSport Wetten Zahlungsmethoden Review | eSport Wetten Guide","isPartOf":{"@id":"https:\/\/www.esports-betting.pro\/de\/#website"},"primaryImageOfPage":{"@id":"https:\/\/www.esports-betting.pro\/de\/zahlungsarten\/trustly-review\/#primaryimage"},"image":{"@id":"https:\/\/www.esports-betting.pro\/de\/zahlungsarten\/trustly-review\/#primaryimage"},"thumbnailUrl":"https:\/\/www.esports-betting.pro\/app\/uploads\/sites\/2\/Trustly-Zahlungsmethoden-Logo.png","datePublished":"2018-11-29T22:49:55+00:00","dateModified":"2018-11-29T22:49:55+00:00","description":"Trustly f\u00fcr eSport Wetten? Erfahre die Vorteile und Nachteile in unserem exklusiven Trustly eSport Wetten Zahlungsmethoden Review","breadcrumb":{"@id":"https:\/\/www.esports-betting.pro\/de\/zahlungsarten\/trustly-review\/#breadcrumb"},"inLanguage":"de-DE","potentialAction":[{"@type":"ReadAction","target":["https:\/\/www.esports-betting.pro\/de\/zahlungsarten\/trustly-review\/"]}]},{"@type":"ImageObject","inLanguage":"de-DE","@id":"https:\/\/www.esports-betting.pro\/de\/zahlungsarten\/trustly-review\/#primaryimage","url":"https:\/\/www.esports-betting.pro\/app\/uploads\/sites\/2\/Trustly-Zahlungsmethoden-Logo.png","contentUrl":"https:\/\/www.esports-betting.pro\/app\/uploads\/sites\/2\/Trustly-Zahlungsmethoden-Logo.png"},{"@type":"BreadcrumbList","@id":"https:\/\/www.esports-betting.pro\/de\/zahlungsarten\/trustly-review\/#breadcrumb","itemListElement":[{"@type":"ListItem","position":1,"name":"Home","item":"https:\/\/www.esports-betting.pro\/de\/"},{"@type":"ListItem","position":2,"name":"eSport Wetten Zahlungsmethoden Review | Guides f\u00fcr eSport Wetten Einzahlung &amp; Auszahlung","item":"https:\/\/www.esports-betting.pro\/de\/zahlungsarten\/"},{"@type":"ListItem","position":3,"name":"Trustly eSport Wetten Zahlungsart Review | Guide f\u00fcr eSport Wetten Einzahlung &amp; Auszahlung"}]},{"@type":"WebSite","@id":"https:\/\/www.esports-betting.pro\/de\/#website","url":"https:\/\/www.esports-betting.pro\/de\/","name":"Esports Betting - DE","description":"Just another Esports Betting Sites site","potentialAction":[{"@type":"SearchAction","target":{"@type":"EntryPoint","urlTemplate":"https:\/\/www.esports-betting.pro\/de\/?s={search_term_string}"},"query-input":"required name=search_term_string"}],"inLanguage":"de-DE"}]}},"_links":{"self":[{"href":"https:\/\/www.esports-betting.pro\/de\/wp-json\/wp\/v2\/pages\/29854"}],"collection":[{"href":"https:\/\/www.esports-betting.pro\/de\/wp-json\/wp\/v2\/pages"}],"about":[{"href":"https:\/\/www.esports-betting.pro\/de\/wp-json\/wp\/v2\/types\/page"}],"author":[{"embeddable":true,"href":"https:\/\/www.esports-betting.pro\/de\/wp-json\/wp\/v2\/users\/24"}],"replies":[{"embeddable":true,"href":"https:\/\/www.esports-betting.pro\/de\/wp-json\/wp\/v2\/comments?post=29854"}],"version-history":[{"count":0,"href":"https:\/\/www.esports-betting.pro\/de\/wp-json\/wp\/v2\/pages\/29854\/revisions"}],"up":[{"embeddable":true,"href":"https:\/\/www.esports-betting.pro\/de\/wp-json\/wp\/v2\/pages\/29798"}],"wp:attachment":[{"href":"https:\/\/www.esports-betting.pro\/de\/wp-json\/wp\/v2\/media?parent=29854"}],"curies":[{"name":"wp","href":"https:\/\/api.w.org\/{rel}","templated":true}]}}