{"id":29835,"date":"2018-11-29T23:27:02","date_gmt":"2018-11-29T22:27:02","guid":{"rendered":"https:\/\/www.esports-betting.pro\/de\/?page_id=29835"},"modified":"2018-11-29T23:27:02","modified_gmt":"2018-11-29T22:27:02","slug":"sofort-review","status":"publish","type":"page","link":"https:\/\/www.esports-betting.pro\/de\/zahlungsarten\/sofort-review\/","title":{"rendered":"Sofort eSport Wetten Zahlungsart Review | Guide f\u00fcr eSport Wetten Einzahlung &amp; Auszahlung"},"content":{"rendered":"<p style=\"text-align: justify\"><img loading=\"lazy\" decoding=\"async\" class=\"size-full wp-image-29836 alignright\" src=\"https:\/\/www.esports-betting.pro\/app\/uploads\/sites\/2\/Klarna-Zahlungsmethoden-Logo.png\" alt=\"Klarna Zahlungsmethoden Logo\" width=\"150\" height=\"150\" \/>Heute stellen wir euch die Zahlungsmethode Sofort (und Klarna) vor. Im deutschsprachigen Raum ist Sofort vor Allem aus diversen Onlineshops und anderen E-Dienstleistungen bekannt. Ganz anders sehen die Zahl bezogen auf eSport Wetten aus. Daher wollen wir uns im heutigen Sofort <a href=\"https:\/\/www.esports-betting.pro\/de\">eSport Wetten<\/a> <a href=\"https:\/\/www.esports-betting.pro\/de\/zahlungsarten\/\">Zahlungsart<\/a> Review mit der Frage besch\u00e4ftigen, inwiefern sich Sofort f\u00fcr das Wetten eignet und mit welchen Konditionen wir den Service nutzen k\u00f6nnen. Selbstverst\u00e4ndlich geben wir auch eine Liste mit den bekanntesten Buchmachern, die Sofort als Zahlungsart unterst\u00fctzen.<\/p>\n<p style=\"text-align: justify\">Sofort d\u00fcrfte vielen schon bekannt sein aus diversen Onlineshops, allerdings geh\u00f6rt Sofort entgegen der landl\u00e4ufigen Meinung nicht den Banken, sondern ist ein unabh\u00e4ngiger Transaktionsdienstleister, der als Schnittstelle zwischen Banken und E-Handel gilt. Dabei kommt Sofort mit unknackbarer Verschl\u00fcsselung der Daten und hat selbstredend viel in das Thema Datensicherheit investiert. Mit einer Einschr\u00e4nkung m\u00fcssen Nutzer aber Vorlieb nehmen: Sofort eSport Wetten Einzahlung & Auszahlung sind nicht uneingeschr\u00e4nkt m\u00f6glich ist. Leider haben wir aktuell noch keinen Wettanbieter gefunden, der ebenfalls \u00fcber Sofort an die Kunden Gewinn aussch\u00fcttet (aber dazu sp\u00e4ter mehr).<\/p>\n<h2>eSport Wetten mit der Zahlungsart Sofort? Selbstverst\u00e4ndlich kann man!<\/h2>\n<div class=\"title-line\">\n<div class=\"icon\"><\/div>\n<div class=\"fullWidth-line\"><\/div>\n<\/div>\n<p style=\"text-align: justify\">Sofort erfreut sich einem breiten Einsatzspektrum im deutschsprachigen Raum. Zwar geh\u00f6rt die Zahlungsmethode Sofort zu den meist genutzten f\u00fcr eSport Wetten, dies steht aber in keinem Verh\u00e4ltnis zu seiner Verbreitung in herk\u00f6mmlichen Onlineshops. Zwar unterst\u00fctzen fast alle Buchmacher Sofort als Zahlungsart, trotzdem lohnt es sich einen Blick auf <a href=\"https:\/\/www.esports-betting.pro\/de\/\">unsere empfohlenen Buchmacher<\/a> zu werfen. Vielleicht ist einer dabei, den man schon vorher ins Auge gefasst hat:<\/p>\n<h3>Welche W\u00e4hrungen werden von Sofort unterst\u00fctzt<\/h3>\n<p style=\"text-align: justify\">Sofort unterst\u00fctzt leider nur den Euro als Hauptw\u00e4hrung. Daf\u00fcr wird er aber auch in ausgew\u00e4hlten Partnerl\u00e4ndern in Europa angeboten, die in einer engen Beziehung zum Euro stehen (z.B. UK). Insgesamt wird Sofort als Zahlungsmittel in 13 L\u00e4ndern Europaweit angeboten und erfreut sich bereits 12 Millionen Nutzern.<\/p>\n<p style=\"text-align: justify\">Hier ist ein \u00dcberblick \u00fcber alle L\u00e4nder, die Sofort als Zahlungsmethode, bzw. Zahlungsart anbieten:<\/p>\n<ul>\n<li><strong><img loading=\"lazy\" decoding=\"async\" class=\"alignnone size-full wp-image-29838\" src=\"https:\/\/www.esports-betting.pro\/app\/uploads\/sites\/2\/Belgium-Flag-Icon.png\" alt=\"Belgium Flag Icon\" width=\"20\" height=\"20\" \/>\u00a0Belgien<\/strong><\/li>\n<li><strong><img loading=\"lazy\" decoding=\"async\" class=\"alignnone size-full wp-image-29841\" src=\"https:\/\/www.esports-betting.pro\/app\/uploads\/sites\/2\/Germany-Flag-Icon.png\" alt=\"Germany Flag Icon\" width=\"20\" height=\"20\" \/>\u00a0Deutschland<\/strong><\/li>\n<li><strong><img loading=\"lazy\" decoding=\"async\" class=\"alignnone size-full wp-image-29840\" src=\"https:\/\/www.esports-betting.pro\/app\/uploads\/sites\/2\/France-Flag-Icon.png\" alt=\"France Flag Icon\" width=\"20\" height=\"20\" \/>\u00a0Frankreich<\/strong><\/li>\n<li><strong><img loading=\"lazy\" decoding=\"async\" class=\"alignnone size-full wp-image-29843\" src=\"https:\/\/www.esports-betting.pro\/app\/uploads\/sites\/2\/Italy-Flag-Icon.png\" alt=\"Italy Flag Icon\" width=\"20\" height=\"20\" \/>\u00a0Italien<\/strong><\/li>\n<li><strong><img loading=\"lazy\" decoding=\"async\" class=\"alignnone size-full wp-image-29844\" src=\"https:\/\/www.esports-betting.pro\/app\/uploads\/sites\/2\/Netherlands-Flag-Icon.png\" alt=\"Netherlands Flag Icon\" width=\"20\" height=\"20\" \/>\u00a0Niederlande<\/strong><\/li>\n<li><strong><img loading=\"lazy\" decoding=\"async\" class=\"alignnone size-full wp-image-29845\" src=\"https:\/\/www.esports-betting.pro\/app\/uploads\/sites\/2\/Poland-Flag-Icon.png\" alt=\"Poland Flag Icon\" width=\"20\" height=\"20\" \/>\u00a0Polen<\/strong><\/li>\n<li><strong><img loading=\"lazy\" decoding=\"async\" class=\"alignnone size-full wp-image-29848\" src=\"https:\/\/www.esports-betting.pro\/app\/uploads\/sites\/2\/Switzerland.png\" alt=\"Switzerland Flag Icon\" width=\"20\" height=\"20\" \/>\u00a0Schweiz<\/strong><\/li>\n<li><strong><img loading=\"lazy\" decoding=\"async\" class=\"alignnone size-full wp-image-29846\" src=\"https:\/\/www.esports-betting.pro\/app\/uploads\/sites\/2\/Slovakia-Flag-Icon.png\" alt=\"Slovakia Flag Icon\" width=\"20\" height=\"20\" \/>\u00a0Slowakei<\/strong><\/li>\n<li><strong><img loading=\"lazy\" decoding=\"async\" class=\"alignnone size-full wp-image-29847\" src=\"https:\/\/www.esports-betting.pro\/app\/uploads\/sites\/2\/Spain-Flag-Icon.png\" alt=\"Spain Flag Icon\" width=\"20\" height=\"20\" \/>\u00a0Spanien<\/strong><\/li>\n<li><strong><img loading=\"lazy\" decoding=\"async\" class=\"alignnone size-full wp-image-29839\" src=\"https:\/\/www.esports-betting.pro\/app\/uploads\/sites\/2\/Czech-Republic-Flag-Icon.png\" alt=\"Czech Republic Flag Icon\" width=\"20\" height=\"20\" \/>\u00a0Tschechische Republik<\/strong><\/li>\n<li><strong><img loading=\"lazy\" decoding=\"async\" class=\"alignnone size-full wp-image-29842\" src=\"https:\/\/www.esports-betting.pro\/app\/uploads\/sites\/2\/Hungary-Flag-Icon.png\" alt=\"Hungary Flag Icon\" width=\"20\" height=\"20\" \/>\u00a0Ungarn<\/strong><\/li>\n<li><strong><img loading=\"lazy\" decoding=\"async\" class=\"alignnone size-full wp-image-29849\" src=\"https:\/\/www.esports-betting.pro\/app\/uploads\/sites\/2\/United-Kingdom-Flag-Icon.png\" alt=\"United Kingdom Flag Icon\" width=\"20\" height=\"20\" \/>\u00a0United Kingdom<\/strong><\/li>\n<li><strong><img loading=\"lazy\" decoding=\"async\" class=\"alignnone size-full wp-image-29850\" src=\"https:\/\/www.esports-betting.pro\/app\/uploads\/sites\/2\/Austria-Flag-Icon.png\" alt=\"Austria Flag Icon\" width=\"20\" height=\"20\" \/>\u00a0\u00d6sterreich<\/strong><\/li>\n<\/ul>\n<p style=\"text-align: justify\">Sofern man aus einem dieser 13 L\u00e4nder stammt und am Sofort Zahlungsdienst f\u00fcr eSport Wetten Interesse hat, k\u00f6nnte einer der folgenden Abs\u00e4tze interessant werden:<\/p>\n<h2>Bekannteste Buchmacher die Sofort als Zahlungsmittel unterst\u00fctzen?<\/h2>\n<div class=\"title-line\">\n<div class=\"icon\"><\/div>\n<div class=\"fullWidth-line\"><\/div>\n<\/div>\n<p style=\"text-align: justify\">Selbstredend haben wir viele Buchmacher f\u00fcr unseren Sofort eSport Wetten Zahlungsmethoden Review gefunden, die den Service unterst\u00fctzen. Da Sofort bereits in 13 L\u00e4ndern aktiv ist und halb Europa mit an Bord hat, gibt es kaum einen Buchmacher, der den Service nicht anbieten m\u00f6chte. Trotzdem gilt es den Wald nicht vor lauter B\u00e4umen aus dem Auge zu verlieren und daher haben wir, wie immer, eine kleine Auswahl f\u00fcr euch bereitgestellt. Hier sind die besten Buchmacher die eure Sofort eSport Wetten Einzahlungen & Auszahlungen unkompliziert und sorgenfrei unterst\u00fctzen:<\/p>\n<h2>Sofort eSport Wetten Zahlungsart Review | Wie steht es um die Kosteneffizienz?<\/h2>\n<div class=\"title-line\">\n<div class=\"icon\"><\/div>\n<div class=\"fullWidth-line\"><\/div>\n<\/div>\n<p style=\"text-align: justify\">Das \u00fcberzeugendste Argument gleich am Anfang: Sofort \u00dcberweisungen sind und bleiben kostenfrei!<\/p>\n<p style=\"text-align: justify\">Au\u00dferdem ist der von den <a href=\"https:\/\/www.esports-betting.pro\/de\/buchmacher-wettanbieter\/\">Wettanbietern<\/a> gesetzte Einzahlungsdeckel der Buchmacher entsprechend h\u00f6her f\u00fcr Sofort eSport Wetten Einzahlungen & Auszahlungen. Beispielsweise liegt der Einzahlungsdeckel (Maximum Deposit) f\u00fcr die Paysafecard bei den meisten Anbietern gerade einmal bei 250\u20ac. F\u00fcr Sofort haben wir in unserem Sofort eSport Wetten Zahlungsmethoden Review einen Mittelwert von 5000\u20ac ermitteln k\u00f6nnen. Ist das Interesse unter den High Rollern geweckt?<\/p>\n<h2>Wie kann ich mit Sofort auf eSport Wetten setzen?<\/h2>\n<div class=\"title-line\">\n<div class=\"icon\"><\/div>\n<div class=\"fullWidth-line\"><\/div>\n<\/div>\n<p style=\"text-align: justify\">An dieser Stelle m\u00f6chten wir euch nochmals an die Liste der teilnehmenden L\u00e4nder verweisen, da oft Schwierigkeiten mit der Nutzung daran scheitern, dass man selber nicht in einem teilnehmenden Land ans\u00e4ssig ist. Falls man alle Kriterien erf\u00fcllt, haben wir einen kurzen \u00dcberblick gegeben, was es noch f\u00fcr erfolgreiche eSport Wetten mit Sofort zu beachten gibt:<\/p>\n<ol>\n<li><strong>Wichtig ist, dass man schaut, ob die eigene Hausbank Sofort als Service unterst\u00fctzt, da es nur mit verkn\u00fcpftem Konto funktioniert.<\/strong><\/li>\n<li><strong>Ist man bei seinem Wettanbieter des Vertrauens eingeloggt, muss man im Bezahlfenster nur Sofort im Zahlungsfenster angeben, dann wird man auf eine automatisierte Seite weitergeleitet.<\/strong><\/li>\n<li><strong>Hier kann man nochmals den bezahlten Betrag pr\u00fcfen und die Logindaten f\u00fcr das Konto einpflegen.<\/strong><\/li>\n<li><strong>Nach Verifizierung vergibt Sofort sofort das Okay f\u00fcr die Wette und der Einsatz ist gesetzt!<\/strong><\/li>\n<\/ol>\n<h2>Kann man mit Sofort Einzahlung & Auszahlung vornehmen?<\/h2>\n<div class=\"title-line\">\n<div class=\"icon\"><\/div>\n<div class=\"fullWidth-line\"><\/div>\n<\/div>\n<p style=\"text-align: justify\">Leider haben wir bisher keinen unserer Wettanbieter gefunden, der \u00fcber Sofort auch passiv an das Hauptkonto wieder auszahlen kann. Hier k\u00f6nnen wir nur spekulieren, aber denkbar ist, dass ohne sofort-Kontoautorisierung auch sp\u00e4ter kein passiver Geldtransfer mehr vorgenommen werden kann. Trotzdem haben wir eine gute Nachricht \u2013 umgekehrt haben wir keinen Wettanbieter gefunden, der Sofort nicht f\u00fcr die Einzahlungen freigeschaltet hat.<\/p>\n<h2>Fazit Sofort eSport Wetten Zahlungsmethoden Review<\/h2>\n<div class=\"title-line\">\n<div class=\"icon\"><\/div>\n<div class=\"fullWidth-line\"><\/div>\n<\/div>\n<p style=\"text-align: justify\">Eine Welt ohne Sofort ist jedenfalls f\u00fcr den deutschsprachigen Raum nicht mehr vorstellbar. Dank Sofort k\u00f6nnen eine Vielzahl von Deutschen auf eine Kreditkarte verzichten und ebenfalls die meisten Onlineshops mit Geld beehren. Sofort ist kostenfrei, fast von jedem Wettanbieter unterst\u00fctzt und sorgenfrei in den meisten EU-L\u00e4ndern verwendbar. Trotzdem sollte jedem Nutzer klar sein, dass es kein bilaterales Medium f\u00fcr Auszahlungen ist und man die Gutschrift direkt auf das Konto beantragen muss. Andere Zahlungsarten haben hier den Vorteil, dass auf beiden Wegen Geld flie\u00dfen kann (Neteller, Trustly).<\/p>\n","protected":false},"excerpt":{"rendered":"<p>Heute stellen wir euch die Zahlungsmethode Sofort (und Klarna) vor. Im deutschsprachigen Raum ist Sofort vor Allem aus diversen Onlineshops und anderen E-Dienstleistungen bekannt. Ganz anders sehen die Zahl bezogen auf eSport Wetten aus. Daher wollen wir uns im heutigen Sofort eSport Wetten Zahlungsart Review mit der Frage besch\u00e4ftigen, inwiefern sich Sofort f\u00fcr das Wetten &hellip; <a href=\"https:\/\/www.esports-betting.pro\/de\/zahlungsarten\/sofort-review\/\">Continued<\/a><\/p>\n","protected":false},"author":24,"featured_media":0,"parent":29798,"menu_order":0,"comment_status":"closed","ping_status":"closed","template":"","meta":{"_acf_changed":false,"footnotes":""},"acf":[],"yoast_head":"<!-- This site is optimized with the Yoast SEO plugin v22.6 - https:\/\/yoast.com\/wordpress\/plugins\/seo\/ -->\n<title>Sofort eSport Wetten Zahlungsmethoden Review | eSport Wetten Guide<\/title>\n<meta name=\"description\" content=\"Diesmal pr\u00e4sentieren wir unseren Sofort eSport Wetten Zahlungsmethoden Review und haben viel neues \u00fcber das vermeintlich bekannte Medium dabei!\" \/>\n<meta name=\"robots\" content=\"index, follow, max-snippet:-1, max-image-preview:large, max-video-preview:-1\" \/>\n<link rel=\"canonical\" href=\"https:\/\/www.esports-betting.pro\/de\/zahlungsarten\/sofort-review\/\" \/>\n<meta property=\"og:locale\" content=\"de_DE\" \/>\n<meta property=\"og:type\" content=\"article\" \/>\n<meta property=\"og:title\" content=\"Sofort eSport Wetten Zahlungsmethoden Review | eSport Wetten Guide\" \/>\n<meta property=\"og:description\" content=\"Diesmal pr\u00e4sentieren wir unseren Sofort eSport Wetten Zahlungsmethoden Review und haben viel neues \u00fcber das vermeintlich bekannte Medium dabei!\" \/>\n<meta property=\"og:url\" content=\"https:\/\/www.esports-betting.pro\/de\/zahlungsarten\/sofort-review\/\" \/>\n<meta property=\"og:site_name\" content=\"Esports Betting - DE\" \/>\n<meta property=\"og:image\" content=\"https:\/\/www.esports-betting.pro\/app\/uploads\/sites\/2\/Klarna-Zahlungsmethoden-Logo.png\" \/>\n<meta name=\"twitter:card\" content=\"summary_large_image\" \/>\n<meta name=\"twitter:label1\" content=\"Est. reading time\" \/>\n\t<meta name=\"twitter:data1\" content=\"4 Minuten\" \/>\n<script type=\"application\/ld+json\" class=\"yoast-schema-graph\">{\"@context\":\"https:\/\/schema.org\",\"@graph\":[{\"@type\":\"WebPage\",\"@id\":\"https:\/\/www.esports-betting.pro\/de\/zahlungsarten\/sofort-review\/\",\"url\":\"https:\/\/www.esports-betting.pro\/de\/zahlungsarten\/sofort-review\/\",\"name\":\"Sofort eSport Wetten Zahlungsmethoden Review | eSport Wetten Guide\",\"isPartOf\":{\"@id\":\"https:\/\/www.esports-betting.pro\/de\/#website\"},\"primaryImageOfPage\":{\"@id\":\"https:\/\/www.esports-betting.pro\/de\/zahlungsarten\/sofort-review\/#primaryimage\"},\"image\":{\"@id\":\"https:\/\/www.esports-betting.pro\/de\/zahlungsarten\/sofort-review\/#primaryimage\"},\"thumbnailUrl\":\"https:\/\/www.esports-betting.pro\/app\/uploads\/sites\/2\/Klarna-Zahlungsmethoden-Logo.png\",\"datePublished\":\"2018-11-29T22:27:02+00:00\",\"dateModified\":\"2018-11-29T22:27:02+00:00\",\"description\":\"Diesmal pr\u00e4sentieren wir unseren Sofort eSport Wetten Zahlungsmethoden Review und haben viel neues \u00fcber das vermeintlich bekannte Medium dabei!\",\"breadcrumb\":{\"@id\":\"https:\/\/www.esports-betting.pro\/de\/zahlungsarten\/sofort-review\/#breadcrumb\"},\"inLanguage\":\"de-DE\",\"potentialAction\":[{\"@type\":\"ReadAction\",\"target\":[\"https:\/\/www.esports-betting.pro\/de\/zahlungsarten\/sofort-review\/\"]}]},{\"@type\":\"ImageObject\",\"inLanguage\":\"de-DE\",\"@id\":\"https:\/\/www.esports-betting.pro\/de\/zahlungsarten\/sofort-review\/#primaryimage\",\"url\":\"https:\/\/www.esports-betting.pro\/app\/uploads\/sites\/2\/Klarna-Zahlungsmethoden-Logo.png\",\"contentUrl\":\"https:\/\/www.esports-betting.pro\/app\/uploads\/sites\/2\/Klarna-Zahlungsmethoden-Logo.png\"},{\"@type\":\"BreadcrumbList\",\"@id\":\"https:\/\/www.esports-betting.pro\/de\/zahlungsarten\/sofort-review\/#breadcrumb\",\"itemListElement\":[{\"@type\":\"ListItem\",\"position\":1,\"name\":\"Home\",\"item\":\"https:\/\/www.esports-betting.pro\/de\/\"},{\"@type\":\"ListItem\",\"position\":2,\"name\":\"eSport Wetten Zahlungsmethoden Review | Guides f\u00fcr eSport Wetten Einzahlung &amp; Auszahlung\",\"item\":\"https:\/\/www.esports-betting.pro\/de\/zahlungsarten\/\"},{\"@type\":\"ListItem\",\"position\":3,\"name\":\"Sofort eSport Wetten Zahlungsart Review | Guide f\u00fcr eSport Wetten Einzahlung &amp; Auszahlung\"}]},{\"@type\":\"WebSite\",\"@id\":\"https:\/\/www.esports-betting.pro\/de\/#website\",\"url\":\"https:\/\/www.esports-betting.pro\/de\/\",\"name\":\"Esports Betting - DE\",\"description\":\"Just another Esports Betting Sites site\",\"potentialAction\":[{\"@type\":\"SearchAction\",\"target\":{\"@type\":\"EntryPoint\",\"urlTemplate\":\"https:\/\/www.esports-betting.pro\/de\/?s={search_term_string}\"},\"query-input\":\"required name=search_term_string\"}],\"inLanguage\":\"de-DE\"}]}<\/script>\n<!-- \/ Yoast SEO plugin. -->","yoast_head_json":{"title":"Sofort eSport Wetten Zahlungsmethoden Review | eSport Wetten Guide","description":"Diesmal pr\u00e4sentieren wir unseren Sofort eSport Wetten Zahlungsmethoden Review und haben viel neues \u00fcber das vermeintlich bekannte Medium dabei!","robots":{"index":"index","follow":"follow","max-snippet":"max-snippet:-1","max-image-preview":"max-image-preview:large","max-video-preview":"max-video-preview:-1"},"canonical":"https:\/\/www.esports-betting.pro\/de\/zahlungsarten\/sofort-review\/","og_locale":"de_DE","og_type":"article","og_title":"Sofort eSport Wetten Zahlungsmethoden Review | eSport Wetten Guide","og_description":"Diesmal pr\u00e4sentieren wir unseren Sofort eSport Wetten Zahlungsmethoden Review und haben viel neues \u00fcber das vermeintlich bekannte Medium dabei!","og_url":"https:\/\/www.esports-betting.pro\/de\/zahlungsarten\/sofort-review\/","og_site_name":"Esports Betting - DE","og_image":[{"url":"https:\/\/www.esports-betting.pro\/app\/uploads\/sites\/2\/Klarna-Zahlungsmethoden-Logo.png"}],"twitter_card":"summary_large_image","twitter_misc":{"Est. reading time":"4 Minuten"},"schema":{"@context":"https:\/\/schema.org","@graph":[{"@type":"WebPage","@id":"https:\/\/www.esports-betting.pro\/de\/zahlungsarten\/sofort-review\/","url":"https:\/\/www.esports-betting.pro\/de\/zahlungsarten\/sofort-review\/","name":"Sofort eSport Wetten Zahlungsmethoden Review | eSport Wetten Guide","isPartOf":{"@id":"https:\/\/www.esports-betting.pro\/de\/#website"},"primaryImageOfPage":{"@id":"https:\/\/www.esports-betting.pro\/de\/zahlungsarten\/sofort-review\/#primaryimage"},"image":{"@id":"https:\/\/www.esports-betting.pro\/de\/zahlungsarten\/sofort-review\/#primaryimage"},"thumbnailUrl":"https:\/\/www.esports-betting.pro\/app\/uploads\/sites\/2\/Klarna-Zahlungsmethoden-Logo.png","datePublished":"2018-11-29T22:27:02+00:00","dateModified":"2018-11-29T22:27:02+00:00","description":"Diesmal pr\u00e4sentieren wir unseren Sofort eSport Wetten Zahlungsmethoden Review und haben viel neues \u00fcber das vermeintlich bekannte Medium dabei!","breadcrumb":{"@id":"https:\/\/www.esports-betting.pro\/de\/zahlungsarten\/sofort-review\/#breadcrumb"},"inLanguage":"de-DE","potentialAction":[{"@type":"ReadAction","target":["https:\/\/www.esports-betting.pro\/de\/zahlungsarten\/sofort-review\/"]}]},{"@type":"ImageObject","inLanguage":"de-DE","@id":"https:\/\/www.esports-betting.pro\/de\/zahlungsarten\/sofort-review\/#primaryimage","url":"https:\/\/www.esports-betting.pro\/app\/uploads\/sites\/2\/Klarna-Zahlungsmethoden-Logo.png","contentUrl":"https:\/\/www.esports-betting.pro\/app\/uploads\/sites\/2\/Klarna-Zahlungsmethoden-Logo.png"},{"@type":"BreadcrumbList","@id":"https:\/\/www.esports-betting.pro\/de\/zahlungsarten\/sofort-review\/#breadcrumb","itemListElement":[{"@type":"ListItem","position":1,"name":"Home","item":"https:\/\/www.esports-betting.pro\/de\/"},{"@type":"ListItem","position":2,"name":"eSport Wetten Zahlungsmethoden Review | Guides f\u00fcr eSport Wetten Einzahlung &amp; Auszahlung","item":"https:\/\/www.esports-betting.pro\/de\/zahlungsarten\/"},{"@type":"ListItem","position":3,"name":"Sofort eSport Wetten Zahlungsart Review | Guide f\u00fcr eSport Wetten Einzahlung &amp; Auszahlung"}]},{"@type":"WebSite","@id":"https:\/\/www.esports-betting.pro\/de\/#website","url":"https:\/\/www.esports-betting.pro\/de\/","name":"Esports Betting - DE","description":"Just another Esports Betting Sites site","potentialAction":[{"@type":"SearchAction","target":{"@type":"EntryPoint","urlTemplate":"https:\/\/www.esports-betting.pro\/de\/?s={search_term_string}"},"query-input":"required name=search_term_string"}],"inLanguage":"de-DE"}]}},"_links":{"self":[{"href":"https:\/\/www.esports-betting.pro\/de\/wp-json\/wp\/v2\/pages\/29835"}],"collection":[{"href":"https:\/\/www.esports-betting.pro\/de\/wp-json\/wp\/v2\/pages"}],"about":[{"href":"https:\/\/www.esports-betting.pro\/de\/wp-json\/wp\/v2\/types\/page"}],"author":[{"embeddable":true,"href":"https:\/\/www.esports-betting.pro\/de\/wp-json\/wp\/v2\/users\/24"}],"replies":[{"embeddable":true,"href":"https:\/\/www.esports-betting.pro\/de\/wp-json\/wp\/v2\/comments?post=29835"}],"version-history":[{"count":0,"href":"https:\/\/www.esports-betting.pro\/de\/wp-json\/wp\/v2\/pages\/29835\/revisions"}],"up":[{"embeddable":true,"href":"https:\/\/www.esports-betting.pro\/de\/wp-json\/wp\/v2\/pages\/29798"}],"wp:attachment":[{"href":"https:\/\/www.esports-betting.pro\/de\/wp-json\/wp\/v2\/media?parent=29835"}],"curies":[{"name":"wp","href":"https:\/\/api.w.org\/{rel}","templated":true}]}}