{"id":29829,"date":"2018-11-29T22:14:42","date_gmt":"2018-11-29T21:14:42","guid":{"rendered":"https:\/\/www.esports-betting.pro\/de\/?page_id=29829"},"modified":"2018-11-29T22:14:42","modified_gmt":"2018-11-29T21:14:42","slug":"skrill-review","status":"publish","type":"page","link":"https:\/\/www.esports-betting.pro\/de\/zahlungsarten\/skrill-review\/","title":{"rendered":"Skrill eSport Wetten Zahlungsart Review | Guide f\u00fcr eSport Wetten Einzahlung &amp; Auszahlung!"},"content":{"rendered":"<p style=\"text-align: justify\"><img loading=\"lazy\" decoding=\"async\" class=\"size-full wp-image-29830 alignright\" src=\"https:\/\/www.esports-betting.pro\/app\/uploads\/sites\/2\/Skrill-Zahlungsmethoden-Logo.png\" alt=\"Skrill Zahlungsmethoden Logo\" width=\"150\" height=\"150\" \/>Skrill z\u00e4hlt ebenfalls zu einer der h\u00e4ufiger gew\u00e4hlten <a href=\"https:\/\/www.esports-betting.pro\/de\/zahlungsarten\/\">Zahlungsmethoden<\/a>. In letzter Zeit dominierte Skrill sogar lange die Beliebtheitswerte unter den online Bezahlm\u00f6glichkeiten. In unserem Skrill <a href=\"https:\/\/www.esports-betting.pro\/de\/\">eSport Wetten<\/a> Zahlungsmethoden Review wollen wir uns daher das Zahlungsmittel Skrill n\u00e4her anschauen, um auf eSport Wetten zu setzen. Dabei gehen wir insbesondere auf die Transaktionen ein, aber auch auf etwaige Geb\u00fchren und andere Besonderheiten von Skrill.<\/p>\n<p style=\"text-align: justify\">Aber wof\u00fcr steht eigentlich Skrill? \u2013 Skrill steht f\u00fcr sichere und schnelle Internet Transaktionen. Dabei setzt Skrill Akzente in kosteng\u00fcnstigen Transaktionen, einem herausragenden Webseiten Interface und neuen Ma\u00dfst\u00e4ben in Sicherheit f\u00fcr den Nutzer und seine heiligen Daten. F\u00fcr die Wett-tauglichkeit von Skrill &#8211; die wichtigste Frage zuerst, kann man auf <a href=\"https:\/\/www.esports-betting.pro\/de\/\">eSport Wetten<\/a> setzen.<\/p>\n<h2>Man kann mit Skrill auf eSport Wetten setzen!<\/h2>\n<div class=\"title-line\">\n<div class=\"icon\"><\/div>\n<div class=\"fullWidth-line\"><\/div>\n<\/div>\n<p style=\"text-align: justify\">Ja man kann mit Skrill auf eSport Wetten setzen und nicht ohne Grund gibt es nur wenige Ausnahmen von Wettanbieter-Seiten, auf denen man Skrill nicht als M\u00f6glichkeit aufgelistet findet, zu bezahlen. Mehr noch, bietet Skrill sogar alle Eigenschaften, die man sich f\u00fcr Online Wetten w\u00fcnscht.<\/p>\n<h2>Beste eSport Buchmacher die Skrill als Zahlungsmethode unterst\u00fctzen<\/h2>\n<div class=\"title-line\">\n<div class=\"icon\"><\/div>\n<div class=\"fullWidth-line\"><\/div>\n<\/div>\n<p style=\"text-align: justify\">Der Ruf von Skrill hat schon lange zuvor auch die Buchmacher ereilt, ohne \u00dcberraschung gibt es daher wenige Buchmacher, die den Skrill Service auf ihren Webseiten nicht unterst\u00fctzen. Hier eine kleine Auswahl an qualitativen Buchmachern, die sich bestens mit Skrill vertragen:<\/p>\n<h2>Skrill eSport Wetten | Wie steht es um die Kosteneffizienz?<\/h2>\n<div class=\"title-line\">\n<div class=\"icon\"><\/div>\n<div class=\"fullWidth-line\"><\/div>\n<\/div>\n<p style=\"text-align: justify\">Auf den ersten Blick wirkt es wie die Entscheidung an der Premiumtankstelle: Warum gibt es gleich neben dem Super noch einen weiteren Premiumkraftstoff. Niemand kann einem die Gedanken ver\u00fcbeln, da Skrill mit 8\u20ac bis zu 15\u20ac pro Auszahlung zu Buche schl\u00e4gt. Vor Allem bei geringen Gewinnbetr\u00e4gen macht Skrill also einen erheblichen Kostenfaktor aus. Nun gibt es bereits die ersten Buchmacher, die auf den teuren Service von Skrill reagiert haben: Beispielsweise bietet Pinnacle einmal monatlich eine Gratisauszahlung \u00fcber das Skrill Konto. Trotzdem bleibt unser Tipp, dass es sich nicht lohnen w\u00fcrde, Kleinbetr\u00e4ge zu transferieren. Kosteneffizienter w\u00e4re daher zu warten, bis man eine entsprechende Summe auf dem Wettanbieter Konto gesammelt hat und dann geb\u00fcndelt auszuzahlen.<\/p>\n<h2>Wie richte ich mich Skrill Konto ein?<\/h2>\n<div class=\"title-line\">\n<div class=\"icon\"><\/div>\n<div class=\"fullWidth-line\"><\/div>\n<\/div>\n<p style=\"text-align: justify\">Wer sich \u00fcber die Registrierung bei Skrill informieren m\u00f6chte, ist in diesem Kapitel richtig aufgehoben. In unserem Skrill eSport Wetten Zahlungsmethoden Review gestaltete sich die Registrierung als sehr einfach und \u00fcbersichtlich. Trotzdem haben wir eine Schritt f\u00fcr Schritt Anleitung vorbereitet, um eine erste \u00dcbersicht zu bieten.<\/p>\n<ol>\n<li style=\"text-align: justify\"><a href=\"https:\/\/www.skrill.com\/en\/pay-online\/\">Registrierung<\/a>: Auch f\u00fcr Skrill muss man sich im ersten Schritt registrieren. Es werden die \u00fcblichen pers\u00f6nlichen Daten inklusive E-Mail eingefordert, die man f\u00fcr Bankdienste ben\u00f6tigt. Hat man das Registrierungsprozedere geschafft, kann man sich auch schon in sein individuelles Skrill E-Wallet einloggen.<\/li>\n<li style=\"text-align: justify\">Einzahlen: F\u00fcr die Einzahlung bietet Skrill ebenfalls eine Schritt f\u00fcr Schritt Anleitung im pers\u00f6nlichen E-Wallet. Da Skrill bis zu 40 W\u00e4hrungen unterst\u00fctzt, kann es auch gut f\u00fcr Nicht-Euro Wetten eingesetzt werden. Das eingezahlte Geld wird dann im E-Wallet jederzeit angezeigt.<\/li>\n<li style=\"text-align: justify\">Wetten: Auf der Seite der Wettanbieter muss man lediglich im Bezahlmen\u00fc den Service Skrill ausw\u00e4hlen. Hier l\u00e4uft die Bezahlung \u00e4hnlich wie in anderen Shops ab und man kann den gew\u00fcnschten Geldbetrag (Einsatz) dem Skrill Konto belasten.<\/li>\n<\/ol>\n<h2>Skrill eSport Wetten Einzahlung & Auszahlung?<\/h2>\n<div class=\"title-line\">\n<div class=\"icon\"><\/div>\n<div class=\"fullWidth-line\"><\/div>\n<\/div>\n<p style=\"text-align: justify\">Ja man kann! Das E-Wallet l\u00e4sst bilaterale Zahlungen auf das Hauskonto und auf das der Wettanbieter zu. Im Gegenteil zu den Geb\u00fchren beim Wettanbieter werden f\u00fcr die Skrill-Konto Transaktionen nur Kleinstbetr\u00e4ge f\u00e4llig. Ein weiterer Vorteil ist die Schnelligkeit der Transaktionen. Die allermeisten Betr\u00e4ge werden in Sekundenschnelle auf dem Skrill Konto bilanziert (abh\u00e4ngig von der Hausbank ebenfalls auf dem Girokonto).<\/p>\n<h2>Fazit Skrill eSport Wetten Review<\/h2>\n<div class=\"title-line\">\n<div class=\"icon\"><\/div>\n<div class=\"fullWidth-line\"><\/div>\n<\/div>\n<p style=\"text-align: justify\">In unserem eSport Wetten Zahlungsmethoden Review haben wir Skrill von beiden Seiten kennen gelernt. Auf der guten Seite stehen die innovative Oberfl\u00e4che und die Sicherheit gegen\u00fcber den extrem hohen Auszahlungsgeb\u00fchren seitens der Buchmacher. Mit unserem Tipp nur h\u00f6here Geldbetr\u00e4ge zu transferieren, sollte man aber gut beraten sein und kann Skrill sorgenfrei nutzen.<\/p>\n<p>&nbsp;<\/p>\n","protected":false},"excerpt":{"rendered":"<p>Skrill z\u00e4hlt ebenfalls zu einer der h\u00e4ufiger gew\u00e4hlten Zahlungsmethoden. In letzter Zeit dominierte Skrill sogar lange die Beliebtheitswerte unter den online Bezahlm\u00f6glichkeiten. In unserem Skrill eSport Wetten Zahlungsmethoden Review wollen wir uns daher das Zahlungsmittel Skrill n\u00e4her anschauen, um auf eSport Wetten zu setzen. Dabei gehen wir insbesondere auf die Transaktionen ein, aber auch auf &hellip; <a href=\"https:\/\/www.esports-betting.pro\/de\/zahlungsarten\/skrill-review\/\">Continued<\/a><\/p>\n","protected":false},"author":24,"featured_media":0,"parent":29798,"menu_order":0,"comment_status":"closed","ping_status":"closed","template":"","meta":{"_acf_changed":false,"footnotes":""},"acf":[],"yoast_head":"<!-- This site is optimized with the Yoast SEO plugin v22.6 - https:\/\/yoast.com\/wordpress\/plugins\/seo\/ -->\n<title>Skrill eSport Wetten Zahlungsart Review | eSport Wetten Guide<\/title>\n<meta name=\"description\" content=\"Verpasse keine Infos f\u00fcr das beste Wetterlebnis mit unserem Skrill eSport Wetten Zahlungsart Review!\" \/>\n<meta name=\"robots\" content=\"index, follow, max-snippet:-1, max-image-preview:large, max-video-preview:-1\" \/>\n<link rel=\"canonical\" href=\"https:\/\/www.esports-betting.pro\/de\/zahlungsarten\/skrill-review\/\" \/>\n<meta property=\"og:locale\" content=\"de_DE\" \/>\n<meta property=\"og:type\" content=\"article\" \/>\n<meta property=\"og:title\" content=\"Skrill eSport Wetten Zahlungsart Review | eSport Wetten Guide\" \/>\n<meta property=\"og:description\" content=\"Verpasse keine Infos f\u00fcr das beste Wetterlebnis mit unserem Skrill eSport Wetten Zahlungsart Review!\" \/>\n<meta property=\"og:url\" content=\"https:\/\/www.esports-betting.pro\/de\/zahlungsarten\/skrill-review\/\" \/>\n<meta property=\"og:site_name\" content=\"Esports Betting - DE\" \/>\n<meta property=\"og:image\" content=\"https:\/\/www.esports-betting.pro\/app\/uploads\/sites\/2\/Skrill-Zahlungsmethoden-Logo.png\" \/>\n<meta name=\"twitter:card\" content=\"summary_large_image\" \/>\n<meta name=\"twitter:label1\" content=\"Est. reading time\" \/>\n\t<meta name=\"twitter:data1\" content=\"3 Minuten\" \/>\n<script type=\"application\/ld+json\" class=\"yoast-schema-graph\">{\"@context\":\"https:\/\/schema.org\",\"@graph\":[{\"@type\":\"WebPage\",\"@id\":\"https:\/\/www.esports-betting.pro\/de\/zahlungsarten\/skrill-review\/\",\"url\":\"https:\/\/www.esports-betting.pro\/de\/zahlungsarten\/skrill-review\/\",\"name\":\"Skrill eSport Wetten Zahlungsart Review | eSport Wetten Guide\",\"isPartOf\":{\"@id\":\"https:\/\/www.esports-betting.pro\/de\/#website\"},\"primaryImageOfPage\":{\"@id\":\"https:\/\/www.esports-betting.pro\/de\/zahlungsarten\/skrill-review\/#primaryimage\"},\"image\":{\"@id\":\"https:\/\/www.esports-betting.pro\/de\/zahlungsarten\/skrill-review\/#primaryimage\"},\"thumbnailUrl\":\"https:\/\/www.esports-betting.pro\/app\/uploads\/sites\/2\/Skrill-Zahlungsmethoden-Logo.png\",\"datePublished\":\"2018-11-29T21:14:42+00:00\",\"dateModified\":\"2018-11-29T21:14:42+00:00\",\"description\":\"Verpasse keine Infos f\u00fcr das beste Wetterlebnis mit unserem Skrill eSport Wetten Zahlungsart Review!\",\"breadcrumb\":{\"@id\":\"https:\/\/www.esports-betting.pro\/de\/zahlungsarten\/skrill-review\/#breadcrumb\"},\"inLanguage\":\"de-DE\",\"potentialAction\":[{\"@type\":\"ReadAction\",\"target\":[\"https:\/\/www.esports-betting.pro\/de\/zahlungsarten\/skrill-review\/\"]}]},{\"@type\":\"ImageObject\",\"inLanguage\":\"de-DE\",\"@id\":\"https:\/\/www.esports-betting.pro\/de\/zahlungsarten\/skrill-review\/#primaryimage\",\"url\":\"https:\/\/www.esports-betting.pro\/app\/uploads\/sites\/2\/Skrill-Zahlungsmethoden-Logo.png\",\"contentUrl\":\"https:\/\/www.esports-betting.pro\/app\/uploads\/sites\/2\/Skrill-Zahlungsmethoden-Logo.png\"},{\"@type\":\"BreadcrumbList\",\"@id\":\"https:\/\/www.esports-betting.pro\/de\/zahlungsarten\/skrill-review\/#breadcrumb\",\"itemListElement\":[{\"@type\":\"ListItem\",\"position\":1,\"name\":\"Home\",\"item\":\"https:\/\/www.esports-betting.pro\/de\/\"},{\"@type\":\"ListItem\",\"position\":2,\"name\":\"eSport Wetten Zahlungsmethoden Review | Guides f\u00fcr eSport Wetten Einzahlung &amp; Auszahlung\",\"item\":\"https:\/\/www.esports-betting.pro\/de\/zahlungsarten\/\"},{\"@type\":\"ListItem\",\"position\":3,\"name\":\"Skrill eSport Wetten Zahlungsart Review | Guide f\u00fcr eSport Wetten Einzahlung &amp; Auszahlung!\"}]},{\"@type\":\"WebSite\",\"@id\":\"https:\/\/www.esports-betting.pro\/de\/#website\",\"url\":\"https:\/\/www.esports-betting.pro\/de\/\",\"name\":\"Esports Betting - DE\",\"description\":\"Just another Esports Betting Sites site\",\"potentialAction\":[{\"@type\":\"SearchAction\",\"target\":{\"@type\":\"EntryPoint\",\"urlTemplate\":\"https:\/\/www.esports-betting.pro\/de\/?s={search_term_string}\"},\"query-input\":\"required name=search_term_string\"}],\"inLanguage\":\"de-DE\"}]}<\/script>\n<!-- \/ Yoast SEO plugin. -->","yoast_head_json":{"title":"Skrill eSport Wetten Zahlungsart Review | eSport Wetten Guide","description":"Verpasse keine Infos f\u00fcr das beste Wetterlebnis mit unserem Skrill eSport Wetten Zahlungsart Review!","robots":{"index":"index","follow":"follow","max-snippet":"max-snippet:-1","max-image-preview":"max-image-preview:large","max-video-preview":"max-video-preview:-1"},"canonical":"https:\/\/www.esports-betting.pro\/de\/zahlungsarten\/skrill-review\/","og_locale":"de_DE","og_type":"article","og_title":"Skrill eSport Wetten Zahlungsart Review | eSport Wetten Guide","og_description":"Verpasse keine Infos f\u00fcr das beste Wetterlebnis mit unserem Skrill eSport Wetten Zahlungsart Review!","og_url":"https:\/\/www.esports-betting.pro\/de\/zahlungsarten\/skrill-review\/","og_site_name":"Esports Betting - DE","og_image":[{"url":"https:\/\/www.esports-betting.pro\/app\/uploads\/sites\/2\/Skrill-Zahlungsmethoden-Logo.png"}],"twitter_card":"summary_large_image","twitter_misc":{"Est. reading time":"3 Minuten"},"schema":{"@context":"https:\/\/schema.org","@graph":[{"@type":"WebPage","@id":"https:\/\/www.esports-betting.pro\/de\/zahlungsarten\/skrill-review\/","url":"https:\/\/www.esports-betting.pro\/de\/zahlungsarten\/skrill-review\/","name":"Skrill eSport Wetten Zahlungsart Review | eSport Wetten Guide","isPartOf":{"@id":"https:\/\/www.esports-betting.pro\/de\/#website"},"primaryImageOfPage":{"@id":"https:\/\/www.esports-betting.pro\/de\/zahlungsarten\/skrill-review\/#primaryimage"},"image":{"@id":"https:\/\/www.esports-betting.pro\/de\/zahlungsarten\/skrill-review\/#primaryimage"},"thumbnailUrl":"https:\/\/www.esports-betting.pro\/app\/uploads\/sites\/2\/Skrill-Zahlungsmethoden-Logo.png","datePublished":"2018-11-29T21:14:42+00:00","dateModified":"2018-11-29T21:14:42+00:00","description":"Verpasse keine Infos f\u00fcr das beste Wetterlebnis mit unserem Skrill eSport Wetten Zahlungsart Review!","breadcrumb":{"@id":"https:\/\/www.esports-betting.pro\/de\/zahlungsarten\/skrill-review\/#breadcrumb"},"inLanguage":"de-DE","potentialAction":[{"@type":"ReadAction","target":["https:\/\/www.esports-betting.pro\/de\/zahlungsarten\/skrill-review\/"]}]},{"@type":"ImageObject","inLanguage":"de-DE","@id":"https:\/\/www.esports-betting.pro\/de\/zahlungsarten\/skrill-review\/#primaryimage","url":"https:\/\/www.esports-betting.pro\/app\/uploads\/sites\/2\/Skrill-Zahlungsmethoden-Logo.png","contentUrl":"https:\/\/www.esports-betting.pro\/app\/uploads\/sites\/2\/Skrill-Zahlungsmethoden-Logo.png"},{"@type":"BreadcrumbList","@id":"https:\/\/www.esports-betting.pro\/de\/zahlungsarten\/skrill-review\/#breadcrumb","itemListElement":[{"@type":"ListItem","position":1,"name":"Home","item":"https:\/\/www.esports-betting.pro\/de\/"},{"@type":"ListItem","position":2,"name":"eSport Wetten Zahlungsmethoden Review | Guides f\u00fcr eSport Wetten Einzahlung &amp; Auszahlung","item":"https:\/\/www.esports-betting.pro\/de\/zahlungsarten\/"},{"@type":"ListItem","position":3,"name":"Skrill eSport Wetten Zahlungsart Review | Guide f\u00fcr eSport Wetten Einzahlung &amp; Auszahlung!"}]},{"@type":"WebSite","@id":"https:\/\/www.esports-betting.pro\/de\/#website","url":"https:\/\/www.esports-betting.pro\/de\/","name":"Esports Betting - DE","description":"Just another Esports Betting Sites site","potentialAction":[{"@type":"SearchAction","target":{"@type":"EntryPoint","urlTemplate":"https:\/\/www.esports-betting.pro\/de\/?s={search_term_string}"},"query-input":"required name=search_term_string"}],"inLanguage":"de-DE"}]}},"_links":{"self":[{"href":"https:\/\/www.esports-betting.pro\/de\/wp-json\/wp\/v2\/pages\/29829"}],"collection":[{"href":"https:\/\/www.esports-betting.pro\/de\/wp-json\/wp\/v2\/pages"}],"about":[{"href":"https:\/\/www.esports-betting.pro\/de\/wp-json\/wp\/v2\/types\/page"}],"author":[{"embeddable":true,"href":"https:\/\/www.esports-betting.pro\/de\/wp-json\/wp\/v2\/users\/24"}],"replies":[{"embeddable":true,"href":"https:\/\/www.esports-betting.pro\/de\/wp-json\/wp\/v2\/comments?post=29829"}],"version-history":[{"count":0,"href":"https:\/\/www.esports-betting.pro\/de\/wp-json\/wp\/v2\/pages\/29829\/revisions"}],"up":[{"embeddable":true,"href":"https:\/\/www.esports-betting.pro\/de\/wp-json\/wp\/v2\/pages\/29798"}],"wp:attachment":[{"href":"https:\/\/www.esports-betting.pro\/de\/wp-json\/wp\/v2\/media?parent=29829"}],"curies":[{"name":"wp","href":"https:\/\/api.w.org\/{rel}","templated":true}]}}