{"id":29804,"date":"2018-11-29T03:02:02","date_gmt":"2018-11-29T02:02:02","guid":{"rendered":"https:\/\/www.esports-betting.pro\/de\/?page_id=29804"},"modified":"2018-11-29T03:02:02","modified_gmt":"2018-11-29T02:02:02","slug":"entropay-review","status":"publish","type":"page","link":"https:\/\/www.esports-betting.pro\/de\/zahlungsarten\/entropay-review\/","title":{"rendered":"Entropay eSport Wetten Zahlungsmethoden Review | Guide f\u00fcr Entropay eSport Wetten Einzahlung &amp; Auszahlung"},"content":{"rendered":"<p style=\"text-align: justify\"><img loading=\"lazy\" decoding=\"async\" class=\"size-full wp-image-29810 alignright\" src=\"https:\/\/www.esports-betting.pro\/app\/uploads\/sites\/2\/Entropay-Zahlungsmethoden-Logo.png\" alt=\"Entropay Zahlungsmethoden Logo\" width=\"150\" height=\"150\" \/><strong><a href=\"https:\/\/www.esports-betting.pro\/de\">Esport Wetten<\/a><\/strong> sind mittlerweile ein essentieller Bestandteil der Wettindustrie geworden. \u00dcberall wo es um Geld geht, muss Geld aber auch den Besitzer wechseln. Deswegen kommt den <strong><a href=\"https:\/\/www.esports-betting.pro\/de\/zahlungsarten\/\">Zahlungsmitteln<\/a><\/strong> ebenfalls ein wichtiger Stellenwert zu. Immer mehr Anbieter kommen auf den Markt und konventionelle Zahlmittel sind mittlerweile von den sogenannten E-Wallets umstellt. Wir wollen St\u00fcck um St\u00fcck mehr Klarheit in den Dschungel an M\u00f6glichkeiten bringen und stellen euch heute den <strong>Entropay eSport Wetten Zahlungsmethoden Review <\/strong>vor.<\/p>\n<p style=\"text-align: justify\">Entropay ist dabei keineswegs neu auf dem Markt, sondern schon lange ein integraler Teil unter den Online Bezahldiensten. Gerade deshalb schauen wir uns das Zahlungsmittel genauer an und lesen f\u00fcr euch das Kleingedruckte. Ohne mehr Worte zu verlieren, hier im Folgenden also der Review und warum man sich, oder warum man sich nicht, f\u00fcr Entropay als Zahlungsmittel entscheiden sollte.<\/p>\n<p style=\"text-align: justify\">Doch zuerst kl\u00e4ren wir die Frage, auf welchem System die Idee basiert? Entropay basiert auf einer virtuellen Entropay Visa Karte. Das Konzept ist recht simpel: Einzahlungen werden entweder von dem heimischen Debit- oder dem Kreditkartenkonto gemacht. Aber es besteht noch eine andere M\u00f6glichkeit und zwar kann man \u00e4hnlich der \u201eechten\u201c Kreditkarte, auch eine direkte Verkn\u00fcpfung einstellen. Beispielsweise wird so erst von dem Entropay Konto eingezogen, welches wiederrum die Kreditkarte belastet, die als letztes erst das Hausbankkonto belastet. Am Ende steht eine zus\u00e4tzliche Sicherheit dadrin, dass Entropay \u00fcber zwei (bzw. drei Ecken) die Bankkontodaten sch\u00fctzt.<\/p>\n<h2>Kann ich mit Entropay auf eSport Wetten setzen?<\/h2>\n<div class=\"title-line\">\n<div class=\"icon\"><\/div>\n<div class=\"fullWidth-line\"><\/div>\n<\/div>\n<p style=\"text-align: justify\">Die Antwort lautet, Ja! Man kann mit Entropay auf eSport Wetten setzen. Uns \u00fcberrascht auch nicht, dass Entropay sich sogar zu einem sehr bekannten Online Bezahlmittel durchsetzen konnte. Die Skandale der letzten Jahre, haben den Weg f\u00fcr sichere Bezahlmittel geerdet. Entropay erm\u00f6glicht sorgenfreies Wetten, ohne dass einen das schlechte Gef\u00fchl ereilen m\u00fcsste, dass man es gerade mit einer unseri\u00f6sen Seite zu tun hat. Als Datendieb kann man mit Entropay Daten nicht viel anfangen und wird wohl weiter zum n\u00e4chsten Opfer ziehen.<\/p>\n<h2>Die bekanntesten eSport Buchmacher die Entropay als Zahlungsmittel unterst\u00fctzen?<\/h2>\n<div class=\"title-line\">\n<div class=\"icon\"><\/div>\n<div class=\"fullWidth-line\"><\/div>\n<\/div>\n<p style=\"text-align: justify\">Wir haben uns informiert, welche Buchmacher Entropay als Zahlungsmittel akzeptieren und unterst\u00fctzen. Ohne \u00dcberraschung unterst\u00fctzen mittlerweile fast alle Buchmacher Entropay, aber an dieser Stelle wollen wir euch nur die gel\u00e4ufigsten und seri\u00f6sten auflisten:<\/p>\n<h2>Entropay eSport Wetten Zahlungsart Review | Wie steht es um die Kosteneffizienz?<\/h2>\n<div class=\"title-line\">\n<div class=\"icon\"><\/div>\n<div class=\"fullWidth-line\"><\/div>\n<\/div>\n<p style=\"text-align: justify\">Die Kosteneffizienz betreffend, gibt es verschiedenes zu beachten. Zuerst die gute Nachricht: Die Buchmacher berechnen ihrerseits keine Geb\u00fchr auf die Nutzung von Entropay. Aber auf eine gute Nachricht folgt leider meist auch eine schlechte \u2013 jedenfalls eine kleine, schlechte. Es wird n\u00e4mlich eine Geb\u00fchr f\u00e4llig, wenn man das Geld vom Entropay Konto auf das Konto der Hausbank transferieren m\u00f6chte. Sprich, man m\u00f6chte sich seinen Gewinn auszahlen lassen.<\/p>\n<p style=\"text-align: justify\">Ungeachtet dessen, k\u00f6nnte noch eine Umrechnungsgeb\u00fchr f\u00e4llig werden, wenn man sich dem Service internationaler Buchmacher bedient. \u201eKleinvieh macht auch Mist\u201c sagt man so sch\u00f6n und auf Dauer wird sich die Differenz, zu kostenlosen Zahlungsmethoden h\u00e4ufen. Wer eher frequentierter wettet, w\u00fcrde am Ende eine gro\u00dfe Differenz auf dem Girokonto bemerken, in Relation zu anderen Zahlm\u00f6glichkeiten. Im Hinblick auf Kosteneffizienz liegt damit Entropay im unteren Bereich und es gibt bessere Alternativen.<\/p>\n<h2>Wie setze ich eine eSport Wette mit Entropay<\/h2>\n<div class=\"title-line\">\n<div class=\"icon\"><\/div>\n<div class=\"fullWidth-line\"><\/div>\n<\/div>\n<p style=\"text-align: justify\">Um mit Entropay erfolgreiche eSport Wetten zu setzen, ist eine Registrierung auf der Homepage von Entropay n\u00f6tig. In der Folge kann man sich auch schon direkt in seinen pers\u00f6nlichen Account einloggen und seine pers\u00f6nliche online Visa Karte bestaunen. Geschafft! Im finalen Schritt kann nun Geld vom Girokonto auf die online Visa Karte des Entropay Kontos eingezahlt werden und eine Verkn\u00fcpfung hergestellt werden. F\u00fcr unseren Entropay eSport Wetten Review geben wir aber noch eine Schritt f\u00fcr Schritt Anleitung f\u00fcr den Geldtransfer.<\/p>\n<ol>\n<li style=\"text-align: justify\">Zuerst muss man sich auf der offiziellen Seite <a href=\"https:\/\/entropay.com\" target=\"_blank\" rel=\"noopener noreferrer\">von Entropay registrieren<\/a>\u00a0(Link zur Homepage).<\/li>\n<li style=\"text-align: justify\">Oben rechts muss man dann auf das \u201eMein Konto\u201c Icon klicken.<\/li>\n<li style=\"text-align: justify\">Hier dann bitte die Funktion \u201eGeld aufladen\u201c ausw\u00e4hlen, damit der Spa\u00df bald beginnen kann!<\/li>\n<li style=\"text-align: justify\">Um Geld auf das Entropay Konto zu laden, braucht man entweder eine Kreditkarte oder seine Kontodaten, dies l\u00e4uft \u00fcber die handels\u00fcblichen Abwicklungsportale der Bankdienstleister. Unser Tipp! Man kann auch erstmal nur einen kleinen Betrag aufladen und testen wie man mit dem Zahlungsmittel in der Praxis zurechtkommt.<\/li>\n<li style=\"text-align: justify\">M\u00f6chte man nun seine Wette setzen und befindet sich im Konto des jeweiligen Wettanbieters wird es leichter. Im Bezahlfenster f\u00fcr den Einsatz k\u00f6nnen nun n\u00e4mlich die Entropay Visa Kreditkartendaten angegeben werden. Ein Vorteil hierbei ist, dass wie bei echten Kreditkarten die Zahlung sofort abgewickelt wird und auch sofort (sofern ge\u00f6ffnet) im parallelen Entropay E-Wallet aufpoppt.<\/li>\n<li style=\"text-align: justify\">Viel Erfolg beim Wetten mit Entropay!<\/li>\n<\/ol>\n<h2>Entropay eSport Wetten Einzahlung und Auszahlung?<\/h2>\n<div class=\"title-line\">\n<div class=\"icon\"><\/div>\n<div class=\"fullWidth-line\"><\/div>\n<\/div>\n<p>Haben Nutzer erstmal eine Wette gewonnen und einen Gewinn eingestrichen, w\u00fcnschen sich viele Nutzer einen schnellen, unkomplizierten Transfer des Gewinns auf das eigene Girokonto! Hier bietet sich Entropay als gute Option an, da vom Konto sowohl eingezahlt, als auch ausgezahlt werden kann. Anders als andere Online Bezahlkarten kommt Entropay hier allen Anforderungen eines E-Wallets nach. Wer also \u201eEine Karte f\u00fcr Alles\u201c bevorzugt, ist mit Entropay sicher nicht falsch beraten.<\/p>\n<h2>Fazit Entropay eSport Wetten Zahlungsart Review<\/h2>\n<div class=\"title-line\">\n<div class=\"icon\"><\/div>\n<div class=\"fullWidth-line\"><\/div>\n<\/div>\n<p style=\"text-align: justify\">Die positiven Punkte mit Entropay sind leicht zu benennen. Entropay kommt mit einem komfortablen Handling und bietet eSport Wettfreunden, einen Einzahl \u2013 und Auszahlungsdienst an. Au\u00dferdem hat sich Entropay mit der Online Visa Karte eine innovative Kompatibilit\u00e4tsl\u00f6sung ausgedacht. Zwar gibt es auch andere E-Wallets am Markt, allerdings nutzen diese ihre eigenen Zahlungsdienste und sind deswegen auf die Unterst\u00fctzung des Buchmachers angewiesen. Entropay nutzt aber eine Online Visa Karte. Es wird eher die Ausnahme bleiben, dass einer unserer empfohlenen Buchmacher keine Visa Karte akzeptieren und dann auch nur aufgrund einer tempor\u00e4ren St\u00f6rung. Auf der anderen Seite steht das kleine Kosten\u00e4rgernis.- Entropay verlangt n\u00e4mlich eine kleine Transaktionsgeb\u00fchr und diese k\u00f6nnte sich vor Allem f\u00fcr frequentierte Wetter schnell summieren. Dennoch empfehlen wir den Gelegenheitswettern, nach dem Lesen unseres Entropay eSport Wetten Zahlungsmethoden Review, den Entropay Service in Erw\u00e4gung zu ziehen!<\/p>\n","protected":false},"excerpt":{"rendered":"<p>Esport Wetten sind mittlerweile ein essentieller Bestandteil der Wettindustrie geworden. \u00dcberall wo es um Geld geht, muss Geld aber auch den Besitzer wechseln. Deswegen kommt den Zahlungsmitteln ebenfalls ein wichtiger Stellenwert zu. Immer mehr Anbieter kommen auf den Markt und konventionelle Zahlmittel sind mittlerweile von den sogenannten E-Wallets umstellt. Wir wollen St\u00fcck um St\u00fcck mehr &hellip; <a href=\"https:\/\/www.esports-betting.pro\/de\/zahlungsarten\/entropay-review\/\">Continued<\/a><\/p>\n","protected":false},"author":24,"featured_media":0,"parent":29798,"menu_order":0,"comment_status":"closed","ping_status":"closed","template":"","meta":{"_acf_changed":false,"footnotes":""},"acf":[],"yoast_head":"<!-- This site is optimized with the Yoast SEO plugin v22.6 - https:\/\/yoast.com\/wordpress\/plugins\/seo\/ -->\n<title>Entropay eSport Wetten Zahlungsmethoden Review | eSport Wetten Guide<\/title>\n<meta name=\"description\" content=\"In unserem Entropay eSport Wetten Zahlungsmethoden Review 2026 erfahrt ihr mehr \u00fcber das innovative Visa Karten E-Wallet!\" \/>\n<meta name=\"robots\" content=\"index, follow, max-snippet:-1, max-image-preview:large, max-video-preview:-1\" \/>\n<link rel=\"canonical\" href=\"https:\/\/www.esports-betting.pro\/de\/zahlungsarten\/entropay-review\/\" \/>\n<meta property=\"og:locale\" content=\"de_DE\" \/>\n<meta property=\"og:type\" content=\"article\" \/>\n<meta property=\"og:title\" content=\"Entropay eSport Wetten Zahlungsmethoden Review | eSport Wetten Guide\" \/>\n<meta property=\"og:description\" content=\"In unserem Entropay eSport Wetten Zahlungsmethoden Review 2026 erfahrt ihr mehr \u00fcber das innovative Visa Karten E-Wallet!\" \/>\n<meta property=\"og:url\" content=\"https:\/\/www.esports-betting.pro\/de\/zahlungsarten\/entropay-review\/\" \/>\n<meta property=\"og:site_name\" content=\"Esports Betting - DE\" \/>\n<meta property=\"og:image\" content=\"https:\/\/www.esports-betting.pro\/app\/uploads\/sites\/2\/Entropay-Zahlungsmethoden-Logo.png\" \/>\n<meta name=\"twitter:card\" content=\"summary_large_image\" \/>\n<meta name=\"twitter:label1\" content=\"Est. reading time\" \/>\n\t<meta name=\"twitter:data1\" content=\"5 Minuten\" \/>\n<script type=\"application\/ld+json\" class=\"yoast-schema-graph\">{\"@context\":\"https:\/\/schema.org\",\"@graph\":[{\"@type\":\"WebPage\",\"@id\":\"https:\/\/www.esports-betting.pro\/de\/zahlungsarten\/entropay-review\/\",\"url\":\"https:\/\/www.esports-betting.pro\/de\/zahlungsarten\/entropay-review\/\",\"name\":\"Entropay eSport Wetten Zahlungsmethoden Review | eSport Wetten Guide\",\"isPartOf\":{\"@id\":\"https:\/\/www.esports-betting.pro\/de\/#website\"},\"primaryImageOfPage\":{\"@id\":\"https:\/\/www.esports-betting.pro\/de\/zahlungsarten\/entropay-review\/#primaryimage\"},\"image\":{\"@id\":\"https:\/\/www.esports-betting.pro\/de\/zahlungsarten\/entropay-review\/#primaryimage\"},\"thumbnailUrl\":\"https:\/\/www.esports-betting.pro\/app\/uploads\/sites\/2\/Entropay-Zahlungsmethoden-Logo.png\",\"datePublished\":\"2018-11-29T02:02:02+00:00\",\"dateModified\":\"2018-11-29T02:02:02+00:00\",\"description\":\"In unserem Entropay eSport Wetten Zahlungsmethoden Review 2026 erfahrt ihr mehr \u00fcber das innovative Visa Karten E-Wallet!\",\"breadcrumb\":{\"@id\":\"https:\/\/www.esports-betting.pro\/de\/zahlungsarten\/entropay-review\/#breadcrumb\"},\"inLanguage\":\"de-DE\",\"potentialAction\":[{\"@type\":\"ReadAction\",\"target\":[\"https:\/\/www.esports-betting.pro\/de\/zahlungsarten\/entropay-review\/\"]}]},{\"@type\":\"ImageObject\",\"inLanguage\":\"de-DE\",\"@id\":\"https:\/\/www.esports-betting.pro\/de\/zahlungsarten\/entropay-review\/#primaryimage\",\"url\":\"https:\/\/www.esports-betting.pro\/app\/uploads\/sites\/2\/Entropay-Zahlungsmethoden-Logo.png\",\"contentUrl\":\"https:\/\/www.esports-betting.pro\/app\/uploads\/sites\/2\/Entropay-Zahlungsmethoden-Logo.png\"},{\"@type\":\"BreadcrumbList\",\"@id\":\"https:\/\/www.esports-betting.pro\/de\/zahlungsarten\/entropay-review\/#breadcrumb\",\"itemListElement\":[{\"@type\":\"ListItem\",\"position\":1,\"name\":\"Home\",\"item\":\"https:\/\/www.esports-betting.pro\/de\/\"},{\"@type\":\"ListItem\",\"position\":2,\"name\":\"eSport Wetten Zahlungsmethoden Review | Guides f\u00fcr eSport Wetten Einzahlung &amp; Auszahlung\",\"item\":\"https:\/\/www.esports-betting.pro\/de\/zahlungsarten\/\"},{\"@type\":\"ListItem\",\"position\":3,\"name\":\"Entropay eSport Wetten Zahlungsmethoden Review | Guide f\u00fcr Entropay eSport Wetten Einzahlung &amp; Auszahlung\"}]},{\"@type\":\"WebSite\",\"@id\":\"https:\/\/www.esports-betting.pro\/de\/#website\",\"url\":\"https:\/\/www.esports-betting.pro\/de\/\",\"name\":\"Esports Betting - DE\",\"description\":\"Just another Esports Betting Sites site\",\"potentialAction\":[{\"@type\":\"SearchAction\",\"target\":{\"@type\":\"EntryPoint\",\"urlTemplate\":\"https:\/\/www.esports-betting.pro\/de\/?s={search_term_string}\"},\"query-input\":\"required name=search_term_string\"}],\"inLanguage\":\"de-DE\"}]}<\/script>\n<!-- \/ Yoast SEO plugin. -->","yoast_head_json":{"title":"Entropay eSport Wetten Zahlungsmethoden Review | eSport Wetten Guide","description":"In unserem Entropay eSport Wetten Zahlungsmethoden Review 2026 erfahrt ihr mehr \u00fcber das innovative Visa Karten E-Wallet!","robots":{"index":"index","follow":"follow","max-snippet":"max-snippet:-1","max-image-preview":"max-image-preview:large","max-video-preview":"max-video-preview:-1"},"canonical":"https:\/\/www.esports-betting.pro\/de\/zahlungsarten\/entropay-review\/","og_locale":"de_DE","og_type":"article","og_title":"Entropay eSport Wetten Zahlungsmethoden Review | eSport Wetten Guide","og_description":"In unserem Entropay eSport Wetten Zahlungsmethoden Review 2026 erfahrt ihr mehr \u00fcber das innovative Visa Karten E-Wallet!","og_url":"https:\/\/www.esports-betting.pro\/de\/zahlungsarten\/entropay-review\/","og_site_name":"Esports Betting - DE","og_image":[{"url":"https:\/\/www.esports-betting.pro\/app\/uploads\/sites\/2\/Entropay-Zahlungsmethoden-Logo.png"}],"twitter_card":"summary_large_image","twitter_misc":{"Est. reading time":"5 Minuten"},"schema":{"@context":"https:\/\/schema.org","@graph":[{"@type":"WebPage","@id":"https:\/\/www.esports-betting.pro\/de\/zahlungsarten\/entropay-review\/","url":"https:\/\/www.esports-betting.pro\/de\/zahlungsarten\/entropay-review\/","name":"Entropay eSport Wetten Zahlungsmethoden Review | eSport Wetten Guide","isPartOf":{"@id":"https:\/\/www.esports-betting.pro\/de\/#website"},"primaryImageOfPage":{"@id":"https:\/\/www.esports-betting.pro\/de\/zahlungsarten\/entropay-review\/#primaryimage"},"image":{"@id":"https:\/\/www.esports-betting.pro\/de\/zahlungsarten\/entropay-review\/#primaryimage"},"thumbnailUrl":"https:\/\/www.esports-betting.pro\/app\/uploads\/sites\/2\/Entropay-Zahlungsmethoden-Logo.png","datePublished":"2018-11-29T02:02:02+00:00","dateModified":"2018-11-29T02:02:02+00:00","description":"In unserem Entropay eSport Wetten Zahlungsmethoden Review 2026 erfahrt ihr mehr \u00fcber das innovative Visa Karten E-Wallet!","breadcrumb":{"@id":"https:\/\/www.esports-betting.pro\/de\/zahlungsarten\/entropay-review\/#breadcrumb"},"inLanguage":"de-DE","potentialAction":[{"@type":"ReadAction","target":["https:\/\/www.esports-betting.pro\/de\/zahlungsarten\/entropay-review\/"]}]},{"@type":"ImageObject","inLanguage":"de-DE","@id":"https:\/\/www.esports-betting.pro\/de\/zahlungsarten\/entropay-review\/#primaryimage","url":"https:\/\/www.esports-betting.pro\/app\/uploads\/sites\/2\/Entropay-Zahlungsmethoden-Logo.png","contentUrl":"https:\/\/www.esports-betting.pro\/app\/uploads\/sites\/2\/Entropay-Zahlungsmethoden-Logo.png"},{"@type":"BreadcrumbList","@id":"https:\/\/www.esports-betting.pro\/de\/zahlungsarten\/entropay-review\/#breadcrumb","itemListElement":[{"@type":"ListItem","position":1,"name":"Home","item":"https:\/\/www.esports-betting.pro\/de\/"},{"@type":"ListItem","position":2,"name":"eSport Wetten Zahlungsmethoden Review | Guides f\u00fcr eSport Wetten Einzahlung &amp; Auszahlung","item":"https:\/\/www.esports-betting.pro\/de\/zahlungsarten\/"},{"@type":"ListItem","position":3,"name":"Entropay eSport Wetten Zahlungsmethoden Review | Guide f\u00fcr Entropay eSport Wetten Einzahlung &amp; Auszahlung"}]},{"@type":"WebSite","@id":"https:\/\/www.esports-betting.pro\/de\/#website","url":"https:\/\/www.esports-betting.pro\/de\/","name":"Esports Betting - DE","description":"Just another Esports Betting Sites site","potentialAction":[{"@type":"SearchAction","target":{"@type":"EntryPoint","urlTemplate":"https:\/\/www.esports-betting.pro\/de\/?s={search_term_string}"},"query-input":"required name=search_term_string"}],"inLanguage":"de-DE"}]}},"_links":{"self":[{"href":"https:\/\/www.esports-betting.pro\/de\/wp-json\/wp\/v2\/pages\/29804"}],"collection":[{"href":"https:\/\/www.esports-betting.pro\/de\/wp-json\/wp\/v2\/pages"}],"about":[{"href":"https:\/\/www.esports-betting.pro\/de\/wp-json\/wp\/v2\/types\/page"}],"author":[{"embeddable":true,"href":"https:\/\/www.esports-betting.pro\/de\/wp-json\/wp\/v2\/users\/24"}],"replies":[{"embeddable":true,"href":"https:\/\/www.esports-betting.pro\/de\/wp-json\/wp\/v2\/comments?post=29804"}],"version-history":[{"count":0,"href":"https:\/\/www.esports-betting.pro\/de\/wp-json\/wp\/v2\/pages\/29804\/revisions"}],"up":[{"embeddable":true,"href":"https:\/\/www.esports-betting.pro\/de\/wp-json\/wp\/v2\/pages\/29798"}],"wp:attachment":[{"href":"https:\/\/www.esports-betting.pro\/de\/wp-json\/wp\/v2\/media?parent=29804"}],"curies":[{"name":"wp","href":"https:\/\/api.w.org\/{rel}","templated":true}]}}