{"id":29798,"date":"2018-11-29T02:34:09","date_gmt":"2018-11-29T01:34:09","guid":{"rendered":"https:\/\/www.esports-betting.pro\/de\/?page_id=29798"},"modified":"2018-11-29T02:34:09","modified_gmt":"2018-11-29T01:34:09","slug":"zahlungsarten","status":"publish","type":"page","link":"https:\/\/www.esports-betting.pro\/de\/zahlungsarten\/","title":{"rendered":"eSport Wetten Zahlungsmethoden Review | Guides f\u00fcr eSport Wetten Einzahlung &amp; Auszahlung"},"content":{"rendered":"<p style=\"text-align: justify\">Online Wetten unterliegen seit Jahren einem rapiden Aufw\u00e4rtstrend, sowohl seitens der Kunden als auch der Anbieter. Als essentieller Teil von Online Wetten geh\u00f6ren die <strong><a href=\"https:\/\/www.esports-betting.pro\/de\/\">eSport Wetten<\/a><\/strong> bei fast jedem Online Wettanbieter mit ins Repertoire. Da wir es uns zur Aufgabe gemacht haben, das Optimum aus eurem Wetterlebnis zu machen, m\u00f6chten wir in unserer eSport Wetten Zahlungsmethoden Review Reihe ein spezielles Thema beleuchten \u2013 die eSport Wetten Einzahlung & Auszahlung! Der erste Blick geht meist zu den Quoten und dem Willkommensbonus, wobei man das wichtigste nicht au\u00dfer Acht lassen sollte; Wie kommt mein Einsatz Geld von mir zum <strong><a href=\"https:\/\/www.esports-betting.pro\/de\/buchmacher-wettanbieter\/\">Wettanbieter<\/a><\/strong> und mein Gewinn wieder zur\u00fcck! Wir hoffen, dass ihr euren pers\u00f6nlichen Favoriten finden k\u00f6nnt, da es mit verschiedenen Bed\u00fcrfnissen auch spezielle Vorz\u00fcge oder Nachteile eines bestimmten Zahlungsmittels zu beachten gibt. Erstmal informieren wir euch \u00fcber ein paar generelle Fakten eines gutes Zahlungsmittels:<\/p>\n<h2>Was zeichnet denn eine gute Zahlungsmethode\/Zahlungsart aus?<\/h2>\n<div class=\"title-line\">\n<div class=\"icon\"><\/div>\n<div class=\"fullWidth-line\"><\/div>\n<\/div>\n<p style=\"text-align: justify\">Wer sich die Liste an Zahlungsmethoden mal genauer ansieht, wird sicher bemerkt haben, dass die Liste Jahr um Jahr l\u00e4nger und l\u00e4nger wird. Hier einmal drei Kriterien, die einen guten Zahlungsanbieter ausmachen:<\/p>\n<h3>Security<\/h3>\n<p style=\"text-align: justify\">Das Wichtigste am Anfang \u2013 die Sicherheit! Leider entspricht das Wunschbild der Banken von sorgenfreien Interneteink\u00e4ufen nicht mehr der Realit\u00e4t. Wie oft h\u00f6rt man in den Nachrichten, dass Daten wieder einmal in die H\u00e4nde von Datendieben gekommen sind. Oder wie oft wird man von seiner Hausbank vor dem n\u00e4chsten Pishing-Angriff (also r\u00e4uberischer Versuch sich Daten anzueignen von Hackern) gewarnt. Wir haben besonderen Wert auf das Thema Sicherheit in den Zahlmethoden gelegt.<\/p>\n<h3>Simplicity<\/h3>\n<p style=\"text-align: justify\">Simplicity, oder \u201eEinfachheit\u201c, ist das zweit-wichtigste Kriterium. Erinnert sich noch jemand an die Tan-Listen in den Anf\u00e4ngen des Online Bankings, denn selbstverst\u00e4ndlich darf nichts zulasten der Sicherheit gehen. Dennoch freuen wir uns auch, dass Transaktionen mittlerweile einfacher get\u00e4tigt werden k\u00f6nnen. Aber nicht nur die Transaktion selber, sondern komplizierte Registrierungsverfahren und umst\u00e4ndliche Bedienung des Profils, wurden von uns f\u00fcr den Review abgestraft.<\/p>\n<h3>Keine Geb\u00fchren<\/h3>\n<p style=\"text-align: justify\">Im Leben ist nur das Atmen kostenlos aber sicher nicht umsonst, so sollte es auch f\u00fcr Online Wetten sein. Sicherlich sollen sich die neuen E-Wallet Anbieter ihren Service angemessen honorieren lassen, aber von allzu hohen Transaktionsgeb\u00fchren sollte abgesehen werden. Niemand m\u00f6chte wieder gro\u00dfe Teile von seinem Gewinn abgeben. Wir haben f\u00fcr euch das Kleingedruckte gelesen und haben vor Allem bei den neuen Wettanbietern nach versteckten Kosten gesucht.<\/p>\n<p style=\"text-align: justify\">Selbstverst\u00e4ndlich sind die drei genannten Punkte nicht alle, die wir f\u00fcr unseren Zahlungsart Review untersucht haben, aber es erm\u00f6glicht uns eine ungef\u00e4hre Orientierung. Mit Alledem im Hinterkopf springen wir dann aber gleich zu den Reviews und w\u00fcnschen den Lesern viel Spa\u00df beim St\u00f6bern!<\/p>\n<h2>eSport Wetten Zahlungsmethoden Review | Womit auf eSport Wetten setzen?<\/h2>\n<div class=\"title-line\">\n<div class=\"icon\"><\/div>\n<div class=\"fullWidth-line\"><\/div>\n<\/div>\n<h3>PayPal<\/h3>\n<p style=\"text-align: justify\"><img loading=\"lazy\" decoding=\"async\" class=\"size-full wp-image-27939 alignleft\" src=\"https:\/\/www.esports-betting.pro\/app\/uploads\/sites\/2\/paypal.png\" alt=\"Paypal\" width=\"120\" height=\"75\" \/>Das wichtigste Online Zahlungsmittel ist und bleibt PayPal. Nicht nur f\u00fcr eSport Wetten, sondern f\u00fcr alle Arten von Online Zahlungen, gibt die PayPal Unterst\u00fctzung als Qualit\u00e4tskriterium. Mit geringen Geb\u00fchren, Sofort-Transaktionen und dem wohl ausgereiftesten Sicherheitssystem darf PayPal sich selbst feiern. Au\u00dferdem plant PayPal langfristig und kommt stets mit neuen innovativen Features, wie zuletzt das medial beworbene \u201eBillsharing\u201c mit Freunden. Hier zu den Vorz\u00fcgen von PayPal f\u00fcr eSport Wetten:<\/p>\n<p style=\"text-align: center\">\n<h3>Skrill<\/h3>\n<p style=\"text-align: justify\"><img loading=\"lazy\" decoding=\"async\" class=\"size-full wp-image-27943 alignleft\" src=\"https:\/\/www.esports-betting.pro\/app\/uploads\/sites\/2\/skrill.png\" alt=\"Skrill\" width=\"120\" height=\"75\" \/>\u00c4hnlich wie PayPal hat sich Skrill mittlerweile ebenfalls fest im Markt etabliert. Skrill wird schon in vielen L\u00e4ndern angeboten, und unterst\u00fctzt dabei eine Vielzahl an W\u00e4hrungen. F\u00fcr Alle die bisher noch nichts von Skrill geh\u00f6rt haben, empfehlen wir euch, unseren Skrill eSport Wetten Review zu lesen:<\/p>\n<p style=\"text-align: center\">\n<h3>Neteller<\/h3>\n<p style=\"text-align: justify\"><img loading=\"lazy\" decoding=\"async\" class=\"size-full wp-image-27955 alignleft\" src=\"https:\/\/www.esports-betting.pro\/app\/uploads\/sites\/2\/neteller-logo.png\" alt=\"Neteller Logo\" width=\"120\" height=\"75\" \/>Neteller ist ein bekanntes Zahlungsmittel f\u00fcr Online Wetten. Gro\u00dfer Vorteil gegen\u00fcber anderen Online-Guthabenkarten ist n\u00e4mlich, dass eSport Wetten Einzahlung und Auszahlungen, sprich die Gewinnaussch\u00fcttung, \u00fcber das Neteller Konto abgewickelt werden k\u00f6nnen. Wer noch mehr Informationen \u00fcber Neteller erfahren m\u00f6chte, ist gut beraten, unseren Neteller eSport Wetten Review zu lesen:<\/p>\n<p style=\"text-align: center\">\n<h3>Entropay<\/h3>\n<p style=\"text-align: justify\"><img loading=\"lazy\" decoding=\"async\" class=\"size-full wp-image-27929 alignleft\" src=\"https:\/\/www.esports-betting.pro\/app\/uploads\/sites\/2\/entropay.png\" alt=\"Entropay\" width=\"120\" height=\"75\" \/>Entropay ist ein weitere Zahlungsmethode\/Zahlungsart, welche sich im deutschsprachigen Raum zwar noch nicht allzu gro\u00dfer Bekanntheit erfreut, daf\u00fcr aber mit voller Kompatibilit\u00e4t gl\u00e4nzt. Die Idee ist einfach, sowie innovativ. Entropay bietet seinen Kunden n\u00e4mlich eine digitale Visa Karte, die Transaktionen \u00fcber den offiziellen Visa-Zahlungsverkehr abwickelt. Selbstredend bietet Entropay daher seinen Kunden die zweifache Sicherheit durch ein zwischengeschaltetes Konto:<\/p>\n<p style=\"text-align: center\">\n<h3>EC & Kreditkarten<\/h3>\n<p style=\"text-align: justify\"><img loading=\"lazy\" decoding=\"async\" class=\"size-full wp-image-29799 alignleft\" src=\"https:\/\/www.esports-betting.pro\/app\/uploads\/sites\/2\/Kreditkarten-Logo.png\" alt=\"Kreditkarten Logo\" width=\"120\" height=\"75\" \/>EC & Kreditkarten bleiben selbstverst\u00e4ndlich auch weiterhin eine valide Zahlungsmethode, um Wetten abzuschlie\u00dfen, jedoch sind viele Kunden um ihre Daten besorgt. Daher haben wir es uns zum Anlass genommen, die Bedingungen durchzugehen, unter denen man mit der Kredit- oder Kontokarte zahlen kann:<\/p>\n<p style=\"text-align: center\">\n<h3>Paysafecard<\/h3>\n<p style=\"text-align: justify\"><img loading=\"lazy\" decoding=\"async\" class=\"size-full wp-image-27940 alignleft\" src=\"https:\/\/www.esports-betting.pro\/app\/uploads\/sites\/2\/paysafecard.png\" alt=\"Paysafecard\" width=\"120\" height=\"75\" \/>Die Paysafecard Karte ist aus der Sorge vieler Internetkunden entstanden, dass man ungerne seine Bankdaten im Internet preisgibt. Die Paysafecard ist in fast jedem Shop, und mittlerweile in 46 W\u00e4hrungen erh\u00e4ltlich. Daher ist es nicht verwunderlich, dass die Paysafecard mittlerweile einen gro\u00dfen Anteil unter den generellen Online Zahlmethoden ausmacht. Keine Karte bietet mehr Anonymit\u00e4t, jedoch hat sie in Punkto Gl\u00fccksspiel leider auch einen gro\u00dfen Nachteil. Mehr in unserem Review:<\/p>\n<p style=\"text-align: center\">\n<h3>Sofort \/ Klarna<\/h3>\n<p style=\"text-align: justify\"><img loading=\"lazy\" decoding=\"async\" class=\"size-full wp-image-29800 alignleft\" src=\"https:\/\/www.esports-betting.pro\/app\/uploads\/sites\/2\/Klarna-Logo.png\" alt=\"Klarna Logo\" width=\"120\" height=\"75\" \/>Unter der Dachfirma \u201eSofort\u201c \u00fcberweisen schon mehr als 12 Millionen Kunden online ihr Geld hin und her. \u201eSofort\u201c ist einer der Gr\u00fcnde, warum viele Nutzer auch ohne Kreditkarte im Internet einkaufen k\u00f6nnen. Der Service bleibt f\u00fcr den Endkunden kostenlos. Wir erl\u00e4utern genauer, ob sich die Zahlungsmethode f\u00fcr eSport Wetten eignet:<\/p>\n<p style=\"text-align: center\">\n<h3>Trustly<\/h3>\n<p style=\"text-align: justify\"><img loading=\"lazy\" decoding=\"async\" class=\"size-full wp-image-29801 alignleft\" src=\"https:\/\/www.esports-betting.pro\/app\/uploads\/sites\/2\/trustly-logo.png\" alt=\"Trustly Logo\" width=\"120\" height=\"75\" \/>Mit Trustly k\u00f6nnte man die Sorgen vieler nicht besser in ein Wort fassen \u2013 der Wunsch nach Sicherheit f\u00fcr die pers\u00f6nlichen Kontodaten. Mithilfe von Trustly kann exklusiv im europ\u00e4ischen Raum in 29 L\u00e4ndern bezahlt werden. Trustly verspricht dabei neue Ma\u00dfst\u00e4be zum Thema Sicherheit, in Bezug zu den konventionellen Zahlungsarten. Hier erf\u00e4hrst Du mehr:<\/p>\n<p style=\"text-align: center\">\n<h3>Bitcoin<\/h3>\n<p style=\"text-align: justify\"><img loading=\"lazy\" decoding=\"async\" class=\"size-full wp-image-27925 alignleft\" src=\"https:\/\/www.esports-betting.pro\/app\/uploads\/sites\/2\/bitcoin.png\" alt=\"Bitcoin\" width=\"120\" height=\"75\" \/>Der legend\u00e4re Bitcoin \u2013 in den letzten Jahren machte er vor Allem Schlagzeilen als Anlage-M\u00f6glichkeit. Dabei ist der Bitcoin, als wichtigster Vertreter der Kryptow\u00e4hrungen, viel mehr als ein blo\u00dfes Investment. Tats\u00e4chlich kann man Bitcoins auch besitzen und daher auch damit bezahlen, bzw. Bitcoins anderen E-Wallets bilanzieren. In der Natur des Bitcoins liegt die Unm\u00f6glichkeit seiner F\u00e4lschung &#8211; dezentrale Kopien auf Community Rechnern. Deswegen gilt er tats\u00e4chlich als die sicherste aller Zahlungsmethoden und kann auch f\u00fcr Online Wetten eingesetzt werden:<\/p>\n<p style=\"text-align: center\">\n<h2>eSport Wetten Zahlungsmethoden und Informationen \u00fcber eSport Einzahlung & Auszahlung | Die FAQ<\/h2>\n<div class=\"title-line\">\n<div class=\"icon\"><\/div>\n<div class=\"fullWidth-line\"><\/div>\n<\/div>\n<h3>Muss ich pers\u00f6nliche Daten eingeben f\u00fcr Online Wetten?<\/h3>\n<p style=\"text-align: justify\">Sowohl die Zahlungsanbieter als auch die Buchmacher verlangen die pers\u00f6nlichen Daten ihrer Kunden, wie es sich geh\u00f6rt. Man stelle sich vor, man nimmt den Hauptgewinn mit nach Hause, und es stellt sich dann heraus, dass man nur mit einem Pseudonym registriert ist, an das legal nicht ausbezahlt werden darf. Generell muss man sich um die pers\u00f6nlichen Daten keine Sorgen machen, denn unsere empfohlenen, seri\u00f6sen Wettanbieter h\u00fcten die Daten der Nutzer mit gr\u00f6\u00dfter Sorgfalt.<\/p>\n<h3>Muss ich mit hohen Geb\u00fchren bei Ein- und Auszahlung f\u00fcr Online Wetten rechnen?<\/h3>\n<p style=\"text-align: justify\">Mit wenigen Ausrei\u00dfern verlangen die meisten Anbieter zwischen 1% und 7%. Selbstverst\u00e4ndlich gibt es aber auch zwischen den Wettanbietern schwarze Schafe. Unser Tipp &#8211; Vor allem nach Abschluss der Wette im Bezahlfenster nochmal genau das Kleingedruckte lesen, um keine b\u00f6se \u00dcberraschung zu erleben.<\/p>\n<h3>Was wenn ich Geld gewinne mit meinen Online Wetten?<\/h3>\n<p style=\"text-align: justify\">All das Geld was ich beim Online Wetten gewinne, wird in meinem digitalen Konto gutgeschrieben. Manchmal in Euro oder in Punkten, die aber meist ein einfaches \u00c4quivalent zu Euro haben. Jetzt kann man sich entscheiden, ob man mit dem Guthaben weiter wetten m\u00f6chte, oder sich das Geld lieber gleich auszahlen l\u00e4sst. Generell gilt, dass im dreistelligen Bereich eine Auszahlung sehr z\u00fcgig vonstattengeht. Kleinere Wettanbieter nehmen sich bei vierstelligen Betr\u00e4gen bereits mehr Zeit, allerdings hat das eher mit internen Strukturen zu tun \u2013 es muss also keiner Angst haben, dass der Gewinn nicht ausgezahlt wird. Den spezifischen Auszahlungskonditionen (sprich der Gewinnaussch\u00fcttung) haben wir ein eigenes Kapitel in unseren Reviews zuteil werden lassen.<\/p>\n<h3>Gibt es Gewinnaussch\u00fcttungs-Grenzen bei den eSport Wettanbietern?<\/h3>\n<p style=\"text-align: justify\">Ja und Nein! Es gibt zwar Grenzen der Wettanbieter, die liegen aber bei mehreren Zigtausend Euro und man m\u00fcsste schon ein sehr passionierter Wett-Spieler sein, um kontinuierlich das Maximum auszureizen. Schon eher k\u00f6nnte es Probleme mit der Zahlungsmethode geben, die nicht unbegrenzte Einzahlungen zulassen k\u00f6nnte. Hierf\u00fcr k\u00f6nnen wir ebenfalls nur ins Kleingedruckte verweisen, um keine b\u00f6sen \u00dcberraschungen zu erwarten. Doch auch hier d\u00fcrfte dies eher selten der Fall sein und im schlimmsten Fall w\u00fcrde der zweite Teil des Gewinns einfach im n\u00e4chsten Monat gutgeschrieben werden.<\/p>\n<p style=\"text-align: justify\">Wir hoffen unsere Zahlungsmittel Reviews haben ein bisschen Licht auf das sonst so unbeachtete Thema geworfen. Generell bleibt unser Tipp f\u00fcr alle passionierten Wettfreunde, dass man sich auch mit so etwas wie Zahlungsmitteln besch\u00e4ftigen sollte, um das Maximum aus dem pers\u00f6nlichen Wetterfolg zu holen. Wer gibt schon gerne freiwillig mehr Prozente von seinem Gewinn ab. Daher hoffen wir, dass jetzt gleich der erste Blick bei ihrem Wettanbieter des Vertrauens zu den m\u00f6glichen Zahlungsmethoden wandert.<\/p>\n","protected":false},"excerpt":{"rendered":"<p>Online Wetten unterliegen seit Jahren einem rapiden Aufw\u00e4rtstrend, sowohl seitens der Kunden als auch der Anbieter. Als essentieller Teil von Online Wetten geh\u00f6ren die eSport Wetten bei fast jedem Online Wettanbieter mit ins Repertoire. Da wir es uns zur Aufgabe gemacht haben, das Optimum aus eurem Wetterlebnis zu machen, m\u00f6chten wir in unserer eSport Wetten &hellip; <a href=\"https:\/\/www.esports-betting.pro\/de\/zahlungsarten\/\">Continued<\/a><\/p>\n","protected":false},"author":24,"featured_media":0,"parent":0,"menu_order":0,"comment_status":"closed","ping_status":"closed","template":"","meta":{"_acf_changed":false,"footnotes":""},"acf":[],"yoast_head":"<!-- This site is optimized with the Yoast SEO plugin v22.6 - https:\/\/yoast.com\/wordpress\/plugins\/seo\/ -->\n<title>eSport Wetten Zahlungsarten Review | Einzahlung &amp; Auszahlung Guide<\/title>\n<meta name=\"description\" content=\"Verpasst keine Tipps aus unserem eSport Wetten Zahlungsmethoden Reviews und erfahrt wie man das Maximum aus seinen Online Wetten herausholen kann!\" \/>\n<meta name=\"robots\" content=\"index, follow, max-snippet:-1, max-image-preview:large, max-video-preview:-1\" \/>\n<link rel=\"canonical\" href=\"https:\/\/www.esports-betting.pro\/de\/zahlungsarten\/\" \/>\n<meta property=\"og:locale\" content=\"de_DE\" \/>\n<meta property=\"og:type\" content=\"article\" \/>\n<meta property=\"og:title\" content=\"eSport Wetten Zahlungsarten Review | Einzahlung &amp; Auszahlung Guide\" \/>\n<meta property=\"og:description\" content=\"Verpasst keine Tipps aus unserem eSport Wetten Zahlungsmethoden Reviews und erfahrt wie man das Maximum aus seinen Online Wetten herausholen kann!\" \/>\n<meta property=\"og:url\" content=\"https:\/\/www.esports-betting.pro\/de\/zahlungsarten\/\" \/>\n<meta property=\"og:site_name\" content=\"Esports Betting - DE\" \/>\n<meta property=\"og:image\" content=\"https:\/\/www.esports-betting.pro\/app\/uploads\/sites\/2\/paypal.png\" \/>\n<meta name=\"twitter:card\" content=\"summary_large_image\" \/>\n<meta name=\"twitter:label1\" content=\"Est. reading time\" \/>\n\t<meta name=\"twitter:data1\" content=\"8 Minuten\" \/>\n<script type=\"application\/ld+json\" class=\"yoast-schema-graph\">{\"@context\":\"https:\/\/schema.org\",\"@graph\":[{\"@type\":\"WebPage\",\"@id\":\"https:\/\/www.esports-betting.pro\/de\/zahlungsarten\/\",\"url\":\"https:\/\/www.esports-betting.pro\/de\/zahlungsarten\/\",\"name\":\"eSport Wetten Zahlungsarten Review | Einzahlung & Auszahlung Guide\",\"isPartOf\":{\"@id\":\"https:\/\/www.esports-betting.pro\/de\/#website\"},\"primaryImageOfPage\":{\"@id\":\"https:\/\/www.esports-betting.pro\/de\/zahlungsarten\/#primaryimage\"},\"image\":{\"@id\":\"https:\/\/www.esports-betting.pro\/de\/zahlungsarten\/#primaryimage\"},\"thumbnailUrl\":\"https:\/\/www.esports-betting.pro\/app\/uploads\/sites\/2\/paypal.png\",\"datePublished\":\"2018-11-29T01:34:09+00:00\",\"dateModified\":\"2018-11-29T01:34:09+00:00\",\"description\":\"Verpasst keine Tipps aus unserem eSport Wetten Zahlungsmethoden Reviews und erfahrt wie man das Maximum aus seinen Online Wetten herausholen kann!\",\"breadcrumb\":{\"@id\":\"https:\/\/www.esports-betting.pro\/de\/zahlungsarten\/#breadcrumb\"},\"inLanguage\":\"de-DE\",\"potentialAction\":[{\"@type\":\"ReadAction\",\"target\":[\"https:\/\/www.esports-betting.pro\/de\/zahlungsarten\/\"]}]},{\"@type\":\"ImageObject\",\"inLanguage\":\"de-DE\",\"@id\":\"https:\/\/www.esports-betting.pro\/de\/zahlungsarten\/#primaryimage\",\"url\":\"https:\/\/www.esports-betting.pro\/app\/uploads\/sites\/2\/paypal.png\",\"contentUrl\":\"https:\/\/www.esports-betting.pro\/app\/uploads\/sites\/2\/paypal.png\"},{\"@type\":\"BreadcrumbList\",\"@id\":\"https:\/\/www.esports-betting.pro\/de\/zahlungsarten\/#breadcrumb\",\"itemListElement\":[{\"@type\":\"ListItem\",\"position\":1,\"name\":\"Home\",\"item\":\"https:\/\/www.esports-betting.pro\/de\/\"},{\"@type\":\"ListItem\",\"position\":2,\"name\":\"eSport Wetten Zahlungsmethoden Review | Guides f\u00fcr eSport Wetten Einzahlung &amp; Auszahlung\"}]},{\"@type\":\"WebSite\",\"@id\":\"https:\/\/www.esports-betting.pro\/de\/#website\",\"url\":\"https:\/\/www.esports-betting.pro\/de\/\",\"name\":\"Esports Betting - DE\",\"description\":\"Just another Esports Betting Sites site\",\"potentialAction\":[{\"@type\":\"SearchAction\",\"target\":{\"@type\":\"EntryPoint\",\"urlTemplate\":\"https:\/\/www.esports-betting.pro\/de\/?s={search_term_string}\"},\"query-input\":\"required name=search_term_string\"}],\"inLanguage\":\"de-DE\"}]}<\/script>\n<!-- \/ Yoast SEO plugin. -->","yoast_head_json":{"title":"eSport Wetten Zahlungsarten Review | Einzahlung & Auszahlung Guide","description":"Verpasst keine Tipps aus unserem eSport Wetten Zahlungsmethoden Reviews und erfahrt wie man das Maximum aus seinen Online Wetten herausholen kann!","robots":{"index":"index","follow":"follow","max-snippet":"max-snippet:-1","max-image-preview":"max-image-preview:large","max-video-preview":"max-video-preview:-1"},"canonical":"https:\/\/www.esports-betting.pro\/de\/zahlungsarten\/","og_locale":"de_DE","og_type":"article","og_title":"eSport Wetten Zahlungsarten Review | Einzahlung & Auszahlung Guide","og_description":"Verpasst keine Tipps aus unserem eSport Wetten Zahlungsmethoden Reviews und erfahrt wie man das Maximum aus seinen Online Wetten herausholen kann!","og_url":"https:\/\/www.esports-betting.pro\/de\/zahlungsarten\/","og_site_name":"Esports Betting - DE","og_image":[{"url":"https:\/\/www.esports-betting.pro\/app\/uploads\/sites\/2\/paypal.png"}],"twitter_card":"summary_large_image","twitter_misc":{"Est. reading time":"8 Minuten"},"schema":{"@context":"https:\/\/schema.org","@graph":[{"@type":"WebPage","@id":"https:\/\/www.esports-betting.pro\/de\/zahlungsarten\/","url":"https:\/\/www.esports-betting.pro\/de\/zahlungsarten\/","name":"eSport Wetten Zahlungsarten Review | Einzahlung & Auszahlung Guide","isPartOf":{"@id":"https:\/\/www.esports-betting.pro\/de\/#website"},"primaryImageOfPage":{"@id":"https:\/\/www.esports-betting.pro\/de\/zahlungsarten\/#primaryimage"},"image":{"@id":"https:\/\/www.esports-betting.pro\/de\/zahlungsarten\/#primaryimage"},"thumbnailUrl":"https:\/\/www.esports-betting.pro\/app\/uploads\/sites\/2\/paypal.png","datePublished":"2018-11-29T01:34:09+00:00","dateModified":"2018-11-29T01:34:09+00:00","description":"Verpasst keine Tipps aus unserem eSport Wetten Zahlungsmethoden Reviews und erfahrt wie man das Maximum aus seinen Online Wetten herausholen kann!","breadcrumb":{"@id":"https:\/\/www.esports-betting.pro\/de\/zahlungsarten\/#breadcrumb"},"inLanguage":"de-DE","potentialAction":[{"@type":"ReadAction","target":["https:\/\/www.esports-betting.pro\/de\/zahlungsarten\/"]}]},{"@type":"ImageObject","inLanguage":"de-DE","@id":"https:\/\/www.esports-betting.pro\/de\/zahlungsarten\/#primaryimage","url":"https:\/\/www.esports-betting.pro\/app\/uploads\/sites\/2\/paypal.png","contentUrl":"https:\/\/www.esports-betting.pro\/app\/uploads\/sites\/2\/paypal.png"},{"@type":"BreadcrumbList","@id":"https:\/\/www.esports-betting.pro\/de\/zahlungsarten\/#breadcrumb","itemListElement":[{"@type":"ListItem","position":1,"name":"Home","item":"https:\/\/www.esports-betting.pro\/de\/"},{"@type":"ListItem","position":2,"name":"eSport Wetten Zahlungsmethoden Review | Guides f\u00fcr eSport Wetten Einzahlung &amp; Auszahlung"}]},{"@type":"WebSite","@id":"https:\/\/www.esports-betting.pro\/de\/#website","url":"https:\/\/www.esports-betting.pro\/de\/","name":"Esports Betting - DE","description":"Just another Esports Betting Sites site","potentialAction":[{"@type":"SearchAction","target":{"@type":"EntryPoint","urlTemplate":"https:\/\/www.esports-betting.pro\/de\/?s={search_term_string}"},"query-input":"required name=search_term_string"}],"inLanguage":"de-DE"}]}},"_links":{"self":[{"href":"https:\/\/www.esports-betting.pro\/de\/wp-json\/wp\/v2\/pages\/29798"}],"collection":[{"href":"https:\/\/www.esports-betting.pro\/de\/wp-json\/wp\/v2\/pages"}],"about":[{"href":"https:\/\/www.esports-betting.pro\/de\/wp-json\/wp\/v2\/types\/page"}],"author":[{"embeddable":true,"href":"https:\/\/www.esports-betting.pro\/de\/wp-json\/wp\/v2\/users\/24"}],"replies":[{"embeddable":true,"href":"https:\/\/www.esports-betting.pro\/de\/wp-json\/wp\/v2\/comments?post=29798"}],"version-history":[{"count":0,"href":"https:\/\/www.esports-betting.pro\/de\/wp-json\/wp\/v2\/pages\/29798\/revisions"}],"wp:attachment":[{"href":"https:\/\/www.esports-betting.pro\/de\/wp-json\/wp\/v2\/media?parent=29798"}],"curies":[{"name":"wp","href":"https:\/\/api.w.org\/{rel}","templated":true}]}}