{"id":29485,"date":"2018-11-27T03:07:44","date_gmt":"2018-11-27T02:07:44","guid":{"rendered":"https:\/\/www.esports-betting.pro\/de\/?page_id=29485"},"modified":"2022-09-12T08:47:29","modified_gmt":"2022-09-12T08:47:29","slug":"live-wetten-esport","status":"publish","type":"page","link":"https:\/\/www.esports-betting.pro\/de\/live-wetten-esport\/","title":{"rendered":"eSport Live Wetten &#8211; Ratgeber und Top Buchmacher"},"content":{"rendered":"<p style=\"text-align: justify\">Die traditionelle Wette bekommt nach und nach Konkurrenz. Denn damals war doch alles noch so einfach; die Wetten wurden vor dem Sportereignis aufgegeben und man konnte und musste sein Gl\u00fcck, ab diesem Zeitpunkt nur noch abwarten. So k\u00f6nnen wir nur mutma\u00dfen, wieviele Rennpferde auf dem Weg von der Stallung zur Rennstrecke gestolpert sind und daraufhin ein w\u00fctender Mob von Wettern das verrammelte Wettb\u00fcro st\u00fcrmen wollten. F\u00fcr diese, und die Unentschlossen, kommt aber ein neues Ph\u00e4nomenen mehr und mehr auf &#8211;\u00a0<em>eSport Live Wetten<\/em>. Wie der Name schon unschwer verraten l\u00e4sst, ist es eine Wette, die noch w\u00e4hrend des Events abgeschlossen werden kann &#8211; <em><strong>also live<\/strong><\/em>. Nat\u00fcrlich gibt es aber einige Unterschiede zur konventionellen Wette, die wir in unserem Beitrag beleuchten wollen. Au\u00dferdem stellen wir eine Auswahl an <strong>Top Buchmachern f\u00fcr eSport Live Wetten<\/strong> vor!<\/p>\n<h2>Kurz erkl\u00e4rt &#8211; Live Wetten<\/h2>\n<div class=\"title-line\">\n<div class=\"fullWidth-line\"><span style=\"text-align: justify\">Eine Live Wette ist erst einmal eine Wette, die live, also w\u00e4hrend das Spiel l\u00e4uft, abgeschlossen wird. Dies steht im Kontrast zur konventionellen Wette, die klassischerweise vor dem Ereignis gesetzt werden muss. Was als kleiner Trend begann, nimmt immer gr\u00f6\u00dfere Beliebtheit an. Durch superschnelles Internet und bessere Server der Buchmacher er\u00f6ffnet sich eine verl\u00e4ssliche M\u00f6glichkeit, interessierte Nutzer mit verl\u00e4sslichen Quoten zu versorgen. Bei einer Live Wette ist n\u00e4mlich das wichtigste, dass die angezeigte Quote garantiert wird. Live Wetten k\u00f6nnen dabei auch ganz unterschiedlichen Charakter haben, so kann man sich auch erst w\u00e4hrend des Spiels festlegen, wer wohl die Partie gewinnen wird. Aber auch Event bezogene Live Wetten sind m\u00f6glich, beispielsweise auf den n\u00e4chsten Headshot (<\/span><a style=\"text-align: justify\" href=\"https:\/\/www.esports-betting.pro\/de\/csgo\/\">CS:GO<\/a><span style=\"text-align: justify\">) oder den n\u00e4chsten Baron (<\/span><a style=\"text-align: justify\" href=\"https:\/\/www.esports-betting.pro\/de\/lol\/\">LoL<\/a><span style=\"text-align: justify\">).<\/span><\/div>\n<\/div>\n<figure id=\"attachment_29824\" aria-describedby=\"caption-attachment-29824\" style=\"width: 640px\" class=\"wp-caption aligncenter\"><img loading=\"lazy\" decoding=\"async\" class=\"size-full wp-image-29824\" src=\"https:\/\/www.esports-betting.pro\/app\/uploads\/sites\/2\/LoL-Baron-Nashor.jpg\" alt=\"LoL Baron Nashor\" width=\"640\" height=\"427\" \/><figcaption id=\"caption-attachment-29824\" class=\"wp-caption-text\">League of Legends Live Wetten: Wer gewinnt das n\u00e4chste Smite Duell &#8211; Live Wetten!<\/figcaption><\/figure>\n<h2>Live Wetten vs. klassische Wetten<\/h2>\n<div class=\"title-line\">\n<div class=\"fullWidth-line\"><span style=\"text-align: justify\">Selbstredend ist aber nicht alles Gold, was gl\u00e4nzt. Die Buchmacher sch\u00e4tzen vor einer Begegnung den Ausgang des Spiels ein und beziehen sich dabei auf die Statistik der letzten Spiele, individuelle Spielerperformance und Sonderereignisse (Krankheiten, psych. Situation etc.). Aber vor Allem bei &#8220;Snowball Titeln&#8221;, weicht der Spieler-Skill ab einer bestimmten Spielminute dem Spielgeschehen. Exemplarisch w\u00e4re hier League of Legends zu nennen. Denn ein erheblicher Goldvorteil, des zuvor als Verlierer bewerten Teams, \u00e4ndert die Quote erheblich. Leider k\u00f6nnen n\u00e4mlich auch die Pechv\u00f6gel der Saison mit 15k Goldvorteil \u00fcber den amtierenden <\/span><a style=\"text-align: justify\" href=\"https:\/\/www.esports-betting.pro\/de\/lol\/worlds-2018-leagueoflegends-weltmeisterschaft\/\">LoL-Weltmeister<\/a><span style=\"text-align: justify\"> Invictus Gaming dominieren.<\/span><\/div>\n<\/div>\n<h2>Feature Cashout f\u00fcr eSport Wetten<\/h2>\n<div class=\"title-line\">\n<div class=\"fullWidth-line\"><span style=\"text-align: justify\">Cashout ist der zweite Trend, der zusammen mit den Live Wetten, geboren ist. Die Idee kommt wahrscheinlich von einem Arzt, der sich um das Herz eines Wettfreundes sorgte. Das Prinzip ist n\u00e4mlich folgendes: Hat man eine Wette gesetzt und m\u00f6chte aber nicht bis zum Ausgang des Spiels, bzw. des Wettereignis warten, kann man seine Wette vorzeitig an den Buchmacher zur\u00fcck verkaufen. Bei vorzeitigem Verkauf bewertet der Buchmacher zu einem festgesetzten Preis die Wette, dies mit Hintergrund des aktuellem Spielgeschehens. Hat man beispielsweise auf das Team gesetzt, dass gerade am gewinnen ist, aber das arme koffeingetr\u00e4nkte Herz h\u00e4lt die Spannung einfach nicht mehr aus, so kann man seinen positiv-Wettschein mit bis zu 90% des Gewinns schon vorzeitig an den Buchmacher verkaufen und sich \u00fcber den Gewinn freuen. Sollte in der letzten Minute also etwas unerwartetes passieren und der Gegner gewinnt doch noch, kann man die Wendung getrost bel\u00e4cheln. Auch im gegenteiligen Szenario, n\u00e4mlich das man auf das falsche Team gesetzt hat und es im Spielverlauf offensichtlich klar wird, dass der erkorene Favorit am Verlieren ist, kann einem mit dem Cashout Prinzip geholfen werden. Doch wird der Buchmacher in diesem Fall nur einen kleinen Teil des Einsatzes zur\u00fcckgeben, denn man h\u00e4tte die Wette wahrscheinlich ohnehin verloren.<\/span><\/div>\n<\/div>\n<h2>eSport Live Wetten &#8211; Ratgeber<\/h2>\n<div class=\"title-line\">\n<div class=\"fullWidth-line\"><span style=\"text-align: justify\">Man darf den Charakter der Live Wette nicht falsch einsch\u00e4tzen. Niemand schenkt einem die Prognose und bei offensichtlichem Ausgang, wird die Quote dementsprechend schlecht ausfallen. Also gilt auch f\u00fcr die Live Wette, dass man den Verlauf der Begegnung richtig einsch\u00e4tzen muss. Selbstredend ist ein Dabeisein, entweder im Livestream oder im Liveticker, Pflicht. Wie bei jedem Ratgeber sind die Punkte eigentlich logisch, trotzdem empfiehlt es sich die Liste durchzugehen und sich immer wieder bei der Live Wette abzurufen. Denn \u00e4hnlich wie beim Autofahren, verlangt eine Live Wette schnelle Reaktion und die ist leider oftmals &#8220;unlogisch und emotional&#8221;:<\/span><\/div>\n<\/div>\n<ul>\n<li style=\"text-align: justify\">1. <strong>Nur die Ruhe!<\/strong> Es kann leicht passieren, dass man sich im Eifer des Gefechts f\u00fcr eine Entscheidung gedr\u00e4ngt f\u00fchlt. Nat\u00fcrlich verlangt der Buchmacher bei einer Live Wette schnelle Entscheidungen, aber trotzdem lautet die Devise &#8220;durchatmen&#8221;. Am besten machen Sie sich vorher einen Plan, wieviel und worauf gewettet werden soll. Lieber verpassen sie eine mutma\u00dfliche Chance, als sich hinterher zu \u00e4rgern.<\/li>\n<li style=\"text-align: justify\">2. <strong>Favorit vs. Realit\u00e4t!\u00a0<\/strong>Am besten macht man sich vorher Gedanken welches Team wohl gewinnen wird. Jetzt hei\u00dft es abwarten&#8230; Geht der Gegner leicht in F\u00fchrung, wird die Masse der eSport Live Wetten Anf\u00e4nger schnell auf den &#8220;mutma\u00dflichen&#8221; Gewinner setzen. Wenn Sie aber, wie vorher \u00fcberlegt, ihrem Team ein &#8220;Turn&#8221; und &#8220;Comeback&#8221; zutrauen, w\u00e4re eine kleine Wette auf den pers\u00f6nlichen Favoriten anzuraten. Denn auch die Buchmacher haben gro\u00dfes Interesse, Wettinteressenten auf den mutma\u00dflichen Verlierer zu ziehen, um am Ende ihr Risiko einzugrenzen. Auf der anderen Seite sollten wir nicht wie\u00a0Don Quixote unseren Plan durchpeitschen, denn gegen 20K Goldvorteil spielt es sich wie gegen Windm\u00fchlen. Falls Sie die Wette noch nicht gesetzt haben und ein Comeback ausweglos scheint, empfiehlt sich die Wette zu verschieben. Unsere Empfehlung bleibt aber, dass Bauchgef\u00fchl w\u00e4hrend der Live Wette betr\u00fcgt uns leider.<\/li>\n<li style=\"text-align: justify\">3. <strong>Live Wetten Ja, aber bitte nur auf 1 &#8211; 2 Spiele!\u00a0<\/strong>Konzentrieren Sie sich auf ein, max. zwei Spiele. Bei zu vielen Spielen laufen sie Gefahr, den \u00dcberblick zu verlieren und spielentscheidende Details zu \u00fcbersehen.<\/li>\n<li style=\"text-align: justify\">4. <strong>Nicht jeden Tag ist Weltmeisterschaft!\u00a0<\/strong>Selbstverst\u00e4ndlich macht es einen besonderen Reiz aus, auf die Topspiele des Tages zu setzen und es gibt nichts sch\u00f6neres als seinen Favoriten (mit unterst\u00fctzter Wette) gewinnen zu sehen. Allerdings bieten die Buchmacher immer mehr Live Wetten zu immer mehr Wettm\u00e4rkten an. Au\u00dferdem werden auf die Top Spiele mit den meisten Live Wettern sekundengenaue Quotenaktualisierungen vorgenommen, denn auch die Buchmacher richten ihre Aufmerksamkeit entsprechend dem Nutzerinteresse aus. Die weniger popul\u00e4ren Spiele zeigen m\u00f6glicherweise noch bessere eSport Live Wetten Quoten an, als das aktuelle Spielgeschehen widerspiegelt. Warum sollte man das also nicht Nutzen und auch mal auf die anderen Teams wetten.<\/li>\n<\/ul>\n<h2>Die besten Buchmacher f\u00fcr Live Wetten<\/h2>\n<div class=\"title-line\">\n<div class=\"fullWidth-line\"><span style=\"text-align: justify\">Wir von <\/span><a style=\"text-align: justify\" href=\"https:\/\/www.esports-betting.pro\/de\/\">Esport-wetten<\/a><span style=\"text-align: justify\"> hoffen mit unserem Ratgeber Neueinsteiger erste Tipps und erfahrene Live-Wetter vielleicht den einen oder anderen Denkansto\u00df zu geben.<\/span><\/div>\n<\/div>\n<ul>\n<li style=\"text-align: justify\"><strong><a href=\"https:\/\/www.esports-betting.pro\/de\/buchmacher-wettanbieter\/bet-at-home-review\/\">Bet-at-home:<\/a>\u00a0<\/strong>Auch bet-at-home hat sich \u00fcber die Jahre als seri\u00f6ser Buchmacher und Partner profiliert. Wer schon klassische Wetten bei bet-at-home gesetzt hat, kann sich einfach \u00fcber das breite Live Wetten Angebot informieren.\n<ul>\n<li><strong>Bonus:<\/strong>\u00a0Neueinsteiger d\u00fcrfen sich auch bei bet-at-home \u00fcber einen Willkommensbonus von 50% bis zu 50\u20ac freuen!<\/li>\n<\/ul>\n<\/li>\n<\/ul>\n<h2>Fazit eSport Live Wetten<\/h2>\n<div class=\"title-line\">\n<div class=\"fullWidth-line\">Live Wetten sind der gro\u00dfe Renner im eSport Universum. Abgesehen von den neuen Wettm\u00f6glichkeiten und einer Absicherung \u00fcber das Cashout Prinzip, sind Echtzeit Wetten interaktiver als klassische Wetten. Man f\u00fchlt sich dichter am Spielgeschehen und hat mehr Handlungsspielraum \u00fcber eine einmal gesetzte Wette. Wir w\u00fcnschen viel Erfolg bei der ersten Live Wette!<\/div>\n<\/div>\n","protected":false},"excerpt":{"rendered":"<p>Die traditionelle Wette bekommt nach und nach Konkurrenz. Denn damals war doch alles noch so einfach; die Wetten wurden vor dem Sportereignis aufgegeben und man konnte und musste sein Gl\u00fcck, ab diesem Zeitpunkt nur noch abwarten. So k\u00f6nnen wir nur mutma\u00dfen, wieviele Rennpferde auf dem Weg von der Stallung zur Rennstrecke gestolpert sind und daraufhin &hellip; <a href=\"https:\/\/www.esports-betting.pro\/de\/live-wetten-esport\/\">Continued<\/a><\/p>\n","protected":false},"author":24,"featured_media":0,"parent":0,"menu_order":0,"comment_status":"closed","ping_status":"closed","template":"","meta":{"_acf_changed":false,"footnotes":""},"acf":[],"yoast_head":"<!-- This site is optimized with the Yoast SEO plugin v22.6 - https:\/\/yoast.com\/wordpress\/plugins\/seo\/ -->\n<title>eSport Live Wetten - Ratgeber und Top Buchmacher<\/title>\n<meta name=\"description\" content=\"Hier erfahrt ihr alles zum Thema Live Wetten f\u00fcr eSport - von den besten Buchmachern bis zu unserem Live Wetten Ratgeber!\" \/>\n<meta name=\"robots\" content=\"index, follow, max-snippet:-1, max-image-preview:large, max-video-preview:-1\" \/>\n<link rel=\"canonical\" href=\"https:\/\/www.esports-betting.pro\/de\/live-wetten-esport\/\" \/>\n<meta property=\"og:locale\" content=\"de_DE\" \/>\n<meta property=\"og:type\" content=\"article\" \/>\n<meta property=\"og:title\" content=\"eSport Live Wetten - Ratgeber und Top Buchmacher\" \/>\n<meta property=\"og:description\" content=\"Hier erfahrt ihr alles zum Thema Live Wetten f\u00fcr eSport - von den besten Buchmachern bis zu unserem Live Wetten Ratgeber!\" \/>\n<meta property=\"og:url\" content=\"https:\/\/www.esports-betting.pro\/de\/live-wetten-esport\/\" \/>\n<meta property=\"og:site_name\" content=\"Esports Betting - DE\" \/>\n<meta property=\"article:modified_time\" content=\"2022-09-12T08:47:29+00:00\" \/>\n<meta property=\"og:image\" content=\"https:\/\/www.esports-betting.pro\/app\/uploads\/sites\/2\/LoL-Baron-Nashor.jpg\" \/>\n<meta name=\"twitter:card\" content=\"summary_large_image\" \/>\n<meta name=\"twitter:label1\" content=\"Est. reading time\" \/>\n\t<meta name=\"twitter:data1\" content=\"7 Minuten\" \/>\n<script type=\"application\/ld+json\" class=\"yoast-schema-graph\">{\"@context\":\"https:\/\/schema.org\",\"@graph\":[{\"@type\":\"WebPage\",\"@id\":\"https:\/\/www.esports-betting.pro\/de\/live-wetten-esport\/\",\"url\":\"https:\/\/www.esports-betting.pro\/de\/live-wetten-esport\/\",\"name\":\"eSport Live Wetten - Ratgeber und Top Buchmacher\",\"isPartOf\":{\"@id\":\"https:\/\/www.esports-betting.pro\/de\/#website\"},\"primaryImageOfPage\":{\"@id\":\"https:\/\/www.esports-betting.pro\/de\/live-wetten-esport\/#primaryimage\"},\"image\":{\"@id\":\"https:\/\/www.esports-betting.pro\/de\/live-wetten-esport\/#primaryimage\"},\"thumbnailUrl\":\"https:\/\/www.esports-betting.pro\/app\/uploads\/sites\/2\/LoL-Baron-Nashor.jpg\",\"datePublished\":\"2018-11-27T02:07:44+00:00\",\"dateModified\":\"2022-09-12T08:47:29+00:00\",\"description\":\"Hier erfahrt ihr alles zum Thema Live Wetten f\u00fcr eSport - von den besten Buchmachern bis zu unserem Live Wetten Ratgeber!\",\"breadcrumb\":{\"@id\":\"https:\/\/www.esports-betting.pro\/de\/live-wetten-esport\/#breadcrumb\"},\"inLanguage\":\"de-DE\",\"potentialAction\":[{\"@type\":\"ReadAction\",\"target\":[\"https:\/\/www.esports-betting.pro\/de\/live-wetten-esport\/\"]}]},{\"@type\":\"ImageObject\",\"inLanguage\":\"de-DE\",\"@id\":\"https:\/\/www.esports-betting.pro\/de\/live-wetten-esport\/#primaryimage\",\"url\":\"https:\/\/www.esports-betting.pro\/app\/uploads\/sites\/2\/LoL-Baron-Nashor.jpg\",\"contentUrl\":\"https:\/\/www.esports-betting.pro\/app\/uploads\/sites\/2\/LoL-Baron-Nashor.jpg\"},{\"@type\":\"BreadcrumbList\",\"@id\":\"https:\/\/www.esports-betting.pro\/de\/live-wetten-esport\/#breadcrumb\",\"itemListElement\":[{\"@type\":\"ListItem\",\"position\":1,\"name\":\"Home\",\"item\":\"https:\/\/www.esports-betting.pro\/de\/\"},{\"@type\":\"ListItem\",\"position\":2,\"name\":\"eSport Live Wetten &#8211; Ratgeber und Top Buchmacher\"}]},{\"@type\":\"WebSite\",\"@id\":\"https:\/\/www.esports-betting.pro\/de\/#website\",\"url\":\"https:\/\/www.esports-betting.pro\/de\/\",\"name\":\"Esports Betting - DE\",\"description\":\"Just another Esports Betting Sites site\",\"potentialAction\":[{\"@type\":\"SearchAction\",\"target\":{\"@type\":\"EntryPoint\",\"urlTemplate\":\"https:\/\/www.esports-betting.pro\/de\/?s={search_term_string}\"},\"query-input\":\"required name=search_term_string\"}],\"inLanguage\":\"de-DE\"}]}<\/script>\n<!-- \/ Yoast SEO plugin. -->","yoast_head_json":{"title":"eSport Live Wetten - Ratgeber und Top Buchmacher","description":"Hier erfahrt ihr alles zum Thema Live Wetten f\u00fcr eSport - von den besten Buchmachern bis zu unserem Live Wetten Ratgeber!","robots":{"index":"index","follow":"follow","max-snippet":"max-snippet:-1","max-image-preview":"max-image-preview:large","max-video-preview":"max-video-preview:-1"},"canonical":"https:\/\/www.esports-betting.pro\/de\/live-wetten-esport\/","og_locale":"de_DE","og_type":"article","og_title":"eSport Live Wetten - Ratgeber und Top Buchmacher","og_description":"Hier erfahrt ihr alles zum Thema Live Wetten f\u00fcr eSport - von den besten Buchmachern bis zu unserem Live Wetten Ratgeber!","og_url":"https:\/\/www.esports-betting.pro\/de\/live-wetten-esport\/","og_site_name":"Esports Betting - DE","article_modified_time":"2022-09-12T08:47:29+00:00","og_image":[{"url":"https:\/\/www.esports-betting.pro\/app\/uploads\/sites\/2\/LoL-Baron-Nashor.jpg"}],"twitter_card":"summary_large_image","twitter_misc":{"Est. reading time":"7 Minuten"},"schema":{"@context":"https:\/\/schema.org","@graph":[{"@type":"WebPage","@id":"https:\/\/www.esports-betting.pro\/de\/live-wetten-esport\/","url":"https:\/\/www.esports-betting.pro\/de\/live-wetten-esport\/","name":"eSport Live Wetten - Ratgeber und Top Buchmacher","isPartOf":{"@id":"https:\/\/www.esports-betting.pro\/de\/#website"},"primaryImageOfPage":{"@id":"https:\/\/www.esports-betting.pro\/de\/live-wetten-esport\/#primaryimage"},"image":{"@id":"https:\/\/www.esports-betting.pro\/de\/live-wetten-esport\/#primaryimage"},"thumbnailUrl":"https:\/\/www.esports-betting.pro\/app\/uploads\/sites\/2\/LoL-Baron-Nashor.jpg","datePublished":"2018-11-27T02:07:44+00:00","dateModified":"2022-09-12T08:47:29+00:00","description":"Hier erfahrt ihr alles zum Thema Live Wetten f\u00fcr eSport - von den besten Buchmachern bis zu unserem Live Wetten Ratgeber!","breadcrumb":{"@id":"https:\/\/www.esports-betting.pro\/de\/live-wetten-esport\/#breadcrumb"},"inLanguage":"de-DE","potentialAction":[{"@type":"ReadAction","target":["https:\/\/www.esports-betting.pro\/de\/live-wetten-esport\/"]}]},{"@type":"ImageObject","inLanguage":"de-DE","@id":"https:\/\/www.esports-betting.pro\/de\/live-wetten-esport\/#primaryimage","url":"https:\/\/www.esports-betting.pro\/app\/uploads\/sites\/2\/LoL-Baron-Nashor.jpg","contentUrl":"https:\/\/www.esports-betting.pro\/app\/uploads\/sites\/2\/LoL-Baron-Nashor.jpg"},{"@type":"BreadcrumbList","@id":"https:\/\/www.esports-betting.pro\/de\/live-wetten-esport\/#breadcrumb","itemListElement":[{"@type":"ListItem","position":1,"name":"Home","item":"https:\/\/www.esports-betting.pro\/de\/"},{"@type":"ListItem","position":2,"name":"eSport Live Wetten &#8211; Ratgeber und Top Buchmacher"}]},{"@type":"WebSite","@id":"https:\/\/www.esports-betting.pro\/de\/#website","url":"https:\/\/www.esports-betting.pro\/de\/","name":"Esports Betting - DE","description":"Just another Esports Betting Sites site","potentialAction":[{"@type":"SearchAction","target":{"@type":"EntryPoint","urlTemplate":"https:\/\/www.esports-betting.pro\/de\/?s={search_term_string}"},"query-input":"required name=search_term_string"}],"inLanguage":"de-DE"}]}},"_links":{"self":[{"href":"https:\/\/www.esports-betting.pro\/de\/wp-json\/wp\/v2\/pages\/29485"}],"collection":[{"href":"https:\/\/www.esports-betting.pro\/de\/wp-json\/wp\/v2\/pages"}],"about":[{"href":"https:\/\/www.esports-betting.pro\/de\/wp-json\/wp\/v2\/types\/page"}],"author":[{"embeddable":true,"href":"https:\/\/www.esports-betting.pro\/de\/wp-json\/wp\/v2\/users\/24"}],"replies":[{"embeddable":true,"href":"https:\/\/www.esports-betting.pro\/de\/wp-json\/wp\/v2\/comments?post=29485"}],"version-history":[{"count":2,"href":"https:\/\/www.esports-betting.pro\/de\/wp-json\/wp\/v2\/pages\/29485\/revisions"}],"predecessor-version":[{"id":52599,"href":"https:\/\/www.esports-betting.pro\/de\/wp-json\/wp\/v2\/pages\/29485\/revisions\/52599"}],"wp:attachment":[{"href":"https:\/\/www.esports-betting.pro\/de\/wp-json\/wp\/v2\/media?parent=29485"}],"curies":[{"name":"wp","href":"https:\/\/api.w.org\/{rel}","templated":true}]}}