{"id":29480,"date":"2018-11-30T00:09:18","date_gmt":"2018-11-29T23:09:18","guid":{"rendered":"https:\/\/www.esports-betting.pro\/de\/?page_id=29480"},"modified":"2018-11-30T00:09:18","modified_gmt":"2018-11-29T23:09:18","slug":"paysafecard-review","status":"publish","type":"page","link":"https:\/\/www.esports-betting.pro\/de\/zahlungsarten\/paysafecard-review\/","title":{"rendered":"Paysafecard eSport Wetten Zahlungsmethoden Review | Guide f\u00fcr eSport Wetten Einzahlung &amp; Auszahlung"},"content":{"rendered":"<p style=\"text-align: justify\"><img loading=\"lazy\" decoding=\"async\" class=\"size-full wp-image-29864 alignright\" src=\"https:\/\/www.esports-betting.pro\/app\/uploads\/sites\/2\/Paysafecard-Zahlungsmethoden-Logo.png\" alt=\"Paysafecard Zahlungsmethoden Logo\" width=\"150\" height=\"150\" \/>Die Paysafecard ist zu einem wahren Konkurrenten unter den Online-<a href=\"https:\/\/www.esports-betting.pro\/de\/zahlungsarten\/\">Zahlungsarten<\/a> aufgestiegen. Sie hat ihren Ursprung im Milleniumsjahr (2000) und wurde erstmals im konservativen Internet-Shopping-Land \u00d6sterreich etabliert. Der Deutschsprachige Raum stand und steht Internetk\u00e4ufen schon immer suspekter gegen\u00fcber, als andere Wirtschaftsr\u00e4ume. Nachdem die Paysafecard auch in Deutschland eingef\u00fchrt w\u00fcrde, eroberte sie nach und nach den ganzen Globus und ist mittlerweile in 46 L\u00e4ndern weltweit im Einsatz. Daher ist die Paysafecard auch schon in 26 W\u00e4hrungen verf\u00fcgbar, darunter selbstverst\u00e4ndlich auch der USD und EUR. Gr\u00f6\u00dfter Vorteil der Paysafecard bleibt seine schnelle, unkonventionelle Handhabung. Man braucht kein verkn\u00fcpftes Konto f\u00fcr eine Verwendung und lediglich Name und Adressdaten sind f\u00fcr die optionale Einrichtung eines Kundenkontos notwendig. Die gew\u00fcnschte Verwendung vom Entwickler liegt auf der Hand \u2013 mit einer Prepaid Guthabenkarte nach Herzens Laune, ohne Sorgen im Internet einkaufen. Daher haben wir uns in unserem Paysafecard <a href=\"https:\/\/www.esports-betting.pro\/de\/\">eSport Wetten<\/a> Zahlungsmethoden Review gefragt, warum man das Zahlungsmittel nicht auch f\u00fcr eSport Wetten einsetzen kann und wie es dabei abschneidet. Im Folgenden beleuchten wir alles Wichtige um das Thema \u201eZahlen mit der Paysafecard\u201c.<\/p>\n<h2>Kann man mit einer Paysafecard eSport Wetten setzen?<\/h2>\n<p style=\"text-align: justify\">Gl\u00fccklicherweise lautet die Antwort \u2013 Ja, man kann! Man kann mit einer Paysafecard auf eSport Wetten setzen. Obwohl Bezahlung von beiden Seiten (Wettinteressierter und Buchmacher) ein empfindliches Thema sind. Die Buchmacher sind n\u00e4mlich verpflichtet s\u00e4mtlichen Zahlungsverkehr an die Gl\u00fccksspielbeh\u00f6rde offen zu legen und da scheinen Guthabenkarten auf den ersten Blick, als nicht sehr transparente Zahlungsmethode. Gottseidank hat sich die Paysafecard aber durch namentliche Registrierung und andere Sicherheitsauflagen als seri\u00f6ses und valides Zahlungsmittel im deutschsprachigen Raum etabliert und genie\u00dft daher gro\u00dfes Ansehen auch unter den Buchmachern. Beispielsweise darf man in Deutschland als Kunde nur 100\u20ac Paysafecard Guthaben t\u00e4glich erwerben, ohne sich mit dem Ausweis registrieren zu m\u00fcssen (dies soll eine potentielle Geldw\u00e4sche vorbeugen). Durch die breite Akzeptanz akzeptieren auch viele unserer untersuchten Buchmacher die Paysafecard f\u00fcr alle ihre Wettm\u00e4rkte und dem Nutzer bietet sich ein breites Repertoire an M\u00f6glichkeiten. Im Folgenden stellen wir euch, wie immer, die Top 3 Buchmacher vor, die eine Zahlung mit der Guthabenkarte unterst\u00fctzen.<\/p>\n<h2>Top 3 Buchmacher die eine Paysafecard unterst\u00fctzen?<\/h2>\n<p style=\"text-align: justify\">Ohne \u00dcberraschung greifen viele Nutzer gerne auf die anonyme und unkomplizierte Paysafecard Zahlungsmethode zur\u00fcck, um die Wetten nicht von ihrem Konto abschlie\u00dfen zu m\u00fcssen. Das haben auch die Buchmacher bemerkt und haben ihrerseits reagiert und in der Folge, die Paysafecard vermehrt zugelassen. In unserem Paysafecard eSport Wetten Zahlungsmethoden Review pr\u00e4sentieren wir euch nun die Top 3 der Buchmacher, die eine Zahlung mit der Paysafecard unterst\u00fctzen:<\/p>\n<h2>Paysafecard eSport Wetten Zahlungsmethoden Review | Kosteneffizienz?<\/h2>\n<p style=\"text-align: justify\">Die Paysafecard ist das einzige Zahlungsmittel ohne eine einzige f\u00e4llige Geb\u00fchr, ob von Seiten der Bank oder dem Buchmacher. Daher gilt die Paysafecard als die kosteneffizienteste alternative unter allen Zahlungsmethoden. Ein weiterer Vorteil ist die augenblickliche Verf\u00fcgbarkeit des Geldes, da das Geld \u00e4hnlich einer Sofort\u00fcberweisung augenblicklich dem Empf\u00e4ngerkonto gutgeschrieben wird. Zum Thema Sicherheit hat unsere Recherche keine wesentlichen Sicherheitsl\u00fccken finden k\u00f6nnen. Daher punktet die Guthabenkarte in jedem Punkt, noch vor allen anderen Zahlungsmethoden: Kostenlos, sicher, anonym und schnell! Zusammenfassend kann man sagen, dass es das empfohlene Zahlungsmittel der Wahl sein sollte.<\/p>\n<h2>Wie setze ich eine Paysafecard eSport Wette?<\/h2>\n<p style=\"text-align: justify\">Die schnellste Methode eine Paysafecard Wette zu setzen bleibt der Erwerb einer Paysafecard Prepaid Pin beim nahegelegenen H\u00e4ndler. Das ist eine Guthabenkarte, mit der dann im Bezahlfenster der Wettanbieter bezahlt werden kann (<a href=\"https:\/\/www.paysafecard.com\/\" target=\"_blank\" rel=\"noopener\">hier zur offiziellen Seite Paysafecard<\/a>). Entgegen vieler Meinungen kann man die Paysafecard auch weiterhin ohne namentliche Registrierung verwenden, allerdings bietet sich dem Nutzer vor Allem bei regelm\u00e4\u00dfiger Anwendung ein deutlich h\u00f6herer Nutzungsservice. Nach Registrierung werden n\u00e4mlich sowohl Kontohistorie als auch Restguthaben im Kundenkonto angezeigt und k\u00f6nnen dort zentral verwaltet werden. Einzige Einschr\u00e4nkung bleibt, dass einige Buchmacher ein Mindestsumme an Einzahlung von der Paysafecard verlangen und nicht beliebig kleine Betr\u00e4ge gesetzt werden k\u00f6nnen.<\/p>\n<h2>Paysafecard Einzahlung & Auszahlung? Absage an den \u00dcberflieger!<\/h2>\n<p style=\"text-align: justify\">Leider, Nein! Die Paysafecard war stets nur als unilaterale Zahlmethode gedacht und eine Gewinnaussch\u00fcttung auf das Paysafecard Konto ist nicht m\u00f6glich. Die einzige M\u00f6glichkeit Geld auf die Paysafecard einzuzahlen, ist der Erwerb von Pins. Es gibt n\u00e4mlich auch keine M\u00f6glichkeit das Paysafecard Guthaben abzuheben oder auf sein Bankkonto zu transferieren. Keine der untersuchten Buchmacher hat in unserem Paysafecard eSport Wetten Zahlungsmethoden Review daher die M\u00f6glichkeit unterst\u00fctzt, auf die Paysafecard auszuzahlen. Aber keine Sorge! &#8211; Der Gewinn darf daf\u00fcr auf eine beliebige andere Art ausgezahlt werden (Bankkonto, Kreditkarte etc.) und geht nicht verloren.<\/p>\n<h3>Fazit Paysafecard eSport Wetten Zahlungsmethoden Review<\/h3>\n<p style=\"text-align: justify\">Die Paysafecard l\u00e4sst sich unkompliziert erwerben und auch der zus\u00e4tzliche Service mit dem Paysafecard Kundenkonto macht die Handhabung kinderleicht. Allerdings sollte jedem klar sein, dass der potenzielle Gewinn nicht auf die Paysafecard ausbezahlt werden kann. Wer also ein Drittkonto zwischen dem eigenen und dem der Buchmacher w\u00fcnscht, sollte eine andere Bezahlmethode in Erw\u00e4gung ziehen (z.B. Neteller).<\/p>\n","protected":false},"excerpt":{"rendered":"<p>Die Paysafecard ist zu einem wahren Konkurrenten unter den Online-Zahlungsarten aufgestiegen. Sie hat ihren Ursprung im Milleniumsjahr (2000) und wurde erstmals im konservativen Internet-Shopping-Land \u00d6sterreich etabliert. Der Deutschsprachige Raum stand und steht Internetk\u00e4ufen schon immer suspekter gegen\u00fcber, als andere Wirtschaftsr\u00e4ume. Nachdem die Paysafecard auch in Deutschland eingef\u00fchrt w\u00fcrde, eroberte sie nach und nach den ganzen &hellip; <a href=\"https:\/\/www.esports-betting.pro\/de\/zahlungsarten\/paysafecard-review\/\">Continued<\/a><\/p>\n","protected":false},"author":24,"featured_media":0,"parent":29798,"menu_order":0,"comment_status":"closed","ping_status":"closed","template":"","meta":{"_acf_changed":false,"footnotes":""},"acf":[],"yoast_head":"<!-- This site is optimized with the Yoast SEO plugin v22.6 - https:\/\/yoast.com\/wordpress\/plugins\/seo\/ -->\n<title>Paysafecard eSports Betting Review | Zahlungsmittel Guide<\/title>\n<meta name=\"description\" content=\"In unserem exklusiven Paysafecard eSport Wetten Review erf\u00e4hrt man mehr \u00fcber die Vor- und Nachteile dieser alternativen Zahlmethode f\u00fcr eSport Wetten!\" \/>\n<meta name=\"robots\" content=\"index, follow, max-snippet:-1, max-image-preview:large, max-video-preview:-1\" \/>\n<link rel=\"canonical\" href=\"https:\/\/www.esports-betting.pro\/de\/zahlungsarten\/paysafecard-review\/\" \/>\n<meta property=\"og:locale\" content=\"de_DE\" \/>\n<meta property=\"og:type\" content=\"article\" \/>\n<meta property=\"og:title\" content=\"Paysafecard eSports Betting Review | Zahlungsmittel Guide\" \/>\n<meta property=\"og:description\" content=\"In unserem exklusiven Paysafecard eSport Wetten Review erf\u00e4hrt man mehr \u00fcber die Vor- und Nachteile dieser alternativen Zahlmethode f\u00fcr eSport Wetten!\" \/>\n<meta property=\"og:url\" content=\"https:\/\/www.esports-betting.pro\/de\/zahlungsarten\/paysafecard-review\/\" \/>\n<meta property=\"og:site_name\" content=\"Esports Betting - DE\" \/>\n<meta property=\"og:image\" content=\"https:\/\/www.esports-betting.pro\/app\/uploads\/sites\/2\/Paysafecard-Zahlungsmethoden-Logo.png\" \/>\n<meta name=\"twitter:card\" content=\"summary_large_image\" \/>\n<meta name=\"twitter:label1\" content=\"Est. reading time\" \/>\n\t<meta name=\"twitter:data1\" content=\"4 Minuten\" \/>\n<script type=\"application\/ld+json\" class=\"yoast-schema-graph\">{\"@context\":\"https:\/\/schema.org\",\"@graph\":[{\"@type\":\"WebPage\",\"@id\":\"https:\/\/www.esports-betting.pro\/de\/zahlungsarten\/paysafecard-review\/\",\"url\":\"https:\/\/www.esports-betting.pro\/de\/zahlungsarten\/paysafecard-review\/\",\"name\":\"Paysafecard eSports Betting Review | Zahlungsmittel Guide\",\"isPartOf\":{\"@id\":\"https:\/\/www.esports-betting.pro\/de\/#website\"},\"primaryImageOfPage\":{\"@id\":\"https:\/\/www.esports-betting.pro\/de\/zahlungsarten\/paysafecard-review\/#primaryimage\"},\"image\":{\"@id\":\"https:\/\/www.esports-betting.pro\/de\/zahlungsarten\/paysafecard-review\/#primaryimage\"},\"thumbnailUrl\":\"https:\/\/www.esports-betting.pro\/app\/uploads\/sites\/2\/Paysafecard-Zahlungsmethoden-Logo.png\",\"datePublished\":\"2018-11-29T23:09:18+00:00\",\"dateModified\":\"2018-11-29T23:09:18+00:00\",\"description\":\"In unserem exklusiven Paysafecard eSport Wetten Review erf\u00e4hrt man mehr \u00fcber die Vor- und Nachteile dieser alternativen Zahlmethode f\u00fcr eSport Wetten!\",\"breadcrumb\":{\"@id\":\"https:\/\/www.esports-betting.pro\/de\/zahlungsarten\/paysafecard-review\/#breadcrumb\"},\"inLanguage\":\"de-DE\",\"potentialAction\":[{\"@type\":\"ReadAction\",\"target\":[\"https:\/\/www.esports-betting.pro\/de\/zahlungsarten\/paysafecard-review\/\"]}]},{\"@type\":\"ImageObject\",\"inLanguage\":\"de-DE\",\"@id\":\"https:\/\/www.esports-betting.pro\/de\/zahlungsarten\/paysafecard-review\/#primaryimage\",\"url\":\"https:\/\/www.esports-betting.pro\/app\/uploads\/sites\/2\/Paysafecard-Zahlungsmethoden-Logo.png\",\"contentUrl\":\"https:\/\/www.esports-betting.pro\/app\/uploads\/sites\/2\/Paysafecard-Zahlungsmethoden-Logo.png\"},{\"@type\":\"BreadcrumbList\",\"@id\":\"https:\/\/www.esports-betting.pro\/de\/zahlungsarten\/paysafecard-review\/#breadcrumb\",\"itemListElement\":[{\"@type\":\"ListItem\",\"position\":1,\"name\":\"Home\",\"item\":\"https:\/\/www.esports-betting.pro\/de\/\"},{\"@type\":\"ListItem\",\"position\":2,\"name\":\"eSport Wetten Zahlungsmethoden Review | Guides f\u00fcr eSport Wetten Einzahlung &amp; Auszahlung\",\"item\":\"https:\/\/www.esports-betting.pro\/de\/zahlungsarten\/\"},{\"@type\":\"ListItem\",\"position\":3,\"name\":\"Paysafecard eSport Wetten Zahlungsmethoden Review | Guide f\u00fcr eSport Wetten Einzahlung &amp; Auszahlung\"}]},{\"@type\":\"WebSite\",\"@id\":\"https:\/\/www.esports-betting.pro\/de\/#website\",\"url\":\"https:\/\/www.esports-betting.pro\/de\/\",\"name\":\"Esports Betting - DE\",\"description\":\"Just another Esports Betting Sites site\",\"potentialAction\":[{\"@type\":\"SearchAction\",\"target\":{\"@type\":\"EntryPoint\",\"urlTemplate\":\"https:\/\/www.esports-betting.pro\/de\/?s={search_term_string}\"},\"query-input\":\"required name=search_term_string\"}],\"inLanguage\":\"de-DE\"}]}<\/script>\n<!-- \/ Yoast SEO plugin. -->","yoast_head_json":{"title":"Paysafecard eSports Betting Review | Zahlungsmittel Guide","description":"In unserem exklusiven Paysafecard eSport Wetten Review erf\u00e4hrt man mehr \u00fcber die Vor- und Nachteile dieser alternativen Zahlmethode f\u00fcr eSport Wetten!","robots":{"index":"index","follow":"follow","max-snippet":"max-snippet:-1","max-image-preview":"max-image-preview:large","max-video-preview":"max-video-preview:-1"},"canonical":"https:\/\/www.esports-betting.pro\/de\/zahlungsarten\/paysafecard-review\/","og_locale":"de_DE","og_type":"article","og_title":"Paysafecard eSports Betting Review | Zahlungsmittel Guide","og_description":"In unserem exklusiven Paysafecard eSport Wetten Review erf\u00e4hrt man mehr \u00fcber die Vor- und Nachteile dieser alternativen Zahlmethode f\u00fcr eSport Wetten!","og_url":"https:\/\/www.esports-betting.pro\/de\/zahlungsarten\/paysafecard-review\/","og_site_name":"Esports Betting - DE","og_image":[{"url":"https:\/\/www.esports-betting.pro\/app\/uploads\/sites\/2\/Paysafecard-Zahlungsmethoden-Logo.png"}],"twitter_card":"summary_large_image","twitter_misc":{"Est. reading time":"4 Minuten"},"schema":{"@context":"https:\/\/schema.org","@graph":[{"@type":"WebPage","@id":"https:\/\/www.esports-betting.pro\/de\/zahlungsarten\/paysafecard-review\/","url":"https:\/\/www.esports-betting.pro\/de\/zahlungsarten\/paysafecard-review\/","name":"Paysafecard eSports Betting Review | Zahlungsmittel Guide","isPartOf":{"@id":"https:\/\/www.esports-betting.pro\/de\/#website"},"primaryImageOfPage":{"@id":"https:\/\/www.esports-betting.pro\/de\/zahlungsarten\/paysafecard-review\/#primaryimage"},"image":{"@id":"https:\/\/www.esports-betting.pro\/de\/zahlungsarten\/paysafecard-review\/#primaryimage"},"thumbnailUrl":"https:\/\/www.esports-betting.pro\/app\/uploads\/sites\/2\/Paysafecard-Zahlungsmethoden-Logo.png","datePublished":"2018-11-29T23:09:18+00:00","dateModified":"2018-11-29T23:09:18+00:00","description":"In unserem exklusiven Paysafecard eSport Wetten Review erf\u00e4hrt man mehr \u00fcber die Vor- und Nachteile dieser alternativen Zahlmethode f\u00fcr eSport Wetten!","breadcrumb":{"@id":"https:\/\/www.esports-betting.pro\/de\/zahlungsarten\/paysafecard-review\/#breadcrumb"},"inLanguage":"de-DE","potentialAction":[{"@type":"ReadAction","target":["https:\/\/www.esports-betting.pro\/de\/zahlungsarten\/paysafecard-review\/"]}]},{"@type":"ImageObject","inLanguage":"de-DE","@id":"https:\/\/www.esports-betting.pro\/de\/zahlungsarten\/paysafecard-review\/#primaryimage","url":"https:\/\/www.esports-betting.pro\/app\/uploads\/sites\/2\/Paysafecard-Zahlungsmethoden-Logo.png","contentUrl":"https:\/\/www.esports-betting.pro\/app\/uploads\/sites\/2\/Paysafecard-Zahlungsmethoden-Logo.png"},{"@type":"BreadcrumbList","@id":"https:\/\/www.esports-betting.pro\/de\/zahlungsarten\/paysafecard-review\/#breadcrumb","itemListElement":[{"@type":"ListItem","position":1,"name":"Home","item":"https:\/\/www.esports-betting.pro\/de\/"},{"@type":"ListItem","position":2,"name":"eSport Wetten Zahlungsmethoden Review | Guides f\u00fcr eSport Wetten Einzahlung &amp; Auszahlung","item":"https:\/\/www.esports-betting.pro\/de\/zahlungsarten\/"},{"@type":"ListItem","position":3,"name":"Paysafecard eSport Wetten Zahlungsmethoden Review | Guide f\u00fcr eSport Wetten Einzahlung &amp; Auszahlung"}]},{"@type":"WebSite","@id":"https:\/\/www.esports-betting.pro\/de\/#website","url":"https:\/\/www.esports-betting.pro\/de\/","name":"Esports Betting - DE","description":"Just another Esports Betting Sites site","potentialAction":[{"@type":"SearchAction","target":{"@type":"EntryPoint","urlTemplate":"https:\/\/www.esports-betting.pro\/de\/?s={search_term_string}"},"query-input":"required name=search_term_string"}],"inLanguage":"de-DE"}]}},"_links":{"self":[{"href":"https:\/\/www.esports-betting.pro\/de\/wp-json\/wp\/v2\/pages\/29480"}],"collection":[{"href":"https:\/\/www.esports-betting.pro\/de\/wp-json\/wp\/v2\/pages"}],"about":[{"href":"https:\/\/www.esports-betting.pro\/de\/wp-json\/wp\/v2\/types\/page"}],"author":[{"embeddable":true,"href":"https:\/\/www.esports-betting.pro\/de\/wp-json\/wp\/v2\/users\/24"}],"replies":[{"embeddable":true,"href":"https:\/\/www.esports-betting.pro\/de\/wp-json\/wp\/v2\/comments?post=29480"}],"version-history":[{"count":0,"href":"https:\/\/www.esports-betting.pro\/de\/wp-json\/wp\/v2\/pages\/29480\/revisions"}],"up":[{"embeddable":true,"href":"https:\/\/www.esports-betting.pro\/de\/wp-json\/wp\/v2\/pages\/29798"}],"wp:attachment":[{"href":"https:\/\/www.esports-betting.pro\/de\/wp-json\/wp\/v2\/media?parent=29480"}],"curies":[{"name":"wp","href":"https:\/\/api.w.org\/{rel}","templated":true}]}}