{"id":29477,"date":"2018-11-30T00:16:57","date_gmt":"2018-11-29T23:16:57","guid":{"rendered":"https:\/\/www.esports-betting.pro\/de\/?page_id=29477"},"modified":"2022-09-12T09:42:19","modified_gmt":"2022-09-12T09:42:19","slug":"kreditkarten-review","status":"publish","type":"page","link":"https:\/\/www.esports-betting.pro\/de\/zahlungsarten\/kreditkarten-review\/","title":{"rendered":"Kreditkarten &amp; EC-Karten eSport Wetten Zahlungsart Review | Guide f\u00fcr eSport Wetten Einzahlung &amp; Auszahlung"},"content":{"rendered":"<p style=\"text-align: justify\"><img loading=\"lazy\" decoding=\"async\" class=\"size-full wp-image-29868 alignright\" src=\"https:\/\/www.esports-betting.pro\/app\/uploads\/sites\/2\/Kreditkarten-Zahlungsmethoden-Logo.png\" alt=\"Kreditkarten Zahlungsmethoden Logo\" width=\"150\" height=\"150\" \/>Im folgenden Kreditkarten & EC-Karten eSport Wetten <a href=\"https:\/\/www.esports-betting.pro\/de\/zahlungsarten\/\">Zahlungsart<\/a> Review nehmen wir die weltweit wohl h\u00e4ufigst genutzten Zahlmethoden unter die Lupe und checken ihre \u201eviability\u201c f\u00fcr die gro\u00dfen <a href=\"https:\/\/www.esports-betting.pro\/de\/buchmacher-wettanbieter\/\">eSport Wettseiten<\/a>. Wie immer gibt es auch einen kleinen Exkurs \u00fcber Kreditkarten im Allgemeinen. Die zwei bekanntesten Anbieter sind nach wie vor: MasterCard und Visa, wobei erstere vor Allem im Europ\u00e4ischen Raum Platzhalter ist. Zusammen mit den weniger verbreiteten Anbietern Diners und American Express, teilen sich die vier Betreiber den gesamten Europ\u00e4ischen Markt untereinander auf. Nicht zu verwechseln ist eine Kreditkarte mit einer Debitkarte, die uns in Deutschland als EC-Karte (seit 2007 Girokarte genannt) gel\u00e4ufig ist. Viel Spa\u00df beim Lesen unseres Reviews!<\/p>\n<p style=\"text-align: justify\">Ein Leben ohne Kreditkarten w\u00e4re gar nicht mehr vorstellbar, da sie st\u00e4ndiger Begleiter aller sch\u00f6nen Lebenssituationen sind \u2013 das suggerieren uns die polierten Werbungen der Kreditkartenbetreiber. Bereits 33% der Deutschen haben eine Kreditkarte und das mit j\u00e4hrlich steigender Tendenz. Im US-Amerikanischen Raum liegen die Zahlen deutlich h\u00f6her, da wir die heutige Kreditkarte auch der amerikanischen Konsumgesellschaft verdanken. \u201eJetzt bekommen, sp\u00e4ter zahlen\u201c lautet seit Anfang des 20. Jahrhunderts das Motto der Kreditkarten. Tats\u00e4chlich w\u00fcrde ein Verschwinden von heute auf morgen, den Einzelhandel in den USA wohl implodieren lassen. Im Deutschsprachigen Raum werden Debit-Karten den Kreditkarten bevorzugt, wobei Debit (von debitiert=belastet) f\u00fcr eine zeitnahe Abbuchung der aufgewendeten Summe steht. Weiterhin bieten unsere Banken aber auch Prepaid-Kreditkarten an, die eine \u00e4hnliche Funktion wie eine EC-Karte (ohne Dispositions-Kredit) haben und nur f\u00fcr die zuvor aufgeladene Summe belastet werden k\u00f6nnen.<\/p>\n<p style=\"text-align: justify\">In der Recherche f\u00fcr den Kreditkarten & EC-Karten <a href=\"https:\/\/www.esports-betting.pro\/de\/\">eSport Wetten<\/a> Zahlungsart Review haben wir uns auch mit der Sicherheit dieses Bezahlsystems befasst und sind auf Cyber-Crime Sch\u00e4den in Milliardenh\u00f6he gesto\u00dfen. Dieses macht allerdings einen verschwindend geringen Teil aus, wenn man die Schadenssumme mit dem Gesamthandelsvolumen dieses Bezahlsystems vergleicht. Au\u00dferdem kommen die Banken f\u00fcr alle nicht grob fahrl\u00e4ssig verschuldeten Sch\u00e4den auf, sodass das System als sehr sicher gilt.<\/p>\n<p style=\"text-align: center\">\/p><\/p>\n<h2>Kann man mit Kreditkarten & EC-Karten auf eSport Wetten setzen?<\/h2>\n<div class=\"title-line\">\n<div class=\"icon\"><\/div>\n<div class=\"fullWidth-line\"><\/div>\n<\/div>\n<p style=\"text-align: justify\">Ja, selbstverst\u00e4ndlich ist eine Zahlung mit Kreditkarten & EC-Karten m\u00f6glich. Die bekanntesten, wie MasterCard, Visa, Girocard und Maestro sind bei allen Wettanbietern als Zahlungsmethode zugelassen. Auch Exoten unter den Kreditkarten, wie beispielsweise Skrill und UnionPay werden von einigen Wettanbietern akzeptiert. Einige neu aufkommende Wettseiten akzeptieren lediglich Kryptow\u00e4hrungen (siehe Bitcoin eSport Wetten Review), dieses wird aber explizit aufgef\u00fchrt und bleibt auch Markenzeichen der Seiten (z.B. NitrogenSports). Im Folgenden f\u00fchren wir einige bekannte Beispiele auf, die Zahlungen mit Kreditkarten & EC-Karten zulassen.<\/p>\n<h2>Bekannteste Wettanbieter die Kreditkartenzahlungen zulassen<\/h2>\n<p style=\"text-align: center\">\/p><\/p>\n<h2>Kreditkarten & EC-Karten eSport Wetten Zahlungsart Review | Wie steht es um die Kosteneffizienz?<\/h2>\n<div class=\"title-line\">\n<div class=\"icon\"><\/div>\n<div class=\"fullWidth-line\"><\/div>\n<\/div>\n<p style=\"text-align: justify\">Keines der Zahlungsmittel ist so effizient, wie die Kreditkarten & EC-Karten! Alle untersuchten Wettseitenbetreiber verlangen f\u00fcr diese Zahlmethoden keine Bearbeitungsgeb\u00fchr f\u00fcr die Ein- und Auszahlungsprozesse. Trotzdem gibt es zwei Punkte zu beachten: Der wichtigere Punkt von beiden ist die Gutschreibung des Gewinns (Auszahlung); Es kann bis zu 2-5 Werktage dauern, bis das Geld auf dem mit der Kreditkarte verkn\u00fcpften Konto als gutgeschrieben angezeigt wird. Manche Kreditkartenbetreiber verlangen jedoch Geld f\u00fcr eine Euro auf Euro Gutschreibung. Am besten erkundigt man sich in den Bankbedingungen seiner Hausbank f\u00fcr die Transaktionsgeb\u00fchren, um sich f\u00fcr eine Zahlungsmittel zu entscheiden.<\/p>\n<h2>Wie bereitet man eSport Wetten Zahlungen mit der Kreditkarte vor?<\/h2>\n<div class=\"title-line\">\n<div class=\"icon\"><\/div>\n<div class=\"fullWidth-line\"><\/div>\n<\/div>\n<p style=\"text-align: justify\">Im Deutschsprachigen Raum ist man am besten mit Mastercard oder Visa beraten, da beide auch abseits der eSport Wetten am meisten vom Einzelhandel akzeptiert sind. Im Folgenden einige Infos f\u00fcr diejenigen, die noch keine Kreditkarte haben und sich um eine interessieren:<\/p>\n<ol>\n<li style=\"text-align: justify\"><strong>Beantragen der Kreditkarte vom Bankinstitut seines Girokontos<\/strong><\/li>\n<\/ol>\n<p style=\"text-align: justify\">Wahrscheinlich hat die Bank sogar schon \u00f6fters Werbung in eigener Sache gemacht und wollte Sie f\u00fcr eine Kreditkarte gewinnen. Alle gro\u00dfen Banken bieten auch Kreditkarten neben dem Girokarten Service an. Am besten informiert man sich in seiner Bank, die auch das Girokonto bereitstellt, um die Kreditkartenkonditionen. Eine Kreditkarte setzt schon von der Natur der Sache eine Bonit\u00e4tspr\u00fcfung (also Kreditw\u00fcrdigkeit des Antragstellers) voraus, wie erw\u00e4hnt gibt es aber auch Prepaid Kreditkarten, die f\u00fcr eSport Wetten Nutzung in Frage kommen k\u00f6nnten und ohne Bonit\u00e4tspr\u00fcfung ausgestellt werden.<\/p>\n<ol style=\"text-align: justify\" start=\"2\">\n<li><strong>Verifizierung der Kreditkarten<\/strong><\/li>\n<\/ol>\n<p style=\"text-align: justify\">Bei pers\u00f6nlicher Bestellung in der Bank wird die Verifizierung direkt vor Ort vorgenommen und die Kreditkarte wird nach einigen Tagen zugeschickt. Getrennt von der Zusendung der Karte wird ebenfalls der Pincode auf dem Postweg zugesendet. F\u00fcr Online-K\u00e4ufe gibt es noch Zusatz-Sicherungen, wie z.B. von der Mastercard (das Mastercard Security System). Hier muss noch ein zus\u00e4tzliches Passwort angelegt werden, um K\u00e4ufe im Internet abzuwickeln. Es gibt aber auch die M\u00f6glichkeit, wie bei der Debitkarte das SIM-TAC Verfahren zu verwenden. Am besten informiert man sich auch rund um das Thema Sicherheit direkt bei seinem Bankberater.<\/p>\n<ol style=\"text-align: justify\" start=\"3\">\n<li><strong>Einzahlungen auf das pers\u00f6nliche Wettkonto der Wettseiten <\/strong><\/li>\n<\/ol>\n<p style=\"text-align: justify\">Die Einzahlung gestaltet sich als sehr einfacher Prozess und ist bei allen Wettanbietern in unserem Kreditkarten & EC-Karten eSport Wetten Zahlungsart Review geb\u00fchrenfrei. Vorteil der Kreditkarten ist der gleiche wie auch von EC-Karten &#8211; ein z\u00fcgiger Geldtransfer. In Deutschland kennen es viele unter dem Namen \u201eSofort&#8221;-\u00dcberweisung und in \u00d6sterreich l\u00e4uft es unter dem Namen EPS-\u00dcberweisung (Electronic Payment Standard). Das gesetzte Geld wird sofort ausgewiesen und steht f\u00fcr Wetten zur Verf\u00fcgung.<\/p>\n<h2>Kann man mit Kreditkarten und EC-Karten Einzahlen und Auszahlen?<\/h2>\n<div class=\"title-line\">\n<div class=\"icon\"><\/div>\n<div class=\"fullWidth-line\"><\/div>\n<\/div>\n<p style=\"text-align: justify\">In unserem Kreditkarten & EC-Karten eSport Wetten Zahlungsart Review k\u00f6nnen wir f\u00fcr die popul\u00e4rste Zahlungsmethode\u00a0gr\u00fcnes Licht geben. Es kann ohne Mindestvolumen Gewinn ausgesch\u00fcttet, also ausgezahlt werden. Zu beachten gibt es lediglich, dass eine \u00dcberweisung auf die Kreditkarte einige Tage mehr braucht, da der Umweg \u00fcber die Kreditkartenbetreiber geht und erst dann das Geld auf das Girokonto gutgeschrieben werden kann. Das kann mitunter ein qu\u00e4lendes Warten auf den Wettgewinn bedeuten, aber Sorgen machen muss man sich nicht. Es ist nur eine Frage der Zeit, bis das Geld schlussendlich auf dem eigenen Kontoausz\u00fcgen landet.<\/p>\n<h2>Fazit Kreditkarten & EC-Karten eSport Wetten Zahlungsart Review<\/h2>\n<div class=\"title-line\">\n<div class=\"icon\"><\/div>\n<div class=\"fullWidth-line\"><\/div>\n<\/div>\n<p style=\"text-align: justify\">Das popul\u00e4rste Zahlungsmittel bleibt auch das unkomplizierteste. Es werden keinerlei Geb\u00fchren f\u00fcr jegliche Transaktionen erhoben, au\u00dferdem kann eine Gewinnaussch\u00fcttung ebenfalls problemlos und ohne Mindestbetrag beantragt werden. Wer allerdings ein Drittkonto als Gateway zwischen dem eigenen Bankkonto und dem der Buchmacher w\u00fcnscht, dem raten wir eine andere Bezahlmethode in Erw\u00e4gung zu ziehen.<\/p>\n","protected":false},"excerpt":{"rendered":"<p>Im folgenden Kreditkarten &#038; EC-Karten eSport Wetten Zahlungsart Review nehmen wir die weltweit wohl h\u00e4ufigst genutzten Zahlmethoden unter die Lupe und checken ihre \u201eviability\u201c f\u00fcr die gro\u00dfen eSport Wettseiten. Wie immer gibt es auch einen kleinen Exkurs \u00fcber Kreditkarten im Allgemeinen. Die zwei bekanntesten Anbieter sind nach wie vor: MasterCard und Visa, wobei erstere vor &hellip; <a href=\"https:\/\/www.esports-betting.pro\/de\/zahlungsarten\/kreditkarten-review\/\">Continued<\/a><\/p>\n","protected":false},"author":24,"featured_media":0,"parent":29798,"menu_order":0,"comment_status":"closed","ping_status":"closed","template":"","meta":{"_acf_changed":false,"footnotes":""},"acf":[],"yoast_head":"<!-- This site is optimized with the Yoast SEO plugin v22.6 - https:\/\/yoast.com\/wordpress\/plugins\/seo\/ -->\n<title>Kreditkarten &amp; EC-Karten eSport Wetten Zahlungsart Review und Guide<\/title>\n<meta name=\"description\" content=\"In unserem exklusiven Kreditkarten &amp; EC-Karten eSport Wetten Zahlungsart Review - erfahrt mehr \u00fcber die Vor- und Nachteilen f\u00fcr eSport Wetten!\" \/>\n<meta name=\"robots\" content=\"index, follow, max-snippet:-1, max-image-preview:large, max-video-preview:-1\" \/>\n<link rel=\"canonical\" href=\"https:\/\/www.esports-betting.pro\/de\/zahlungsarten\/kreditkarten-review\/\" \/>\n<meta property=\"og:locale\" content=\"de_DE\" \/>\n<meta property=\"og:type\" content=\"article\" \/>\n<meta property=\"og:title\" content=\"Kreditkarten &amp; EC-Karten eSport Wetten Zahlungsart Review und Guide\" \/>\n<meta property=\"og:description\" content=\"In unserem exklusiven Kreditkarten &amp; EC-Karten eSport Wetten Zahlungsart Review - erfahrt mehr \u00fcber die Vor- und Nachteilen f\u00fcr eSport Wetten!\" \/>\n<meta property=\"og:url\" content=\"https:\/\/www.esports-betting.pro\/de\/zahlungsarten\/kreditkarten-review\/\" \/>\n<meta property=\"og:site_name\" content=\"Esports Betting - DE\" \/>\n<meta property=\"article:modified_time\" content=\"2022-09-12T09:42:19+00:00\" \/>\n<meta property=\"og:image\" content=\"https:\/\/www.esports-betting.pro\/app\/uploads\/sites\/2\/Kreditkarten-Zahlungsmethoden-Logo.png\" \/>\n<meta name=\"twitter:card\" content=\"summary_large_image\" \/>\n<meta name=\"twitter:label1\" content=\"Est. reading time\" \/>\n\t<meta name=\"twitter:data1\" content=\"6 Minuten\" \/>\n<script type=\"application\/ld+json\" class=\"yoast-schema-graph\">{\"@context\":\"https:\/\/schema.org\",\"@graph\":[{\"@type\":\"WebPage\",\"@id\":\"https:\/\/www.esports-betting.pro\/de\/zahlungsarten\/kreditkarten-review\/\",\"url\":\"https:\/\/www.esports-betting.pro\/de\/zahlungsarten\/kreditkarten-review\/\",\"name\":\"Kreditkarten & EC-Karten eSport Wetten Zahlungsart Review und Guide\",\"isPartOf\":{\"@id\":\"https:\/\/www.esports-betting.pro\/de\/#website\"},\"primaryImageOfPage\":{\"@id\":\"https:\/\/www.esports-betting.pro\/de\/zahlungsarten\/kreditkarten-review\/#primaryimage\"},\"image\":{\"@id\":\"https:\/\/www.esports-betting.pro\/de\/zahlungsarten\/kreditkarten-review\/#primaryimage\"},\"thumbnailUrl\":\"https:\/\/www.esports-betting.pro\/app\/uploads\/sites\/2\/Kreditkarten-Zahlungsmethoden-Logo.png\",\"datePublished\":\"2018-11-29T23:16:57+00:00\",\"dateModified\":\"2022-09-12T09:42:19+00:00\",\"description\":\"In unserem exklusiven Kreditkarten & EC-Karten eSport Wetten Zahlungsart Review - erfahrt mehr \u00fcber die Vor- und Nachteilen f\u00fcr eSport Wetten!\",\"breadcrumb\":{\"@id\":\"https:\/\/www.esports-betting.pro\/de\/zahlungsarten\/kreditkarten-review\/#breadcrumb\"},\"inLanguage\":\"de-DE\",\"potentialAction\":[{\"@type\":\"ReadAction\",\"target\":[\"https:\/\/www.esports-betting.pro\/de\/zahlungsarten\/kreditkarten-review\/\"]}]},{\"@type\":\"ImageObject\",\"inLanguage\":\"de-DE\",\"@id\":\"https:\/\/www.esports-betting.pro\/de\/zahlungsarten\/kreditkarten-review\/#primaryimage\",\"url\":\"https:\/\/www.esports-betting.pro\/app\/uploads\/sites\/2\/Kreditkarten-Zahlungsmethoden-Logo.png\",\"contentUrl\":\"https:\/\/www.esports-betting.pro\/app\/uploads\/sites\/2\/Kreditkarten-Zahlungsmethoden-Logo.png\"},{\"@type\":\"BreadcrumbList\",\"@id\":\"https:\/\/www.esports-betting.pro\/de\/zahlungsarten\/kreditkarten-review\/#breadcrumb\",\"itemListElement\":[{\"@type\":\"ListItem\",\"position\":1,\"name\":\"Home\",\"item\":\"https:\/\/www.esports-betting.pro\/de\/\"},{\"@type\":\"ListItem\",\"position\":2,\"name\":\"eSport Wetten Zahlungsmethoden Review | Guides f\u00fcr eSport Wetten Einzahlung &amp; Auszahlung\",\"item\":\"https:\/\/www.esports-betting.pro\/de\/zahlungsarten\/\"},{\"@type\":\"ListItem\",\"position\":3,\"name\":\"Kreditkarten &amp; EC-Karten eSport Wetten Zahlungsart Review | Guide f\u00fcr eSport Wetten Einzahlung &amp; Auszahlung\"}]},{\"@type\":\"WebSite\",\"@id\":\"https:\/\/www.esports-betting.pro\/de\/#website\",\"url\":\"https:\/\/www.esports-betting.pro\/de\/\",\"name\":\"Esports Betting - DE\",\"description\":\"Just another Esports Betting Sites site\",\"potentialAction\":[{\"@type\":\"SearchAction\",\"target\":{\"@type\":\"EntryPoint\",\"urlTemplate\":\"https:\/\/www.esports-betting.pro\/de\/?s={search_term_string}\"},\"query-input\":\"required name=search_term_string\"}],\"inLanguage\":\"de-DE\"}]}<\/script>\n<!-- \/ Yoast SEO plugin. -->","yoast_head_json":{"title":"Kreditkarten & EC-Karten eSport Wetten Zahlungsart Review und Guide","description":"In unserem exklusiven Kreditkarten & EC-Karten eSport Wetten Zahlungsart Review - erfahrt mehr \u00fcber die Vor- und Nachteilen f\u00fcr eSport Wetten!","robots":{"index":"index","follow":"follow","max-snippet":"max-snippet:-1","max-image-preview":"max-image-preview:large","max-video-preview":"max-video-preview:-1"},"canonical":"https:\/\/www.esports-betting.pro\/de\/zahlungsarten\/kreditkarten-review\/","og_locale":"de_DE","og_type":"article","og_title":"Kreditkarten & EC-Karten eSport Wetten Zahlungsart Review und Guide","og_description":"In unserem exklusiven Kreditkarten & EC-Karten eSport Wetten Zahlungsart Review - erfahrt mehr \u00fcber die Vor- und Nachteilen f\u00fcr eSport Wetten!","og_url":"https:\/\/www.esports-betting.pro\/de\/zahlungsarten\/kreditkarten-review\/","og_site_name":"Esports Betting - DE","article_modified_time":"2022-09-12T09:42:19+00:00","og_image":[{"url":"https:\/\/www.esports-betting.pro\/app\/uploads\/sites\/2\/Kreditkarten-Zahlungsmethoden-Logo.png"}],"twitter_card":"summary_large_image","twitter_misc":{"Est. reading time":"6 Minuten"},"schema":{"@context":"https:\/\/schema.org","@graph":[{"@type":"WebPage","@id":"https:\/\/www.esports-betting.pro\/de\/zahlungsarten\/kreditkarten-review\/","url":"https:\/\/www.esports-betting.pro\/de\/zahlungsarten\/kreditkarten-review\/","name":"Kreditkarten & EC-Karten eSport Wetten Zahlungsart Review und Guide","isPartOf":{"@id":"https:\/\/www.esports-betting.pro\/de\/#website"},"primaryImageOfPage":{"@id":"https:\/\/www.esports-betting.pro\/de\/zahlungsarten\/kreditkarten-review\/#primaryimage"},"image":{"@id":"https:\/\/www.esports-betting.pro\/de\/zahlungsarten\/kreditkarten-review\/#primaryimage"},"thumbnailUrl":"https:\/\/www.esports-betting.pro\/app\/uploads\/sites\/2\/Kreditkarten-Zahlungsmethoden-Logo.png","datePublished":"2018-11-29T23:16:57+00:00","dateModified":"2022-09-12T09:42:19+00:00","description":"In unserem exklusiven Kreditkarten & EC-Karten eSport Wetten Zahlungsart Review - erfahrt mehr \u00fcber die Vor- und Nachteilen f\u00fcr eSport Wetten!","breadcrumb":{"@id":"https:\/\/www.esports-betting.pro\/de\/zahlungsarten\/kreditkarten-review\/#breadcrumb"},"inLanguage":"de-DE","potentialAction":[{"@type":"ReadAction","target":["https:\/\/www.esports-betting.pro\/de\/zahlungsarten\/kreditkarten-review\/"]}]},{"@type":"ImageObject","inLanguage":"de-DE","@id":"https:\/\/www.esports-betting.pro\/de\/zahlungsarten\/kreditkarten-review\/#primaryimage","url":"https:\/\/www.esports-betting.pro\/app\/uploads\/sites\/2\/Kreditkarten-Zahlungsmethoden-Logo.png","contentUrl":"https:\/\/www.esports-betting.pro\/app\/uploads\/sites\/2\/Kreditkarten-Zahlungsmethoden-Logo.png"},{"@type":"BreadcrumbList","@id":"https:\/\/www.esports-betting.pro\/de\/zahlungsarten\/kreditkarten-review\/#breadcrumb","itemListElement":[{"@type":"ListItem","position":1,"name":"Home","item":"https:\/\/www.esports-betting.pro\/de\/"},{"@type":"ListItem","position":2,"name":"eSport Wetten Zahlungsmethoden Review | Guides f\u00fcr eSport Wetten Einzahlung &amp; Auszahlung","item":"https:\/\/www.esports-betting.pro\/de\/zahlungsarten\/"},{"@type":"ListItem","position":3,"name":"Kreditkarten &amp; EC-Karten eSport Wetten Zahlungsart Review | Guide f\u00fcr eSport Wetten Einzahlung &amp; Auszahlung"}]},{"@type":"WebSite","@id":"https:\/\/www.esports-betting.pro\/de\/#website","url":"https:\/\/www.esports-betting.pro\/de\/","name":"Esports Betting - DE","description":"Just another Esports Betting Sites site","potentialAction":[{"@type":"SearchAction","target":{"@type":"EntryPoint","urlTemplate":"https:\/\/www.esports-betting.pro\/de\/?s={search_term_string}"},"query-input":"required name=search_term_string"}],"inLanguage":"de-DE"}]}},"_links":{"self":[{"href":"https:\/\/www.esports-betting.pro\/de\/wp-json\/wp\/v2\/pages\/29477"}],"collection":[{"href":"https:\/\/www.esports-betting.pro\/de\/wp-json\/wp\/v2\/pages"}],"about":[{"href":"https:\/\/www.esports-betting.pro\/de\/wp-json\/wp\/v2\/types\/page"}],"author":[{"embeddable":true,"href":"https:\/\/www.esports-betting.pro\/de\/wp-json\/wp\/v2\/users\/24"}],"replies":[{"embeddable":true,"href":"https:\/\/www.esports-betting.pro\/de\/wp-json\/wp\/v2\/comments?post=29477"}],"version-history":[{"count":2,"href":"https:\/\/www.esports-betting.pro\/de\/wp-json\/wp\/v2\/pages\/29477\/revisions"}],"predecessor-version":[{"id":52626,"href":"https:\/\/www.esports-betting.pro\/de\/wp-json\/wp\/v2\/pages\/29477\/revisions\/52626"}],"up":[{"embeddable":true,"href":"https:\/\/www.esports-betting.pro\/de\/wp-json\/wp\/v2\/pages\/29798"}],"wp:attachment":[{"href":"https:\/\/www.esports-betting.pro\/de\/wp-json\/wp\/v2\/media?parent=29477"}],"curies":[{"name":"wp","href":"https:\/\/api.w.org\/{rel}","templated":true}]}}