{"id":29470,"date":"2018-11-30T00:25:30","date_gmt":"2018-11-29T23:25:30","guid":{"rendered":"https:\/\/www.esports-betting.pro\/de\/?page_id=29470"},"modified":"2018-11-30T00:25:30","modified_gmt":"2018-11-29T23:25:30","slug":"bitcoin-review","status":"publish","type":"page","link":"https:\/\/www.esports-betting.pro\/de\/zahlungsarten\/bitcoin-review\/","title":{"rendered":"Bitcoin eSport Wetten Zahlungsmethoden Review | Guide f\u00fcr eSport Wetten Einzahlung &amp; Auszahlung"},"content":{"rendered":"<p style=\"text-align: justify\"><img loading=\"lazy\" decoding=\"async\" class=\"size-full wp-image-29876 alignright\" src=\"https:\/\/www.esports-betting.pro\/app\/uploads\/sites\/2\/Bitcoin-Cryptocurrency-Zahlungsmethoden-Logo.png\" alt=\"Bitcoin Cryptocurrency Zahlungsmethoden Logo\" width=\"150\" height=\"150\" \/>Der Bitcoin \u2013 die wohl mit Abstand meist diskutierteste \u201eBit-M\u00fcnze\u201c der letzten Jahre. Zuletzt z\u00e4hlte der Bitcoin f\u00fcr viele Interessenten nur noch als ein Investment, mit dem viel spekuliert werden konnte. Die Natur des Bitcoins ist aber eine andere, da er nicht umsonst auch Kryptow\u00e4hrung, oder auch Kryptogeld, genannt wird. Tats\u00e4chlich ist der Bitcoin ein Zahlungsmittel und Namensgeber des weltweit dezentralen Buchungssystem zugleich, mit dem in der Folge auch \u00dcberweisungen durchgef\u00fchrt werden k\u00f6nnen. Dies ist eines der vielen Gr\u00fcnde f\u00fcr seine aktuelle Popularit\u00e4t und auch der Grund, warum der Bitcoin als valide <a href=\"https:\/\/www.esports-betting.pro\/de\/zahlungsarten\/\">Zahlungsart<\/a> im Internet z\u00e4hlt. Daher wollen wir euch im Folgenden, das Zahlungsmittel Bitcoin vorstellen und versuchen viele der Unklarheiten in unserem Bitcoin <a href=\"https:\/\/www.esports-betting.pro\/de\/\">eSport Wetten<\/a> Zahlungsmethoden Review zu beseitigen. Am Anfang steht die gro\u00dfe Frage \u2013 was ist der Bitcoin?<\/p>\n<h2>Was ist der Bitcoin?<\/h2>\n<div class=\"title-line\">\n<div class=\"icon\"><\/div>\n<div class=\"fullWidth-line\"><\/div>\n<\/div>\n<p style=\"text-align: justify\">Zuerst einmal ist der Bitcoin ein digitales Zahlungsmittel und der Name des weltweit verwendbaren dezentralen Buchungssystem. Ein Bitcoin existiert dabei aber nur als digitale Identit\u00e4t einer Blockchain und hat keine materielle Existenz, wie ein Geldschein oder auch Gold. Eine Blockchain einfach erkl\u00e4rt, ist eine Reihung von Blocks, die alle wiederrum eine spezifische Hash-Sequenz (Zahlensequenz) aufweisen und miteinander in einer Reihe verbunden sind. Diese spezifischen Hash-Sequenzen m\u00fcssen in einem aufwendigen Try and Error Prozess \u201egemined\u201c werden; eine ungemeine Rechenleistung, die Gottseidank der Computer f\u00fcr uns \u00fcbernehmen kann. Trotzdem kann man Bitcoins besitzen (defacto gibt es also auch einen \u201eKontostand\u201c) und man kann mit dem Bitcoin auch \u00dcberweisungen t\u00e4tigen. Dabei ist ein weiterer Vorteil seine unangefochtene Sicherheit, da durch die dezentrale Kopien-Verteilung des Bitcoin Besitzes, eine F\u00e4lschung quasi unm\u00f6glich ist.<\/p>\n<p style=\"text-align: justify\">Weltweit liegen bei allen Nutzern Kopien der Bitcoins Identit\u00e4ten vor, sodass stets nur die originalen Sequenzen akzeptiert werden und gef\u00e4lschte oder manipulierte Codes sofort entlarvt werden. Dabei kann man nicht den Besitzer des Bitcoins sehen, sondern nur ob diese Bitcoin-Sequenz eine echte oder eine gef\u00e4lschte ist. Ideologisches Ziel der Bitcoin Bewegung ist es, auf Banken und Regierungen nicht mehr angewiesen zu sein, da das System von allen Nutzern und dem riesigen Netzwerk an Computern (mit dem Internet miteinander verbunden) von selbst funktioniert und sich selbst sch\u00fctzen kann. Im Folgenden schauen wir, ob der Bitcoin als Zahlungsmittel eingesetzt werden kann:<\/p>\n<h2>Mit dem Bitcoin eSport Wetten abschlie\u00dfen?<\/h2>\n<div class=\"title-line\">\n<div class=\"icon\"><\/div>\n<div class=\"fullWidth-line\"><\/div>\n<\/div>\n<p style=\"text-align: justify\">Ja\u2026 Man kann mit dem Bitcoin auch auf eSport Wetten setzen. Die Medien haben \u00fcber Jahre den Bitcoin als \u201eNerd-W\u00e4hrung\u201c abgestempelt und ihn zuletzt nur noch als Investmentm\u00f6glichkeit beleuchtet. Dabei ist der Bitcoin ein valide Zahlungsmethode und hat zuletzt auch seine starken Kursschwankungen \u00fcberwunden. Tats\u00e4chlich gestaltet sich der Bezahlprozess mit dem Bitcoin aber als einfacher, als vielleicht viele angenommen h\u00e4tten. Zurzeit lassen zwar nur einige, wenige Wettseitenbetreiber die Bitcoin eSport Wetten Zahlungsmethode zu, aber f\u00fcr die wenigen Beispiele gestaltet sich die Zahlung in unserem Test als sehr unkompliziert. Weiter im Text findet ihr sowohl die <a href=\"https:\/\/www.esports-betting.pro\/de\/buchmacher-wettanbieter\/\">Buchmacher<\/a>, die eine Zahlung zulassen, als auch eine detaillierte Beschreibung \u00fcber den Bezahlprozess.<\/p>\n<h2>Wie l\u00e4uft der Bezahlprozess mit dem Bitcoin im Detail?<\/h2>\n<div class=\"title-line\">\n<div class=\"icon\"><\/div>\n<div class=\"fullWidth-line\"><\/div>\n<\/div>\n<p style=\"text-align: justify\">Wie bereits erw\u00e4hnt, gestaltet sich der Prozess einfacher und unkomplizierter, als landl\u00e4ufig angenommen. Schon ein kleiner Besitz an Bitcoins reicht aus, um eine Wette zu platzieren. Diese Bitcoins sind in einem \u201eWallet\u201c gespeichert, ob offline oder online spielt dabei keine Rolle. M\u00f6chte man jetzt eine Wette bei einem Buchmacher abschlie\u00dfen, kann man wie gewohnt seine Auswahl treffen und w\u00e4hlt am Ende im Bezahlprozess den Bitcoin aus. Nun wird einem ebenfalls eine Wallet Adresse des Buchmachers angezeigt, auf die man die gew\u00fcnschte Summe (an Bitcoins) \u00fcberweisen muss. Gibt das Konto des Buchmachers gr\u00fcnes Licht zum Erhalt der Transaktion, gilt die Wette als abgeschlossen. Im Bezahlprozess gibt es nur kleine Unterschiede von Buchmacher zu Buchmacher und die hier vorgestellte Methode, trifft man am h\u00e4ufigsten an.<\/p>\n<h2>Beste eSport Buchmacher mit Bitcoin Bezahlfunktion<\/h2>\n<h3>NitrogenSports<\/h3>\n<p style=\"text-align: justify\">Vor Allem NitrogenSports sticht hier als positiv Beispiel f\u00fcr das untersuchte Kriterium hervor, da der Buchmacher sich auf Bitcoin Wetten spezialisiert hat und nur den Bitcoin als Zahlungsart zul\u00e4sst. Mit vielen Wettm\u00e4rkten und Quoten bieten sich folglich viele M\u00f6glichkeiten der Bitcoin eSport Wetten an. F\u00fcr mehr Information haben wir hier einen <em>in-depth NitrogenSports Review<\/em> vorbereitet!<\/p>\n<h3>Pinnacle<\/h3>\n<p style=\"text-align: justify\">Pinnacle gilt als einer der ersten Buchmacher und Wettseiten, die Bitcoin Transaktionen als Zahlungsmethode zugelassen haben. Der Wettanbieter akzeptiert, anders als NitrogenSports, aber auch konservative Zahlungsmethoden. Die Bitcoin Zahlung wird \u00fcber das BitPay Protokoll abgewickelt. F\u00fcr mehr Informationen verweisen wir euch gerne an unseren <em>Pinnacle Review<\/em>!<\/p>\n<p>Achtung Geheimtipp: Eine andere gute Alternative Bitcoins zum Zwecke von eSport Wetten einzusetzen, ist mithilfe des Neteller oder Skrill Accounts. Neteller und Skrill lassen n\u00e4mlich ihrerseits die pers\u00f6nlichen E-Wallets mit Bitcoins aufladen. Sobald die Coins gutgeschrieben sind, kann man auch schon seinen Einsatz setzen!<\/p>\n<h2>Bitcoin eSport Wetten Zahlungsart Review | Wie steht es um die Kosteneffizienz?<\/h2>\n<div class=\"title-line\">\n<div class=\"icon\"><\/div>\n<div class=\"fullWidth-line\"><\/div>\n<\/div>\n<p style=\"text-align: justify\">Eine sehr wichtige Frage dreht sich um die Effizienz des Zahlungsmittels Bitcoin. Dabei gibt es zwei Punkte zu beachten: Eine etwaige Geb\u00fchr der Buchmacher f\u00fcr Bitcoins und die sogenannte \u201eMiners-Fee\u201c. Die Bearbeitungs-Geb\u00fchren der Buchmacher gestaltete sich als \u00fcberraschend gering in unserem Guide und auch die Miners-Fee ist zur Zeit des Reviews (2018) drastisch gesunken. Eine Miners-Fee ist eine kleine Geb\u00fchr, die f\u00fcr jede Transaktion f\u00e4llig wird, da die Bitcoins einem neuen Besitzer gutgeschrieben werden m\u00fcssen. Zur Zeit des Bitcoin Goldrauschs (2016 und 2017) war die Geb\u00fchr exorbitant gestiegen (da Bitcoins weltweit wie verr\u00fcckt hin und her geschoben wurde). Zur Zeit ist die Transaktionssteuer aber wieder auf einem vertretbaren Niveau angekommen, sodass sich auch kleine Transaktionen wieder lohnen k\u00f6nnten. Abschlie\u00dfend k\u00f6nnen wir sagen, dass die Bitcoins als Zahlungsart kosteneffizient sind.<\/p>\n<h2>Wie kann man Bitcoins erwerben?<\/h2>\n<div class=\"title-line\">\n<div class=\"icon\"><\/div>\n<div class=\"fullWidth-line\"><\/div>\n<\/div>\n<p style=\"text-align: justify\">Keine Sorge an alle diejenigen, die noch keine Bitcoins besitzen &#8211; es ist sehr leicht, sich welche zu erwerben. Eine M\u00f6glichkeit ist sich selber auf diverse Foren im Internet zu begeben und sie dort aus erster Hand zu erwerben (Achtung: Zeitintensiv!). Eine andere M\u00f6glichkeit stellen die sogenannten \u201eBitcoin ATMs\u201c dar, die nach dem Kreditkartenprinzip eine Umrechnung von Fremdw\u00e4hrung gegen kleine Geb\u00fchr erm\u00f6glichen. F\u00fcr alle Einsteiger raten wir eher zu Letzterem, da hier gegen kleine Geb\u00fchr sich der Erwerb als deutlich leichter gestaltet. Jetzt braucht man nur noch ein Wallet, um diese zu speichern. Auch hier bietet das Web eine Vielzahl an M\u00f6glichkeiten, wobei die popul\u00e4rsten \u201eMyEtherWallet\u201c und \u201eJaxx\u201c sind. Unsere Empfehlung lautet, dass man sich einmal einen Anbieter heraussucht und dann bei ihm bleibt.<\/p>\n<h2>Mit dem Bitcoin eSport Wetten Einzahlung und Auszahlung?<\/h2>\n<div class=\"title-line\">\n<div class=\"icon\"><\/div>\n<div class=\"fullWidth-line\"><\/div>\n<\/div>\n<p style=\"text-align: justify\">Auch hier haben wir eine erfreuliche Nachricht in unserem Bitcoin eSport Wetten Review. F\u00fcr die untersuchten Buchmacher waren sowohl ein Einzahlung, als auch Auszahlung mit und auf Bitcoins m\u00f6glich. Der Wettgewinn wird also nicht in Euro oder andere W\u00e4hrungen umgerechnet und dann mit doppelten Bearbeitungsgeb\u00fchren ausgesch\u00fcttet. Wer eSport Wetten mit Bitcoins setzen m\u00f6chte, w\u00e4re also gut beraten, sich vorher um die Auszahlungs-Konditionen zu informieren, um keine b\u00f6se \u00dcberraschung zu erwarten. Langfristig erwarte ich aber f\u00fcr alle Buchmacher eine Umstellung auf Bitcoin Ein und Auszahlung, da es f\u00fcr beide Seiten deutlich einfacher wird in einer W\u00e4hrung zu transferieren.<\/p>\n<h2>Fazit Bitcoin eSport Wetten Review<\/h2>\n<div class=\"title-line\">\n<div class=\"icon\"><\/div>\n<div class=\"fullWidth-line\"><\/div>\n<\/div>\n<p style=\"text-align: justify\">Der Bitcoin hat sich in unserem Bitcoin eSport Wetten Review als valides Zahlungsmittel entpuppt, da vor Allem auch Auszahlungen in gleicher W\u00e4hrung bearbeitet werden k\u00f6nnen. Auch die vorgestellte \u201eMiners-Fee\u201c ist im laufenden Jahre wieder auf ein Tief gesunken und seit l\u00e4ngerem ist auch der Bitcoin Kurs im Allgemeinen auf stabilem Niveau geblieben. Interessierte Anf\u00e4nger sollten nicht davor zur\u00fcckschrecken, Bitcoins als Zahlungsmethode auszuprobieren. Die zwei vorgestellten Buchmacher behandeln den Bitcoin wie ein g\u00e4ngiges Zahlungsmittel.<\/p>\n","protected":false},"excerpt":{"rendered":"<p>Der Bitcoin \u2013 die wohl mit Abstand meist diskutierteste \u201eBit-M\u00fcnze\u201c der letzten Jahre. Zuletzt z\u00e4hlte der Bitcoin f\u00fcr viele Interessenten nur noch als ein Investment, mit dem viel spekuliert werden konnte. Die Natur des Bitcoins ist aber eine andere, da er nicht umsonst auch Kryptow\u00e4hrung, oder auch Kryptogeld, genannt wird. Tats\u00e4chlich ist der Bitcoin ein &hellip; <a href=\"https:\/\/www.esports-betting.pro\/de\/zahlungsarten\/bitcoin-review\/\">Continued<\/a><\/p>\n","protected":false},"author":24,"featured_media":0,"parent":29798,"menu_order":0,"comment_status":"closed","ping_status":"closed","template":"","meta":{"_acf_changed":false,"footnotes":""},"acf":[],"yoast_head":"<!-- This site is optimized with the Yoast SEO plugin v22.6 - https:\/\/yoast.com\/wordpress\/plugins\/seo\/ -->\n<title>Bitcoin eSport Wetten Zahlungsart Review | Alle Dekyrptischen Wett Tipps<\/title>\n<meta name=\"description\" content=\"Wie und Wo kann ich mit dem Bitcoin auf eSport Wetten setzen? Mehr Infos in unseren Bitcoin eSport Wetten Zahlungsmethoden Review!\" \/>\n<meta name=\"robots\" content=\"index, follow, max-snippet:-1, max-image-preview:large, max-video-preview:-1\" \/>\n<link rel=\"canonical\" href=\"https:\/\/www.esports-betting.pro\/de\/zahlungsarten\/bitcoin-review\/\" \/>\n<meta property=\"og:locale\" content=\"de_DE\" \/>\n<meta property=\"og:type\" content=\"article\" \/>\n<meta property=\"og:title\" content=\"Bitcoin eSport Wetten Zahlungsart Review | Alle Dekyrptischen Wett Tipps\" \/>\n<meta property=\"og:description\" content=\"Wie und Wo kann ich mit dem Bitcoin auf eSport Wetten setzen? Mehr Infos in unseren Bitcoin eSport Wetten Zahlungsmethoden Review!\" \/>\n<meta property=\"og:url\" content=\"https:\/\/www.esports-betting.pro\/de\/zahlungsarten\/bitcoin-review\/\" \/>\n<meta property=\"og:site_name\" content=\"Esports Betting - DE\" \/>\n<meta property=\"og:image\" content=\"https:\/\/www.esports-betting.pro\/app\/uploads\/sites\/2\/Bitcoin-Cryptocurrency-Zahlungsmethoden-Logo.png\" \/>\n<meta name=\"twitter:card\" content=\"summary_large_image\" \/>\n<meta name=\"twitter:label1\" content=\"Est. reading time\" \/>\n\t<meta name=\"twitter:data1\" content=\"6 Minuten\" \/>\n<script type=\"application\/ld+json\" class=\"yoast-schema-graph\">{\"@context\":\"https:\/\/schema.org\",\"@graph\":[{\"@type\":\"WebPage\",\"@id\":\"https:\/\/www.esports-betting.pro\/de\/zahlungsarten\/bitcoin-review\/\",\"url\":\"https:\/\/www.esports-betting.pro\/de\/zahlungsarten\/bitcoin-review\/\",\"name\":\"Bitcoin eSport Wetten Zahlungsart Review | Alle Dekyrptischen Wett Tipps\",\"isPartOf\":{\"@id\":\"https:\/\/www.esports-betting.pro\/de\/#website\"},\"primaryImageOfPage\":{\"@id\":\"https:\/\/www.esports-betting.pro\/de\/zahlungsarten\/bitcoin-review\/#primaryimage\"},\"image\":{\"@id\":\"https:\/\/www.esports-betting.pro\/de\/zahlungsarten\/bitcoin-review\/#primaryimage\"},\"thumbnailUrl\":\"https:\/\/www.esports-betting.pro\/app\/uploads\/sites\/2\/Bitcoin-Cryptocurrency-Zahlungsmethoden-Logo.png\",\"datePublished\":\"2018-11-29T23:25:30+00:00\",\"dateModified\":\"2018-11-29T23:25:30+00:00\",\"description\":\"Wie und Wo kann ich mit dem Bitcoin auf eSport Wetten setzen? Mehr Infos in unseren Bitcoin eSport Wetten Zahlungsmethoden Review!\",\"breadcrumb\":{\"@id\":\"https:\/\/www.esports-betting.pro\/de\/zahlungsarten\/bitcoin-review\/#breadcrumb\"},\"inLanguage\":\"de-DE\",\"potentialAction\":[{\"@type\":\"ReadAction\",\"target\":[\"https:\/\/www.esports-betting.pro\/de\/zahlungsarten\/bitcoin-review\/\"]}]},{\"@type\":\"ImageObject\",\"inLanguage\":\"de-DE\",\"@id\":\"https:\/\/www.esports-betting.pro\/de\/zahlungsarten\/bitcoin-review\/#primaryimage\",\"url\":\"https:\/\/www.esports-betting.pro\/app\/uploads\/sites\/2\/Bitcoin-Cryptocurrency-Zahlungsmethoden-Logo.png\",\"contentUrl\":\"https:\/\/www.esports-betting.pro\/app\/uploads\/sites\/2\/Bitcoin-Cryptocurrency-Zahlungsmethoden-Logo.png\"},{\"@type\":\"BreadcrumbList\",\"@id\":\"https:\/\/www.esports-betting.pro\/de\/zahlungsarten\/bitcoin-review\/#breadcrumb\",\"itemListElement\":[{\"@type\":\"ListItem\",\"position\":1,\"name\":\"Home\",\"item\":\"https:\/\/www.esports-betting.pro\/de\/\"},{\"@type\":\"ListItem\",\"position\":2,\"name\":\"eSport Wetten Zahlungsmethoden Review | Guides f\u00fcr eSport Wetten Einzahlung &amp; Auszahlung\",\"item\":\"https:\/\/www.esports-betting.pro\/de\/zahlungsarten\/\"},{\"@type\":\"ListItem\",\"position\":3,\"name\":\"Bitcoin eSport Wetten Zahlungsmethoden Review | Guide f\u00fcr eSport Wetten Einzahlung &amp; Auszahlung\"}]},{\"@type\":\"WebSite\",\"@id\":\"https:\/\/www.esports-betting.pro\/de\/#website\",\"url\":\"https:\/\/www.esports-betting.pro\/de\/\",\"name\":\"Esports Betting - DE\",\"description\":\"Just another Esports Betting Sites site\",\"potentialAction\":[{\"@type\":\"SearchAction\",\"target\":{\"@type\":\"EntryPoint\",\"urlTemplate\":\"https:\/\/www.esports-betting.pro\/de\/?s={search_term_string}\"},\"query-input\":\"required name=search_term_string\"}],\"inLanguage\":\"de-DE\"}]}<\/script>\n<!-- \/ Yoast SEO plugin. -->","yoast_head_json":{"title":"Bitcoin eSport Wetten Zahlungsart Review | Alle Dekyrptischen Wett Tipps","description":"Wie und Wo kann ich mit dem Bitcoin auf eSport Wetten setzen? Mehr Infos in unseren Bitcoin eSport Wetten Zahlungsmethoden Review!","robots":{"index":"index","follow":"follow","max-snippet":"max-snippet:-1","max-image-preview":"max-image-preview:large","max-video-preview":"max-video-preview:-1"},"canonical":"https:\/\/www.esports-betting.pro\/de\/zahlungsarten\/bitcoin-review\/","og_locale":"de_DE","og_type":"article","og_title":"Bitcoin eSport Wetten Zahlungsart Review | Alle Dekyrptischen Wett Tipps","og_description":"Wie und Wo kann ich mit dem Bitcoin auf eSport Wetten setzen? Mehr Infos in unseren Bitcoin eSport Wetten Zahlungsmethoden Review!","og_url":"https:\/\/www.esports-betting.pro\/de\/zahlungsarten\/bitcoin-review\/","og_site_name":"Esports Betting - DE","og_image":[{"url":"https:\/\/www.esports-betting.pro\/app\/uploads\/sites\/2\/Bitcoin-Cryptocurrency-Zahlungsmethoden-Logo.png"}],"twitter_card":"summary_large_image","twitter_misc":{"Est. reading time":"6 Minuten"},"schema":{"@context":"https:\/\/schema.org","@graph":[{"@type":"WebPage","@id":"https:\/\/www.esports-betting.pro\/de\/zahlungsarten\/bitcoin-review\/","url":"https:\/\/www.esports-betting.pro\/de\/zahlungsarten\/bitcoin-review\/","name":"Bitcoin eSport Wetten Zahlungsart Review | Alle Dekyrptischen Wett Tipps","isPartOf":{"@id":"https:\/\/www.esports-betting.pro\/de\/#website"},"primaryImageOfPage":{"@id":"https:\/\/www.esports-betting.pro\/de\/zahlungsarten\/bitcoin-review\/#primaryimage"},"image":{"@id":"https:\/\/www.esports-betting.pro\/de\/zahlungsarten\/bitcoin-review\/#primaryimage"},"thumbnailUrl":"https:\/\/www.esports-betting.pro\/app\/uploads\/sites\/2\/Bitcoin-Cryptocurrency-Zahlungsmethoden-Logo.png","datePublished":"2018-11-29T23:25:30+00:00","dateModified":"2018-11-29T23:25:30+00:00","description":"Wie und Wo kann ich mit dem Bitcoin auf eSport Wetten setzen? Mehr Infos in unseren Bitcoin eSport Wetten Zahlungsmethoden Review!","breadcrumb":{"@id":"https:\/\/www.esports-betting.pro\/de\/zahlungsarten\/bitcoin-review\/#breadcrumb"},"inLanguage":"de-DE","potentialAction":[{"@type":"ReadAction","target":["https:\/\/www.esports-betting.pro\/de\/zahlungsarten\/bitcoin-review\/"]}]},{"@type":"ImageObject","inLanguage":"de-DE","@id":"https:\/\/www.esports-betting.pro\/de\/zahlungsarten\/bitcoin-review\/#primaryimage","url":"https:\/\/www.esports-betting.pro\/app\/uploads\/sites\/2\/Bitcoin-Cryptocurrency-Zahlungsmethoden-Logo.png","contentUrl":"https:\/\/www.esports-betting.pro\/app\/uploads\/sites\/2\/Bitcoin-Cryptocurrency-Zahlungsmethoden-Logo.png"},{"@type":"BreadcrumbList","@id":"https:\/\/www.esports-betting.pro\/de\/zahlungsarten\/bitcoin-review\/#breadcrumb","itemListElement":[{"@type":"ListItem","position":1,"name":"Home","item":"https:\/\/www.esports-betting.pro\/de\/"},{"@type":"ListItem","position":2,"name":"eSport Wetten Zahlungsmethoden Review | Guides f\u00fcr eSport Wetten Einzahlung &amp; Auszahlung","item":"https:\/\/www.esports-betting.pro\/de\/zahlungsarten\/"},{"@type":"ListItem","position":3,"name":"Bitcoin eSport Wetten Zahlungsmethoden Review | Guide f\u00fcr eSport Wetten Einzahlung &amp; Auszahlung"}]},{"@type":"WebSite","@id":"https:\/\/www.esports-betting.pro\/de\/#website","url":"https:\/\/www.esports-betting.pro\/de\/","name":"Esports Betting - DE","description":"Just another Esports Betting Sites site","potentialAction":[{"@type":"SearchAction","target":{"@type":"EntryPoint","urlTemplate":"https:\/\/www.esports-betting.pro\/de\/?s={search_term_string}"},"query-input":"required name=search_term_string"}],"inLanguage":"de-DE"}]}},"_links":{"self":[{"href":"https:\/\/www.esports-betting.pro\/de\/wp-json\/wp\/v2\/pages\/29470"}],"collection":[{"href":"https:\/\/www.esports-betting.pro\/de\/wp-json\/wp\/v2\/pages"}],"about":[{"href":"https:\/\/www.esports-betting.pro\/de\/wp-json\/wp\/v2\/types\/page"}],"author":[{"embeddable":true,"href":"https:\/\/www.esports-betting.pro\/de\/wp-json\/wp\/v2\/users\/24"}],"replies":[{"embeddable":true,"href":"https:\/\/www.esports-betting.pro\/de\/wp-json\/wp\/v2\/comments?post=29470"}],"version-history":[{"count":0,"href":"https:\/\/www.esports-betting.pro\/de\/wp-json\/wp\/v2\/pages\/29470\/revisions"}],"up":[{"embeddable":true,"href":"https:\/\/www.esports-betting.pro\/de\/wp-json\/wp\/v2\/pages\/29798"}],"wp:attachment":[{"href":"https:\/\/www.esports-betting.pro\/de\/wp-json\/wp\/v2\/media?parent=29470"}],"curies":[{"name":"wp","href":"https:\/\/api.w.org\/{rel}","templated":true}]}}