{"id":29464,"date":"2018-11-30T00:02:34","date_gmt":"2018-11-29T23:02:34","guid":{"rendered":"https:\/\/www.esports-betting.pro\/de\/?page_id=29464"},"modified":"2018-11-30T00:02:34","modified_gmt":"2018-11-29T23:02:34","slug":"neteller-review","status":"publish","type":"page","link":"https:\/\/www.esports-betting.pro\/de\/zahlungsarten\/neteller-review\/","title":{"rendered":"Neteller eSport Wetten Zahlungsmethoden Review | Guide f\u00fcr eSport Wetten Einzahlung &amp; Auszahlung"},"content":{"rendered":"<p style=\"text-align: justify\"><img loading=\"lazy\" decoding=\"async\" class=\"size-full wp-image-29860 alignright\" src=\"https:\/\/www.esports-betting.pro\/app\/uploads\/sites\/2\/Neteller-Zahlungsmethoden-Logo.png\" alt=\"Neteller Zahlungsmethoden Logo\" width=\"150\" height=\"150\" \/>Diesmal m\u00f6chten wir eine innovative, neue <a href=\"https:\/\/www.esports-betting.pro\/de\/zahlungsarten\/\">Zahlungsart<\/a> vorstellen, um auf eSport Wetten zu setzen. Sie h\u00f6rt auf dem Namen \u201eNeteller\u201c. Nach kurzer Recherche wird schnell klar, dass die Eltern von Neteller bereits viel Erfahrung in Online-Zahl Diensten haben. Neteller geh\u00f6rt n\u00e4mlich der Paysafe Group Limited an, die auch Skrill oder die Paysafecard entwickelt haben. Prinzipiell ist Neteller ein weiterer elektronischer Prepaid-Dienst, der ebenfalls f\u00fcr alle Online-K\u00e4ufe und Dienste angedacht ist. Dabei verspricht er, wie seine Vorg\u00e4nger schon, schnelle und sichere Transaktionen abwickeln zu k\u00f6nnen. In den letzten Jahren hat das Bezahlen mit Prepaid Guthabenkarten seine Renaissance durchlaufen, nicht zuletzt durch viele unsichere Konsumenten im deutschsprachigen Raum. In unserem heutigen Neteller <a href=\"https:\/\/www.esports-betting.pro\/de\/\">eSport Wetten<\/a> Zahlungsmethoden Review wollen wir alles zum Thema bezahlen, mit dieser neuen (alten) Zahlungsmethode vorstellen. Au\u00dferdem \u00fcberpr\u00fcfen wir Neteller auf Herz und Nieren, um seine \u201eviability\u201c als Zahlungsmethode f\u00fcr eSport Wetten zu bestimmen. Im Folgenden auch die alles entscheidende Frage &#8211; kann man mit Neteller auf eSport Wetten setzen?<\/p>\n<h2>Kann man mit Neteller auf eSport Wetten setzen?<\/h2>\n<div class=\"title-line\">\n<div class=\"icon\"><\/div>\n<div class=\"fullWidth-line\"><\/div>\n<\/div>\n<p style=\"text-align: justify\">Ja, selbstverst\u00e4ndlich kann man mit Neteller Guthaben auf eSport Wetten setzen. Immer mehr Buchmacher springen auf den Neteller Zug auf und nehmen Neteller in ihr Repertoire auf. Die online Guthabenkarte hat sich in den letzten Jahren ihre ganz spezielle Nische gesichert und dies mit speziellen Vorz\u00fcgen im Hinblick auf Wetten insbesondere. Neteller adressiert sich anders als die Paysafecard mehr an dynamische Transaktions-Nutzung, also kann Neteller sowohl f\u00fcr B\u00f6rsenpapiere, als auch f\u00fcr einfache Mikrotransaktionen f\u00fcr das Online Game der Wahl, oder eben auch eSport Wetten genutzt werden. In unserem Test hat die Mehrzahl der Buchmacher bereits den Neteller Service akzeptiert, hier allerdings unsere Top 5 der Buchmacher, die Netter als Zahlungsmethode akzeptieren:<\/p>\n<h2>Top 3 Buchmacher die Neteller als Zahlungsmethode akzeptieren<\/h2>\n<div class=\"title-line\">\n<div class=\"icon\"><\/div>\n<div class=\"fullWidth-line\"><\/div>\n<\/div>\n<h2>Neteller eSport Wetten Zahlungsmethode Review | Wie steht es um die Kosteneffizienz?<\/h2>\n<div class=\"title-line\">\n<div class=\"icon\"><\/div>\n<div class=\"fullWidth-line\"><\/div>\n<\/div>\n<p style=\"text-align: justify\">Neteller ist der \u00dcberflieger der Bezahlmethoden im Hinblick auf eSport Wetten. Der Hersteller verspricht keinerlei Geb\u00fchren bei Ein und Auszahlungen auf das Guthabenkonto. Au\u00dferdem verlaufen die Transaktionen in einer Sofort\u00fcberweisung, sodass die Guthaben (ob plus oder minus) augenblicklich bilanziert werden. Einzig die Auszahlung vom Neteller Konto auf das Hausbank Konto dauert ca. 1 Werktag, ist aber ebenfalls kostenlos. Dies gilt f\u00fcr den Euro, da in anderen W\u00e4hrungen und L\u00e4ndern die Bearbeitungszeit deutlich h\u00f6her ausfallen kann. Zusammenfassend kann man sagen, dass aus der Effizienzperspektive nicht viel Negatives gegen Neteller spricht.<\/p>\n<h2>Wie kann ich mit Neteller auf eSport Wetten setzen?<\/h2>\n<div class=\"title-line\">\n<div class=\"icon\"><\/div>\n<div class=\"fullWidth-line\"><\/div>\n<\/div>\n<p style=\"text-align: justify\">Sich f\u00fcr ein Neteller Kundenkonto zu registrieren ist schnell und unkompliziert F\u00fcr unseren Neteller eSport Wetten Zahlungsmethoden Review gehen wir hier die Anmeldung Schritt f\u00fcr Schritt durch, um alle Unklarheiten zu beseitigen.<\/p>\n<ol style=\"text-align: justify\">\n<li>Hier kommt man zur <a href=\"http:\/\/www.neteller.com\/\" target=\"_blank\" rel=\"noopener\">offiziellen Neteller Homepage<\/a>, in der man sich f\u00fcr ein Kundenkonto registrieren kann. Der Join-Button bringt einen zur Registrierungs-Seite.<\/li>\n<li>Im n\u00e4chsten Schritt muss sich jeder Nutzer verpflichtend einen Account erstellen, um den Service nutzen zu k\u00f6nnen.<\/li>\n<li>Im dritten Schritt hei\u00dft es Anmeldedaten eingeben und sich seine Neteller Secure ID an einem sicheren Ort aufbewahren.<\/li>\n<li>Die Anmeldung ist komplett. Nun kann man sich schon in seinen Neteller Account einloggen. Au\u00dferdem kann man bereits erstes Guthaben von seinem Bankkonto auf das Neteller Konto transferieren.<\/li>\n<li>Fertig! Der Account ist einsatzbereit und kann bereits auf den Seiten der Buchmacher unter Zahlungsmethoden eingesetzt werden. Wir w\u00fcnschen viel Erfolg bei der Ersten <a href=\"http:\/\/www.esports-betting.pro\/de\/\">eSport Wette<\/a>!<\/li>\n<\/ol>\n<p style=\"text-align: justify\">Anmerkung: Eine wichtige Anmerkung bezieht sich auf die geltenden Gesetze des jeweiligen Landes. Neteller wird den Nutzer fragen, ob er sein Guthaben f\u00fcr \u201eZwecke von Gl\u00fccksspiel\u201c einsetzen m\u00f6chte. Verneint man diese Funktion, kann das Guthaben (Geld) nicht f\u00fcr Wetten eingesetzt werden. Dies wird aber automatisch geschehen, daher muss man nicht selbstst\u00e4ndig t\u00e4tig werden und evtl. erscheint auch keine Notifikation (nach Land).<\/p>\n<h2>Neteller Einzahlung & Auszahlen? Ja, man kann!<\/h2>\n<div class=\"title-line\">\n<div class=\"icon\"><\/div>\n<div class=\"fullWidth-line\"><\/div>\n<\/div>\n<p style=\"text-align: justify\">Ja! Hier kommen die gro\u00dfen Vorz\u00fcge des innovativen Dienstes Neteller zum Tragen. Neteller ist in diesem Sinne ein voll funktionsf\u00e4higes Konto, auf das bilateral Eingezahlt werden kann, aber eben auch ausgezahlt werden kann (sprich eSport Wetten Auszahlung der Buchmacher). Au\u00dferdem kann man in der Folge das Geld auch auf sein eigenes Konto transferieren. Damit ist das Leistungsspektrum aber l\u00e4ngst noch nicht aufgebraucht, denn Neteller bietet au\u00dferdem ein Nutzer-Shifting an, in dem per E-Mail an andere Nutzer Neteller Guthaben verschickt werden kann. Was uns von esport-wetten.net positiv \u00fcberrascht hat, ist die neue Funktion einer Neteller-Kundenkarte. Sie kommt in Form einer Mastercard Kreditkarte, die prinzipiell mit denselben Funktionen wie eine Mastercard kommt. Einzig, dass man Geld von seinem Neteller Konto abhebt, anstatt vom eigenen Bankkonto. Wie bereits erw\u00e4hnt, scheint uns der einzige Nachteil, dass die Transaktion vom Neteller Konto auf das heimische Bankkonto 1-2. Werktage dauern k\u00f6nnen. Abschlie\u00dfend begeistert Neteller durch viele Vorz\u00fcge und vernachl\u00e4ssigbare Nachteile!<\/p>\n<h2>Fazit Neteller eSport Wetten Review<\/h2>\n<div class=\"title-line\">\n<div class=\"icon\"><\/div>\n<div class=\"fullWidth-line\"><\/div>\n<\/div>\n<p style=\"text-align: justify\">Neteller scheint alles zu vereinen, was man sich von einem Zahlungsmedium f\u00fcr eSport Wetten verspricht. Es steht als \u201eStrohmann\u201c zwischen dem eigenen Konto und dem der Buchmacher. Neteller ist sicher und es kann auch f\u00fcr eSport Wetten Auszahlung (also Gewinnaussch\u00fcttung) der Buchmacher verwendet werden. Die Redaktion von esport-wetten.net ist sich sicher, dass Neteller zur Zeit das beste Zahlungsmittel auf dem Markt ist und empfiehlt allen Lesern eine Nutzung zu erw\u00e4gen. Wir hoffen unser Neteller eSport Wetten Zahlungsmethoden Review hat euch gefallen!<\/p>\n","protected":false},"excerpt":{"rendered":"<p>Diesmal m\u00f6chten wir eine innovative, neue Zahlungsart vorstellen, um auf eSport Wetten zu setzen. Sie h\u00f6rt auf dem Namen \u201eNeteller\u201c. Nach kurzer Recherche wird schnell klar, dass die Eltern von Neteller bereits viel Erfahrung in Online-Zahl Diensten haben. Neteller geh\u00f6rt n\u00e4mlich der Paysafe Group Limited an, die auch Skrill oder die Paysafecard entwickelt haben. Prinzipiell &hellip; <a href=\"https:\/\/www.esports-betting.pro\/de\/zahlungsarten\/neteller-review\/\">Continued<\/a><\/p>\n","protected":false},"author":24,"featured_media":0,"parent":29798,"menu_order":0,"comment_status":"closed","ping_status":"closed","template":"","meta":{"_acf_changed":false,"footnotes":""},"acf":[],"yoast_head":"<!-- This site is optimized with the Yoast SEO plugin v22.6 - https:\/\/yoast.com\/wordpress\/plugins\/seo\/ -->\n<title>Neteller eSports Wetten Review | Zahlungsmittel Guide<\/title>\n<meta name=\"description\" content=\"Lest mehr in unserem Neteller eSport Wetten Review - wir informieren euch \u00fcber die neue innovative Methode f\u00fcr eSport Wetten zu bezahlen!\" \/>\n<meta name=\"robots\" content=\"index, follow, max-snippet:-1, max-image-preview:large, max-video-preview:-1\" \/>\n<link rel=\"canonical\" href=\"https:\/\/www.esports-betting.pro\/de\/zahlungsarten\/neteller-review\/\" \/>\n<meta property=\"og:locale\" content=\"de_DE\" \/>\n<meta property=\"og:type\" content=\"article\" \/>\n<meta property=\"og:title\" content=\"Neteller eSports Wetten Review | Zahlungsmittel Guide\" \/>\n<meta property=\"og:description\" content=\"Lest mehr in unserem Neteller eSport Wetten Review - wir informieren euch \u00fcber die neue innovative Methode f\u00fcr eSport Wetten zu bezahlen!\" \/>\n<meta property=\"og:url\" content=\"https:\/\/www.esports-betting.pro\/de\/zahlungsarten\/neteller-review\/\" \/>\n<meta property=\"og:site_name\" content=\"Esports Betting - DE\" \/>\n<meta property=\"og:image\" content=\"https:\/\/www.esports-betting.pro\/app\/uploads\/sites\/2\/Neteller-Zahlungsmethoden-Logo.png\" \/>\n<meta name=\"twitter:card\" content=\"summary_large_image\" \/>\n<meta name=\"twitter:label1\" content=\"Est. reading time\" \/>\n\t<meta name=\"twitter:data1\" content=\"5 Minuten\" \/>\n<script type=\"application\/ld+json\" class=\"yoast-schema-graph\">{\"@context\":\"https:\/\/schema.org\",\"@graph\":[{\"@type\":\"WebPage\",\"@id\":\"https:\/\/www.esports-betting.pro\/de\/zahlungsarten\/neteller-review\/\",\"url\":\"https:\/\/www.esports-betting.pro\/de\/zahlungsarten\/neteller-review\/\",\"name\":\"Neteller eSports Wetten Review | Zahlungsmittel Guide\",\"isPartOf\":{\"@id\":\"https:\/\/www.esports-betting.pro\/de\/#website\"},\"primaryImageOfPage\":{\"@id\":\"https:\/\/www.esports-betting.pro\/de\/zahlungsarten\/neteller-review\/#primaryimage\"},\"image\":{\"@id\":\"https:\/\/www.esports-betting.pro\/de\/zahlungsarten\/neteller-review\/#primaryimage\"},\"thumbnailUrl\":\"https:\/\/www.esports-betting.pro\/app\/uploads\/sites\/2\/Neteller-Zahlungsmethoden-Logo.png\",\"datePublished\":\"2018-11-29T23:02:34+00:00\",\"dateModified\":\"2018-11-29T23:02:34+00:00\",\"description\":\"Lest mehr in unserem Neteller eSport Wetten Review - wir informieren euch \u00fcber die neue innovative Methode f\u00fcr eSport Wetten zu bezahlen!\",\"breadcrumb\":{\"@id\":\"https:\/\/www.esports-betting.pro\/de\/zahlungsarten\/neteller-review\/#breadcrumb\"},\"inLanguage\":\"de-DE\",\"potentialAction\":[{\"@type\":\"ReadAction\",\"target\":[\"https:\/\/www.esports-betting.pro\/de\/zahlungsarten\/neteller-review\/\"]}]},{\"@type\":\"ImageObject\",\"inLanguage\":\"de-DE\",\"@id\":\"https:\/\/www.esports-betting.pro\/de\/zahlungsarten\/neteller-review\/#primaryimage\",\"url\":\"https:\/\/www.esports-betting.pro\/app\/uploads\/sites\/2\/Neteller-Zahlungsmethoden-Logo.png\",\"contentUrl\":\"https:\/\/www.esports-betting.pro\/app\/uploads\/sites\/2\/Neteller-Zahlungsmethoden-Logo.png\"},{\"@type\":\"BreadcrumbList\",\"@id\":\"https:\/\/www.esports-betting.pro\/de\/zahlungsarten\/neteller-review\/#breadcrumb\",\"itemListElement\":[{\"@type\":\"ListItem\",\"position\":1,\"name\":\"Home\",\"item\":\"https:\/\/www.esports-betting.pro\/de\/\"},{\"@type\":\"ListItem\",\"position\":2,\"name\":\"eSport Wetten Zahlungsmethoden Review | Guides f\u00fcr eSport Wetten Einzahlung &amp; Auszahlung\",\"item\":\"https:\/\/www.esports-betting.pro\/de\/zahlungsarten\/\"},{\"@type\":\"ListItem\",\"position\":3,\"name\":\"Neteller eSport Wetten Zahlungsmethoden Review | Guide f\u00fcr eSport Wetten Einzahlung &amp; Auszahlung\"}]},{\"@type\":\"WebSite\",\"@id\":\"https:\/\/www.esports-betting.pro\/de\/#website\",\"url\":\"https:\/\/www.esports-betting.pro\/de\/\",\"name\":\"Esports Betting - DE\",\"description\":\"Just another Esports Betting Sites site\",\"potentialAction\":[{\"@type\":\"SearchAction\",\"target\":{\"@type\":\"EntryPoint\",\"urlTemplate\":\"https:\/\/www.esports-betting.pro\/de\/?s={search_term_string}\"},\"query-input\":\"required name=search_term_string\"}],\"inLanguage\":\"de-DE\"}]}<\/script>\n<!-- \/ Yoast SEO plugin. -->","yoast_head_json":{"title":"Neteller eSports Wetten Review | Zahlungsmittel Guide","description":"Lest mehr in unserem Neteller eSport Wetten Review - wir informieren euch \u00fcber die neue innovative Methode f\u00fcr eSport Wetten zu bezahlen!","robots":{"index":"index","follow":"follow","max-snippet":"max-snippet:-1","max-image-preview":"max-image-preview:large","max-video-preview":"max-video-preview:-1"},"canonical":"https:\/\/www.esports-betting.pro\/de\/zahlungsarten\/neteller-review\/","og_locale":"de_DE","og_type":"article","og_title":"Neteller eSports Wetten Review | Zahlungsmittel Guide","og_description":"Lest mehr in unserem Neteller eSport Wetten Review - wir informieren euch \u00fcber die neue innovative Methode f\u00fcr eSport Wetten zu bezahlen!","og_url":"https:\/\/www.esports-betting.pro\/de\/zahlungsarten\/neteller-review\/","og_site_name":"Esports Betting - DE","og_image":[{"url":"https:\/\/www.esports-betting.pro\/app\/uploads\/sites\/2\/Neteller-Zahlungsmethoden-Logo.png"}],"twitter_card":"summary_large_image","twitter_misc":{"Est. reading time":"5 Minuten"},"schema":{"@context":"https:\/\/schema.org","@graph":[{"@type":"WebPage","@id":"https:\/\/www.esports-betting.pro\/de\/zahlungsarten\/neteller-review\/","url":"https:\/\/www.esports-betting.pro\/de\/zahlungsarten\/neteller-review\/","name":"Neteller eSports Wetten Review | Zahlungsmittel Guide","isPartOf":{"@id":"https:\/\/www.esports-betting.pro\/de\/#website"},"primaryImageOfPage":{"@id":"https:\/\/www.esports-betting.pro\/de\/zahlungsarten\/neteller-review\/#primaryimage"},"image":{"@id":"https:\/\/www.esports-betting.pro\/de\/zahlungsarten\/neteller-review\/#primaryimage"},"thumbnailUrl":"https:\/\/www.esports-betting.pro\/app\/uploads\/sites\/2\/Neteller-Zahlungsmethoden-Logo.png","datePublished":"2018-11-29T23:02:34+00:00","dateModified":"2018-11-29T23:02:34+00:00","description":"Lest mehr in unserem Neteller eSport Wetten Review - wir informieren euch \u00fcber die neue innovative Methode f\u00fcr eSport Wetten zu bezahlen!","breadcrumb":{"@id":"https:\/\/www.esports-betting.pro\/de\/zahlungsarten\/neteller-review\/#breadcrumb"},"inLanguage":"de-DE","potentialAction":[{"@type":"ReadAction","target":["https:\/\/www.esports-betting.pro\/de\/zahlungsarten\/neteller-review\/"]}]},{"@type":"ImageObject","inLanguage":"de-DE","@id":"https:\/\/www.esports-betting.pro\/de\/zahlungsarten\/neteller-review\/#primaryimage","url":"https:\/\/www.esports-betting.pro\/app\/uploads\/sites\/2\/Neteller-Zahlungsmethoden-Logo.png","contentUrl":"https:\/\/www.esports-betting.pro\/app\/uploads\/sites\/2\/Neteller-Zahlungsmethoden-Logo.png"},{"@type":"BreadcrumbList","@id":"https:\/\/www.esports-betting.pro\/de\/zahlungsarten\/neteller-review\/#breadcrumb","itemListElement":[{"@type":"ListItem","position":1,"name":"Home","item":"https:\/\/www.esports-betting.pro\/de\/"},{"@type":"ListItem","position":2,"name":"eSport Wetten Zahlungsmethoden Review | Guides f\u00fcr eSport Wetten Einzahlung &amp; Auszahlung","item":"https:\/\/www.esports-betting.pro\/de\/zahlungsarten\/"},{"@type":"ListItem","position":3,"name":"Neteller eSport Wetten Zahlungsmethoden Review | Guide f\u00fcr eSport Wetten Einzahlung &amp; Auszahlung"}]},{"@type":"WebSite","@id":"https:\/\/www.esports-betting.pro\/de\/#website","url":"https:\/\/www.esports-betting.pro\/de\/","name":"Esports Betting - DE","description":"Just another Esports Betting Sites site","potentialAction":[{"@type":"SearchAction","target":{"@type":"EntryPoint","urlTemplate":"https:\/\/www.esports-betting.pro\/de\/?s={search_term_string}"},"query-input":"required name=search_term_string"}],"inLanguage":"de-DE"}]}},"_links":{"self":[{"href":"https:\/\/www.esports-betting.pro\/de\/wp-json\/wp\/v2\/pages\/29464"}],"collection":[{"href":"https:\/\/www.esports-betting.pro\/de\/wp-json\/wp\/v2\/pages"}],"about":[{"href":"https:\/\/www.esports-betting.pro\/de\/wp-json\/wp\/v2\/types\/page"}],"author":[{"embeddable":true,"href":"https:\/\/www.esports-betting.pro\/de\/wp-json\/wp\/v2\/users\/24"}],"replies":[{"embeddable":true,"href":"https:\/\/www.esports-betting.pro\/de\/wp-json\/wp\/v2\/comments?post=29464"}],"version-history":[{"count":0,"href":"https:\/\/www.esports-betting.pro\/de\/wp-json\/wp\/v2\/pages\/29464\/revisions"}],"up":[{"embeddable":true,"href":"https:\/\/www.esports-betting.pro\/de\/wp-json\/wp\/v2\/pages\/29798"}],"wp:attachment":[{"href":"https:\/\/www.esports-betting.pro\/de\/wp-json\/wp\/v2\/media?parent=29464"}],"curies":[{"name":"wp","href":"https:\/\/api.w.org\/{rel}","templated":true}]}}