{"id":28627,"date":"2018-09-05T15:47:45","date_gmt":"2018-09-05T14:47:45","guid":{"rendered":"https:\/\/www.esports-betting.pro\/de\/?page_id=28627"},"modified":"2018-09-05T15:47:45","modified_gmt":"2018-09-05T14:47:45","slug":"faceit-major-london-2018","status":"publish","type":"page","link":"https:\/\/www.esports-betting.pro\/de\/csgo\/faceit-major-london-2018\/","title":{"rendered":"CS:GO FACEIT Major: London 2018"},"content":{"rendered":"<p><img loading=\"lazy\" decoding=\"async\" class=\"size-full wp-image-30828 aligncenter\" src=\"https:\/\/www.esports-betting.pro\/app\/uploads\/sites\/2\/counter-strike-global-offensive-banner.jpg\" alt=\"\" width=\"800\" height=\"170\" \/><\/p>\n<p style=\"text-align: justify\"><span>Es ist soweit. Am 5. September startet <\/span>in London das zweite Major Tournament des Jahres. Erstmalig ausgetragen von den Veranstalter-Urgesteinen FACEIT erwartet uns ein absolut erstklassiges<a href=\"http:\/\/www.esports-betting.pro\/de\/\"> Esport<\/a> Turnier, welches die <a href=\"http:\/\/www.esports-betting.pro\/de\/csgo\/\">CS:GO<\/a>-Szene f\u00fcr die folgenden Monate zu pr\u00e4gen verspricht. Alle Top-Teams sind vertreten, haben eine ausgiebige Sommerpause hinter sich und sind nach Dreamhack Stockholm bestens aufgew\u00e4rmt.\u00a0 Die relevanten Storylines sind kaum zu z\u00e4hlen, Astralis gelten trotz ihrer Finalniederlage in Stockholm wohl als Favoriten, North haben eben dort eine nie zuvor gesehene Klasse gezeigt, NaVi halten seit Wochen konstant eine Topform und mibr erleben nach ihren Personalwechseln einen vielversprechenden Aufschwung. Alles deutet auf ein unvergessliches Event hin, das sich kein Counter-Strike Fan entgehen lassen sollte. Weitere Infos zu Wetten und Quoten f\u00fcr das FACEIT Major London gibt es bei unseren <a href=\"https:\/\/www.esports-betting.pro\/de\/buchmacher-wettanbieter\/\">eSport Buchmachern<\/a><\/p>\n<p style=\"text-align: center\">\/p><\/p>\n<p style=\"text-align: center\">\/p><\/p>\n<h2>FACEIT Major: London 2018 | Fakten<\/h2>\n<ul>\n<li><span><strong>Datum: <\/strong>5. September &#8211; 23. September 2018<\/span><\/li>\n<li><strong>Ort:<\/strong>\u00a0London\n<ul>\n<li><strong>Gruppenphasen:\u00a0<\/strong>Twickenham Stadium<\/li>\n<li><strong>Playoffs:\u00a0<\/strong>SSE Arena, Wembley<\/li>\n<\/ul>\n<\/li>\n<li><strong>Preispool: <\/strong>$1.000.000<\/li>\n<li><strong>Teams:\u00a0<\/strong>24\n<ul>\n<li>fix qualifiziert:<strong>16<\/strong><\/li>\n<li>\u00fcber die Minors qualifiziert:<strong>8<\/strong><\/li>\n<\/ul>\n<\/li>\n<li><strong>Format:\u00a0<\/strong>\n<ul>\n<li><strong>New Challengers Stage\u00a0<\/strong>\n<ul>\n<li>16-Team Swiss System, 8 Teams steigen auf<\/li>\n<\/ul>\n<\/li>\n<li><strong>New Legends Stage\u00a0<\/strong>\n<ul>\n<li>16-Team Swiss System, 8 Teams steigen auf<\/li>\n<\/ul>\n<\/li>\n<li><strong>New Champions Stage\u00a0<\/strong>\n<ul>\n<li>8-Team Single-Elimination Bracket<\/li>\n<\/ul>\n<\/li>\n<\/ul>\n<\/li>\n<li><strong>Maps:\u00a0<\/strong>Mirage, Inferno, Overpass, Train, Dust 2, Cache, Nuke<\/li>\n<li>Wetten und Quoten f\u00fcr alle Matches verf\u00fcgbar<\/li>\n<\/ul>\n<h2>Format- Wie wird das FACEIT gespielt?<\/h2>\n<p><strong>Das Swiss System<\/strong><\/p>\n<p style=\"text-align: justify\">Wer in den letzten Jahren die Turnierszene beobachtet hat wird vermutlich mit dem Prinzip vertraut sein, trotzdem hier eine kurze Erkl\u00e4rung: Das Swiss System ist ein Format, das in Gruppenphasen angewandt wird, es eliminiert in 5 Runden die H\u00e4lfte des Feldes. In der ersten Runde werden zwischen den (in unserem Fall) 16 Teams 8 Bo1s gesetzt. Im weiteren Verlauf treffen immer nur Teams mit gleichem Win\/Loss-Ratio aufeinander, also in Runde 2 alle 1 &#8211; 0 Teams etc. Wer 3 Spiele gewinnen kann steigt auf, wer 3 verliert scheidet aus. Dabei k\u00f6nnen Teams in der gesamten Gruppenphase nur einmal aufeinander treffen. Die 3 Spiele in der 5ten und letzten Runde werden als Bo3 gespielt.<\/p>\n<ul>\n<li>Mit diesem Format k\u00e4mpfen in der <strong>New Challengers Stage<\/strong> die \u00fcber die Minors qualifizierten Teams und die Pl\u00e4tze 9-16 des letzten Majors um 8 Pl\u00e4tze in der n\u00e4chsten Phase.<\/li>\n<li>In der darauffolgende\u00a0<strong>New Legends Stage\u00a0<\/strong>spielen diese 8 Aufsteiger mit den ehemaligen Top 8 um die Pl\u00e4tze in den Playoffs.<\/li>\n<li>Die finale\u00a0<strong>New Champions Stage\u00a0<\/strong>wird als klassisches Single-Elimination Turnier mit Bo3s ausgetragen.<\/li>\n<\/ul>\n<h2>Teams | FACEIT Major London 2018<\/h2>\n<h3>The Current Legends- <strong>Top 8 aus dem ELEAGUE Major: Boston 2018<\/strong><\/h3>\n<table style=\"width: 100%\">\n<tbody>\n<tr>\n<td width=\"50%\"><img loading=\"lazy\" decoding=\"async\" class=\"size-full wp-image-27566 alignleft\" src=\"https:\/\/www.esports-betting.pro\/app\/uploads\/sites\/2\/Cloud9-Counter-Strike-Global-Offensive-CSGO-Team-Logo.png\" alt=\"Cloud9 Counter Strike Global Offensive CSGO Team Logo\" width=\"42\" height=\"42\" \/><strong>Cloud 9<br \/>\n<\/strong>Skadoodle, autimatic, RUSH, Golden, STYKO<\/td>\n<td width=\"50%\"><img loading=\"lazy\" decoding=\"async\" class=\"size-full wp-image-27568 alignleft\" src=\"https:\/\/www.esports-betting.pro\/app\/uploads\/sites\/2\/FaZe-Clan-Counter-Strike-Global-Offensive-CSGO-Team-Logo.png\" alt=\"FaZe Clan Counter Strike Global-Offensive-CSGO-Team-Logo\" width=\"42\" height=\"42\" \/><strong>FaZe Clan<br \/>\n<\/strong>rain, olofmeister, karrigan, NiKo, GuardiaN<\/td>\n<\/tr>\n<tr>\n<td><img loading=\"lazy\" decoding=\"async\" class=\"size-full wp-image-27567 alignleft\" src=\"https:\/\/www.esports-betting.pro\/app\/uploads\/sites\/2\/Natus-Vincere-Counter-Strike-Global-Offensive-CSGO-Team-Logo-1.png\" alt=\"Natus Vincere Counter Strike Global Offensive CSGO Team Logo\" width=\"42\" height=\"42\" \/><strong>Natus Vincere<br \/>\n<\/strong>s1mple, flamie, electronic, Zeus, Edward<\/td>\n<td><img loading=\"lazy\" decoding=\"async\" class=\"size-full wp-image-27228 alignleft\" src=\"https:\/\/www.esports-betting.pro\/app\/uploads\/sites\/2\/MIBR-Counter-Strike-Global-Offensive-CSGO-Team-Logo.png\" alt=\"MIBR Counter Strike Global-Offensive CSGO Team Logo\" width=\"42\" height=\"42\" \/><strong>mibr<br \/>\n<\/strong>FalleN, fer, coldzera, Stewie2K, tarik<\/td>\n<\/tr>\n<tr>\n<td><img loading=\"lazy\" decoding=\"async\" class=\"size-full wp-image-27569 alignleft\" src=\"https:\/\/www.esports-betting.pro\/app\/uploads\/sites\/2\/mousesports-Counter-Strike-Global-Offensive-CSGO-Team-Logo.png\" alt=\"mousesports Counter Strike Global Offensive CSGO Team Logo\" width=\"42\" height=\"42\" \/><strong>mousesports<br \/>\n<\/strong>chrisJ, oskar, suNny, ropz, Snax<\/td>\n<td><img loading=\"lazy\" decoding=\"async\" class=\"size-full wp-image-26713 alignleft\" src=\"https:\/\/www.esports-betting.pro\/app\/uploads\/sites\/2\/G2-Esports-Counter-Strike-Global-Offensive-CSGO-Team-Logo.jpg\" alt=\"G2 CS:GO Logo\" width=\"42\" height=\"42\" \/><strong>G2 Esports<br \/>\n<\/strong>shox, kennyS, bodyy, SmithZz, Ex6TenZ<\/td>\n<\/tr>\n<tr>\n<td><img loading=\"lazy\" decoding=\"async\" class=\"size-full wp-image-27570 alignleft\" src=\"https:\/\/www.esports-betting.pro\/app\/uploads\/sites\/2\/Fnatic-Counter-Strike-Global-Offensive-CSGO-Team-Logo.png\" alt=\"Fnatic Counter Strike Global Offensive CSGO Team Logo\" width=\"42\" height=\"42\" \/><strong>Fnatic<br \/>\n<\/strong>JW, flusha, KRIMZ, Xizt, draken<\/td>\n<td><img loading=\"lazy\" decoding=\"async\" class=\"size-full wp-image-28651 alignleft\" src=\"https:\/\/www.esports-betting.pro\/app\/uploads\/sites\/2\/Winstrike-Counter-Strike-Global-Offensive-CSGO-Team_Logo-e1536024979975.jpg\" alt=\"Winstrike Counter Strike Global Offensive CSGO Team Logo\" width=\"42\" height=\"42\" \/><strong>Winstrike Team<br \/>\n<\/strong>balblna, Kvik, jmqa, waterfaLLZ, Boombl4<\/td>\n<\/tr>\n<\/tbody>\n<\/table>\n<h2>The New Challengers<\/h2>\n<h3><strong>Pl\u00e4tze 9-16 aus dem ELEAGUE Major: Boston 2018<\/strong><\/h3>\n<table style=\"width: 100%\">\n<tbody>\n<tr>\n<td width=\"50%\"><img loading=\"lazy\" decoding=\"async\" class=\"size-full wp-image-27795 alignleft\" src=\"https:\/\/www.esports-betting.pro\/app\/uploads\/sites\/2\/Gambit-Counter-Strike-Global-Offensive-CSGO-Team-Logo-1.png\" alt=\"Gambit Counter Strike Global Offensive CSGO Team Logo\" width=\"42\" height=\"42\" \/><strong>Gambit Esports<br \/>\n<\/strong>Dosia, AdreN, mou, Hobbit, mir<\/td>\n<td width=\"50%\"><img loading=\"lazy\" decoding=\"async\" class=\"size-full wp-image-12657 alignleft\" src=\"https:\/\/www.esports-betting.pro\/app\/uploads\/sites\/2\/Vega-Squadron-CSGO-Team-Logo.jpg\" alt=\"vega squadron csgo team logo\" width=\"42\" height=\"42\" \/><strong>Vega Squadron<br \/>\n<\/strong>chopper, jR, hutji, crush, tonyblack<\/td>\n<\/tr>\n<tr>\n<td><img loading=\"lazy\" decoding=\"async\" class=\"size-full wp-image-26353 alignleft\" src=\"https:\/\/www.esports-betting.pro\/app\/uploads\/sites\/2\/Space-Soldiers-Counter-Strike-Global-Offensive-CSGO-Team-Logo.jpg\" alt=\"Space Soldiers Counter Strike Global Offensive CSGO Team Logo\" width=\"42\" height=\"42\" \/><strong>Space Soldiers<br \/>\n<\/strong>XANTARES, ngiN, paz, MAJ3R, Calyx<\/td>\n<td><img loading=\"lazy\" decoding=\"async\" class=\"size-full wp-image-18395 alignleft\" src=\"https:\/\/www.esports-betting.pro\/app\/uploads\/sites\/2\/BIG-logo-csgo.jpg\" alt=\"BIG LOGO CS:GO\" width=\"42\" height=\"42\" \/><strong>BIG<br \/>\n<\/strong>gob b, tabseN, nex, tiziaN, smooya<\/td>\n<\/tr>\n<tr>\n<td><img loading=\"lazy\" decoding=\"async\" class=\"size-full wp-image-27563 alignleft\" src=\"https:\/\/www.esports-betting.pro\/app\/uploads\/sites\/2\/Astralis-Counter-Strike-Global-Offensive-CSGO-Team-Logo.png\" alt=\"Astralis Counter Strike Global Offensive CSGO Team Logo\" width=\"42\" height=\"42\" \/><strong>Astralis<br \/>\n<\/strong>device, dupreeh, Xyp9x, gla1ve, Magisk<\/td>\n<td><img loading=\"lazy\" decoding=\"async\" class=\"size-full wp-image-27564 alignleft\" src=\"https:\/\/www.esports-betting.pro\/app\/uploads\/sites\/2\/Team-Liquid-Counter-Strike-Global-Offensive-CSGO-Team-Logo.png\" alt=\"Team Liquid Counter Strike Global Offensive CSGO Team Logo\" width=\"42\" height=\"42\" \/><strong>Team Liquid<br \/>\n<\/strong>nitr0, EliGE, Twistzz, NAF, TACO<\/td>\n<\/tr>\n<tr>\n<td><img loading=\"lazy\" decoding=\"async\" class=\"size-full wp-image-26917 alignleft\" src=\"https:\/\/www.esports-betting.pro\/app\/uploads\/sites\/2\/North-Counter-Strike-Global-Offensive-CSGO-Team-Logo.png\" alt=\"North Counter Strike Global Offensive CSGO Team Logo\" width=\"42\" height=\"42\" \/><strong>North<br \/>\n<\/strong>MSL, aizy, valde, Kjaerbye, niko<\/td>\n<td><img loading=\"lazy\" decoding=\"async\" class=\"size-full wp-image-27799 alignleft\" src=\"https:\/\/www.esports-betting.pro\/app\/uploads\/sites\/2\/VirtusPro-Counter-Strike-Global-Offensive-CSGO-Team-Logo-1.png\" alt=\"VirtusPro Counter Strike Global Offensive CSGO Team Logo\" width=\"42\" height=\"42\" \/><strong>Virtus.pro<br \/>\n<\/strong>NEO, pashaBiceps, byali, MICHU, snatchie<\/td>\n<\/tr>\n<\/tbody>\n<\/table>\n<p>&nbsp;<\/p>\n<h3><strong>Die Gewinner der regionalen Minors<\/strong><\/h3>\n<table style=\"width: 100%\">\n<tbody>\n<tr>\n<td width=\"50%\"><img loading=\"lazy\" decoding=\"async\" class=\"size-full wp-image-26879 alignleft\" src=\"https:\/\/www.esports-betting.pro\/app\/uploads\/sites\/2\/Ninjas-in-Pyjamas-Counter-Strike-Global-Offensive-CSGO-Team-Logo.png\" alt=\"Ninjas in Pyjamas Counter-Strike Global-Offensive CSGO Team Logo\" width=\"42\" height=\"42\" \/><strong>Ninjas in Pyjamas<br \/>\n<\/strong>f0rest, GeT_RiGhT, REZ, dennis, Lekr0<\/td>\n<td width=\"50%\"><img loading=\"lazy\" decoding=\"async\" class=\"size-full wp-image-26924 alignleft\" src=\"https:\/\/www.esports-betting.pro\/app\/uploads\/sites\/2\/compLexity-Gaming-Counter-Strike-Global-Offensive-CSGO-Team-Logo.png\" alt=\"compLexity Gaming Counter Strike Global Offensive CSGO Team Logo\" width=\"42\" height=\"42\" \/><strong>compLexity Gaming<br \/>\n<\/strong>dephh, ANDROID, yay, stanislaw, ShaZaM<\/td>\n<\/tr>\n<tr>\n<td><img loading=\"lazy\" decoding=\"async\" class=\"size-full wp-image-27796 alignleft\" src=\"https:\/\/www.esports-betting.pro\/app\/uploads\/sites\/2\/HellRaisers-Counter-Strike-Global-Offensive-CSGO-Team-Logo.png\" alt=\"HellRaisers Counter Strike Global Offensive CSGO Team Logo\" width=\"42\" height=\"42\" \/><strong>HellRaisers<br \/>\n<\/strong>ANGE1, bondik, DeadFox, woxic, ISSAA<\/td>\n<td><img loading=\"lazy\" decoding=\"async\" class=\"size-full wp-image-26921 alignleft\" src=\"https:\/\/www.esports-betting.pro\/app\/uploads\/sites\/2\/Renegades-Counter-Strike-Global-Offensive-CSGO-Team-Logo.png\" alt=\"Renegades Counter Strike Global Offensive CSGO Team Logo\" width=\"42\" height=\"42\" \/><strong>Renegades<br \/>\n<\/strong>AZR, jks, USTILO, Nifty, jkaem<\/td>\n<\/tr>\n<tr>\n<td><img loading=\"lazy\" decoding=\"async\" class=\"size-full wp-image-26923 alignleft\" src=\"https:\/\/www.esports-betting.pro\/app\/uploads\/sites\/2\/OpTic-Gaming-Counter-Strike-Global-Offensive-CSGO-Team-Logo.png\" alt=\"OpTic Gaming Counter Strike Global Offensiv CSGO Team Logo\" width=\"42\" height=\"42\" \/><strong>OpTic Gaming<br \/>\n<\/strong>k0nfig, cajunb, gade, Snappi, JUGi<\/td>\n<td><img loading=\"lazy\" decoding=\"async\" class=\"size-full wp-image-26687 alignleft\" src=\"https:\/\/www.esports-betting.pro\/app\/uploads\/sites\/2\/Rogue-Counter-Strike-Global-Offensive-CSGO-Team-Logo.jpg\" alt=\"Rogue Counter Strike Global Offensive-CSGO Team Logo\" width=\"42\" height=\"42\" \/><strong>Rogue<br \/>\n<\/strong>vice, Hiko, cadiaN, SicK, Rickeh<\/td>\n<\/tr>\n<tr>\n<td><img loading=\"lazy\" decoding=\"async\" class=\"size-full wp-image-12658 alignleft\" src=\"https:\/\/www.esports-betting.pro\/app\/uploads\/sites\/2\/Team-Spirit-CSGO-Team-Logo.jpg\" alt=\"Team Spirit CSGO Team Logo\" width=\"42\" height=\"42\" \/><strong>Team Spirit<br \/>\n<\/strong>COLDY, S0tF1k, DavCost, Dima, somedieyoung<\/td>\n<td><img loading=\"lazy\" decoding=\"async\" class=\"size-full wp-image-27798 alignleft\" src=\"https:\/\/www.esports-betting.pro\/app\/uploads\/sites\/2\/TyLoo-Counter-Strike-Global-Offensive-CSGO-Team-Logo-1.png\" alt=\"TyLoo Counter Strike Global Offensive CSGO Team Logo\" width=\"42\" height=\"42\" \/><strong>TyLoo<br \/>\n<\/strong>Mo, DD, somebody, BnTeT, xccurate<\/td>\n<\/tr>\n<\/tbody>\n<\/table>\n<h2><img loading=\"lazy\" decoding=\"async\" class=\"size-full wp-image-30831 aligncenter\" src=\"https:\/\/www.esports-betting.pro\/app\/uploads\/sites\/2\/counter-strike-global-offensive-banner3.jpg\" alt=\"\" width=\"800\" height=\"170\" \/><\/h2>\n<h2 style=\"width: 100%;overflow: auto\"><a id=\"wettquoten\"><\/a><img loading=\"lazy\" decoding=\"async\" class=\"size-full wp-image-8346a\" style=\"font-size: 16px\" src=\"https:\/\/www.esports-betting.pro\/app\/uploads\/sites\/2\/Counter-Strike-GO-Icon-Button.jpg\" alt=\"CSGO Icon\" width=\"20\" height=\"20\" \/>\u00a0FACEIT Major\u00a0Wettquoten<\/h2>\n<p style=\"text-align: justify\">F\u00fcr das FACEIT Major: London 2018 werden alle gro\u00dfen\u00a0<a href=\"https:\/\/www.esports-betting.pro\/de\/buchmacher-wettanbieter\/\">eSports Buchmacher<\/a>\u00a0umfangreiche Wettm\u00f6glichkeiten anbieten. Wer an Wetten\u00a0interessiert ist, wird vermutlich Schwierigkeiten haben, selbst eindeutige Favoriten auszumachen. Daher lohnt sich ein Blick auf die aktuellen\u00a0<a href=\"https:\/\/www.esports-betting.pro\/de\/csgo\/\">CS:GO Quoten<\/a>.<\/p>\n<p>Schaut hier f\u00fcr die aktuellen Quoten:<\/p>\n<p style=\"text-align: center\">\n<p style=\"text-align: center\">\n<h3><strong>Englischer Livestream 1:<\/strong><\/h3>\n<p><span style=\"width: 0px;overflow: hidden;line-height: 0\" data-mce-type=\"bookmark\" class=\"mce_SELRES_start\">\ufeff<\/span><\/p>\n<h3><strong>Deutscher Livestream:<\/strong><\/h3>\n<p><span style=\"width: 0px;overflow: hidden;line-height: 0\" data-mce-type=\"bookmark\" class=\"mce_SELRES_start\">\ufeff<\/span><\/p>\n","protected":false},"excerpt":{"rendered":"<p>Es ist soweit. Am 5. September startet in London das zweite Major Tournament des Jahres. Erstmalig ausgetragen von den Veranstalter-Urgesteinen FACEIT erwartet uns ein absolut erstklassiges Esport Turnier, welches die CS:GO-Szene f\u00fcr die folgenden Monate zu pr\u00e4gen verspricht. Alle Top-Teams sind vertreten, haben eine ausgiebige Sommerpause hinter sich und sind nach Dreamhack Stockholm bestens aufgew\u00e4rmt.\u00a0 &hellip; <a href=\"https:\/\/www.esports-betting.pro\/de\/csgo\/faceit-major-london-2018\/\">Continued<\/a><\/p>\n","protected":false},"author":24,"featured_media":0,"parent":2164,"menu_order":0,"comment_status":"closed","ping_status":"closed","template":"","meta":{"_acf_changed":false,"footnotes":""},"acf":[],"yoast_head":"<!-- This site is optimized with the Yoast SEO plugin v22.6 - https:\/\/yoast.com\/wordpress\/plugins\/seo\/ -->\n<title>FACEIT Major: London 2018 | Wettquoten und \u00dcbersicht<\/title>\n<meta name=\"description\" content=\"Alle Infos zum gr\u00f6\u00dften CS:GO Turnier des Jahres. Erfahre mehr \u00fcber Teams, Spieler, Format, Spielplan und Wettquoten zum FACEIT Major: London 2018.\" \/>\n<meta name=\"robots\" content=\"index, follow, max-snippet:-1, max-image-preview:large, max-video-preview:-1\" \/>\n<link rel=\"canonical\" href=\"https:\/\/www.esports-betting.pro\/de\/csgo\/faceit-major-london-2018\/\" \/>\n<meta property=\"og:locale\" content=\"de_DE\" \/>\n<meta property=\"og:type\" content=\"article\" \/>\n<meta property=\"og:title\" content=\"FACEIT Major: London 2018 | Wettquoten und \u00dcbersicht\" \/>\n<meta property=\"og:description\" content=\"Alle Infos zum gr\u00f6\u00dften CS:GO Turnier des Jahres. Erfahre mehr \u00fcber Teams, Spieler, Format, Spielplan und Wettquoten zum FACEIT Major: London 2018.\" \/>\n<meta property=\"og:url\" content=\"https:\/\/www.esports-betting.pro\/de\/csgo\/faceit-major-london-2018\/\" \/>\n<meta property=\"og:site_name\" content=\"Esports Betting - DE\" \/>\n<meta property=\"og:image\" content=\"https:\/\/www.esports-betting.pro\/app\/uploads\/sites\/2\/counter-strike-global-offensive-banner.jpg\" \/>\n<meta name=\"twitter:card\" content=\"summary_large_image\" \/>\n<meta name=\"twitter:label1\" content=\"Est. reading time\" \/>\n\t<meta name=\"twitter:data1\" content=\"3 Minuten\" \/>\n<script type=\"application\/ld+json\" class=\"yoast-schema-graph\">{\"@context\":\"https:\/\/schema.org\",\"@graph\":[{\"@type\":\"WebPage\",\"@id\":\"https:\/\/www.esports-betting.pro\/de\/csgo\/faceit-major-london-2018\/\",\"url\":\"https:\/\/www.esports-betting.pro\/de\/csgo\/faceit-major-london-2018\/\",\"name\":\"FACEIT Major: London 2018 | Wettquoten und \u00dcbersicht\",\"isPartOf\":{\"@id\":\"https:\/\/www.esports-betting.pro\/de\/#website\"},\"primaryImageOfPage\":{\"@id\":\"https:\/\/www.esports-betting.pro\/de\/csgo\/faceit-major-london-2018\/#primaryimage\"},\"image\":{\"@id\":\"https:\/\/www.esports-betting.pro\/de\/csgo\/faceit-major-london-2018\/#primaryimage\"},\"thumbnailUrl\":\"https:\/\/www.esports-betting.pro\/app\/uploads\/sites\/2\/counter-strike-global-offensive-banner.jpg\",\"datePublished\":\"2018-09-05T14:47:45+00:00\",\"dateModified\":\"2018-09-05T14:47:45+00:00\",\"description\":\"Alle Infos zum gr\u00f6\u00dften CS:GO Turnier des Jahres. Erfahre mehr \u00fcber Teams, Spieler, Format, Spielplan und Wettquoten zum FACEIT Major: London 2018.\",\"breadcrumb\":{\"@id\":\"https:\/\/www.esports-betting.pro\/de\/csgo\/faceit-major-london-2018\/#breadcrumb\"},\"inLanguage\":\"de-DE\",\"potentialAction\":[{\"@type\":\"ReadAction\",\"target\":[\"https:\/\/www.esports-betting.pro\/de\/csgo\/faceit-major-london-2018\/\"]}]},{\"@type\":\"ImageObject\",\"inLanguage\":\"de-DE\",\"@id\":\"https:\/\/www.esports-betting.pro\/de\/csgo\/faceit-major-london-2018\/#primaryimage\",\"url\":\"https:\/\/www.esports-betting.pro\/app\/uploads\/sites\/2\/counter-strike-global-offensive-banner.jpg\",\"contentUrl\":\"https:\/\/www.esports-betting.pro\/app\/uploads\/sites\/2\/counter-strike-global-offensive-banner.jpg\"},{\"@type\":\"BreadcrumbList\",\"@id\":\"https:\/\/www.esports-betting.pro\/de\/csgo\/faceit-major-london-2018\/#breadcrumb\",\"itemListElement\":[{\"@type\":\"ListItem\",\"position\":1,\"name\":\"Home\",\"item\":\"https:\/\/www.esports-betting.pro\/de\/\"},{\"@type\":\"ListItem\",\"position\":2,\"name\":\"CS:GO Wetten und Wettanbieter \u00dcbersicht\",\"item\":\"https:\/\/www.esports-betting.pro\/de\/csgo\/\"},{\"@type\":\"ListItem\",\"position\":3,\"name\":\"CS:GO FACEIT Major: London 2018\"}]},{\"@type\":\"WebSite\",\"@id\":\"https:\/\/www.esports-betting.pro\/de\/#website\",\"url\":\"https:\/\/www.esports-betting.pro\/de\/\",\"name\":\"Esports Betting - DE\",\"description\":\"Just another Esports Betting Sites site\",\"potentialAction\":[{\"@type\":\"SearchAction\",\"target\":{\"@type\":\"EntryPoint\",\"urlTemplate\":\"https:\/\/www.esports-betting.pro\/de\/?s={search_term_string}\"},\"query-input\":\"required name=search_term_string\"}],\"inLanguage\":\"de-DE\"}]}<\/script>\n<!-- \/ Yoast SEO plugin. -->","yoast_head_json":{"title":"FACEIT Major: London 2018 | Wettquoten und \u00dcbersicht","description":"Alle Infos zum gr\u00f6\u00dften CS:GO Turnier des Jahres. Erfahre mehr \u00fcber Teams, Spieler, Format, Spielplan und Wettquoten zum FACEIT Major: London 2018.","robots":{"index":"index","follow":"follow","max-snippet":"max-snippet:-1","max-image-preview":"max-image-preview:large","max-video-preview":"max-video-preview:-1"},"canonical":"https:\/\/www.esports-betting.pro\/de\/csgo\/faceit-major-london-2018\/","og_locale":"de_DE","og_type":"article","og_title":"FACEIT Major: London 2018 | Wettquoten und \u00dcbersicht","og_description":"Alle Infos zum gr\u00f6\u00dften CS:GO Turnier des Jahres. Erfahre mehr \u00fcber Teams, Spieler, Format, Spielplan und Wettquoten zum FACEIT Major: London 2018.","og_url":"https:\/\/www.esports-betting.pro\/de\/csgo\/faceit-major-london-2018\/","og_site_name":"Esports Betting - DE","og_image":[{"url":"https:\/\/www.esports-betting.pro\/app\/uploads\/sites\/2\/counter-strike-global-offensive-banner.jpg"}],"twitter_card":"summary_large_image","twitter_misc":{"Est. reading time":"3 Minuten"},"schema":{"@context":"https:\/\/schema.org","@graph":[{"@type":"WebPage","@id":"https:\/\/www.esports-betting.pro\/de\/csgo\/faceit-major-london-2018\/","url":"https:\/\/www.esports-betting.pro\/de\/csgo\/faceit-major-london-2018\/","name":"FACEIT Major: London 2018 | Wettquoten und \u00dcbersicht","isPartOf":{"@id":"https:\/\/www.esports-betting.pro\/de\/#website"},"primaryImageOfPage":{"@id":"https:\/\/www.esports-betting.pro\/de\/csgo\/faceit-major-london-2018\/#primaryimage"},"image":{"@id":"https:\/\/www.esports-betting.pro\/de\/csgo\/faceit-major-london-2018\/#primaryimage"},"thumbnailUrl":"https:\/\/www.esports-betting.pro\/app\/uploads\/sites\/2\/counter-strike-global-offensive-banner.jpg","datePublished":"2018-09-05T14:47:45+00:00","dateModified":"2018-09-05T14:47:45+00:00","description":"Alle Infos zum gr\u00f6\u00dften CS:GO Turnier des Jahres. Erfahre mehr \u00fcber Teams, Spieler, Format, Spielplan und Wettquoten zum FACEIT Major: London 2018.","breadcrumb":{"@id":"https:\/\/www.esports-betting.pro\/de\/csgo\/faceit-major-london-2018\/#breadcrumb"},"inLanguage":"de-DE","potentialAction":[{"@type":"ReadAction","target":["https:\/\/www.esports-betting.pro\/de\/csgo\/faceit-major-london-2018\/"]}]},{"@type":"ImageObject","inLanguage":"de-DE","@id":"https:\/\/www.esports-betting.pro\/de\/csgo\/faceit-major-london-2018\/#primaryimage","url":"https:\/\/www.esports-betting.pro\/app\/uploads\/sites\/2\/counter-strike-global-offensive-banner.jpg","contentUrl":"https:\/\/www.esports-betting.pro\/app\/uploads\/sites\/2\/counter-strike-global-offensive-banner.jpg"},{"@type":"BreadcrumbList","@id":"https:\/\/www.esports-betting.pro\/de\/csgo\/faceit-major-london-2018\/#breadcrumb","itemListElement":[{"@type":"ListItem","position":1,"name":"Home","item":"https:\/\/www.esports-betting.pro\/de\/"},{"@type":"ListItem","position":2,"name":"CS:GO Wetten und Wettanbieter \u00dcbersicht","item":"https:\/\/www.esports-betting.pro\/de\/csgo\/"},{"@type":"ListItem","position":3,"name":"CS:GO FACEIT Major: London 2018"}]},{"@type":"WebSite","@id":"https:\/\/www.esports-betting.pro\/de\/#website","url":"https:\/\/www.esports-betting.pro\/de\/","name":"Esports Betting - DE","description":"Just another Esports Betting Sites site","potentialAction":[{"@type":"SearchAction","target":{"@type":"EntryPoint","urlTemplate":"https:\/\/www.esports-betting.pro\/de\/?s={search_term_string}"},"query-input":"required name=search_term_string"}],"inLanguage":"de-DE"}]}},"_links":{"self":[{"href":"https:\/\/www.esports-betting.pro\/de\/wp-json\/wp\/v2\/pages\/28627"}],"collection":[{"href":"https:\/\/www.esports-betting.pro\/de\/wp-json\/wp\/v2\/pages"}],"about":[{"href":"https:\/\/www.esports-betting.pro\/de\/wp-json\/wp\/v2\/types\/page"}],"author":[{"embeddable":true,"href":"https:\/\/www.esports-betting.pro\/de\/wp-json\/wp\/v2\/users\/24"}],"replies":[{"embeddable":true,"href":"https:\/\/www.esports-betting.pro\/de\/wp-json\/wp\/v2\/comments?post=28627"}],"version-history":[{"count":0,"href":"https:\/\/www.esports-betting.pro\/de\/wp-json\/wp\/v2\/pages\/28627\/revisions"}],"up":[{"embeddable":true,"href":"https:\/\/www.esports-betting.pro\/de\/wp-json\/wp\/v2\/pages\/2164"}],"wp:attachment":[{"href":"https:\/\/www.esports-betting.pro\/de\/wp-json\/wp\/v2\/media?parent=28627"}],"curies":[{"name":"wp","href":"https:\/\/api.w.org\/{rel}","templated":true}]}}