{"id":28262,"date":"2018-08-08T10:39:35","date_gmt":"2018-08-08T09:39:35","guid":{"rendered":"https:\/\/www.esports-betting.pro\/de\/?page_id=28262"},"modified":"2024-02-22T11:30:04","modified_gmt":"2024-02-22T11:30:04","slug":"buchmacher-wettanbieter","status":"publish","type":"page","link":"https:\/\/www.esports-betting.pro\/de\/buchmacher-wettanbieter\/","title":{"rendered":"Esport Wettanbieter, Wettseiten und Buchmacher"},"content":{"rendered":"<hr \/>\n<p><img loading=\"lazy\" decoding=\"async\" class=\"wp-image-32194 aligncenter\" src=\"https:\/\/www.esports-betting.pro\/app\/uploads\/sites\/2\/esports-banner.jpg\" alt=\"\" width=\"648\" height=\"249\" \/><\/p>\n<hr \/>\n<p style=\"text-align: justify;\">Willkommen bei unserer Esport Buchmacher \/ Wettanbieter \u00dcbersicht! Wir freuen uns dir in dieser Kategorie unserer Webseite Buchmacher und Wettanbieter pr\u00e4sentieren zu d\u00fcrfen die Esport Wetten in ihr Wettprogramm aufgenommen haben. Da der Anteil der online Wettanbieter welche Wetten auf Esport wie <a href=\"http:\/\/www.esports-betting.pro\/de\/lol\/\">League of Legends<\/a> <a href=\"http:\/\/www.esports-betting.pro\/de\/lol\/\">(LoL)<\/a>, <a href=\"https:\/\/www.esports-betting.pro\/de\/dota2\/\">Dota 2<\/a>, <a href=\"https:\/\/www.esports-betting.pro\/de\/news\/starcraft-2\/\">StarCraft 2<\/a> und <a href=\"https:\/\/www.esports-betting.pro\/de\/csgo\/\">CS:GO<\/a><\/p>\n<p style=\"text-align: justify;\">f\u00fchren noch sehr gering ist, ist die Auswahl leider momentan noch etwas beschr\u00e4nkt. Wir bleiben aber am Ball um euch neue Anbieter die Esport entdeckt haben so schnell wie m\u00f6glich zu pr\u00e4sentieren! Dar\u00fcber hinaus haben wir uns jeden der Buchmacher genauer angesehen und euch eine kleine \u00dcbersicht \u00fcber das jeweilige Service, die Promotions und das Bonusangebot des jeweiligen Wettanbieters zusammengestellt.<\/p>\n<div style=\"height: 130px; text-align: center;\">\n<figure style=\"width: 100px\" class=\"wp-caption alignleft\"><a href=\"https:\/\/www.esports-betting.pro\/de\/buchmacher\/bet365\" target=\"_blank\" rel=\"noopener\"><img loading=\"lazy\" decoding=\"async\" style=\"margin-left: 10px; margin-right: 10px;\" src=\"https:\/\/www.esports-betting.pro\/app\/uploads\/sites\/2\/Bet365-Logo2.jpeg\" alt=\"Logo vom Esport Buchmacher Bet365\" width=\"100\" height=\"31\" \/><\/a><figcaption class=\"wp-caption-text\"><br \/><strong><a title=\"Bet365 Review\" href=\"https:\/\/www.esports-betting.pro\/de\/buchmacher-wettanbieter\/bet365-review\/\">Review<\/a><\/strong><br \/><strong><a href=\"https:\/\/www.esports-betting.pro\/de\/buchmacher\/bet365\" target=\"_blank\" rel=\"nofollow noopener\">zur Webseite<\/a><\/strong><\/figcaption><\/figure>\n<figure style=\"width: 100px\" class=\"wp-caption alignleft\"><a href=\"https:\/\/www.esports-betting.pro\/de\/buchmacher\/betway\" target=\"_blank\" rel=\"noopener\"><img loading=\"lazy\" decoding=\"async\" style=\"margin-left: 10px; margin-right: 10px;\" src=\"https:\/\/www.esports-betting.pro\/app\/uploads\/sites\/2\/2022\/08\/Betway-Logo-100x30-1.jpg\" alt=\"Logo vom Esport Wettanbieter Betway\" width=\"100\" height=\"31\" \/><\/a><figcaption class=\"wp-caption-text\"><br \/><strong><a title=\"Betway Review\" href=\"https:\/\/www.esports-betting.pro\/de\/buchmacher-wettanbieter\/betway-review\/\">Review<\/a><br \/><a href=\"https:\/\/esports.betway.com\/1030CSGO\/?s=37436&a=bwadid55664\" target=\"_blank\" rel=\"nofollow noopener\">zur Webseite<\/a><\/strong><\/figcaption><\/figure>\n<figure style=\"width: 100px\" class=\"wp-caption alignleft\"><a href=\"https:\/\/www.esports-betting.pro\/de\/buchmacher\/pinnacleesports\" target=\"_blank\" rel=\"noopener\"><img loading=\"lazy\" decoding=\"async\" style=\"margin-left: 10px; margin-right: 10px; margin-bottom: 30px;\" src=\"https:\/\/www.esports-betting.pro\/app\/uploads\/sites\/2\/Pinnacle-Sports-Logo.gif\" alt=\"Logo vom Esport Wettanbieter Pinnacle Sports\" width=\"100\" height=\"30\" \/><\/a><figcaption class=\"wp-caption-text\"><strong><a title=\"Esport Wetten bei Pinnacle Sports\" href=\"https:\/\/www.esports-betting.pro\/de\/buchmacher-wettanbieter\/pinnacle-review\/\">Review<\/a><\/strong><\/figcaption><\/figure>\n<\/div>\n<h2 style=\"clear: both;\">Esport Wettanbieter Kurz\u00fcbersicht<\/h2>\n<h3 style=\"text-align: left;\"><a href=\"https:\/\/www.esports-betting.pro\/de\/buchmacher\/bet365\" target=\"_blank\" rel=\"noopener\"><img loading=\"lazy\" decoding=\"async\" class=\"alignleft\" src=\"https:\/\/www.esports-betting.pro\/app\/uploads\/sites\/2\/Bet365-Logo2.jpeg\" alt=\"Logo vom Esport Buchmacher Bet365\" width=\"100\" height=\"31\" \/><\/a>Bet365<\/h3>\n<table style=\"width: 878px;\" border=\"0\" cellspacing=\"0\" cellpadding=\"0\">\n<colgroup>\n<col width=\"109\" \/>\n<col width=\"327\" \/>\n<col width=\"442\" \/> <\/colgroup>\n<tbody>\n<tr>\n<td width=\"109\" height=\"20\">Name:<\/td>\n<td width=\"327\">Bet365<\/td>\n<td rowspan=\"3\" width=\"442\"><a href=\"https:\/\/www.esports-betting.pro\/de\/buchmacher\/bet365\" target=\"_blank\" rel=\"nofollow noopener\"><img loading=\"lazy\" decoding=\"async\" class=\"aligncenter\" style=\"margin-left: 30px; margin-right: 30px;\" src=\"https:\/\/www.esports-betting.pro\/app\/uploads\/sites\/2\/Bet365-Logo.jpeg\" alt=\"Logo des Esport Wettanbieters Bet365 gross\" width=\"150\" height=\"150\" \/><\/a><\/td>\n<\/tr>\n<tr>\n<td height=\"20\">Bonus:<\/td>\n<td>Infos auf bet365.com*<\/td>\n<\/tr>\n<tr>\n<td height=\"20\">Esport Wetten:<\/td>\n<td><a href=\"https:\/\/www.esports-betting.pro\/de\/lol\/\">League of Legends<\/a><br class=\"none\" \/><a href=\"https:\/\/www.esports-betting.pro\/de\/dota2\/\">Dota 2<\/a><br class=\"none\" \/><a href=\"https:\/\/www.esports-betting.pro\/de\/starcraft-2\/\">Starcraft 2<\/a><br class=\"none\" \/><a href=\"https:\/\/www.esports-betting.pro\/de\/csgo\/\">CS:GO<\/a><br \/>\nund viele mehr<\/td>\n<\/tr>\n<\/tbody>\n<\/table>\n<p style=\"text-align: center;\"><span style=\"font-size: 18px;\"><a href=\"https:\/\/www.esports-betting.pro\/de\/buchmacher\/bet365\" target=\"_blank\" rel=\"nofollow noopener\"><br class=\"none\" \/>Zu den aktuellen Esport Wetten bei Bet365<\/a><\/span><\/p>\n<p style=\"text-align: justify;\"><strong>Buchmacher Info<\/strong>: Bet365 hat sich in den letzten Jahren zu einem der gr\u00f6\u00dften Anbieter von eSport Wetten entwickelt. Was das Wettangebot und auch die Esport-Quoten angeht, ist der Traditions-Buchmacher aus England auf jeden Fall top! F\u00fcr neue Spieler gibt es einen guten Willkommensbonus, und auch so werden laufend div. Promotions angeboten. F\u00fcr die wichtigsten eSport Wettm\u00e4rkte, wie etwa die League of Legends LCS (EU und NA) oder die Dota 2 Majors gibt es neben den Siegerquoten auch laufend Spezialwetten. Neben LoL und Dota gibt es auch ein gro\u00dfes Angebot an Wetten f\u00fcr CS:GO oder HOTS. Ein Blick lohnt sich auf alle F\u00e4lle! <a title=\"Bet365 eSports Wetten Review\" href=\"https:\/\/www.esports-betting.pro\/de\/buchmacher-wettanbieter\/bet365-review\/\">Mehr \u00fcber Bet365 in unserem Review<\/a><\/p>\n<h3><a href=\"https:\/\/www.esports-betting.pro\/de\/buchmacher\/pinnacleesports\" target=\"_blank\" rel=\"noopener\"><img loading=\"lazy\" decoding=\"async\" class=\"alignleft wp-image-1058 size-full\" src=\"https:\/\/www.esports-betting.pro\/app\/uploads\/sites\/2\/Pinnacle-Sports-Logo.gif\" alt=\"Logo vom Esport Wettanbieter Pinnacle Sports\" width=\"100\" height=\"30\" \/><\/a>Pinnacle Sports<\/h3>\n<p style=\"text-align: center;\"><span style=\"color: #ff0000;\"><strong>Seit M\u00e4rz 2016 nimmt Pinnacle keine Spieler aus Deutschland mehr an!<\/strong><\/span><\/p>\n<table style=\"width: 878px;\" border=\"0\" cellspacing=\"0\" cellpadding=\"0\">\n<colgroup>\n<col width=\"109\" \/>\n<col width=\"327\" \/>\n<col width=\"442\" \/> <\/colgroup>\n<tbody>\n<tr>\n<td width=\"109\" height=\"20\">Name:<\/td>\n<td width=\"327\">Pinnacle Sports<\/td>\n<td rowspan=\"6\" width=\"442\"><!-- End affiliate Code--><\/td>\n<\/tr>\n<tr>\n<td height=\"20\">Gegr\u00fcndet:<\/td>\n<td>1998<\/td>\n<\/tr>\n<tr>\n<td height=\"20\">Lizenz:<\/td>\n<td>Curacao<\/td>\n<\/tr>\n<tr>\n<td height=\"20\">Sitz:<\/td>\n<td>London UK \/ Curacao<\/td>\n<\/tr>\n<tr>\n<td height=\"20\">Bonus:<\/td>\n<td>Kein Bonus &#8211; daf\u00fcr die besten Quoten und die h\u00f6chste Auszahlungsquote im Buchmachervergleich!<\/td>\n<\/tr>\n<tr>\n<td height=\"20\">Esport Wetten:<\/td>\n<td><a href=\"https:\/\/www.esports-betting.pro\/de\/lol\/\">League of Legends<br class=\"none\" \/><\/a><a href=\"https:\/\/www.esports-betting.pro\/de\/dota2\/\">Dota 2<br class=\"none\" \/><\/a><a href=\"https:\/\/www.esports-betting.pro\/de\/starcraft-2\/\">Starcraft 2<\/a><\/td>\n<\/tr>\n<\/tbody>\n<\/table>\n<p style=\"text-align: justify;\"><strong>Buchmacher Info<\/strong>: Pinnacle r\u00fchmt sich damit die besten Quoten f\u00fcr Sportwetten und Esport Wetten im Internet anzubieten. Dies hat sich im langj\u00e4hrigen Test als zutreffend erwiesen! Dar\u00fcber hinaus bietet Pinnacle momentan die meisten Wetten auf Esport im Netz an. Ein Blick zahlt sich auf jeden Fall aus! Angeboten werden alle Spiele (EU und USA) aus der aktuellen League of Legends Championship Series von Season 3 und die Spiele der GIGABYTE StarsWar League und von NiceGameTV LoL Battle. Wetten auf Spiele der Dota 2 SEA League sind in Vorbereitung. (Das Spiel selbst befindet sich momentan noch in der Beta Phase). Von Starcraft 2 findet man Wetten f\u00fcr die Global Starcraft 2 League. Es besteht die M\u00f6glichkeit auf die einzelnen Ligaspiele oder auf den Gesamtsieger der ganzen Season Wetten zu platzieren. <a title=\"Pinnacle Sports Review\" href=\"https:\/\/www.esports-betting.pro\/de\/buchmacher-wettanbieter\/pinnacle-review\/\">Mehr \u00fcber Pinnacle in unserem Review<\/a><\/p>\n<p><em>Alle Angaben ohne Gew\u00e4hr! Bitte beachten Sie die in Ihrer Region geltenden Bestimmungen zum Thema Wetten und das vorgeschriebene Mindestalter!<br \/>\n*.) Es gelten die AGB<\/em><\/p>\n","protected":false},"excerpt":{"rendered":"<p>Willkommen bei unserer Esport Buchmacher \/ Wettanbieter \u00dcbersicht! Wir freuen uns dir in dieser Kategorie unserer Webseite Buchmacher und Wettanbieter pr\u00e4sentieren zu d\u00fcrfen die Esport Wetten in ihr Wettprogramm aufgenommen haben. Da der Anteil der online Wettanbieter welche Wetten auf Esport wie League of Legends (LoL), Dota 2, StarCraft 2 und CS:GO f\u00fchren noch sehr &hellip; <a href=\"https:\/\/www.esports-betting.pro\/de\/buchmacher-wettanbieter\/\">Continued<\/a><\/p>\n","protected":false},"author":24,"featured_media":0,"parent":0,"menu_order":0,"comment_status":"closed","ping_status":"closed","template":"","meta":{"_acf_changed":false,"footnotes":""},"acf":[],"yoast_head":"<!-- This site is optimized with the Yoast SEO plugin v22.6 - https:\/\/yoast.com\/wordpress\/plugins\/seo\/ -->\n<title>Esport Wettanbieter | Buchmacher f\u00fcr Wetten auf Esport<\/title>\n<meta name=\"description\" content=\"Buchmacher mit Esport Wetten im Wettangebot. Wettanbieter f\u00fcr League of Legends (LoL), Starcraft 2 und Dota 2 inklusive Bewertung und Infos.\" \/>\n<meta name=\"robots\" content=\"index, follow, max-snippet:-1, max-image-preview:large, max-video-preview:-1\" \/>\n<link rel=\"canonical\" href=\"https:\/\/www.esports-betting.pro\/de\/buchmacher-wettanbieter\/\" \/>\n<meta property=\"og:locale\" content=\"de_DE\" \/>\n<meta property=\"og:type\" content=\"article\" \/>\n<meta property=\"og:title\" content=\"Esport Wettanbieter | Buchmacher f\u00fcr Wetten auf Esport\" \/>\n<meta property=\"og:description\" content=\"Buchmacher mit Esport Wetten im Wettangebot. Wettanbieter f\u00fcr League of Legends (LoL), Starcraft 2 und Dota 2 inklusive Bewertung und Infos.\" \/>\n<meta property=\"og:url\" content=\"https:\/\/www.esports-betting.pro\/de\/buchmacher-wettanbieter\/\" \/>\n<meta property=\"og:site_name\" content=\"Esports Betting - DE\" \/>\n<meta property=\"article:modified_time\" content=\"2024-02-22T11:30:04+00:00\" \/>\n<meta property=\"og:image\" content=\"https:\/\/www.esports-betting.pro\/app\/uploads\/sites\/2\/esports-banner.jpg\" \/>\n<meta name=\"twitter:card\" content=\"summary_large_image\" \/>\n<meta name=\"twitter:label1\" content=\"Est. reading time\" \/>\n\t<meta name=\"twitter:data1\" content=\"5 Minuten\" \/>\n<script type=\"application\/ld+json\" class=\"yoast-schema-graph\">{\"@context\":\"https:\/\/schema.org\",\"@graph\":[{\"@type\":\"WebPage\",\"@id\":\"https:\/\/www.esports-betting.pro\/de\/buchmacher-wettanbieter\/\",\"url\":\"https:\/\/www.esports-betting.pro\/de\/buchmacher-wettanbieter\/\",\"name\":\"Esport Wettanbieter | Buchmacher f\u00fcr Wetten auf Esport\",\"isPartOf\":{\"@id\":\"https:\/\/www.esports-betting.pro\/de\/#website\"},\"primaryImageOfPage\":{\"@id\":\"https:\/\/www.esports-betting.pro\/de\/buchmacher-wettanbieter\/#primaryimage\"},\"image\":{\"@id\":\"https:\/\/www.esports-betting.pro\/de\/buchmacher-wettanbieter\/#primaryimage\"},\"thumbnailUrl\":\"https:\/\/www.esports-betting.pro\/app\/uploads\/sites\/2\/esports-banner.jpg\",\"datePublished\":\"2018-08-08T09:39:35+00:00\",\"dateModified\":\"2024-02-22T11:30:04+00:00\",\"description\":\"Buchmacher mit Esport Wetten im Wettangebot. Wettanbieter f\u00fcr League of Legends (LoL), Starcraft 2 und Dota 2 inklusive Bewertung und Infos.\",\"breadcrumb\":{\"@id\":\"https:\/\/www.esports-betting.pro\/de\/buchmacher-wettanbieter\/#breadcrumb\"},\"inLanguage\":\"de-DE\",\"potentialAction\":[{\"@type\":\"ReadAction\",\"target\":[\"https:\/\/www.esports-betting.pro\/de\/buchmacher-wettanbieter\/\"]}]},{\"@type\":\"ImageObject\",\"inLanguage\":\"de-DE\",\"@id\":\"https:\/\/www.esports-betting.pro\/de\/buchmacher-wettanbieter\/#primaryimage\",\"url\":\"https:\/\/www.esports-betting.pro\/app\/uploads\/sites\/2\/esports-banner.jpg\",\"contentUrl\":\"https:\/\/www.esports-betting.pro\/app\/uploads\/sites\/2\/esports-banner.jpg\"},{\"@type\":\"BreadcrumbList\",\"@id\":\"https:\/\/www.esports-betting.pro\/de\/buchmacher-wettanbieter\/#breadcrumb\",\"itemListElement\":[{\"@type\":\"ListItem\",\"position\":1,\"name\":\"Home\",\"item\":\"https:\/\/www.esports-betting.pro\/de\/\"},{\"@type\":\"ListItem\",\"position\":2,\"name\":\"Esport Wettanbieter, Wettseiten und Buchmacher\"}]},{\"@type\":\"WebSite\",\"@id\":\"https:\/\/www.esports-betting.pro\/de\/#website\",\"url\":\"https:\/\/www.esports-betting.pro\/de\/\",\"name\":\"Esports Betting - DE\",\"description\":\"Just another Esports Betting Sites site\",\"potentialAction\":[{\"@type\":\"SearchAction\",\"target\":{\"@type\":\"EntryPoint\",\"urlTemplate\":\"https:\/\/www.esports-betting.pro\/de\/?s={search_term_string}\"},\"query-input\":\"required name=search_term_string\"}],\"inLanguage\":\"de-DE\"}]}<\/script>\n<!-- \/ Yoast SEO plugin. -->","yoast_head_json":{"title":"Esport Wettanbieter | Buchmacher f\u00fcr Wetten auf Esport","description":"Buchmacher mit Esport Wetten im Wettangebot. Wettanbieter f\u00fcr League of Legends (LoL), Starcraft 2 und Dota 2 inklusive Bewertung und Infos.","robots":{"index":"index","follow":"follow","max-snippet":"max-snippet:-1","max-image-preview":"max-image-preview:large","max-video-preview":"max-video-preview:-1"},"canonical":"https:\/\/www.esports-betting.pro\/de\/buchmacher-wettanbieter\/","og_locale":"de_DE","og_type":"article","og_title":"Esport Wettanbieter | Buchmacher f\u00fcr Wetten auf Esport","og_description":"Buchmacher mit Esport Wetten im Wettangebot. Wettanbieter f\u00fcr League of Legends (LoL), Starcraft 2 und Dota 2 inklusive Bewertung und Infos.","og_url":"https:\/\/www.esports-betting.pro\/de\/buchmacher-wettanbieter\/","og_site_name":"Esports Betting - DE","article_modified_time":"2024-02-22T11:30:04+00:00","og_image":[{"url":"https:\/\/www.esports-betting.pro\/app\/uploads\/sites\/2\/esports-banner.jpg"}],"twitter_card":"summary_large_image","twitter_misc":{"Est. reading time":"5 Minuten"},"schema":{"@context":"https:\/\/schema.org","@graph":[{"@type":"WebPage","@id":"https:\/\/www.esports-betting.pro\/de\/buchmacher-wettanbieter\/","url":"https:\/\/www.esports-betting.pro\/de\/buchmacher-wettanbieter\/","name":"Esport Wettanbieter | Buchmacher f\u00fcr Wetten auf Esport","isPartOf":{"@id":"https:\/\/www.esports-betting.pro\/de\/#website"},"primaryImageOfPage":{"@id":"https:\/\/www.esports-betting.pro\/de\/buchmacher-wettanbieter\/#primaryimage"},"image":{"@id":"https:\/\/www.esports-betting.pro\/de\/buchmacher-wettanbieter\/#primaryimage"},"thumbnailUrl":"https:\/\/www.esports-betting.pro\/app\/uploads\/sites\/2\/esports-banner.jpg","datePublished":"2018-08-08T09:39:35+00:00","dateModified":"2024-02-22T11:30:04+00:00","description":"Buchmacher mit Esport Wetten im Wettangebot. Wettanbieter f\u00fcr League of Legends (LoL), Starcraft 2 und Dota 2 inklusive Bewertung und Infos.","breadcrumb":{"@id":"https:\/\/www.esports-betting.pro\/de\/buchmacher-wettanbieter\/#breadcrumb"},"inLanguage":"de-DE","potentialAction":[{"@type":"ReadAction","target":["https:\/\/www.esports-betting.pro\/de\/buchmacher-wettanbieter\/"]}]},{"@type":"ImageObject","inLanguage":"de-DE","@id":"https:\/\/www.esports-betting.pro\/de\/buchmacher-wettanbieter\/#primaryimage","url":"https:\/\/www.esports-betting.pro\/app\/uploads\/sites\/2\/esports-banner.jpg","contentUrl":"https:\/\/www.esports-betting.pro\/app\/uploads\/sites\/2\/esports-banner.jpg"},{"@type":"BreadcrumbList","@id":"https:\/\/www.esports-betting.pro\/de\/buchmacher-wettanbieter\/#breadcrumb","itemListElement":[{"@type":"ListItem","position":1,"name":"Home","item":"https:\/\/www.esports-betting.pro\/de\/"},{"@type":"ListItem","position":2,"name":"Esport Wettanbieter, Wettseiten und Buchmacher"}]},{"@type":"WebSite","@id":"https:\/\/www.esports-betting.pro\/de\/#website","url":"https:\/\/www.esports-betting.pro\/de\/","name":"Esports Betting - DE","description":"Just another Esports Betting Sites site","potentialAction":[{"@type":"SearchAction","target":{"@type":"EntryPoint","urlTemplate":"https:\/\/www.esports-betting.pro\/de\/?s={search_term_string}"},"query-input":"required name=search_term_string"}],"inLanguage":"de-DE"}]}},"_links":{"self":[{"href":"https:\/\/www.esports-betting.pro\/de\/wp-json\/wp\/v2\/pages\/28262"}],"collection":[{"href":"https:\/\/www.esports-betting.pro\/de\/wp-json\/wp\/v2\/pages"}],"about":[{"href":"https:\/\/www.esports-betting.pro\/de\/wp-json\/wp\/v2\/types\/page"}],"author":[{"embeddable":true,"href":"https:\/\/www.esports-betting.pro\/de\/wp-json\/wp\/v2\/users\/24"}],"replies":[{"embeddable":true,"href":"https:\/\/www.esports-betting.pro\/de\/wp-json\/wp\/v2\/comments?post=28262"}],"version-history":[{"count":6,"href":"https:\/\/www.esports-betting.pro\/de\/wp-json\/wp\/v2\/pages\/28262\/revisions"}],"predecessor-version":[{"id":52935,"href":"https:\/\/www.esports-betting.pro\/de\/wp-json\/wp\/v2\/pages\/28262\/revisions\/52935"}],"wp:attachment":[{"href":"https:\/\/www.esports-betting.pro\/de\/wp-json\/wp\/v2\/media?parent=28262"}],"curies":[{"name":"wp","href":"https:\/\/api.w.org\/{rel}","templated":true}]}}