{"id":27895,"date":"2018-08-01T16:39:07","date_gmt":"2018-08-01T15:39:07","guid":{"rendered":"https:\/\/www.esports-betting.pro\/de\/?page_id=27895"},"modified":"2024-02-22T11:52:05","modified_gmt":"2024-02-22T11:52:05","slug":"wettmaerkte","status":"publish","type":"page","link":"https:\/\/www.esports-betting.pro\/de\/fifa\/eworld-cup-2018\/wettmaerkte\/","title":{"rendered":"FIFA eWorld Cup 2018 Wettm\u00e4rkte und Wettquoten &#8211; Die Weltmeisterschaft nach der Weltmeisterschaft"},"content":{"rendered":"<p><img loading=\"lazy\" decoding=\"async\" class=\"aligncenter size-full wp-image-27049\" src=\"https:\/\/www.esports-betting.pro\/app\/uploads\/sites\/2\/fifa_sliderpic_1920x520-e1545345140586.jpg\" alt=\"\" width=\"700\" height=\"190\" \/><\/p>\n<p style=\"text-align: justify;\">Die Erinnerungen an den 2018 FIFA Worldcup in Russland verblassen schon langsam, f\u00fcr viele war es die beste Weltmeisterschaft von Allen. Auch Deutschland wird sie wohl nicht so schnell vergessen k\u00f6nnen. Wie auch immer &#8211; Torlos ist diese WM keineswegs ausgefallen und man konnte abwechselnd \u00fcber Tore jubeln und sich \u00fcber Eigentore emp\u00f6ren. Tats\u00e4chlich ist von den 64 Spielen nur ein einziges mit einem torlosen Unentschieden ausgegangen. Ebenfalls viele Tore werden beim <a href=\"https:\/\/www.esports-betting.pro\/de\/fifa\/eworld-cup-2018\/\">FIFA eWorld Cup 2018<\/a>\u00a0erwartet und wir k\u00f6nnen uns auf ein gleichsam starkes auf und ab der Gef\u00fchle einstellen. Alle internationalen Stars und Sternchen an FIFA-Pro-Gamer werden vertreten sein und folglich stehen die Buchmacher schon in den Startl\u00f6chern uns mit Wettquoten zu versorgen. Als Turnier-Favoriten gelten Stars, wie &#8220;Nicolas99FC&#8221;, &#8220;Gorilla&#8221; aber auch &#8220;Msdossary&#8221;. Im Folgenden pr\u00e4sentieren wir von <a href=\"https:\/\/www.esports-betting.pro\/de\/\">esport-wetten<\/a>\u00a0euch die FIFA eWorld Cup\u00a0 2018 Wettm\u00e4rkte und Wettquoten und vieles weiteres wissenswertes rund um die digitale Weltmeisterschaft.<\/p>\n<h2 style=\"width: 100%; overflow: auto;\"><a id=\"wettquoten\"><\/a>\u00a0Empfohlene FIFA eWorld Cup 2018 Wettseiten<\/h2>\n<p style=\"text-align: justify;\">Alle gro\u00dfen <a href=\"https:\/\/www.esports-betting.pro\/de\/buchmacher-wettanbieter\/\">eSports Buchmacher<\/a> aus dem deutschsprachigen Raum werden vertreten sein. Wir k\u00f6nnen folgende w\u00e4rmstens empfehlen und w\u00fcnschen viel Erfolg beim durchst\u00f6bern.<\/p>\n<div style=\"width: 100%; overflow: auto;\">\n<figure style=\"width: 100px\" class=\"wp-caption alignleft\"><img loading=\"lazy\" decoding=\"async\" style=\"margin-left: 10px; margin-right: 10px;\" src=\"https:\/\/www.esports-betting.pro\/app\/uploads\/sites\/2\/2022\/08\/Betway-Logo-100x30-1.jpg\" alt=\"Logo vom Esport Wettanbieter Betway\" width=\"100\" height=\"31\" \/><figcaption class=\"wp-caption-text\"><br \/><strong><a title=\"Betway Review\" href=\"https:\/\/www.esports-betting.pro\/de\/buchmacher-wettanbieter\/betway-review\/\"><span style=\"font-size: 12px;\">Review<\/span><\/a><\/p>\n<p><a style=\"font-size: 13px; color: #ff0000;\" href=\"https:\/\/www.esports-betting.pro\/de\/buchmacher\/betway\" target=\"_blank\" rel=\"nofollow noopener noreferrer\">aktuelle FIFA Wettquoten<\/a><\/strong><\/figcaption><\/figure>\n<\/div>\n<h3>Matchsieger Wettquoten &#8211; Die h\u00e4ufigste Wette von allen<\/h3>\n<p style=\"text-align: justify;\">Die einzelnen Begegnungen sind so lange vorm Turnier noch nicht im Detail geplant, folglich m\u00fcssen wir uns noch gedulden, bis uns die Buchmacher mit Quoten f\u00fcr diesen Wetttyp versorgen. Bei dieser Wettart muss man sich f\u00fcr eines der drei Ausg\u00e4nge entscheiden: 1 steht f\u00fcr einen Sieg des Gastgebers, 2 f\u00fcr einen Sieg des Gastteams und X f\u00fcr ein Unentschieden der beiden Kontrahenten. Eine <a href=\"https:\/\/www.esports-betting.pro\/de\/fifa\/\">FIFA Wette<\/a> auf X, also auf ein Unentschieden, steht selbstverst\u00e4ndlich nur in der Gruppenphase zur Auswahl und kann in den Playoffs nicht ausgew\u00e4hlt werden. Manchmal gibt es aber eine Wette auf den sogenannten &#8220;full-time status&#8221;, also ein &#8220;Unentschieden&#8221; in den ersten 90 Minuten mit konsekutiver Entscheidung in der Nachspielzeit, bzw. dem Elfmeterschie\u00dfen. Wir halten euch selbstverst\u00e4ndlich \u00fcber diese und weitere FIFA eWorld Cup 2018 Wettm\u00e4rkte und Wettquoten an dieser Stelle auf dem Laufenden.<\/p>\n<h3>Gruppe des Siegers<\/h3>\n<p style=\"text-align: justify;\">Dieser Wettmarkt (=Wettart) gilt als der Einsteiger-Wettmarkt schlechthin. Hier muss man sich lediglich f\u00fcr die Gruppe des Siegers entscheiden, aus der der sp\u00e4tere Gewinner stammen muss. Sind logischerweise alle Spiele einer Gruppe auf die man gesetzt hat ausgeschieden, kann man diese Wette nicht mehr gewinnen. Ein Blick auf die <a href=\"https:\/\/www.esports-betting.pro\/de\/fifa\/eworld-cup-2018\/#teams\">Team-Gruppen mit Spielern k\u00f6nnt ihr hier werfen<\/a>. Erfahrungsgem\u00e4\u00df f\u00e4llt ein Gewinn zwar wahrscheinlicher an, daf\u00fcr aber nicht so \u00fcppig.<\/p>\n<p><img loading=\"lazy\" decoding=\"async\" class=\"aligncenter size-full wp-image-27897\" src=\"https:\/\/www.esports-betting.pro\/app\/uploads\/sites\/2\/FireShot-Capture-102-Online-Sportwetten-Top-Wettquoten-I_-https___www.bet-at-home.com_de_sport.png\" alt=\"Gruppe des Siegers FIFA eWorld Cup 2018\" width=\"616\" height=\"98\" \/><\/p>\n<p style=\"text-align: justify;\">Aktuell werden die Spieler, oder ein spezifischer Spieler aus Gruppe B als Turnier-Favorit\/en eingesch\u00e4tzt. Im Verlauf des Turniers unterliegt dieser der\u00a0FIFA eWorld Cup 2018 Wettm\u00e4rkte den gr\u00f6\u00dften Schwankungen.<\/p>\n<h3>Gesamtsieger Wettquoten<\/h3>\n<h4 style=\"text-align: center;\"><img loading=\"lazy\" decoding=\"async\" style=\"margin-left: 10px; margin-right: 10px;\" src=\"https:\/\/www.esports-betting.pro\/app\/uploads\/sites\/2\/2022\/08\/Betway-Logo-100x30-1.jpg\" alt=\"Logo vom Esport Wettanbieter Betway\" width=\"100\" height=\"31\" \/><strong><a href=\"https:\/\/www.esports-betting.pro\/de\/buchmacher-wettanbieter\/betway-review\/\">Betway<\/a><\/strong><img loading=\"lazy\" decoding=\"async\" style=\"margin-left: 10px; margin-right: 10px;\" src=\"https:\/\/www.esports-betting.pro\/app\/uploads\/sites\/2\/2022\/08\/Betway-Logo-100x30-1.jpg\" alt=\"Logo vom Esport Wettanbieter Betway\" width=\"100\" height=\"31\" \/><\/h4>\n<p><img loading=\"lazy\" decoding=\"async\" class=\"aligncenter size-full wp-image-27906\" src=\"https:\/\/www.esports-betting.pro\/app\/uploads\/sites\/2\/FIFA-eWorld-Cup-Betting-Odds-Outright-Winner-BetWay.jpg\" alt=\"FIFA eWorld Cup Wettquoten Gesamtsieger BetWay\" width=\"480\" height=\"770\" \/><\/p>\n<p style=\"text-align: center;\"><strong><a style=\"font-size: 13px;\" href=\"https:\/\/www.esports-betting.pro\/de\/buchmacher\/betway\" target=\"_blank\" rel=\"nofollow noopener noreferrer\">Aktuelle Quoten von Betway &gt;&gt;<\/a><\/strong><\/p>\n<p><strong>Weiteres Wissenswertes:<\/strong><\/p>\n<ul>\n<li><a href=\"https:\/\/www.esports-betting.pro\/de\/fifa\/eworld-cup-2018\/\">Zur Turnier\u00fcbersicht FIFA eWorld Cup 2018<\/a><\/li>\n<\/ul>\n","protected":false},"excerpt":{"rendered":"<p>Die Erinnerungen an den 2018 FIFA Worldcup in Russland verblassen schon langsam, f\u00fcr viele war es die beste Weltmeisterschaft von Allen. Auch Deutschland wird sie wohl nicht so schnell vergessen k\u00f6nnen. Wie auch immer &#8211; Torlos ist diese WM keineswegs ausgefallen und man konnte abwechselnd \u00fcber Tore jubeln und sich \u00fcber Eigentore emp\u00f6ren. Tats\u00e4chlich ist &hellip; <a href=\"https:\/\/www.esports-betting.pro\/de\/fifa\/eworld-cup-2018\/wettmaerkte\/\">Continued<\/a><\/p>\n","protected":false},"author":24,"featured_media":0,"parent":27806,"menu_order":0,"comment_status":"closed","ping_status":"closed","template":"","meta":{"_acf_changed":false,"footnotes":""},"acf":[],"yoast_head":"<!-- This site is optimized with the Yoast SEO plugin v22.6 - https:\/\/yoast.com\/wordpress\/plugins\/seo\/ -->\n<title>FIFA eWorld Cup 2018 Wettm\u00e4rkte | Wettquoten der Buchmacher<\/title>\n<meta name=\"description\" content=\"F\u00fcr mehr Informationen \u00fcber die FIFA eWorld Cup 2018 Wettm\u00e4rkte ein exklusiver Artikel des Gro\u00dfevents im Herzen Londons, erfahrt mehr:\" \/>\n<meta name=\"robots\" content=\"index, follow, max-snippet:-1, max-image-preview:large, max-video-preview:-1\" \/>\n<link rel=\"canonical\" href=\"https:\/\/www.esports-betting.pro\/de\/fifa\/eworld-cup-2018\/wettmaerkte\/\" \/>\n<meta property=\"og:locale\" content=\"de_DE\" \/>\n<meta property=\"og:type\" content=\"article\" \/>\n<meta property=\"og:title\" content=\"FIFA eWorld Cup 2018 Wettm\u00e4rkte | Wettquoten der Buchmacher\" \/>\n<meta property=\"og:description\" content=\"F\u00fcr mehr Informationen \u00fcber die FIFA eWorld Cup 2018 Wettm\u00e4rkte ein exklusiver Artikel des Gro\u00dfevents im Herzen Londons, erfahrt mehr:\" \/>\n<meta property=\"og:url\" content=\"https:\/\/www.esports-betting.pro\/de\/fifa\/eworld-cup-2018\/wettmaerkte\/\" \/>\n<meta property=\"og:site_name\" content=\"Esports Betting - DE\" \/>\n<meta property=\"article:modified_time\" content=\"2024-02-22T11:52:05+00:00\" \/>\n<meta property=\"og:image\" content=\"https:\/\/www.esports-betting.pro\/app\/uploads\/sites\/2\/fifa_sliderpic_1920x520-e1545345140586.jpg\" \/>\n<meta name=\"twitter:card\" content=\"summary_large_image\" \/>\n<meta name=\"twitter:label1\" content=\"Est. reading time\" \/>\n\t<meta name=\"twitter:data1\" content=\"4 Minuten\" \/>\n<script type=\"application\/ld+json\" class=\"yoast-schema-graph\">{\"@context\":\"https:\/\/schema.org\",\"@graph\":[{\"@type\":\"WebPage\",\"@id\":\"https:\/\/www.esports-betting.pro\/de\/fifa\/eworld-cup-2018\/wettmaerkte\/\",\"url\":\"https:\/\/www.esports-betting.pro\/de\/fifa\/eworld-cup-2018\/wettmaerkte\/\",\"name\":\"FIFA eWorld Cup 2018 Wettm\u00e4rkte | Wettquoten der Buchmacher\",\"isPartOf\":{\"@id\":\"https:\/\/www.esports-betting.pro\/de\/#website\"},\"primaryImageOfPage\":{\"@id\":\"https:\/\/www.esports-betting.pro\/de\/fifa\/eworld-cup-2018\/wettmaerkte\/#primaryimage\"},\"image\":{\"@id\":\"https:\/\/www.esports-betting.pro\/de\/fifa\/eworld-cup-2018\/wettmaerkte\/#primaryimage\"},\"thumbnailUrl\":\"https:\/\/www.esports-betting.pro\/app\/uploads\/sites\/2\/fifa_sliderpic_1920x520-e1545345140586.jpg\",\"datePublished\":\"2018-08-01T15:39:07+00:00\",\"dateModified\":\"2024-02-22T11:52:05+00:00\",\"description\":\"F\u00fcr mehr Informationen \u00fcber die FIFA eWorld Cup 2018 Wettm\u00e4rkte ein exklusiver Artikel des Gro\u00dfevents im Herzen Londons, erfahrt mehr:\",\"breadcrumb\":{\"@id\":\"https:\/\/www.esports-betting.pro\/de\/fifa\/eworld-cup-2018\/wettmaerkte\/#breadcrumb\"},\"inLanguage\":\"de-DE\",\"potentialAction\":[{\"@type\":\"ReadAction\",\"target\":[\"https:\/\/www.esports-betting.pro\/de\/fifa\/eworld-cup-2018\/wettmaerkte\/\"]}]},{\"@type\":\"ImageObject\",\"inLanguage\":\"de-DE\",\"@id\":\"https:\/\/www.esports-betting.pro\/de\/fifa\/eworld-cup-2018\/wettmaerkte\/#primaryimage\",\"url\":\"https:\/\/www.esports-betting.pro\/app\/uploads\/sites\/2\/fifa_sliderpic_1920x520-e1545345140586.jpg\",\"contentUrl\":\"https:\/\/www.esports-betting.pro\/app\/uploads\/sites\/2\/fifa_sliderpic_1920x520-e1545345140586.jpg\"},{\"@type\":\"BreadcrumbList\",\"@id\":\"https:\/\/www.esports-betting.pro\/de\/fifa\/eworld-cup-2018\/wettmaerkte\/#breadcrumb\",\"itemListElement\":[{\"@type\":\"ListItem\",\"position\":1,\"name\":\"Home\",\"item\":\"https:\/\/www.esports-betting.pro\/de\/\"},{\"@type\":\"ListItem\",\"position\":2,\"name\":\"FIFA &#8211; eSport Wetten und Wettanbieter \u00dcbersicht 2019\",\"item\":\"https:\/\/www.esports-betting.pro\/de\/fifa\/\"},{\"@type\":\"ListItem\",\"position\":3,\"name\":\"FIFA eWorld Cup 2018 Wettquoten und Turnier\u00fcbersicht &#8211; Die Weltmeisterschaft nach der Weltmeisterschaft\",\"item\":\"https:\/\/www.esports-betting.pro\/de\/fifa\/eworld-cup-2018\/\"},{\"@type\":\"ListItem\",\"position\":4,\"name\":\"FIFA eWorld Cup 2018 Wettm\u00e4rkte und Wettquoten &#8211; Die Weltmeisterschaft nach der Weltmeisterschaft\"}]},{\"@type\":\"WebSite\",\"@id\":\"https:\/\/www.esports-betting.pro\/de\/#website\",\"url\":\"https:\/\/www.esports-betting.pro\/de\/\",\"name\":\"Esports Betting - DE\",\"description\":\"Just another Esports Betting Sites site\",\"potentialAction\":[{\"@type\":\"SearchAction\",\"target\":{\"@type\":\"EntryPoint\",\"urlTemplate\":\"https:\/\/www.esports-betting.pro\/de\/?s={search_term_string}\"},\"query-input\":\"required name=search_term_string\"}],\"inLanguage\":\"de-DE\"}]}<\/script>\n<!-- \/ Yoast SEO plugin. -->","yoast_head_json":{"title":"FIFA eWorld Cup 2018 Wettm\u00e4rkte | Wettquoten der Buchmacher","description":"F\u00fcr mehr Informationen \u00fcber die FIFA eWorld Cup 2018 Wettm\u00e4rkte ein exklusiver Artikel des Gro\u00dfevents im Herzen Londons, erfahrt mehr:","robots":{"index":"index","follow":"follow","max-snippet":"max-snippet:-1","max-image-preview":"max-image-preview:large","max-video-preview":"max-video-preview:-1"},"canonical":"https:\/\/www.esports-betting.pro\/de\/fifa\/eworld-cup-2018\/wettmaerkte\/","og_locale":"de_DE","og_type":"article","og_title":"FIFA eWorld Cup 2018 Wettm\u00e4rkte | Wettquoten der Buchmacher","og_description":"F\u00fcr mehr Informationen \u00fcber die FIFA eWorld Cup 2018 Wettm\u00e4rkte ein exklusiver Artikel des Gro\u00dfevents im Herzen Londons, erfahrt mehr:","og_url":"https:\/\/www.esports-betting.pro\/de\/fifa\/eworld-cup-2018\/wettmaerkte\/","og_site_name":"Esports Betting - DE","article_modified_time":"2024-02-22T11:52:05+00:00","og_image":[{"url":"https:\/\/www.esports-betting.pro\/app\/uploads\/sites\/2\/fifa_sliderpic_1920x520-e1545345140586.jpg"}],"twitter_card":"summary_large_image","twitter_misc":{"Est. reading time":"4 Minuten"},"schema":{"@context":"https:\/\/schema.org","@graph":[{"@type":"WebPage","@id":"https:\/\/www.esports-betting.pro\/de\/fifa\/eworld-cup-2018\/wettmaerkte\/","url":"https:\/\/www.esports-betting.pro\/de\/fifa\/eworld-cup-2018\/wettmaerkte\/","name":"FIFA eWorld Cup 2018 Wettm\u00e4rkte | Wettquoten der Buchmacher","isPartOf":{"@id":"https:\/\/www.esports-betting.pro\/de\/#website"},"primaryImageOfPage":{"@id":"https:\/\/www.esports-betting.pro\/de\/fifa\/eworld-cup-2018\/wettmaerkte\/#primaryimage"},"image":{"@id":"https:\/\/www.esports-betting.pro\/de\/fifa\/eworld-cup-2018\/wettmaerkte\/#primaryimage"},"thumbnailUrl":"https:\/\/www.esports-betting.pro\/app\/uploads\/sites\/2\/fifa_sliderpic_1920x520-e1545345140586.jpg","datePublished":"2018-08-01T15:39:07+00:00","dateModified":"2024-02-22T11:52:05+00:00","description":"F\u00fcr mehr Informationen \u00fcber die FIFA eWorld Cup 2018 Wettm\u00e4rkte ein exklusiver Artikel des Gro\u00dfevents im Herzen Londons, erfahrt mehr:","breadcrumb":{"@id":"https:\/\/www.esports-betting.pro\/de\/fifa\/eworld-cup-2018\/wettmaerkte\/#breadcrumb"},"inLanguage":"de-DE","potentialAction":[{"@type":"ReadAction","target":["https:\/\/www.esports-betting.pro\/de\/fifa\/eworld-cup-2018\/wettmaerkte\/"]}]},{"@type":"ImageObject","inLanguage":"de-DE","@id":"https:\/\/www.esports-betting.pro\/de\/fifa\/eworld-cup-2018\/wettmaerkte\/#primaryimage","url":"https:\/\/www.esports-betting.pro\/app\/uploads\/sites\/2\/fifa_sliderpic_1920x520-e1545345140586.jpg","contentUrl":"https:\/\/www.esports-betting.pro\/app\/uploads\/sites\/2\/fifa_sliderpic_1920x520-e1545345140586.jpg"},{"@type":"BreadcrumbList","@id":"https:\/\/www.esports-betting.pro\/de\/fifa\/eworld-cup-2018\/wettmaerkte\/#breadcrumb","itemListElement":[{"@type":"ListItem","position":1,"name":"Home","item":"https:\/\/www.esports-betting.pro\/de\/"},{"@type":"ListItem","position":2,"name":"FIFA &#8211; eSport Wetten und Wettanbieter \u00dcbersicht 2019","item":"https:\/\/www.esports-betting.pro\/de\/fifa\/"},{"@type":"ListItem","position":3,"name":"FIFA eWorld Cup 2018 Wettquoten und Turnier\u00fcbersicht &#8211; Die Weltmeisterschaft nach der Weltmeisterschaft","item":"https:\/\/www.esports-betting.pro\/de\/fifa\/eworld-cup-2018\/"},{"@type":"ListItem","position":4,"name":"FIFA eWorld Cup 2018 Wettm\u00e4rkte und Wettquoten &#8211; Die Weltmeisterschaft nach der Weltmeisterschaft"}]},{"@type":"WebSite","@id":"https:\/\/www.esports-betting.pro\/de\/#website","url":"https:\/\/www.esports-betting.pro\/de\/","name":"Esports Betting - DE","description":"Just another Esports Betting Sites site","potentialAction":[{"@type":"SearchAction","target":{"@type":"EntryPoint","urlTemplate":"https:\/\/www.esports-betting.pro\/de\/?s={search_term_string}"},"query-input":"required name=search_term_string"}],"inLanguage":"de-DE"}]}},"_links":{"self":[{"href":"https:\/\/www.esports-betting.pro\/de\/wp-json\/wp\/v2\/pages\/27895"}],"collection":[{"href":"https:\/\/www.esports-betting.pro\/de\/wp-json\/wp\/v2\/pages"}],"about":[{"href":"https:\/\/www.esports-betting.pro\/de\/wp-json\/wp\/v2\/types\/page"}],"author":[{"embeddable":true,"href":"https:\/\/www.esports-betting.pro\/de\/wp-json\/wp\/v2\/users\/24"}],"replies":[{"embeddable":true,"href":"https:\/\/www.esports-betting.pro\/de\/wp-json\/wp\/v2\/comments?post=27895"}],"version-history":[{"count":2,"href":"https:\/\/www.esports-betting.pro\/de\/wp-json\/wp\/v2\/pages\/27895\/revisions"}],"predecessor-version":[{"id":52943,"href":"https:\/\/www.esports-betting.pro\/de\/wp-json\/wp\/v2\/pages\/27895\/revisions\/52943"}],"up":[{"embeddable":true,"href":"https:\/\/www.esports-betting.pro\/de\/wp-json\/wp\/v2\/pages\/27806"}],"wp:attachment":[{"href":"https:\/\/www.esports-betting.pro\/de\/wp-json\/wp\/v2\/media?parent=27895"}],"curies":[{"name":"wp","href":"https:\/\/api.w.org\/{rel}","templated":true}]}}