{"id":27806,"date":"2018-07-27T00:08:53","date_gmt":"2018-07-26T23:08:53","guid":{"rendered":"https:\/\/www.esports-betting.pro\/de\/?page_id=27806"},"modified":"2024-02-22T10:45:00","modified_gmt":"2024-02-22T10:45:00","slug":"eworld-cup-2018","status":"publish","type":"page","link":"https:\/\/www.esports-betting.pro\/de\/fifa\/eworld-cup-2018\/","title":{"rendered":"FIFA eWorld Cup 2018 Wettquoten und Turnier\u00fcbersicht &#8211; Die Weltmeisterschaft nach der Weltmeisterschaft"},"content":{"rendered":"<p style=\"text-align: justify;\"><img loading=\"lazy\" decoding=\"async\" class=\"aligncenter size-full wp-image-30039\" src=\"https:\/\/www.esports-betting.pro\/app\/uploads\/sites\/2\/EA-Fifa-19-e1544426160408.jpg\" alt=\"EA Fifa 19 - Neuauflage des Spiels\" width=\"700\" height=\"467\" \/><br \/>\nDie schmerzlichen Erinnerungen an den FIFA Worldcup 2018 sind noch nicht wirklich verdaut. Dennoch hat sich Frankreich seinen zweiten Weltmeistertitel, exakt 20 Jahre nach dem Ersten, redlich verdient. Alles hat seine positiven Seiten; und somit ist der Pokal 2022 jedenfalls nicht lange unterwegs, wenn er dann wieder nach Deutschland zur\u00fcck kehrt. Dem schwitzenden Rasensport folgt nun die digitale K\u00f6nigsklasse &#8211; der FIFA eWorld Cup 2018 steht kurz bevor! Parallel zur Weltmeisterschaft blieb das Qualifikationsturnier f\u00fcr die FIFA-Teams fast unbemerkt. Jetzt aber stehen die Kandidaten fest und trainieren flei\u00dfig f\u00fcr das anstehende Turnier in London. Daher k\u00f6nnen wir euch auch jetzt schon die FIFA eWorld Cup 2018 Wettquoten pr\u00e4sentieren, zusammen mit allen anderen relevanten Turnierinformationen. An alle <a href=\"https:\/\/www.esports-betting.pro\/de\/fifa\/\">FIFA Wett<\/a>-Enthusiasten &#8211; es kommen nur die besten Spieler:<\/p>\n<h2>FIFA eWorld Cup 2018 | Erfahre alle Fakten<\/h2>\n<div style=\"float: right; width: 190px; height: 220px; text-align: center;\"><strong>Navigation:<\/strong><br \/>\n<img loading=\"lazy\" decoding=\"async\" class=\"aligncenter\" src=\"https:\/\/www.esports-betting.pro\/app\/uploads\/sites\/2\/Wettquoten-Button.jpg\" alt=\"Button mit Link zu den Wettquoten der LoL LCS 2018\" width=\"180\" height=\"50\" \/><a title=\"LoL LCS 2018 Livestream\" href=\"#live-stream\"><img loading=\"lazy\" decoding=\"async\" class=\"aligncenter\" src=\"https:\/\/www.esports-betting.pro\/app\/uploads\/sites\/2\/Live-Stream-Button.jpg\" alt=\"Schaue den Livestream des FIFA eWorld Cup 2018\" width=\"180\" height=\"50\" \/><\/a> <a href=\"https:\/\/www.esports-betting.pro\/de\/buchmacher\/betway\" target=\"_blank\" rel=\"nofollow noopener noreferrer\"><img loading=\"lazy\" decoding=\"async\" class=\"aligncenter\" src=\"https:\/\/www.esports-betting.pro\/app\/uploads\/sites\/2\/Spezialwetten-Button.jpg\" alt=\"Button Link zu Spezial Wetten der LCS Spring Playoffs 2018\" width=\"180\" height=\"50\" \/><\/a><\/div>\n<ul>\n<li><strong>Datum<\/strong>: 02.08.2018 &#8211; 04.08.2018<\/li>\n<li><strong>Turniertyp<\/strong>: Offline<\/li>\n<li><strong>Ort und Location<\/strong>: London, The O2<\/li>\n<li><strong>Anzahl der Teams<\/strong>: 32<\/li>\n<li><strong>Preisgeld<\/strong>: 400.000 $<\/li>\n<li><strong>Format<\/strong>\n<ul>\n<li><strong>Gruppenphase<\/strong>\n<ul>\n<li>4 Gruppen mit 8 Teams (Spieler)<\/li>\n<\/ul>\n<\/li>\n<li><strong>Playoffs<\/strong>\n<ul>\n<li>Single-Elimination Rang<\/li>\n<\/ul>\n<\/li>\n<\/ul>\n<\/li>\n<li><a href=\"#wetten\">FIFA eWorld Cup 2018 Wettquoten<\/a><\/li>\n<li><a href=\"#livestream\">Livestream verf\u00fcgbar<\/a><\/li>\n<li><a href=\"#spielplan\">FIFA eWorld Cup 2018 Spielplan und Ergebnisse<\/a><\/li>\n<\/ul>\n<h2>Turnierformat<\/h2>\n<p style=\"text-align: justify;\">Zur Zeit sind leider noch nicht viele Informationen \u00fcber den Turniermodus bekannt, au\u00dfer dass es mit gro\u00dfer Sicherheit eine Gruppenphase geben wird. Die Partien in der Gruppenphase werden in einem Single-Match Encounter ausgespielt und zwar zwischen allen Spielern. Die jeweils besten vier Teams gehen dann durch das Achtelfinale. Ebenfalls unklar, ob das Achtelfinale als Single- oder Doublematch Encounter ausgespielt wird. Im Anschluss folgen die Playoffs mit dem Viertel- und Halbfinale und dem gro\u00dfen <a href=\"https:\/\/www.esports-betting.pro\/de\/fifa\/eworld-cup-2018\/wettmaerkte\/\">Finale<\/a>. Aller Voraussicht nach wird es kein &#8220;Spiel-um-Platz-3&#8221; geben, wir halten euch aber diesbez\u00fcglich auf dem Laufenden.<\/p>\n<p><img loading=\"lazy\" decoding=\"async\" class=\"size-full wp-image-7633 alignleft\" src=\"https:\/\/www.esports-betting.pro\/app\/uploads\/sites\/2\/FIFA-Gameplay3.jpg\" alt=\"\" width=\"300\" height=\"169\" \/> <img loading=\"lazy\" decoding=\"async\" class=\"size-full wp-image-7632 alignnone\" src=\"https:\/\/www.esports-betting.pro\/app\/uploads\/sites\/2\/FIFA-Gameplay2.jpg\" alt=\"\" width=\"300\" height=\"168\" \/> <img loading=\"lazy\" decoding=\"async\" class=\"size-full wp-image-7631 alignnone\" src=\"https:\/\/www.esports-betting.pro\/app\/uploads\/sites\/2\/FIFA-Gameplay.jpg\" alt=\"\" width=\"300\" height=\"170\" \/><\/p>\n<h2 style=\"width: 100%; overflow: auto;\"><a id=\"wettquoten\"><\/a> FIFA eWorld Cup 2018 Wettquoten<\/h2>\n<p style=\"text-align: justify;\">Die Analysten der gro\u00dfen Buchmacher haben sich lange Zeit gelassen, die FIFA eWorld Cup 2018 Wettquoten zu ver\u00f6ffentlichen. Alle gro\u00dfen <a href=\"https:\/\/www.esports-betting.pro\/de\/buchmacher-wettanbieter\/\">eSports Buchmacher<\/a>\u00a0aus dem deutschsprachigen Raum werden vertreten sein. Voller Vorfreude erwarten wir von <a href=\"https:\/\/www.esports-betting.pro\/de\/\">esport-wetten,<\/a>\u00a0dass Gro\u00dfevent und freuen uns auf ein verl\u00e4ngertes Fu\u00dfballvergn\u00fcgen. Hier haben wir f\u00fcr Euch einen exklusiven Artikel \u00fcber die <a href=\"https:\/\/www.esports-betting.pro\/de\/fifa\/eworld-cup-2018\/wettmaerkte\/\">FIFA eWorld Cup 2018 Wettm\u00e4rkte<\/a>.<\/p>\n<div style=\"width: 100%; overflow: auto;\">\n<figure style=\"width: 100px\" class=\"wp-caption alignleft\"><img loading=\"lazy\" decoding=\"async\" style=\"margin-left: 10px; margin-right: 10px;\" src=\"https:\/\/www.esports-betting.pro\/app\/uploads\/sites\/2\/2022\/08\/Betway-Logo-100x30-1.jpg\" alt=\"Logo vom Esport Wettanbieter Betway\" width=\"100\" height=\"31\" \/><figcaption class=\"wp-caption-text\"><br \/><strong><a title=\"Betway Review\" href=\"https:\/\/www.esports-betting.pro\/de\/buchmacher-wettanbieter\/betway-review\/\"><span style=\"font-size: 12px;\">Review<\/span><\/a><\/p>\n<p><a style=\"font-size: 13px; color: #ff0000;\" href=\"https:\/\/www.esports-betting.pro\/de\/buchmacher\/betway\" target=\"_blank\" rel=\"nofollow noopener noreferrer\">aktuelle FIFA Wettquoten<\/a><\/strong><\/figcaption><\/figure>\n<\/div>\n<h3>Wettquoten im Vergleich<\/h3>\n<p style=\"text-align: justify;\">Im Gro\u00dfen und ganzen gleichen sich die Wettquoten der Buchmacher, jedoch gibt es kleine aber feine Unterschiede, die sich je nach eurer Auslegung positiv auswirken k\u00f6nnten. Folglich lohnt sich der Vergleich also ohne Zweifel immer:\u00a0&#8211;\u00a0<em>Hier halten wir euch auf dem laufenden \u00fcber die\u00a0FIFA eWorld Cup 2018 Wettquoten:<\/em><\/p>\n<h2><a id=\"spielplan\"><\/a>\u00a0Spielplan und Ergebnisse des Mega-Events<\/h2>\n<p>TBA<\/p>\n<h2>Teams und Spieler<\/h2>\n<div style=\"width: 100%; overflow: auto;\">\n<div style=\"float: left; padding: 10px;\">\n<p style=\"text-align: center;\"><span style=\"text-decoration: underline; font-size: 16pt;\">GRUPPE A<\/span><\/p>\n<ul>\n<li style=\"text-align: justify;\">Megabit<\/li>\n<li>Dani Hagabeuk<\/li>\n<li>Kurt0411<\/li>\n<li>Alekzandur<\/li>\n<li>AeroFIFA<\/li>\n<li>Ichor RESENDE7<\/li>\n<li>Fabio Denuzzo<\/li>\n<li>Hashtag dreamR<\/li>\n<\/ul>\n<\/div>\n<div style=\"float: left; padding: 10px;\">\n<p style=\"text-align: center;\"><span style=\"text-decoration: underline; font-size: 16pt;\">GRUPPE B<\/span><\/p>\n<ul>\n<li>Rafsou<\/li>\n<li>Gorilla<\/li>\n<li>MSDossary<\/li>\n<li>Nraseck<\/li>\n<li>GoalMachine21<\/li>\n<li>Sakul<\/li>\n<li>JSSF107<\/li>\n<li>Crafty<\/li>\n<\/ul>\n<\/div>\n<div style=\"float: left; padding: 10px;\">\n<p style=\"text-align: center;\"><span style=\"text-decoration: underline; font-size: 16pt;\">GRUPPE C<\/span><\/p>\n<ul>\n<li>NICOLAS99FC<\/li>\n<li>Web<\/li>\n<li>StefanoPinna<\/li>\n<li>Deto<\/li>\n<li>Eisvogel<\/li>\n<li>Honey Badger<\/li>\n<li>Hashtag Boras<\/li>\n<li>YimmieHD<\/li>\n<\/ul>\n<\/div>\n<div style=\"float: left; padding: 10px;\">\n<p style=\"text-align: center;\"><span style=\"text-decoration: underline; font-size: 16pt;\">GRUPPE D<\/span><\/p>\n<ul>\n<li>B04 M4RV<\/li>\n<li>Marcuzzo<\/li>\n<li>FCB TheStrxngeR<\/li>\n<li>Damie<\/li>\n<li>MoAubameyang<\/li>\n<li>MaestroSquad<\/li>\n<li>AndoniiPM<\/li>\n<li>Hashtag Agge<\/li>\n<\/ul>\n<\/div>\n<\/div>\n<h2>\u00a0<a id=\"live-stream\"><\/a>FIFA eWorld Cup 2018 Livestream<\/h2>\n<p style=\"text-align: justify;\">Zur Zeit liegen uns leider noch keinerlei Informationen \u00fcber den Livestream vor. FIFA eWorld Cup 2018 Wettquoten Begeisterte m\u00fcssen sich noch etwas gedulden; wir werden an dieser Stelle den Livestream einbetten, sobald wir n\u00e4heres erfahren. Da das Event in London stattfindet, wird es zumindest garantiert einen Englischen Stream geben&#8230;<\/p>\n<p><strong>Weiteres Wissenswertes:<\/strong><\/p>\n<ul>\n<li><a href=\"https:\/\/www.esports-betting.pro\/de\/fifa\/eworld-cup-2018\/wettmaerkte\/\">FIFA eWorld Cup 2018 Wettm\u00e4rkte und Wettquoten<\/a><\/li>\n<\/ul>\n<p>&nbsp;<\/p>\n<p>&nbsp;<\/p>\n","protected":false},"excerpt":{"rendered":"<p>Die schmerzlichen Erinnerungen an den FIFA Worldcup 2018 sind noch nicht wirklich verdaut. Dennoch hat sich Frankreich seinen zweiten Weltmeistertitel, exakt 20 Jahre nach dem Ersten, redlich verdient. Alles hat seine positiven Seiten; und somit ist der Pokal 2022 jedenfalls nicht lange unterwegs, wenn er dann wieder nach Deutschland zur\u00fcck kehrt. Dem schwitzenden Rasensport folgt &hellip; <a href=\"https:\/\/www.esports-betting.pro\/de\/fifa\/eworld-cup-2018\/\">Continued<\/a><\/p>\n","protected":false},"author":24,"featured_media":0,"parent":7237,"menu_order":0,"comment_status":"closed","ping_status":"closed","template":"","meta":{"_acf_changed":false,"footnotes":""},"acf":[],"yoast_head":"<!-- This site is optimized with the Yoast SEO plugin v22.6 - https:\/\/yoast.com\/wordpress\/plugins\/seo\/ -->\n<title>FIFA eWorld Cup 2018 Wettquoten und Turnier\u00fcbersicht<\/title>\n<meta name=\"description\" content=\"Die FIFA Weltmeisterschaft 2018 zieht nach London. Wir haben alles \u00fcber Turnier und FIFA eWorld Cup 2018 Wettquoten zusammengetragen:\" \/>\n<meta name=\"robots\" content=\"index, follow, max-snippet:-1, max-image-preview:large, max-video-preview:-1\" \/>\n<link rel=\"canonical\" href=\"https:\/\/www.esports-betting.pro\/de\/fifa\/eworld-cup-2018\/\" \/>\n<meta property=\"og:locale\" content=\"de_DE\" \/>\n<meta property=\"og:type\" content=\"article\" \/>\n<meta property=\"og:title\" content=\"FIFA eWorld Cup 2018 Wettquoten und Turnier\u00fcbersicht\" \/>\n<meta property=\"og:description\" content=\"Die FIFA Weltmeisterschaft 2018 zieht nach London. Wir haben alles \u00fcber Turnier und FIFA eWorld Cup 2018 Wettquoten zusammengetragen:\" \/>\n<meta property=\"og:url\" content=\"https:\/\/www.esports-betting.pro\/de\/fifa\/eworld-cup-2018\/\" \/>\n<meta property=\"og:site_name\" content=\"Esports Betting - DE\" \/>\n<meta property=\"article:modified_time\" content=\"2024-02-22T10:45:00+00:00\" \/>\n<meta property=\"og:image\" content=\"https:\/\/www.esports-betting.pro\/app\/uploads\/sites\/2\/EA-Fifa-19-e1544426160408.jpg\" \/>\n<meta name=\"twitter:card\" content=\"summary_large_image\" \/>\n<meta name=\"twitter:label1\" content=\"Est. reading time\" \/>\n\t<meta name=\"twitter:data1\" content=\"5 Minuten\" \/>\n<script type=\"application\/ld+json\" class=\"yoast-schema-graph\">{\"@context\":\"https:\/\/schema.org\",\"@graph\":[{\"@type\":\"WebPage\",\"@id\":\"https:\/\/www.esports-betting.pro\/de\/fifa\/eworld-cup-2018\/\",\"url\":\"https:\/\/www.esports-betting.pro\/de\/fifa\/eworld-cup-2018\/\",\"name\":\"FIFA eWorld Cup 2018 Wettquoten und Turnier\u00fcbersicht\",\"isPartOf\":{\"@id\":\"https:\/\/www.esports-betting.pro\/de\/#website\"},\"primaryImageOfPage\":{\"@id\":\"https:\/\/www.esports-betting.pro\/de\/fifa\/eworld-cup-2018\/#primaryimage\"},\"image\":{\"@id\":\"https:\/\/www.esports-betting.pro\/de\/fifa\/eworld-cup-2018\/#primaryimage\"},\"thumbnailUrl\":\"https:\/\/www.esports-betting.pro\/app\/uploads\/sites\/2\/EA-Fifa-19-e1544426160408.jpg\",\"datePublished\":\"2018-07-26T23:08:53+00:00\",\"dateModified\":\"2024-02-22T10:45:00+00:00\",\"description\":\"Die FIFA Weltmeisterschaft 2018 zieht nach London. Wir haben alles \u00fcber Turnier und FIFA eWorld Cup 2018 Wettquoten zusammengetragen:\",\"breadcrumb\":{\"@id\":\"https:\/\/www.esports-betting.pro\/de\/fifa\/eworld-cup-2018\/#breadcrumb\"},\"inLanguage\":\"de-DE\",\"potentialAction\":[{\"@type\":\"ReadAction\",\"target\":[\"https:\/\/www.esports-betting.pro\/de\/fifa\/eworld-cup-2018\/\"]}]},{\"@type\":\"ImageObject\",\"inLanguage\":\"de-DE\",\"@id\":\"https:\/\/www.esports-betting.pro\/de\/fifa\/eworld-cup-2018\/#primaryimage\",\"url\":\"https:\/\/www.esports-betting.pro\/app\/uploads\/sites\/2\/EA-Fifa-19-e1544426160408.jpg\",\"contentUrl\":\"https:\/\/www.esports-betting.pro\/app\/uploads\/sites\/2\/EA-Fifa-19-e1544426160408.jpg\"},{\"@type\":\"BreadcrumbList\",\"@id\":\"https:\/\/www.esports-betting.pro\/de\/fifa\/eworld-cup-2018\/#breadcrumb\",\"itemListElement\":[{\"@type\":\"ListItem\",\"position\":1,\"name\":\"Home\",\"item\":\"https:\/\/www.esports-betting.pro\/de\/\"},{\"@type\":\"ListItem\",\"position\":2,\"name\":\"FIFA &#8211; eSport Wetten und Wettanbieter \u00dcbersicht 2019\",\"item\":\"https:\/\/www.esports-betting.pro\/de\/fifa\/\"},{\"@type\":\"ListItem\",\"position\":3,\"name\":\"FIFA eWorld Cup 2018 Wettquoten und Turnier\u00fcbersicht &#8211; Die Weltmeisterschaft nach der Weltmeisterschaft\"}]},{\"@type\":\"WebSite\",\"@id\":\"https:\/\/www.esports-betting.pro\/de\/#website\",\"url\":\"https:\/\/www.esports-betting.pro\/de\/\",\"name\":\"Esports Betting - DE\",\"description\":\"Just another Esports Betting Sites site\",\"potentialAction\":[{\"@type\":\"SearchAction\",\"target\":{\"@type\":\"EntryPoint\",\"urlTemplate\":\"https:\/\/www.esports-betting.pro\/de\/?s={search_term_string}\"},\"query-input\":\"required name=search_term_string\"}],\"inLanguage\":\"de-DE\"}]}<\/script>\n<!-- \/ Yoast SEO plugin. -->","yoast_head_json":{"title":"FIFA eWorld Cup 2018 Wettquoten und Turnier\u00fcbersicht","description":"Die FIFA Weltmeisterschaft 2018 zieht nach London. Wir haben alles \u00fcber Turnier und FIFA eWorld Cup 2018 Wettquoten zusammengetragen:","robots":{"index":"index","follow":"follow","max-snippet":"max-snippet:-1","max-image-preview":"max-image-preview:large","max-video-preview":"max-video-preview:-1"},"canonical":"https:\/\/www.esports-betting.pro\/de\/fifa\/eworld-cup-2018\/","og_locale":"de_DE","og_type":"article","og_title":"FIFA eWorld Cup 2018 Wettquoten und Turnier\u00fcbersicht","og_description":"Die FIFA Weltmeisterschaft 2018 zieht nach London. Wir haben alles \u00fcber Turnier und FIFA eWorld Cup 2018 Wettquoten zusammengetragen:","og_url":"https:\/\/www.esports-betting.pro\/de\/fifa\/eworld-cup-2018\/","og_site_name":"Esports Betting - DE","article_modified_time":"2024-02-22T10:45:00+00:00","og_image":[{"url":"https:\/\/www.esports-betting.pro\/app\/uploads\/sites\/2\/EA-Fifa-19-e1544426160408.jpg"}],"twitter_card":"summary_large_image","twitter_misc":{"Est. reading time":"5 Minuten"},"schema":{"@context":"https:\/\/schema.org","@graph":[{"@type":"WebPage","@id":"https:\/\/www.esports-betting.pro\/de\/fifa\/eworld-cup-2018\/","url":"https:\/\/www.esports-betting.pro\/de\/fifa\/eworld-cup-2018\/","name":"FIFA eWorld Cup 2018 Wettquoten und Turnier\u00fcbersicht","isPartOf":{"@id":"https:\/\/www.esports-betting.pro\/de\/#website"},"primaryImageOfPage":{"@id":"https:\/\/www.esports-betting.pro\/de\/fifa\/eworld-cup-2018\/#primaryimage"},"image":{"@id":"https:\/\/www.esports-betting.pro\/de\/fifa\/eworld-cup-2018\/#primaryimage"},"thumbnailUrl":"https:\/\/www.esports-betting.pro\/app\/uploads\/sites\/2\/EA-Fifa-19-e1544426160408.jpg","datePublished":"2018-07-26T23:08:53+00:00","dateModified":"2024-02-22T10:45:00+00:00","description":"Die FIFA Weltmeisterschaft 2018 zieht nach London. Wir haben alles \u00fcber Turnier und FIFA eWorld Cup 2018 Wettquoten zusammengetragen:","breadcrumb":{"@id":"https:\/\/www.esports-betting.pro\/de\/fifa\/eworld-cup-2018\/#breadcrumb"},"inLanguage":"de-DE","potentialAction":[{"@type":"ReadAction","target":["https:\/\/www.esports-betting.pro\/de\/fifa\/eworld-cup-2018\/"]}]},{"@type":"ImageObject","inLanguage":"de-DE","@id":"https:\/\/www.esports-betting.pro\/de\/fifa\/eworld-cup-2018\/#primaryimage","url":"https:\/\/www.esports-betting.pro\/app\/uploads\/sites\/2\/EA-Fifa-19-e1544426160408.jpg","contentUrl":"https:\/\/www.esports-betting.pro\/app\/uploads\/sites\/2\/EA-Fifa-19-e1544426160408.jpg"},{"@type":"BreadcrumbList","@id":"https:\/\/www.esports-betting.pro\/de\/fifa\/eworld-cup-2018\/#breadcrumb","itemListElement":[{"@type":"ListItem","position":1,"name":"Home","item":"https:\/\/www.esports-betting.pro\/de\/"},{"@type":"ListItem","position":2,"name":"FIFA &#8211; eSport Wetten und Wettanbieter \u00dcbersicht 2019","item":"https:\/\/www.esports-betting.pro\/de\/fifa\/"},{"@type":"ListItem","position":3,"name":"FIFA eWorld Cup 2018 Wettquoten und Turnier\u00fcbersicht &#8211; Die Weltmeisterschaft nach der Weltmeisterschaft"}]},{"@type":"WebSite","@id":"https:\/\/www.esports-betting.pro\/de\/#website","url":"https:\/\/www.esports-betting.pro\/de\/","name":"Esports Betting - DE","description":"Just another Esports Betting Sites site","potentialAction":[{"@type":"SearchAction","target":{"@type":"EntryPoint","urlTemplate":"https:\/\/www.esports-betting.pro\/de\/?s={search_term_string}"},"query-input":"required name=search_term_string"}],"inLanguage":"de-DE"}]}},"_links":{"self":[{"href":"https:\/\/www.esports-betting.pro\/de\/wp-json\/wp\/v2\/pages\/27806"}],"collection":[{"href":"https:\/\/www.esports-betting.pro\/de\/wp-json\/wp\/v2\/pages"}],"about":[{"href":"https:\/\/www.esports-betting.pro\/de\/wp-json\/wp\/v2\/types\/page"}],"author":[{"embeddable":true,"href":"https:\/\/www.esports-betting.pro\/de\/wp-json\/wp\/v2\/users\/24"}],"replies":[{"embeddable":true,"href":"https:\/\/www.esports-betting.pro\/de\/wp-json\/wp\/v2\/comments?post=27806"}],"version-history":[{"count":2,"href":"https:\/\/www.esports-betting.pro\/de\/wp-json\/wp\/v2\/pages\/27806\/revisions"}],"predecessor-version":[{"id":52912,"href":"https:\/\/www.esports-betting.pro\/de\/wp-json\/wp\/v2\/pages\/27806\/revisions\/52912"}],"up":[{"embeddable":true,"href":"https:\/\/www.esports-betting.pro\/de\/wp-json\/wp\/v2\/pages\/7237"}],"wp:attachment":[{"href":"https:\/\/www.esports-betting.pro\/de\/wp-json\/wp\/v2\/media?parent=27806"}],"curies":[{"name":"wp","href":"https:\/\/api.w.org\/{rel}","templated":true}]}}