{"id":27601,"date":"2018-07-21T17:29:07","date_gmt":"2018-07-21T16:29:07","guid":{"rendered":"https:\/\/www.esports-betting.pro\/de\/?page_id=27601"},"modified":"2024-02-23T10:55:32","modified_gmt":"2024-02-23T10:55:32","slug":"wettquoten","status":"publish","type":"page","link":"https:\/\/www.esports-betting.pro\/de\/dota2\/ti8-the-international-2018\/wettquoten\/","title":{"rendered":"Wettquoten &#8211; The International 2018 &#8211; TI8 Dota 2"},"content":{"rendered":"<p style=\"text-align: justify;\">Mit dem TI8 l\u00e4sst <a href=\"https:\/\/www.esports-betting.pro\/de\/dota2\/\">Dota 2<\/a> einmal im Jahr von sich h\u00f6ren; dann aber mit einem Paukenschlag. <strong><a href=\"https:\/\/www.esports-betting.pro\/de\/dota2\/ti8-the-international-2018\/\">The International 2018<\/a><\/strong>\u00a0gilt als das Gro\u00dfevent im eSport schlechthin. Mit einem j\u00e4hrlichen Besucher-und Preisgeld Rekord, tourt das Turnier au\u00dferdem durch internationale Presse. Nachdem im Vorjahr der\u00a0<strong><a href=\"https:\/\/www.esports-betting.pro\/de\/lol\/worlds-2018-leagueoflegends-weltmeisterschaft\/\">LoL Weltmeisterschaft<\/a><\/strong>\u00a0f\u00fcr ihre Liveshow einen Emmy verliehen wurde, schielt nun auch das Organisationskomitee des TI8 auf diese zus\u00e4tzliche Auszeichnung und wir von <a href=\"https:\/\/www.esports-betting.pro\/de\/\">esport-wetten<\/a> freuen uns daher schon auf das Event und die Liveshow.<\/p>\n<p style=\"text-align: justify;\">Brandaktuell haben die Buchmacher ihre ersten Wettquoten f\u00fcr das International 2018 ver\u00f6ffentlicht. Frisch ver\u00f6ffentlichte Quoten haben meist noch Dynamik, je n\u00e4her das Turnier, bzw. das Turnierauftaktspiel r\u00fcckt. Schon jetzt lohnt es sich also einen Blick auf den pers\u00f6nlichen Favoriten zu setzen und im Folgenden wollen wir euch die Quoten der gro\u00dfen <strong><a href=\"https:\/\/www.esports-betting.pro\/de\/buchmacher-wettanbieter\/\">eSport\u00a0Buchmacher<\/a><\/strong> pr\u00e4sentieren:<\/p>\n<p>TI8 Prognosen und Wett-Tipps zu jedem Spieltag:<\/p>\n<p>Tag 1 &gt; Tag 2 &gt; Tag 3 &gt; Tag 4 &gt; Tag 5 &gt; Tag 6 &#8211; Halbfinale & Gro\u00dfes Finale<\/p>\n<h2><img loading=\"lazy\" decoding=\"async\" src=\"https:\/\/www.esports-betting.pro\/app\/uploads\/sites\/2\/Dota2-Icon.png\" alt=\"Dota 2 Icon\" width=\"20\" height=\"20\" \/> Dota 2 Wetten: Wettanbieter<\/h2>\n<p style=\"text-align: justify;\">Wir haben es uns zur Aufgabe gemacht die Buchmacher und Anbieter f\u00fcr Dota 2 Wetten unter die Lupe zu nehmen. Hier findet ihr die Reviews der von uns getesteten Dota 2 Bookies. Wenn ihr mehr \u00fcber das Angebot der einzelnen Anbieter erfahren m\u00f6chtet, klickt einfach auf den Review Button unter dem Wettanbieter Logo. Wollt ihr direkt einen Blick auf die angebotenen <a href=\"https:\/\/www.esports-betting.pro\/de\">eSport Wetten<\/a> im Programm der jeweiligen Buchmachers werfen, klickt auf zur Webseite.<\/p>\n<h2><img loading=\"lazy\" decoding=\"async\" src=\"https:\/\/www.esports-betting.pro\/app\/uploads\/sites\/2\/Dota2-Icon.png\" alt=\"Dota 2 Icon\" width=\"20\" height=\"20\" \/>\u00a0TI8 &#8211; Match Winner<\/h2>\n<h2><img loading=\"lazy\" decoding=\"async\" src=\"https:\/\/www.esports-betting.pro\/app\/uploads\/sites\/2\/Dota2-Icon.png\" alt=\"Dota 2 Icon\" width=\"20\" height=\"20\" \/>\u00a0TI8 &#8211; Gesamtsieger Wettquoten<\/h2>\n<p style=\"text-align: justify;\">Dies ist eine der h\u00e4ufigsten langzeit Wetten in Dota 2, dabei wird auf den Gewinner eines Turnieres gewettet. Gewinnt der Vertrauenstr\u00e4ger das Turnier, gewinnt man den Einsatz x Quote. Diese Wette wird bisher von bet-at-home und betway angeboten. F\u00fcr Dota 2 wird noch eine kleine Variante angeboten: &#8220;Finalisten Wette&#8221;. Hier reicht es schon, dass der Favorit jedenfalls das Finalspiel erreicht, um die Wette zu gewinnen. Im Folgenden Ausschnitte der Wettquoten f\u00fcr die Gesamtsiegerwette &#8211; The International 2018 &#8211; TI8 Dota 2:<\/p>\n<h3 style=\"text-align: center;\"><strong><img loading=\"lazy\" decoding=\"async\" class=\"alignnone\" src=\"https:\/\/www.esports-betting.pro\/app\/uploads\/sites\/2\/2022\/08\/Betway-Logo-100x30-1.jpg\" alt=\"Logo vom Esport Wettanbieter Betway\" width=\"100\" height=\"31\" \/>\u00a0<\/strong><a title=\"Betway Review\" href=\"https:\/\/www.esports-betting.pro\/de\/buchmacher-wettanbieter\/betway-review\/\">Review<\/a>\u00a0<strong><img loading=\"lazy\" decoding=\"async\" class=\"alignnone\" src=\"https:\/\/www.esports-betting.pro\/app\/uploads\/sites\/2\/2022\/08\/Betway-Logo-100x30-1.jpg\" alt=\"Logo vom Esport Wettanbieter Betway\" width=\"100\" height=\"31\" \/><\/strong><img loading=\"lazy\" decoding=\"async\" class=\"aligncenter size-full wp-image-27608\" src=\"https:\/\/www.esports-betting.pro\/app\/uploads\/sites\/2\/Betway-Gesamtsieger-The-International-2018.png\" alt=\"Betway Gesamtsieger - The International 2018\" width=\"488\" height=\"337\" \/><\/h3>\n<p><img loading=\"lazy\" decoding=\"async\" class=\"aligncenter size-full wp-image-27609\" src=\"https:\/\/www.esports-betting.pro\/app\/uploads\/sites\/2\/Gesamtsieger-Teil-2-Betway-The-International-2018.png\" alt=\"Gesamtsieger Teil 2 - Betway The International 2018\" width=\"490\" height=\"338\" \/><\/p>\n<p style=\"text-align: center;\"><strong><a href=\"https:\/\/www.esports-betting.pro\/de\/buchmacher\/betway\">zu den aktuellen Quoten bei Betway &gt;&gt;<\/a><br \/>\n<\/strong><em><strong>Die Quoten auf der Betway Webseite findet ihr im Men\u00fc Links:<\/strong>\u00a0E-Sport &gt;\u00a0Dota 2<\/em><\/p>\n<h2><img loading=\"lazy\" decoding=\"async\" src=\"https:\/\/www.esports-betting.pro\/app\/uploads\/sites\/2\/Dota2-Icon.png\" alt=\"Dota 2 Icon\" width=\"20\" height=\"20\" \/>\u00a0TI8 &#8211; Region des Siegers<\/h2>\n<p style=\"text-align: justify;\">Die Zweite sehr popul\u00e4re Wette auf Dota 2. Anstatt sich auf ein einzelnes Team festlegen zu m\u00fcssen, muss man sich lediglich die Region (aus der das Platz 1 Team) \u00fcberlegen, auf die man setzen m\u00f6chte. Selbstverst\u00e4ndlich sind hier die Gewinnchancen deutlich h\u00f6her, die Gewinnsumme f\u00e4llt dementsprechend meist aber auch kleiner aus. Zur Zeit wird die Wette leider noch nicht im deutschsprachigen Raum angeboten, wir gehen aber davon aus, dass das Angebot in K\u00fcrze folgen wird und halten euch hier\u00a0 auf dem Laufenden.<\/p>\n<h2><img loading=\"lazy\" decoding=\"async\" src=\"https:\/\/www.esports-betting.pro\/app\/uploads\/sites\/2\/Dota2-Icon.png\" alt=\"Dota 2 Icon\" width=\"20\" height=\"20\" \/>\u00a0In-Game Wetten<\/h2>\n<p style=\"text-align: justify;\">Die In-Game Wetten gehen nach gro\u00dfem Erfolg im Vorjahr in die zweite Runde. Auch Valve m\u00f6chte in seinem Rahmen Wetten erlauben und hat ein Token-basiertes Tippspiel etabliert. Besitzer eines Battlepass k\u00f6nnen bis zu 1000 ihrer Tokens (pro Woche) auf Matches setzen, mit der Aussicht die Tokens zu verdoppeln, falls sie richtig liegen. Das Grundgehalt an Tokens wird w\u00f6chentlich auf die Konten der Spieler gutgeschrieben.\u00a0 Mit 1000 Tokens kann man beispielsweise ein Level aufsteigen, um langsam weitere In-Game Designs freizuschalten.<\/p>\n<p><img loading=\"lazy\" decoding=\"async\" class=\"aligncenter size-full wp-image-27606\" src=\"https:\/\/www.esports-betting.pro\/app\/uploads\/sites\/2\/TI8-International-In-Game-Wetten.jpg\" alt=\"TI8 International In-Game Wetten\" width=\"549\" height=\"144\" \/><\/p>\n<p>Mehr \u00fcber das Dota 2 &#8211; The International 2018<\/p>\n<ul>\n<li><a href=\"https:\/\/www.esports-betting.pro\/de\/dota2\/ti8-the-international-2018\/\">The International 2018 (TI8) &#8211; Turnier\u00fcbersicht<\/a><\/li>\n<li><a href=\"https:\/\/www.esports-betting.pro\/de\/dota2\/ti8-the-international-2018\/teams-und-spieler\/\">The International 2018 (TI8) &#8211; Teams & Spieler<\/a><\/li>\n<\/ul>\n","protected":false},"excerpt":{"rendered":"<p>Mit dem TI8 l\u00e4sst Dota 2 einmal im Jahr von sich h\u00f6ren; dann aber mit einem Paukenschlag. The International 2018\u00a0gilt als das Gro\u00dfevent im eSport schlechthin. Mit einem j\u00e4hrlichen Besucher-und Preisgeld Rekord, tourt das Turnier au\u00dferdem durch internationale Presse. Nachdem im Vorjahr der\u00a0LoL Weltmeisterschaft\u00a0f\u00fcr ihre Liveshow einen Emmy verliehen wurde, schielt nun auch das Organisationskomitee &hellip; <a href=\"https:\/\/www.esports-betting.pro\/de\/dota2\/ti8-the-international-2018\/wettquoten\/\">Continued<\/a><\/p>\n","protected":false},"author":24,"featured_media":0,"parent":25431,"menu_order":0,"comment_status":"closed","ping_status":"closed","template":"","meta":{"_acf_changed":false,"footnotes":""},"acf":[],"yoast_head":"<!-- This site is optimized with the Yoast SEO plugin v22.6 - https:\/\/yoast.com\/wordpress\/plugins\/seo\/ -->\n<title>Wettquoten und Turnier\u00fcbersicht - The International 2018 | Dota 2<\/title>\n<meta name=\"description\" content=\"Das TI8 Dota 2 - The International 2018 r\u00fcckt n\u00e4her und n\u00e4her. Die Wettanbieter versorgen uns schon jetzt mit brandaktuellen Quoten. Lest mehr:\" \/>\n<meta name=\"robots\" content=\"index, follow, max-snippet:-1, max-image-preview:large, max-video-preview:-1\" \/>\n<link rel=\"canonical\" href=\"https:\/\/www.esports-betting.pro\/de\/dota2\/ti8-the-international-2018\/wettquoten\/\" \/>\n<meta property=\"og:locale\" content=\"de_DE\" \/>\n<meta property=\"og:type\" content=\"article\" \/>\n<meta property=\"og:title\" content=\"Wettquoten und Turnier\u00fcbersicht - The International 2018 | Dota 2\" \/>\n<meta property=\"og:description\" content=\"Das TI8 Dota 2 - The International 2018 r\u00fcckt n\u00e4her und n\u00e4her. Die Wettanbieter versorgen uns schon jetzt mit brandaktuellen Quoten. Lest mehr:\" \/>\n<meta property=\"og:url\" content=\"https:\/\/www.esports-betting.pro\/de\/dota2\/ti8-the-international-2018\/wettquoten\/\" \/>\n<meta property=\"og:site_name\" content=\"Esports Betting - DE\" \/>\n<meta property=\"article:modified_time\" content=\"2024-02-23T10:55:32+00:00\" \/>\n<meta property=\"og:image\" content=\"https:\/\/www.esports-betting.pro\/app\/uploads\/sites\/2\/Dota2-Icon.png\" \/>\n<meta name=\"twitter:card\" content=\"summary_large_image\" \/>\n<meta name=\"twitter:label1\" content=\"Est. reading time\" \/>\n\t<meta name=\"twitter:data1\" content=\"5 Minuten\" \/>\n<script type=\"application\/ld+json\" class=\"yoast-schema-graph\">{\"@context\":\"https:\/\/schema.org\",\"@graph\":[{\"@type\":\"WebPage\",\"@id\":\"https:\/\/www.esports-betting.pro\/de\/dota2\/ti8-the-international-2018\/wettquoten\/\",\"url\":\"https:\/\/www.esports-betting.pro\/de\/dota2\/ti8-the-international-2018\/wettquoten\/\",\"name\":\"Wettquoten und Turnier\u00fcbersicht - The International 2018 | Dota 2\",\"isPartOf\":{\"@id\":\"https:\/\/www.esports-betting.pro\/de\/#website\"},\"primaryImageOfPage\":{\"@id\":\"https:\/\/www.esports-betting.pro\/de\/dota2\/ti8-the-international-2018\/wettquoten\/#primaryimage\"},\"image\":{\"@id\":\"https:\/\/www.esports-betting.pro\/de\/dota2\/ti8-the-international-2018\/wettquoten\/#primaryimage\"},\"thumbnailUrl\":\"https:\/\/www.esports-betting.pro\/app\/uploads\/sites\/2\/Dota2-Icon.png\",\"datePublished\":\"2018-07-21T16:29:07+00:00\",\"dateModified\":\"2024-02-23T10:55:32+00:00\",\"description\":\"Das TI8 Dota 2 - The International 2018 r\u00fcckt n\u00e4her und n\u00e4her. Die Wettanbieter versorgen uns schon jetzt mit brandaktuellen Quoten. Lest mehr:\",\"breadcrumb\":{\"@id\":\"https:\/\/www.esports-betting.pro\/de\/dota2\/ti8-the-international-2018\/wettquoten\/#breadcrumb\"},\"inLanguage\":\"de-DE\",\"potentialAction\":[{\"@type\":\"ReadAction\",\"target\":[\"https:\/\/www.esports-betting.pro\/de\/dota2\/ti8-the-international-2018\/wettquoten\/\"]}]},{\"@type\":\"ImageObject\",\"inLanguage\":\"de-DE\",\"@id\":\"https:\/\/www.esports-betting.pro\/de\/dota2\/ti8-the-international-2018\/wettquoten\/#primaryimage\",\"url\":\"https:\/\/www.esports-betting.pro\/app\/uploads\/sites\/2\/Dota2-Icon.png\",\"contentUrl\":\"https:\/\/www.esports-betting.pro\/app\/uploads\/sites\/2\/Dota2-Icon.png\"},{\"@type\":\"BreadcrumbList\",\"@id\":\"https:\/\/www.esports-betting.pro\/de\/dota2\/ti8-the-international-2018\/wettquoten\/#breadcrumb\",\"itemListElement\":[{\"@type\":\"ListItem\",\"position\":1,\"name\":\"Home\",\"item\":\"https:\/\/www.esports-betting.pro\/de\/\"},{\"@type\":\"ListItem\",\"position\":2,\"name\":\"Dota 2 Wetten &#8211; Wettanbieter und Quoten\",\"item\":\"https:\/\/www.esports-betting.pro\/de\/dota2\/\"},{\"@type\":\"ListItem\",\"position\":3,\"name\":\"The International 2018 | Dota 2 &#8211; TI8 Turnier\u00fcbersicht\",\"item\":\"https:\/\/www.esports-betting.pro\/de\/dota2\/ti8-the-international-2018\/\"},{\"@type\":\"ListItem\",\"position\":4,\"name\":\"Wettquoten &#8211; The International 2018 &#8211; TI8 Dota 2\"}]},{\"@type\":\"WebSite\",\"@id\":\"https:\/\/www.esports-betting.pro\/de\/#website\",\"url\":\"https:\/\/www.esports-betting.pro\/de\/\",\"name\":\"Esports Betting - DE\",\"description\":\"Just another Esports Betting Sites site\",\"potentialAction\":[{\"@type\":\"SearchAction\",\"target\":{\"@type\":\"EntryPoint\",\"urlTemplate\":\"https:\/\/www.esports-betting.pro\/de\/?s={search_term_string}\"},\"query-input\":\"required name=search_term_string\"}],\"inLanguage\":\"de-DE\"}]}<\/script>\n<!-- \/ Yoast SEO plugin. -->","yoast_head_json":{"title":"Wettquoten und Turnier\u00fcbersicht - The International 2018 | Dota 2","description":"Das TI8 Dota 2 - The International 2018 r\u00fcckt n\u00e4her und n\u00e4her. Die Wettanbieter versorgen uns schon jetzt mit brandaktuellen Quoten. Lest mehr:","robots":{"index":"index","follow":"follow","max-snippet":"max-snippet:-1","max-image-preview":"max-image-preview:large","max-video-preview":"max-video-preview:-1"},"canonical":"https:\/\/www.esports-betting.pro\/de\/dota2\/ti8-the-international-2018\/wettquoten\/","og_locale":"de_DE","og_type":"article","og_title":"Wettquoten und Turnier\u00fcbersicht - The International 2018 | Dota 2","og_description":"Das TI8 Dota 2 - The International 2018 r\u00fcckt n\u00e4her und n\u00e4her. Die Wettanbieter versorgen uns schon jetzt mit brandaktuellen Quoten. Lest mehr:","og_url":"https:\/\/www.esports-betting.pro\/de\/dota2\/ti8-the-international-2018\/wettquoten\/","og_site_name":"Esports Betting - DE","article_modified_time":"2024-02-23T10:55:32+00:00","og_image":[{"url":"https:\/\/www.esports-betting.pro\/app\/uploads\/sites\/2\/Dota2-Icon.png"}],"twitter_card":"summary_large_image","twitter_misc":{"Est. reading time":"5 Minuten"},"schema":{"@context":"https:\/\/schema.org","@graph":[{"@type":"WebPage","@id":"https:\/\/www.esports-betting.pro\/de\/dota2\/ti8-the-international-2018\/wettquoten\/","url":"https:\/\/www.esports-betting.pro\/de\/dota2\/ti8-the-international-2018\/wettquoten\/","name":"Wettquoten und Turnier\u00fcbersicht - The International 2018 | Dota 2","isPartOf":{"@id":"https:\/\/www.esports-betting.pro\/de\/#website"},"primaryImageOfPage":{"@id":"https:\/\/www.esports-betting.pro\/de\/dota2\/ti8-the-international-2018\/wettquoten\/#primaryimage"},"image":{"@id":"https:\/\/www.esports-betting.pro\/de\/dota2\/ti8-the-international-2018\/wettquoten\/#primaryimage"},"thumbnailUrl":"https:\/\/www.esports-betting.pro\/app\/uploads\/sites\/2\/Dota2-Icon.png","datePublished":"2018-07-21T16:29:07+00:00","dateModified":"2024-02-23T10:55:32+00:00","description":"Das TI8 Dota 2 - The International 2018 r\u00fcckt n\u00e4her und n\u00e4her. Die Wettanbieter versorgen uns schon jetzt mit brandaktuellen Quoten. Lest mehr:","breadcrumb":{"@id":"https:\/\/www.esports-betting.pro\/de\/dota2\/ti8-the-international-2018\/wettquoten\/#breadcrumb"},"inLanguage":"de-DE","potentialAction":[{"@type":"ReadAction","target":["https:\/\/www.esports-betting.pro\/de\/dota2\/ti8-the-international-2018\/wettquoten\/"]}]},{"@type":"ImageObject","inLanguage":"de-DE","@id":"https:\/\/www.esports-betting.pro\/de\/dota2\/ti8-the-international-2018\/wettquoten\/#primaryimage","url":"https:\/\/www.esports-betting.pro\/app\/uploads\/sites\/2\/Dota2-Icon.png","contentUrl":"https:\/\/www.esports-betting.pro\/app\/uploads\/sites\/2\/Dota2-Icon.png"},{"@type":"BreadcrumbList","@id":"https:\/\/www.esports-betting.pro\/de\/dota2\/ti8-the-international-2018\/wettquoten\/#breadcrumb","itemListElement":[{"@type":"ListItem","position":1,"name":"Home","item":"https:\/\/www.esports-betting.pro\/de\/"},{"@type":"ListItem","position":2,"name":"Dota 2 Wetten &#8211; Wettanbieter und Quoten","item":"https:\/\/www.esports-betting.pro\/de\/dota2\/"},{"@type":"ListItem","position":3,"name":"The International 2018 | Dota 2 &#8211; TI8 Turnier\u00fcbersicht","item":"https:\/\/www.esports-betting.pro\/de\/dota2\/ti8-the-international-2018\/"},{"@type":"ListItem","position":4,"name":"Wettquoten &#8211; The International 2018 &#8211; TI8 Dota 2"}]},{"@type":"WebSite","@id":"https:\/\/www.esports-betting.pro\/de\/#website","url":"https:\/\/www.esports-betting.pro\/de\/","name":"Esports Betting - DE","description":"Just another Esports Betting Sites site","potentialAction":[{"@type":"SearchAction","target":{"@type":"EntryPoint","urlTemplate":"https:\/\/www.esports-betting.pro\/de\/?s={search_term_string}"},"query-input":"required name=search_term_string"}],"inLanguage":"de-DE"}]}},"_links":{"self":[{"href":"https:\/\/www.esports-betting.pro\/de\/wp-json\/wp\/v2\/pages\/27601"}],"collection":[{"href":"https:\/\/www.esports-betting.pro\/de\/wp-json\/wp\/v2\/pages"}],"about":[{"href":"https:\/\/www.esports-betting.pro\/de\/wp-json\/wp\/v2\/types\/page"}],"author":[{"embeddable":true,"href":"https:\/\/www.esports-betting.pro\/de\/wp-json\/wp\/v2\/users\/24"}],"replies":[{"embeddable":true,"href":"https:\/\/www.esports-betting.pro\/de\/wp-json\/wp\/v2\/comments?post=27601"}],"version-history":[{"count":2,"href":"https:\/\/www.esports-betting.pro\/de\/wp-json\/wp\/v2\/pages\/27601\/revisions"}],"predecessor-version":[{"id":52979,"href":"https:\/\/www.esports-betting.pro\/de\/wp-json\/wp\/v2\/pages\/27601\/revisions\/52979"}],"up":[{"embeddable":true,"href":"https:\/\/www.esports-betting.pro\/de\/wp-json\/wp\/v2\/pages\/25431"}],"wp:attachment":[{"href":"https:\/\/www.esports-betting.pro\/de\/wp-json\/wp\/v2\/media?parent=27601"}],"curies":[{"name":"wp","href":"https:\/\/api.w.org\/{rel}","templated":true}]}}