{"id":27464,"date":"2018-07-16T16:48:49","date_gmt":"2018-07-16T15:48:49","guid":{"rendered":"https:\/\/www.esports-betting.pro\/de\/?page_id=27464"},"modified":"2024-02-21T07:48:19","modified_gmt":"2024-02-21T07:48:19","slug":"global-invitational-berlin-2018","status":"publish","type":"page","link":"https:\/\/www.esports-betting.pro\/de\/pubg\/global-invitational-berlin-2018\/","title":{"rendered":"PUBG Global Invitational Berlin 2018 | Wettquoten und Turnier\u00fcbersicht f\u00fcr das Hauptstadtturnier"},"content":{"rendered":"<p style=\"text-align: justify;\"><img loading=\"lazy\" decoding=\"async\" class=\"aligncenter size-full wp-image-29758\" src=\"https:\/\/www.esports-betting.pro\/app\/uploads\/sites\/2\/PUBG-Mobile.jpg\" alt=\"\" width=\"800\" height=\"230\" \/><br \/>\nPUBG z\u00e4hlt als Neueinsteiger unter den eSport Franchise Titeln und wir von <a href=\"https:\/\/www.esports-betting.pro\/de\/\">eSport-wetten<\/a> sehen gro\u00dfes Potential hinsichtlich neuer eSport Wettm\u00f6glichkeiten. Ende Juli l\u00e4dt das PUBG Global Invitational Berlin 2018 20 Teams in die sch\u00f6ne Hauptstadt und die Kandidaten d\u00fcrfen um 2 Million Euro Preisgeld ringen. Dem Genre entsprechend erwarten uns spannende Schlachten mit einem Crescendo an Spannung zum Ende der immer kleiner werdenden Spielwelt in PUBG. Den gewaltigen Fortschritt des eSport Franchise kann man in nur zwei Jahren PUBG-Geschichte nachvollziehen. Das <a href=\"https:\/\/www.esports-betting.pro\/de\/pubg\/dreamhack-winter-2017\/\">PUBG Dreamhack Winter 2017<\/a>\u00a0fand damals nur auf kleiner Nebenb\u00fchne statt. Ein Jahr sp\u00e4ter folgte bereits das erste PUBG Invitational, dass als Disziplin im IEM Katowice 2018 angeboten wurde. Dort hatten schon 16 Teams teilgenommen, aber es wurde gerade einmal um 50 Tausend Dollar Preisgeld gespielt.<br \/>\nMit dem Hauptstadtturnier sollte PUBG seine wahre Klasse beweisen k\u00f6nnen und im Folgenden haben wir f\u00fcr euch eine \u00dcbersicht \u00fcber das Turnier erstellt:<\/p>\n<h2><img loading=\"lazy\" decoding=\"async\" class=\"alignnone wp-image-21035\" src=\"https:\/\/www.esports-betting.pro\/app\/uploads\/sites\/2\/pubg-icon.jpg\" alt=\"pubg icon\" width=\"20\" height=\"20\" \/> PUBG Global Invitational Berlin 2018 \u00a0&#8211; Alle Fakten auf den Punkt gebracht<\/h2>\n<div style=\"float: right; width: 180px; height: 220px; text-align: center;\"><strong>Navigation:<\/strong><img loading=\"lazy\" decoding=\"async\" class=\"aligncenter\" src=\"https:\/\/www.esports-betting.pro\/app\/uploads\/sites\/2\/Wettquoten-Button.jpg\" alt=\"Button mit Link zu Wettquoten\" width=\"180\" height=\"50\" \/> <img loading=\"lazy\" decoding=\"async\" class=\"aligncenter\" src=\"https:\/\/www.esports-betting.pro\/app\/uploads\/sites\/2\/Spezialwetten-Button.jpg\" alt=\"Button Link zu Spezial Wetten\" width=\"180\" height=\"50\" \/><a href=\"#livestream\"><img loading=\"lazy\" decoding=\"async\" class=\"aligncenter\" src=\"https:\/\/www.esports-betting.pro\/app\/uploads\/sites\/2\/Live-Stream-Button.jpg\" alt=\"Button mit Link zur PUBG Invitational Berlin 2018 Livestream\" width=\"180\" height=\"50\" \/><\/a><\/div>\n<ul>\n<li><strong>Datum:<\/strong>\u00a025.07.2018 &#8211; 29.07.2018<\/li>\n<li><strong>Turniertyp:\u00a0<\/strong>Offline<\/li>\n<li><strong>Ort: <\/strong>Berlin<\/li>\n<li><strong>Format:\u00a0<\/strong>TPP & FPP Squad Turnier<\/li>\n<li><strong>Preisgeld: <\/strong>2.000.000 \u20ac<\/li>\n<li><strong>Anzahl der Teams: <\/strong>20<\/li>\n<li><strong><a href=\"#wettquoten\">Wetten und Quoten<\/a><\/strong><\/li>\n<li><a href=\"#livestream\"><strong>Livestream<\/strong><\/a><\/li>\n<\/ul>\n<h2><img loading=\"lazy\" decoding=\"async\" class=\"alignnone wp-image-21035\" src=\"https:\/\/www.esports-betting.pro\/app\/uploads\/sites\/2\/pubg-icon.jpg\" alt=\"pubg icon\" width=\"20\" height=\"20\" \/> Turnier Format &#8211; 20 Teams werden teilnehmen<\/h2>\n<p style=\"text-align: justify;\">20 Teams sind f\u00fcr das PUBG Global Invitational Berlin 2018 nominiert: Jeweils 1-3 Teams stehen f\u00fcr die vielen verschiedenen Regionen (mehr im Abschnitt Teams). Das Turnier wird sowohl eine Third Person Kategorie (TPP) als auch eine First Person Kategorie (FPP) anbieten, da beide Spielmodi erhebliche Unterschiede in der Spieldynamik bedeuten. Beide Kategorien werden in jeweils 8 Runden ausgespielt &#8211; ingesamt wird es also 16 Runden geben. Daher erwarten uns an vier Tagen, jeweils vier spannende Partien PUBG.<\/p>\n<h2><img loading=\"lazy\" decoding=\"async\" class=\"alignnone wp-image-21035\" src=\"https:\/\/www.esports-betting.pro\/app\/uploads\/sites\/2\/pubg-icon.jpg\" alt=\"pubg icon\" width=\"20\" height=\"20\" \/> <a id=\"wettquoten\"><\/a>PUBG Global Invitational Berlin 2018 &#8211; Wettquoten &#8211; Gute Quoten f\u00fcr das Event<img loading=\"lazy\" decoding=\"async\" class=\"size-full wp-image-27508 alignright\" src=\"https:\/\/www.esports-betting.pro\/app\/uploads\/sites\/2\/PUBG-Global-Invitational-Berlin-2018-Tournament-Logo.png\" alt=\"PUBG Global Invitational Berlin 2018 Tournament Logo\" width=\"200\" height=\"200\" \/><\/h2>\n<p style=\"text-align: justify;\">Wir gehen sehr wahrscheinlich davon aus, dass die\u00a0<a href=\"https:\/\/www.esports-betting.pro\/de\/pubg\/\">PUBG Wetten<\/a>\u00a0von den Buchmachern kurz vor Beginn des Turniers ver\u00f6ffentlicht werden. Vor Allem f\u00fcr neue Games mit neuen Spielern braucht es deutlich mehr Zeit, Quoten de novo zu bestimmen. Zur Zeit liegen uns daher noch keine konkreten Quoten vor, wir werden euch an dieser Stelle informieren sobald die Quoten ver\u00f6ffentlicht sind. Hier der Link zum Buchmacher:<\/p>\n<h3>Wettquoten im Vergleich<\/h3>\n<p style=\"text-align: justify;\">PUBG Quoten sind aufgrund der schnellen Spieldynamik und weniger Referenz-Turniere aktuell noch sehr schwer einzusch\u00e4tzen. Das k\u00f6nnte teils gro\u00dfe Differenzen zwischen den Meinungen der Analysten bedeuten. F\u00fcr PlayerUnknown\u00b4s Battlegrounds lohnt es sich also umso mehr, die Quoten der Buchmacher untereinander zu vergleichen. F\u00fcr euch immer die besten PUBG Wettquoten.<\/p>\n<h2><img loading=\"lazy\" decoding=\"async\" class=\"alignnone wp-image-21035\" src=\"https:\/\/www.esports-betting.pro\/app\/uploads\/sites\/2\/pubg-icon.jpg\" alt=\"pubg icon\" width=\"20\" height=\"20\" \/> Teams<\/h2>\n<h3>Europa<\/h3>\n<ul>\n<li><strong><img loading=\"lazy\" decoding=\"async\" class=\"alignnone size-full wp-image-27479\" src=\"https:\/\/www.esports-betting.pro\/app\/uploads\/sites\/2\/Team-Liquid-Playerunknowns-Battlegrounds-PUBG-Team-Logo.png\" alt=\"Team Liquid Playerunknowns Battlegrounds PUBG Team Logo\" width=\"42\" height=\"42\" \/> Team Liquid:\u00a0<\/strong>Scoom, Jeemzz, Sambty, Ibiza<\/li>\n<li><strong><strong><img loading=\"lazy\" decoding=\"async\" class=\"size-full wp-image-27480 \" src=\"https:\/\/www.esports-betting.pro\/app\/uploads\/sites\/2\/Welcome-To-South-George-Playerunknowns-Battlegrounds-PUBG-Team-Logo.png\" alt=\"Welcome To South George Playerunknowns Battlegrounds PUBG Team Logo\" width=\"42\" height=\"42\" \/><\/strong>\u00a0Welcome to South George:\u00a0<\/strong>MiracU, Gaxy, vard, Larsen<\/li>\n<li><strong><img loading=\"lazy\" decoding=\"async\" class=\"alignnone size-full wp-image-27481\" src=\"https:\/\/www.esports-betting.pro\/app\/uploads\/sites\/2\/Pittsburgh-Knights-Playerunknowns-Battlegrounds-PUBG-Team-Logo.png\" alt=\"Pittsburgh Knights Playerunknowns Battlegrounds PUBG Team Logo\" width=\"42\" height=\"42\" \/>\u00a0Knights:\u00a0<\/strong>Voxsic, Draedon, TEXQS, Krama<\/li>\n<\/ul>\n<h3>Nord Amerika<\/h3>\n<ul>\n<li><strong><img loading=\"lazy\" decoding=\"async\" class=\"size-full wp-image-27483 \" src=\"https:\/\/www.esports-betting.pro\/app\/uploads\/sites\/2\/Team-Gates-Playerunknowns-Battlegrounds-PUBG-Team-Logo.png\" alt=\"Team Gates Playerunknowns Battlegrounds PUBG Team Logo\" width=\"42\" height=\"42\" \/> Team Gates:\u00a0<\/strong>Exko, Cillo, Mossy, Mortify<\/li>\n<li><strong><img loading=\"lazy\" decoding=\"async\" class=\"size-full wp-image-27484 \" src=\"https:\/\/www.esports-betting.pro\/app\/uploads\/sites\/2\/Ghost-Gaming-Playerunknowns-Battlegrounds-PUBG-Team-Logo.png\" alt=\"Ghost Gaming Playerunknowns Battlegrounds PUBG Team Logo\" width=\"42\" height=\"42\" \/> Ghost Gaming:\u00a0<\/strong>Pr0phie, Miccoy, Cad3n, Venerated<\/li>\n<li><strong><img loading=\"lazy\" decoding=\"async\" class=\"size-full wp-image-27485 \" src=\"https:\/\/www.esports-betting.pro\/app\/uploads\/sites\/2\/Honey-Badger-Nation-Playerunknowns-Battlegrounds-PUBG-Team-Logo.png\" alt=\"Honey Badger Nation Playerunknowns Battlegrounds PUBG Team Logo\" width=\"42\" height=\"42\" \/> Honey Badger Nation:\u00a0<\/strong>Fastrail, BadassBOMB, GrislyMallard, timid<\/li>\n<\/ul>\n<h3>Asien<\/h3>\n<ul>\n<li><strong><img loading=\"lazy\" decoding=\"async\" class=\"size-full wp-image-27486 \" src=\"https:\/\/www.esports-betting.pro\/app\/uploads\/sites\/2\/Refund-Gaming-Playerunknowns-Battlegrounds-PUBG-Team-Logo.png\" alt=\"Refund Gaming Playerunknowns Battlegrounds PUBG Team Logo\" width=\"42\" height=\"42\" \/> Refund Gaming:\u00a0<\/strong>FunkyM, Pino N.T.K, MeoU, Djchip<\/li>\n<li><strong><img loading=\"lazy\" decoding=\"async\" class=\"size-full wp-image-27487 \" src=\"https:\/\/www.esports-betting.pro\/app\/uploads\/sites\/2\/Made-In-Thailand-Playerunknowns-Battlegrounds-PUBG-Team-Logo.png\" alt=\"Made In Thailand Playerunknowns Battlegrounds PUBG Team Logo\" width=\"42\" height=\"42\" \/> Made in Thailand:\u00a0<\/strong>MinORu, SviTT, Ezqelusia, HonBoya<\/li>\n<li><strong><img loading=\"lazy\" decoding=\"async\" class=\"size-full wp-image-27488 \" src=\"https:\/\/www.esports-betting.pro\/app\/uploads\/sites\/2\/ahq-eSports-Club-Playerunknowns-Battlegrounds-PUBG-Team-Logo.png\" alt=\"ahq eSports Club Playerunknowns Battlegrounds PUBG Team Logo\" width=\"42\" height=\"42\" \/> ahq e-Sports Club:\u00a0<\/strong>K3, Waisun, M4, W1nner<\/li>\n<\/ul>\n<h3>CIS<\/h3>\n<ul>\n<li><strong><img loading=\"lazy\" decoding=\"async\" class=\"size-full wp-image-27489 \" src=\"https:\/\/www.esports-betting.pro\/app\/uploads\/sites\/2\/Natus-Vincere-Playerunknowns-Battlegrounds-PUBG-Team-Logo.png\" alt=\"Natus Vincere Playerunknowns Battlegrounds PUBG Team Logo\" width=\"42\" height=\"42\" \/> NaVi:\u00a0<\/strong>iLame_ru, Drainys, pijamaenota, POKAMOLODOY<\/li>\n<li><strong><img loading=\"lazy\" decoding=\"async\" class=\"size-full wp-image-27490 \" src=\"https:\/\/www.esports-betting.pro\/app\/uploads\/sites\/2\/AVANGAR-Playerunknowns-Battlegrounds-PUBG-Team-Logo.png\" alt=\"AVANGAR Playerunknowns Battlegrounds PUBG Team Logo\" width=\"42\" height=\"42\" \/> AVANGAR:\u00a0<\/strong>DieZzz, keenNN, MuMiNo, 0nuqtive<\/li>\n<\/ul>\n<h3>Korea<\/h3>\n<ul>\n<li><strong><img loading=\"lazy\" decoding=\"async\" class=\"size-full wp-image-27491 \" src=\"https:\/\/www.esports-betting.pro\/app\/uploads\/sites\/2\/GenG-Gold-Playerunknowns-Battlegrounds-PUBG-Team-Logo.png\" alt=\"GenG Gold Playerunknowns Battlegrounds PUBG Team Logo\" width=\"42\" height=\"42\" \/> Gen.G Gold:<\/strong>\u00a0Chelator, Loki, EscA, SimSn<\/li>\n<li><strong><img loading=\"lazy\" decoding=\"async\" class=\"size-full wp-image-27492 \" src=\"https:\/\/www.esports-betting.pro\/app\/uploads\/sites\/2\/GenG-BlacK-Playerunknowns-Battlegrounds-PUBG-Team-Logo.png\" alt=\"GenG BlacK Playerunknowns Battlegrounds PUBG Team Logo\" width=\"42\" height=\"42\" \/> Gen.G Black:<\/strong>\u00a0YoonRoot, ESTH3R, SexyPIG, Gramatic<\/li>\n<\/ul>\n<h3>China<\/h3>\n<ul>\n<li><strong><img loading=\"lazy\" decoding=\"async\" class=\"size-full wp-image-27493 \" src=\"https:\/\/www.esports-betting.pro\/app\/uploads\/sites\/2\/Oh-My-God-Playerunknowns-Battlegrounds-PUBG-Team-Logo.png\" alt=\"Oh My God Playerunknowns Battlegrounds PUBG Team Logo\" width=\"42\" height=\"42\" \/> OH MY GOD:\u00a0<\/strong>xiaorong, xiaohaixxx, lionkk, silentBT_<\/li>\n<li><strong><img loading=\"lazy\" decoding=\"async\" class=\"size-full wp-image-27494 \" src=\"https:\/\/www.esports-betting.pro\/app\/uploads\/sites\/2\/Four-Angry-Men-Playerunknowns-Battlegrounds-PUBG-Team-Logo.png\" alt=\"Four Angry Men Playerunknowns Battlegrounds PUBG Team Logo\" width=\"42\" height=\"42\" \/> Four Angry Men:\u00a0<\/strong>GODV, CPT, Aluka, GuCun<\/li>\n<\/ul>\n<h3>Japan<\/h3>\n<ul>\n<li><strong><img loading=\"lazy\" decoding=\"async\" class=\"size-full wp-image-27495 \" src=\"https:\/\/www.esports-betting.pro\/app\/uploads\/sites\/2\/Crest-Gaming-Xanadu-Playerunknowns-Battlegrounds-PUBG-Team-Logo.png\" alt=\"Crest Gaming Xanadu Playerunknowns Battlegrounds PUBG Team Logo\" width=\"42\" height=\"42\" \/> Crest Gaming Xanadu:\u00a0<\/strong>Shianblue, Kaiph0ne, Aries, Rio01<\/li>\n<li><strong><img loading=\"lazy\" decoding=\"async\" class=\"size-full wp-image-27496 \" src=\"https:\/\/www.esports-betting.pro\/app\/uploads\/sites\/2\/Crest-Gaming-WindFall-Playerunknowns-Battlegrounds-PUBG-Team-Logo.png\" alt=\"Crest Gaming WindFall Playerunknowns Battlegrounds PUBG Team Logo\" width=\"42\" height=\"42\" \/> Crest Gaming Windfall:\u00a0<\/strong>LevArie, kurad, MarimoSTAR, MrYoppy<\/li>\n<\/ul>\n<h3>Latein Amerika<\/h3>\n<ul>\n<li><strong><img loading=\"lazy\" decoding=\"async\" class=\"size-full wp-image-27497 \" src=\"https:\/\/www.esports-betting.pro\/app\/uploads\/sites\/2\/Savage-Esports-Playerunknowns-Battlegrounds-PUBG-Team-Logo.png\" alt=\"Savage Esports Playerunknowns Battlegrounds PUBG Team Logo\" width=\"42\" height=\"42\" \/> Savage Esports:\u00a0<\/strong>RagnarLoth, Maikzj, Loquix, SzylzEN<\/li>\n<\/ul>\n<h3>Ozeanien<\/h3>\n<ul>\n<li><strong><img loading=\"lazy\" decoding=\"async\" class=\"size-full wp-image-27498 \" src=\"https:\/\/www.esports-betting.pro\/app\/uploads\/sites\/2\/Chiefs-eSports-Club-Playerunknowns-Battlegrounds-PUBG-Team-Logo.png\" alt=\"Chiefs eSports Club Playerunknowns Battlegrounds PUBG Team Logo\" width=\"42\" height=\"42\" \/> Chiefs Esports Club:\u00a0<\/strong>kritikalmotion, eDGe, Champzzzz, P_for_Potato<\/li>\n<\/ul>\n<h3>Mittlerer Osten<\/h3>\n<ul>\n<li><strong><img loading=\"lazy\" decoding=\"async\" class=\"size-full wp-image-27499 \" src=\"https:\/\/www.esports-betting.pro\/app\/uploads\/sites\/2\/OyunHizmetleri-eSports-Playerunknowns-Battlegrounds-PUBG-Team-Logo.png\" alt=\"OyunHizmetleri eSports Playerunknowns Battlegrounds PUBG Team Logo\" width=\"42\" height=\"42\" \/> OyunHizmetleri eSports:\u00a0<\/strong>POLLADERUC, Colorist, tmhMM, MrSedaT<\/li>\n<\/ul>\n<h2><a id=\"live-stream\"><\/a><img loading=\"lazy\" decoding=\"async\" class=\"alignnone wp-image-21035\" src=\"https:\/\/www.esports-betting.pro\/app\/uploads\/sites\/2\/pubg-icon.jpg\" alt=\"pubg icon\" width=\"20\" height=\"20\" \/> PUBG Global Invitational Berlin 2018 Livestream<\/h2>\n<p style=\"text-align: justify;\">Nach dem Veranstalter (Bluehole) wird es aller Voraussicht nach einen Livestream geben.\u00a0 Der Stream wird auf den einschl\u00e4gigen Plattformen &#8211; Twitch und Youtube live geschaltet. Auch esport-wetten wird euch den Stream sobald mehr bekannt gegeben worden ist, hier auf der Seite einbetten.<\/p>\n","protected":false},"excerpt":{"rendered":"<p>PUBG z\u00e4hlt als Neueinsteiger unter den eSport Franchise Titeln und wir von eSport-wetten sehen gro\u00dfes Potential hinsichtlich neuer eSport Wettm\u00f6glichkeiten. Ende Juli l\u00e4dt das PUBG Global Invitational Berlin 2018 20 Teams in die sch\u00f6ne Hauptstadt und die Kandidaten d\u00fcrfen um 2 Million Euro Preisgeld ringen. Dem Genre entsprechend erwarten uns spannende Schlachten mit einem Crescendo &hellip; <a href=\"https:\/\/www.esports-betting.pro\/de\/pubg\/global-invitational-berlin-2018\/\">Continued<\/a><\/p>\n","protected":false},"author":24,"featured_media":0,"parent":19542,"menu_order":0,"comment_status":"closed","ping_status":"closed","template":"","meta":{"_acf_changed":false,"footnotes":""},"acf":[],"yoast_head":"<!-- This site is optimized with the Yoast SEO plugin v22.6 - https:\/\/yoast.com\/wordpress\/plugins\/seo\/ -->\n<title>PUBG Global Invitational Berlin 2018 | Turnier\u00fcbersicht und Wettquoten<\/title>\n<meta name=\"description\" content=\"Das PUBG Global Invitational 2018 l\u00e4dt mit Rekord-Preisgeld nach Berlin! Alles \u00fcber Wettm\u00f6glichkeiten und brandaktuelle Turnierinformationen bei uns:\" \/>\n<meta name=\"robots\" content=\"index, follow, max-snippet:-1, max-image-preview:large, max-video-preview:-1\" \/>\n<link rel=\"canonical\" href=\"https:\/\/www.esports-betting.pro\/de\/pubg\/global-invitational-berlin-2018\/\" \/>\n<meta property=\"og:locale\" content=\"de_DE\" \/>\n<meta property=\"og:type\" content=\"article\" \/>\n<meta property=\"og:title\" content=\"PUBG Global Invitational Berlin 2018 | Turnier\u00fcbersicht und Wettquoten\" \/>\n<meta property=\"og:description\" content=\"Das PUBG Global Invitational 2018 l\u00e4dt mit Rekord-Preisgeld nach Berlin! Alles \u00fcber Wettm\u00f6glichkeiten und brandaktuelle Turnierinformationen bei uns:\" \/>\n<meta property=\"og:url\" content=\"https:\/\/www.esports-betting.pro\/de\/pubg\/global-invitational-berlin-2018\/\" \/>\n<meta property=\"og:site_name\" content=\"Esports Betting - DE\" \/>\n<meta property=\"article:modified_time\" content=\"2024-02-21T07:48:19+00:00\" \/>\n<meta property=\"og:image\" content=\"https:\/\/www.esports-betting.pro\/app\/uploads\/sites\/2\/PUBG-Mobile.jpg\" \/>\n<meta name=\"twitter:card\" content=\"summary_large_image\" \/>\n<meta name=\"twitter:label1\" content=\"Est. reading time\" \/>\n\t<meta name=\"twitter:data1\" content=\"10 Minuten\" \/>\n<script type=\"application\/ld+json\" class=\"yoast-schema-graph\">{\"@context\":\"https:\/\/schema.org\",\"@graph\":[{\"@type\":\"WebPage\",\"@id\":\"https:\/\/www.esports-betting.pro\/de\/pubg\/global-invitational-berlin-2018\/\",\"url\":\"https:\/\/www.esports-betting.pro\/de\/pubg\/global-invitational-berlin-2018\/\",\"name\":\"PUBG Global Invitational Berlin 2018 | Turnier\u00fcbersicht und Wettquoten\",\"isPartOf\":{\"@id\":\"https:\/\/www.esports-betting.pro\/de\/#website\"},\"primaryImageOfPage\":{\"@id\":\"https:\/\/www.esports-betting.pro\/de\/pubg\/global-invitational-berlin-2018\/#primaryimage\"},\"image\":{\"@id\":\"https:\/\/www.esports-betting.pro\/de\/pubg\/global-invitational-berlin-2018\/#primaryimage\"},\"thumbnailUrl\":\"https:\/\/www.esports-betting.pro\/app\/uploads\/sites\/2\/PUBG-Mobile.jpg\",\"datePublished\":\"2018-07-16T15:48:49+00:00\",\"dateModified\":\"2024-02-21T07:48:19+00:00\",\"description\":\"Das PUBG Global Invitational 2018 l\u00e4dt mit Rekord-Preisgeld nach Berlin! Alles \u00fcber Wettm\u00f6glichkeiten und brandaktuelle Turnierinformationen bei uns:\",\"breadcrumb\":{\"@id\":\"https:\/\/www.esports-betting.pro\/de\/pubg\/global-invitational-berlin-2018\/#breadcrumb\"},\"inLanguage\":\"de-DE\",\"potentialAction\":[{\"@type\":\"ReadAction\",\"target\":[\"https:\/\/www.esports-betting.pro\/de\/pubg\/global-invitational-berlin-2018\/\"]}]},{\"@type\":\"ImageObject\",\"inLanguage\":\"de-DE\",\"@id\":\"https:\/\/www.esports-betting.pro\/de\/pubg\/global-invitational-berlin-2018\/#primaryimage\",\"url\":\"https:\/\/www.esports-betting.pro\/app\/uploads\/sites\/2\/PUBG-Mobile.jpg\",\"contentUrl\":\"https:\/\/www.esports-betting.pro\/app\/uploads\/sites\/2\/PUBG-Mobile.jpg\"},{\"@type\":\"BreadcrumbList\",\"@id\":\"https:\/\/www.esports-betting.pro\/de\/pubg\/global-invitational-berlin-2018\/#breadcrumb\",\"itemListElement\":[{\"@type\":\"ListItem\",\"position\":1,\"name\":\"Home\",\"item\":\"https:\/\/www.esports-betting.pro\/de\/\"},{\"@type\":\"ListItem\",\"position\":2,\"name\":\"PlayerUnknown&#8217;s Battlegrounds &#8211; PUBG Wettanbieter\",\"item\":\"https:\/\/www.esports-betting.pro\/de\/pubg\/\"},{\"@type\":\"ListItem\",\"position\":3,\"name\":\"PUBG Global Invitational Berlin 2018 | Wettquoten und Turnier\u00fcbersicht f\u00fcr das Hauptstadtturnier\"}]},{\"@type\":\"WebSite\",\"@id\":\"https:\/\/www.esports-betting.pro\/de\/#website\",\"url\":\"https:\/\/www.esports-betting.pro\/de\/\",\"name\":\"Esports Betting - DE\",\"description\":\"Just another Esports Betting Sites site\",\"potentialAction\":[{\"@type\":\"SearchAction\",\"target\":{\"@type\":\"EntryPoint\",\"urlTemplate\":\"https:\/\/www.esports-betting.pro\/de\/?s={search_term_string}\"},\"query-input\":\"required name=search_term_string\"}],\"inLanguage\":\"de-DE\"}]}<\/script>\n<!-- \/ Yoast SEO plugin. -->","yoast_head_json":{"title":"PUBG Global Invitational Berlin 2018 | Turnier\u00fcbersicht und Wettquoten","description":"Das PUBG Global Invitational 2018 l\u00e4dt mit Rekord-Preisgeld nach Berlin! Alles \u00fcber Wettm\u00f6glichkeiten und brandaktuelle Turnierinformationen bei uns:","robots":{"index":"index","follow":"follow","max-snippet":"max-snippet:-1","max-image-preview":"max-image-preview:large","max-video-preview":"max-video-preview:-1"},"canonical":"https:\/\/www.esports-betting.pro\/de\/pubg\/global-invitational-berlin-2018\/","og_locale":"de_DE","og_type":"article","og_title":"PUBG Global Invitational Berlin 2018 | Turnier\u00fcbersicht und Wettquoten","og_description":"Das PUBG Global Invitational 2018 l\u00e4dt mit Rekord-Preisgeld nach Berlin! Alles \u00fcber Wettm\u00f6glichkeiten und brandaktuelle Turnierinformationen bei uns:","og_url":"https:\/\/www.esports-betting.pro\/de\/pubg\/global-invitational-berlin-2018\/","og_site_name":"Esports Betting - DE","article_modified_time":"2024-02-21T07:48:19+00:00","og_image":[{"url":"https:\/\/www.esports-betting.pro\/app\/uploads\/sites\/2\/PUBG-Mobile.jpg"}],"twitter_card":"summary_large_image","twitter_misc":{"Est. reading time":"10 Minuten"},"schema":{"@context":"https:\/\/schema.org","@graph":[{"@type":"WebPage","@id":"https:\/\/www.esports-betting.pro\/de\/pubg\/global-invitational-berlin-2018\/","url":"https:\/\/www.esports-betting.pro\/de\/pubg\/global-invitational-berlin-2018\/","name":"PUBG Global Invitational Berlin 2018 | Turnier\u00fcbersicht und Wettquoten","isPartOf":{"@id":"https:\/\/www.esports-betting.pro\/de\/#website"},"primaryImageOfPage":{"@id":"https:\/\/www.esports-betting.pro\/de\/pubg\/global-invitational-berlin-2018\/#primaryimage"},"image":{"@id":"https:\/\/www.esports-betting.pro\/de\/pubg\/global-invitational-berlin-2018\/#primaryimage"},"thumbnailUrl":"https:\/\/www.esports-betting.pro\/app\/uploads\/sites\/2\/PUBG-Mobile.jpg","datePublished":"2018-07-16T15:48:49+00:00","dateModified":"2024-02-21T07:48:19+00:00","description":"Das PUBG Global Invitational 2018 l\u00e4dt mit Rekord-Preisgeld nach Berlin! Alles \u00fcber Wettm\u00f6glichkeiten und brandaktuelle Turnierinformationen bei uns:","breadcrumb":{"@id":"https:\/\/www.esports-betting.pro\/de\/pubg\/global-invitational-berlin-2018\/#breadcrumb"},"inLanguage":"de-DE","potentialAction":[{"@type":"ReadAction","target":["https:\/\/www.esports-betting.pro\/de\/pubg\/global-invitational-berlin-2018\/"]}]},{"@type":"ImageObject","inLanguage":"de-DE","@id":"https:\/\/www.esports-betting.pro\/de\/pubg\/global-invitational-berlin-2018\/#primaryimage","url":"https:\/\/www.esports-betting.pro\/app\/uploads\/sites\/2\/PUBG-Mobile.jpg","contentUrl":"https:\/\/www.esports-betting.pro\/app\/uploads\/sites\/2\/PUBG-Mobile.jpg"},{"@type":"BreadcrumbList","@id":"https:\/\/www.esports-betting.pro\/de\/pubg\/global-invitational-berlin-2018\/#breadcrumb","itemListElement":[{"@type":"ListItem","position":1,"name":"Home","item":"https:\/\/www.esports-betting.pro\/de\/"},{"@type":"ListItem","position":2,"name":"PlayerUnknown&#8217;s Battlegrounds &#8211; PUBG Wettanbieter","item":"https:\/\/www.esports-betting.pro\/de\/pubg\/"},{"@type":"ListItem","position":3,"name":"PUBG Global Invitational Berlin 2018 | Wettquoten und Turnier\u00fcbersicht f\u00fcr das Hauptstadtturnier"}]},{"@type":"WebSite","@id":"https:\/\/www.esports-betting.pro\/de\/#website","url":"https:\/\/www.esports-betting.pro\/de\/","name":"Esports Betting - DE","description":"Just another Esports Betting Sites site","potentialAction":[{"@type":"SearchAction","target":{"@type":"EntryPoint","urlTemplate":"https:\/\/www.esports-betting.pro\/de\/?s={search_term_string}"},"query-input":"required name=search_term_string"}],"inLanguage":"de-DE"}]}},"_links":{"self":[{"href":"https:\/\/www.esports-betting.pro\/de\/wp-json\/wp\/v2\/pages\/27464"}],"collection":[{"href":"https:\/\/www.esports-betting.pro\/de\/wp-json\/wp\/v2\/pages"}],"about":[{"href":"https:\/\/www.esports-betting.pro\/de\/wp-json\/wp\/v2\/types\/page"}],"author":[{"embeddable":true,"href":"https:\/\/www.esports-betting.pro\/de\/wp-json\/wp\/v2\/users\/24"}],"replies":[{"embeddable":true,"href":"https:\/\/www.esports-betting.pro\/de\/wp-json\/wp\/v2\/comments?post=27464"}],"version-history":[{"count":3,"href":"https:\/\/www.esports-betting.pro\/de\/wp-json\/wp\/v2\/pages\/27464\/revisions"}],"predecessor-version":[{"id":52811,"href":"https:\/\/www.esports-betting.pro\/de\/wp-json\/wp\/v2\/pages\/27464\/revisions\/52811"}],"up":[{"embeddable":true,"href":"https:\/\/www.esports-betting.pro\/de\/wp-json\/wp\/v2\/pages\/19542"}],"wp:attachment":[{"href":"https:\/\/www.esports-betting.pro\/de\/wp-json\/wp\/v2\/media?parent=27464"}],"curies":[{"name":"wp","href":"https:\/\/api.w.org\/{rel}","templated":true}]}}