{"id":27342,"date":"2018-07-04T00:15:23","date_gmt":"2018-07-03T23:15:23","guid":{"rendered":"https:\/\/www.esports-betting.pro\/de\/?page_id=27342"},"modified":"2024-02-21T07:46:43","modified_gmt":"2024-02-21T07:46:43","slug":"eu-vs-na","status":"publish","type":"page","link":"https:\/\/www.esports-betting.pro\/de\/lol\/rift-rivals-2018\/eu-vs-na\/","title":{"rendered":"Rift Rivals 2018 | EU LCS vs NA LCS &#8211; Die LCS-Doppelspitze im Duell!"},"content":{"rendered":"<p><img loading=\"lazy\" decoding=\"async\" class=\"aligncenter size-full wp-image-29367\" src=\"https:\/\/www.esports-betting.pro\/app\/uploads\/sites\/2\/lolbanner-2.jpg\" alt=\"League of Legends - LoL Page Banner\" width=\"724\" height=\"227\" \/><\/p>\n<p style=\"text-align: justify;\">Obwohl die Herausforderer der europ\u00e4ischen LCS im internationalen Vergleich mit den Gladiatoren aus Nordamerika normalerweise die Nase vorne haben, setzte es f\u00fcr alle Fans aus Europa bei den letzten Rift Rivals eine bittere Niederlage. Sowohl Fnatic als auch G2 Esports konnten nicht \u00fcberzeugen und Team SoloMid aus Nordamerika dominierte das gesamte Turnier und konnte auch im Finale einen leicht erk\u00e4mpften Sieg erringen. Die Unicorns of Love konnten dabei die EU LCS noch am besten vertreten, allerdings konnten sie mit gerade einmal drei Siegen nur das schw\u00e4chste Team der NA LCS egalisieren. Bei den Rift Rivals 2018 sind nat\u00fcrlich jetzt alle Zeichen auf Rache gesetzt, bereits im Vorfeld gab es einige bissige Kommentare von G2 Esport's Midlaner Perkz in Richtung der nordamerikanischen Konkurrenten. Team SoloMid verpasste die Qualifikation f\u00fcr das diesj\u00e4hrige Turnier, auch die 100 Thieves gehen mit einem ver\u00e4nderten Roster im Vergleich zum <a href=\"https:\/\/www.esports-betting.pro\/de\/lol\/league-of-legends-championship-lcs\/\">LCS Summer Split 2018<\/a> an den Start. Die Rift Rivals 2018 &#8211; EU LCS vs NA LCS Edition startet am 5. Juli 2018 um 21:30 mit dem Duell zwischen Fnatic und Echo Fox, schaltet deswegen p\u00fcnktlich eure Live-Streams an f\u00fcr mehr Action in der Kluft der Beschw\u00f6rer.<\/p>\n<h2><img loading=\"lazy\" decoding=\"async\" src=\"https:\/\/www.esports-betting.pro\/app\/uploads\/sites\/2\/League-of-Legends-Icon-Button.jpg\" alt=\"League of Legends Icon Button\" width=\"20\" height=\"20\" \/>\u00a0Fakten | Rift Rivals 2018 &#8211; Europa spielt gegen Amerika!<\/h2>\n<div style=\"float: right; width: 190px; height: 300px; text-align: center;\"><img loading=\"lazy\" decoding=\"async\" class=\"aligncenter\" src=\"https:\/\/www.esports-betting.pro\/app\/uploads\/sites\/2\/Wettquoten-Button.jpg\" alt=\"Button mit Link zu den Wettquoten der Rift Rivals 2018\" width=\"180\" height=\"50\" \/><a title=\"Rift Rivals 2017 Livestream\" href=\"#live-stream\"><img loading=\"lazy\" decoding=\"async\" class=\"aligncenter\" src=\"https:\/\/www.esports-betting.pro\/app\/uploads\/sites\/2\/Live-Stream-Button.jpg\" alt=\"Button mit Link zum Livestream der Rift Rivals 2018\" width=\"180\" height=\"50\" \/><\/a><a href=\"https:\/\/www.esports-betting.pro\/de\/news\/lol\/eu-vs-na-rift-rivals-2017\/#prognosen\"><img loading=\"lazy\" decoding=\"async\" class=\"aligncenter wp-image-10858 size-full\" src=\"https:\/\/www.esports-betting.pro\/app\/uploads\/sites\/2\/Taegliche-Prognosen-LoL-Weltmeisterschaft-2016.jpg\" alt=\"T\u00e4gliche Prognosen LoL Rift Rivals 2018\" width=\"180\" height=\"50\" \/><\/a><img loading=\"lazy\" decoding=\"async\" class=\"aligncenter\" src=\"https:\/\/www.esports-betting.pro\/app\/uploads\/sites\/2\/Spezialwetten-Button.jpg\" alt=\"Button Link zu Spezial Wetten der LoL Rift Rivals 2018\" width=\"180\" height=\"50\" \/><\/div>\n<ul>\n<li><strong>Datum:<\/strong>\u00a05. bis\u00a08. Juli 2018<\/li>\n<li><strong>Startzeiten:<\/strong> findet ihr am Spielplan weiter unten<\/li>\n<li><strong>Austragungsort:<\/strong>\u00a0Los Angeles (Kalifornien)<\/li>\n<li><strong>Teams:<\/strong>\n<ul>\n<li>3 Top-Teams aus jeder Region<\/li>\n<\/ul>\n<\/li>\n<li><strong>Format:<\/strong>\n<ul>\n<li>Gruppenphase\u00a0im Best-of-1 Format<\/li>\n<li>Playoff-Phase &#8211; Best-of-5<\/li>\n<\/ul>\n<\/li>\n<li><strong>Preisgeld:<\/strong>\u00a0TBA<\/li>\n<li><strong>Patch:<\/strong> LoL 8.13<\/li>\n<li><strong>Live-Stream<\/strong> f\u00fcr alle Rift Rivals-Spiele verf\u00fcgbar<\/li>\n<li><strong>Wettquoten<\/strong> f\u00fcr alle Spiele der Rift Rivals 2018 &#8211; EU vs NA<\/li>\n<li><a href=\"#prognosen\">Spielvorschau und Prognosen<\/a><\/li>\n<li>Hashtags: #RiftRivals #RiftRivalsEU #RiftRivalsNA<\/li>\n<\/ul>\n<h2><img loading=\"lazy\" decoding=\"async\" src=\"https:\/\/www.esports-betting.pro\/app\/uploads\/sites\/2\/League-of-Legends-Icon-Button.jpg\" alt=\"League of Legends Icon Button\" width=\"20\" height=\"20\" \/>\u00a0Rift Rivals 2018 | Tabelle<\/h2>\n<div style=\"width: 100%; overflow: auto;\">\n<table style=\"height: 68px;\" width=\"100%\">\n<tbody>\n<tr>\n<td style=\"text-align: center; background-color: #272727; font-family: 'Times New Roman',Times,serif; font-size: 140%;\" colspan=\"2\" width=\"100%\" height=\"5\"><span style=\"color: #ffffff;\"><b>Rift Rivals 2018 &#8211; EU LCS vs NA LCS Tabelle<\/b><\/span><\/td>\n<\/tr>\n<tr>\n<td>\n<table style=\"float: left; margin-right: 2px; border: 2px solid black; font-size: 100%;\" border=\"0\" width=\"100%\" cellspacing=\"0\" cellpadding=\"0\">\n<tbody>\n<tr>\n<td style=\"text-align: center; background-color: #272727; font-family: 'Times New Roman',Times,serif; font-size: 140%;\" colspan=\"3\" width=\"100%\" height=\"5\"><span style=\"color: #ffffff;\"><b>Europa 2-2<\/b><\/span><\/td>\n<\/tr>\n<tr style=\"vertical-align: middle;\">\n<td style=\"background-color: #;\" width=\"10\"><strong>1.<\/strong><\/td>\n<td width=\"300\"><strong><img loading=\"lazy\" decoding=\"async\" src=\"https:\/\/www.esports-betting.pro\/app\/uploads\/sites\/2\/Fnatic-League-of-Legends-LoL-Team-Logo.png\" alt=\"Fnatic League of Legends LoL Team Logo\" width=\"42\" height=\"42\" \/> Fnatic<\/strong><\/td>\n<td style=\"text-align: center;\" align=\"right\" width=\"70\"><strong>1-0<\/strong><\/td>\n<\/tr>\n<tr style=\"vertical-align: middle;\">\n<td style=\"background-color: #;\"><strong>2.<\/strong><\/td>\n<td><strong><img loading=\"lazy\" decoding=\"async\" class=\"size-full wp-image-26756\" src=\"https:\/\/www.esports-betting.pro\/app\/uploads\/sites\/2\/G2-Esports-League-of-Legends-LoL-Team-Logo.png\" alt=\"G2 Esports League of Legends LoL Team Logo\" width=\"42\" height=\"42\" \/> G2 eSports<\/strong><\/td>\n<td style=\"text-align: center;\" align=\"right\" width=\"5\"><strong>1-0<\/strong><\/td>\n<\/tr>\n<tr style=\"vertical-align: middle;\">\n<td style=\"background-color: #;\"><strong>3.<\/strong><\/td>\n<td><strong><img loading=\"lazy\" decoding=\"async\" src=\"https:\/\/www.esports-betting.pro\/app\/uploads\/sites\/2\/Splyce-League-of-Legends-LoL-Team-Logo.png\" alt=\"Splyce League of Legends LoL Team Logo\" width=\"42\" height=\"42\" \/> Splyce<\/strong><\/td>\n<td style=\"text-align: center;\" align=\"right\" width=\"5\"><strong>0-2<\/strong><\/td>\n<\/tr>\n<\/tbody>\n<\/table>\n<\/td>\n<td>\n<table style=\"float: left; margin-right: 10px; border: 2px solid black; font-size: 100%;\" border=\"0\" width=\"100%\" cellspacing=\"0\" cellpadding=\"0\">\n<tbody>\n<tr>\n<td style=\"text-align: center; background-color: #272727; font-family: 'Times New Roman',Times,serif; font-size: 140%;\" colspan=\"3\" width=\"100%\" height=\"5\"><span style=\"color: #ffffff;\"><b>Nordamerika 2-2<\/b><\/span><\/td>\n<\/tr>\n<tr style=\"vertical-align: middle;\">\n<td style=\"background-color: #;\"><strong>1.<\/strong><\/td>\n<td width=\"260\"><strong><img loading=\"lazy\" decoding=\"async\" src=\"https:\/\/www.esports-betting.pro\/app\/uploads\/sites\/2\/Team-Liquid-League-of-Legends-LoL-Team-Logo.png\" alt=\"Team Liquid League of Legends LoL Team Logo\" width=\"42\" height=\"42\" \/> Team Liquid<\/strong><\/td>\n<td style=\"text-align: center;\" align=\"right\" width=\"70\"><strong>1-0<\/strong><\/td>\n<\/tr>\n<tr style=\"vertical-align: middle;\">\n<td style=\"background-color: #;\"><strong>2.<\/strong><\/td>\n<td><strong><img loading=\"lazy\" decoding=\"async\" src=\"https:\/\/www.esports-betting.pro\/app\/uploads\/sites\/2\/Echo-Fox-League-of-Legends-LoL-Team-Logo.png\" alt=\"Echo Fox League of Legends LoL Team Logo\" width=\"42\" height=\"42\" \/> Echo Fox<\/strong><\/td>\n<td style=\"text-align: center;\" align=\"right\" width=\"50\"><strong>1-1<\/strong><\/td>\n<\/tr>\n<tr style=\"vertical-align: middle;\">\n<td style=\"background-color: #;\"><strong>3.<\/strong><\/td>\n<td><strong><img loading=\"lazy\" decoding=\"async\" src=\"https:\/\/www.esports-betting.pro\/app\/uploads\/sites\/2\/100-Thieves-League-of-Legends-LoL-Team-Logo.png\" alt=\"100 Thieves League of Legends LoL Team Logo\" width=\"42\" height=\"42\" \/> 100 Thieves<\/strong><\/td>\n<td style=\"text-align: center;\" align=\"right\" width=\"5\"><strong>0-1<\/strong><\/td>\n<\/tr>\n<\/tbody>\n<\/table>\n<\/td>\n<\/tr>\n<\/tbody>\n<\/table>\n<h2><img loading=\"lazy\" decoding=\"async\" src=\"https:\/\/www.esports-betting.pro\/app\/uploads\/sites\/2\/League-of-Legends-Icon-Button.jpg\" alt=\"League of Legends Icon Button\" width=\"20\" height=\"20\" \/>\u00a0Rift Rivals 2018 EU vs NA | Wettquoten &#8211; Wei\u00dft Du wer gewinnt?<\/h2>\n<p style=\"text-align: justify;\">Nat\u00fcrlich bieten alle renommierten eSports-Wettseiten bereits Wetten und Quoten f\u00fcr die kommenden Spiele der Rift Rivals 2018 an, auch der Schlagabtausch zwischen Nordamerika und Europa ist nat\u00fcrlich sehr beliebt bei den Fans. Trotz der Tatsache, dass sich die nordamerikanische LCS im letzten Jahr den Sieg sichern konnte, bekommen die europ\u00e4ischen Mannschaften durchwegs bessere Wettquoten zugesprochen. Wie immer findet ihr hier einen Vergleich der besten Online-Wettanbieter. Die dargestellten Wettquoten k\u00f6nnen sich allerdings durch unvorhergesehene Ereignisse schlagartig \u00e4ndern, im Zweifelsfall folgt den Links auf dieser Seite zu den Webseiten der Wettanbieter &#8211; diese sind immer auf dem aktuellsten Stand.<\/p>\n<p style=\"text-align: justify; clear: both;\"><strong>Du wei\u00dft schon wer gewinnt?<\/strong><\/p>\n<h2><img loading=\"lazy\" decoding=\"async\" src=\"https:\/\/www.esports-betting.pro\/app\/uploads\/sites\/2\/League-of-Legends-Icon-Button.jpg\" alt=\"League of Legends Icon Button\" width=\"20\" height=\"20\" \/>\u00a0Mannschaften und Spieler<\/h2>\n<h3>NA LCS &#8211; Teams und Spieler<\/h3>\n<ul>\n<li><strong><img loading=\"lazy\" decoding=\"async\" src=\"https:\/\/www.esports-betting.pro\/app\/uploads\/sites\/2\/Team-Liquid-League-of-Legends-LoL-Team-Logo.png\" alt=\"Team Liquid League of Legends LoL Team Logo\" width=\"42\" height=\"42\" \/> Team Liquid:\u00a0<\/strong>Impact, Xmithie, Pobelter, Doublelift, Olleh<\/li>\n<li><strong><img loading=\"lazy\" decoding=\"async\" src=\"https:\/\/www.esports-betting.pro\/app\/uploads\/sites\/2\/100-Thieves-League-of-Legends-LoL-Team-Logo.png\" alt=\"100 Thieves League of Legends LoL Team Logo\" width=\"42\" height=\"42\" \/> 100 Thieves:\u00a0<\/strong>Brandini, Levi, Ryu, Cody Sun, Aphromoo<\/li>\n<li><strong><img loading=\"lazy\" decoding=\"async\" src=\"https:\/\/www.esports-betting.pro\/app\/uploads\/sites\/2\/Echo-Fox-League-of-Legends-LoL-Team-Logo.png\" alt=\"Echo Fox League of Legends LoL Team Logo\" width=\"42\" height=\"42\" \/> Echo Fox:\u00a0<\/strong>Huni, Dardoch, Fenix, Altec, Adrian<\/li>\n<\/ul>\n<h3>EU LCS &#8211; Teams und Spieler<\/h3>\n<ul>\n<li><strong><img loading=\"lazy\" decoding=\"async\" src=\"https:\/\/www.esports-betting.pro\/app\/uploads\/sites\/2\/Fnatic-League-of-Legends-LoL-Team-Logo.png\" alt=\"Fnatic League of Legends LoL Team Logo\" width=\"42\" height=\"42\" \/> Fnatic:\u00a0<\/strong>sOAZ, Broxah, Caps, Rekkles, Hylissang<\/li>\n<li><strong><img loading=\"lazy\" decoding=\"async\" class=\"size-full wp-image-26756\" src=\"https:\/\/www.esports-betting.pro\/app\/uploads\/sites\/2\/G2-Esports-League-of-Legends-LoL-Team-Logo.png\" alt=\"G2 Esports League of Legends LoL Team Logo\" width=\"42\" height=\"42\" \/> G2 eSports:<\/strong>\u00a0Wunder, Jankos, Perkz, Hjarnan, Wadid<\/li>\n<li><strong><img loading=\"lazy\" decoding=\"async\" src=\"https:\/\/www.esports-betting.pro\/app\/uploads\/sites\/2\/Splyce-League-of-Legends-LoL-Team-Logo.png\" alt=\"Splyce League of Legends LoL Team Logo\" width=\"42\" height=\"42\" \/> Splyce:\u00a0<\/strong>Odoamne, Xerxe, Nisqy, Kobbe, kaSing<\/li>\n<\/ul>\n<h2><img loading=\"lazy\" decoding=\"async\" src=\"https:\/\/www.esports-betting.pro\/app\/uploads\/sites\/2\/League-of-Legends-Icon-Button.jpg\" alt=\"League of Legends Icon Button\" width=\"20\" height=\"20\" \/>\u00a0Rift Rivals 2018 EU vs NA | Live-Stream<\/h2>\n<p style=\"text-align: justify;\">Auch f\u00fcr das &#8220;Battle of the Atlantic&#8221; wird nat\u00fcrlich dieses Jahr wieder ein gratis Live-Stream angeboten. Alle notwendigen Informationen sowie den kompletten Spielplan der Rift Rivals 2018 &#8211; NA vs Eu k\u00f6nnt ihr hier unserer Seite entnehmen. Wir empfehlen euch, einen Blick auf die Startzeiten der Duelle zu werfen, um kein Spiel eurer Lieblingsmannschaft zu verpassen. Nat\u00fcrlich haben wir auch einen Live-Sream Player auf unserer Seite, ihr k\u00f6nnt euch alle Spiele auch kostenlos hier ansehen.\u00a0Das rote Licht im Player rechts oben zeigt euch an, ob gerade eine \u00dcbertragung aktiv ist. Wir w\u00fcnschen euch viel Spa\u00df und Erfolg bei den Rift Rivals 2018 und dr\u00fccken die Daumen f\u00fcr eure Region!<\/p>\n<\/div>\n","protected":false},"excerpt":{"rendered":"<p>Obwohl die Herausforderer der europ\u00e4ischen LCS im internationalen Vergleich mit den Gladiatoren aus Nordamerika normalerweise die Nase vorne haben, setzte es f\u00fcr alle Fans aus Europa bei den letzten Rift Rivals eine bittere Niederlage. Sowohl Fnatic als auch G2 Esports konnten nicht \u00fcberzeugen und Team SoloMid aus Nordamerika dominierte das gesamte Turnier und konnte auch &hellip; <a href=\"https:\/\/www.esports-betting.pro\/de\/lol\/rift-rivals-2018\/eu-vs-na\/\">Continued<\/a><\/p>\n","protected":false},"author":24,"featured_media":0,"parent":27324,"menu_order":0,"comment_status":"closed","ping_status":"closed","template":"","meta":{"_acf_changed":false,"footnotes":""},"acf":[],"yoast_head":"<!-- This site is optimized with the Yoast SEO plugin v22.6 - https:\/\/yoast.com\/wordpress\/plugins\/seo\/ -->\n<title>Rift Rivals 2018 | EU LCS vs NA LCS - Die LCS-Doppelspitze im Duell! - Esports Betting - DE<\/title>\n<meta name=\"robots\" content=\"index, follow, max-snippet:-1, max-image-preview:large, max-video-preview:-1\" \/>\n<link rel=\"canonical\" href=\"https:\/\/www.esports-betting.pro\/de\/lol\/rift-rivals-2018\/eu-vs-na\/\" \/>\n<meta property=\"og:locale\" content=\"de_DE\" \/>\n<meta property=\"og:type\" content=\"article\" \/>\n<meta property=\"og:title\" content=\"Rift Rivals 2018 | EU LCS vs NA LCS - Die LCS-Doppelspitze im Duell! - Esports Betting - DE\" \/>\n<meta property=\"og:description\" content=\"Obwohl die Herausforderer der europ\u00e4ischen LCS im internationalen Vergleich mit den Gladiatoren aus Nordamerika normalerweise die Nase vorne haben, setzte es f\u00fcr alle Fans aus Europa bei den letzten Rift Rivals eine bittere Niederlage. Sowohl Fnatic als auch G2 Esports konnten nicht \u00fcberzeugen und Team SoloMid aus Nordamerika dominierte das gesamte Turnier und konnte auch &hellip; Continued\" \/>\n<meta property=\"og:url\" content=\"https:\/\/www.esports-betting.pro\/de\/lol\/rift-rivals-2018\/eu-vs-na\/\" \/>\n<meta property=\"og:site_name\" content=\"Esports Betting - DE\" \/>\n<meta property=\"article:modified_time\" content=\"2024-02-21T07:46:43+00:00\" \/>\n<meta name=\"twitter:card\" content=\"summary_large_image\" \/>\n<meta name=\"twitter:image\" content=\"https:\/\/www.esports-betting.pro\/app\/uploads\/sites\/2\/lolbanner-2.jpg\" \/>\n<meta name=\"twitter:label1\" content=\"Est. reading time\" \/>\n\t<meta name=\"twitter:data1\" content=\"8 Minuten\" \/>\n<script type=\"application\/ld+json\" class=\"yoast-schema-graph\">{\"@context\":\"https:\/\/schema.org\",\"@graph\":[{\"@type\":\"WebPage\",\"@id\":\"https:\/\/www.esports-betting.pro\/de\/lol\/rift-rivals-2018\/eu-vs-na\/\",\"url\":\"https:\/\/www.esports-betting.pro\/de\/lol\/rift-rivals-2018\/eu-vs-na\/\",\"name\":\"Rift Rivals 2018 | EU LCS vs NA LCS - Die LCS-Doppelspitze im Duell! - Esports Betting - DE\",\"isPartOf\":{\"@id\":\"https:\/\/www.esports-betting.pro\/de\/#website\"},\"primaryImageOfPage\":{\"@id\":\"https:\/\/www.esports-betting.pro\/de\/lol\/rift-rivals-2018\/eu-vs-na\/#primaryimage\"},\"image\":{\"@id\":\"https:\/\/www.esports-betting.pro\/de\/lol\/rift-rivals-2018\/eu-vs-na\/#primaryimage\"},\"thumbnailUrl\":\"https:\/\/www.esports-betting.pro\/app\/uploads\/sites\/2\/lolbanner-2.jpg\",\"datePublished\":\"2018-07-03T23:15:23+00:00\",\"dateModified\":\"2024-02-21T07:46:43+00:00\",\"breadcrumb\":{\"@id\":\"https:\/\/www.esports-betting.pro\/de\/lol\/rift-rivals-2018\/eu-vs-na\/#breadcrumb\"},\"inLanguage\":\"de-DE\",\"potentialAction\":[{\"@type\":\"ReadAction\",\"target\":[\"https:\/\/www.esports-betting.pro\/de\/lol\/rift-rivals-2018\/eu-vs-na\/\"]}]},{\"@type\":\"ImageObject\",\"inLanguage\":\"de-DE\",\"@id\":\"https:\/\/www.esports-betting.pro\/de\/lol\/rift-rivals-2018\/eu-vs-na\/#primaryimage\",\"url\":\"https:\/\/www.esports-betting.pro\/app\/uploads\/sites\/2\/lolbanner-2.jpg\",\"contentUrl\":\"https:\/\/www.esports-betting.pro\/app\/uploads\/sites\/2\/lolbanner-2.jpg\"},{\"@type\":\"BreadcrumbList\",\"@id\":\"https:\/\/www.esports-betting.pro\/de\/lol\/rift-rivals-2018\/eu-vs-na\/#breadcrumb\",\"itemListElement\":[{\"@type\":\"ListItem\",\"position\":1,\"name\":\"Home\",\"item\":\"https:\/\/www.esports-betting.pro\/de\/\"},{\"@type\":\"ListItem\",\"position\":2,\"name\":\"Tips f\u00fcr League of Legends (LoL) Wetten &#8211; Wie wette ich auf League of Legends (Lol)?\",\"item\":\"https:\/\/www.esports-betting.pro\/de\/lol\/\"},{\"@type\":\"ListItem\",\"position\":3,\"name\":\"Rift Rivals 2018 &#8211; Knackiges Preisgeld und viel Spielpraxis vor der Weltmeisterschaft!\",\"item\":\"https:\/\/www.esports-betting.pro\/de\/lol\/rift-rivals-2018\/\"},{\"@type\":\"ListItem\",\"position\":4,\"name\":\"Rift Rivals 2018 | EU LCS vs NA LCS &#8211; Die LCS-Doppelspitze im Duell!\"}]},{\"@type\":\"WebSite\",\"@id\":\"https:\/\/www.esports-betting.pro\/de\/#website\",\"url\":\"https:\/\/www.esports-betting.pro\/de\/\",\"name\":\"Esports Betting - DE\",\"description\":\"Just another Esports Betting Sites site\",\"potentialAction\":[{\"@type\":\"SearchAction\",\"target\":{\"@type\":\"EntryPoint\",\"urlTemplate\":\"https:\/\/www.esports-betting.pro\/de\/?s={search_term_string}\"},\"query-input\":\"required name=search_term_string\"}],\"inLanguage\":\"de-DE\"}]}<\/script>\n<!-- \/ Yoast SEO plugin. -->","yoast_head_json":{"title":"Rift Rivals 2018 | EU LCS vs NA LCS - Die LCS-Doppelspitze im Duell! - Esports Betting - DE","robots":{"index":"index","follow":"follow","max-snippet":"max-snippet:-1","max-image-preview":"max-image-preview:large","max-video-preview":"max-video-preview:-1"},"canonical":"https:\/\/www.esports-betting.pro\/de\/lol\/rift-rivals-2018\/eu-vs-na\/","og_locale":"de_DE","og_type":"article","og_title":"Rift Rivals 2018 | EU LCS vs NA LCS - Die LCS-Doppelspitze im Duell! - Esports Betting - DE","og_description":"Obwohl die Herausforderer der europ\u00e4ischen LCS im internationalen Vergleich mit den Gladiatoren aus Nordamerika normalerweise die Nase vorne haben, setzte es f\u00fcr alle Fans aus Europa bei den letzten Rift Rivals eine bittere Niederlage. Sowohl Fnatic als auch G2 Esports konnten nicht \u00fcberzeugen und Team SoloMid aus Nordamerika dominierte das gesamte Turnier und konnte auch &hellip; Continued","og_url":"https:\/\/www.esports-betting.pro\/de\/lol\/rift-rivals-2018\/eu-vs-na\/","og_site_name":"Esports Betting - DE","article_modified_time":"2024-02-21T07:46:43+00:00","twitter_card":"summary_large_image","twitter_image":"https:\/\/www.esports-betting.pro\/app\/uploads\/sites\/2\/lolbanner-2.jpg","twitter_misc":{"Est. reading time":"8 Minuten"},"schema":{"@context":"https:\/\/schema.org","@graph":[{"@type":"WebPage","@id":"https:\/\/www.esports-betting.pro\/de\/lol\/rift-rivals-2018\/eu-vs-na\/","url":"https:\/\/www.esports-betting.pro\/de\/lol\/rift-rivals-2018\/eu-vs-na\/","name":"Rift Rivals 2018 | EU LCS vs NA LCS - Die LCS-Doppelspitze im Duell! - Esports Betting - DE","isPartOf":{"@id":"https:\/\/www.esports-betting.pro\/de\/#website"},"primaryImageOfPage":{"@id":"https:\/\/www.esports-betting.pro\/de\/lol\/rift-rivals-2018\/eu-vs-na\/#primaryimage"},"image":{"@id":"https:\/\/www.esports-betting.pro\/de\/lol\/rift-rivals-2018\/eu-vs-na\/#primaryimage"},"thumbnailUrl":"https:\/\/www.esports-betting.pro\/app\/uploads\/sites\/2\/lolbanner-2.jpg","datePublished":"2018-07-03T23:15:23+00:00","dateModified":"2024-02-21T07:46:43+00:00","breadcrumb":{"@id":"https:\/\/www.esports-betting.pro\/de\/lol\/rift-rivals-2018\/eu-vs-na\/#breadcrumb"},"inLanguage":"de-DE","potentialAction":[{"@type":"ReadAction","target":["https:\/\/www.esports-betting.pro\/de\/lol\/rift-rivals-2018\/eu-vs-na\/"]}]},{"@type":"ImageObject","inLanguage":"de-DE","@id":"https:\/\/www.esports-betting.pro\/de\/lol\/rift-rivals-2018\/eu-vs-na\/#primaryimage","url":"https:\/\/www.esports-betting.pro\/app\/uploads\/sites\/2\/lolbanner-2.jpg","contentUrl":"https:\/\/www.esports-betting.pro\/app\/uploads\/sites\/2\/lolbanner-2.jpg"},{"@type":"BreadcrumbList","@id":"https:\/\/www.esports-betting.pro\/de\/lol\/rift-rivals-2018\/eu-vs-na\/#breadcrumb","itemListElement":[{"@type":"ListItem","position":1,"name":"Home","item":"https:\/\/www.esports-betting.pro\/de\/"},{"@type":"ListItem","position":2,"name":"Tips f\u00fcr League of Legends (LoL) Wetten &#8211; Wie wette ich auf League of Legends (Lol)?","item":"https:\/\/www.esports-betting.pro\/de\/lol\/"},{"@type":"ListItem","position":3,"name":"Rift Rivals 2018 &#8211; Knackiges Preisgeld und viel Spielpraxis vor der Weltmeisterschaft!","item":"https:\/\/www.esports-betting.pro\/de\/lol\/rift-rivals-2018\/"},{"@type":"ListItem","position":4,"name":"Rift Rivals 2018 | EU LCS vs NA LCS &#8211; Die LCS-Doppelspitze im Duell!"}]},{"@type":"WebSite","@id":"https:\/\/www.esports-betting.pro\/de\/#website","url":"https:\/\/www.esports-betting.pro\/de\/","name":"Esports Betting - DE","description":"Just another Esports Betting Sites site","potentialAction":[{"@type":"SearchAction","target":{"@type":"EntryPoint","urlTemplate":"https:\/\/www.esports-betting.pro\/de\/?s={search_term_string}"},"query-input":"required name=search_term_string"}],"inLanguage":"de-DE"}]}},"_links":{"self":[{"href":"https:\/\/www.esports-betting.pro\/de\/wp-json\/wp\/v2\/pages\/27342"}],"collection":[{"href":"https:\/\/www.esports-betting.pro\/de\/wp-json\/wp\/v2\/pages"}],"about":[{"href":"https:\/\/www.esports-betting.pro\/de\/wp-json\/wp\/v2\/types\/page"}],"author":[{"embeddable":true,"href":"https:\/\/www.esports-betting.pro\/de\/wp-json\/wp\/v2\/users\/24"}],"replies":[{"embeddable":true,"href":"https:\/\/www.esports-betting.pro\/de\/wp-json\/wp\/v2\/comments?post=27342"}],"version-history":[{"count":2,"href":"https:\/\/www.esports-betting.pro\/de\/wp-json\/wp\/v2\/pages\/27342\/revisions"}],"predecessor-version":[{"id":52809,"href":"https:\/\/www.esports-betting.pro\/de\/wp-json\/wp\/v2\/pages\/27342\/revisions\/52809"}],"up":[{"embeddable":true,"href":"https:\/\/www.esports-betting.pro\/de\/wp-json\/wp\/v2\/pages\/27324"}],"wp:attachment":[{"href":"https:\/\/www.esports-betting.pro\/de\/wp-json\/wp\/v2\/media?parent=27342"}],"curies":[{"name":"wp","href":"https:\/\/api.w.org\/{rel}","templated":true}]}}