{"id":27001,"date":"2018-06-19T06:04:19","date_gmt":"2018-06-19T05:04:19","guid":{"rendered":"https:\/\/www.esports-betting.pro\/de\/?page_id=27001"},"modified":"2018-06-19T06:04:19","modified_gmt":"2018-06-19T05:04:19","slug":"ueber-uns","status":"publish","type":"page","link":"https:\/\/www.esports-betting.pro\/de\/ueber-uns\/","title":{"rendered":"\u00dcber Uns"},"content":{"rendered":"<p style=\"text-align: justify\">Esport-Wetten z\u00e4hlt zu einer der f\u00fchrenden Seiten rund um das Thema online Wetten. Zu Allererst stellen wir euch die gro\u00dfen Buchmacher (und Rezensionen) vor, m\u00f6chten euch aber auch einen \u00dcberblick \u00fcber die Wettquoten im Vergleich zeigen und posten selbstverst\u00e4ndlich alle aktuellen Bonusangebote der Buchmacher!<\/p>\n<h3>Turniere und Prognosen<\/h3>\n<p style=\"text-align: justify\">Bei den gro\u00dfen Turnieren immer dabei &#8211; unser Analyse-Team! Wir m\u00f6chten euch nicht nur mit den wichtigsten Turnierinformationen versorgen, sondern geben unser Bestes, Prognosen \u00fcber den Verlauf der Spiele und Turniere vorauszusagen. Selbstverst\u00e4ndlich berichten wir \u00fcber alle gro\u00dfen und bekannten Titel: League of Legends, Dota II, CS:GO aber noch viele mehr!<\/p>\n<h3>Wie arbeiten wir im Detail?<\/h3>\n<p style=\"text-align: justify\">\u201eSeines Gl\u00fcckes Schmied sein\u201c, bedeutet f\u00fcr uns alle Informationen zu b\u00fcndeln die das Netz aber auch der pers\u00f6nliche Austausch mit den Buchmachern parat h\u00e4lt. Von Bedeutung sind sowohl alle inhaltlichen Informationen \u00fcber Spieler \u2013 oder Trainerwechsel, aber auch Promotions\/Bonusaktionen, die die Buchmacher immer wieder mal im Laufe des Jahres anbieten und f\u00fcr euch deutlich g\u00fcnstigere Wettkonditionen bedeuten. Es sind aber auch die ganz praktischen Dinge die wir hier diskutieren und euch den Umgang mit den Buchmachern erleichtern sollen: Welche Basis-Konditionen hat welcher Buchmacher, wie l\u00e4uft die Bezahlung ab und nat\u00fcrlich die Frage \u201ewie bekomme ich mein Geld\u201c?<\/p>\n<p style=\"text-align: justify\">Wir sind mehr als nur ein Infoportal und stehen in guten wie in schlechten Zeiten zu euch. Also auch wenn es mal Probleme oder Kritik mit\/an einem der Buchmacher geben sollte, kontaktiert uns und wir moderieren zwischen euch und dem entsprechenden Ansprechpartner.<\/p>\n<h3>Was z\u00e4hlt f\u00fcr den Buchmacher-und Quotenvergleich?<\/h3>\n<p style=\"text-align: justify\">Jeder Buchmacher hat selbstverst\u00e4ndlich seine Vor-und Nachteile. Wichtigster Indikator bleibt hier immer der Quotenvergleich, den wir f\u00fcr jedes Turnier einzeln auff\u00fchren werden. Einen guten Buchmacher zeichnet aber noch mehr aus, denn auch der transparente Umgang mit Geb\u00fchren, mobiler Nutzererfahrung (live-wetten!), Kundensupport, Ein-, bzw. Auszahlung und selbstverst\u00e4ndlich der Registrierungsprozess sind wichtig f\u00fcr uns.<\/p>\n<p style=\"text-align: justify\">Unsere Redaktion \u00fcberpr\u00fcft regelm\u00e4\u00dfig ob alle Kriterien eingehalten werden und verweisen euch daher auch nur auf die seri\u00f6sen Wettanbieter im gro\u00dfen Internet-Universum.<\/p>\n<h3>Kontaktinformationen<\/h3>\n<p style=\"text-align: justify\">Bei Fragen, Problemen, Anmerkung und Informationsbedarf \u00fcber Bonusangebote z\u00f6gert bitte nicht uns zu kontaktieren: <strong>info@esport-wetten.net<\/strong><\/p>\n","protected":false},"excerpt":{"rendered":"<p>Esport-Wetten z\u00e4hlt zu einer der f\u00fchrenden Seiten rund um das Thema online Wetten. Zu Allererst stellen wir euch die gro\u00dfen Buchmacher (und Rezensionen) vor, m\u00f6chten euch aber auch einen \u00dcberblick \u00fcber die Wettquoten im Vergleich zeigen und posten selbstverst\u00e4ndlich alle aktuellen Bonusangebote der Buchmacher! Turniere und Prognosen Bei den gro\u00dfen Turnieren immer dabei &#8211; unser &hellip; <a href=\"https:\/\/www.esports-betting.pro\/de\/ueber-uns\/\">Continued<\/a><\/p>\n","protected":false},"author":24,"featured_media":0,"parent":0,"menu_order":0,"comment_status":"closed","ping_status":"closed","template":"","meta":{"_acf_changed":false,"footnotes":""},"acf":[],"yoast_head":"<!-- This site is optimized with the Yoast SEO plugin v22.6 - https:\/\/yoast.com\/wordpress\/plugins\/seo\/ -->\n<title>\u00dcber uns und Kontakt Information | eSport-Wetten<\/title>\n<meta name=\"description\" content=\"Hier k\u00f6nnen Sie lesen, wer wir sind und was wir tun. Wir haben jahrelange Erfahrung in der Welt der Sportwetten und ein gro\u00dfartiges Team. Wenn Sie Fragen haben, z\u00f6gern Sie nicht, uns anzuschreiben.\" \/>\n<meta name=\"robots\" content=\"index, follow, max-snippet:-1, max-image-preview:large, max-video-preview:-1\" \/>\n<link rel=\"canonical\" href=\"https:\/\/www.esports-betting.pro\/de\/ueber-uns\/\" \/>\n<meta property=\"og:locale\" content=\"de_DE\" \/>\n<meta property=\"og:type\" content=\"article\" \/>\n<meta property=\"og:title\" content=\"\u00dcber uns und Kontakt Information | eSport-Wetten\" \/>\n<meta property=\"og:description\" content=\"Hier k\u00f6nnen Sie lesen, wer wir sind und was wir tun. Wir haben jahrelange Erfahrung in der Welt der Sportwetten und ein gro\u00dfartiges Team. Wenn Sie Fragen haben, z\u00f6gern Sie nicht, uns anzuschreiben.\" \/>\n<meta property=\"og:url\" content=\"https:\/\/www.esports-betting.pro\/de\/ueber-uns\/\" \/>\n<meta property=\"og:site_name\" content=\"Esports Betting - DE\" \/>\n<meta name=\"twitter:card\" content=\"summary_large_image\" \/>\n<meta name=\"twitter:label1\" content=\"Est. reading time\" \/>\n\t<meta name=\"twitter:data1\" content=\"2 Minuten\" \/>\n<script type=\"application\/ld+json\" class=\"yoast-schema-graph\">{\"@context\":\"https:\/\/schema.org\",\"@graph\":[{\"@type\":\"WebPage\",\"@id\":\"https:\/\/www.esports-betting.pro\/de\/ueber-uns\/\",\"url\":\"https:\/\/www.esports-betting.pro\/de\/ueber-uns\/\",\"name\":\"\u00dcber uns und Kontakt Information | eSport-Wetten\",\"isPartOf\":{\"@id\":\"https:\/\/www.esports-betting.pro\/de\/#website\"},\"datePublished\":\"2018-06-19T05:04:19+00:00\",\"dateModified\":\"2018-06-19T05:04:19+00:00\",\"description\":\"Hier k\u00f6nnen Sie lesen, wer wir sind und was wir tun. Wir haben jahrelange Erfahrung in der Welt der Sportwetten und ein gro\u00dfartiges Team. Wenn Sie Fragen haben, z\u00f6gern Sie nicht, uns anzuschreiben.\",\"breadcrumb\":{\"@id\":\"https:\/\/www.esports-betting.pro\/de\/ueber-uns\/#breadcrumb\"},\"inLanguage\":\"de-DE\",\"potentialAction\":[{\"@type\":\"ReadAction\",\"target\":[\"https:\/\/www.esports-betting.pro\/de\/ueber-uns\/\"]}]},{\"@type\":\"BreadcrumbList\",\"@id\":\"https:\/\/www.esports-betting.pro\/de\/ueber-uns\/#breadcrumb\",\"itemListElement\":[{\"@type\":\"ListItem\",\"position\":1,\"name\":\"Home\",\"item\":\"https:\/\/www.esports-betting.pro\/de\/\"},{\"@type\":\"ListItem\",\"position\":2,\"name\":\"\u00dcber Uns\"}]},{\"@type\":\"WebSite\",\"@id\":\"https:\/\/www.esports-betting.pro\/de\/#website\",\"url\":\"https:\/\/www.esports-betting.pro\/de\/\",\"name\":\"Esports Betting - DE\",\"description\":\"Just another Esports Betting Sites site\",\"potentialAction\":[{\"@type\":\"SearchAction\",\"target\":{\"@type\":\"EntryPoint\",\"urlTemplate\":\"https:\/\/www.esports-betting.pro\/de\/?s={search_term_string}\"},\"query-input\":\"required name=search_term_string\"}],\"inLanguage\":\"de-DE\"}]}<\/script>\n<!-- \/ Yoast SEO plugin. -->","yoast_head_json":{"title":"\u00dcber uns und Kontakt Information | eSport-Wetten","description":"Hier k\u00f6nnen Sie lesen, wer wir sind und was wir tun. Wir haben jahrelange Erfahrung in der Welt der Sportwetten und ein gro\u00dfartiges Team. Wenn Sie Fragen haben, z\u00f6gern Sie nicht, uns anzuschreiben.","robots":{"index":"index","follow":"follow","max-snippet":"max-snippet:-1","max-image-preview":"max-image-preview:large","max-video-preview":"max-video-preview:-1"},"canonical":"https:\/\/www.esports-betting.pro\/de\/ueber-uns\/","og_locale":"de_DE","og_type":"article","og_title":"\u00dcber uns und Kontakt Information | eSport-Wetten","og_description":"Hier k\u00f6nnen Sie lesen, wer wir sind und was wir tun. Wir haben jahrelange Erfahrung in der Welt der Sportwetten und ein gro\u00dfartiges Team. Wenn Sie Fragen haben, z\u00f6gern Sie nicht, uns anzuschreiben.","og_url":"https:\/\/www.esports-betting.pro\/de\/ueber-uns\/","og_site_name":"Esports Betting - DE","twitter_card":"summary_large_image","twitter_misc":{"Est. reading time":"2 Minuten"},"schema":{"@context":"https:\/\/schema.org","@graph":[{"@type":"WebPage","@id":"https:\/\/www.esports-betting.pro\/de\/ueber-uns\/","url":"https:\/\/www.esports-betting.pro\/de\/ueber-uns\/","name":"\u00dcber uns und Kontakt Information | eSport-Wetten","isPartOf":{"@id":"https:\/\/www.esports-betting.pro\/de\/#website"},"datePublished":"2018-06-19T05:04:19+00:00","dateModified":"2018-06-19T05:04:19+00:00","description":"Hier k\u00f6nnen Sie lesen, wer wir sind und was wir tun. Wir haben jahrelange Erfahrung in der Welt der Sportwetten und ein gro\u00dfartiges Team. Wenn Sie Fragen haben, z\u00f6gern Sie nicht, uns anzuschreiben.","breadcrumb":{"@id":"https:\/\/www.esports-betting.pro\/de\/ueber-uns\/#breadcrumb"},"inLanguage":"de-DE","potentialAction":[{"@type":"ReadAction","target":["https:\/\/www.esports-betting.pro\/de\/ueber-uns\/"]}]},{"@type":"BreadcrumbList","@id":"https:\/\/www.esports-betting.pro\/de\/ueber-uns\/#breadcrumb","itemListElement":[{"@type":"ListItem","position":1,"name":"Home","item":"https:\/\/www.esports-betting.pro\/de\/"},{"@type":"ListItem","position":2,"name":"\u00dcber Uns"}]},{"@type":"WebSite","@id":"https:\/\/www.esports-betting.pro\/de\/#website","url":"https:\/\/www.esports-betting.pro\/de\/","name":"Esports Betting - DE","description":"Just another Esports Betting Sites site","potentialAction":[{"@type":"SearchAction","target":{"@type":"EntryPoint","urlTemplate":"https:\/\/www.esports-betting.pro\/de\/?s={search_term_string}"},"query-input":"required name=search_term_string"}],"inLanguage":"de-DE"}]}},"_links":{"self":[{"href":"https:\/\/www.esports-betting.pro\/de\/wp-json\/wp\/v2\/pages\/27001"}],"collection":[{"href":"https:\/\/www.esports-betting.pro\/de\/wp-json\/wp\/v2\/pages"}],"about":[{"href":"https:\/\/www.esports-betting.pro\/de\/wp-json\/wp\/v2\/types\/page"}],"author":[{"embeddable":true,"href":"https:\/\/www.esports-betting.pro\/de\/wp-json\/wp\/v2\/users\/24"}],"replies":[{"embeddable":true,"href":"https:\/\/www.esports-betting.pro\/de\/wp-json\/wp\/v2\/comments?post=27001"}],"version-history":[{"count":0,"href":"https:\/\/www.esports-betting.pro\/de\/wp-json\/wp\/v2\/pages\/27001\/revisions"}],"wp:attachment":[{"href":"https:\/\/www.esports-betting.pro\/de\/wp-json\/wp\/v2\/media?parent=27001"}],"curies":[{"name":"wp","href":"https:\/\/api.w.org\/{rel}","templated":true}]}}