{"id":25924,"date":"2018-03-21T14:40:18","date_gmt":"2018-03-21T13:40:18","guid":{"rendered":"https:\/\/www.esports-betting.pro\/de\/?page_id=25924"},"modified":"2024-02-23T12:06:20","modified_gmt":"2024-02-23T12:06:20","slug":"copenhagen-games-2018","status":"publish","type":"page","link":"https:\/\/www.esports-betting.pro\/de\/csgo\/copenhagen-games-2018\/","title":{"rendered":"CS:GO Copenhagen Games 2018"},"content":{"rendered":"<p style=\"text-align: justify;\">Ende M\u00e4rz finden die diesj\u00e4hrigen Copenhagen Games statt. Das Turnier z\u00e4hlt schon seit einiger Zeit als das wichtigste d\u00e4nische LAN-Event, auch wenn es seit 2015 um seinen Status im Tier-2 Feld k\u00e4mpfen muss. Neben einigen anderen esports-Titeln und einem B-Event mit Open Qualifier, sowie einem Frauenturnier, steigt ab 29. M\u00e4rz das CS:GO Main Tournament als Hauptattraktion. F\u00fcr Fans wird hier vor allem interessant, ob Heroic dem seit Jahresbeginn eher entt\u00e4uschenden Rivalen North den Rang als zweitbestes d\u00e4nisches Team hinter Astralis streitig machen kann. Ebenfalls eingeladen sind die russischen Quantum Bellator Fire, die sich im Eleague Major Boston \u00fcberraschend ins Viertelfinale (und in die Herzen der Fans) gespielt haben. Am Ende des Tages sind die Copenhagen Games in erster Linie ein Fest der d\u00e4nischen esports-Szene, mit dem CS:GO-Event als Spektakel f\u00fcr die Besucher, doch das soll kein Hindernis sein f\u00fcr spannende Wettk\u00e4mpfe zwischen Lokalrivalen. Dennoch wird es aller Vorraussicht nach <a href=\"https:\/\/www.esports-betting.pro\/de\">Esport Wetten<\/a> f\u00fcr diese Veranstaltung geben.<\/p>\n<h2><img loading=\"lazy\" decoding=\"async\" class=\"size-full wp-image-8346\" src=\"https:\/\/www.esports-betting.pro\/app\/uploads\/sites\/2\/Counter-Strike-GO-Icon-Button.jpg\" alt=\"CSGO Icon\" width=\"20\" height=\"20\" \/> Copenhagen Games 2018 | Fakten<\/h2>\n<div style=\"float: right; width: 180px; height: 220px; text-align: center;\"><strong>Navigation:<\/strong><img loading=\"lazy\" decoding=\"async\" class=\"aligncenter\" src=\"https:\/\/www.esports-betting.pro\/app\/uploads\/sites\/2\/Wettquoten-Button.jpg\" alt=\"Button mit Link zu Wettquoten\" width=\"180\" height=\"50\" \/> <a href=\"#livestream\"><img loading=\"lazy\" decoding=\"async\" class=\"aligncenter\" src=\"https:\/\/www.esports-betting.pro\/app\/uploads\/sites\/2\/Live-Stream-Button.jpg\" alt=\"Button mit Link zum CS:GO Katowice 2018 Livestream\" width=\"180\" height=\"50\" \/><\/a> <a href=\"https:\/\/www.esports-betting.pro\/de\/buchmacher\/betway\" target=\"_blank\" rel=\"nofollow noopener noreferrer\"><img loading=\"lazy\" decoding=\"async\" class=\"aligncenter\" src=\"https:\/\/www.esports-betting.pro\/app\/uploads\/sites\/2\/Spezialwetten-Button.jpg\" alt=\"Button Link zu Spezial Wetten\" width=\"180\" height=\"50\" \/><\/a><\/div>\n<ul>\n<li><strong>Datum:\u00a0<\/strong>29. M\u00e4rz &#8211; 31. M\u00e4rz 2018<\/li>\n<li><strong>Ort:\u00a0<\/strong>Bella Center Copenhagen<\/li>\n<li><strong>Preispool: <\/strong>$100.000<\/li>\n<li><strong>Hauptsponsor:\u00a0<\/strong>Stadt Kopenhagen, Waoo<\/li>\n<li><strong>Teams:\u00a0<\/strong>8\n<ul>\n<li><strong>4 direkte Invites<\/strong><\/li>\n<li><strong>4 Teams aus dem Qualifier<\/strong><\/li>\n<\/ul>\n<\/li>\n<li><strong>Maps:\u00a0<\/strong>Mirage, Inferno, Overpass, Train, Cache, Cobblestone, Nuke<\/li>\n<li>paralleles Frauenturnier<\/li>\n<li>paralleles B-Turnier mit Open Qualifier<\/li>\n<li>Wetten und Quoten f\u00fcr das Hauptturnier verf\u00fcgbar<\/li>\n<\/ul>\n<h2><img loading=\"lazy\" decoding=\"async\" src=\"https:\/\/www.esports-betting.pro\/app\/uploads\/sites\/2\/CSGO-Icon-30.jpg\" alt=\"CSGO Icon\" width=\"30\" height=\"30\" \/>\u00a0Teams und Spieler<\/h2>\n<h3>Eingeladene Teams<\/h3>\n<table style=\"width: 100%;\">\n<tbody>\n<tr>\n<td><strong><img loading=\"lazy\" decoding=\"async\" class=\"size-full wp-image-25946 alignleft\" src=\"https:\/\/www.esports-betting.pro\/app\/uploads\/sites\/2\/north-csgo-team-logo-white-1.jpg\" alt=\"north csgo team logo\" width=\"42\" height=\"42\" \/>North<br \/>\n<\/strong>Kjaerbye, mertz, MSL, valde, aizy<\/td>\n<td><strong><img loading=\"lazy\" decoding=\"async\" class=\"size-full wp-image-25952 alignleft\" src=\"https:\/\/www.esports-betting.pro\/app\/uploads\/sites\/2\/heroic-csgo-team-logo-2.jpg\" alt=\"heroic csgo team logo \" width=\"42\" height=\"42\" \/>Heroic<br \/>\n<\/strong>niko, JUGi, RUBINO, MODDII, Snappi<\/td>\n<\/tr>\n<tr>\n<td><strong><img loading=\"lazy\" decoding=\"async\" class=\"size-full wp-image-25957 alignleft\" src=\"https:\/\/www.esports-betting.pro\/app\/uploads\/sites\/2\/QBF-csgo-team-logo.jpg\" alt=\"QBF csgo team logo\" width=\"42\" height=\"42\" \/>Quantum Bellator Fire<br \/>\n<\/strong>balblna, Kvik, jmqa, waterfaLLZ, Boombl4<\/td>\n<td><strong><img loading=\"lazy\" decoding=\"async\" class=\"size-full wp-image-11439 alignleft\" src=\"https:\/\/www.esports-betting.pro\/app\/uploads\/sites\/2\/Team-Kinguin-CSGO-Team-Logo-1.jpg\" alt=\"Team Kinguin CSGO Team Logo\" width=\"42\" height=\"42\" \/>Team Kinguin<br \/>\n<\/strong>TaZ, mouz, rallen, reatz, MINISE<\/td>\n<\/tr>\n<\/tbody>\n<\/table>\n<p>&nbsp;<\/p>\n<h2><img loading=\"lazy\" decoding=\"async\" src=\"https:\/\/www.esports-betting.pro\/app\/uploads\/sites\/2\/CSGO-Icon-30.jpg\" alt=\"CSGO Icon\" width=\"30\" height=\"30\" \/>\u00a0CS:GO Wettquoten Copenhagen Games 2018<\/h2>\n<p style=\"text-align: justify;\">Mit <a href=\"https:\/\/www.esports-betting.pro\/de\/csgo\/\" target=\"_blank\" rel=\"noopener noreferrer\">CS:GO Wetten und Quoten<\/a>\u00a0f\u00fcr die Copenhagen Games 2018 ist wahrscheinlich erst kurz vor Turnierbeginn zu rechnen, da am Tag davor noch um 4 Pl\u00e4tze im Hauptevent gespielt wird. Nach jetzigem Stand ist North als eindeutiger Favorit zu sehen.<\/p>\n<h2><img loading=\"lazy\" decoding=\"async\" src=\"https:\/\/www.esports-betting.pro\/app\/uploads\/sites\/2\/CSGO-Icon-30.jpg\" alt=\"CSGO Icon\" width=\"30\" height=\"30\" \/>\u00a0CS:GO Copenhagen Games 2018 | Spielplan und Format<\/h2>\n<p style=\"text-align: justify;\">Im Hauptevent werden die 4 Invite-Teams und 4 Teams aus dem Qualifier in zwei Gruppen eingeteilt und spielen eine Bo3 Standard-Gruppenphase, die zwei besten Teams aus den jeweiligen Gruppen kommen ins Playoff-Halbfinale.<\/p>\n<h3>Gruppenphase<\/h3>\n<div style=\"width: 100%; overflow: auto;\">\n<table style=\"width: 100%; border: 0;\">\n<tbody>\n<tr>\n<td><strong>Gruppe A<\/strong><\/p>\n<table style=\"width: 100%; border: 1px solid black;\">\n<tbody>\n<tr>\n<td bgcolor=\"#ecffe6\"><strong>1<\/strong><\/td>\n<td>\u00a0<strong>North<\/strong><\/td>\n<td><strong>3 &#8211; 0<\/strong><\/td>\n<\/tr>\n<tr>\n<td bgcolor=\"#ecffe6\"><strong>2<\/strong><\/td>\n<td>\u00a0<strong>Windigo Gaming<\/strong><\/td>\n<td><strong>2 &#8211; 1<\/strong><\/td>\n<\/tr>\n<tr>\n<td bgcolor=\"#ffebe6\"><strong>3<\/strong><\/td>\n<td>\u00a0<strong>Valiance<\/strong><\/td>\n<td><strong>1 &#8211; 2<\/strong><\/td>\n<\/tr>\n<tr>\n<td bgcolor=\"#ffebe6\"><strong>4<\/strong><\/td>\n<td>\u00a0<strong>Quantum Bellator Fire<\/strong><\/td>\n<td><strong>0 &#8211; 3<\/strong><\/td>\n<\/tr>\n<\/tbody>\n<\/table>\n<\/td>\n<td><strong>Gruppe B<\/strong><\/p>\n<table style=\"width: 100%; border: 1px solid black;\">\n<tbody>\n<tr>\n<td bgcolor=\"#ecffe6\"><strong>1<\/strong><\/td>\n<td style=\"text-align: left;\">\u00a0<strong>North<\/strong><\/td>\n<td><strong>2 &#8211; 1<\/strong><\/td>\n<\/tr>\n<tr>\n<td bgcolor=\"#ecffe6\"><strong>2<\/strong><\/td>\n<td>\u00a0<strong>The Imperial<\/strong><\/td>\n<td><strong>2 &#8211; 1<\/strong><\/td>\n<\/tr>\n<tr>\n<td bgcolor=\"#ffebe6\"><strong>3<\/strong><\/td>\n<td><strong>\u00a0Sprout<\/strong><\/td>\n<td><strong>1 &#8211; 2<\/strong><\/td>\n<\/tr>\n<tr>\n<td bgcolor=\"#ffebe6\"><strong>4<\/strong><\/td>\n<td>\u00a0<strong>Team Kinguin<\/strong><\/td>\n<td><strong>1 &#8211; 2<\/strong><\/td>\n<\/tr>\n<\/tbody>\n<\/table>\n<\/td>\n<\/tr>\n<\/tbody>\n<\/table>\n<\/div>\n<h3>Playoffs<\/h3>\n<div style=\"width: 60%; overflow: auto;\">\n<table style=\"border: 2px solid black;\" width=\"100%\">\n<tbody>\n<tr style=\"background-color: #aeaecb; color: #000000; border: 2px solid black; font-size: 100%;\">\n<td colspan=\"2\" width=\"100\"><strong>Halbfinale<\/strong><\/td>\n<td colspan=\"2\" width=\"100\"><strong>Finale<\/strong><\/td>\n<\/tr>\n<tr>\n<td style=\"background-color: #d8d8d8; border: 2px solid black;\">\u00a0Windigo Gaming<\/td>\n<td style=\"background-color: #f2f2f2; border: 2px solid black;\" width=\"5\">0<\/td>\n<td><\/td>\n<td><\/td>\n<\/tr>\n<tr>\n<td style=\"background-color: #d8d8d8; border: 2px solid black;\"><strong>Heroic<\/strong><\/td>\n<td style=\"background-color: #f2f2f2; border: 2px solid black;\" width=\"5\"><strong>2<\/strong><\/td>\n<td style=\"background-color: #d8d8d8; border: 2px solid black;\">\u00a0Heroic<\/td>\n<td style=\"background-color: #f2f2f2; border: 2px solid black;\" width=\"5\">1<\/td>\n<\/tr>\n<tr>\n<td><\/td>\n<td><\/td>\n<td style=\"vertical-align: middle; text-align: center;\"><strong><span style=\"color: #ff0000;\">vs.<\/span><\/strong><\/td>\n<td><\/td>\n<\/tr>\n<tr>\n<td style=\"background-color: #d8d8d8; border: 2px solid black;\">\u00a0North<\/td>\n<td style=\"border: 2px solid black; text-align: center; background-color: #f2f2f2;\" width=\"5\">0<\/td>\n<td style=\"background-color: #d8d8d8; border: 2px solid black;\">\u00a0<strong>The Imperial<\/strong><\/td>\n<td style=\"background-color: #f2f2f2; border: 2px solid black;\" width=\"5\"><strong>2<\/strong><\/td>\n<\/tr>\n<tr>\n<td style=\"background-color: #d8d8d8; border: 2px solid black;\">\u00a0<strong>The Imperial<\/strong><\/td>\n<td style=\"border: 2px solid black; text-align: center; background-color: #f2f2f2;\" width=\"5\"><strong>2<\/strong><\/td>\n<td><\/td>\n<td><\/td>\n<\/tr>\n<\/tbody>\n<\/table>\n<\/div>\n<h2><img loading=\"lazy\" decoding=\"async\" src=\"https:\/\/www.esports-betting.pro\/app\/uploads\/sites\/2\/CSGO-Icon-30.jpg\" alt=\"CSGO Icon\" width=\"30\" height=\"30\" \/> <a id=\"livestream\"><\/a>CS:GO Livestreams f\u00fcr die Copenhagen Games 2018<\/h2>\n<p><strong>EnglischerLivestream:<\/strong><\/p>\n","protected":false},"excerpt":{"rendered":"<p>Ende M\u00e4rz finden die diesj\u00e4hrigen Copenhagen Games statt. Das Turnier z\u00e4hlt schon seit einiger Zeit als das wichtigste d\u00e4nische LAN-Event, auch wenn es seit 2015 um seinen Status im Tier-2 Feld k\u00e4mpfen muss. Neben einigen anderen esports-Titeln und einem B-Event mit Open Qualifier, sowie einem Frauenturnier, steigt ab 29. M\u00e4rz das CS:GO Main Tournament als &hellip; <a href=\"https:\/\/www.esports-betting.pro\/de\/csgo\/copenhagen-games-2018\/\">Continued<\/a><\/p>\n","protected":false},"author":24,"featured_media":0,"parent":2164,"menu_order":0,"comment_status":"closed","ping_status":"closed","template":"","meta":{"_acf_changed":false,"footnotes":""},"acf":[],"yoast_head":"<!-- This site is optimized with the Yoast SEO plugin v22.6 - https:\/\/yoast.com\/wordpress\/plugins\/seo\/ -->\n<title>CS:GO Copenhagen Games 2018 | Wetten &amp; Quoten<\/title>\n<meta name=\"description\" content=\"Alle Infos zum CS:GO Turnier der Copenhagen Games 2018. Erfahre mehr \u00fcber Teams, Spielplan, Livestreams sowie Wetten &amp; Quoten f\u00fcr das gr\u00f6\u00dfte d\u00e4nische LAN-Event des Jahres.\" \/>\n<meta name=\"robots\" content=\"index, follow, max-snippet:-1, max-image-preview:large, max-video-preview:-1\" \/>\n<link rel=\"canonical\" href=\"https:\/\/www.esports-betting.pro\/de\/csgo\/copenhagen-games-2018\/\" \/>\n<meta property=\"og:locale\" content=\"de_DE\" \/>\n<meta property=\"og:type\" content=\"article\" \/>\n<meta property=\"og:title\" content=\"CS:GO Copenhagen Games 2018 | Wetten &amp; Quoten\" \/>\n<meta property=\"og:description\" content=\"Alle Infos zum CS:GO Turnier der Copenhagen Games 2018. Erfahre mehr \u00fcber Teams, Spielplan, Livestreams sowie Wetten &amp; Quoten f\u00fcr das gr\u00f6\u00dfte d\u00e4nische LAN-Event des Jahres.\" \/>\n<meta property=\"og:url\" content=\"https:\/\/www.esports-betting.pro\/de\/csgo\/copenhagen-games-2018\/\" \/>\n<meta property=\"og:site_name\" content=\"Esports Betting - DE\" \/>\n<meta property=\"article:modified_time\" content=\"2024-02-23T12:06:20+00:00\" \/>\n<meta property=\"og:image\" content=\"https:\/\/www.esports-betting.pro\/app\/uploads\/sites\/2\/Counter-Strike-GO-Icon-Button.jpg\" \/>\n<meta name=\"twitter:card\" content=\"summary_large_image\" \/>\n<meta name=\"twitter:label1\" content=\"Est. reading time\" \/>\n\t<meta name=\"twitter:data1\" content=\"5 Minuten\" \/>\n<script type=\"application\/ld+json\" class=\"yoast-schema-graph\">{\"@context\":\"https:\/\/schema.org\",\"@graph\":[{\"@type\":\"WebPage\",\"@id\":\"https:\/\/www.esports-betting.pro\/de\/csgo\/copenhagen-games-2018\/\",\"url\":\"https:\/\/www.esports-betting.pro\/de\/csgo\/copenhagen-games-2018\/\",\"name\":\"CS:GO Copenhagen Games 2018 | Wetten & Quoten\",\"isPartOf\":{\"@id\":\"https:\/\/www.esports-betting.pro\/de\/#website\"},\"primaryImageOfPage\":{\"@id\":\"https:\/\/www.esports-betting.pro\/de\/csgo\/copenhagen-games-2018\/#primaryimage\"},\"image\":{\"@id\":\"https:\/\/www.esports-betting.pro\/de\/csgo\/copenhagen-games-2018\/#primaryimage\"},\"thumbnailUrl\":\"https:\/\/www.esports-betting.pro\/app\/uploads\/sites\/2\/Counter-Strike-GO-Icon-Button.jpg\",\"datePublished\":\"2018-03-21T13:40:18+00:00\",\"dateModified\":\"2024-02-23T12:06:20+00:00\",\"description\":\"Alle Infos zum CS:GO Turnier der Copenhagen Games 2018. Erfahre mehr \u00fcber Teams, Spielplan, Livestreams sowie Wetten & Quoten f\u00fcr das gr\u00f6\u00dfte d\u00e4nische LAN-Event des Jahres.\",\"breadcrumb\":{\"@id\":\"https:\/\/www.esports-betting.pro\/de\/csgo\/copenhagen-games-2018\/#breadcrumb\"},\"inLanguage\":\"de-DE\",\"potentialAction\":[{\"@type\":\"ReadAction\",\"target\":[\"https:\/\/www.esports-betting.pro\/de\/csgo\/copenhagen-games-2018\/\"]}]},{\"@type\":\"ImageObject\",\"inLanguage\":\"de-DE\",\"@id\":\"https:\/\/www.esports-betting.pro\/de\/csgo\/copenhagen-games-2018\/#primaryimage\",\"url\":\"https:\/\/www.esports-betting.pro\/app\/uploads\/sites\/2\/Counter-Strike-GO-Icon-Button.jpg\",\"contentUrl\":\"https:\/\/www.esports-betting.pro\/app\/uploads\/sites\/2\/Counter-Strike-GO-Icon-Button.jpg\"},{\"@type\":\"BreadcrumbList\",\"@id\":\"https:\/\/www.esports-betting.pro\/de\/csgo\/copenhagen-games-2018\/#breadcrumb\",\"itemListElement\":[{\"@type\":\"ListItem\",\"position\":1,\"name\":\"Home\",\"item\":\"https:\/\/www.esports-betting.pro\/de\/\"},{\"@type\":\"ListItem\",\"position\":2,\"name\":\"CS:GO Wetten und Wettanbieter \u00dcbersicht\",\"item\":\"https:\/\/www.esports-betting.pro\/de\/csgo\/\"},{\"@type\":\"ListItem\",\"position\":3,\"name\":\"CS:GO Copenhagen Games 2018\"}]},{\"@type\":\"WebSite\",\"@id\":\"https:\/\/www.esports-betting.pro\/de\/#website\",\"url\":\"https:\/\/www.esports-betting.pro\/de\/\",\"name\":\"Esports Betting - DE\",\"description\":\"Just another Esports Betting Sites site\",\"potentialAction\":[{\"@type\":\"SearchAction\",\"target\":{\"@type\":\"EntryPoint\",\"urlTemplate\":\"https:\/\/www.esports-betting.pro\/de\/?s={search_term_string}\"},\"query-input\":\"required name=search_term_string\"}],\"inLanguage\":\"de-DE\"}]}<\/script>\n<!-- \/ Yoast SEO plugin. -->","yoast_head_json":{"title":"CS:GO Copenhagen Games 2018 | Wetten & Quoten","description":"Alle Infos zum CS:GO Turnier der Copenhagen Games 2018. Erfahre mehr \u00fcber Teams, Spielplan, Livestreams sowie Wetten & Quoten f\u00fcr das gr\u00f6\u00dfte d\u00e4nische LAN-Event des Jahres.","robots":{"index":"index","follow":"follow","max-snippet":"max-snippet:-1","max-image-preview":"max-image-preview:large","max-video-preview":"max-video-preview:-1"},"canonical":"https:\/\/www.esports-betting.pro\/de\/csgo\/copenhagen-games-2018\/","og_locale":"de_DE","og_type":"article","og_title":"CS:GO Copenhagen Games 2018 | Wetten & Quoten","og_description":"Alle Infos zum CS:GO Turnier der Copenhagen Games 2018. Erfahre mehr \u00fcber Teams, Spielplan, Livestreams sowie Wetten & Quoten f\u00fcr das gr\u00f6\u00dfte d\u00e4nische LAN-Event des Jahres.","og_url":"https:\/\/www.esports-betting.pro\/de\/csgo\/copenhagen-games-2018\/","og_site_name":"Esports Betting - DE","article_modified_time":"2024-02-23T12:06:20+00:00","og_image":[{"url":"https:\/\/www.esports-betting.pro\/app\/uploads\/sites\/2\/Counter-Strike-GO-Icon-Button.jpg"}],"twitter_card":"summary_large_image","twitter_misc":{"Est. reading time":"5 Minuten"},"schema":{"@context":"https:\/\/schema.org","@graph":[{"@type":"WebPage","@id":"https:\/\/www.esports-betting.pro\/de\/csgo\/copenhagen-games-2018\/","url":"https:\/\/www.esports-betting.pro\/de\/csgo\/copenhagen-games-2018\/","name":"CS:GO Copenhagen Games 2018 | Wetten & Quoten","isPartOf":{"@id":"https:\/\/www.esports-betting.pro\/de\/#website"},"primaryImageOfPage":{"@id":"https:\/\/www.esports-betting.pro\/de\/csgo\/copenhagen-games-2018\/#primaryimage"},"image":{"@id":"https:\/\/www.esports-betting.pro\/de\/csgo\/copenhagen-games-2018\/#primaryimage"},"thumbnailUrl":"https:\/\/www.esports-betting.pro\/app\/uploads\/sites\/2\/Counter-Strike-GO-Icon-Button.jpg","datePublished":"2018-03-21T13:40:18+00:00","dateModified":"2024-02-23T12:06:20+00:00","description":"Alle Infos zum CS:GO Turnier der Copenhagen Games 2018. Erfahre mehr \u00fcber Teams, Spielplan, Livestreams sowie Wetten & Quoten f\u00fcr das gr\u00f6\u00dfte d\u00e4nische LAN-Event des Jahres.","breadcrumb":{"@id":"https:\/\/www.esports-betting.pro\/de\/csgo\/copenhagen-games-2018\/#breadcrumb"},"inLanguage":"de-DE","potentialAction":[{"@type":"ReadAction","target":["https:\/\/www.esports-betting.pro\/de\/csgo\/copenhagen-games-2018\/"]}]},{"@type":"ImageObject","inLanguage":"de-DE","@id":"https:\/\/www.esports-betting.pro\/de\/csgo\/copenhagen-games-2018\/#primaryimage","url":"https:\/\/www.esports-betting.pro\/app\/uploads\/sites\/2\/Counter-Strike-GO-Icon-Button.jpg","contentUrl":"https:\/\/www.esports-betting.pro\/app\/uploads\/sites\/2\/Counter-Strike-GO-Icon-Button.jpg"},{"@type":"BreadcrumbList","@id":"https:\/\/www.esports-betting.pro\/de\/csgo\/copenhagen-games-2018\/#breadcrumb","itemListElement":[{"@type":"ListItem","position":1,"name":"Home","item":"https:\/\/www.esports-betting.pro\/de\/"},{"@type":"ListItem","position":2,"name":"CS:GO Wetten und Wettanbieter \u00dcbersicht","item":"https:\/\/www.esports-betting.pro\/de\/csgo\/"},{"@type":"ListItem","position":3,"name":"CS:GO Copenhagen Games 2018"}]},{"@type":"WebSite","@id":"https:\/\/www.esports-betting.pro\/de\/#website","url":"https:\/\/www.esports-betting.pro\/de\/","name":"Esports Betting - DE","description":"Just another Esports Betting Sites site","potentialAction":[{"@type":"SearchAction","target":{"@type":"EntryPoint","urlTemplate":"https:\/\/www.esports-betting.pro\/de\/?s={search_term_string}"},"query-input":"required name=search_term_string"}],"inLanguage":"de-DE"}]}},"_links":{"self":[{"href":"https:\/\/www.esports-betting.pro\/de\/wp-json\/wp\/v2\/pages\/25924"}],"collection":[{"href":"https:\/\/www.esports-betting.pro\/de\/wp-json\/wp\/v2\/pages"}],"about":[{"href":"https:\/\/www.esports-betting.pro\/de\/wp-json\/wp\/v2\/types\/page"}],"author":[{"embeddable":true,"href":"https:\/\/www.esports-betting.pro\/de\/wp-json\/wp\/v2\/users\/24"}],"replies":[{"embeddable":true,"href":"https:\/\/www.esports-betting.pro\/de\/wp-json\/wp\/v2\/comments?post=25924"}],"version-history":[{"count":1,"href":"https:\/\/www.esports-betting.pro\/de\/wp-json\/wp\/v2\/pages\/25924\/revisions"}],"predecessor-version":[{"id":52988,"href":"https:\/\/www.esports-betting.pro\/de\/wp-json\/wp\/v2\/pages\/25924\/revisions\/52988"}],"up":[{"embeddable":true,"href":"https:\/\/www.esports-betting.pro\/de\/wp-json\/wp\/v2\/pages\/2164"}],"wp:attachment":[{"href":"https:\/\/www.esports-betting.pro\/de\/wp-json\/wp\/v2\/media?parent=25924"}],"curies":[{"name":"wp","href":"https:\/\/api.w.org\/{rel}","templated":true}]}}