{"id":2573,"date":"2014-07-16T09:03:41","date_gmt":"2014-07-16T09:03:41","guid":{"rendered":"https:\/\/www.esports-betting.pro\/de\/?page_id=2573"},"modified":"2014-07-16T09:03:41","modified_gmt":"2014-07-16T09:03:41","slug":"caseking-of-the-hill-counter-strike","status":"publish","type":"page","link":"https:\/\/www.esports-betting.pro\/de\/csgo\/caseking-of-the-hill-counter-strike\/","title":{"rendered":"CaseKing of the Hill | Counter Strike CS:GO"},"content":{"rendered":"<p style=\"text-align: justify\"><img loading=\"lazy\" decoding=\"async\" class=\"alignright size-full wp-image-2576\" src=\"https:\/\/www.esports-betting.pro\/app\/uploads\/sites\/2\/Caseking-of-the-Hill-CSGO.png\" alt=\"Caseking of the Hill CSGO Logo\" width=\"311\" height=\"59\" \/>Das Counter Strike (CS:GO) Turnier Caseking of the Hill l\u00e4uft \u00fcber 14 Wochen. Ab dem 16. Juli 2014 findet jeden Mittwoch ab 18:00 Uhr die \u00dcbertragung im Live Stream statt.\u00a0 Pro Woche finden jeweils 2 Matches statt. Im ersten CS:GO Match\u00a0 wird der Herausforder bestimmt. Hierbei trifft ein Team welches die Community gevoted hat auf ein Wildcard Team. Der Sieger aus der ersten Begegnung spielt dann im zweiten Match gegen den amtierenden King of the Hill. Der Gewinner des zweiten Matches ist\/bleibt King of the Hill und tritt somit in der n\u00e4chsten Woche wieder im zweiten Match an. Insgesamt wird ein Preisgeld von \u20ac 14.000,- ausgesch\u00fcttet. Da NiP das Testturnier gewonnen hat, darf das Team in der ersten Spielwoche in Match 2 den Titel CaseKing of the Hill verteidigen.<\/p>\n<h2>Facts zu CS:GO Caseking of the Hill<\/h2>\n<ul>\n<li>Turnierl\u00e4nge: 14 Wochen<\/li>\n<li>Gesamtpreisgeld: \u20ac 14,000,-<\/li>\n<li>Modus: King of the Hill (Gewinner bleibt im Turnier)<\/li>\n<li>Main Sponsor: Alpenf\u00f6hn<\/li>\n<li>Side Sponsor: BitFenix<\/li>\n<li>Alle Matches werden im Live Stream \u00fcbertragen<\/li>\n<\/ul>\n<h3>Community Voting & Gewinnspiel<\/h3>\n<p style=\"text-align: justify\">Jede Woche darf die CaseKing Community ein Team w\u00e4hlen welches gegen das Wildcard Team antritt. Der Gewinner aus diesem Turnier tritt dann gegen den amtierenden King of the Hill an. Mehr \u00fcber das Voting und das damit verbundene Gewinnspiel (zu Gewinnen gibt es diveres Gaming Equipment) erfahrt ihr hier: <a href=\"http:\/\/www.caseking.de\/csgo\" target=\"_blank\" rel=\"nofollow noopener\">CaseKing of the Hill Voting und Gewinnspiel<\/a><\/p>\n<h3>Caseking of the Hill Preisgeld<\/h3>\n<p style=\"text-align: justify\">\u00a0Das Siegerteam im 2ten Match bekommt \u20ac 750,- und tritt n\u00e4chste Woche wieder an. Das Verliererteam bekommt \u20ac 250,-. Insgesamt wird in den 14 Wochen also ein Gesamtpreisgeld in H\u00f6he von \u20ac 14.000,- an die Counter-Strike Teams ausgezahlt.<\/p>\n<h2 style=\"text-align: justify\">Wetten und Quoten<\/h2>\n<p>Im Moment ist noch nicht klar ob f\u00fcr die Matches beim Caseking of the Hill von den gro\u00dfen eSport Wettanbietern Wetten und Quoten angeboten werden. Wir halten euch auf dem Laufenden!<\/p>\n<h2 style=\"text-align: justify\">Zeitplan | Live Stream Start<\/h2>\n<p style=\"text-align: justify\">18:00 Uhr &#8211; Wildcard Team vs. Community-voted Team (Best-of-3)<br \/>\n20:30 Uhr &#8211; Caseking of the Hill-Team vs. Sieger Wildcard\/Community Team (Best-of-3)<\/p>\n<h2 style=\"text-align: justify\">CaseKing of the Hill Live Stream<\/h2>\n<p style=\"text-align: justify\">Alle Matches beim Counter-Strike (CS:GO) Turnier CaseKing of the Hill werden live auf Twitch \u00fcbertragen. Ihr k\u00f6nnt euch die Matches nat\u00fcrlich auch hier auf unserer Seite ansehen.<\/p>\n<p><object><\/object><\/p>\n<p style=\"text-align: justify\"><strong>Mehr zum Thema<\/strong><\/p>\n<p style=\"text-align: justify\"><a title=\"CS:GO Counter-Strike | Wetten und Wettanbieter\" href=\"https:\/\/www.esports-betting.pro\/de\/csgo\/\">Mehr \u00fcber Counter-Strike Wetten erfahren<\/a><\/p>\n<p style=\"text-align: justify\"><a title=\"Esport Wetten\" href=\"https:\/\/www.esports-betting.pro\/de\/\">Mehr \u00fcber eSport Wetten erfahren<\/a><\/p>\n","protected":false},"excerpt":{"rendered":"<p>Das Counter Strike (CS:GO) Turnier Caseking of the Hill l\u00e4uft \u00fcber 14 Wochen. Ab dem 16. Juli 2014 findet jeden Mittwoch ab 18:00 Uhr die \u00dcbertragung im Live Stream statt.\u00a0 Pro Woche finden jeweils 2 Matches statt. Im ersten CS:GO Match\u00a0 wird der Herausforder bestimmt. Hierbei trifft ein Team welches die Community gevoted hat auf &hellip; <a href=\"https:\/\/www.esports-betting.pro\/de\/csgo\/caseking-of-the-hill-counter-strike\/\">Continued<\/a><\/p>\n","protected":false},"author":24,"featured_media":0,"parent":2164,"menu_order":0,"comment_status":"closed","ping_status":"closed","template":"","meta":{"_acf_changed":false,"footnotes":""},"acf":[],"yoast_head":"<!-- This site is optimized with the Yoast SEO plugin v22.6 - https:\/\/yoast.com\/wordpress\/plugins\/seo\/ -->\n<title>CaseKing of the Hill | CS:GO Turnier Info<\/title>\n<meta name=\"description\" content=\"Das Counter-Strike Turnier CaseKing of the Hill startet am 16. Juli und l\u00e4uft 14 Wochen. Erfahre mehr \u00fcber Preisgeld, Modus, Live Stream und Gewinnspiel\" \/>\n<meta name=\"robots\" content=\"index, follow, max-snippet:-1, max-image-preview:large, max-video-preview:-1\" \/>\n<link rel=\"canonical\" href=\"https:\/\/www.esports-betting.pro\/de\/csgo\/caseking-of-the-hill-counter-strike\/\" \/>\n<meta property=\"og:locale\" content=\"de_DE\" \/>\n<meta property=\"og:type\" content=\"article\" \/>\n<meta property=\"og:title\" content=\"CaseKing of the Hill | CS:GO Turnier Info\" \/>\n<meta property=\"og:description\" content=\"Das Counter-Strike Turnier CaseKing of the Hill startet am 16. Juli und l\u00e4uft 14 Wochen. Erfahre mehr \u00fcber Preisgeld, Modus, Live Stream und Gewinnspiel\" \/>\n<meta property=\"og:url\" content=\"https:\/\/www.esports-betting.pro\/de\/csgo\/caseking-of-the-hill-counter-strike\/\" \/>\n<meta property=\"og:site_name\" content=\"Esports Betting - DE\" \/>\n<meta property=\"og:image\" content=\"https:\/\/www.esports-betting.pro\/app\/uploads\/sites\/2\/Caseking-of-the-Hill-CSGO.png\" \/>\n<meta name=\"twitter:card\" content=\"summary_large_image\" \/>\n<meta name=\"twitter:label1\" content=\"Est. reading time\" \/>\n\t<meta name=\"twitter:data1\" content=\"2 Minuten\" \/>\n<script type=\"application\/ld+json\" class=\"yoast-schema-graph\">{\"@context\":\"https:\/\/schema.org\",\"@graph\":[{\"@type\":\"WebPage\",\"@id\":\"https:\/\/www.esports-betting.pro\/de\/csgo\/caseking-of-the-hill-counter-strike\/\",\"url\":\"https:\/\/www.esports-betting.pro\/de\/csgo\/caseking-of-the-hill-counter-strike\/\",\"name\":\"CaseKing of the Hill | CS:GO Turnier Info\",\"isPartOf\":{\"@id\":\"https:\/\/www.esports-betting.pro\/de\/#website\"},\"primaryImageOfPage\":{\"@id\":\"https:\/\/www.esports-betting.pro\/de\/csgo\/caseking-of-the-hill-counter-strike\/#primaryimage\"},\"image\":{\"@id\":\"https:\/\/www.esports-betting.pro\/de\/csgo\/caseking-of-the-hill-counter-strike\/#primaryimage\"},\"thumbnailUrl\":\"https:\/\/www.esports-betting.pro\/app\/uploads\/sites\/2\/Caseking-of-the-Hill-CSGO.png\",\"datePublished\":\"2014-07-16T09:03:41+00:00\",\"dateModified\":\"2014-07-16T09:03:41+00:00\",\"description\":\"Das Counter-Strike Turnier CaseKing of the Hill startet am 16. Juli und l\u00e4uft 14 Wochen. Erfahre mehr \u00fcber Preisgeld, Modus, Live Stream und Gewinnspiel\",\"breadcrumb\":{\"@id\":\"https:\/\/www.esports-betting.pro\/de\/csgo\/caseking-of-the-hill-counter-strike\/#breadcrumb\"},\"inLanguage\":\"de-DE\",\"potentialAction\":[{\"@type\":\"ReadAction\",\"target\":[\"https:\/\/www.esports-betting.pro\/de\/csgo\/caseking-of-the-hill-counter-strike\/\"]}]},{\"@type\":\"ImageObject\",\"inLanguage\":\"de-DE\",\"@id\":\"https:\/\/www.esports-betting.pro\/de\/csgo\/caseking-of-the-hill-counter-strike\/#primaryimage\",\"url\":\"https:\/\/www.esports-betting.pro\/app\/uploads\/sites\/2\/Caseking-of-the-Hill-CSGO.png\",\"contentUrl\":\"https:\/\/www.esports-betting.pro\/app\/uploads\/sites\/2\/Caseking-of-the-Hill-CSGO.png\"},{\"@type\":\"BreadcrumbList\",\"@id\":\"https:\/\/www.esports-betting.pro\/de\/csgo\/caseking-of-the-hill-counter-strike\/#breadcrumb\",\"itemListElement\":[{\"@type\":\"ListItem\",\"position\":1,\"name\":\"Home\",\"item\":\"https:\/\/www.esports-betting.pro\/de\/\"},{\"@type\":\"ListItem\",\"position\":2,\"name\":\"CS:GO Wetten und Wettanbieter \u00dcbersicht\",\"item\":\"https:\/\/www.esports-betting.pro\/de\/csgo\/\"},{\"@type\":\"ListItem\",\"position\":3,\"name\":\"CaseKing of the Hill | Counter Strike CS:GO\"}]},{\"@type\":\"WebSite\",\"@id\":\"https:\/\/www.esports-betting.pro\/de\/#website\",\"url\":\"https:\/\/www.esports-betting.pro\/de\/\",\"name\":\"Esports Betting - DE\",\"description\":\"Just another Esports Betting Sites site\",\"potentialAction\":[{\"@type\":\"SearchAction\",\"target\":{\"@type\":\"EntryPoint\",\"urlTemplate\":\"https:\/\/www.esports-betting.pro\/de\/?s={search_term_string}\"},\"query-input\":\"required name=search_term_string\"}],\"inLanguage\":\"de-DE\"}]}<\/script>\n<!-- \/ Yoast SEO plugin. -->","yoast_head_json":{"title":"CaseKing of the Hill | CS:GO Turnier Info","description":"Das Counter-Strike Turnier CaseKing of the Hill startet am 16. Juli und l\u00e4uft 14 Wochen. Erfahre mehr \u00fcber Preisgeld, Modus, Live Stream und Gewinnspiel","robots":{"index":"index","follow":"follow","max-snippet":"max-snippet:-1","max-image-preview":"max-image-preview:large","max-video-preview":"max-video-preview:-1"},"canonical":"https:\/\/www.esports-betting.pro\/de\/csgo\/caseking-of-the-hill-counter-strike\/","og_locale":"de_DE","og_type":"article","og_title":"CaseKing of the Hill | CS:GO Turnier Info","og_description":"Das Counter-Strike Turnier CaseKing of the Hill startet am 16. Juli und l\u00e4uft 14 Wochen. Erfahre mehr \u00fcber Preisgeld, Modus, Live Stream und Gewinnspiel","og_url":"https:\/\/www.esports-betting.pro\/de\/csgo\/caseking-of-the-hill-counter-strike\/","og_site_name":"Esports Betting - DE","og_image":[{"url":"https:\/\/www.esports-betting.pro\/app\/uploads\/sites\/2\/Caseking-of-the-Hill-CSGO.png"}],"twitter_card":"summary_large_image","twitter_misc":{"Est. reading time":"2 Minuten"},"schema":{"@context":"https:\/\/schema.org","@graph":[{"@type":"WebPage","@id":"https:\/\/www.esports-betting.pro\/de\/csgo\/caseking-of-the-hill-counter-strike\/","url":"https:\/\/www.esports-betting.pro\/de\/csgo\/caseking-of-the-hill-counter-strike\/","name":"CaseKing of the Hill | CS:GO Turnier Info","isPartOf":{"@id":"https:\/\/www.esports-betting.pro\/de\/#website"},"primaryImageOfPage":{"@id":"https:\/\/www.esports-betting.pro\/de\/csgo\/caseking-of-the-hill-counter-strike\/#primaryimage"},"image":{"@id":"https:\/\/www.esports-betting.pro\/de\/csgo\/caseking-of-the-hill-counter-strike\/#primaryimage"},"thumbnailUrl":"https:\/\/www.esports-betting.pro\/app\/uploads\/sites\/2\/Caseking-of-the-Hill-CSGO.png","datePublished":"2014-07-16T09:03:41+00:00","dateModified":"2014-07-16T09:03:41+00:00","description":"Das Counter-Strike Turnier CaseKing of the Hill startet am 16. Juli und l\u00e4uft 14 Wochen. Erfahre mehr \u00fcber Preisgeld, Modus, Live Stream und Gewinnspiel","breadcrumb":{"@id":"https:\/\/www.esports-betting.pro\/de\/csgo\/caseking-of-the-hill-counter-strike\/#breadcrumb"},"inLanguage":"de-DE","potentialAction":[{"@type":"ReadAction","target":["https:\/\/www.esports-betting.pro\/de\/csgo\/caseking-of-the-hill-counter-strike\/"]}]},{"@type":"ImageObject","inLanguage":"de-DE","@id":"https:\/\/www.esports-betting.pro\/de\/csgo\/caseking-of-the-hill-counter-strike\/#primaryimage","url":"https:\/\/www.esports-betting.pro\/app\/uploads\/sites\/2\/Caseking-of-the-Hill-CSGO.png","contentUrl":"https:\/\/www.esports-betting.pro\/app\/uploads\/sites\/2\/Caseking-of-the-Hill-CSGO.png"},{"@type":"BreadcrumbList","@id":"https:\/\/www.esports-betting.pro\/de\/csgo\/caseking-of-the-hill-counter-strike\/#breadcrumb","itemListElement":[{"@type":"ListItem","position":1,"name":"Home","item":"https:\/\/www.esports-betting.pro\/de\/"},{"@type":"ListItem","position":2,"name":"CS:GO Wetten und Wettanbieter \u00dcbersicht","item":"https:\/\/www.esports-betting.pro\/de\/csgo\/"},{"@type":"ListItem","position":3,"name":"CaseKing of the Hill | Counter Strike CS:GO"}]},{"@type":"WebSite","@id":"https:\/\/www.esports-betting.pro\/de\/#website","url":"https:\/\/www.esports-betting.pro\/de\/","name":"Esports Betting - DE","description":"Just another Esports Betting Sites site","potentialAction":[{"@type":"SearchAction","target":{"@type":"EntryPoint","urlTemplate":"https:\/\/www.esports-betting.pro\/de\/?s={search_term_string}"},"query-input":"required name=search_term_string"}],"inLanguage":"de-DE"}]}},"_links":{"self":[{"href":"https:\/\/www.esports-betting.pro\/de\/wp-json\/wp\/v2\/pages\/2573"}],"collection":[{"href":"https:\/\/www.esports-betting.pro\/de\/wp-json\/wp\/v2\/pages"}],"about":[{"href":"https:\/\/www.esports-betting.pro\/de\/wp-json\/wp\/v2\/types\/page"}],"author":[{"embeddable":true,"href":"https:\/\/www.esports-betting.pro\/de\/wp-json\/wp\/v2\/users\/24"}],"replies":[{"embeddable":true,"href":"https:\/\/www.esports-betting.pro\/de\/wp-json\/wp\/v2\/comments?post=2573"}],"version-history":[{"count":0,"href":"https:\/\/www.esports-betting.pro\/de\/wp-json\/wp\/v2\/pages\/2573\/revisions"}],"up":[{"embeddable":true,"href":"https:\/\/www.esports-betting.pro\/de\/wp-json\/wp\/v2\/pages\/2164"}],"wp:attachment":[{"href":"https:\/\/www.esports-betting.pro\/de\/wp-json\/wp\/v2\/media?parent=2573"}],"curies":[{"name":"wp","href":"https:\/\/api.w.org\/{rel}","templated":true}]}}