{"id":25243,"date":"2018-02-26T13:00:16","date_gmt":"2018-02-26T12:00:16","guid":{"rendered":"https:\/\/www.esports-betting.pro\/de\/?page_id=25243"},"modified":"2022-08-16T13:24:44","modified_gmt":"2022-08-16T13:24:44","slug":"wetten-quoten","status":"publish","type":"page","link":"https:\/\/www.esports-betting.pro\/de\/lol\/worlds-2018-leagueoflegends-weltmeisterschaft\/wetten-quoten\/","title":{"rendered":"Wetten, Quoten und Wettseiten LoL WM &#8211; Worlds 2018"},"content":{"rendered":"<p style=\"text-align: justify;\"><strong><img loading=\"lazy\" decoding=\"async\" class=\"size-full wp-image-12557 alignright\" src=\"https:\/\/www.esports-betting.pro\/app\/uploads\/sites\/2\/IEM-Gyeonggi-2016-League-of-Legends-Logo.jpg\" alt=\"League of Legends Logo\" width=\"200\" height=\"84\" \/><\/strong>Bis zum Start der <a href=\"https:\/\/www.esports-betting.pro\/de\/lol\/worlds-2018-leagueoflegends-weltmeisterschaft\/wetten-quoten\/\">League of Legends Weltmeisterschaft 2018<\/a> ist es noch ein weiter Weg, die genauen Termine sind f\u00fcr die Fans noch nicht einsehbar, doch die ersten Wettanbieter pr\u00e4sentieren schon ihre Wetten und Quoten f\u00fcr die LoL Worlds 2018. Obwohl der <a href=\"https:\/\/www.esports-betting.pro\/de\/lol\/league-of-legends-championship-lcs\/\">LCS Spring Split<\/a> bereits voller \u00dcberraschungen steckt und kaum vorherzusehen ist, welches Team bei den <a href=\"https:\/\/www.esports-betting.pro\/de\/lol\/lcs-2018-season-8\/spring-split-playoffs\/\">Spring Playoffs 2018<\/a>\u00a0als Sieger hervorgehen wird, haben die Buchmacher schon genau kalkuliert, welche Teams Chancen auf den Weltmeistertitel haben. Fest steht, dass sich die Wettquoten im Verlauf der n\u00e4chsten Monate noch \u00e4ndern werden, denn besonders der Summer Split wird mehr Aufschluss \u00fcber die tats\u00e4chlichen St\u00e4rken der Teams geben. Derzeit ist Kingzone DragonX klarer Quoten Favorit, obwohl 4 der 5 Spieler bereits im Vorjahr bei Longzhu zusammenspielten und im Halbfinale der LoL Worlds 2017 ausschieden. Bisher bietet nur bet365 im deutschsprachigen Raum Wetten und Quoten zur LoL WM 2018 an, sobald andere Buchmacher hinzukommen, erfahrt ihr dies hier.<\/p>\n<h2>Die besten Wettanbieter f\u00fcr die LoL WM 2018<\/h2>\n<p style=\"text-align: justify;\">Bisher findet ihr verschiedene Quoten und Wetten zur LoL Weltmeisterschaft nur Bet365. Genaue Infos zu allen eSport Buchmachern findet ihr in unserer\u00a0<a href=\"https:\/\/www.esports-betting.pro\/de\/buchmacher-wettanbieter\/\">eSports Wettanbieter \u00dcbersicht<\/a>.<\/p>\n<h2 style=\"clear: both;\">LoL Worlds 2018 Wettangebot und Wettarten<\/h2>\n<p style=\"text-align: justify;\">Bisher gibt es drei Spezialwetten auf die LoL Worlds 2018. Die Teilnehmer und Spielpl\u00e4ne stehen noch nicht fest, daher k\u00f6nnen derzeit nur sehr allgemeine Wetten angeboten werden. Man kann auf den Gesamtsieger des Turniers wetten, darauf, aus welcher Region der Sieger kommt, und ob Kingzone DragonX oder ein anderes Team die LoL WM gewinnt.<\/p>\n<h3>Geamtsieger Wetten und Quoten f\u00fcr die LoL WM*<\/h3>\n<p style=\"text-align: justify;\">Wie der Name schon sagt, geht es bei dieser LoL WM 2018 Wette darum, zu tippen, welches Team der n\u00e4chste League of Legends Weltmeister sein wird. Bei keinem der aufgelisteten Teams steht fest, ob es \u00fcberhaupt an dem Turnier teilnehmen darf, denn dar\u00fcber wird erst der Summer Split Aufschluss geben. Favoriten sind nat\u00fcrlich wieder einmal die koreanischen Teams. Der <a href=\"https:\/\/www.esports-betting.pro\/de\/buchmacher-wettanbieter\/bet365-review\/\">eSport Buchmacher bet365<\/a> hat derzeit Wetten und Quoten f\u00fcr 32 Teams in seinem Angebot.<\/p>\n<div style=\"float: left; text-align: center; background-color: grey; color: white; padding: 5px; margin-right: 25px; margin-bottom: 10px;\">\n<p><strong><img loading=\"lazy\" decoding=\"async\" class=\"aligncenter\" src=\"https:\/\/www.esports-betting.pro\/app\/uploads\/sites\/2\/League-of-Legends-Europe-EU-LCS-Logo.jpg\" alt=\"EU LCS Logo\" width=\"64\" height=\"64\" \/>Quoten EU Teams:<\/strong><\/p>\n<ul>\n<li>G2 Esports (34.00)<\/li>\n<li>Fnatic (34.00)<\/li>\n<li>Misfits (61)<\/li>\n<li>Team Vitality (101.00)<\/li>\n<li>Schalke04 (251.00)<\/li>\n<li>Giants Gaming (251.00)<\/li>\n<\/ul>\n<\/div>\n<div style=\"float: left; text-align: center; background-color: grey; color: white; padding: 5px; margin-right: 25px; margin-bottom: 10px;\">\n<p><strong><img loading=\"lazy\" decoding=\"async\" class=\"aligncenter size-medium\" src=\"https:\/\/www.esports-betting.pro\/app\/uploads\/sites\/2\/League-of-Legends-North-America-NA-LCS-Logo.jpg\" alt=\"NA LCS Logo\" width=\"64\" height=\"64\" \/>Quoten NA Teams:<\/strong><\/p>\n<ul>\n<li>Cloud 9 (34.00)<\/li>\n<li>Echo Fox (51.00)<\/li>\n<li>Team Liquid (51.00)<\/li>\n<li>Team Solo Mid (67.00)<\/li>\n<li>100 Thives (101.00)<\/li>\n<\/ul>\n<\/div>\n<div style=\"float: left; text-align: center; background-color: grey; color: white; padding: 5px; margin-bottom: 10px;\">\n<p><strong><img loading=\"lazy\" decoding=\"async\" class=\"aligncenter\" src=\"https:\/\/www.esports-betting.pro\/app\/uploads\/sites\/2\/League-of-Legends-Champions-Korea-LCK-Logo.jpg\" alt=\"LCK Logo\" width=\"64\" height=\"64\" \/>Quoten LCK (S\u00fcdkorea) Teams:<\/strong><\/p>\n<ul>\n<li>KINGZONE DragonX (2.25)<\/li>\n<li>SK Telecom T1 (4.50)<\/li>\n<li>KT Rolster (7.00)<\/li>\n<li>KSV-ESports (11.00)<\/li>\n<li>Afreeca Freecs (23.00)<\/li>\n<li>Jin Air Green Wings (67.00)<\/li>\n<\/ul>\n<\/div>\n<div style=\"float: left; text-align: center; background-color: grey; color: white; padding: 5px; clear: left; margin-right: 25px; margin-bottom: 10px;\">\n<p><strong><img loading=\"lazy\" decoding=\"async\" class=\"aligncenter size-medium\" src=\"https:\/\/www.esports-betting.pro\/app\/uploads\/sites\/2\/League-of-Legends-LoL-Pro-League-LPL-Logo.jpg\" alt=\"LPL Logo\" width=\"64\" height=\"64\" \/>Quoten LPL (China) Teams:<\/strong><\/p>\n<ul>\n<li>Edward Gaming (17.00)<\/li>\n<li>Invictus Gaming (17.00)<\/li>\n<li>Royal Never Give UP (21.00)<\/li>\n<li>World Elite (26)<\/li>\n<li>Rogue Warriors (34.00)<\/li>\n<li>Snake (41.00)<\/li>\n<li>JD Gaming (51.00)<\/li>\n<\/ul>\n<\/div>\n<div style=\"float: left; text-align: center; background-color: grey; color: white; padding: 5px; margin-bottom: 10px;\">\n<p><strong>Quoten Rest der Welt:<\/strong><\/p>\n<ul>\n<li>Flash Wolves (41.00)<\/li>\n<li>EVOS Esports (101.00)<\/li>\n<li>BauSuperMassive (201.00)<\/li>\n<li>J Team (201.00)<\/li>\n<li>G-Rex (201.00)<\/li>\n<li>Vivo Keyd (251.00)<\/li>\n<li>Royal Bandits (301.00)<\/li>\n<li>Fenerbahce (401.00)<\/li>\n<\/ul>\n<\/div>\n<p style=\"text-align: justify; clear: both;\"><a href=\"https:\/\/www.esports-betting.pro\/de\/buchmacher\/bet365\" target=\"_blank\" rel=\"nofollow noopener\"><img decoding=\"async\" class=\"aligncenter\" src=\"https:\/\/www.esports-betting.pro\/app\/uploads\/sites\/2\/bet365-crawler-banner_de.jpg\" alt=\"zum Wettanbieter\" \/><\/a><\/p>\n<h3>Wetten auf die Region des Siegers*<\/h3>\n<p style=\"text-align: justify;\">Diese Wettm\u00f6glichkeit ist etwas weniger riskant, denn S\u00fcdkorea ist nach wie vor die Region mit den st\u00e4rksten LoL-Teams und wird mit gro\u00dfer Wahrscheinlichkeit wieder die Region des neuen Weltmeisters sein. Mit Kingzone DragonX, SKT T1, KT Rolster und KSV-ESports stammen immerhin die vier gr\u00f6\u00dften Favoriten auf den Titel aus der LCK.<\/p>\n<ul>\n<li>S\u00fcdkorea: 1.28<\/li>\n<li>China: 5.50<\/li>\n<li>Europa: 15.00<\/li>\n<li>Nordamerika: 15.00<\/li>\n<li>Rest der Welt: 34.00<\/li>\n<\/ul>\n<h3>Team v Teilnehmerfeld Wettquoten*<\/h3>\n<p style=\"text-align: justify;\">Bei dieser Wettoption geht es darum zu bestimmen, ob ein Team (der Favorit) das Turnier gewinnt, oder eines der vielen anderen Teams. In den vergangenen Jahren war es meistens SK Telecom T1, das f\u00fcr diese Wette in Frage kam, doch diesmal wird Kingzone DragonX als gr\u00f6\u00dfter Favorit gehandelt. Die Quote f\u00fcr das Teilnehmerfeld ist durchaus attraktiv, denn auf dem Weg zum Titel wird KD noch auf viele Hindernisse treffen.<\/p>\n<p>KINGZONE DragonX (vs <em>The Field)<\/em>\u00a02.50<\/p>\n<p>The Field (vs <em>KINGZONE DragonX)<\/em>\u00a01.50<\/p>\n<p>Im Laufe der n\u00e4chsten Monate werden noch weiter Wettm\u00f6glichkeiten f\u00fcr die LoL Worlds 2018 hinzukommen, wir werden euch rechtzeitig informieren.<\/p>\n<p>*). Die Quoten (Stand 26.02.2018) k\u00f6nnen sich in der Zwischenzeit ge\u00e4ndert haben &#8211; keine Garantie. Die aktuellen Quoten findest du auf der Webseite des Buchmachers.<\/p>\n<p><strong>Das k\u00f6nnte dich interessieren:<\/strong><\/p>\n<ul>\n<li><a href=\"https:\/\/www.esports-betting.pro\/de\/lol\/worlds-2018-leagueoflegends-weltmeisterschaft\/\">LoL WM 2018 &#8211; League of Legends Worlds<\/a><\/li>\n<li><a href=\"https:\/\/www.esports-betting.pro\/de\/lol\/\">LoL Wetten und Quoten \u00dcbersicht<\/a><\/li>\n<li><a href=\"https:\/\/www.esports-betting.pro\/de\/news\/lol\/lcs-2018\/gesamtsieger-spring-split-wettquoten\/\">LCS 2018 Gesamtsieger Wettquoten<\/a><\/li>\n<li><a href=\"https:\/\/www.esports-betting.pro\/de\/lol\/lcs-2018-season-8\/wetten-quoten\/\">Wetten und Quoten EU\/NA LCS Spring Split 2018<\/a><\/li>\n<\/ul>\n","protected":false},"excerpt":{"rendered":"<p>Bis zum Start der League of Legends Weltmeisterschaft 2018 ist es noch ein weiter Weg, die genauen Termine sind f\u00fcr die Fans noch nicht einsehbar, doch die ersten Wettanbieter pr\u00e4sentieren schon ihre Wetten und Quoten f\u00fcr die LoL Worlds 2018. Obwohl der LCS Spring Split bereits voller \u00dcberraschungen steckt und kaum vorherzusehen ist, welches Team &hellip; <a href=\"https:\/\/www.esports-betting.pro\/de\/lol\/worlds-2018-leagueoflegends-weltmeisterschaft\/wetten-quoten\/\">Continued<\/a><\/p>\n","protected":false},"author":24,"featured_media":0,"parent":24304,"menu_order":0,"comment_status":"closed","ping_status":"closed","template":"","meta":{"_acf_changed":false,"footnotes":""},"acf":[],"yoast_head":"<!-- This site is optimized with the Yoast SEO plugin v22.6 - https:\/\/yoast.com\/wordpress\/plugins\/seo\/ -->\n<title>Wetten und Quoten LoL WM (Worlds) 2018 | League of Legends Weltmeisterschaft<\/title>\n<meta name=\"description\" content=\"Erste Wetten und Quoten f\u00fcr die League of Legends Weltmeisterschaft 2018 (LoL Worlds) sind verf\u00fcgbar. Wirf einen Blick auf die Wettm\u00e4rkte der LoL WM und die ersten Wettquoten f\u00fcr das gr\u00f6\u00dfte League of Legends Turnier 2018. (Gesamtsieger, Region des Sieger, u.v.m...)\" \/>\n<meta name=\"robots\" content=\"index, follow, max-snippet:-1, max-image-preview:large, max-video-preview:-1\" \/>\n<link rel=\"canonical\" href=\"https:\/\/www.esports-betting.pro\/de\/lol\/worlds-2018-leagueoflegends-weltmeisterschaft\/wetten-quoten\/\" \/>\n<meta property=\"og:locale\" content=\"de_DE\" \/>\n<meta property=\"og:type\" content=\"article\" \/>\n<meta property=\"og:title\" content=\"Wetten und Quoten LoL WM (Worlds) 2018 | League of Legends Weltmeisterschaft\" \/>\n<meta property=\"og:description\" content=\"Erste Wetten und Quoten f\u00fcr die League of Legends Weltmeisterschaft 2018 (LoL Worlds) sind verf\u00fcgbar. Wirf einen Blick auf die Wettm\u00e4rkte der LoL WM und die ersten Wettquoten f\u00fcr das gr\u00f6\u00dfte League of Legends Turnier 2018. (Gesamtsieger, Region des Sieger, u.v.m...)\" \/>\n<meta property=\"og:url\" content=\"https:\/\/www.esports-betting.pro\/de\/lol\/worlds-2018-leagueoflegends-weltmeisterschaft\/wetten-quoten\/\" \/>\n<meta property=\"og:site_name\" content=\"Esports Betting - DE\" \/>\n<meta property=\"article:modified_time\" content=\"2022-08-16T13:24:44+00:00\" \/>\n<meta property=\"og:image\" content=\"https:\/\/www.esports-betting.pro\/app\/uploads\/sites\/2\/IEM-Gyeonggi-2016-League-of-Legends-Logo.jpg\" \/>\n<meta name=\"twitter:card\" content=\"summary_large_image\" \/>\n<meta name=\"twitter:label1\" content=\"Est. reading time\" \/>\n\t<meta name=\"twitter:data1\" content=\"5 Minuten\" \/>\n<script type=\"application\/ld+json\" class=\"yoast-schema-graph\">{\"@context\":\"https:\/\/schema.org\",\"@graph\":[{\"@type\":\"WebPage\",\"@id\":\"https:\/\/www.esports-betting.pro\/de\/lol\/worlds-2018-leagueoflegends-weltmeisterschaft\/wetten-quoten\/\",\"url\":\"https:\/\/www.esports-betting.pro\/de\/lol\/worlds-2018-leagueoflegends-weltmeisterschaft\/wetten-quoten\/\",\"name\":\"Wetten und Quoten LoL WM (Worlds) 2018 | League of Legends Weltmeisterschaft\",\"isPartOf\":{\"@id\":\"https:\/\/www.esports-betting.pro\/de\/#website\"},\"primaryImageOfPage\":{\"@id\":\"https:\/\/www.esports-betting.pro\/de\/lol\/worlds-2018-leagueoflegends-weltmeisterschaft\/wetten-quoten\/#primaryimage\"},\"image\":{\"@id\":\"https:\/\/www.esports-betting.pro\/de\/lol\/worlds-2018-leagueoflegends-weltmeisterschaft\/wetten-quoten\/#primaryimage\"},\"thumbnailUrl\":\"https:\/\/www.esports-betting.pro\/app\/uploads\/sites\/2\/IEM-Gyeonggi-2016-League-of-Legends-Logo.jpg\",\"datePublished\":\"2018-02-26T12:00:16+00:00\",\"dateModified\":\"2022-08-16T13:24:44+00:00\",\"description\":\"Erste Wetten und Quoten f\u00fcr die League of Legends Weltmeisterschaft 2018 (LoL Worlds) sind verf\u00fcgbar. Wirf einen Blick auf die Wettm\u00e4rkte der LoL WM und die ersten Wettquoten f\u00fcr das gr\u00f6\u00dfte League of Legends Turnier 2018. (Gesamtsieger, Region des Sieger, u.v.m...)\",\"breadcrumb\":{\"@id\":\"https:\/\/www.esports-betting.pro\/de\/lol\/worlds-2018-leagueoflegends-weltmeisterschaft\/wetten-quoten\/#breadcrumb\"},\"inLanguage\":\"de-DE\",\"potentialAction\":[{\"@type\":\"ReadAction\",\"target\":[\"https:\/\/www.esports-betting.pro\/de\/lol\/worlds-2018-leagueoflegends-weltmeisterschaft\/wetten-quoten\/\"]}]},{\"@type\":\"ImageObject\",\"inLanguage\":\"de-DE\",\"@id\":\"https:\/\/www.esports-betting.pro\/de\/lol\/worlds-2018-leagueoflegends-weltmeisterschaft\/wetten-quoten\/#primaryimage\",\"url\":\"https:\/\/www.esports-betting.pro\/app\/uploads\/sites\/2\/IEM-Gyeonggi-2016-League-of-Legends-Logo.jpg\",\"contentUrl\":\"https:\/\/www.esports-betting.pro\/app\/uploads\/sites\/2\/IEM-Gyeonggi-2016-League-of-Legends-Logo.jpg\"},{\"@type\":\"BreadcrumbList\",\"@id\":\"https:\/\/www.esports-betting.pro\/de\/lol\/worlds-2018-leagueoflegends-weltmeisterschaft\/wetten-quoten\/#breadcrumb\",\"itemListElement\":[{\"@type\":\"ListItem\",\"position\":1,\"name\":\"Home\",\"item\":\"https:\/\/www.esports-betting.pro\/de\/\"},{\"@type\":\"ListItem\",\"position\":2,\"name\":\"Tips f\u00fcr League of Legends (LoL) Wetten &#8211; Wie wette ich auf League of Legends (Lol)?\",\"item\":\"https:\/\/www.esports-betting.pro\/de\/lol\/\"},{\"@type\":\"ListItem\",\"position\":3,\"name\":\"LoL Weltmeisterschaft &#8211; Worlds 2018 |\u00a0LoL WM\",\"item\":\"https:\/\/www.esports-betting.pro\/de\/lol\/worlds-2018-leagueoflegends-weltmeisterschaft\/\"},{\"@type\":\"ListItem\",\"position\":4,\"name\":\"Wetten, Quoten und Wettseiten LoL WM &#8211; Worlds 2018\"}]},{\"@type\":\"WebSite\",\"@id\":\"https:\/\/www.esports-betting.pro\/de\/#website\",\"url\":\"https:\/\/www.esports-betting.pro\/de\/\",\"name\":\"Esports Betting - DE\",\"description\":\"Just another Esports Betting Sites site\",\"potentialAction\":[{\"@type\":\"SearchAction\",\"target\":{\"@type\":\"EntryPoint\",\"urlTemplate\":\"https:\/\/www.esports-betting.pro\/de\/?s={search_term_string}\"},\"query-input\":\"required name=search_term_string\"}],\"inLanguage\":\"de-DE\"}]}<\/script>\n<!-- \/ Yoast SEO plugin. -->","yoast_head_json":{"title":"Wetten und Quoten LoL WM (Worlds) 2018 | League of Legends Weltmeisterschaft","description":"Erste Wetten und Quoten f\u00fcr die League of Legends Weltmeisterschaft 2018 (LoL Worlds) sind verf\u00fcgbar. Wirf einen Blick auf die Wettm\u00e4rkte der LoL WM und die ersten Wettquoten f\u00fcr das gr\u00f6\u00dfte League of Legends Turnier 2018. (Gesamtsieger, Region des Sieger, u.v.m...)","robots":{"index":"index","follow":"follow","max-snippet":"max-snippet:-1","max-image-preview":"max-image-preview:large","max-video-preview":"max-video-preview:-1"},"canonical":"https:\/\/www.esports-betting.pro\/de\/lol\/worlds-2018-leagueoflegends-weltmeisterschaft\/wetten-quoten\/","og_locale":"de_DE","og_type":"article","og_title":"Wetten und Quoten LoL WM (Worlds) 2018 | League of Legends Weltmeisterschaft","og_description":"Erste Wetten und Quoten f\u00fcr die League of Legends Weltmeisterschaft 2018 (LoL Worlds) sind verf\u00fcgbar. Wirf einen Blick auf die Wettm\u00e4rkte der LoL WM und die ersten Wettquoten f\u00fcr das gr\u00f6\u00dfte League of Legends Turnier 2018. (Gesamtsieger, Region des Sieger, u.v.m...)","og_url":"https:\/\/www.esports-betting.pro\/de\/lol\/worlds-2018-leagueoflegends-weltmeisterschaft\/wetten-quoten\/","og_site_name":"Esports Betting - DE","article_modified_time":"2022-08-16T13:24:44+00:00","og_image":[{"url":"https:\/\/www.esports-betting.pro\/app\/uploads\/sites\/2\/IEM-Gyeonggi-2016-League-of-Legends-Logo.jpg"}],"twitter_card":"summary_large_image","twitter_misc":{"Est. reading time":"5 Minuten"},"schema":{"@context":"https:\/\/schema.org","@graph":[{"@type":"WebPage","@id":"https:\/\/www.esports-betting.pro\/de\/lol\/worlds-2018-leagueoflegends-weltmeisterschaft\/wetten-quoten\/","url":"https:\/\/www.esports-betting.pro\/de\/lol\/worlds-2018-leagueoflegends-weltmeisterschaft\/wetten-quoten\/","name":"Wetten und Quoten LoL WM (Worlds) 2018 | League of Legends Weltmeisterschaft","isPartOf":{"@id":"https:\/\/www.esports-betting.pro\/de\/#website"},"primaryImageOfPage":{"@id":"https:\/\/www.esports-betting.pro\/de\/lol\/worlds-2018-leagueoflegends-weltmeisterschaft\/wetten-quoten\/#primaryimage"},"image":{"@id":"https:\/\/www.esports-betting.pro\/de\/lol\/worlds-2018-leagueoflegends-weltmeisterschaft\/wetten-quoten\/#primaryimage"},"thumbnailUrl":"https:\/\/www.esports-betting.pro\/app\/uploads\/sites\/2\/IEM-Gyeonggi-2016-League-of-Legends-Logo.jpg","datePublished":"2018-02-26T12:00:16+00:00","dateModified":"2022-08-16T13:24:44+00:00","description":"Erste Wetten und Quoten f\u00fcr die League of Legends Weltmeisterschaft 2018 (LoL Worlds) sind verf\u00fcgbar. Wirf einen Blick auf die Wettm\u00e4rkte der LoL WM und die ersten Wettquoten f\u00fcr das gr\u00f6\u00dfte League of Legends Turnier 2018. (Gesamtsieger, Region des Sieger, u.v.m...)","breadcrumb":{"@id":"https:\/\/www.esports-betting.pro\/de\/lol\/worlds-2018-leagueoflegends-weltmeisterschaft\/wetten-quoten\/#breadcrumb"},"inLanguage":"de-DE","potentialAction":[{"@type":"ReadAction","target":["https:\/\/www.esports-betting.pro\/de\/lol\/worlds-2018-leagueoflegends-weltmeisterschaft\/wetten-quoten\/"]}]},{"@type":"ImageObject","inLanguage":"de-DE","@id":"https:\/\/www.esports-betting.pro\/de\/lol\/worlds-2018-leagueoflegends-weltmeisterschaft\/wetten-quoten\/#primaryimage","url":"https:\/\/www.esports-betting.pro\/app\/uploads\/sites\/2\/IEM-Gyeonggi-2016-League-of-Legends-Logo.jpg","contentUrl":"https:\/\/www.esports-betting.pro\/app\/uploads\/sites\/2\/IEM-Gyeonggi-2016-League-of-Legends-Logo.jpg"},{"@type":"BreadcrumbList","@id":"https:\/\/www.esports-betting.pro\/de\/lol\/worlds-2018-leagueoflegends-weltmeisterschaft\/wetten-quoten\/#breadcrumb","itemListElement":[{"@type":"ListItem","position":1,"name":"Home","item":"https:\/\/www.esports-betting.pro\/de\/"},{"@type":"ListItem","position":2,"name":"Tips f\u00fcr League of Legends (LoL) Wetten &#8211; Wie wette ich auf League of Legends (Lol)?","item":"https:\/\/www.esports-betting.pro\/de\/lol\/"},{"@type":"ListItem","position":3,"name":"LoL Weltmeisterschaft &#8211; Worlds 2018 |\u00a0LoL WM","item":"https:\/\/www.esports-betting.pro\/de\/lol\/worlds-2018-leagueoflegends-weltmeisterschaft\/"},{"@type":"ListItem","position":4,"name":"Wetten, Quoten und Wettseiten LoL WM &#8211; Worlds 2018"}]},{"@type":"WebSite","@id":"https:\/\/www.esports-betting.pro\/de\/#website","url":"https:\/\/www.esports-betting.pro\/de\/","name":"Esports Betting - DE","description":"Just another Esports Betting Sites site","potentialAction":[{"@type":"SearchAction","target":{"@type":"EntryPoint","urlTemplate":"https:\/\/www.esports-betting.pro\/de\/?s={search_term_string}"},"query-input":"required name=search_term_string"}],"inLanguage":"de-DE"}]}},"_links":{"self":[{"href":"https:\/\/www.esports-betting.pro\/de\/wp-json\/wp\/v2\/pages\/25243"}],"collection":[{"href":"https:\/\/www.esports-betting.pro\/de\/wp-json\/wp\/v2\/pages"}],"about":[{"href":"https:\/\/www.esports-betting.pro\/de\/wp-json\/wp\/v2\/types\/page"}],"author":[{"embeddable":true,"href":"https:\/\/www.esports-betting.pro\/de\/wp-json\/wp\/v2\/users\/24"}],"replies":[{"embeddable":true,"href":"https:\/\/www.esports-betting.pro\/de\/wp-json\/wp\/v2\/comments?post=25243"}],"version-history":[{"count":1,"href":"https:\/\/www.esports-betting.pro\/de\/wp-json\/wp\/v2\/pages\/25243\/revisions"}],"predecessor-version":[{"id":52048,"href":"https:\/\/www.esports-betting.pro\/de\/wp-json\/wp\/v2\/pages\/25243\/revisions\/52048"}],"up":[{"embeddable":true,"href":"https:\/\/www.esports-betting.pro\/de\/wp-json\/wp\/v2\/pages\/24304"}],"wp:attachment":[{"href":"https:\/\/www.esports-betting.pro\/de\/wp-json\/wp\/v2\/media?parent=25243"}],"curies":[{"name":"wp","href":"https:\/\/api.w.org\/{rel}","templated":true}]}}