{"id":2440,"date":"2014-06-03T13:54:48","date_gmt":"2014-06-03T13:54:48","guid":{"rendered":"https:\/\/www.esports-betting.pro\/de\/?page_id=2440"},"modified":"2014-06-03T13:54:48","modified_gmt":"2014-06-03T13:54:48","slug":"ti4-the-international-2014","status":"publish","type":"page","link":"https:\/\/www.esports-betting.pro\/de\/dota2\/ti4-the-international-2014\/","title":{"rendered":"TI4 | Dota 2 The International 2014"},"content":{"rendered":"<p style=\"text-align: justify\"><img loading=\"lazy\" decoding=\"async\" class=\"alignright size-full wp-image-2441\" src=\"https:\/\/www.esports-betting.pro\/app\/uploads\/sites\/2\/TI4-Logo-Dota-2.png\" alt=\"TI4 Logo - Dota 2\" width=\"211\" height=\"169\" \/>Das TI4 von Dota 2 wird wohl das eSport Event mit dem gr\u00f6\u00dften Preispool in der Geschichte des eSports werden. Bei The International 2014 k\u00e4mpfen 16 Teams um den Sieg, das Preisgeld und die Ehre Gewinner des gr\u00f6\u00dften Dota 2 Turniers 2014 zu sein. Die Endrunde des TI4 findet von 18.7 bis 21.7.2014 in Seattle statt. Die 16 Final-Teams wurden zum Teil direkt eingeladen (11 Teams) oder konnten sich durch regionale Qualifikationsturniere (4 Teams) f\u00fcr das TI4 qualifizieren. Der letzte verbleibende Slot beim International 2014 wird beim Play-In unter den Zweitplatzierten der 4 regionalen Qualifiers ausgespielt.<\/p>\n<p style=\"text-align: center\"><strong>&gt;&gt;&gt; <a href=\"https:\/\/www.esports-betting.pro\/de\/dota2\/ti8-the-international-2018\/\">Zu Dota 2 &#8211; The International 2018 &#8211; TI8 <\/a>&lt;&lt;&lt;<\/strong><\/p>\n<h2>Dota 2 &#8211; The International 2014 Facts<\/h2>\n<div style=\"float: right;width: 180px;height: 130px;text-align: center\"><strong>Navigation<\/strong><br \/>\n<img loading=\"lazy\" decoding=\"async\" class=\"size-full wp-image-831 alignright\" src=\"https:\/\/www.esports-betting.pro\/app\/uploads\/sites\/2\/button-wettquoten.png\" alt=\"Button mit Link zu Wettquoten\" width=\"171\" height=\"46\" \/><br \/>\n<a href=\"https:\/\/www.esports-betting.pro\/de\/dota2\/ti4-the-international-2014\/#livestream\"><img loading=\"lazy\" decoding=\"async\" class=\"size-full wp-image-831 alignright\" src=\"https:\/\/www.esports-betting.pro\/app\/uploads\/sites\/2\/Button-Live-Stream-LoL-WM.png\" alt=\"Button mit Link zum TI4 Live Stream\" width=\"171\" height=\"46\" \/><\/a><br \/>\n<img loading=\"lazy\" decoding=\"async\" class=\"size-full wp-image-831 alignright\" src=\"https:\/\/www.esports-betting.pro\/app\/uploads\/sites\/2\/button-spezial-wetten.png\" alt=\"Button Link zu Spezial Wetten\" width=\"171\" height=\"46\" \/><\/div>\n<ul>\n<li><strong>Datum Main Event: <\/strong>18.7.2014 &#8211; 21.7.2014<\/li>\n<li><strong>Ort:<\/strong> Keyarena \/ Seattle Center, Seattle, Washington | USA<\/li>\n<li><strong>3 Phasen (Wild Card Turnier, Gruppenphase, Playoffs)<\/strong><\/li>\n<li>Gesamt Laufzeit: 08.07.2014 &#8211; 21.07.2014<\/li>\n<li>08.07.: Play-In | Wild Card Turnier<\/li>\n<li>09.07. &#8211; 12.07.: Gruppenphase (120 Matches)<\/li>\n<li>18.07. &#8211; 21.07.: Playoffs und Finale<\/li>\n<li><strong>Preisgeld:<\/strong> $ 10.389.000 (Stand 05.7. &#8211; weiter steigend)<\/li>\n<li>16 Teams in der Endrunde des TI4<\/li>\n<li>Live Stream f\u00fcr alle Matches verf\u00fcgbar<\/li>\n<li>Wetten und Quoten f\u00fcr alle Games<\/li>\n<li>Hashtag: #TI4<\/li>\n<\/ul>\n<h2 style=\"text-align: justify\">TI4 Teams<\/h2>\n<p style=\"text-align: justify\">Die 16 Teams die beim The International 2014 von Dota 2 antreten wurden entweder direkt eingeladen oder mussten den Weg \u00fcber eines der vier regionalen Qualifikationsturniere gehen. Mittles Play-In bekommt einer der 4 Zweiplatzierten Teams aus der Qualifikationsrunde die Chance sich den letzten verbleibenden Platz in der Endrunde des TI4 zu sichern.<\/p>\n<p style=\"text-align: justify\"><strong>Folgende 11 Teams wurden direkt zum TI4 eingeladen:<\/strong><\/p>\n<figure id=\"attachment_2444\" aria-describedby=\"caption-attachment-2444\" style=\"width: 286px\" class=\"wp-caption alignright\"><img loading=\"lazy\" decoding=\"async\" class=\"wp-image-2444 size-full\" src=\"https:\/\/www.esports-betting.pro\/app\/uploads\/sites\/2\/TI4-eingeladene-Teams-2014.png\" alt=\"TI4 eingeladene Teams 2014\" width=\"286\" height=\"179\" \/><figcaption id=\"caption-attachment-2444\" class=\"wp-caption-text\">Diese 11 Teams wurden direkt zum TI4 eingeladen<\/figcaption><\/figure>\n<ul style=\"text-align: justify\">\n<li><strong>Fnatic<\/strong><\/li>\n<li><strong>Alliance<\/strong><\/li>\n<li><strong>Titan eSports<\/strong><\/li>\n<li><strong>Evil Geniuses<\/strong><\/li>\n<li><strong>NewBee<\/strong><\/li>\n<li><strong>Vici Gaming<\/strong><\/li>\n<li><strong>Natus Vincere (Na`Vi)<\/strong> (Sieger The International 2011)<\/li>\n<li><strong>Team DK<\/strong><\/li>\n<li><strong>Invictus Gaming<\/strong> (Sieger The International 2012)<\/li>\n<li><strong>Cloud9<\/strong><\/li>\n<li><strong>Team Empire<\/strong><\/li>\n<\/ul>\n<p style=\"text-align: justify;clear: both\"><strong>4 Teams konnten sich \u00fcber die regionalen Qualifikationsturniere einen Platz beim International erk\u00e4mpfen:<\/strong><\/p>\n<figure id=\"attachment_2448\" aria-describedby=\"caption-attachment-2448\" style=\"width: 373px\" class=\"wp-caption alignleft\"><img loading=\"lazy\" decoding=\"async\" class=\"wp-image-2448 size-full\" src=\"https:\/\/www.esports-betting.pro\/app\/uploads\/sites\/2\/TI4-QualifikationsTeams-2014.png\" alt=\"TI4 QualifikationsTeams 2014\" width=\"373\" height=\"89\" \/><figcaption id=\"caption-attachment-2448\" class=\"wp-caption-text\">Diese 4 Teams konnten sich in den regionalen Qualifiers durchsetzen<\/figcaption><\/figure>\n<ul style=\"text-align: justify;clear: both\">\n<li><strong>North American Rejects<\/strong> (Qualifikation Nord Amerika)<\/li>\n<li><strong>Arrow Gaming<\/strong> (Qualifikation S\u00fcdost Asien)<\/li>\n<li><strong>LDG Gaming<\/strong> (Qualifikation China)<\/li>\n<li><strong>Mousesports<\/strong> (Qualifikation Europa)<\/li>\n<\/ul>\n<p style=\"text-align: justify\"><strong>Play-In Runde Seattle<\/strong><\/p>\n<p style=\"text-align: justify\">Die folgenden 4 Teams haben bei den Qualifiern den zweiten Platz belegt. Eines der 4 Teams wird sich durch den Sieg beim Play-In in Seattle den letzten Platz beim International 2014 erk\u00e4mpfen und das 16-Team starke Line-up des TI4 vervollst\u00e4ndigen. Das Wild Card Turnier der Play-In Runde findet direkt vor der Gruppenphase am 8.7.2014 statt.<\/p>\n<figure id=\"attachment_2453\" aria-describedby=\"caption-attachment-2453\" style=\"width: 334px\" class=\"wp-caption alignleft\"><img loading=\"lazy\" decoding=\"async\" class=\"wp-image-2453 size-full\" src=\"https:\/\/www.esports-betting.pro\/app\/uploads\/sites\/2\/TI4-Teams-Play-In-2014.png\" alt=\"The International Team\u00fcbersicht Play-In 2014\" width=\"334\" height=\"61\" \/><figcaption id=\"caption-attachment-2453\" class=\"wp-caption-text\">Beim Play-In wird das letzte der 16 Teams bestimmt<\/figcaption><\/figure>\n<ul style=\"text-align: justify;clear: both\">\n<li>Team Liquid (Nord Amerika)<\/li>\n<li>MVP Phoenix (S\u00fcdost Asien)<\/li>\n<li>CIS Gaming (China)<\/li>\n<li>Virtus.pro (Europa)<\/li>\n<\/ul>\n<h2 style=\"text-align: justify\">The International 2014 Preisgeld und Kompendium<\/h2>\n<p style=\"text-align: justify\">Das Preisgeld welches beim TI4 ausgespielt wird setzt sich aus 2 Komponenten zusammen. Zu einem wurde von Valve ein fixes Preisgeld in H\u00f6he von $ 1.600.000,- ausgesetzt. Dar\u00fcber hinaus k\u00f6nnen Dota 2 Spieler durch den Kauf eines Kompendiums zum Preisgeld des International 2014 beitragen. Durch den Kauf eines Kompendiums erh\u00f6ht sich nicht nur der gesamte Preispool des Dota Turniers \u2013 die K\u00e4ufer erhalten auch Milestonebelohnungen die mit Ansteigen des Preisgeldes immer besser werden. Pro gekauftes Kompendium erh\u00f6ht sich das Gesamtpreisgeld um $ 2,50. Am 1.7.2014 hatte die Summe des Preisgeldes bereits die 10 Millionengrenzen \u00fcberschritten. Zum ersten Mal in der Geschichte des eSports hat das Preisgeld f\u00fcr ein einzelnes Turnier die 10 Millionen Dollar Marke \u00fcberstiegen &#8211; ein neuer Rekord und ein weiterer Schritt in die Zukunft des eSports.<\/p>\n<h3 style=\"text-align: justify\">TI4 Wetten und Quoten<\/h3>\n<p style=\"text-align: justify\">Wie auch beim letztj\u00e4hrigen The International Turnier von Dota 2 bieten auch dieses Jahr alle bekannten Anbieter von eSport Wetten Quoten f\u00fcr das Mega-Event an. Bei Pinnacle Sports kann man schon jetzt auf den Turniersieger tippen. Quoten f\u00fcr die Gruppenphase und das Wild Card Turnier sind auch bereits live. Um euch die Wettquoten f\u00fcr the International 2014 anzusehen folgt einfach den Links unter den Wettanbieter Logos. Genauer Infos zu den Buchmachern findet ihr in unserer <a title=\"Esport Wetten Buchmacher \u2013 Wettanbieter\" href=\"https:\/\/www.esports-betting.pro\/de\/buchmacher-wettanbieter\/\">eSport online Buchmacher \u00dcbersicht<\/a>. Mehr Infos zu Wetten, den Buchmachern und den Wettarten findet ihr hier: <a title=\"The International 2014 | Wetten und Quoten TI4\" href=\"https:\/\/www.esports-betting.pro\/de\/news\/dota-2\/international-2014-wetten-und-quoten-ti4\/\">The International 2014 Wettinfo<\/a><\/p>\n<div style=\"height: 130px;text-align: center\">\n<figure style=\"width: 100px\" class=\"wp-caption alignleft\"><img loading=\"lazy\" decoding=\"async\" style=\"margin-left: 10px;margin-right: 10px\" src=\"https:\/\/www.esports-betting.pro\/app\/uploads\/sites\/2\/Pinnacle-Sports-Logo.gif\" alt=\"Logo vom Esport Wettanbieter Pinnacle Sports\" width=\"100\" height=\"30\" \/><figcaption class=\"wp-caption-text\"><br \/><strong><a title=\"Esport Wetten bei Pinnacle Sports\" href=\"https:\/\/www.esports-betting.pro\/de\/buchmacher-wettanbieter\/pinnacle-review\/\">Review<\/a><\/strong><\/p>\n<p><\/figcaption><\/figure>\n<figure style=\"width: 100px\" class=\"wp-caption alignleft\"><img loading=\"lazy\" decoding=\"async\" style=\"margin-left: 10px;margin-right: 10px\" src=\"https:\/\/www.esports-betting.pro\/app\/uploads\/sites\/2\/Datbet-Logo-klein.jpg\" alt=\"Logo vom Esport Wettanbieter Datbet\" width=\"100\" height=\"31\" \/><figcaption class=\"wp-caption-text\"><br \/><strong>Review<\/strong><\/figcaption><\/figure>\n<\/div>\n<h2 style=\"text-align: justify\"><a name=\"livestream\"><\/a>The International 2014 Live Stream<\/h2>\n<p style=\"text-align: justify\">Das TI4 wird auf zahlreichen Plattformen und Kan\u00e4len live gestreamt. Wir werden euch auch hier auf unserer Webseite einen Live Stream f\u00fcr das TI4 zur Verf\u00fcgung stellen. H\u00f6chst wahrscheinlich, k\u00f6nnen wir euch auch wieder einen Live Stream mit deutschen Shoutcastern einbetten.<\/p>\n<p><object><\/object><\/p>\n","protected":false},"excerpt":{"rendered":"<p>Das TI4 von Dota 2 wird wohl das eSport Event mit dem gr\u00f6\u00dften Preispool in der Geschichte des eSports werden. Bei The International 2014 k\u00e4mpfen 16 Teams um den Sieg, das Preisgeld und die Ehre Gewinner des gr\u00f6\u00dften Dota 2 Turniers 2014 zu sein. Die Endrunde des TI4 findet von 18.7 bis 21.7.2014 in Seattle &hellip; <a href=\"https:\/\/www.esports-betting.pro\/de\/dota2\/ti4-the-international-2014\/\">Continued<\/a><\/p>\n","protected":false},"author":24,"featured_media":0,"parent":118,"menu_order":0,"comment_status":"closed","ping_status":"closed","template":"","meta":{"_acf_changed":false,"footnotes":""},"acf":[],"yoast_head":"<!-- This site is optimized with the Yoast SEO plugin v22.6 - https:\/\/yoast.com\/wordpress\/plugins\/seo\/ -->\n<title>The International 2014 | TI4 | Dota 2 Turnier-Info<\/title>\n<meta name=\"description\" content=\"Alle Infos zum TI4 - The International, das gr\u00f6\u00dfte Dota 2 Turnier 2014. Erfahre mehr \u00fcber Preisgeld, Teams, Qualifikation, Live Stream, Wetten und Quoten\" \/>\n<meta name=\"robots\" content=\"index, follow, max-snippet:-1, max-image-preview:large, max-video-preview:-1\" \/>\n<link rel=\"canonical\" href=\"https:\/\/www.esports-betting.pro\/de\/dota2\/ti4-the-international-2014\/\" \/>\n<meta property=\"og:locale\" content=\"de_DE\" \/>\n<meta property=\"og:type\" content=\"article\" \/>\n<meta property=\"og:title\" content=\"The International 2014 | TI4 | Dota 2 Turnier-Info\" \/>\n<meta property=\"og:description\" content=\"Alle Infos zum TI4 - The International, das gr\u00f6\u00dfte Dota 2 Turnier 2014. Erfahre mehr \u00fcber Preisgeld, Teams, Qualifikation, Live Stream, Wetten und Quoten\" \/>\n<meta property=\"og:url\" content=\"https:\/\/www.esports-betting.pro\/de\/dota2\/ti4-the-international-2014\/\" \/>\n<meta property=\"og:site_name\" content=\"Esports Betting - DE\" \/>\n<meta property=\"og:image\" content=\"https:\/\/www.esports-betting.pro\/app\/uploads\/sites\/2\/TI4-Logo-Dota-2.png\" \/>\n<meta name=\"twitter:card\" content=\"summary_large_image\" \/>\n<meta name=\"twitter:label1\" content=\"Est. reading time\" \/>\n\t<meta name=\"twitter:data1\" content=\"3 Minuten\" \/>\n<script type=\"application\/ld+json\" class=\"yoast-schema-graph\">{\"@context\":\"https:\/\/schema.org\",\"@graph\":[{\"@type\":\"WebPage\",\"@id\":\"https:\/\/www.esports-betting.pro\/de\/dota2\/ti4-the-international-2014\/\",\"url\":\"https:\/\/www.esports-betting.pro\/de\/dota2\/ti4-the-international-2014\/\",\"name\":\"The International 2014 | TI4 | Dota 2 Turnier-Info\",\"isPartOf\":{\"@id\":\"https:\/\/www.esports-betting.pro\/de\/#website\"},\"primaryImageOfPage\":{\"@id\":\"https:\/\/www.esports-betting.pro\/de\/dota2\/ti4-the-international-2014\/#primaryimage\"},\"image\":{\"@id\":\"https:\/\/www.esports-betting.pro\/de\/dota2\/ti4-the-international-2014\/#primaryimage\"},\"thumbnailUrl\":\"https:\/\/www.esports-betting.pro\/app\/uploads\/sites\/2\/TI4-Logo-Dota-2.png\",\"datePublished\":\"2014-06-03T13:54:48+00:00\",\"dateModified\":\"2014-06-03T13:54:48+00:00\",\"description\":\"Alle Infos zum TI4 - The International, das gr\u00f6\u00dfte Dota 2 Turnier 2014. Erfahre mehr \u00fcber Preisgeld, Teams, Qualifikation, Live Stream, Wetten und Quoten\",\"breadcrumb\":{\"@id\":\"https:\/\/www.esports-betting.pro\/de\/dota2\/ti4-the-international-2014\/#breadcrumb\"},\"inLanguage\":\"de-DE\",\"potentialAction\":[{\"@type\":\"ReadAction\",\"target\":[\"https:\/\/www.esports-betting.pro\/de\/dota2\/ti4-the-international-2014\/\"]}]},{\"@type\":\"ImageObject\",\"inLanguage\":\"de-DE\",\"@id\":\"https:\/\/www.esports-betting.pro\/de\/dota2\/ti4-the-international-2014\/#primaryimage\",\"url\":\"https:\/\/www.esports-betting.pro\/app\/uploads\/sites\/2\/TI4-Logo-Dota-2.png\",\"contentUrl\":\"https:\/\/www.esports-betting.pro\/app\/uploads\/sites\/2\/TI4-Logo-Dota-2.png\"},{\"@type\":\"BreadcrumbList\",\"@id\":\"https:\/\/www.esports-betting.pro\/de\/dota2\/ti4-the-international-2014\/#breadcrumb\",\"itemListElement\":[{\"@type\":\"ListItem\",\"position\":1,\"name\":\"Home\",\"item\":\"https:\/\/www.esports-betting.pro\/de\/\"},{\"@type\":\"ListItem\",\"position\":2,\"name\":\"Dota 2 Wetten &#8211; Wettanbieter und Quoten\",\"item\":\"https:\/\/www.esports-betting.pro\/de\/dota2\/\"},{\"@type\":\"ListItem\",\"position\":3,\"name\":\"TI4 | Dota 2 The International 2014\"}]},{\"@type\":\"WebSite\",\"@id\":\"https:\/\/www.esports-betting.pro\/de\/#website\",\"url\":\"https:\/\/www.esports-betting.pro\/de\/\",\"name\":\"Esports Betting - DE\",\"description\":\"Just another Esports Betting Sites site\",\"potentialAction\":[{\"@type\":\"SearchAction\",\"target\":{\"@type\":\"EntryPoint\",\"urlTemplate\":\"https:\/\/www.esports-betting.pro\/de\/?s={search_term_string}\"},\"query-input\":\"required name=search_term_string\"}],\"inLanguage\":\"de-DE\"}]}<\/script>\n<!-- \/ Yoast SEO plugin. -->","yoast_head_json":{"title":"The International 2014 | TI4 | Dota 2 Turnier-Info","description":"Alle Infos zum TI4 - The International, das gr\u00f6\u00dfte Dota 2 Turnier 2014. Erfahre mehr \u00fcber Preisgeld, Teams, Qualifikation, Live Stream, Wetten und Quoten","robots":{"index":"index","follow":"follow","max-snippet":"max-snippet:-1","max-image-preview":"max-image-preview:large","max-video-preview":"max-video-preview:-1"},"canonical":"https:\/\/www.esports-betting.pro\/de\/dota2\/ti4-the-international-2014\/","og_locale":"de_DE","og_type":"article","og_title":"The International 2014 | TI4 | Dota 2 Turnier-Info","og_description":"Alle Infos zum TI4 - The International, das gr\u00f6\u00dfte Dota 2 Turnier 2014. Erfahre mehr \u00fcber Preisgeld, Teams, Qualifikation, Live Stream, Wetten und Quoten","og_url":"https:\/\/www.esports-betting.pro\/de\/dota2\/ti4-the-international-2014\/","og_site_name":"Esports Betting - DE","og_image":[{"url":"https:\/\/www.esports-betting.pro\/app\/uploads\/sites\/2\/TI4-Logo-Dota-2.png"}],"twitter_card":"summary_large_image","twitter_misc":{"Est. reading time":"3 Minuten"},"schema":{"@context":"https:\/\/schema.org","@graph":[{"@type":"WebPage","@id":"https:\/\/www.esports-betting.pro\/de\/dota2\/ti4-the-international-2014\/","url":"https:\/\/www.esports-betting.pro\/de\/dota2\/ti4-the-international-2014\/","name":"The International 2014 | TI4 | Dota 2 Turnier-Info","isPartOf":{"@id":"https:\/\/www.esports-betting.pro\/de\/#website"},"primaryImageOfPage":{"@id":"https:\/\/www.esports-betting.pro\/de\/dota2\/ti4-the-international-2014\/#primaryimage"},"image":{"@id":"https:\/\/www.esports-betting.pro\/de\/dota2\/ti4-the-international-2014\/#primaryimage"},"thumbnailUrl":"https:\/\/www.esports-betting.pro\/app\/uploads\/sites\/2\/TI4-Logo-Dota-2.png","datePublished":"2014-06-03T13:54:48+00:00","dateModified":"2014-06-03T13:54:48+00:00","description":"Alle Infos zum TI4 - The International, das gr\u00f6\u00dfte Dota 2 Turnier 2014. Erfahre mehr \u00fcber Preisgeld, Teams, Qualifikation, Live Stream, Wetten und Quoten","breadcrumb":{"@id":"https:\/\/www.esports-betting.pro\/de\/dota2\/ti4-the-international-2014\/#breadcrumb"},"inLanguage":"de-DE","potentialAction":[{"@type":"ReadAction","target":["https:\/\/www.esports-betting.pro\/de\/dota2\/ti4-the-international-2014\/"]}]},{"@type":"ImageObject","inLanguage":"de-DE","@id":"https:\/\/www.esports-betting.pro\/de\/dota2\/ti4-the-international-2014\/#primaryimage","url":"https:\/\/www.esports-betting.pro\/app\/uploads\/sites\/2\/TI4-Logo-Dota-2.png","contentUrl":"https:\/\/www.esports-betting.pro\/app\/uploads\/sites\/2\/TI4-Logo-Dota-2.png"},{"@type":"BreadcrumbList","@id":"https:\/\/www.esports-betting.pro\/de\/dota2\/ti4-the-international-2014\/#breadcrumb","itemListElement":[{"@type":"ListItem","position":1,"name":"Home","item":"https:\/\/www.esports-betting.pro\/de\/"},{"@type":"ListItem","position":2,"name":"Dota 2 Wetten &#8211; Wettanbieter und Quoten","item":"https:\/\/www.esports-betting.pro\/de\/dota2\/"},{"@type":"ListItem","position":3,"name":"TI4 | Dota 2 The International 2014"}]},{"@type":"WebSite","@id":"https:\/\/www.esports-betting.pro\/de\/#website","url":"https:\/\/www.esports-betting.pro\/de\/","name":"Esports Betting - DE","description":"Just another Esports Betting Sites site","potentialAction":[{"@type":"SearchAction","target":{"@type":"EntryPoint","urlTemplate":"https:\/\/www.esports-betting.pro\/de\/?s={search_term_string}"},"query-input":"required name=search_term_string"}],"inLanguage":"de-DE"}]}},"_links":{"self":[{"href":"https:\/\/www.esports-betting.pro\/de\/wp-json\/wp\/v2\/pages\/2440"}],"collection":[{"href":"https:\/\/www.esports-betting.pro\/de\/wp-json\/wp\/v2\/pages"}],"about":[{"href":"https:\/\/www.esports-betting.pro\/de\/wp-json\/wp\/v2\/types\/page"}],"author":[{"embeddable":true,"href":"https:\/\/www.esports-betting.pro\/de\/wp-json\/wp\/v2\/users\/24"}],"replies":[{"embeddable":true,"href":"https:\/\/www.esports-betting.pro\/de\/wp-json\/wp\/v2\/comments?post=2440"}],"version-history":[{"count":0,"href":"https:\/\/www.esports-betting.pro\/de\/wp-json\/wp\/v2\/pages\/2440\/revisions"}],"up":[{"embeddable":true,"href":"https:\/\/www.esports-betting.pro\/de\/wp-json\/wp\/v2\/pages\/118"}],"wp:attachment":[{"href":"https:\/\/www.esports-betting.pro\/de\/wp-json\/wp\/v2\/media?parent=2440"}],"curies":[{"name":"wp","href":"https:\/\/api.w.org\/{rel}","templated":true}]}}