{"id":2412,"date":"2014-05-30T13:25:22","date_gmt":"2014-05-30T13:25:22","guid":{"rendered":"https:\/\/www.esports-betting.pro\/de\/?page_id=2412"},"modified":"2014-05-30T13:25:22","modified_gmt":"2014-05-30T13:25:22","slug":"weltmeisterschaft-world-championship-2014","status":"publish","type":"page","link":"https:\/\/www.esports-betting.pro\/de\/hearthstone-heroes-of-warcraft\/weltmeisterschaft-world-championship-2014\/","title":{"rendered":"Hearthstone Weltmeisterschaft | World Championship"},"content":{"rendered":"<p style=\"text-align: justify\"><img loading=\"lazy\" decoding=\"async\" class=\"alignright size-full wp-image-2420\" src=\"https:\/\/www.esports-betting.pro\/app\/uploads\/sites\/2\/Hearthstone-Weltmeisterschaft-2014-Logo-small.jpg\" alt=\"Hearthstone Weltmeisterschaft 2014 Logo small\" width=\"167\" height=\"108\" \/>Die erste Hearthstone Weltmeisterschaft (Hearthstone World Championship) findet am 7. und 8. November 2014 im Rahmen der BlizzCon 2014, im Anaheim Convention Center statt. In der WM-Endrunde des online Sammelkartenspiel von Blizzard Entertainment k\u00e4mpfen 16 Spieler um Gesamt-Preisgeld von $ 250.000. Die 16 Teilnehmer f\u00fcr die Hearthstone Weltmeisterschafts Endrunde werden durch 4 Qualifikationsturniere bestimmt.<\/p>\n<p style=\"text-align: justify\">Erfahre mehr \u00fcber die <a href=\"https:\/\/www.esports-betting.pro\/de\/hearthstone-heroes-of-warcraft\/weltmeisterschaft-2015\/\">Hearthstone WM 2015<\/a><\/p>\n<h2 style=\"text-align: justify\">Hearthstone Weltmeisterschaft 2014 Facts:<\/h2>\n<ul style=\"text-align: justify\">\n<li>Datum: 7.11. bis 8.11.2014<\/li>\n<li>16 Spieler in der WM Enrunde<\/li>\n<li>Gesamtpreisgeld: $ 250.000,-<\/li>\n<li>4 regionale Qualfikationsturniere<\/li>\n<li>4 Spieler pro Region kommen zur Endrunde<\/li>\n<li>Live Stream f\u00fcr alle Matches der Weltmeisterschaft<\/li>\n<\/ul>\n<h3 style=\"text-align: justify\">Qualifikation zur Weltmeisterschaftsendrunde<\/h3>\n<p style=\"text-align: justify\">In 4 Regionen finden die gro\u00dfen qualifikationsturniere statt: Nord Amerika, Europa, China, S\u00fcd Korea \/ Taiwan. Aus jeder dieser Regionen qualifizieren 4 Hearthstone Spieler f\u00fcr die Weltmeisterschaft 2014. Pro regionalem Qualifikationsturnier k\u00f6nnen bis zu 130 Spieler antreten um die TOP 4 der Region zu bestimmen. Unter anderem sind die TOP 16 Spieler jeder gewerteten Season zwischen April und August 2014 geladen. Hinzu kommen die besten Spieler aus ausgew\u00e4hlten Community Turnieren und ein Last-Call Turnier. Wir werden ausf\u00fchrlich \u00fcber die europ\u00e4ische Qualifikation berichten.<\/p>\n<h3 style=\"text-align: justify\">Hearthstone WM 2014 Preisgeld<\/h3>\n<p style=\"text-align: justify\"><img loading=\"lazy\" decoding=\"async\" class=\"alignright size-full wp-image-2421\" src=\"https:\/\/www.esports-betting.pro\/app\/uploads\/sites\/2\/Hearthstone-Weltmeisterschaft-2014-Preisgeld-Tabelle.jpg\" alt=\"Hearthstone Weltmeisterschaft 2014 Preisgeld Tabelle\" width=\"281\" height=\"140\" \/>Alle 16 Teilnehmer der WM-Endrunde sind bereits in den Auszahlungsr\u00e4ngen. Jeder der 16 Spieler bekommt also ein Minimum-Preisgeld in H\u00f6he von $ 5.000,-. Das Preisgeld der Hearthstone WM wird nach folgender Auszahlungsstruktur verteilt:<\/p>\n<ul style=\"text-align: justify\">\n<li><strong>1. Platz<\/strong>: $ 100.000,-<\/li>\n<li><strong>2. Platz<\/strong>: $ 50.000<\/li>\n<li><strong>3. \/ 4. Platz:<\/strong> $ 15.000,-<\/li>\n<li><strong>5. bis 8. Platz:<\/strong> $ 7.600,-<\/li>\n<li><strong>9. bis 16. Platz:<\/strong> $ 5.000,-<\/li>\n<\/ul>\n<p style=\"text-align: justify\"><strong>Gesamtpreisgeld:<\/strong> $ 250.000,-<\/p>\n<h3 style=\"text-align: justify\">Weltmeisterschaft Wettinfo<\/h3>\n<p style=\"text-align: justify\">Wir sind sicher, dass alle gro\u00dfen Anbieter f\u00fcr Wetten auf Hearthstone das Turnier in ihr Wettprogramm aufnehmen werden. Ob es auch f\u00fcr die Qualifikationsrunde zur Hearthstone Weltmeisterschaft Wetten und Quoten geben wird, ist im Moment noch nicht fix. Wir halten euch auf dem Laufenden!<\/p>\n<h2 style=\"text-align: justify\">Hearthstone Weltmeisterschaft Live Stream<\/h2>\n<p style=\"text-align: justify\">Die Endrunde der Hearthstone World Championship 2014 wird auf mehren Live Stream \u00fcbertragen. Ob sich darunter auch ein Live Stream mit deutscher Moderation befinden wird ist im Moment noch unklar, wir gehen aber davon aus, dass mindestens einen gro\u00dfen Kanal geben wird, der die erste Hearthstone WM live via Stream \u00fcbertragt. Wir halten euch auf dem Laufenden! An dieser Stelle werden wir euch auch Stream zu zusehen direkt auf unserer Seite anbieten.<\/p>\n<p style=\"text-align: justify\"><strong>Mehr zu Hearthstone:<\/strong><\/p>\n<p style=\"text-align: justify\"><a title=\"Hearthstone Wetten | Hearthstone Wettinfo\" href=\"https:\/\/www.esports-betting.pro\/de\/hearthstone-heroes-of-warcraft\/\">Hearthstone Wetten<\/a><\/p>\n","protected":false},"excerpt":{"rendered":"<p>Die erste Hearthstone Weltmeisterschaft (Hearthstone World Championship) findet am 7. und 8. November 2014 im Rahmen der BlizzCon 2014, im Anaheim Convention Center statt. In der WM-Endrunde des online Sammelkartenspiel von Blizzard Entertainment k\u00e4mpfen 16 Spieler um Gesamt-Preisgeld von $ 250.000. Die 16 Teilnehmer f\u00fcr die Hearthstone Weltmeisterschafts Endrunde werden durch 4 Qualifikationsturniere bestimmt. Erfahre &hellip; <a href=\"https:\/\/www.esports-betting.pro\/de\/hearthstone-heroes-of-warcraft\/weltmeisterschaft-world-championship-2014\/\">Continued<\/a><\/p>\n","protected":false},"author":24,"featured_media":0,"parent":1300,"menu_order":0,"comment_status":"closed","ping_status":"closed","template":"","meta":{"_acf_changed":false,"footnotes":""},"acf":[],"yoast_head":"<!-- This site is optimized with the Yoast SEO plugin v22.6 - https:\/\/yoast.com\/wordpress\/plugins\/seo\/ -->\n<title>Hearthstone Weltmeisterschaft 2014 | World Championship<\/title>\n<meta name=\"description\" content=\"Die Hearthstone WM l\u00e4uft vom 7. bis 8. November 2014. Erfahre mehr \u00fcber die Hearthstone Weltmeisterschaft, Qualifikation, Preisgeld, Live Stream und Weten\" \/>\n<meta name=\"robots\" content=\"index, follow, max-snippet:-1, max-image-preview:large, max-video-preview:-1\" \/>\n<link rel=\"canonical\" href=\"https:\/\/www.esports-betting.pro\/de\/hearthstone-heroes-of-warcraft\/weltmeisterschaft-world-championship-2014\/\" \/>\n<meta property=\"og:locale\" content=\"de_DE\" \/>\n<meta property=\"og:type\" content=\"article\" \/>\n<meta property=\"og:title\" content=\"Hearthstone Weltmeisterschaft 2014 | World Championship\" \/>\n<meta property=\"og:description\" content=\"Die Hearthstone WM l\u00e4uft vom 7. bis 8. November 2014. Erfahre mehr \u00fcber die Hearthstone Weltmeisterschaft, Qualifikation, Preisgeld, Live Stream und Weten\" \/>\n<meta property=\"og:url\" content=\"https:\/\/www.esports-betting.pro\/de\/hearthstone-heroes-of-warcraft\/weltmeisterschaft-world-championship-2014\/\" \/>\n<meta property=\"og:site_name\" content=\"Esports Betting - DE\" \/>\n<meta property=\"og:image\" content=\"https:\/\/www.esports-betting.pro\/app\/uploads\/sites\/2\/Hearthstone-Weltmeisterschaft-2014-Logo-small.jpg\" \/>\n<meta name=\"twitter:card\" content=\"summary_large_image\" \/>\n<meta name=\"twitter:label1\" content=\"Est. reading time\" \/>\n\t<meta name=\"twitter:data1\" content=\"2 Minuten\" \/>\n<script type=\"application\/ld+json\" class=\"yoast-schema-graph\">{\"@context\":\"https:\/\/schema.org\",\"@graph\":[{\"@type\":\"WebPage\",\"@id\":\"https:\/\/www.esports-betting.pro\/de\/hearthstone-heroes-of-warcraft\/weltmeisterschaft-world-championship-2014\/\",\"url\":\"https:\/\/www.esports-betting.pro\/de\/hearthstone-heroes-of-warcraft\/weltmeisterschaft-world-championship-2014\/\",\"name\":\"Hearthstone Weltmeisterschaft 2014 | World Championship\",\"isPartOf\":{\"@id\":\"https:\/\/www.esports-betting.pro\/de\/#website\"},\"primaryImageOfPage\":{\"@id\":\"https:\/\/www.esports-betting.pro\/de\/hearthstone-heroes-of-warcraft\/weltmeisterschaft-world-championship-2014\/#primaryimage\"},\"image\":{\"@id\":\"https:\/\/www.esports-betting.pro\/de\/hearthstone-heroes-of-warcraft\/weltmeisterschaft-world-championship-2014\/#primaryimage\"},\"thumbnailUrl\":\"https:\/\/www.esports-betting.pro\/app\/uploads\/sites\/2\/Hearthstone-Weltmeisterschaft-2014-Logo-small.jpg\",\"datePublished\":\"2014-05-30T13:25:22+00:00\",\"dateModified\":\"2014-05-30T13:25:22+00:00\",\"description\":\"Die Hearthstone WM l\u00e4uft vom 7. bis 8. November 2014. Erfahre mehr \u00fcber die Hearthstone Weltmeisterschaft, Qualifikation, Preisgeld, Live Stream und Weten\",\"breadcrumb\":{\"@id\":\"https:\/\/www.esports-betting.pro\/de\/hearthstone-heroes-of-warcraft\/weltmeisterschaft-world-championship-2014\/#breadcrumb\"},\"inLanguage\":\"de-DE\",\"potentialAction\":[{\"@type\":\"ReadAction\",\"target\":[\"https:\/\/www.esports-betting.pro\/de\/hearthstone-heroes-of-warcraft\/weltmeisterschaft-world-championship-2014\/\"]}]},{\"@type\":\"ImageObject\",\"inLanguage\":\"de-DE\",\"@id\":\"https:\/\/www.esports-betting.pro\/de\/hearthstone-heroes-of-warcraft\/weltmeisterschaft-world-championship-2014\/#primaryimage\",\"url\":\"https:\/\/www.esports-betting.pro\/app\/uploads\/sites\/2\/Hearthstone-Weltmeisterschaft-2014-Logo-small.jpg\",\"contentUrl\":\"https:\/\/www.esports-betting.pro\/app\/uploads\/sites\/2\/Hearthstone-Weltmeisterschaft-2014-Logo-small.jpg\"},{\"@type\":\"BreadcrumbList\",\"@id\":\"https:\/\/www.esports-betting.pro\/de\/hearthstone-heroes-of-warcraft\/weltmeisterschaft-world-championship-2014\/#breadcrumb\",\"itemListElement\":[{\"@type\":\"ListItem\",\"position\":1,\"name\":\"Home\",\"item\":\"https:\/\/www.esports-betting.pro\/de\/\"},{\"@type\":\"ListItem\",\"position\":2,\"name\":\"Hearthstone Wetten | Hearthstone Wettinfo\",\"item\":\"https:\/\/www.esports-betting.pro\/de\/hearthstone-heroes-of-warcraft\/\"},{\"@type\":\"ListItem\",\"position\":3,\"name\":\"Hearthstone Weltmeisterschaft | World Championship\"}]},{\"@type\":\"WebSite\",\"@id\":\"https:\/\/www.esports-betting.pro\/de\/#website\",\"url\":\"https:\/\/www.esports-betting.pro\/de\/\",\"name\":\"Esports Betting - DE\",\"description\":\"Just another Esports Betting Sites site\",\"potentialAction\":[{\"@type\":\"SearchAction\",\"target\":{\"@type\":\"EntryPoint\",\"urlTemplate\":\"https:\/\/www.esports-betting.pro\/de\/?s={search_term_string}\"},\"query-input\":\"required name=search_term_string\"}],\"inLanguage\":\"de-DE\"}]}<\/script>\n<!-- \/ Yoast SEO plugin. -->","yoast_head_json":{"title":"Hearthstone Weltmeisterschaft 2014 | World Championship","description":"Die Hearthstone WM l\u00e4uft vom 7. bis 8. November 2014. Erfahre mehr \u00fcber die Hearthstone Weltmeisterschaft, Qualifikation, Preisgeld, Live Stream und Weten","robots":{"index":"index","follow":"follow","max-snippet":"max-snippet:-1","max-image-preview":"max-image-preview:large","max-video-preview":"max-video-preview:-1"},"canonical":"https:\/\/www.esports-betting.pro\/de\/hearthstone-heroes-of-warcraft\/weltmeisterschaft-world-championship-2014\/","og_locale":"de_DE","og_type":"article","og_title":"Hearthstone Weltmeisterschaft 2014 | World Championship","og_description":"Die Hearthstone WM l\u00e4uft vom 7. bis 8. November 2014. Erfahre mehr \u00fcber die Hearthstone Weltmeisterschaft, Qualifikation, Preisgeld, Live Stream und Weten","og_url":"https:\/\/www.esports-betting.pro\/de\/hearthstone-heroes-of-warcraft\/weltmeisterschaft-world-championship-2014\/","og_site_name":"Esports Betting - DE","og_image":[{"url":"https:\/\/www.esports-betting.pro\/app\/uploads\/sites\/2\/Hearthstone-Weltmeisterschaft-2014-Logo-small.jpg"}],"twitter_card":"summary_large_image","twitter_misc":{"Est. reading time":"2 Minuten"},"schema":{"@context":"https:\/\/schema.org","@graph":[{"@type":"WebPage","@id":"https:\/\/www.esports-betting.pro\/de\/hearthstone-heroes-of-warcraft\/weltmeisterschaft-world-championship-2014\/","url":"https:\/\/www.esports-betting.pro\/de\/hearthstone-heroes-of-warcraft\/weltmeisterschaft-world-championship-2014\/","name":"Hearthstone Weltmeisterschaft 2014 | World Championship","isPartOf":{"@id":"https:\/\/www.esports-betting.pro\/de\/#website"},"primaryImageOfPage":{"@id":"https:\/\/www.esports-betting.pro\/de\/hearthstone-heroes-of-warcraft\/weltmeisterschaft-world-championship-2014\/#primaryimage"},"image":{"@id":"https:\/\/www.esports-betting.pro\/de\/hearthstone-heroes-of-warcraft\/weltmeisterschaft-world-championship-2014\/#primaryimage"},"thumbnailUrl":"https:\/\/www.esports-betting.pro\/app\/uploads\/sites\/2\/Hearthstone-Weltmeisterschaft-2014-Logo-small.jpg","datePublished":"2014-05-30T13:25:22+00:00","dateModified":"2014-05-30T13:25:22+00:00","description":"Die Hearthstone WM l\u00e4uft vom 7. bis 8. November 2014. Erfahre mehr \u00fcber die Hearthstone Weltmeisterschaft, Qualifikation, Preisgeld, Live Stream und Weten","breadcrumb":{"@id":"https:\/\/www.esports-betting.pro\/de\/hearthstone-heroes-of-warcraft\/weltmeisterschaft-world-championship-2014\/#breadcrumb"},"inLanguage":"de-DE","potentialAction":[{"@type":"ReadAction","target":["https:\/\/www.esports-betting.pro\/de\/hearthstone-heroes-of-warcraft\/weltmeisterschaft-world-championship-2014\/"]}]},{"@type":"ImageObject","inLanguage":"de-DE","@id":"https:\/\/www.esports-betting.pro\/de\/hearthstone-heroes-of-warcraft\/weltmeisterschaft-world-championship-2014\/#primaryimage","url":"https:\/\/www.esports-betting.pro\/app\/uploads\/sites\/2\/Hearthstone-Weltmeisterschaft-2014-Logo-small.jpg","contentUrl":"https:\/\/www.esports-betting.pro\/app\/uploads\/sites\/2\/Hearthstone-Weltmeisterschaft-2014-Logo-small.jpg"},{"@type":"BreadcrumbList","@id":"https:\/\/www.esports-betting.pro\/de\/hearthstone-heroes-of-warcraft\/weltmeisterschaft-world-championship-2014\/#breadcrumb","itemListElement":[{"@type":"ListItem","position":1,"name":"Home","item":"https:\/\/www.esports-betting.pro\/de\/"},{"@type":"ListItem","position":2,"name":"Hearthstone Wetten | Hearthstone Wettinfo","item":"https:\/\/www.esports-betting.pro\/de\/hearthstone-heroes-of-warcraft\/"},{"@type":"ListItem","position":3,"name":"Hearthstone Weltmeisterschaft | World Championship"}]},{"@type":"WebSite","@id":"https:\/\/www.esports-betting.pro\/de\/#website","url":"https:\/\/www.esports-betting.pro\/de\/","name":"Esports Betting - DE","description":"Just another Esports Betting Sites site","potentialAction":[{"@type":"SearchAction","target":{"@type":"EntryPoint","urlTemplate":"https:\/\/www.esports-betting.pro\/de\/?s={search_term_string}"},"query-input":"required name=search_term_string"}],"inLanguage":"de-DE"}]}},"_links":{"self":[{"href":"https:\/\/www.esports-betting.pro\/de\/wp-json\/wp\/v2\/pages\/2412"}],"collection":[{"href":"https:\/\/www.esports-betting.pro\/de\/wp-json\/wp\/v2\/pages"}],"about":[{"href":"https:\/\/www.esports-betting.pro\/de\/wp-json\/wp\/v2\/types\/page"}],"author":[{"embeddable":true,"href":"https:\/\/www.esports-betting.pro\/de\/wp-json\/wp\/v2\/users\/24"}],"replies":[{"embeddable":true,"href":"https:\/\/www.esports-betting.pro\/de\/wp-json\/wp\/v2\/comments?post=2412"}],"version-history":[{"count":0,"href":"https:\/\/www.esports-betting.pro\/de\/wp-json\/wp\/v2\/pages\/2412\/revisions"}],"up":[{"embeddable":true,"href":"https:\/\/www.esports-betting.pro\/de\/wp-json\/wp\/v2\/pages\/1300"}],"wp:attachment":[{"href":"https:\/\/www.esports-betting.pro\/de\/wp-json\/wp\/v2\/media?parent=2412"}],"curies":[{"name":"wp","href":"https:\/\/api.w.org\/{rel}","templated":true}]}}