{"id":23919,"date":"2017-12-23T17:01:46","date_gmt":"2017-12-23T16:01:46","guid":{"rendered":"https:\/\/www.esports-betting.pro\/de\/?page_id=23919"},"modified":"2024-02-23T12:05:36","modified_gmt":"2024-02-23T12:05:36","slug":"wetten-quoten","status":"publish","type":"page","link":"https:\/\/www.esports-betting.pro\/de\/wetten-quoten\/","title":{"rendered":"Wetten und Quoten &#8211; EU\/NA LCS Summer Split 2018"},"content":{"rendered":"<p style=\"text-align: justify;\">Die <a href=\"https:\/\/www.esports-betting.pro\/de\/lol\/league-of-legends-championship-lcs\/\">LCS Sommersaison 2018<\/a> startet am 15. Juni in Europa beziehungsweise am 16. Juni in Nordamerika und bietet euch wieder die M\u00f6glichkeit, auf eure Lieblingsteams zu wetten. Nach einigen\u00a0<a href=\"https:\/\/www.esports-betting.pro\/de\/news\/lol\/lcs-2018\/formataenderungen-na-lcs-2018\/\">Umstrukturierungen<\/a> und <a href=\"https:\/\/www.esports-betting.pro\/de\/news\/lol\/lcs-2018\/formataenderungen\/\">Format\u00e4nderungen<\/a>\u00a0im vergangenen Spring Split, blieb es einigerma\u00dfen ruhig vor dem Start in die zweite H\u00e4lfte der Saison. W\u00e4hrend es in der NA LCS einige gravierende Roster\u00e4nderungen gab, d\u00fcrfen wir in Europa nur zwei neue Stammspieler bewundern. Die <a href=\"https:\/\/www.esports-betting.pro\/de\/buchmacher-wettanbieter\/\">E-Sport Wettanbieter<\/a> mussten auf all diese \u00c4nderungen R\u00fccksicht nehmen, um realit\u00e4tsnahe Quoten f\u00fcr die neue Saison erstellen zu k\u00f6nnen &#8211; nat\u00fcrlich spielten dabei die Leistungen der Fr\u00fchjahrssaison eine gro\u00dfe Rolle. Noch kann niemand genau sagen, wie sich die Teams im Summer Split wirklich pr\u00e4sentieren werden, doch sowohl Fnatic in Europa und Team Liquid in Nordamerika z\u00e4hlen weiterhin zum engeren Kreis der Favoriten. W\u00e4hrend die Teams der EU LCS zumindest in den Wettquoten einigerma\u00dfen nahe beisammen liegen, rechnet man den drei schw\u00e4chsten Mannschaften des Spring Splits der NA LCS beinahe \u00fcberhaupt keine Chancen zu. Nat\u00fcrlich z\u00e4hlen in der europ\u00e4ischen LCS die allseits bekannten und erfahrenen Mannschaften Fnatic, G2 Esports und Splyce zu den Top-Anw\u00e4rtern auf die Sommerkrone, die NA LCS wird dominiert von Team SoloMid, Team Liquid und Cloud9. Alle aktuellen Wettquoten f\u00fcr den LCS Summer Split 2018 findet ihr weiter unten. Ihr k\u00f6nnt euch mittlerweile auch die <a href=\"https:\/\/www.esports-betting.pro\/de\/lol\/worlds-2018-leagueoflegends-weltmeisterschaft\/wetten-quoten\/\">Wetten und Quoten zur LoL WM 2018<\/a> ansehen oder einen Blick auf die <a href=\"https:\/\/www.esports-betting.pro\/de\/news\/lol\/lcs-2018\/gesamtsieger-summer-split-wettquoten\/\">Gesamtsieger-Quoten zum Summer Split 2018<\/a> werfen.<\/p>\n<h4 style=\"clear: both;\"><a href=\"https:\/\/www.esports-betting.pro\/de\/lol\/\">\u00dcberblick LoL E-Sport Wetten<\/a><\/h4>\n<h2 style=\"clear: both;\">Wettquoten-\u00dcbersicht LCS Summer Split 2018<\/h2>\n<p style=\"text-align: justify;\">Die Teams des <a href=\"https:\/\/www.esports-betting.pro\/de\/lol\/league-of-legends-championship-lcs\/\">EU und NA LCS Summer Split 2018<\/a> stehen schon fest und die ersten Quoten f\u00fcr den Gesamtsieger des Splits wurden bereits ver\u00f6ffentlicht. Nach einigen Abg\u00e4ngen in der nordamerikanischen LCS d\u00fcrfen wir in der zweiten H\u00e4lfte der Saison einige neue Gesichter bewundern, hingegen wurden in der europ\u00e4ischen K\u00f6nigsklasse lediglich zwei Stammspieler gewechselt. Nun steht in den Sternen, ob Team SoloMid wieder zu alten H\u00f6chstleistungen auflaufen kann, trotz der hervorragenden Botlane um Zven und Mithy konnte ihnen Team Liquid in der vergangenen Fr\u00fchjahrssaison den Schneid abkaufen. Der Favorit auf den Titel in der EU LCS ist wieder einmal Fnatic, G2 Esports und Splyce gelten als die st\u00e4rksten Verfolger der europ\u00e4ischen Champions. Der FC Schalke 04 Esports m\u00f6chte nach einer entt\u00e4uschenden Saison auch den Sprung zur League of Legends Weltmeisterschaft schaffen, mit einem neuen Jungler in ihren Reihen hat man daf\u00fcr schon den Grundstein gelegt.<\/p>\n<p><strong>Mehr zur achten Saison der LCS 2018:<\/strong><\/p>\n<ul>\n<li><a href=\"https:\/\/www.esports-betting.pro\/de\/lol\/\">LoL Wetten und Quoten \u00dcbersicht<\/a><\/li>\n<li><a href=\"https:\/\/www.esports-betting.pro\/de\/lol\/league-of-legends-championship-lcs\/\">LCS 2018 (Season 8) \u2013 \u00dcbersicht<\/a><\/li>\n<li><a href=\"https:\/\/www.esports-betting.pro\/de\/news\/lol\/lcs-2018\/gesamtsieger-summer-split-wettquoten\/\">Quoten &#8211; Gesamtsieger LCS Summer Split<\/a><\/li>\n<li><a title=\"Format\u00e4nderungen der NA LCS 2018 \" href=\"https:\/\/www.esports-betting.pro\/de\/news\/lol\/lcs-2018\/formataenderungen-na-lcs-2018\/\">Format\u00e4nderungen NA LCS 2018<\/a><\/li>\n<li><a href=\"https:\/\/www.esports-betting.pro\/de\/news\/lol\/lcs-2018\/formataenderungen\/\">Format\u00e4nderungen EU LCS 2018<\/a><\/li>\n<li><a title=\"Format\u00e4nderungen der NA LCS 2018 \" href=\"https:\/\/www.esports-betting.pro\/de\/news\/lol\/lcs-2018\/eu-lcs-regionale-aufteilung\/\">Riot verschiebt EU LCS Aufteilung<\/a><\/li>\n<li><a title=\"LCS 2018 Live Streams f\u00fcr EU und NA\" href=\"https:\/\/www.esports-betting.pro\/de\/lol\/league-of-legends-championship-lcs\/\">Englischer LCS 2018 Livestream<\/a><\/li>\n<li><a title=\"LCS 2018 Live Streams f\u00fcr EU und NA\" href=\"https:\/\/www.esports-betting.pro\/de\/news\/lol\/lcs-2018\/deutscher-live-stream\/\">Deutscher LCS 2018 Livestream<\/a><\/li>\n<\/ul>\n<p><strong>\u00dcber die Autoren:<\/strong><\/p>\n<p style=\"text-align: justify;\"><img loading=\"lazy\" decoding=\"async\" class=\"alignright size-full wp-image-22051\" src=\"https:\/\/www.esports-betting.pro\/app\/uploads\/sites\/2\/Autorbox-League-of-Legends-Team-Vuehrjer-Taith.jpg\" alt=\"Autorbox League of Legends Team Vuehrjer Taith\" width=\"276\" height=\"150\" \/>Artikel und Prognosen vom Esports-Wetten League of Legends-Team. Marius \u201evuehrjer\u201c F\u00fchrer studiert an der TU Wien und verpasst genauso wenige professionelle League of Legends-Spiele wie Vorlesungen an der Uni. Daniel \u201eTaith\u201c Aichinger ist Student des Lehramtes an der JKU Linz und lehrt in seiner Freizeit seinen Gegnern in der Kluft der Beschw\u00f6rer das F\u00fcrchten. Bei Fragen oder Anregungen stehen sie euch auf Twitter (<a href=\"https:\/\/twitter.com\/Vuehrjer\" target=\"_blank\" rel=\"noopener noreferrer\">@vuehrjer<\/a>, <a href=\"https:\/\/twitter.com\/TaithLoL\" target=\"_blank\" rel=\"noopener noreferrer\">@TaithLoL<\/a>) gerne zur Verf\u00fcgung. GGWP!<\/p>\n","protected":false},"excerpt":{"rendered":"<p>Die LCS Sommersaison 2018 startet am 15. Juni in Europa beziehungsweise am 16. Juni in Nordamerika und bietet euch wieder die M\u00f6glichkeit, auf eure Lieblingsteams zu wetten. Nach einigen\u00a0Umstrukturierungen und Format\u00e4nderungen\u00a0im vergangenen Spring Split, blieb es einigerma\u00dfen ruhig vor dem Start in die zweite H\u00e4lfte der Saison. W\u00e4hrend es in der NA LCS einige gravierende &hellip; <a href=\"https:\/\/www.esports-betting.pro\/de\/wetten-quoten\/\">Continued<\/a><\/p>\n","protected":false},"author":24,"featured_media":0,"parent":0,"menu_order":0,"comment_status":"closed","ping_status":"closed","template":"","meta":{"_acf_changed":false,"footnotes":""},"acf":[],"yoast_head":"<!-- This site is optimized with the Yoast SEO plugin v22.6 - https:\/\/yoast.com\/wordpress\/plugins\/seo\/ -->\n<title>Wetten und Quoten - LCS Summer Split 2018 - League of Legends<\/title>\n<meta name=\"description\" content=\"\u00dcbersicht der League of Legends Wettquoten f\u00fcr den Summer Split 2018 der EU LCS und NA LCS. Werft einen Blick auf die aktuellen LoL Wetten und Quoten.\" \/>\n<meta name=\"robots\" content=\"index, follow, max-snippet:-1, max-image-preview:large, max-video-preview:-1\" \/>\n<link rel=\"canonical\" href=\"https:\/\/www.esports-betting.pro\/de\/wetten-quoten\/\" \/>\n<meta property=\"og:locale\" content=\"de_DE\" \/>\n<meta property=\"og:type\" content=\"article\" \/>\n<meta property=\"og:title\" content=\"Wetten und Quoten - LCS Summer Split 2018 - League of Legends\" \/>\n<meta property=\"og:description\" content=\"\u00dcbersicht der League of Legends Wettquoten f\u00fcr den Summer Split 2018 der EU LCS und NA LCS. Werft einen Blick auf die aktuellen LoL Wetten und Quoten.\" \/>\n<meta property=\"og:url\" content=\"https:\/\/www.esports-betting.pro\/de\/wetten-quoten\/\" \/>\n<meta property=\"og:site_name\" content=\"Esports Betting - DE\" \/>\n<meta property=\"article:modified_time\" content=\"2024-02-23T12:05:36+00:00\" \/>\n<meta name=\"twitter:card\" content=\"summary_large_image\" \/>\n<meta name=\"twitter:image\" content=\"https:\/\/www.esports-betting.pro\/app\/uploads\/sites\/2\/Autorbox-League-of-Legends-Team-Vuehrjer-Taith.jpg\" \/>\n<meta name=\"twitter:label1\" content=\"Est. reading time\" \/>\n\t<meta name=\"twitter:data1\" content=\"5 Minuten\" \/>\n<script type=\"application\/ld+json\" class=\"yoast-schema-graph\">{\"@context\":\"https:\/\/schema.org\",\"@graph\":[{\"@type\":\"WebPage\",\"@id\":\"https:\/\/www.esports-betting.pro\/de\/wetten-quoten\/\",\"url\":\"https:\/\/www.esports-betting.pro\/de\/wetten-quoten\/\",\"name\":\"Wetten und Quoten - LCS Summer Split 2018 - League of Legends\",\"isPartOf\":{\"@id\":\"https:\/\/www.esports-betting.pro\/de\/#website\"},\"primaryImageOfPage\":{\"@id\":\"https:\/\/www.esports-betting.pro\/de\/wetten-quoten\/#primaryimage\"},\"image\":{\"@id\":\"https:\/\/www.esports-betting.pro\/de\/wetten-quoten\/#primaryimage\"},\"thumbnailUrl\":\"https:\/\/www.esports-betting.pro\/app\/uploads\/sites\/2\/Autorbox-League-of-Legends-Team-Vuehrjer-Taith.jpg\",\"datePublished\":\"2017-12-23T16:01:46+00:00\",\"dateModified\":\"2024-02-23T12:05:36+00:00\",\"description\":\"\u00dcbersicht der League of Legends Wettquoten f\u00fcr den Summer Split 2018 der EU LCS und NA LCS. Werft einen Blick auf die aktuellen LoL Wetten und Quoten.\",\"breadcrumb\":{\"@id\":\"https:\/\/www.esports-betting.pro\/de\/wetten-quoten\/#breadcrumb\"},\"inLanguage\":\"de-DE\",\"potentialAction\":[{\"@type\":\"ReadAction\",\"target\":[\"https:\/\/www.esports-betting.pro\/de\/wetten-quoten\/\"]}]},{\"@type\":\"ImageObject\",\"inLanguage\":\"de-DE\",\"@id\":\"https:\/\/www.esports-betting.pro\/de\/wetten-quoten\/#primaryimage\",\"url\":\"https:\/\/www.esports-betting.pro\/app\/uploads\/sites\/2\/Autorbox-League-of-Legends-Team-Vuehrjer-Taith.jpg\",\"contentUrl\":\"https:\/\/www.esports-betting.pro\/app\/uploads\/sites\/2\/Autorbox-League-of-Legends-Team-Vuehrjer-Taith.jpg\"},{\"@type\":\"BreadcrumbList\",\"@id\":\"https:\/\/www.esports-betting.pro\/de\/wetten-quoten\/#breadcrumb\",\"itemListElement\":[{\"@type\":\"ListItem\",\"position\":1,\"name\":\"Home\",\"item\":\"https:\/\/www.esports-betting.pro\/de\/\"},{\"@type\":\"ListItem\",\"position\":2,\"name\":\"Wetten und Quoten &#8211; EU\/NA LCS Summer Split 2018\"}]},{\"@type\":\"WebSite\",\"@id\":\"https:\/\/www.esports-betting.pro\/de\/#website\",\"url\":\"https:\/\/www.esports-betting.pro\/de\/\",\"name\":\"Esports Betting - DE\",\"description\":\"Just another Esports Betting Sites site\",\"potentialAction\":[{\"@type\":\"SearchAction\",\"target\":{\"@type\":\"EntryPoint\",\"urlTemplate\":\"https:\/\/www.esports-betting.pro\/de\/?s={search_term_string}\"},\"query-input\":\"required name=search_term_string\"}],\"inLanguage\":\"de-DE\"}]}<\/script>\n<!-- \/ Yoast SEO plugin. -->","yoast_head_json":{"title":"Wetten und Quoten - LCS Summer Split 2018 - League of Legends","description":"\u00dcbersicht der League of Legends Wettquoten f\u00fcr den Summer Split 2018 der EU LCS und NA LCS. Werft einen Blick auf die aktuellen LoL Wetten und Quoten.","robots":{"index":"index","follow":"follow","max-snippet":"max-snippet:-1","max-image-preview":"max-image-preview:large","max-video-preview":"max-video-preview:-1"},"canonical":"https:\/\/www.esports-betting.pro\/de\/wetten-quoten\/","og_locale":"de_DE","og_type":"article","og_title":"Wetten und Quoten - LCS Summer Split 2018 - League of Legends","og_description":"\u00dcbersicht der League of Legends Wettquoten f\u00fcr den Summer Split 2018 der EU LCS und NA LCS. Werft einen Blick auf die aktuellen LoL Wetten und Quoten.","og_url":"https:\/\/www.esports-betting.pro\/de\/wetten-quoten\/","og_site_name":"Esports Betting - DE","article_modified_time":"2024-02-23T12:05:36+00:00","twitter_card":"summary_large_image","twitter_image":"https:\/\/www.esports-betting.pro\/app\/uploads\/sites\/2\/Autorbox-League-of-Legends-Team-Vuehrjer-Taith.jpg","twitter_misc":{"Est. reading time":"5 Minuten"},"schema":{"@context":"https:\/\/schema.org","@graph":[{"@type":"WebPage","@id":"https:\/\/www.esports-betting.pro\/de\/wetten-quoten\/","url":"https:\/\/www.esports-betting.pro\/de\/wetten-quoten\/","name":"Wetten und Quoten - LCS Summer Split 2018 - League of Legends","isPartOf":{"@id":"https:\/\/www.esports-betting.pro\/de\/#website"},"primaryImageOfPage":{"@id":"https:\/\/www.esports-betting.pro\/de\/wetten-quoten\/#primaryimage"},"image":{"@id":"https:\/\/www.esports-betting.pro\/de\/wetten-quoten\/#primaryimage"},"thumbnailUrl":"https:\/\/www.esports-betting.pro\/app\/uploads\/sites\/2\/Autorbox-League-of-Legends-Team-Vuehrjer-Taith.jpg","datePublished":"2017-12-23T16:01:46+00:00","dateModified":"2024-02-23T12:05:36+00:00","description":"\u00dcbersicht der League of Legends Wettquoten f\u00fcr den Summer Split 2018 der EU LCS und NA LCS. Werft einen Blick auf die aktuellen LoL Wetten und Quoten.","breadcrumb":{"@id":"https:\/\/www.esports-betting.pro\/de\/wetten-quoten\/#breadcrumb"},"inLanguage":"de-DE","potentialAction":[{"@type":"ReadAction","target":["https:\/\/www.esports-betting.pro\/de\/wetten-quoten\/"]}]},{"@type":"ImageObject","inLanguage":"de-DE","@id":"https:\/\/www.esports-betting.pro\/de\/wetten-quoten\/#primaryimage","url":"https:\/\/www.esports-betting.pro\/app\/uploads\/sites\/2\/Autorbox-League-of-Legends-Team-Vuehrjer-Taith.jpg","contentUrl":"https:\/\/www.esports-betting.pro\/app\/uploads\/sites\/2\/Autorbox-League-of-Legends-Team-Vuehrjer-Taith.jpg"},{"@type":"BreadcrumbList","@id":"https:\/\/www.esports-betting.pro\/de\/wetten-quoten\/#breadcrumb","itemListElement":[{"@type":"ListItem","position":1,"name":"Home","item":"https:\/\/www.esports-betting.pro\/de\/"},{"@type":"ListItem","position":2,"name":"Wetten und Quoten &#8211; EU\/NA LCS Summer Split 2018"}]},{"@type":"WebSite","@id":"https:\/\/www.esports-betting.pro\/de\/#website","url":"https:\/\/www.esports-betting.pro\/de\/","name":"Esports Betting - DE","description":"Just another Esports Betting Sites site","potentialAction":[{"@type":"SearchAction","target":{"@type":"EntryPoint","urlTemplate":"https:\/\/www.esports-betting.pro\/de\/?s={search_term_string}"},"query-input":"required name=search_term_string"}],"inLanguage":"de-DE"}]}},"_links":{"self":[{"href":"https:\/\/www.esports-betting.pro\/de\/wp-json\/wp\/v2\/pages\/23919"}],"collection":[{"href":"https:\/\/www.esports-betting.pro\/de\/wp-json\/wp\/v2\/pages"}],"about":[{"href":"https:\/\/www.esports-betting.pro\/de\/wp-json\/wp\/v2\/types\/page"}],"author":[{"embeddable":true,"href":"https:\/\/www.esports-betting.pro\/de\/wp-json\/wp\/v2\/users\/24"}],"replies":[{"embeddable":true,"href":"https:\/\/www.esports-betting.pro\/de\/wp-json\/wp\/v2\/comments?post=23919"}],"version-history":[{"count":4,"href":"https:\/\/www.esports-betting.pro\/de\/wp-json\/wp\/v2\/pages\/23919\/revisions"}],"predecessor-version":[{"id":52987,"href":"https:\/\/www.esports-betting.pro\/de\/wp-json\/wp\/v2\/pages\/23919\/revisions\/52987"}],"wp:attachment":[{"href":"https:\/\/www.esports-betting.pro\/de\/wp-json\/wp\/v2\/media?parent=23919"}],"curies":[{"name":"wp","href":"https:\/\/api.w.org\/{rel}","templated":true}]}}