{"id":23491,"date":"2017-11-27T18:45:01","date_gmt":"2017-11-27T17:45:01","guid":{"rendered":"https:\/\/www.esports-betting.pro\/de\/?page_id=23491"},"modified":"2024-02-22T10:20:26","modified_gmt":"2024-02-22T10:20:26","slug":"dreamhack-winter-2017","status":"publish","type":"page","link":"https:\/\/www.esports-betting.pro\/de\/pubg\/dreamhack-winter-2017\/","title":{"rendered":"DreamHack Winter 2017 &#8211; Turnier\u00fcbersicht"},"content":{"rendered":"<p style=\"text-align: justify;\">Mit der DreamHack im Winter 2017 f\u00fcr PlayerUnknown's Battlegrounds gibt es nun schon das zweite, gro\u00dfe von DreamHack veranstaltete Esport Turnier f\u00fcr PUBG. Vor einiger Zeit wohl h\u00e4tte noch niemand an den Erfolg des Shooter-Hits gedacht. Doch das Spiel konnte die immer gr\u00f6\u00dfer werdende Beliebtheit der Last Man Standing Spiele f\u00fcr sich nutzen und ist nun eines der am meist gespielten Titel \u00fcberhaupt. Angesichts diesem Triumph l\u00e4sst nat\u00fcrlich auch der Esport nicht lange auf sich warten und scheint in letzter Zeit f\u00f6rmlich zu explodieren. Und auch die Esport Szene hat PUBG voll und ganz in ihr Herz geschlossen. Nach dem erfolgreichen Debut auf der DreamHack Summer 2017 d\u00fcrfen sich nun Fans auf einen erneuten Ableger der Turnierserie freuen: DreamHack Winter 2017. Das spannende dabei ist dass die Teilnahme jedem Fan offen steht und es ist kein Turnier nach dem klassischen Sinne wo nur bekannte Namen mitspielen werden. Bei diesem Turnier kann man sich im Vorfeld als 2er Team registrieren und spielt anschlie\u00dfend auf der DreamHack gegen viele verschiedene Teams. \u00dcber die Spiele verteilt ergibt sich so ein Leaderboard, von denen am Ende immer noch 48 Teams in die entscheidende Phase starten. Hier wird schlussendlich auch der Sieger gefunden.<\/p>\n<ul>\n<li>Schau das <strong><a href=\"https:\/\/www.esports-betting.pro\/de\/pubg\/global-invitational-berlin-2018\/\">PUBG Invitational Berlin 2018<\/a><\/strong>\u00a0(25.07.2018 \u2013 29.07.2018)<\/li>\n<\/ul>\n<h2><img loading=\"lazy\" decoding=\"async\" class=\"alignnone wp-image-21035\" src=\"https:\/\/www.esports-betting.pro\/app\/uploads\/sites\/2\/pubg-icon.jpg\" alt=\"pubg icon\" width=\"20\" height=\"20\" \/> PUBG DreamHack Turnier Winter 2017 &#8211; Fakten<\/h2>\n<div style=\"float: right; width: 180px; height: 220px; text-align: center;\"><strong>Navigation:<\/strong><img loading=\"lazy\" decoding=\"async\" class=\"aligncenter\" src=\"https:\/\/www.esports-betting.pro\/app\/uploads\/sites\/2\/Wettquoten-Button.jpg\" alt=\"Button mit Link zu Wettquoten\" width=\"180\" height=\"50\" \/> <a href=\"#livestream\"><img loading=\"lazy\" decoding=\"async\" class=\"aligncenter\" src=\"https:\/\/www.esports-betting.pro\/app\/uploads\/sites\/2\/Live-Stream-Button.jpg\" alt=\"Button mit Link zur PUBG DreamHack Winter 2017 Livestream\" width=\"180\" height=\"50\" \/><\/a> <a href=\"https:\/\/www.esports-betting.pro\/de\/buchmacher\/betway\" target=\"_blank\" rel=\"nofollow noopener\"><img loading=\"lazy\" decoding=\"async\" class=\"aligncenter\" src=\"https:\/\/www.esports-betting.pro\/app\/uploads\/sites\/2\/Spezialwetten-Button.jpg\" alt=\"Button Link zu Spezial Wetten\" width=\"180\" height=\"50\" \/><\/a><\/div>\n<ul>\n<li><strong>Datum:<\/strong>\u00a001.12.2017 &#8211; 04.12.2017<\/li>\n<li><strong>Ort: <\/strong>J\u00f6nk\u00f6ping, Schweden<\/li>\n<li><strong>Preis:<\/strong> 2 PCs mit \u00fcberzeugender Technik<\/li>\n<li><strong>Anzahl der Teams: <\/strong>mind. 48<\/li>\n<li><strong>Organisator: <\/strong>DreamHack<\/li>\n<li><strong><a href=\"#wettquoten\">Wetten und Quoten<\/a><\/strong><\/li>\n<li><a href=\"#livestream\"><strong>Livestream<\/strong><\/a><\/li>\n<\/ul>\n<h2><img loading=\"lazy\" decoding=\"async\" class=\"alignnone wp-image-21035\" src=\"https:\/\/www.esports-betting.pro\/app\/uploads\/sites\/2\/pubg-icon.jpg\" alt=\"pubg icon\" width=\"20\" height=\"20\" \/> Format<\/h2>\n<p style=\"text-align: justify;\">Wie schon angesprochen ist die DreamHack Winter 2017 f\u00fcr alle Spieler von PlayerUnkown's Battleground frei zug\u00e4nglich. Das hei\u00dft, dass uns ein Turnier erwartet, das sich von klassischen Esport Turnieren sehr stark unterscheidet. W\u00e4hrend man gewohnt ist, dass nur die Elite Teams und deren Spieler mitspielen, darf hier jeder teilnehmen vorrausgesetzt man registriert sich als 2er Team im Vorfeld. Dadurch werden unz\u00e4hlige Teams am DreamHack Winter teilnehmen und uns erwarten vorallem die ersten 2 Tage non stop PUBG Action. Das Turnier wird in der First Person Perspektive gespielt. Jeder Sieg und jede Niederlage bestimmen die Position der Teams in einem \u00fcbergreifenden Leaderboard von denen am Ende die 48 besten in die hei\u00dfe Phase des Turniers starten werden. Dort wird anschlie\u00dfend nach dem KO Format gespielt, das hei\u00dft der Sieger kommt in die n\u00e4chste Runde w\u00e4hrend der Verlierer leider aus dem Turnier ausscheiden wird, bis am Ende nur ein Team \u00fcbrig bleibt, das sich dann die Champions der DreamHack 2017 Winter nennen d\u00fcrfen. Als Preis winken 2 PCs nach der aktuellsten Technik.<\/p>\n<h2><img loading=\"lazy\" decoding=\"async\" class=\"alignnone wp-image-21035\" src=\"https:\/\/www.esports-betting.pro\/app\/uploads\/sites\/2\/pubg-icon.jpg\" alt=\"pubg icon\" width=\"20\" height=\"20\" \/> <a id=\"wettquoten\"><\/a>Wettquoten PUBG &#8211; DreamHack Winter<\/h2>\n<p style=\"text-align: justify;\">Bis jetzt gibt es noch keine <a href=\"https:\/\/www.esports-betting.pro\/de\/\">Esport Wetten<\/a> f\u00fcr das DreamHack Winter, es ist auch fraglich ob es f\u00fcr den ersten Abschnitt des Turniers Wettquoten geben wird, da durch die Masse an Teams die teilnehmen werden es sich vermutlich als recht schwierig gestaltet hier faire <a href=\"https:\/\/www.esports-betting.pro\/de\/pubg\/\">Wetten f\u00fcr PUBG<\/a> zu finden. Dennoch wird es wahrscheinlich f\u00fcr den entscheidenden zweiten Teil der DreamHack schon Wetten geben, wenn sozusagen die Finalisten fest stehen.<\/p>\n<h2><img loading=\"lazy\" decoding=\"async\" class=\"alignnone wp-image-21035\" src=\"https:\/\/www.esports-betting.pro\/app\/uploads\/sites\/2\/pubg-icon.jpg\" alt=\"pubg icon\" width=\"20\" height=\"20\" \/> Livestream PUBG DreamHack 2017<\/h2>\n<p>Vermutlich wird das Turnier nur in englischer Sprache \u00fcbertragen.<\/p>\n<p><strong><a id=\"livestream\"><\/a>Englischer CS:GO Livestream:<\/strong><\/p>\n","protected":false},"excerpt":{"rendered":"<p>Mit der DreamHack im Winter 2017 f\u00fcr PlayerUnknown&#8217;s Battlegrounds gibt es nun schon das zweite, gro\u00dfe von DreamHack veranstaltete Esport Turnier f\u00fcr PUBG. Vor einiger Zeit wohl h\u00e4tte noch niemand an den Erfolg des Shooter-Hits gedacht. Doch das Spiel konnte die immer gr\u00f6\u00dfer werdende Beliebtheit der Last Man Standing Spiele f\u00fcr sich nutzen und ist &hellip; <a href=\"https:\/\/www.esports-betting.pro\/de\/pubg\/dreamhack-winter-2017\/\">Continued<\/a><\/p>\n","protected":false},"author":24,"featured_media":0,"parent":19542,"menu_order":0,"comment_status":"closed","ping_status":"closed","template":"","meta":{"_acf_changed":false,"footnotes":""},"acf":[],"yoast_head":"<!-- This site is optimized with the Yoast SEO plugin v22.6 - https:\/\/yoast.com\/wordpress\/plugins\/seo\/ -->\n<title>DreamHack Winter 2017 PUBG - \u00dcbersicht und Wettinformationen<\/title>\n<meta name=\"description\" content=\"Die DreamHack Winter 2017 ist ein PUBG Turnier an dem jeder teilnehmen darf, erfahre mehr \u00fcber das Turnier, Wetten mit Quoten und Livestream hier.\" \/>\n<meta name=\"robots\" content=\"index, follow, max-snippet:-1, max-image-preview:large, max-video-preview:-1\" \/>\n<link rel=\"canonical\" href=\"https:\/\/www.esports-betting.pro\/de\/pubg\/dreamhack-winter-2017\/\" \/>\n<meta property=\"og:locale\" content=\"de_DE\" \/>\n<meta property=\"og:type\" content=\"article\" \/>\n<meta property=\"og:title\" content=\"DreamHack Winter 2017 PUBG - \u00dcbersicht und Wettinformationen\" \/>\n<meta property=\"og:description\" content=\"Die DreamHack Winter 2017 ist ein PUBG Turnier an dem jeder teilnehmen darf, erfahre mehr \u00fcber das Turnier, Wetten mit Quoten und Livestream hier.\" \/>\n<meta property=\"og:url\" content=\"https:\/\/www.esports-betting.pro\/de\/pubg\/dreamhack-winter-2017\/\" \/>\n<meta property=\"og:site_name\" content=\"Esports Betting - DE\" \/>\n<meta property=\"article:modified_time\" content=\"2024-02-22T10:20:26+00:00\" \/>\n<meta property=\"og:image\" content=\"https:\/\/www.esports-betting.pro\/app\/uploads\/sites\/2\/pubg-icon.jpg\" \/>\n<meta name=\"twitter:card\" content=\"summary_large_image\" \/>\n<meta name=\"twitter:label1\" content=\"Est. reading time\" \/>\n\t<meta name=\"twitter:data1\" content=\"5 Minuten\" \/>\n<script type=\"application\/ld+json\" class=\"yoast-schema-graph\">{\"@context\":\"https:\/\/schema.org\",\"@graph\":[{\"@type\":\"WebPage\",\"@id\":\"https:\/\/www.esports-betting.pro\/de\/pubg\/dreamhack-winter-2017\/\",\"url\":\"https:\/\/www.esports-betting.pro\/de\/pubg\/dreamhack-winter-2017\/\",\"name\":\"DreamHack Winter 2017 PUBG - \u00dcbersicht und Wettinformationen\",\"isPartOf\":{\"@id\":\"https:\/\/www.esports-betting.pro\/de\/#website\"},\"primaryImageOfPage\":{\"@id\":\"https:\/\/www.esports-betting.pro\/de\/pubg\/dreamhack-winter-2017\/#primaryimage\"},\"image\":{\"@id\":\"https:\/\/www.esports-betting.pro\/de\/pubg\/dreamhack-winter-2017\/#primaryimage\"},\"thumbnailUrl\":\"https:\/\/www.esports-betting.pro\/app\/uploads\/sites\/2\/pubg-icon.jpg\",\"datePublished\":\"2017-11-27T17:45:01+00:00\",\"dateModified\":\"2024-02-22T10:20:26+00:00\",\"description\":\"Die DreamHack Winter 2017 ist ein PUBG Turnier an dem jeder teilnehmen darf, erfahre mehr \u00fcber das Turnier, Wetten mit Quoten und Livestream hier.\",\"breadcrumb\":{\"@id\":\"https:\/\/www.esports-betting.pro\/de\/pubg\/dreamhack-winter-2017\/#breadcrumb\"},\"inLanguage\":\"de-DE\",\"potentialAction\":[{\"@type\":\"ReadAction\",\"target\":[\"https:\/\/www.esports-betting.pro\/de\/pubg\/dreamhack-winter-2017\/\"]}]},{\"@type\":\"ImageObject\",\"inLanguage\":\"de-DE\",\"@id\":\"https:\/\/www.esports-betting.pro\/de\/pubg\/dreamhack-winter-2017\/#primaryimage\",\"url\":\"https:\/\/www.esports-betting.pro\/app\/uploads\/sites\/2\/pubg-icon.jpg\",\"contentUrl\":\"https:\/\/www.esports-betting.pro\/app\/uploads\/sites\/2\/pubg-icon.jpg\"},{\"@type\":\"BreadcrumbList\",\"@id\":\"https:\/\/www.esports-betting.pro\/de\/pubg\/dreamhack-winter-2017\/#breadcrumb\",\"itemListElement\":[{\"@type\":\"ListItem\",\"position\":1,\"name\":\"Home\",\"item\":\"https:\/\/www.esports-betting.pro\/de\/\"},{\"@type\":\"ListItem\",\"position\":2,\"name\":\"PlayerUnknown&#8217;s Battlegrounds &#8211; PUBG Wettanbieter\",\"item\":\"https:\/\/www.esports-betting.pro\/de\/pubg\/\"},{\"@type\":\"ListItem\",\"position\":3,\"name\":\"DreamHack Winter 2017 &#8211; Turnier\u00fcbersicht\"}]},{\"@type\":\"WebSite\",\"@id\":\"https:\/\/www.esports-betting.pro\/de\/#website\",\"url\":\"https:\/\/www.esports-betting.pro\/de\/\",\"name\":\"Esports Betting - DE\",\"description\":\"Just another Esports Betting Sites site\",\"potentialAction\":[{\"@type\":\"SearchAction\",\"target\":{\"@type\":\"EntryPoint\",\"urlTemplate\":\"https:\/\/www.esports-betting.pro\/de\/?s={search_term_string}\"},\"query-input\":\"required name=search_term_string\"}],\"inLanguage\":\"de-DE\"}]}<\/script>\n<!-- \/ Yoast SEO plugin. -->","yoast_head_json":{"title":"DreamHack Winter 2017 PUBG - \u00dcbersicht und Wettinformationen","description":"Die DreamHack Winter 2017 ist ein PUBG Turnier an dem jeder teilnehmen darf, erfahre mehr \u00fcber das Turnier, Wetten mit Quoten und Livestream hier.","robots":{"index":"index","follow":"follow","max-snippet":"max-snippet:-1","max-image-preview":"max-image-preview:large","max-video-preview":"max-video-preview:-1"},"canonical":"https:\/\/www.esports-betting.pro\/de\/pubg\/dreamhack-winter-2017\/","og_locale":"de_DE","og_type":"article","og_title":"DreamHack Winter 2017 PUBG - \u00dcbersicht und Wettinformationen","og_description":"Die DreamHack Winter 2017 ist ein PUBG Turnier an dem jeder teilnehmen darf, erfahre mehr \u00fcber das Turnier, Wetten mit Quoten und Livestream hier.","og_url":"https:\/\/www.esports-betting.pro\/de\/pubg\/dreamhack-winter-2017\/","og_site_name":"Esports Betting - DE","article_modified_time":"2024-02-22T10:20:26+00:00","og_image":[{"url":"https:\/\/www.esports-betting.pro\/app\/uploads\/sites\/2\/pubg-icon.jpg"}],"twitter_card":"summary_large_image","twitter_misc":{"Est. reading time":"5 Minuten"},"schema":{"@context":"https:\/\/schema.org","@graph":[{"@type":"WebPage","@id":"https:\/\/www.esports-betting.pro\/de\/pubg\/dreamhack-winter-2017\/","url":"https:\/\/www.esports-betting.pro\/de\/pubg\/dreamhack-winter-2017\/","name":"DreamHack Winter 2017 PUBG - \u00dcbersicht und Wettinformationen","isPartOf":{"@id":"https:\/\/www.esports-betting.pro\/de\/#website"},"primaryImageOfPage":{"@id":"https:\/\/www.esports-betting.pro\/de\/pubg\/dreamhack-winter-2017\/#primaryimage"},"image":{"@id":"https:\/\/www.esports-betting.pro\/de\/pubg\/dreamhack-winter-2017\/#primaryimage"},"thumbnailUrl":"https:\/\/www.esports-betting.pro\/app\/uploads\/sites\/2\/pubg-icon.jpg","datePublished":"2017-11-27T17:45:01+00:00","dateModified":"2024-02-22T10:20:26+00:00","description":"Die DreamHack Winter 2017 ist ein PUBG Turnier an dem jeder teilnehmen darf, erfahre mehr \u00fcber das Turnier, Wetten mit Quoten und Livestream hier.","breadcrumb":{"@id":"https:\/\/www.esports-betting.pro\/de\/pubg\/dreamhack-winter-2017\/#breadcrumb"},"inLanguage":"de-DE","potentialAction":[{"@type":"ReadAction","target":["https:\/\/www.esports-betting.pro\/de\/pubg\/dreamhack-winter-2017\/"]}]},{"@type":"ImageObject","inLanguage":"de-DE","@id":"https:\/\/www.esports-betting.pro\/de\/pubg\/dreamhack-winter-2017\/#primaryimage","url":"https:\/\/www.esports-betting.pro\/app\/uploads\/sites\/2\/pubg-icon.jpg","contentUrl":"https:\/\/www.esports-betting.pro\/app\/uploads\/sites\/2\/pubg-icon.jpg"},{"@type":"BreadcrumbList","@id":"https:\/\/www.esports-betting.pro\/de\/pubg\/dreamhack-winter-2017\/#breadcrumb","itemListElement":[{"@type":"ListItem","position":1,"name":"Home","item":"https:\/\/www.esports-betting.pro\/de\/"},{"@type":"ListItem","position":2,"name":"PlayerUnknown&#8217;s Battlegrounds &#8211; PUBG Wettanbieter","item":"https:\/\/www.esports-betting.pro\/de\/pubg\/"},{"@type":"ListItem","position":3,"name":"DreamHack Winter 2017 &#8211; Turnier\u00fcbersicht"}]},{"@type":"WebSite","@id":"https:\/\/www.esports-betting.pro\/de\/#website","url":"https:\/\/www.esports-betting.pro\/de\/","name":"Esports Betting - DE","description":"Just another Esports Betting Sites site","potentialAction":[{"@type":"SearchAction","target":{"@type":"EntryPoint","urlTemplate":"https:\/\/www.esports-betting.pro\/de\/?s={search_term_string}"},"query-input":"required name=search_term_string"}],"inLanguage":"de-DE"}]}},"_links":{"self":[{"href":"https:\/\/www.esports-betting.pro\/de\/wp-json\/wp\/v2\/pages\/23491"}],"collection":[{"href":"https:\/\/www.esports-betting.pro\/de\/wp-json\/wp\/v2\/pages"}],"about":[{"href":"https:\/\/www.esports-betting.pro\/de\/wp-json\/wp\/v2\/types\/page"}],"author":[{"embeddable":true,"href":"https:\/\/www.esports-betting.pro\/de\/wp-json\/wp\/v2\/users\/24"}],"replies":[{"embeddable":true,"href":"https:\/\/www.esports-betting.pro\/de\/wp-json\/wp\/v2\/comments?post=23491"}],"version-history":[{"count":1,"href":"https:\/\/www.esports-betting.pro\/de\/wp-json\/wp\/v2\/pages\/23491\/revisions"}],"predecessor-version":[{"id":52885,"href":"https:\/\/www.esports-betting.pro\/de\/wp-json\/wp\/v2\/pages\/23491\/revisions\/52885"}],"up":[{"embeddable":true,"href":"https:\/\/www.esports-betting.pro\/de\/wp-json\/wp\/v2\/pages\/19542"}],"wp:attachment":[{"href":"https:\/\/www.esports-betting.pro\/de\/wp-json\/wp\/v2\/media?parent=23491"}],"curies":[{"name":"wp","href":"https:\/\/api.w.org\/{rel}","templated":true}]}}