{"id":22965,"date":"2017-10-21T08:52:30","date_gmt":"2017-10-21T08:52:30","guid":{"rendered":"https:\/\/www.esports-betting.pro\/de\/?page_id=22965"},"modified":"2017-10-21T08:52:30","modified_gmt":"2017-10-21T08:52:30","slug":"iem-oakland-2017","status":"publish","type":"page","link":"https:\/\/www.esports-betting.pro\/de\/csgo\/iem-oakland-2017\/","title":{"rendered":"CS:GO IEM Oakland 2017 &#8211; \u00dcbersicht"},"content":{"rendered":"<p style=\"text-align: justify\"><span>Mit dem Intel Extreme Masters <\/span>Season XII in Oakland erwartet uns Mitte November ein sehr spannedes CS:GO Turnier. Veranstaltet von der Esport Division von Intel, werden 12 Teams daran teilnehmen. Darunter sind so nahmhafte CS:GO Teams wie Astralis, FaZe Clan und G2 Esports. Uns erwartet also ein Feuerwerk von CS:GO, bei dem jeder Spieler sein Bestes geben wird. Immerhin geht es um ein Preisgeld von $300.000. Damit kann sich dieses Turnier durchaus sehen lassen, denn nicht viele Turniere schaffen es ein h\u00f6heres Preisgeld anzubieten. Dabei wurden 9 Teams direkt eingeladen und 3 konnten sich \u00fcber Qualifikationsrunden ins Turnier spielen. Die Qualifikationsrunden fanden auf 3 verschiendenen Kontinenten statt. Beim IEM Oakland 2017 wird es demzufolge hei\u00df hergehen.<\/p>\n<h2><img loading=\"lazy\" decoding=\"async\" src=\"https:\/\/www.esports-betting.pro\/app\/uploads\/sites\/2\/CSGO-Icon-30.jpg\" alt=\"CSGO Icon\" width=\"30\" height=\"30\" \/> CS:GO IEM 2017 Oakland &#8211; Fakten<\/h2>\n<ul>\n<li><span><strong>Datum: <\/strong>16.11.2017 &#8211; 19.11.2017<\/span><\/li>\n<li><strong>Ort: <\/strong>The Oracle Arena, Oakland, USA<\/li>\n<li><strong>Preispool:<\/strong> $300,000<\/li>\n<li><strong>Anzahl der Teams: <\/strong>12\n<ul>\n<li>9 direkt eingeladene Teams<\/li>\n<li>3 qualifizierte Teams<\/li>\n<\/ul>\n<\/li>\n<li><strong>Mappool: <\/strong>Cache, Cobblestone, Inferno, Nuke, Mirage, Overpass, Train<\/li>\n<li><strong>Organisator: <\/strong>Intel<\/li>\n<li><strong><a href=\"#wettquoten\">Wetten und Quoten<\/a><\/strong><\/li>\n<li><a href=\"#livestream\"><strong>Livestream<\/strong><\/a><\/li>\n<\/ul>\n<h2><img loading=\"lazy\" decoding=\"async\" src=\"https:\/\/www.esports-betting.pro\/app\/uploads\/sites\/2\/CSGO-Icon-30.jpg\" alt=\"CSGO Icon\" width=\"30\" height=\"30\" \/> Format<\/h2>\n<p style=\"text-align: justify\">Die 12 Teams werden in 2 Round Robin Gruppen aufgeteilt, das hei\u00dft, dass jeder gegen jeden spielt innerhalb der Gruppe. Dabei gibt es viel zu holen, denn die jeweiligen Gewinner der Gruppen steigen direkt ins Halbfinale ein und k\u00f6nnen sich so ein Spiel ersparen. Der Zweit und Dritt Platzierte kommt dabei ins Viertelfinale, und die untere H\u00e4lfte der Gruppe muss sich verabschieden. Ab dem Viertelfinale sind alle Spiele Best-of-Three und das Grand Finale ein Best-of-Five.<\/p>\n<h2><img loading=\"lazy\" decoding=\"async\" src=\"https:\/\/www.esports-betting.pro\/app\/uploads\/sites\/2\/CSGO-Icon-30.jpg\" alt=\"CSGO Icon\" width=\"30\" height=\"30\" \/> <a id=\"wettquoten\"><\/a>CS:GO Wettquoten &#8211; IEM Season XII Oakland 2017<\/h2>\n<p style=\"text-align: justify\">Obwohl bis Turnierbeginn doch noch eine Zeit verbleibt, gibt es bereits jetzt die ersten <a href=\"https:\/\/www.esports-betting.pro\/de\/csgo\/\">CS:GO Wetten mit Quoten<\/a> f\u00fcr das IEM Season XII in Oakland 2017. Dabei kann man bereits hier in den <a href=\"https:\/\/www.esports-betting.pro\/de\/buchmacher-wettanbieter\/betway-review\/\">Betway<\/a> Quoten einen eindeutigen Favoriten in FaZe ablesen,\u00a0 dicht gefolgt von Astralis, G2 und SK. Diese Teams scheinen in letzter Zeit ihre gute Form behaupten zu k\u00f6nnen und werden aller Voraussicht nach als Favoriten in dieses Turnier ziehen. Nichtsdestotrotz kann hier alles passieren und so ist es m\u00f6glich, dass ein Team mit wesentlich h\u00f6heren Quoten den Sieg davon tr\u00e4gt.<\/p>\n<p style=\"text-align: center\"><strong><img loading=\"lazy\" decoding=\"async\" class=\"size-full wp-image-6680\" src=\"https:\/\/www.esports-betting.pro\/app\/uploads\/sites\/2\/Betway-Logo-klein.jpg\" alt=\"Betway Logo\" width=\"100\" height=\"30\" \/>\u00a0<a href=\"https:\/\/www.esports-betting.pro\/de\/buchmacher-wettanbieter\/betway-review\/\">Betway<\/a>\u00a0<img loading=\"lazy\" decoding=\"async\" class=\"size-full wp-image-6680\" src=\"https:\/\/www.esports-betting.pro\/app\/uploads\/sites\/2\/Betway-Logo-klein.jpg\" alt=\"Betway Logo\" width=\"100\" height=\"30\" \/><\/strong><img loading=\"lazy\" decoding=\"async\" class=\"size-full wp-image-22966 aligncenter\" src=\"https:\/\/www.esports-betting.pro\/app\/uploads\/sites\/2\/csgo-iem-oakland-2017-gesamtsieger-wettquoten-betway.jpg\" alt=\"csgo iem oakland 2017 gesamtsieger wettquoten betway\" width=\"480\" height=\"520\" \/><\/p>\n<p>&nbsp;<\/p>\n<h2><img loading=\"lazy\" decoding=\"async\" src=\"https:\/\/www.esports-betting.pro\/app\/uploads\/sites\/2\/CSGO-Icon-30.jpg\" alt=\"CSGO Icon\" width=\"30\" height=\"30\" \/> Teams und Spieler<\/h2>\n<h3>Eingeladene Teams und Teamkader<\/h3>\n<ul>\n<li><strong><img loading=\"lazy\" decoding=\"async\" src=\"https:\/\/www.esports-betting.pro\/app\/uploads\/sites\/2\/Team-Astralis-CS-GO-Team-Logo.jpg\" alt=\"Team Astralis CS GO Team Logo\" width=\"42\" height=\"42\" \/> Astralis: <\/strong>device, dupreeh, Xyp9x, Kjaerbye, gla1ve.<\/li>\n<li><strong><img loading=\"lazy\" decoding=\"async\" src=\"https:\/\/www.esports-betting.pro\/app\/uploads\/sites\/2\/G2-Esports-CS-GO-Team-Logo.jpg\" alt=\"G2 Esports CS-GO Team Logo\" width=\"42\" height=\"42\" \/> G2 Esports: <\/strong>shox, bodyy, NBK-, apEX, kennyS.<\/li>\n<li><strong><img loading=\"lazy\" decoding=\"async\" src=\"https:\/\/www.esports-betting.pro\/app\/uploads\/sites\/2\/Gambit-Gaming-CS-GO-Team-Logo.jpg\" alt=\"Gambit Gaming CS-GO Team Logo\" width=\"42\" height=\"42\" \/> Gambit Esports: <\/strong>Dosia, mou, AdreeN, HObbit, fitch.<\/li>\n<li><strong><img loading=\"lazy\" decoding=\"async\" src=\"https:\/\/www.esports-betting.pro\/app\/uploads\/sites\/2\/SK-Gaming-CSGO-Team-Logo.jpg\" alt=\"SK Gaming CSGO Team Logo\" width=\"42\" height=\"42\" \/> SK Gaming: <\/strong>FalleN, fer, coldzera, TACO, felps.<\/li>\n<li><strong><img loading=\"lazy\" decoding=\"async\" src=\"https:\/\/www.esports-betting.pro\/app\/uploads\/sites\/2\/Cloud9-CS-GO-Team-Logo.jpg\" alt=\"Cloud9 CS:GO Team Logo\" width=\"42\" height=\"42\" \/> Cloud9: <\/strong>Skadoodle, Stewie2k, autimatic, RUSH, tarik.<\/li>\n<li><strong><img loading=\"lazy\" decoding=\"async\" src=\"https:\/\/www.esports-betting.pro\/app\/uploads\/sites\/2\/Immortals-CSGO-Team-Logo.jpg\" alt=\"Immortals CSGO Team Logo\" width=\"42\" height=\"42\" \/> Immortals: <\/strong>boltz, steel, horvy, destinyy, zqk.<\/li>\n<li><strong><img loading=\"lazy\" decoding=\"async\" src=\"https:\/\/www.esports-betting.pro\/app\/uploads\/sites\/2\/Team-Liquid-CS-GO-Team-Logo.jpg\" alt=\"Team Liquid CS-GO Team Logo\" width=\"42\" height=\"42\" \/> Team Liquid: <\/strong>nitr0, EliGE, jdm64, stanislaw, Twistzz.<\/li>\n<li><strong><img loading=\"lazy\" decoding=\"async\" src=\"https:\/\/www.esports-betting.pro\/app\/uploads\/sites\/2\/Ninjas-in-Pyjamas-CSGO-Team-Logo.jpg\" alt=\"Ninas in Pyjamas CSGO Team Logo\" width=\"42\" height=\"42\" \/> Ninjas in Pyjamas: <\/strong>f0rest, GeT_RiGhT, Xizt, draken, REZ.<\/li>\n<li><strong><img loading=\"lazy\" decoding=\"async\" src=\"https:\/\/www.esports-betting.pro\/app\/uploads\/sites\/2\/FaZe-CSGO-Team-Logo.jpg\" alt=\"FaZe Clan CSGO Team Logo\" width=\"42\" height=\"42\" \/> FaZe Clan: <\/strong>rain, karrigan, NiKo, GuardiaN, olofmeister.<\/li>\n<\/ul>\n<h3>Qualifizierte Teams<\/h3>\n<ul>\n<li><strong><img loading=\"lazy\" decoding=\"async\" src=\"https:\/\/www.esports-betting.pro\/app\/uploads\/sites\/2\/Team-EnVyUs-CSGO-Logo.jpg\" alt=\"Team EnVyUs CSGO Logo\" width=\"42\" height=\"42\" \/> Team EnvyUs:<\/strong>\u00a0Happy, SIXER, RpK, xms, ScreaM.<\/li>\n<li><strong><img loading=\"lazy\" decoding=\"async\" src=\"https:\/\/www.esports-betting.pro\/app\/uploads\/sites\/2\/Optic-Gaming-CSGO-Team-Logo.jpg\" alt=\"Optic Gaming CSGO Team Logo\" width=\"42\" height=\"42\" \/> OpTic Gaming: <\/strong>mixwell, friberg, allu, Magisk, HS.<\/li>\n<li><strong><img loading=\"lazy\" decoding=\"async\" src=\"https:\/\/www.esports-betting.pro\/app\/uploads\/sites\/2\/The-MongolZ-CSGO-Team-Logo.jpg\" alt=\"\" width=\"42\" height=\"42\" \/> The MongolZ: <\/strong>Tsogoo, ncl, Machinegun, Zilkenberg, maaRaa.<\/li>\n<\/ul>\n<h3><a id=\"livestream\"><\/a><img loading=\"lazy\" decoding=\"async\" src=\"https:\/\/www.esports-betting.pro\/app\/uploads\/sites\/2\/CSGO-Icon-30.jpg\" alt=\"CSGO Icon\" width=\"30\" height=\"30\" \/> Livestream f\u00fcr das Intel Extreme Masters 2017 in CS:GO<\/h3>\n<p>Die deutsche \u00dcbertragung wird einmal mehr 99Damage \u00fcbernehmen.<\/p>\n<p><strong>Deutscher CS:GO Livestream:<br \/>\n<\/strong><\/p>\n<p><strong>Englischer CS:GO Livestream:<\/strong><\/p>\n","protected":false},"excerpt":{"rendered":"<p>Mit dem Intel Extreme Masters Season XII in Oakland erwartet uns Mitte November ein sehr spannedes CS:GO Turnier. Veranstaltet von der Esport Division von Intel, werden 12 Teams daran teilnehmen. Darunter sind so nahmhafte CS:GO Teams wie Astralis, FaZe Clan und G2 Esports. Uns erwartet also ein Feuerwerk von CS:GO, bei dem jeder Spieler sein &hellip; <a href=\"https:\/\/www.esports-betting.pro\/de\/csgo\/iem-oakland-2017\/\">Continued<\/a><\/p>\n","protected":false},"author":24,"featured_media":0,"parent":2164,"menu_order":0,"comment_status":"closed","ping_status":"closed","template":"","meta":{"_acf_changed":false,"footnotes":""},"acf":[],"yoast_head":"<!-- This site is optimized with the Yoast SEO plugin v22.6 - https:\/\/yoast.com\/wordpress\/plugins\/seo\/ -->\n<title>CS:GO IEM Oakland 2017 - Turnier\u00fcbersicht, Wetten &amp; Quoten<\/title>\n<meta name=\"description\" content=\"Das IEM Oakland 2017 ist ein CS:GO Turnier das Mitte November stattfindet, erfahre mehr \u00fcber die Teams, Wetten mit Quoten und Livestream hier.\" \/>\n<meta name=\"robots\" content=\"index, follow, max-snippet:-1, max-image-preview:large, max-video-preview:-1\" \/>\n<link rel=\"canonical\" href=\"https:\/\/www.esports-betting.pro\/de\/csgo\/iem-oakland-2017\/\" \/>\n<meta property=\"og:locale\" content=\"de_DE\" \/>\n<meta property=\"og:type\" content=\"article\" \/>\n<meta property=\"og:title\" content=\"CS:GO IEM Oakland 2017 - Turnier\u00fcbersicht, Wetten &amp; Quoten\" \/>\n<meta property=\"og:description\" content=\"Das IEM Oakland 2017 ist ein CS:GO Turnier das Mitte November stattfindet, erfahre mehr \u00fcber die Teams, Wetten mit Quoten und Livestream hier.\" \/>\n<meta property=\"og:url\" content=\"https:\/\/www.esports-betting.pro\/de\/csgo\/iem-oakland-2017\/\" \/>\n<meta property=\"og:site_name\" content=\"Esports Betting - DE\" \/>\n<meta property=\"og:image\" content=\"https:\/\/www.esports-betting.pro\/app\/uploads\/sites\/2\/iem-oakland-2017-logo.jpg\" \/>\n<meta name=\"twitter:card\" content=\"summary_large_image\" \/>\n<meta name=\"twitter:label1\" content=\"Est. reading time\" \/>\n\t<meta name=\"twitter:data1\" content=\"2 Minuten\" \/>\n<script type=\"application\/ld+json\" class=\"yoast-schema-graph\">{\"@context\":\"https:\/\/schema.org\",\"@graph\":[{\"@type\":\"WebPage\",\"@id\":\"https:\/\/www.esports-betting.pro\/de\/csgo\/iem-oakland-2017\/\",\"url\":\"https:\/\/www.esports-betting.pro\/de\/csgo\/iem-oakland-2017\/\",\"name\":\"CS:GO IEM Oakland 2017 - Turnier\u00fcbersicht, Wetten & Quoten\",\"isPartOf\":{\"@id\":\"https:\/\/www.esports-betting.pro\/de\/#website\"},\"primaryImageOfPage\":{\"@id\":\"https:\/\/www.esports-betting.pro\/de\/csgo\/iem-oakland-2017\/#primaryimage\"},\"image\":{\"@id\":\"https:\/\/www.esports-betting.pro\/de\/csgo\/iem-oakland-2017\/#primaryimage\"},\"thumbnailUrl\":\"https:\/\/www.esports-betting.pro\/app\/uploads\/sites\/2\/CSGO-Icon-30.jpg\",\"datePublished\":\"2017-10-21T08:52:30+00:00\",\"dateModified\":\"2017-10-21T08:52:30+00:00\",\"description\":\"Das IEM Oakland 2017 ist ein CS:GO Turnier das Mitte November stattfindet, erfahre mehr \u00fcber die Teams, Wetten mit Quoten und Livestream hier.\",\"breadcrumb\":{\"@id\":\"https:\/\/www.esports-betting.pro\/de\/csgo\/iem-oakland-2017\/#breadcrumb\"},\"inLanguage\":\"de-DE\",\"potentialAction\":[{\"@type\":\"ReadAction\",\"target\":[\"https:\/\/www.esports-betting.pro\/de\/csgo\/iem-oakland-2017\/\"]}]},{\"@type\":\"ImageObject\",\"inLanguage\":\"de-DE\",\"@id\":\"https:\/\/www.esports-betting.pro\/de\/csgo\/iem-oakland-2017\/#primaryimage\",\"url\":\"https:\/\/www.esports-betting.pro\/app\/uploads\/sites\/2\/CSGO-Icon-30.jpg\",\"contentUrl\":\"https:\/\/www.esports-betting.pro\/app\/uploads\/sites\/2\/CSGO-Icon-30.jpg\"},{\"@type\":\"BreadcrumbList\",\"@id\":\"https:\/\/www.esports-betting.pro\/de\/csgo\/iem-oakland-2017\/#breadcrumb\",\"itemListElement\":[{\"@type\":\"ListItem\",\"position\":1,\"name\":\"Home\",\"item\":\"https:\/\/www.esports-betting.pro\/de\/\"},{\"@type\":\"ListItem\",\"position\":2,\"name\":\"CS:GO Wetten und Wettanbieter \u00dcbersicht\",\"item\":\"https:\/\/www.esports-betting.pro\/de\/csgo\/\"},{\"@type\":\"ListItem\",\"position\":3,\"name\":\"CS:GO IEM Oakland 2017 &#8211; \u00dcbersicht\"}]},{\"@type\":\"WebSite\",\"@id\":\"https:\/\/www.esports-betting.pro\/de\/#website\",\"url\":\"https:\/\/www.esports-betting.pro\/de\/\",\"name\":\"Esports Betting - DE\",\"description\":\"Just another Esports Betting Sites site\",\"potentialAction\":[{\"@type\":\"SearchAction\",\"target\":{\"@type\":\"EntryPoint\",\"urlTemplate\":\"https:\/\/www.esports-betting.pro\/de\/?s={search_term_string}\"},\"query-input\":\"required name=search_term_string\"}],\"inLanguage\":\"de-DE\"}]}<\/script>\n<!-- \/ Yoast SEO plugin. -->","yoast_head_json":{"title":"CS:GO IEM Oakland 2017 - Turnier\u00fcbersicht, Wetten & Quoten","description":"Das IEM Oakland 2017 ist ein CS:GO Turnier das Mitte November stattfindet, erfahre mehr \u00fcber die Teams, Wetten mit Quoten und Livestream hier.","robots":{"index":"index","follow":"follow","max-snippet":"max-snippet:-1","max-image-preview":"max-image-preview:large","max-video-preview":"max-video-preview:-1"},"canonical":"https:\/\/www.esports-betting.pro\/de\/csgo\/iem-oakland-2017\/","og_locale":"de_DE","og_type":"article","og_title":"CS:GO IEM Oakland 2017 - Turnier\u00fcbersicht, Wetten & Quoten","og_description":"Das IEM Oakland 2017 ist ein CS:GO Turnier das Mitte November stattfindet, erfahre mehr \u00fcber die Teams, Wetten mit Quoten und Livestream hier.","og_url":"https:\/\/www.esports-betting.pro\/de\/csgo\/iem-oakland-2017\/","og_site_name":"Esports Betting - DE","og_image":[{"url":"https:\/\/www.esports-betting.pro\/app\/uploads\/sites\/2\/iem-oakland-2017-logo.jpg"}],"twitter_card":"summary_large_image","twitter_misc":{"Est. reading time":"2 Minuten"},"schema":{"@context":"https:\/\/schema.org","@graph":[{"@type":"WebPage","@id":"https:\/\/www.esports-betting.pro\/de\/csgo\/iem-oakland-2017\/","url":"https:\/\/www.esports-betting.pro\/de\/csgo\/iem-oakland-2017\/","name":"CS:GO IEM Oakland 2017 - Turnier\u00fcbersicht, Wetten & Quoten","isPartOf":{"@id":"https:\/\/www.esports-betting.pro\/de\/#website"},"primaryImageOfPage":{"@id":"https:\/\/www.esports-betting.pro\/de\/csgo\/iem-oakland-2017\/#primaryimage"},"image":{"@id":"https:\/\/www.esports-betting.pro\/de\/csgo\/iem-oakland-2017\/#primaryimage"},"thumbnailUrl":"https:\/\/www.esports-betting.pro\/app\/uploads\/sites\/2\/CSGO-Icon-30.jpg","datePublished":"2017-10-21T08:52:30+00:00","dateModified":"2017-10-21T08:52:30+00:00","description":"Das IEM Oakland 2017 ist ein CS:GO Turnier das Mitte November stattfindet, erfahre mehr \u00fcber die Teams, Wetten mit Quoten und Livestream hier.","breadcrumb":{"@id":"https:\/\/www.esports-betting.pro\/de\/csgo\/iem-oakland-2017\/#breadcrumb"},"inLanguage":"de-DE","potentialAction":[{"@type":"ReadAction","target":["https:\/\/www.esports-betting.pro\/de\/csgo\/iem-oakland-2017\/"]}]},{"@type":"ImageObject","inLanguage":"de-DE","@id":"https:\/\/www.esports-betting.pro\/de\/csgo\/iem-oakland-2017\/#primaryimage","url":"https:\/\/www.esports-betting.pro\/app\/uploads\/sites\/2\/CSGO-Icon-30.jpg","contentUrl":"https:\/\/www.esports-betting.pro\/app\/uploads\/sites\/2\/CSGO-Icon-30.jpg"},{"@type":"BreadcrumbList","@id":"https:\/\/www.esports-betting.pro\/de\/csgo\/iem-oakland-2017\/#breadcrumb","itemListElement":[{"@type":"ListItem","position":1,"name":"Home","item":"https:\/\/www.esports-betting.pro\/de\/"},{"@type":"ListItem","position":2,"name":"CS:GO Wetten und Wettanbieter \u00dcbersicht","item":"https:\/\/www.esports-betting.pro\/de\/csgo\/"},{"@type":"ListItem","position":3,"name":"CS:GO IEM Oakland 2017 &#8211; \u00dcbersicht"}]},{"@type":"WebSite","@id":"https:\/\/www.esports-betting.pro\/de\/#website","url":"https:\/\/www.esports-betting.pro\/de\/","name":"Esports Betting - DE","description":"Just another Esports Betting Sites site","potentialAction":[{"@type":"SearchAction","target":{"@type":"EntryPoint","urlTemplate":"https:\/\/www.esports-betting.pro\/de\/?s={search_term_string}"},"query-input":"required name=search_term_string"}],"inLanguage":"de-DE"}]}},"_links":{"self":[{"href":"https:\/\/www.esports-betting.pro\/de\/wp-json\/wp\/v2\/pages\/22965"}],"collection":[{"href":"https:\/\/www.esports-betting.pro\/de\/wp-json\/wp\/v2\/pages"}],"about":[{"href":"https:\/\/www.esports-betting.pro\/de\/wp-json\/wp\/v2\/types\/page"}],"author":[{"embeddable":true,"href":"https:\/\/www.esports-betting.pro\/de\/wp-json\/wp\/v2\/users\/24"}],"replies":[{"embeddable":true,"href":"https:\/\/www.esports-betting.pro\/de\/wp-json\/wp\/v2\/comments?post=22965"}],"version-history":[{"count":0,"href":"https:\/\/www.esports-betting.pro\/de\/wp-json\/wp\/v2\/pages\/22965\/revisions"}],"up":[{"embeddable":true,"href":"https:\/\/www.esports-betting.pro\/de\/wp-json\/wp\/v2\/pages\/2164"}],"wp:attachment":[{"href":"https:\/\/www.esports-betting.pro\/de\/wp-json\/wp\/v2\/media?parent=22965"}],"curies":[{"name":"wp","href":"https:\/\/api.w.org\/{rel}","templated":true}]}}