{"id":22940,"date":"2017-10-14T11:11:29","date_gmt":"2017-10-14T11:11:29","guid":{"rendered":"https:\/\/www.esports-betting.pro\/de\/?page_id=22940"},"modified":"2017-10-14T11:11:29","modified_gmt":"2017-10-14T11:11:29","slug":"world-of-warcraft","status":"publish","type":"page","link":"https:\/\/www.esports-betting.pro\/de\/world-of-warcraft\/","title":{"rendered":"World of Warcraft &#8211; WoW &#8211; Wetten, Quoten und Wettanbieter Infos 2026"},"content":{"rendered":"<p style=\"text-align: justify\"><img loading=\"lazy\" decoding=\"async\" class=\"alignright size-full wp-image-29989\" src=\"https:\/\/www.esports-betting.pro\/app\/uploads\/sites\/2\/WoW-Logo-e1544373617382.png\" alt=\"WoW Logo\" width=\"350\" height=\"160\" \/><br \/>\nWoW hat eine ganze Generation gepr\u00e4gt. Jeder kennt das Spiel und hat es entweder selber gespielt oder davon schon viel in den Medien mitbekommen. Doch wie steht es 2018\/2019 um World of Warcraft <strong><a href=\"https:\/\/www.esports-betting.pro\/de\/\">eSport Wetten<\/a><\/strong>? Nat\u00fcrlich werden wir uns auf das ultimative Spiel des Genres konzentrieren, das es in die Massen brachte und der Welt zeigte, wie ein bezahltes gutes MMORPG aussehen muss. Nat\u00fcrlich beziehe ich mich dabei auf World of Warcraft, ein wahnsinnig altes MMORPG aus dem Jahr 2004. Die Welt ist noch \u00e4lter und stammt aus der Warcraft-Serie von 1994.<\/p>\n<p style=\"text-align: justify\">Diese fantastische Welt spielt in der Spielwelt von Azeroth und besteht jeher aus zwei gro\u00dfen Spielergruppen. So muss sich jeder Spieler von Anfang an entscheiden, ob er der Horde oder der Allianz beitreten m\u00f6chte und muss dann auch mit seiner Entscheidung leben. ESport Wetten waren jeher schwierig auf World of Warcraft zu setzen, da man innovative Wettm\u00e4rkte finden musste. Trotzdem haben sich viele Buchmacher Gedanken gemacht und \u00fcber die Jahre haben sich PVE (also Spieler versus Environment) und PVP (Spieler versus Spieler) beiderma\u00dfen etabliert.<\/p>\n<p style=\"text-align: center\">\n<h2>Was ist World of Warcraft?<\/h2>\n<div class=\"title-line\">\n<div class=\"icon\"><\/div>\n<div class=\"fullWidth-line\"><\/div>\n<\/div>\n<p style=\"text-align: justify\">Wie bereits oben erw\u00e4hnt, ist World of Warcraft (oder abgek\u00fcrzt WoW) ein Massively Multiplayer Online Role Playing Game (MMORPG), das im Oktober 2010 seinen H\u00f6hepunkt erreicht hat. Mit 12 Millionen aktiven Abonnenten und \u00fcber 100 Millionen Accounts, die w\u00e4hrend seiner Lebenszeit erstellt wurden, h\u00e4lt WoW derzeit den Guinness Weltrekord als beliebtestes MMORPG. Mit j\u00e4hrlichen Erweiterungen konnte Publisher Blizzard das Spiel aber konstant auf Spielerzahlen um 10 Millionen halten. Neben anderen Titeln, wie Overwatch z\u00e4hlt WoW aber immer noch zu den Zugpferden unter den Spielen.<\/p>\n<figure id=\"attachment_29984\" aria-describedby=\"caption-attachment-29984\" style=\"width: 800px\" class=\"wp-caption aligncenter\"><img loading=\"lazy\" decoding=\"async\" class=\"wp-image-29984 size-full\" src=\"https:\/\/www.esports-betting.pro\/app\/uploads\/sites\/2\/World-of-Warcraft-e1544369519991.jpg\" alt=\"\" width=\"800\" height=\"300\" \/><figcaption id=\"caption-attachment-29984\" class=\"wp-caption-text\">World of Warcraft begeistert Millionen Spieler &#8211; Die Nachtelfen geh\u00f6ren der Allianz Fraktion an (Credits: Blizzard Entertainment)<\/figcaption><\/figure>\n<p style=\"text-align: justify\">Was das Spiel selbst betrifft, so dreht es sich im Grunde um 2 Fraktionen &#8211; Horde und Allianz. Ihr habt es erraten &#8211; Allianz sind die Guten, Horde die B\u00f6sen. So wurde es auf jeden Fall vom Vorl\u00e4ufer Warcraft vorgeschrieben. Jede Fraktion hat mehrere verschiedene Rassen zur Auswahl, jede mit ihren eigenen einzigartigen F\u00e4higkeiten, die sie von anderen unterscheiden. W\u00e4hrend das Grundkonzept zun\u00e4chst simpel erscheinen mag, beinhaltet das Spiel in Wirklichkeit komplexe Mechanismen, die die Spieler an ihre Charaktere binden. Sp\u00e4ter im Spiel entscheiden sich dann die Spieler meist ob sie zusammen &#8220;Radien&#8221;, also in einer gro\u00dfen Gruppe Nicht-Spieler-Charakter besiegen, die nur in einem Schlachtzug gemeinsam bezwungen werden k\u00f6nnen. Andere Spieler entscheiden sich f\u00fcr den Pfad der Krieger und spielen im PVP-Modus (Player versus Player) auf Schlachtfeldern und in der Arena (2v2, 3v3 und 5v5). Dabei Leveln die Charakter immer weiter, anders als bei <a href=\"http:\/\/www.esports-betting.pro\/de\/lol\/\">League of Legends<\/a> oder <a href=\"http:\/\/www.esports-betting.pro\/de\/csgo\/\">Counter Strike: Global Offensive<\/a>, wo die Spieler zwar an Erfahrung zunehmen, aber die Spielcharaktere immer wieder von 0 starten. Damit es auch f\u00fcr World of Warcraft mehr auf das Spielerk\u00f6nnen, als um Ausr\u00fcstungsgegenst\u00e4nde geht, hat Blizzard einen WoW-Turnierserver erstellt, auf dem alle Spieler die selben Vorraussetzungen haben.<\/p>\n<p style=\"text-align: justify\">Auch wenn es so scheint als ob WoW bereits hinter seinem H\u00f6hepunkt der Popularit\u00e4t ist, erlebt die Esport und damit auch die <a href=\"https:\/\/www.esports-betting.pro\/de\">Esport Wetten <\/a>Branche gerade ihren Aufstieg in diesem Spiel. Neue, j\u00fcngere Spieler bevorzugen heutzutage MOBAs und Battle Royale Spiele, w\u00e4hrend die \u00e4lteren Semester bei den bekannten Rollenspielwelten bleiben&#8230; und WoW ist der absolute Champion in dieser Abteilung. Mit diesem gesagt, gibt es einige Turniere und Ligen in WoW, die eine Menge Popularit\u00e4t vor kurzem gewinnen konnten.<\/p>\n<p style=\"text-align: center\">\n<h2>World of Warcraft eSport Wetten Empfehlungen &#8211; Wie wette ich richtig?<\/h2>\n<div class=\"title-line\">\n<div class=\"icon\"><\/div>\n<div class=\"fullWidth-line\"><\/div>\n<\/div>\n<h3><strong>Top 3 Wettanbieter f\u00fcr World of Warcraft 2018\/2019<br \/>\n<\/strong><\/h3>\n<p style=\"text-align: justify\">Es gibt momentan erst wenige <a href=\"https:\/\/www.esports-betting.pro\/de\/buchmacher-wettanbieter\">Esport Wetten Webseiten<\/a>, die WoW als vollwertigen Esport anerkannt haben. Dennoch ist es erstaunlich, dass es bei einem Spiel das bereits \u00fcber 10 Jahre alt noch so viel Interesse gibt, dass \u00fcberhaupt Wetten daf\u00fcr angeboten werden. Es lohnt sich durchaus einen Blick auf die g\u00e4ngigen Wettenseiten zu werfen, oft wird man dort f\u00fcr WoW eSport Wetten f\u00fcndig.<\/p>\n<p style=\"text-align: justify\">Was WoW eSport Wetten und Turniere betrifft, so wirst du \u00fcberrascht sein, dass in den letzten Monaten viele Turniere stattgefunden haben. So gab es beispielsweise eine solide Berichterstattung \u00fcber die letzten Turniere, darunter Mythic Dungeon Invitationals sowie die NA- und Europameisterschaften. Menschen aus der ganzen Welt sahen diese Events live, die viel \u00fcber das Interesse und das Wettpotenzial von WoW aussagen. Damit scheint sich die professionelle WoW-Szene der Konkurrenz nicht zu beugen und wird wahrscheinlich noch Jahre lang florieren.<\/p>\n<p style=\"text-align: center\">\/p><\/p>\n<h3>WoW PVP Wetten &#8211; Spieler gegen Spieler hei\u00dft es in den Arenen von Azeroth<\/h3>\n<p style=\"text-align: justify\">Die PVP-Wetten haben sich mittlerweile fest etabliert. Dabei ist der Arena Modus leicht erkl\u00e4rt. Jedem Spieler steht frei in einer 2er, 3er oder 5er Gruppe auf der Maximalstufe des regul\u00e4ren Spiels an Arenak\u00e4mpfen teilzunehmen. Dabei spielt individuelle Ausr\u00fcstung eine gro\u00dfe Rolle. Nun z\u00e4hlt jedes Spiel Punkte. Teams werden gegen Teams gelost, die ebenfalls eine \u00e4hnliche Wertung (Ranking) haben. Die besten Teams und Spieler werden mit speziellen Titeln am Ende einer Saison ausgezeichnet. Diesen &#8220;Gladiator&#8221; Titel darf man dann die ganze n\u00e4chste Saison tragen.<\/p>\n<h3>WoW Wettm\u00e4rkte &#8211; Was und Wie kann gewettet werden<\/h3>\n<p>F\u00fcr World of Warcraft eSport Wetten werden folgende Wettm\u00e4rkte angeboten:<\/p>\n<ul>\n<li style=\"text-align: justify\">Die Matchsiegerwette: In der auf den gro\u00dfen Turnieren einzelne Partien ausgewertet werden. Hier k\u00f6nnen die gr\u00f6\u00dften Quotenunterschiede gemessen werden, weil jedes Jahr einige \u00dcberraschungskandidaten mit dabei sind.<\/li>\n<li style=\"text-align: justify\">Die Turniersiegerwette: Hier gibt es vereinzelte Wettanbieter, die bereits vor Bekanntgabe der Teams Quoten \u00fcber Matchfavoriten erstellen, welche in einem unwahrscheinlichen Fall gar nicht mehr teilnehmen k\u00f6nnen.<\/li>\n<li style=\"text-align: justify\">Die Region des Siegers: Auch immer wieder eine gern gesehene Wette, in welcher man lediglich den Kontinent des Siegerteams bestimmen muss.<\/li>\n<li style=\"text-align: justify\">Handicap-Wetten: Beziehen sich auf eine Konstellation von Siegen und Niederlagen. Handicap Wetten empfehlen grunds\u00e4tzlich erfahrenen Wettfans, da schon kleine Fehler zum Verlust der Wette f\u00fchren k\u00f6nnten. Aber auf der anderen Seite bringen Handicap Wetten schon mit geringem Einsatz hohe Gewinne, da quasi gleich mit erspieltem Geld die n\u00e4chste Wette platziert wird.<\/li>\n<\/ul>\n<figure id=\"attachment_29987\" aria-describedby=\"caption-attachment-29987\" style=\"width: 800px\" class=\"wp-caption aligncenter\"><img loading=\"lazy\" decoding=\"async\" class=\"size-full wp-image-29987\" src=\"https:\/\/www.esports-betting.pro\/app\/uploads\/sites\/2\/World-of-Warcraft-Theme-e1544373040425.jpg\" alt=\"World of Warcraft Theme\" width=\"800\" height=\"300\" \/><figcaption id=\"caption-attachment-29987\" class=\"wp-caption-text\">World of Warcraft (Credits: Blizzard Entertainment)<\/figcaption><\/figure>\n<h2>World of Warcraft Turniere &#8211; BlizzCon World Championship<\/h2>\n<div class=\"title-line\">\n<div class=\"icon\"><\/div>\n<div class=\"fullWidth-line\"><\/div>\n<\/div>\n<p style=\"text-align: justify\">Wie bereits erw\u00e4hnt hat Blizzard sich, um die Spielererfahrung in den Vordergrund zu r\u00fccken, etwas \u00fcberlegt. ESport Turniere werden auf den professionellen Turnierservern ausgetragen. Auf den Servern stehen den Spielern alle Ausr\u00fcstungsgegenst\u00e4nde, Gegenst\u00e4nde und Verzauberungen zur Verf\u00fcgung. Es ist im w\u00f6rtlichen Sinne das Schlaraffenland f\u00fcr alle eingefleischten World of Warcraft Spieler. Jedes Jahr im 3. Quartal findet dann die BlizzCon in den Vereinigten Staaten von Amerika statt und l\u00e4dt die besten Teams aus allen Regionen ein. Hier wird im drei gegen drei Modus (3v3) gegeneinander gespielt. 8 Teams aus der ganzen Welt spielen um eine halbe Million Dollar Preisgeld auf der Blizzard-Messe BlizzCon. Daher dreht sich in der Welt der eSport Wetten \u00fcber WoW alles um die World Championship. Es gibt einige Qualifikationsturniere, sowie kleinere Nebenturniere mit einigen Regeln. Wir haben mal die wichtigsten Turniere zusammengefasst.<\/p>\n<ul>\n<li>BlizzCon World Championship: Einmal im Jahr treten die besten 8 Teams weltweit auf der Hauseigenen Blizzard Messe gegeneinander im 3v3 an. Es wird um mehrere Hunderttausende Dollar Preisgeld gespielt.<\/li>\n<li>Regionale Qualifikationsturniere: Jeweils zwei Teams stammen dabei aus Europa und den USA<\/li>\n<li>Diverse Nebenturniere, wie das Dreamhack u.\u00e4.<\/li>\n<\/ul>\n<figure id=\"attachment_29986\" aria-describedby=\"caption-attachment-29986\" style=\"width: 800px\" class=\"wp-caption aligncenter\"><img loading=\"lazy\" decoding=\"async\" class=\"size-full wp-image-29986\" src=\"https:\/\/www.esports-betting.pro\/app\/uploads\/sites\/2\/1024px-World_of_Warcraft_Legion_Gamescom_2017_36455139760-e1544371202400.jpg\" alt=\"WoW Gamescom Messe (K\u00f6ln)\" width=\"800\" height=\"534\" \/><figcaption id=\"caption-attachment-29986\" class=\"wp-caption-text\">WoW GamesCom Messe (K\u00f6ln) &#8211; Spieler probieren sich an der neuen Erweiterung<\/figcaption><\/figure>\n<h2>WoW Wetttipps f\u00fcr eure erfolgreiche eSport Wette 2018\/2019<\/h2>\n<div class=\"title-line\">\n<div class=\"icon\"><\/div>\n<div class=\"fullWidth-line\"><\/div>\n<\/div>\n<p style=\"text-align: justify\">Es gibt f\u00fcr die gro\u00dfen Turniere selbstverst\u00e4ndlich Wettquoten in H\u00fclle und F\u00fclle. Sobald die partizipierenden Teams feststehen, pr\u00e4sentieren uns die Analysten bereits die ersten Quoten. Wir empfehlen euch einige Tipps zum Wetten, damit die erste Wette auch zum Erfolg werden kann.<\/p>\n<ul>\n<li style=\"text-align: justify\">Sobald alle teilnehmenden Teams feststehen, sollte der Blick zu den Statistiken gehen. Schaut euch vor Allem die Teamkombinationen an. Welche Klassen haben zusammengespielt, wie ist die Reaktion auf eine ander Kombination. Wie schaut es mit der individuellen Erfahrung eines Spielers aus. M\u00f6glicherweise hat ein Spieler einen Klassenwechsel hinter sich und hat noch gar nicht so viel Erfahrung auf einer aktuell starken Klasse.<\/li>\n<li style=\"text-align: justify\">Alles \u00fcber Vorbereitung: Wie steht es um die individuelle Teamvorbereitung? Oft geben die Teams auf ihren Clanseiten bereits Eindr\u00fccke f\u00fcr ihre Fans. Sind meine Favoriten flei\u00dfig am trainieren oder ist der eine vielleicht auf Hochzeitsreise.<\/li>\n<li style=\"text-align: justify\">Es gibt mittlerweile M\u00f6glichkeiten von Roasterwechseln. Beachtet unbedingt die Spieleraufstellung, denn ein kurzfristiger Wechsel (oft auch mit strategisch sp\u00e4ter Ank\u00fcndigung) kann einen enormen Vorteil bringen. Das w\u00fcrde sich dann auch sehr schnell in den Quoten bemerkbar machen.<\/li>\n<\/ul>\n<p style=\"text-align: center\">\n","protected":false},"excerpt":{"rendered":"<p>WoW hat eine ganze Generation gepr\u00e4gt. Jeder kennt das Spiel und hat es entweder selber gespielt oder davon schon viel in den Medien mitbekommen. Doch wie steht es 2018\/2019 um World of Warcraft eSport Wetten? Nat\u00fcrlich werden wir uns auf das ultimative Spiel des Genres konzentrieren, das es in die Massen brachte und der Welt &hellip; <a href=\"https:\/\/www.esports-betting.pro\/de\/world-of-warcraft\/\">Continued<\/a><\/p>\n","protected":false},"author":24,"featured_media":0,"parent":0,"menu_order":0,"comment_status":"closed","ping_status":"closed","template":"","meta":{"_acf_changed":false,"footnotes":""},"acf":[],"yoast_head":"<!-- This site is optimized with the Yoast SEO plugin v22.6 - https:\/\/yoast.com\/wordpress\/plugins\/seo\/ -->\n<title>World of Warcraft - Wettinformationen und Wettseiten 2026<\/title>\n<meta name=\"description\" content=\"World of Warcraft erfreut sich dauerhaftem Aufschwung im Esport Bereich, erfahre hier mehr \u00fcber die neuen Wetten &amp; Quoten und die Wettseiten.\" \/>\n<meta name=\"robots\" content=\"index, follow, max-snippet:-1, max-image-preview:large, max-video-preview:-1\" \/>\n<link rel=\"canonical\" href=\"https:\/\/www.esports-betting.pro\/de\/world-of-warcraft\/\" \/>\n<meta property=\"og:locale\" content=\"de_DE\" \/>\n<meta property=\"og:type\" content=\"article\" \/>\n<meta property=\"og:title\" content=\"World of Warcraft - Wettinformationen und Wettseiten 2026\" \/>\n<meta property=\"og:description\" content=\"World of Warcraft erfreut sich dauerhaftem Aufschwung im Esport Bereich, erfahre hier mehr \u00fcber die neuen Wetten &amp; Quoten und die Wettseiten.\" \/>\n<meta property=\"og:url\" content=\"https:\/\/www.esports-betting.pro\/de\/world-of-warcraft\/\" \/>\n<meta property=\"og:site_name\" content=\"Esports Betting - DE\" \/>\n<meta property=\"og:image\" content=\"https:\/\/www.esports-betting.pro\/app\/uploads\/sites\/2\/WoW-Logo-e1544373617382.png\" \/>\n<meta name=\"twitter:card\" content=\"summary_large_image\" \/>\n<meta name=\"twitter:label1\" content=\"Est. reading time\" \/>\n\t<meta name=\"twitter:data1\" content=\"7 Minuten\" \/>\n<script type=\"application\/ld+json\" class=\"yoast-schema-graph\">{\"@context\":\"https:\/\/schema.org\",\"@graph\":[{\"@type\":\"WebPage\",\"@id\":\"https:\/\/www.esports-betting.pro\/de\/world-of-warcraft\/\",\"url\":\"https:\/\/www.esports-betting.pro\/de\/world-of-warcraft\/\",\"name\":\"World of Warcraft - Wettinformationen und Wettseiten 2026\",\"isPartOf\":{\"@id\":\"https:\/\/www.esports-betting.pro\/de\/#website\"},\"primaryImageOfPage\":{\"@id\":\"https:\/\/www.esports-betting.pro\/de\/world-of-warcraft\/#primaryimage\"},\"image\":{\"@id\":\"https:\/\/www.esports-betting.pro\/de\/world-of-warcraft\/#primaryimage\"},\"thumbnailUrl\":\"https:\/\/www.esports-betting.pro\/app\/uploads\/sites\/2\/WoW-Logo-e1544373617382.png\",\"datePublished\":\"2017-10-14T11:11:29+00:00\",\"dateModified\":\"2017-10-14T11:11:29+00:00\",\"description\":\"World of Warcraft erfreut sich dauerhaftem Aufschwung im Esport Bereich, erfahre hier mehr \u00fcber die neuen Wetten & Quoten und die Wettseiten.\",\"breadcrumb\":{\"@id\":\"https:\/\/www.esports-betting.pro\/de\/world-of-warcraft\/#breadcrumb\"},\"inLanguage\":\"de-DE\",\"potentialAction\":[{\"@type\":\"ReadAction\",\"target\":[\"https:\/\/www.esports-betting.pro\/de\/world-of-warcraft\/\"]}]},{\"@type\":\"ImageObject\",\"inLanguage\":\"de-DE\",\"@id\":\"https:\/\/www.esports-betting.pro\/de\/world-of-warcraft\/#primaryimage\",\"url\":\"https:\/\/www.esports-betting.pro\/app\/uploads\/sites\/2\/WoW-Logo-e1544373617382.png\",\"contentUrl\":\"https:\/\/www.esports-betting.pro\/app\/uploads\/sites\/2\/WoW-Logo-e1544373617382.png\"},{\"@type\":\"BreadcrumbList\",\"@id\":\"https:\/\/www.esports-betting.pro\/de\/world-of-warcraft\/#breadcrumb\",\"itemListElement\":[{\"@type\":\"ListItem\",\"position\":1,\"name\":\"Home\",\"item\":\"https:\/\/www.esports-betting.pro\/de\/\"},{\"@type\":\"ListItem\",\"position\":2,\"name\":\"World of Warcraft &#8211; WoW &#8211; Wetten, Quoten und Wettanbieter Infos 2022\"}]},{\"@type\":\"WebSite\",\"@id\":\"https:\/\/www.esports-betting.pro\/de\/#website\",\"url\":\"https:\/\/www.esports-betting.pro\/de\/\",\"name\":\"Esports Betting - DE\",\"description\":\"Just another Esports Betting Sites site\",\"potentialAction\":[{\"@type\":\"SearchAction\",\"target\":{\"@type\":\"EntryPoint\",\"urlTemplate\":\"https:\/\/www.esports-betting.pro\/de\/?s={search_term_string}\"},\"query-input\":\"required name=search_term_string\"}],\"inLanguage\":\"de-DE\"}]}<\/script>\n<!-- \/ Yoast SEO plugin. -->","yoast_head_json":{"title":"World of Warcraft - Wettinformationen und Wettseiten 2026","description":"World of Warcraft erfreut sich dauerhaftem Aufschwung im Esport Bereich, erfahre hier mehr \u00fcber die neuen Wetten & Quoten und die Wettseiten.","robots":{"index":"index","follow":"follow","max-snippet":"max-snippet:-1","max-image-preview":"max-image-preview:large","max-video-preview":"max-video-preview:-1"},"canonical":"https:\/\/www.esports-betting.pro\/de\/world-of-warcraft\/","og_locale":"de_DE","og_type":"article","og_title":"World of Warcraft - Wettinformationen und Wettseiten 2026","og_description":"World of Warcraft erfreut sich dauerhaftem Aufschwung im Esport Bereich, erfahre hier mehr \u00fcber die neuen Wetten & Quoten und die Wettseiten.","og_url":"https:\/\/www.esports-betting.pro\/de\/world-of-warcraft\/","og_site_name":"Esports Betting - DE","og_image":[{"url":"https:\/\/www.esports-betting.pro\/app\/uploads\/sites\/2\/WoW-Logo-e1544373617382.png"}],"twitter_card":"summary_large_image","twitter_misc":{"Est. reading time":"7 Minuten"},"schema":{"@context":"https:\/\/schema.org","@graph":[{"@type":"WebPage","@id":"https:\/\/www.esports-betting.pro\/de\/world-of-warcraft\/","url":"https:\/\/www.esports-betting.pro\/de\/world-of-warcraft\/","name":"World of Warcraft - Wettinformationen und Wettseiten 2026","isPartOf":{"@id":"https:\/\/www.esports-betting.pro\/de\/#website"},"primaryImageOfPage":{"@id":"https:\/\/www.esports-betting.pro\/de\/world-of-warcraft\/#primaryimage"},"image":{"@id":"https:\/\/www.esports-betting.pro\/de\/world-of-warcraft\/#primaryimage"},"thumbnailUrl":"https:\/\/www.esports-betting.pro\/app\/uploads\/sites\/2\/WoW-Logo-e1544373617382.png","datePublished":"2017-10-14T11:11:29+00:00","dateModified":"2017-10-14T11:11:29+00:00","description":"World of Warcraft erfreut sich dauerhaftem Aufschwung im Esport Bereich, erfahre hier mehr \u00fcber die neuen Wetten & Quoten und die Wettseiten.","breadcrumb":{"@id":"https:\/\/www.esports-betting.pro\/de\/world-of-warcraft\/#breadcrumb"},"inLanguage":"de-DE","potentialAction":[{"@type":"ReadAction","target":["https:\/\/www.esports-betting.pro\/de\/world-of-warcraft\/"]}]},{"@type":"ImageObject","inLanguage":"de-DE","@id":"https:\/\/www.esports-betting.pro\/de\/world-of-warcraft\/#primaryimage","url":"https:\/\/www.esports-betting.pro\/app\/uploads\/sites\/2\/WoW-Logo-e1544373617382.png","contentUrl":"https:\/\/www.esports-betting.pro\/app\/uploads\/sites\/2\/WoW-Logo-e1544373617382.png"},{"@type":"BreadcrumbList","@id":"https:\/\/www.esports-betting.pro\/de\/world-of-warcraft\/#breadcrumb","itemListElement":[{"@type":"ListItem","position":1,"name":"Home","item":"https:\/\/www.esports-betting.pro\/de\/"},{"@type":"ListItem","position":2,"name":"World of Warcraft &#8211; WoW &#8211; Wetten, Quoten und Wettanbieter Infos 2022"}]},{"@type":"WebSite","@id":"https:\/\/www.esports-betting.pro\/de\/#website","url":"https:\/\/www.esports-betting.pro\/de\/","name":"Esports Betting - DE","description":"Just another Esports Betting Sites site","potentialAction":[{"@type":"SearchAction","target":{"@type":"EntryPoint","urlTemplate":"https:\/\/www.esports-betting.pro\/de\/?s={search_term_string}"},"query-input":"required name=search_term_string"}],"inLanguage":"de-DE"}]}},"_links":{"self":[{"href":"https:\/\/www.esports-betting.pro\/de\/wp-json\/wp\/v2\/pages\/22940"}],"collection":[{"href":"https:\/\/www.esports-betting.pro\/de\/wp-json\/wp\/v2\/pages"}],"about":[{"href":"https:\/\/www.esports-betting.pro\/de\/wp-json\/wp\/v2\/types\/page"}],"author":[{"embeddable":true,"href":"https:\/\/www.esports-betting.pro\/de\/wp-json\/wp\/v2\/users\/24"}],"replies":[{"embeddable":true,"href":"https:\/\/www.esports-betting.pro\/de\/wp-json\/wp\/v2\/comments?post=22940"}],"version-history":[{"count":0,"href":"https:\/\/www.esports-betting.pro\/de\/wp-json\/wp\/v2\/pages\/22940\/revisions"}],"wp:attachment":[{"href":"https:\/\/www.esports-betting.pro\/de\/wp-json\/wp\/v2\/media?parent=22940"}],"curies":[{"name":"wp","href":"https:\/\/api.w.org\/{rel}","templated":true}]}}