{"id":21512,"date":"2017-09-12T20:55:42","date_gmt":"2017-09-12T20:55:42","guid":{"rendered":"https:\/\/www.esports-betting.pro\/de\/?page_id=21512"},"modified":"2024-02-21T08:25:23","modified_gmt":"2024-02-21T08:25:23","slug":"king-of-glory","status":"publish","type":"page","link":"https:\/\/www.esports-betting.pro\/de\/king-of-glory\/","title":{"rendered":"King of Glory &#8211; KoG Wetten, Quoten und Wettanbieter Infos"},"content":{"rendered":"<p><img loading=\"lazy\" decoding=\"async\" class=\"size-full wp-image-21514 alignright\" style=\"text-align: justify;\" src=\"https:\/\/www.esports-betting.pro\/app\/uploads\/sites\/2\/king-of-glory-logo.jpg\" alt=\"king of glory logo\" width=\"300\" height=\"166\" \/><\/p>\n<p style=\"text-align: justify;\">King of Glory (kurz: KoG) ist ein MOBA das \u00fcber dein Smartphone gespielt wird. Ein Laptop oder Stand PC ist dabei nicht notwendig. Das ist nat\u00fcrlich sehr fein, da man jederzeit und praktisch \u00fcberall vom Handy aus spielen kann, solange man mit dem Internet verbunden ist. Generell funktioniert das Spielprinzip \u00e4hnlich wie <a href=\"https:\/\/www.esports-betting.pro\/de\/lol\/\">League of Legends<\/a>, ja sogar die Grafik ist mit dem gro\u00dfen Bruder praktisch zum Verwechseln gleich. Auch nicht verwunderlich, werden doch beide Spiele von der gro\u00dfen chinesischen Firma Tencent vertrieben, die Riot Games in den letzten Jahren \u00fcbernommen hat. Auch nicht weiter verwunderlich ist, dass King of Glory sehr gut in der Community angekommen ist und von einer Vielzahl von Spielern adoptiert wurde. Nun bildet sich eine Esports Gemeinschaft um dieses Spiel.<\/p>\n<p style=\"text-align: justify;\">King of Glory ist dabei ein massiv beliebtes Spiel, das angeblich rund 200 Millionen Spieler auf monatlicher Basis hat. Mit Turnieren wie der laufenden KPL Autumn League ist der Erfolg dieses Spiels als beliebter eSport garantiert&#8230; Und genau so gibt es bereits die ersten <a href=\"https:\/\/www.esports-betting.pro\/de\/\">eSports Wettm\u00f6glichkeiten<\/a> f\u00fcr King of Glory!<\/p>\n<h3 style=\"text-align: justify;\">Die gr\u00f6\u00dften King of Glory Wettanbieter<\/h3>\n<div style=\"height: 130px; text-align: center;\">\n<figure style=\"width: 100px\" class=\"wp-caption alignleft\"><img loading=\"lazy\" decoding=\"async\" style=\"margin-left: 10px; margin-right: 10px;\" src=\"https:\/\/www.esports-betting.pro\/app\/uploads\/sites\/2\/2022\/08\/Betway-Logo-100x30-1.jpg\" alt=\"Logo vom Esport Wettanbieter Betway\" width=\"100\" height=\"31\" \/><figcaption class=\"wp-caption-text\"><br \/><strong><a title=\"Betway Review\" href=\"https:\/\/www.esports-betting.pro\/de\/buchmacher-wettanbieter\/betway-review\/\"><span style=\"font-size: 12px;\">Review<\/span><\/a><\/p>\n<p><a style=\"font-size: 13px; color: #ff0000;\" href=\"https:\/\/www.esports-betting.pro\/de\/buchmacher\/betway\" target=\"_blank\" rel=\"nofollow noopener noreferrer\">aktuelle KoG Wettquoten<\/a><\/strong><\/figcaption><\/figure>\n<\/div>\n<h2><\/h2>\n<h2>King of Glory Wettquoten f\u00fcr die KPL Autumn League<\/h2>\n<p style=\"text-align: justify;\">Zur Zeit dieses Artikels ist <a href=\"https:\/\/www.esports-betting.pro\/de\/buchmacher-wettanbieter\/bet-at-home-review\/\">bet-at-home<\/a> noch die einzige <a href=\"https:\/\/www.esports-betting.pro\/de\/buchmacher-wettanbieter\/\">eSports Wettseite<\/a>, die Wetten und Quoten f\u00fcr die King of Glory KPL Autumn League anbietet. Dort findet man daf\u00fcr aber einiges an unterschiedlichen Wetten. Ich bin mir aber sicher, dass die anderen <a href=\"https:\/\/www.esports-betting.pro\/de\/\">Seiten f\u00fcr Esports Wetten<\/a> nachziehen werden wenn sie sehen, dass die Wetten von bet-at-home gut in der Community ankommen. Es kann sich also nur noch um eine Frage der Zeit handeln bis man auch bei anderen Esports Buchmachern King of Glory Wetten findet.<\/p>\n<h2>Gameplay von King of Glory<\/h2>\n<p style=\"text-align: justify;\"><img loading=\"lazy\" decoding=\"async\" class=\"size-full wp-image-21513 alignleft\" src=\"https:\/\/www.esports-betting.pro\/app\/uploads\/sites\/2\/king-of-glory-gameplay.jpg\" alt=\"king of glory gameplay\" width=\"290\" height=\"163\" \/>Wie bereits erw\u00e4hnt, ist King of Glory ein MOBA-Spiel das ausschlie\u00dflich f\u00fcr Smartphones entwickelt wurde. Es bringt den Nervenkitzel von hoch kompetitiven Matches vom PC direkt auf dein mobiles Ger\u00e4t, so dass du w\u00e4hrend des Spiels den Komfort deines Bettes genie\u00dfen kannst. Mit vielen Helden und intuitiven Touchscreen Steuerelementen wurde es zu einem Volltreffer. Statistiken besagen, dass das Spiel 80 Millionen w\u00f6chentliche und rund 200 Millionen Nutzer im Monat hat, dennoch sind solche Statistiken schwer zu \u00fcberpr\u00fcfen. Das Spiel \u00e4hnelt League of Legends sehr stark und hat eine \u00e4hnlichen Pr\u00e4sentation und Helden, obwohl es keine direkten Kopien gibt, die gegen das Urheberrecht versto\u00dfen k\u00f6nnten. Alles in allem ist King of Glory ein ausgezeichneter Zeitvertreib. Au\u00dferdem ist es v\u00f6llig kostenlos (unterst\u00fctzt aber auch In-Game Transaktionen) und ist definitiv einen Blick wert, vor allem wenn du dich f\u00fcr MOBA-Spiele interessierst.<\/p>\n<p style=\"text-align: justify;\"><strong>Mehr Spiele f\u00fcr <a href=\"https:\/\/www.esports-betting.pro\/de\/\">Esports Wetten<\/a>:<\/strong><\/p>\n<p style=\"text-align: left;\"><a title=\"League of Legends Wetten\" href=\"https:\/\/www.esports-betting.pro\/de\/lol\/\"> <img decoding=\"async\" style=\"margin-bottom: 5px;\" src=\"https:\/\/www.esports-betting.pro\/app\/uploads\/sites\/2\/League-of-Legends-Icon.jpg\" alt=\"League of Legends (LoL)\" \/><\/a>\u00a0\u00a0<a title=\"Dota 2 Wetten\" href=\"https:\/\/www.esports-betting.pro\/de\/dota2\/\"> <img decoding=\"async\" style=\"margin-bottom: 5px;\" src=\"https:\/\/www.esports-betting.pro\/app\/uploads\/sites\/2\/Dota-2-Icon.jpg\" alt=\"Dota 2\" \/><\/a>\u00a0\u00a0<a title=\"CS:GO Wetten\" href=\"https:\/\/www.esports-betting.pro\/de\/csgo\/\"> <img decoding=\"async\" style=\"margin-bottom: 5px;\" src=\"https:\/\/www.esports-betting.pro\/app\/uploads\/sites\/2\/CSGO-Icon.jpg\" alt=\"CSGO\" \/><\/a>\u00a0\u00a0<a title=\"Starcraft 2 Wetten\" href=\"https:\/\/www.esports-betting.pro\/de\/starcraft-2\/\"> <img decoding=\"async\" style=\"margin-bottom: 5px;\" src=\"https:\/\/www.esports-betting.pro\/app\/uploads\/sites\/2\/Starcraft-2-Icon.jpg\" alt=\"Starcraft 2\" \/><\/a>\u00a0\u00a0<a title=\"Hearthstone Wetten\" href=\"https:\/\/www.esports-betting.pro\/de\/hearthstone-heroes-of-warcraft\/\"> <img decoding=\"async\" style=\"margin-bottom: 5px;\" src=\"https:\/\/www.esports-betting.pro\/app\/uploads\/sites\/2\/Hearthstone-Icon.jpg\" alt=\"Hearthstone\" \/><\/a>\u00a0\u00a0<a title=\"Heroes of the Storm (Hots) Wetten\" href=\"https:\/\/www.esports-betting.pro\/de\/heroes-of-the-storm-hots\/\"> <img decoding=\"async\" style=\"margin-bottom: 5px;\" src=\"https:\/\/www.esports-betting.pro\/app\/uploads\/sites\/2\/Heroes-Of-The-Storm-Icon.jpg\" alt=\"Heroes of the Storm\" \/><\/a>\u00a0\u00a0<a title=\"Smite Wetten\" href=\"https:\/\/www.esports-betting.pro\/de\/smite\/\"> <img decoding=\"async\" style=\"margin-bottom: 5px;\" src=\"https:\/\/www.esports-betting.pro\/app\/uploads\/sites\/2\/Smite-Icon.jpg\" alt=\"Smite\" \/><\/a>\u00a0\u00a0<a title=\"Overwatch Wetten\" href=\"https:\/\/www.esports-betting.pro\/de\/overwatch\/\"> <img decoding=\"async\" style=\"margin-bottom: 5px;\" src=\"https:\/\/www.esports-betting.pro\/app\/uploads\/sites\/2\/Overwatch-Icon.jpg\" alt=\"Overwatch\" \/><\/a>\u00a0\u00a0<a title=\"EA Fifa Wetten\" href=\"https:\/\/www.esports-betting.pro\/de\/fifa\/\"> <img decoding=\"async\" style=\"margin-bottom: 5px;\" src=\"https:\/\/www.esports-betting.pro\/app\/uploads\/sites\/2\/FIFA-17-Icon.jpg\" alt=\"EA Fifa Soccer\" \/><\/a>\u00a0\u00a0<a title=\"Call of Duty (CoD) Wetten\" href=\"https:\/\/www.esports-betting.pro\/de\/call-of-duty\/\"> <img decoding=\"async\" style=\"margin-bottom: 5px;\" src=\"https:\/\/www.esports-betting.pro\/app\/uploads\/sites\/2\/Call-of-Duty-Icon.jpg\" alt=\"Call of Duty (CoD)\" \/>\u00a0\u00a0<\/a> <a title=\"Vainglory Wetten\" href=\"https:\/\/www.esports-betting.pro\/de\/vainglory\/\"> <img decoding=\"async\" style=\"margin-bottom: 5px;\" src=\"https:\/\/www.esports-betting.pro\/app\/uploads\/sites\/2\/vainglory-icon.jpg\" alt=\"Vainglory\" \/>\u00a0\u00a0<\/a> <a title=\"World of Tanks Wetten\" href=\"https:\/\/www.esports-betting.pro\/de\/world-of-tanks-wot\/\"> <img decoding=\"async\" style=\"margin-bottom: 5px;\" src=\"https:\/\/www.esports-betting.pro\/app\/uploads\/sites\/2\/world-of-tanks-icon.jpg\" alt=\"World of Tanks\" \/>\u00a0\u00a0<\/a> <a title=\"Halo 5 Wetten\" href=\"https:\/\/www.esports-betting.pro\/de\/halo\/\"> <img decoding=\"async\" style=\"margin-bottom: 5px;\" src=\"https:\/\/www.esports-betting.pro\/app\/uploads\/sites\/2\/halo-5-icon-1.jpg\" alt=\"Halo 5\" \/>\u00a0\u00a0<\/a>\u00a0\u00a0<a title=\"PUBG Wetten\" href=\"https:\/\/www.esports-betting.pro\/de\/pubg\/\"><img decoding=\"async\" style=\"margin-bottom: 5px;\" src=\"https:\/\/www.esports-betting.pro\/app\/uploads\/sites\/2\/playerunknownsbattlegrounds-icon.jpg\" alt=\"PUBG\" \/>\u00a0\u00a0<\/a> <a title=\"Rocket League Wetten\" href=\"https:\/\/www.esports-betting.pro\/de\/rocket-league\/\"> <img decoding=\"async\" style=\"margin-bottom: 5px;\" src=\"https:\/\/www.esports-betting.pro\/app\/uploads\/sites\/2\/rocket-league-icon.jpg\" alt=\"Rocket League\" \/>\u00a0\u00a0<\/a> <a title=\"Street Fighter 5 Wetten\" href=\"https:\/\/www.esports-betting.pro\/de\/sfv-street-fighter\/\"> <img decoding=\"async\" style=\"margin-bottom: 5px;\" src=\"https:\/\/www.esports-betting.pro\/app\/uploads\/sites\/2\/street-fighter-5-icon.jpg\" alt=\"Street Fighter 5\" \/>\u00a0<\/a> <a title=\"Rainbow Six Siege\" href=\"https:\/\/www.esports-betting.pro\/de\/rainbow-six-siege\/\"> <img decoding=\"async\" style=\"margin-bottom: 5px;\" src=\"https:\/\/www.esports-betting.pro\/app\/uploads\/sites\/2\/rainbow-six-siege-icon.jpg\" alt=\"Rainbow Six Siege\" \/><\/a><\/p>\n","protected":false},"excerpt":{"rendered":"<p>King of Glory (kurz: KoG) ist ein MOBA das \u00fcber dein Smartphone gespielt wird. Ein Laptop oder Stand PC ist dabei nicht notwendig. Das ist nat\u00fcrlich sehr fein, da man jederzeit und praktisch \u00fcberall vom Handy aus spielen kann, solange man mit dem Internet verbunden ist. Generell funktioniert das Spielprinzip \u00e4hnlich wie League of Legends, &hellip; <a href=\"https:\/\/www.esports-betting.pro\/de\/king-of-glory\/\">Continued<\/a><\/p>\n","protected":false},"author":24,"featured_media":0,"parent":0,"menu_order":0,"comment_status":"closed","ping_status":"closed","template":"","meta":{"_acf_changed":false,"footnotes":""},"acf":[],"yoast_head":"<!-- This site is optimized with the Yoast SEO plugin v22.6 - https:\/\/yoast.com\/wordpress\/plugins\/seo\/ -->\n<title>King of Glory Wetten, Quoten und Wettanbieter \u00dcbersicht<\/title>\n<meta name=\"description\" content=\"King of Glory Wettanbieter, Quoten und Wetten auf KoG Matches. Finde die top Wettquoten und Buchmacher f\u00fcr deinen KoG Favoriten.\" \/>\n<meta name=\"robots\" content=\"index, follow, max-snippet:-1, max-image-preview:large, max-video-preview:-1\" \/>\n<link rel=\"canonical\" href=\"https:\/\/www.esports-betting.pro\/de\/king-of-glory\/\" \/>\n<meta property=\"og:locale\" content=\"de_DE\" \/>\n<meta property=\"og:type\" content=\"article\" \/>\n<meta property=\"og:title\" content=\"King of Glory Wetten, Quoten und Wettanbieter \u00dcbersicht\" \/>\n<meta property=\"og:description\" content=\"King of Glory Wettanbieter, Quoten und Wetten auf KoG Matches. Finde die top Wettquoten und Buchmacher f\u00fcr deinen KoG Favoriten.\" \/>\n<meta property=\"og:url\" content=\"https:\/\/www.esports-betting.pro\/de\/king-of-glory\/\" \/>\n<meta property=\"og:site_name\" content=\"Esports Betting - DE\" \/>\n<meta property=\"article:modified_time\" content=\"2024-02-21T08:25:23+00:00\" \/>\n<meta property=\"og:image\" content=\"https:\/\/www.esports-betting.pro\/app\/uploads\/sites\/2\/king-of-glory-logo.jpg\" \/>\n<meta name=\"twitter:card\" content=\"summary_large_image\" \/>\n<meta name=\"twitter:label1\" content=\"Est. reading time\" \/>\n\t<meta name=\"twitter:data1\" content=\"7 Minuten\" \/>\n<script type=\"application\/ld+json\" class=\"yoast-schema-graph\">{\"@context\":\"https:\/\/schema.org\",\"@graph\":[{\"@type\":\"WebPage\",\"@id\":\"https:\/\/www.esports-betting.pro\/de\/king-of-glory\/\",\"url\":\"https:\/\/www.esports-betting.pro\/de\/king-of-glory\/\",\"name\":\"King of Glory Wetten, Quoten und Wettanbieter \u00dcbersicht\",\"isPartOf\":{\"@id\":\"https:\/\/www.esports-betting.pro\/de\/#website\"},\"primaryImageOfPage\":{\"@id\":\"https:\/\/www.esports-betting.pro\/de\/king-of-glory\/#primaryimage\"},\"image\":{\"@id\":\"https:\/\/www.esports-betting.pro\/de\/king-of-glory\/#primaryimage\"},\"thumbnailUrl\":\"https:\/\/www.esports-betting.pro\/app\/uploads\/sites\/2\/king-of-glory-logo.jpg\",\"datePublished\":\"2017-09-12T20:55:42+00:00\",\"dateModified\":\"2024-02-21T08:25:23+00:00\",\"description\":\"King of Glory Wettanbieter, Quoten und Wetten auf KoG Matches. Finde die top Wettquoten und Buchmacher f\u00fcr deinen KoG Favoriten.\",\"breadcrumb\":{\"@id\":\"https:\/\/www.esports-betting.pro\/de\/king-of-glory\/#breadcrumb\"},\"inLanguage\":\"de-DE\",\"potentialAction\":[{\"@type\":\"ReadAction\",\"target\":[\"https:\/\/www.esports-betting.pro\/de\/king-of-glory\/\"]}]},{\"@type\":\"ImageObject\",\"inLanguage\":\"de-DE\",\"@id\":\"https:\/\/www.esports-betting.pro\/de\/king-of-glory\/#primaryimage\",\"url\":\"https:\/\/www.esports-betting.pro\/app\/uploads\/sites\/2\/king-of-glory-logo.jpg\",\"contentUrl\":\"https:\/\/www.esports-betting.pro\/app\/uploads\/sites\/2\/king-of-glory-logo.jpg\"},{\"@type\":\"BreadcrumbList\",\"@id\":\"https:\/\/www.esports-betting.pro\/de\/king-of-glory\/#breadcrumb\",\"itemListElement\":[{\"@type\":\"ListItem\",\"position\":1,\"name\":\"Home\",\"item\":\"https:\/\/www.esports-betting.pro\/de\/\"},{\"@type\":\"ListItem\",\"position\":2,\"name\":\"King of Glory &#8211; KoG Wetten, Quoten und Wettanbieter Infos\"}]},{\"@type\":\"WebSite\",\"@id\":\"https:\/\/www.esports-betting.pro\/de\/#website\",\"url\":\"https:\/\/www.esports-betting.pro\/de\/\",\"name\":\"Esports Betting - DE\",\"description\":\"Just another Esports Betting Sites site\",\"potentialAction\":[{\"@type\":\"SearchAction\",\"target\":{\"@type\":\"EntryPoint\",\"urlTemplate\":\"https:\/\/www.esports-betting.pro\/de\/?s={search_term_string}\"},\"query-input\":\"required name=search_term_string\"}],\"inLanguage\":\"de-DE\"}]}<\/script>\n<!-- \/ Yoast SEO plugin. -->","yoast_head_json":{"title":"King of Glory Wetten, Quoten und Wettanbieter \u00dcbersicht","description":"King of Glory Wettanbieter, Quoten und Wetten auf KoG Matches. Finde die top Wettquoten und Buchmacher f\u00fcr deinen KoG Favoriten.","robots":{"index":"index","follow":"follow","max-snippet":"max-snippet:-1","max-image-preview":"max-image-preview:large","max-video-preview":"max-video-preview:-1"},"canonical":"https:\/\/www.esports-betting.pro\/de\/king-of-glory\/","og_locale":"de_DE","og_type":"article","og_title":"King of Glory Wetten, Quoten und Wettanbieter \u00dcbersicht","og_description":"King of Glory Wettanbieter, Quoten und Wetten auf KoG Matches. Finde die top Wettquoten und Buchmacher f\u00fcr deinen KoG Favoriten.","og_url":"https:\/\/www.esports-betting.pro\/de\/king-of-glory\/","og_site_name":"Esports Betting - DE","article_modified_time":"2024-02-21T08:25:23+00:00","og_image":[{"url":"https:\/\/www.esports-betting.pro\/app\/uploads\/sites\/2\/king-of-glory-logo.jpg"}],"twitter_card":"summary_large_image","twitter_misc":{"Est. reading time":"7 Minuten"},"schema":{"@context":"https:\/\/schema.org","@graph":[{"@type":"WebPage","@id":"https:\/\/www.esports-betting.pro\/de\/king-of-glory\/","url":"https:\/\/www.esports-betting.pro\/de\/king-of-glory\/","name":"King of Glory Wetten, Quoten und Wettanbieter \u00dcbersicht","isPartOf":{"@id":"https:\/\/www.esports-betting.pro\/de\/#website"},"primaryImageOfPage":{"@id":"https:\/\/www.esports-betting.pro\/de\/king-of-glory\/#primaryimage"},"image":{"@id":"https:\/\/www.esports-betting.pro\/de\/king-of-glory\/#primaryimage"},"thumbnailUrl":"https:\/\/www.esports-betting.pro\/app\/uploads\/sites\/2\/king-of-glory-logo.jpg","datePublished":"2017-09-12T20:55:42+00:00","dateModified":"2024-02-21T08:25:23+00:00","description":"King of Glory Wettanbieter, Quoten und Wetten auf KoG Matches. Finde die top Wettquoten und Buchmacher f\u00fcr deinen KoG Favoriten.","breadcrumb":{"@id":"https:\/\/www.esports-betting.pro\/de\/king-of-glory\/#breadcrumb"},"inLanguage":"de-DE","potentialAction":[{"@type":"ReadAction","target":["https:\/\/www.esports-betting.pro\/de\/king-of-glory\/"]}]},{"@type":"ImageObject","inLanguage":"de-DE","@id":"https:\/\/www.esports-betting.pro\/de\/king-of-glory\/#primaryimage","url":"https:\/\/www.esports-betting.pro\/app\/uploads\/sites\/2\/king-of-glory-logo.jpg","contentUrl":"https:\/\/www.esports-betting.pro\/app\/uploads\/sites\/2\/king-of-glory-logo.jpg"},{"@type":"BreadcrumbList","@id":"https:\/\/www.esports-betting.pro\/de\/king-of-glory\/#breadcrumb","itemListElement":[{"@type":"ListItem","position":1,"name":"Home","item":"https:\/\/www.esports-betting.pro\/de\/"},{"@type":"ListItem","position":2,"name":"King of Glory &#8211; KoG Wetten, Quoten und Wettanbieter Infos"}]},{"@type":"WebSite","@id":"https:\/\/www.esports-betting.pro\/de\/#website","url":"https:\/\/www.esports-betting.pro\/de\/","name":"Esports Betting - DE","description":"Just another Esports Betting Sites site","potentialAction":[{"@type":"SearchAction","target":{"@type":"EntryPoint","urlTemplate":"https:\/\/www.esports-betting.pro\/de\/?s={search_term_string}"},"query-input":"required name=search_term_string"}],"inLanguage":"de-DE"}]}},"_links":{"self":[{"href":"https:\/\/www.esports-betting.pro\/de\/wp-json\/wp\/v2\/pages\/21512"}],"collection":[{"href":"https:\/\/www.esports-betting.pro\/de\/wp-json\/wp\/v2\/pages"}],"about":[{"href":"https:\/\/www.esports-betting.pro\/de\/wp-json\/wp\/v2\/types\/page"}],"author":[{"embeddable":true,"href":"https:\/\/www.esports-betting.pro\/de\/wp-json\/wp\/v2\/users\/24"}],"replies":[{"embeddable":true,"href":"https:\/\/www.esports-betting.pro\/de\/wp-json\/wp\/v2\/comments?post=21512"}],"version-history":[{"count":2,"href":"https:\/\/www.esports-betting.pro\/de\/wp-json\/wp\/v2\/pages\/21512\/revisions"}],"predecessor-version":[{"id":52848,"href":"https:\/\/www.esports-betting.pro\/de\/wp-json\/wp\/v2\/pages\/21512\/revisions\/52848"}],"wp:attachment":[{"href":"https:\/\/www.esports-betting.pro\/de\/wp-json\/wp\/v2\/media?parent=21512"}],"curies":[{"name":"wp","href":"https:\/\/api.w.org\/{rel}","templated":true}]}}