{"id":2065,"date":"2014-03-12T17:17:58","date_gmt":"2014-03-12T17:17:58","guid":{"rendered":"https:\/\/www.esports-betting.pro\/de\/?page_id=2065"},"modified":"2014-03-12T17:17:58","modified_gmt":"2014-03-12T17:17:58","slug":"iem-world-championship-2014-katowice","status":"publish","type":"page","link":"https:\/\/www.esports-betting.pro\/de\/iem-world-championship-2014-katowice\/","title":{"rendered":"IEM World Championship 2014, Katowice"},"content":{"rendered":"<p style=\"text-align: justify\"><img loading=\"lazy\" decoding=\"async\" class=\"alignright size-full wp-image-2067\" src=\"https:\/\/www.esports-betting.pro\/app\/uploads\/sites\/2\/Inte-Extreme-Masters-Katowice-2014-Logo.png\" alt=\"Intel Extreme Masters Katowice 2014 Logo\" width=\"172\" height=\"175\" \/>Die Season 8 der Intel Extreme Masters endet im M\u00e4rz 2014 mit der World Championship. Das Finale der IEM Season findet in Katowice, Polen statt. Dies ist das erste Mal das eine Extreme Masters Season nicht in Deutschland beendet wird. Die World Championship startet am Donnerstag, den 13. M\u00e4rz und endet am Sonntag den 16. M\u00e4rz 2014. Gespielt werden 4 Games w\u00e4hrend des Events: League of Legends, Starcraft 2, Hearthstone und das Finale der Counter Strike CS:Go EMS One. Insgesamt werden bei den Turnieren Preisgelder in H\u00f6he von 500,000 $ ausgespielt. F\u00fcr alle Games gibt es eigene Live Streams und nat\u00fcrlich werden von den gro\u00dfen eSport Wettanbietern Wetten und Quoten f\u00fcr alle wichtigen Matches des IEM Finales der Season 8 angeboten.<\/p>\n<p>&gt;&gt;\u00a0<a href=\"https:\/\/www.esports-betting.pro\/de\/lol\/iem-katowice-2016-season-10\/\">Erfahre hier mehr \u00fcber die IEM\u00a0Katowice 2016 &#8211; Season 10<\/a><\/p>\n<h2 style=\"text-align: justify\">IEM Katowice 2014 Facts<\/h2>\n<div style=\"float: right;width: 180px;height: 350px;text-align: center\"><strong>Navigation<\/strong><br \/>\n<a title=\"Livestream\" href=\"#livestream\"><img loading=\"lazy\" decoding=\"async\" class=\"size-full wp-image-831 alignright\" src=\"https:\/\/www.esports-betting.pro\/app\/uploads\/sites\/2\/Button-Live-Stream-LoL-WM.png\" alt=\"IEM Katowice Live stream\" width=\"171\" height=\"46\" \/><\/a><br \/>\n<img loading=\"lazy\" decoding=\"async\" class=\"size-full wp-image-831 alignright\" src=\"https:\/\/www.esports-betting.pro\/app\/uploads\/sites\/2\/button-wettquoten.png\" alt=\"Button mit Link zu Wettquoten\" width=\"171\" height=\"46\" \/><br \/>\n<img loading=\"lazy\" decoding=\"async\" class=\"size-full wp-image-831 alignright\" src=\"https:\/\/www.esports-betting.pro\/app\/uploads\/sites\/2\/button-spezial-wetten.png\" alt=\"Button Link zu Spezial Wetten\" width=\"171\" height=\"46\" \/><\/div>\n<ul style=\"text-align: justify\">\n<li>13.03 \u2013 16.03. 2014<\/li>\n<li>4 Games: <a title=\"Hearthstone Wetten\" href=\"https:\/\/www.esports-betting.pro\/de\/hearthstone-heroes-of-warcraft\/\">Hearthstone<\/a>, <a title=\"Starcraft 2 Wetten\" href=\"https:\/\/www.esports-betting.pro\/de\/starcraft-2\/\">SC2<\/a>, <a title=\"Buchmacher und Wetten f\u00fcr League of Legends \u2013 LoL\" href=\"https:\/\/www.esports-betting.pro\/de\/lol\/\">LoL<\/a> und CS:GO<\/li>\n<li>Gesamt Preisgeld: $ 500.000,-<\/li>\n<li>Live Stream f\u00fcr alle Games verf\u00fcgbar<\/li>\n<li>Wetten und Quoten f\u00fcr alle wichtigen Matches<\/li>\n<\/ul>\n<h2 style=\"text-align: justify\">IEM World Championship 2014 Wetten und Quoten<\/h2>\n<p style=\"text-align: justify\">Wie bereits erw\u00e4hnt werden von eSportsventure, Datbet und Pinnacle Sport Wetten und Quoten f\u00fcr das gro\u00dfe eSport Event angebotenen. Wir haben euch hier einige der Quoten gelistet. Bitte nehmt zur Kenntniss, dass sich die hier dargestellten Quoten mittlerweile ge\u00e4ndert haben k\u00f6nnen. Um die Wetten f\u00fcr die anderen Games zu sehen, besucht die Webseite des jeweiligen Wettanbieters.<\/p>\n<p style=\"text-align: justify\"><strong>Wettquoten League of Legends<\/strong><\/p>\n<p style=\"text-align: center\"><img loading=\"lazy\" decoding=\"async\" class=\"aligncenter size-full wp-image-2068\" src=\"https:\/\/www.esports-betting.pro\/app\/uploads\/sites\/2\/IEM-Katowice-2014-LoL-Spielplan-und-Quoten-esportsventure.png\" alt=\"IEM Katowice 2014 LoL Spielplan und Quoten esportsventure\" width=\"565\" height=\"269\" \/><\/p>\n<p style=\"text-align: left\"><strong>Wettquoten CS:GO<\/strong><\/p>\n<p style=\"text-align: center\"><img loading=\"lazy\" decoding=\"async\" class=\"aligncenter size-full wp-image-2070\" src=\"https:\/\/www.esports-betting.pro\/app\/uploads\/sites\/2\/IEM-Katowice-2014-CS-GO-Counter-Strike-Spielplan-und-Quoten-esportsventure.png\" alt=\"IEM Katowice 2014 CS:GO Counter Strike Spielplan und Quoten esportsventure\" width=\"569\" height=\"458\" \/><\/p>\n<p style=\"text-align: left\"><strong>WettquotenStarcraft 2<\/strong><\/p>\n<p style=\"text-align: left\"><img loading=\"lazy\" decoding=\"async\" class=\"aligncenter size-full wp-image-2074\" src=\"https:\/\/www.esports-betting.pro\/app\/uploads\/sites\/2\/IEM-Katowice-2014-Starcraft-2-Spielplan-und-Quoten-esportsventure.png\" alt=\"IEM Katowice 2014 Starcraft 2 Spielplan und Quoten esportsventure\" width=\"561\" height=\"451\" \/><\/p>\n<p style=\"text-align: center\"><strong>Weitere Wettanbieter f\u00fcr die Games der IEM S8 Finals<\/strong><\/p>\n<h3 style=\"text-align: justify\">LoL bei den IEM 2014 in Katowice<\/h3>\n<p style=\"text-align: justify\">8 der besten League of Legends Teams sind zum Finale der Intel Extreme Masters 2014 geladen. Diese treten in 2 Gruppen zu jeweils 4 Teams um den Aufstieg in die Playoffs an. Folgende Teams sind beim IEM vertreten und spielen um einen Preispool von insgesamt 150.000,- Dollar.<\/p>\n<p style=\"text-align: justify\"><strong>LoL Teams IEM Finale 2014<\/strong><\/p>\n<ul style=\"text-align: justify\">\n<li>Taipei Assassins (Taiwan)<\/li>\n<li>Invictus Gaming (China)<\/li>\n<li>Team WE \u2013 World Elite (China)<\/li>\n<li>Cloud 9 HyperX (US)<\/li>\n<li>Fanitc (Europe)<\/li>\n<li>Millenium (Europe)<\/li>\n<li>Gambit Gaming (Russia)<\/li>\n<li>KT Rolster Bullets(Korea)<\/li>\n<\/ul>\n<h3 style=\"text-align: justify\">CS:GO Counter-Strike EMS One Katowice<\/h3>\n<p style=\"text-align: justify\">Im Rahmen der Intel Extreme Masters findet in Katowice auch das Finale der CS:GO EMS One statt. Gespielt wird um ein Preisgeld von 250.000,- Dollar. F\u00fcr das Finale des Counter-Strike Turniers konnten sich 16 Spieler qualifizieren. Wir haben euch den Spielplan und die Quoten f\u00fcr die ersten Matches hier gelistet. Wir weisen euch darauf hin, dass sich die Quoten in der Zwischenzeit ge\u00e4ndert haben k\u00f6nnen! Keine Garantie!!!<\/p>\n<h3 style=\"text-align: justify\"><a name=\"livestream\"><\/a>IEM Katowice World Championship Livestream<\/h3>\n<p style=\"text-align: justify\">F\u00fcr jedes der Games wir ein eigener Livestream Kanal angeboten. Ihr k\u00f6nnt die Matches entweder gleich hier auf unserer Seite ansehen, oder auf Twitch oder der offiziellen Webseite.<\/p>\n<p style=\"text-align: justify\"><strong>LoL Livestream<\/strong><\/p>\n<p><object><\/object><\/p>\n<p style=\"text-align: justify\"><strong>CS:GO Livestream<\/strong><\/p>\n<p><object><\/object><\/p>\n<p style=\"text-align: justify\"><strong>Starcraft 2 Livestream<\/strong><\/p>\n<p><object><\/object><br \/>\n<strong>Offizielle Webseiten:<\/strong><\/p>\n<p><a href=\"http:\/\/de.intelextrememasters.com\/season8\/world-championship\/\" target=\"_blank\" rel=\"noopener\">http:\/\/de.intelextrememasters.com\/season8\/world-championship\/<\/a><\/p>\n<p><a href=\"http:\/\/csgo-emsone.com\/katowice-2014\/finals\/\" target=\"_blank\" rel=\"noopener\">http:\/\/csgo-emsone.com\/katowice-2014\/finals\/<\/a><\/p>\n<p><a href=\"https:\/\/www.esports-betting.pro\/de\/news\/iem-world-championship-2015\/\">IEM World Championship 2015<\/a><\/p>\n<p><a href=\"https:\/\/www.esports-betting.pro\/de\/lol\/iem-katowice-2016-season-10\/\">IEM Katowice 2016 &#8211; LoL\u00a0<\/a><\/p>\n","protected":false},"excerpt":{"rendered":"<p>Die Season 8 der Intel Extreme Masters endet im M\u00e4rz 2014 mit der World Championship. Das Finale der IEM Season findet in Katowice, Polen statt. Dies ist das erste Mal das eine Extreme Masters Season nicht in Deutschland beendet wird. Die World Championship startet am Donnerstag, den 13. M\u00e4rz und endet am Sonntag den 16. &hellip; <a href=\"https:\/\/www.esports-betting.pro\/de\/iem-world-championship-2014-katowice\/\">Continued<\/a><\/p>\n","protected":false},"author":24,"featured_media":0,"parent":0,"menu_order":0,"comment_status":"closed","ping_status":"closed","template":"","meta":{"_acf_changed":false,"footnotes":""},"acf":[],"yoast_head":"<!-- This site is optimized with the Yoast SEO plugin v22.6 - https:\/\/yoast.com\/wordpress\/plugins\/seo\/ -->\n<title>Intel Extreme Masters Season 8 Finale 2014 Katowice: LoL; CS:GO, SC2<\/title>\n<meta name=\"description\" content=\"Bei den IEM World Championship finden League of Legends, Starcraft 2; Hearthstone und das CS:GO Turnier der EMS One statt. Mehr \u00fcber Spielplan, Wetten,...\" \/>\n<meta name=\"robots\" content=\"index, follow, max-snippet:-1, max-image-preview:large, max-video-preview:-1\" \/>\n<link rel=\"canonical\" href=\"https:\/\/www.esports-betting.pro\/de\/iem-world-championship-2014-katowice\/\" \/>\n<meta property=\"og:locale\" content=\"de_DE\" \/>\n<meta property=\"og:type\" content=\"article\" \/>\n<meta property=\"og:title\" content=\"Intel Extreme Masters Season 8 Finale 2014 Katowice: LoL; CS:GO, SC2\" \/>\n<meta property=\"og:description\" content=\"Bei den IEM World Championship finden League of Legends, Starcraft 2; Hearthstone und das CS:GO Turnier der EMS One statt. Mehr \u00fcber Spielplan, Wetten,...\" \/>\n<meta property=\"og:url\" content=\"https:\/\/www.esports-betting.pro\/de\/iem-world-championship-2014-katowice\/\" \/>\n<meta property=\"og:site_name\" content=\"Esports Betting - DE\" \/>\n<meta property=\"og:image\" content=\"https:\/\/www.esports-betting.pro\/app\/uploads\/sites\/2\/Inte-Extreme-Masters-Katowice-2014-Logo.png\" \/>\n<meta name=\"twitter:card\" content=\"summary_large_image\" \/>\n<meta name=\"twitter:label1\" content=\"Est. reading time\" \/>\n\t<meta name=\"twitter:data1\" content=\"2 Minuten\" \/>\n<script type=\"application\/ld+json\" class=\"yoast-schema-graph\">{\"@context\":\"https:\/\/schema.org\",\"@graph\":[{\"@type\":\"WebPage\",\"@id\":\"https:\/\/www.esports-betting.pro\/de\/iem-world-championship-2014-katowice\/\",\"url\":\"https:\/\/www.esports-betting.pro\/de\/iem-world-championship-2014-katowice\/\",\"name\":\"Intel Extreme Masters Season 8 Finale 2014 Katowice: LoL; CS:GO, SC2\",\"isPartOf\":{\"@id\":\"https:\/\/www.esports-betting.pro\/de\/#website\"},\"primaryImageOfPage\":{\"@id\":\"https:\/\/www.esports-betting.pro\/de\/iem-world-championship-2014-katowice\/#primaryimage\"},\"image\":{\"@id\":\"https:\/\/www.esports-betting.pro\/de\/iem-world-championship-2014-katowice\/#primaryimage\"},\"thumbnailUrl\":\"https:\/\/www.esports-betting.pro\/app\/uploads\/sites\/2\/Inte-Extreme-Masters-Katowice-2014-Logo.png\",\"datePublished\":\"2014-03-12T17:17:58+00:00\",\"dateModified\":\"2014-03-12T17:17:58+00:00\",\"description\":\"Bei den IEM World Championship finden League of Legends, Starcraft 2; Hearthstone und das CS:GO Turnier der EMS One statt. Mehr \u00fcber Spielplan, Wetten,...\",\"breadcrumb\":{\"@id\":\"https:\/\/www.esports-betting.pro\/de\/iem-world-championship-2014-katowice\/#breadcrumb\"},\"inLanguage\":\"de-DE\",\"potentialAction\":[{\"@type\":\"ReadAction\",\"target\":[\"https:\/\/www.esports-betting.pro\/de\/iem-world-championship-2014-katowice\/\"]}]},{\"@type\":\"ImageObject\",\"inLanguage\":\"de-DE\",\"@id\":\"https:\/\/www.esports-betting.pro\/de\/iem-world-championship-2014-katowice\/#primaryimage\",\"url\":\"https:\/\/www.esports-betting.pro\/app\/uploads\/sites\/2\/Inte-Extreme-Masters-Katowice-2014-Logo.png\",\"contentUrl\":\"https:\/\/www.esports-betting.pro\/app\/uploads\/sites\/2\/Inte-Extreme-Masters-Katowice-2014-Logo.png\"},{\"@type\":\"BreadcrumbList\",\"@id\":\"https:\/\/www.esports-betting.pro\/de\/iem-world-championship-2014-katowice\/#breadcrumb\",\"itemListElement\":[{\"@type\":\"ListItem\",\"position\":1,\"name\":\"Home\",\"item\":\"https:\/\/www.esports-betting.pro\/de\/\"},{\"@type\":\"ListItem\",\"position\":2,\"name\":\"IEM World Championship 2014, Katowice\"}]},{\"@type\":\"WebSite\",\"@id\":\"https:\/\/www.esports-betting.pro\/de\/#website\",\"url\":\"https:\/\/www.esports-betting.pro\/de\/\",\"name\":\"Esports Betting - DE\",\"description\":\"Just another Esports Betting Sites site\",\"potentialAction\":[{\"@type\":\"SearchAction\",\"target\":{\"@type\":\"EntryPoint\",\"urlTemplate\":\"https:\/\/www.esports-betting.pro\/de\/?s={search_term_string}\"},\"query-input\":\"required name=search_term_string\"}],\"inLanguage\":\"de-DE\"}]}<\/script>\n<!-- \/ Yoast SEO plugin. -->","yoast_head_json":{"title":"Intel Extreme Masters Season 8 Finale 2014 Katowice: LoL; CS:GO, SC2","description":"Bei den IEM World Championship finden League of Legends, Starcraft 2; Hearthstone und das CS:GO Turnier der EMS One statt. Mehr \u00fcber Spielplan, Wetten,...","robots":{"index":"index","follow":"follow","max-snippet":"max-snippet:-1","max-image-preview":"max-image-preview:large","max-video-preview":"max-video-preview:-1"},"canonical":"https:\/\/www.esports-betting.pro\/de\/iem-world-championship-2014-katowice\/","og_locale":"de_DE","og_type":"article","og_title":"Intel Extreme Masters Season 8 Finale 2014 Katowice: LoL; CS:GO, SC2","og_description":"Bei den IEM World Championship finden League of Legends, Starcraft 2; Hearthstone und das CS:GO Turnier der EMS One statt. Mehr \u00fcber Spielplan, Wetten,...","og_url":"https:\/\/www.esports-betting.pro\/de\/iem-world-championship-2014-katowice\/","og_site_name":"Esports Betting - DE","og_image":[{"url":"https:\/\/www.esports-betting.pro\/app\/uploads\/sites\/2\/Inte-Extreme-Masters-Katowice-2014-Logo.png"}],"twitter_card":"summary_large_image","twitter_misc":{"Est. reading time":"2 Minuten"},"schema":{"@context":"https:\/\/schema.org","@graph":[{"@type":"WebPage","@id":"https:\/\/www.esports-betting.pro\/de\/iem-world-championship-2014-katowice\/","url":"https:\/\/www.esports-betting.pro\/de\/iem-world-championship-2014-katowice\/","name":"Intel Extreme Masters Season 8 Finale 2014 Katowice: LoL; CS:GO, SC2","isPartOf":{"@id":"https:\/\/www.esports-betting.pro\/de\/#website"},"primaryImageOfPage":{"@id":"https:\/\/www.esports-betting.pro\/de\/iem-world-championship-2014-katowice\/#primaryimage"},"image":{"@id":"https:\/\/www.esports-betting.pro\/de\/iem-world-championship-2014-katowice\/#primaryimage"},"thumbnailUrl":"https:\/\/www.esports-betting.pro\/app\/uploads\/sites\/2\/Inte-Extreme-Masters-Katowice-2014-Logo.png","datePublished":"2014-03-12T17:17:58+00:00","dateModified":"2014-03-12T17:17:58+00:00","description":"Bei den IEM World Championship finden League of Legends, Starcraft 2; Hearthstone und das CS:GO Turnier der EMS One statt. Mehr \u00fcber Spielplan, Wetten,...","breadcrumb":{"@id":"https:\/\/www.esports-betting.pro\/de\/iem-world-championship-2014-katowice\/#breadcrumb"},"inLanguage":"de-DE","potentialAction":[{"@type":"ReadAction","target":["https:\/\/www.esports-betting.pro\/de\/iem-world-championship-2014-katowice\/"]}]},{"@type":"ImageObject","inLanguage":"de-DE","@id":"https:\/\/www.esports-betting.pro\/de\/iem-world-championship-2014-katowice\/#primaryimage","url":"https:\/\/www.esports-betting.pro\/app\/uploads\/sites\/2\/Inte-Extreme-Masters-Katowice-2014-Logo.png","contentUrl":"https:\/\/www.esports-betting.pro\/app\/uploads\/sites\/2\/Inte-Extreme-Masters-Katowice-2014-Logo.png"},{"@type":"BreadcrumbList","@id":"https:\/\/www.esports-betting.pro\/de\/iem-world-championship-2014-katowice\/#breadcrumb","itemListElement":[{"@type":"ListItem","position":1,"name":"Home","item":"https:\/\/www.esports-betting.pro\/de\/"},{"@type":"ListItem","position":2,"name":"IEM World Championship 2014, Katowice"}]},{"@type":"WebSite","@id":"https:\/\/www.esports-betting.pro\/de\/#website","url":"https:\/\/www.esports-betting.pro\/de\/","name":"Esports Betting - DE","description":"Just another Esports Betting Sites site","potentialAction":[{"@type":"SearchAction","target":{"@type":"EntryPoint","urlTemplate":"https:\/\/www.esports-betting.pro\/de\/?s={search_term_string}"},"query-input":"required name=search_term_string"}],"inLanguage":"de-DE"}]}},"_links":{"self":[{"href":"https:\/\/www.esports-betting.pro\/de\/wp-json\/wp\/v2\/pages\/2065"}],"collection":[{"href":"https:\/\/www.esports-betting.pro\/de\/wp-json\/wp\/v2\/pages"}],"about":[{"href":"https:\/\/www.esports-betting.pro\/de\/wp-json\/wp\/v2\/types\/page"}],"author":[{"embeddable":true,"href":"https:\/\/www.esports-betting.pro\/de\/wp-json\/wp\/v2\/users\/24"}],"replies":[{"embeddable":true,"href":"https:\/\/www.esports-betting.pro\/de\/wp-json\/wp\/v2\/comments?post=2065"}],"version-history":[{"count":0,"href":"https:\/\/www.esports-betting.pro\/de\/wp-json\/wp\/v2\/pages\/2065\/revisions"}],"wp:attachment":[{"href":"https:\/\/www.esports-betting.pro\/de\/wp-json\/wp\/v2\/media?parent=2065"}],"curies":[{"name":"wp","href":"https:\/\/api.w.org\/{rel}","templated":true}]}}