{"id":19542,"date":"2017-07-31T12:43:46","date_gmt":"2017-07-31T12:43:46","guid":{"rendered":"https:\/\/www.esports-betting.pro\/de\/?page_id=19542"},"modified":"2017-07-31T12:43:46","modified_gmt":"2017-07-31T12:43:46","slug":"pubg","status":"publish","type":"page","link":"https:\/\/www.esports-betting.pro\/de\/pubg\/","title":{"rendered":"PlayerUnknown&#8217;s Battlegrounds &#8211; PUBG Wettanbieter"},"content":{"rendered":"<p style=\"text-align: justify\"><img loading=\"lazy\" decoding=\"async\" class=\"alignright wp-image-19551 size-thumbnail\" src=\"https:\/\/www.esports-betting.pro\/app\/uploads\/sites\/2\/playerunknowns-battlegrounds-logo-150x150.jpg\" alt=\"playerunknowns battlegrounds pubg logo\" width=\"150\" height=\"150\" \/>PlayerUnknown's Battlegrounds ist ein Online-Multiplayer-Battle-Royal-Spiel, das 2017 erschienen ist. In diesem aktionreichen Videospiel landet man als einer von bis zu 100 Spieler auf einer Insel &#8211; ohne Ausr\u00fcstung. Wahlweise kann man auch als kleines Team von 2-4 Spielern antreten. W\u00e4hrend sich die Insel immer weiter verkleinert, muss man sich auf die Suche nach Waffen und anderem Equipment machen und alle anderen Spieler ausschalten, die einem in die Quere kommen. Das Ziel ist es, der letzte lebende Spieler oder das letzte lebende Team zu sein, das sich auf der Insel befindet. Was so wirkt wie eine Videospiel-Adaption von &#8220;Tribute von Panem&#8221; ist der bisher gr\u00f6\u00dfte Hit der sogenannten Battle-Royal Spiele. Designed wurde das Spiel von einer nicht unbekannten Gr\u00f6\u00dfe in der Videospiel-Branche &#8211; Brendan &#8220;PlayerUnknown&#8221; Greene. Bekannt wurde er durch seine Mitarbeit an zahlreichen anderen erfolgreichen Spielen, besonders sein eigener Mod in Arma 2 (&#8220;DayZ: Battle Royale&#8221;) gilt als Gr\u00fcndung des Battle-Royal-Modus.<\/p>\n<p style=\"text-align: justify\">Obwohl PUBG nach einem r\u00fccksichtslosen Gemetzel klingt, ist es durchaus von Vorteil, strategisch vorzugehen. Wenn man zuviel riskiert und sich stets auf dem offenen Schlachtfeld befindet, ist man nichts weiter als eine wandelnde Zielscheibe und wird recht schnell den anderen Spielern zum Opfer fallen. Wenn man sich nur versteckt um zu \u00fcberleben, verpasst man die M\u00f6glichkeit an gute Waffen zu kommen. Durch das Schrumpfen der Karte ist es sowieso unm\u00f6glich, sich bis zum Ende zu verstecken, irgendwann muss man seinen Feinden gegen\u00fcbertreten.<\/p>\n<p style=\"text-align: center\">\n<p style=\"clear: both\">&gt;&gt; <a href=\"https:\/\/www.esports-betting.pro\/de\/buchmacher-wettanbieter\/\">alle eSport Wettanbieter in der \u00dcbersicht<\/a><\/p>\n<h2>Wettangebote und Turniere bei PUBG<\/h2>\n<p style=\"text-align: justify\"><img loading=\"lazy\" decoding=\"async\" class=\"alignright wp-image-19556 size-medium\" src=\"https:\/\/www.esports-betting.pro\/app\/uploads\/sites\/2\/pubg-gameplay-300x218.jpg\" alt=\"playerunknown's battlegrounds pubg gameplay\" width=\"300\" height=\"218\" \/>Obwohl das Spiel noch sehr jung ist, steht bereits das erste Offline-Turnier bevor: Auf\u00a0der Gamescom in K\u00f6ln werden vom 23. bis 26. August 2017 die 80 besten PUBG Spieler in unterschiedlichen Modi beim <em>Gamescom PlayerUnknown's Battlegrounds Invitational<\/em> gegeneinander antreten. Derzeit sind bei unseren renommierten <a href=\"https:\/\/www.esports-betting.pro\/de\/buchmacher-wettanbieter\/\">esport Wettanbietern<\/a> noch keine Quoten verf\u00fcgbar, doch aufgrund der hohen Reichweite des Turniers, darf man spekulieren, dass zumindest bet-at-home Wettquoten anbieten wird. Vorstellbar w\u00e4re zum Beispiel eine Wette auf den Gesamtsieger des Turniers. Mit einem Preisgeld von $350,000 USD kann sich das von ESL veranstaltete Event durchaus sehen lassen &#8211; \u00e4hnliche hohe Belohnungen f\u00fcr das erste Turnier \u00a0eines Newcomer-Spiels gab es nur selten. Nat\u00fcrlich k\u00f6nnt ihr das Event auch online \u00fcber Twitch.tv, Youtube oder Facebook verfolgen. Wenn ihr euch f\u00fcr Wetten auf PUBG interessiert, aber noch keine Erfahrung mit Wettanbietern habt, solltet ihr euch zuerst \u00fcber <a href=\"https:\/\/www.esports-betting.pro\/de\/\">Wetten auf eSport<\/a> im Allgemeinen informieren.<\/p>\n<p style=\"text-align: justify\">Wenn das Gamescom PUBG Invitational bei den Zusehern Interesse erweckt, was durchaus zu erwarten ist, wird es in Zukunft bestimmt \u00f6fter Turniere geben. Wie schnell ein Videospiel von seinem Release bis zu seiner eigenen E-Sport-Liga gelangen kann, wurde erst k\u00fcrzlich beim teambasierten Ego-Shooter <a href=\"https:\/\/www.esports-betting.pro\/de\/overwatch\/\">Overwatch<\/a> deutlich. Eine eigene PUBG-Liga steht derzeit jedoch nicht zur Diskussion.<\/p>\n<p>PUBG Livestream:<\/p>\n<p style=\"text-align: justify\"><strong>Mehr Spiele f\u00fcr<a href=\"https:\/\/www.esports-betting.pro\/de\/\"> Esports Wetten<\/a>:<\/strong><\/p>\n<p style=\"text-align: left\"><a title=\"League of Legends Wetten\" href=\"https:\/\/www.esports-betting.pro\/de\/lol\/\"> <img decoding=\"async\" style=\"margin-bottom: 5px\" src=\"https:\/\/www.esports-betting.pro\/app\/uploads\/sites\/2\/League-of-Legends-Icon.jpg\" alt=\"League of Legends (LoL)\" \/><\/a>\u00a0\u00a0<a title=\"Dota 2 Wetten\" href=\"https:\/\/www.esports-betting.pro\/de\/dota2\/\"> <img decoding=\"async\" style=\"margin-bottom: 5px\" src=\"https:\/\/www.esports-betting.pro\/app\/uploads\/sites\/2\/Dota-2-Icon.jpg\" alt=\"Dota 2\" \/><\/a>\u00a0\u00a0<a title=\"CS:GO Wetten\" href=\"https:\/\/www.esports-betting.pro\/de\/csgo\/\"> <img decoding=\"async\" style=\"margin-bottom: 5px\" src=\"https:\/\/www.esports-betting.pro\/app\/uploads\/sites\/2\/CSGO-Icon.jpg\" alt=\"CSGO\" \/><\/a>\u00a0\u00a0<a title=\"Starcraft 2 Wetten\" href=\"https:\/\/www.esports-betting.pro\/de\/starcraft-2\/\"> <img decoding=\"async\" style=\"margin-bottom: 5px\" src=\"https:\/\/www.esports-betting.pro\/app\/uploads\/sites\/2\/Starcraft-2-Icon.jpg\" alt=\"Starcraft 2\" \/><\/a>\u00a0\u00a0<a title=\"Hearthstone Wetten\" href=\"https:\/\/www.esports-betting.pro\/de\/hearthstone-heroes-of-warcraft\/\"> <img decoding=\"async\" style=\"margin-bottom: 5px\" src=\"https:\/\/www.esports-betting.pro\/app\/uploads\/sites\/2\/Hearthstone-Icon.jpg\" alt=\"Hearthstone\" \/><\/a>\u00a0\u00a0<a title=\"Heroes of the Storm (Hots) Wetten\" href=\"https:\/\/www.esports-betting.pro\/de\/heroes-of-the-storm-hots\/\"> <img decoding=\"async\" style=\"margin-bottom: 5px\" src=\"https:\/\/www.esports-betting.pro\/app\/uploads\/sites\/2\/Heroes-Of-The-Storm-Icon.jpg\" alt=\"Heroes of the Storm\" \/><\/a>\u00a0\u00a0<a title=\"Smite Wetten\" href=\"https:\/\/www.esports-betting.pro\/de\/smite\/\"> <img decoding=\"async\" style=\"margin-bottom: 5px\" src=\"https:\/\/www.esports-betting.pro\/app\/uploads\/sites\/2\/Smite-Icon.jpg\" alt=\"Smite\" \/><\/a>\u00a0\u00a0<a title=\"Overwatch Wetten\" href=\"https:\/\/www.esports-betting.pro\/de\/overwatch\/\"> <img decoding=\"async\" style=\"margin-bottom: 5px\" src=\"https:\/\/www.esports-betting.pro\/app\/uploads\/sites\/2\/Overwatch-Icon.jpg\" alt=\"Overwatch\" \/><\/a>\u00a0\u00a0<a title=\"EA Fifa Wetten\" href=\"https:\/\/www.esports-betting.pro\/de\/fifa\/\"> <img decoding=\"async\" style=\"margin-bottom: 5px\" src=\"https:\/\/www.esports-betting.pro\/app\/uploads\/sites\/2\/FIFA-17-Icon.jpg\" alt=\"EA Fifa Soccer\" \/><\/a>\u00a0\u00a0<a title=\"Call of Duty (CoD) Wetten\" href=\"https:\/\/www.esports-betting.pro\/de\/call-of-duty\/\"> <img decoding=\"async\" style=\"margin-bottom: 5px\" src=\"https:\/\/www.esports-betting.pro\/app\/uploads\/sites\/2\/Call-of-Duty-Icon.jpg\" alt=\"Call of Duty (CoD)\" \/>\u00a0\u00a0<\/a> <a title=\"Vainglory Wetten\" href=\"https:\/\/www.esports-betting.pro\/de\/vainglory\/\"> <img decoding=\"async\" style=\"margin-bottom: 5px\" src=\"https:\/\/www.esports-betting.pro\/app\/uploads\/sites\/2\/vainglory-icon.jpg\" alt=\"Vainglory\" \/>\u00a0\u00a0<\/a> <a title=\"World of Tanks Wetten\" href=\"https:\/\/www.esports-betting.pro\/de\/world-of-tanks-wot\/\"> <img decoding=\"async\" style=\"margin-bottom: 5px\" src=\"https:\/\/www.esports-betting.pro\/app\/uploads\/sites\/2\/world-of-tanks-icon.jpg\" alt=\"World of Tanks\" \/>\u00a0\u00a0<\/a> <a title=\"Halo 5 Wetten\" href=\"https:\/\/www.esports-betting.pro\/de\/halo\/\"> <img decoding=\"async\" style=\"margin-bottom: 5px\" src=\"https:\/\/www.esports-betting.pro\/app\/uploads\/sites\/2\/halo-5-icon-1.jpg\" alt=\"Halo 5\" \/>\u00a0\u00a0<\/a> <a title=\"King of Glory Wetten\" href=\"https:\/\/www.esports-betting.pro\/de\/king-of-glory\/\"> <img decoding=\"async\" style=\"margin-bottom: 5px\" src=\"https:\/\/www.esports-betting.pro\/app\/uploads\/sites\/2\/king-of-glory-icon.jpg\" alt=\"King of Glory\" \/>\u00a0\u00a0<\/a> <a title=\"Rocket League Wetten\" href=\"https:\/\/www.esports-betting.pro\/de\/rocket-league\/\"> <img decoding=\"async\" style=\"margin-bottom: 5px\" src=\"https:\/\/www.esports-betting.pro\/app\/uploads\/sites\/2\/rocket-league-icon.jpg\" alt=\"Rocket League\" \/>\u00a0\u00a0<\/a> <a title=\"Street Fighter 5 Wetten\" href=\"https:\/\/www.esports-betting.pro\/de\/sfv-street-fighter\/\"> <img decoding=\"async\" style=\"margin-bottom: 5px\" src=\"https:\/\/www.esports-betting.pro\/app\/uploads\/sites\/2\/street-fighter-5-icon.jpg\" alt=\"Street Fighter 5\" \/>\u00a0<\/a> <a title=\"Rainbow Six Siege\" href=\"https:\/\/www.esports-betting.pro\/de\/rainbow-six-siege\/\"> <img decoding=\"async\" style=\"margin-bottom: 5px\" src=\"https:\/\/www.esports-betting.pro\/app\/uploads\/sites\/2\/rainbow-six-siege-icon.jpg\" alt=\"Rainbow Six Siege\" \/><\/a><\/p>\n","protected":false},"excerpt":{"rendered":"<p>PlayerUnknown&#8217;s Battlegrounds ist ein Online-Multiplayer-Battle-Royal-Spiel, das 2017 erschienen ist. In diesem aktionreichen Videospiel landet man als einer von bis zu 100 Spieler auf einer Insel &#8211; ohne Ausr\u00fcstung. Wahlweise kann man auch als kleines Team von 2-4 Spielern antreten. W\u00e4hrend sich die Insel immer weiter verkleinert, muss man sich auf die Suche nach Waffen und &hellip; <a href=\"https:\/\/www.esports-betting.pro\/de\/pubg\/\">Continued<\/a><\/p>\n","protected":false},"author":24,"featured_media":0,"parent":0,"menu_order":0,"comment_status":"closed","ping_status":"closed","template":"","meta":{"_acf_changed":false,"footnotes":""},"acf":[],"yoast_head":"<!-- This site is optimized with the Yoast SEO plugin v22.6 - https:\/\/yoast.com\/wordpress\/plugins\/seo\/ -->\n<title>PUBG Wetten, Quoten und Wettanbieter - PlayerUnknown&#039;s Battleground<\/title>\n<meta name=\"description\" content=\"Alles \u00fcber PUBG Turniere und Wettquoten. Erfahre mehr \u00fcber das Spiel PlayerUnknown&#039;s Battleground sowie \u00fcber Wettanbieter, Quoten und Wettarten.\" \/>\n<meta name=\"robots\" content=\"index, follow, max-snippet:-1, max-image-preview:large, max-video-preview:-1\" \/>\n<link rel=\"canonical\" href=\"https:\/\/www.esports-betting.pro\/de\/pubg\/\" \/>\n<meta property=\"og:locale\" content=\"de_DE\" \/>\n<meta property=\"og:type\" content=\"article\" \/>\n<meta property=\"og:title\" content=\"PUBG Wetten, Quoten und Wettanbieter - PlayerUnknown&#039;s Battleground\" \/>\n<meta property=\"og:description\" content=\"Alles \u00fcber PUBG Turniere und Wettquoten. Erfahre mehr \u00fcber das Spiel PlayerUnknown&#039;s Battleground sowie \u00fcber Wettanbieter, Quoten und Wettarten.\" \/>\n<meta property=\"og:url\" content=\"https:\/\/www.esports-betting.pro\/de\/pubg\/\" \/>\n<meta property=\"og:site_name\" content=\"Esports Betting - DE\" \/>\n<meta property=\"og:image\" content=\"https:\/\/www.esports-betting.pro\/app\/uploads\/sites\/2\/playerunknowns-battlegrounds-logo-150x150.jpg\" \/>\n<meta name=\"twitter:card\" content=\"summary_large_image\" \/>\n<meta name=\"twitter:label1\" content=\"Est. reading time\" \/>\n\t<meta name=\"twitter:data1\" content=\"2 Minuten\" \/>\n<script type=\"application\/ld+json\" class=\"yoast-schema-graph\">{\"@context\":\"https:\/\/schema.org\",\"@graph\":[{\"@type\":\"WebPage\",\"@id\":\"https:\/\/www.esports-betting.pro\/de\/pubg\/\",\"url\":\"https:\/\/www.esports-betting.pro\/de\/pubg\/\",\"name\":\"PUBG Wetten, Quoten und Wettanbieter - PlayerUnknown's Battleground\",\"isPartOf\":{\"@id\":\"https:\/\/www.esports-betting.pro\/de\/#website\"},\"primaryImageOfPage\":{\"@id\":\"https:\/\/www.esports-betting.pro\/de\/pubg\/#primaryimage\"},\"image\":{\"@id\":\"https:\/\/www.esports-betting.pro\/de\/pubg\/#primaryimage\"},\"thumbnailUrl\":\"https:\/\/www.esports-betting.pro\/app\/uploads\/sites\/2\/playerunknowns-battlegrounds-logo-150x150.jpg\",\"datePublished\":\"2017-07-31T12:43:46+00:00\",\"dateModified\":\"2017-07-31T12:43:46+00:00\",\"description\":\"Alles \u00fcber PUBG Turniere und Wettquoten. Erfahre mehr \u00fcber das Spiel PlayerUnknown's Battleground sowie \u00fcber Wettanbieter, Quoten und Wettarten.\",\"breadcrumb\":{\"@id\":\"https:\/\/www.esports-betting.pro\/de\/pubg\/#breadcrumb\"},\"inLanguage\":\"de-DE\",\"potentialAction\":[{\"@type\":\"ReadAction\",\"target\":[\"https:\/\/www.esports-betting.pro\/de\/pubg\/\"]}]},{\"@type\":\"ImageObject\",\"inLanguage\":\"de-DE\",\"@id\":\"https:\/\/www.esports-betting.pro\/de\/pubg\/#primaryimage\",\"url\":\"https:\/\/www.esports-betting.pro\/app\/uploads\/sites\/2\/playerunknowns-battlegrounds-logo-150x150.jpg\",\"contentUrl\":\"https:\/\/www.esports-betting.pro\/app\/uploads\/sites\/2\/playerunknowns-battlegrounds-logo-150x150.jpg\"},{\"@type\":\"BreadcrumbList\",\"@id\":\"https:\/\/www.esports-betting.pro\/de\/pubg\/#breadcrumb\",\"itemListElement\":[{\"@type\":\"ListItem\",\"position\":1,\"name\":\"Home\",\"item\":\"https:\/\/www.esports-betting.pro\/de\/\"},{\"@type\":\"ListItem\",\"position\":2,\"name\":\"PlayerUnknown&#8217;s Battlegrounds &#8211; PUBG Wettanbieter\"}]},{\"@type\":\"WebSite\",\"@id\":\"https:\/\/www.esports-betting.pro\/de\/#website\",\"url\":\"https:\/\/www.esports-betting.pro\/de\/\",\"name\":\"Esports Betting - DE\",\"description\":\"Just another Esports Betting Sites site\",\"potentialAction\":[{\"@type\":\"SearchAction\",\"target\":{\"@type\":\"EntryPoint\",\"urlTemplate\":\"https:\/\/www.esports-betting.pro\/de\/?s={search_term_string}\"},\"query-input\":\"required name=search_term_string\"}],\"inLanguage\":\"de-DE\"}]}<\/script>\n<!-- \/ Yoast SEO plugin. -->","yoast_head_json":{"title":"PUBG Wetten, Quoten und Wettanbieter - PlayerUnknown's Battleground","description":"Alles \u00fcber PUBG Turniere und Wettquoten. Erfahre mehr \u00fcber das Spiel PlayerUnknown's Battleground sowie \u00fcber Wettanbieter, Quoten und Wettarten.","robots":{"index":"index","follow":"follow","max-snippet":"max-snippet:-1","max-image-preview":"max-image-preview:large","max-video-preview":"max-video-preview:-1"},"canonical":"https:\/\/www.esports-betting.pro\/de\/pubg\/","og_locale":"de_DE","og_type":"article","og_title":"PUBG Wetten, Quoten und Wettanbieter - PlayerUnknown's Battleground","og_description":"Alles \u00fcber PUBG Turniere und Wettquoten. Erfahre mehr \u00fcber das Spiel PlayerUnknown's Battleground sowie \u00fcber Wettanbieter, Quoten und Wettarten.","og_url":"https:\/\/www.esports-betting.pro\/de\/pubg\/","og_site_name":"Esports Betting - DE","og_image":[{"url":"https:\/\/www.esports-betting.pro\/app\/uploads\/sites\/2\/playerunknowns-battlegrounds-logo-150x150.jpg"}],"twitter_card":"summary_large_image","twitter_misc":{"Est. reading time":"2 Minuten"},"schema":{"@context":"https:\/\/schema.org","@graph":[{"@type":"WebPage","@id":"https:\/\/www.esports-betting.pro\/de\/pubg\/","url":"https:\/\/www.esports-betting.pro\/de\/pubg\/","name":"PUBG Wetten, Quoten und Wettanbieter - PlayerUnknown's Battleground","isPartOf":{"@id":"https:\/\/www.esports-betting.pro\/de\/#website"},"primaryImageOfPage":{"@id":"https:\/\/www.esports-betting.pro\/de\/pubg\/#primaryimage"},"image":{"@id":"https:\/\/www.esports-betting.pro\/de\/pubg\/#primaryimage"},"thumbnailUrl":"https:\/\/www.esports-betting.pro\/app\/uploads\/sites\/2\/playerunknowns-battlegrounds-logo-150x150.jpg","datePublished":"2017-07-31T12:43:46+00:00","dateModified":"2017-07-31T12:43:46+00:00","description":"Alles \u00fcber PUBG Turniere und Wettquoten. Erfahre mehr \u00fcber das Spiel PlayerUnknown's Battleground sowie \u00fcber Wettanbieter, Quoten und Wettarten.","breadcrumb":{"@id":"https:\/\/www.esports-betting.pro\/de\/pubg\/#breadcrumb"},"inLanguage":"de-DE","potentialAction":[{"@type":"ReadAction","target":["https:\/\/www.esports-betting.pro\/de\/pubg\/"]}]},{"@type":"ImageObject","inLanguage":"de-DE","@id":"https:\/\/www.esports-betting.pro\/de\/pubg\/#primaryimage","url":"https:\/\/www.esports-betting.pro\/app\/uploads\/sites\/2\/playerunknowns-battlegrounds-logo-150x150.jpg","contentUrl":"https:\/\/www.esports-betting.pro\/app\/uploads\/sites\/2\/playerunknowns-battlegrounds-logo-150x150.jpg"},{"@type":"BreadcrumbList","@id":"https:\/\/www.esports-betting.pro\/de\/pubg\/#breadcrumb","itemListElement":[{"@type":"ListItem","position":1,"name":"Home","item":"https:\/\/www.esports-betting.pro\/de\/"},{"@type":"ListItem","position":2,"name":"PlayerUnknown&#8217;s Battlegrounds &#8211; PUBG Wettanbieter"}]},{"@type":"WebSite","@id":"https:\/\/www.esports-betting.pro\/de\/#website","url":"https:\/\/www.esports-betting.pro\/de\/","name":"Esports Betting - DE","description":"Just another Esports Betting Sites site","potentialAction":[{"@type":"SearchAction","target":{"@type":"EntryPoint","urlTemplate":"https:\/\/www.esports-betting.pro\/de\/?s={search_term_string}"},"query-input":"required name=search_term_string"}],"inLanguage":"de-DE"}]}},"_links":{"self":[{"href":"https:\/\/www.esports-betting.pro\/de\/wp-json\/wp\/v2\/pages\/19542"}],"collection":[{"href":"https:\/\/www.esports-betting.pro\/de\/wp-json\/wp\/v2\/pages"}],"about":[{"href":"https:\/\/www.esports-betting.pro\/de\/wp-json\/wp\/v2\/types\/page"}],"author":[{"embeddable":true,"href":"https:\/\/www.esports-betting.pro\/de\/wp-json\/wp\/v2\/users\/24"}],"replies":[{"embeddable":true,"href":"https:\/\/www.esports-betting.pro\/de\/wp-json\/wp\/v2\/comments?post=19542"}],"version-history":[{"count":0,"href":"https:\/\/www.esports-betting.pro\/de\/wp-json\/wp\/v2\/pages\/19542\/revisions"}],"wp:attachment":[{"href":"https:\/\/www.esports-betting.pro\/de\/wp-json\/wp\/v2\/media?parent=19542"}],"curies":[{"name":"wp","href":"https:\/\/api.w.org\/{rel}","templated":true}]}}