{"id":19016,"date":"2017-07-19T15:38:34","date_gmt":"2017-07-19T15:38:34","guid":{"rendered":"https:\/\/www.esports-betting.pro\/de\/?page_id=19016"},"modified":"2017-07-19T15:38:34","modified_gmt":"2017-07-19T15:38:34","slug":"archiv-turniere","status":"publish","type":"page","link":"https:\/\/www.esports-betting.pro\/de\/csgo\/archiv-turniere\/","title":{"rendered":"Archiv CS:GO Turniere und Meisterschaften"},"content":{"rendered":"<p style=\"text-align: justify\">Im Archiv f\u00fcr vergangene CS:GO Turniere findet ihr alle Events \u00fcber die auf esport-wetten.net innerhalb der letzten Jahre berichtet wurde. Ihr findet hier alles von Spielpl\u00e4nen, Preisgeldern sowie Ergebnissen aller wichtigen Turniere. Wenn du mehr \u00fcber aktuelle Counter-Strike Turniere oder Wett-Informationen erfahren m\u00f6chtest, schau doch mal auf unsere <a href=\"https:\/\/www.esports-betting.pro\/de\/csgo\/\">CS:GO Wetten Seite<\/a> oder click auf den untenstehenden Turnier-Link.<\/p>\n<h2>CS:GO Turnier Archiv 2017<\/h2>\n<ul>\n<li><a href=\"https:\/\/www.esports-betting.pro\/de\/csgo\/epicenter-2017\/\">EPICENTER 2017 CS:GO<\/a><\/li>\n<li><a href=\"https:\/\/www.esports-betting.pro\/de\/csgo\/iem-oakland-2017\/\">CS:GO IEM Oakland 2017<\/a><\/li>\n<li><a href=\"https:\/\/www.esports-betting.pro\/de\/csgo\/eleague-premier-2017\/\">ELEAGUE Premier 2017 CS:GO<\/a><\/li>\n<li><a href=\"https:\/\/www.esports-betting.pro\/de\/csgo\/esl-one-new-york-2017\/\">ESL One New York 2017 CS:GO<\/a><\/li>\n<li><a href=\"https:\/\/www.esports-betting.pro\/de\/csgo\/dreamhack-masters-malmoe-2017\/\">CS:GO DreamHack Malmo 2017<\/a><\/li>\n<li><a href=\"https:\/\/www.esports-betting.pro\/de\/csgo\/dreamhack-montreal-2017\/\">DreamHack Montreal 2017<\/a><\/li>\n<li><a href=\"https:\/\/www.esports-betting.pro\/de\/csgo\/esl-meisterschaft-summer-2017-gamescom\/\">CS:GO\u00a0Gamescom Koln ESL Summer 2017<\/a><\/li>\n<li><a href=\"https:\/\/www.esports-betting.pro\/de\/csgo\/pgl-major-krakow-2017\/\">CS:GO PGL Major\u00a0Krakow 2017<\/a><\/li>\n<li><a href=\"https:\/\/www.esports-betting.pro\/de\/csgo\/esl-one-cologne-2017\/\">ESL One Cologne 2017<\/a><\/li>\n<li><a href=\"https:\/\/www.esports-betting.pro\/de\/csgo\/starladder-i-league-season-3-2017\/\">Starladder i-League StarSeries S3 2017<\/a><\/li>\n<li><a href=\"https:\/\/www.esports-betting.pro\/de\/csgo\/esl-pro-league-season5-2017\/\">CS:GO ESL Pro League S5 2017<\/a><\/li>\n<li><a href=\"https:\/\/www.esports-betting.pro\/de\/csgo\/dreamhack-masters-las-vegas-2017\/\">CS:GO DreamHack Masters Las Vegas 2017<\/a><\/li>\n<li><a href=\"https:\/\/www.esports-betting.pro\/de\/csgo\/iem-season-11-katowice\/\">CS:GO IEM S11 Katowice 2017<\/a><\/li>\n<li><a href=\"https:\/\/www.esports-betting.pro\/de\/csgo\/eleague-major-2017\/\">CS:GO ELEAGUE Major 2017<\/a><\/li>\n<li><a href=\"https:\/\/www.esports-betting.pro\/de\/csgo\/dreamhack-leipzig-2017\/\">CS:GO DreamHack Leipzig 2017<\/a><\/li>\n<\/ul>\n<h2>CS:GO Turnier Archiv 2016<\/h2>\n<ul>\n<li><a href=\"https:\/\/www.esports-betting.pro\/de\/csgo\/wesg-2016-world-electronic-sports-games\/\">WESG 2016 | World Electronic Sports Games 2016<\/a><\/li>\n<li><a href=\"https:\/\/www.esports-betting.pro\/de\/csgo\/ecs-season2-finals-2016\/\">CS:GO Esports Championship Series Season 2 \u2013 ECS 2016<\/a><\/li>\n<li><a href=\"https:\/\/www.esports-betting.pro\/de\/csgo\/dreamhack-winter-2016-turnier\/\">Dreamhack Winter 2016<\/a><\/li>\n<li><a href=\"https:\/\/www.esports-betting.pro\/de\/csgo\/iem-masters-xi-oakland-2016\/\">IEM Oakland Masters 2016<\/a><\/li>\n<li><a href=\"https:\/\/www.esports-betting.pro\/de\/csgo\/ibuypower-masters-2016\/\">iBUYPOWER Masters 2016<\/a><\/li>\n<li><a href=\"https:\/\/www.esports-betting.pro\/de\/csgo\/epicenter-2016\/\">EPICENTER 2016<\/a><\/li>\n<li><a href=\"https:\/\/www.esports-betting.pro\/de\/csgo\/dreamhack-bucharest-zowie-2016\/\">DreamHack Bucharest (Zowie) 2016<\/a><\/li>\n<li><a href=\"https:\/\/www.esports-betting.pro\/de\/csgo\/esl-one-new-york-2017\/\">CS:GO \u2013 ESL ONE: New York 2016<\/a><\/li>\n<li><a href=\"https:\/\/www.esports-betting.pro\/de\/csgo\/eleague-season-2\/\">CS:GO ELEAGUE Season 2 &#8211; 2016<\/a><\/li>\n<li><a href=\"https:\/\/www.esports-betting.pro\/de\/csgo\/esl-pro-league-season-4-finals-2016\/\">CS:GO ESL Pro League Season 4 Finals | Turnier\u00fcbersicht<\/a><\/li>\n<li><a href=\"https:\/\/www.esports-betting.pro\/de\/csgo\/world-championship-2016\/\">CS:GO World Championship 2016<\/a><\/li>\n<li><a href=\"https:\/\/www.esports-betting.pro\/de\/csgo\/eswc-electronic-sports-world-cup-2016\/\">ESWC Electronic Sports World Cup 2016<\/a><\/li>\n<li><a href=\"https:\/\/www.esports-betting.pro\/de\/csgo\/starladder-i-league-starseries-season-2\/\">StarLadder i-League StarSeries Season 2<\/a><\/li>\n<li><a href=\"https:\/\/www.esports-betting.pro\/de\/csgo\/e-league-playoffs-2016\/\">E-League Playoffs 2016 &#8211; Season 1<\/a><\/li>\n<li><a href=\"https:\/\/www.esports-betting.pro\/de\/csgo\/esl-one-koeln-2016\/\">CS:GO ESL ONE K\u00f6ln 2016<\/a><\/li>\n<li><a href=\"https:\/\/www.esports-betting.pro\/de\/csgo\/e-league-season1\/\">E-League Season 1<\/a><\/li>\n<li><a href=\"https:\/\/www.esports-betting.pro\/de\/csgo\/dreamhack-summer-2016\/\">DreamHack Summer 2016<\/a><\/li>\n<li><a href=\"https:\/\/www.esports-betting.pro\/de\/csgo\/esl-pro-league-season-3-finals\/\">CS:GO ESL Pro League Season 3 Finals<\/a><\/li>\n<li><a href=\"https:\/\/www.esports-betting.pro\/de\/csgo\/dreamhack-austin-2016\/\">DreamHack Austin 2016<\/a><\/li>\n<li><a href=\"https:\/\/www.esports-betting.pro\/de\/csgo\/cevo-gfinity-league-season9-finale\/\">CEVO Gfinity Pro League Season 9 LAN Finals<\/a><\/li>\n<li><a href=\"https:\/\/www.esports-betting.pro\/de\/csgo\/dreamhack-masters-malmoe-2016\/\">DreamHack Malm\u00f6 2016<\/a><\/li>\n<li><a href=\"https:\/\/www.esports-betting.pro\/de\/csgo\/mlg-major-columbus-2016\/\">MLG Major Columbus 2016<\/a><\/li>\n<li><a href=\"https:\/\/www.esports-betting.pro\/de\/csgo\/iem-katowice-2016-counter-strike\/\">CS:GO IEM Katowice 2016<\/a><\/li>\n<li><a href=\"https:\/\/www.esports-betting.pro\/de\/csgo\/dreamhack-leipzig-2016\/\">DreamHack Leipzig 2016<\/a><\/li>\n<\/ul>\n<h2>CS:GO Turnier Archiv 2015<\/h2>\n<ul>\n<li><a href=\"https:\/\/www.esports-betting.pro\/de\/csgo\/esl-esea-pro-league-season2-finals\/\">CS:GO ESL ESEA Pro League Season 2 Finals<\/a><\/li>\n<li><a href=\"https:\/\/www.esports-betting.pro\/de\/csgo\/iem-san-jose-2015\/\">CS:GO IEM San Jose 2016<\/a><\/li>\n<\/ul>\n<h2>CS:GO Turnier Archiv 2014<\/h2>\n<ul>\n<li><a href=\"https:\/\/www.esports-betting.pro\/de\/csgo\/caseking-of-the-hill-counter-strike\/\">CS:GO CaseKing of the Hill\u00a0<\/a><\/li>\n<li><a href=\"https:\/\/www.esports-betting.pro\/de\/iem-world-championship-2014-katowice\/\">IEM World Championship 2014 Katowice<\/a><\/li>\n<\/ul>\n","protected":false},"excerpt":{"rendered":"<p>Im Archiv f\u00fcr vergangene CS:GO Turniere findet ihr alle Events \u00fcber die auf esport-wetten.net innerhalb der letzten Jahre berichtet wurde. Ihr findet hier alles von Spielpl\u00e4nen, Preisgeldern sowie Ergebnissen aller wichtigen Turniere. Wenn du mehr \u00fcber aktuelle Counter-Strike Turniere oder Wett-Informationen erfahren m\u00f6chtest, schau doch mal auf unsere CS:GO Wetten Seite oder click auf den &hellip; <a href=\"https:\/\/www.esports-betting.pro\/de\/csgo\/archiv-turniere\/\">Continued<\/a><\/p>\n","protected":false},"author":24,"featured_media":0,"parent":2164,"menu_order":0,"comment_status":"closed","ping_status":"closed","template":"","meta":{"_acf_changed":false,"footnotes":""},"acf":[],"yoast_head":"<!-- This site is optimized with the Yoast SEO plugin v22.6 - https:\/\/yoast.com\/wordpress\/plugins\/seo\/ -->\n<title>Archiv vergangener CS:GO Turniere und Meisterschaften<\/title>\n<meta name=\"description\" content=\"Im Archiv der CS:GO Turniere befinden sich Informationen \u00fcber alle fr\u00fcheren Events. Du findest hier Tabellen, Meisterschaften, etc.\" \/>\n<meta name=\"robots\" content=\"index, follow, max-snippet:-1, max-image-preview:large, max-video-preview:-1\" \/>\n<link rel=\"canonical\" href=\"https:\/\/www.esports-betting.pro\/de\/csgo\/archiv-turniere\/\" \/>\n<meta property=\"og:locale\" content=\"de_DE\" \/>\n<meta property=\"og:type\" content=\"article\" \/>\n<meta property=\"og:title\" content=\"Archiv vergangener CS:GO Turniere und Meisterschaften\" \/>\n<meta property=\"og:description\" content=\"Im Archiv der CS:GO Turniere befinden sich Informationen \u00fcber alle fr\u00fcheren Events. Du findest hier Tabellen, Meisterschaften, etc.\" \/>\n<meta property=\"og:url\" content=\"https:\/\/www.esports-betting.pro\/de\/csgo\/archiv-turniere\/\" \/>\n<meta property=\"og:site_name\" content=\"Esports Betting - DE\" \/>\n<meta name=\"twitter:card\" content=\"summary_large_image\" \/>\n<meta name=\"twitter:label1\" content=\"Est. reading time\" \/>\n\t<meta name=\"twitter:data1\" content=\"1 Minute\" \/>\n<script type=\"application\/ld+json\" class=\"yoast-schema-graph\">{\"@context\":\"https:\/\/schema.org\",\"@graph\":[{\"@type\":\"WebPage\",\"@id\":\"https:\/\/www.esports-betting.pro\/de\/csgo\/archiv-turniere\/\",\"url\":\"https:\/\/www.esports-betting.pro\/de\/csgo\/archiv-turniere\/\",\"name\":\"Archiv vergangener CS:GO Turniere und Meisterschaften\",\"isPartOf\":{\"@id\":\"https:\/\/www.esports-betting.pro\/de\/#website\"},\"datePublished\":\"2017-07-19T15:38:34+00:00\",\"dateModified\":\"2017-07-19T15:38:34+00:00\",\"description\":\"Im Archiv der CS:GO Turniere befinden sich Informationen \u00fcber alle fr\u00fcheren Events. Du findest hier Tabellen, Meisterschaften, etc.\",\"breadcrumb\":{\"@id\":\"https:\/\/www.esports-betting.pro\/de\/csgo\/archiv-turniere\/#breadcrumb\"},\"inLanguage\":\"de-DE\",\"potentialAction\":[{\"@type\":\"ReadAction\",\"target\":[\"https:\/\/www.esports-betting.pro\/de\/csgo\/archiv-turniere\/\"]}]},{\"@type\":\"BreadcrumbList\",\"@id\":\"https:\/\/www.esports-betting.pro\/de\/csgo\/archiv-turniere\/#breadcrumb\",\"itemListElement\":[{\"@type\":\"ListItem\",\"position\":1,\"name\":\"Home\",\"item\":\"https:\/\/www.esports-betting.pro\/de\/\"},{\"@type\":\"ListItem\",\"position\":2,\"name\":\"CS:GO Wetten und Wettanbieter \u00dcbersicht\",\"item\":\"https:\/\/www.esports-betting.pro\/de\/csgo\/\"},{\"@type\":\"ListItem\",\"position\":3,\"name\":\"Archiv CS:GO Turniere und Meisterschaften\"}]},{\"@type\":\"WebSite\",\"@id\":\"https:\/\/www.esports-betting.pro\/de\/#website\",\"url\":\"https:\/\/www.esports-betting.pro\/de\/\",\"name\":\"Esports Betting - DE\",\"description\":\"Just another Esports Betting Sites site\",\"potentialAction\":[{\"@type\":\"SearchAction\",\"target\":{\"@type\":\"EntryPoint\",\"urlTemplate\":\"https:\/\/www.esports-betting.pro\/de\/?s={search_term_string}\"},\"query-input\":\"required name=search_term_string\"}],\"inLanguage\":\"de-DE\"}]}<\/script>\n<!-- \/ Yoast SEO plugin. -->","yoast_head_json":{"title":"Archiv vergangener CS:GO Turniere und Meisterschaften","description":"Im Archiv der CS:GO Turniere befinden sich Informationen \u00fcber alle fr\u00fcheren Events. Du findest hier Tabellen, Meisterschaften, etc.","robots":{"index":"index","follow":"follow","max-snippet":"max-snippet:-1","max-image-preview":"max-image-preview:large","max-video-preview":"max-video-preview:-1"},"canonical":"https:\/\/www.esports-betting.pro\/de\/csgo\/archiv-turniere\/","og_locale":"de_DE","og_type":"article","og_title":"Archiv vergangener CS:GO Turniere und Meisterschaften","og_description":"Im Archiv der CS:GO Turniere befinden sich Informationen \u00fcber alle fr\u00fcheren Events. Du findest hier Tabellen, Meisterschaften, etc.","og_url":"https:\/\/www.esports-betting.pro\/de\/csgo\/archiv-turniere\/","og_site_name":"Esports Betting - DE","twitter_card":"summary_large_image","twitter_misc":{"Est. reading time":"1 Minute"},"schema":{"@context":"https:\/\/schema.org","@graph":[{"@type":"WebPage","@id":"https:\/\/www.esports-betting.pro\/de\/csgo\/archiv-turniere\/","url":"https:\/\/www.esports-betting.pro\/de\/csgo\/archiv-turniere\/","name":"Archiv vergangener CS:GO Turniere und Meisterschaften","isPartOf":{"@id":"https:\/\/www.esports-betting.pro\/de\/#website"},"datePublished":"2017-07-19T15:38:34+00:00","dateModified":"2017-07-19T15:38:34+00:00","description":"Im Archiv der CS:GO Turniere befinden sich Informationen \u00fcber alle fr\u00fcheren Events. Du findest hier Tabellen, Meisterschaften, etc.","breadcrumb":{"@id":"https:\/\/www.esports-betting.pro\/de\/csgo\/archiv-turniere\/#breadcrumb"},"inLanguage":"de-DE","potentialAction":[{"@type":"ReadAction","target":["https:\/\/www.esports-betting.pro\/de\/csgo\/archiv-turniere\/"]}]},{"@type":"BreadcrumbList","@id":"https:\/\/www.esports-betting.pro\/de\/csgo\/archiv-turniere\/#breadcrumb","itemListElement":[{"@type":"ListItem","position":1,"name":"Home","item":"https:\/\/www.esports-betting.pro\/de\/"},{"@type":"ListItem","position":2,"name":"CS:GO Wetten und Wettanbieter \u00dcbersicht","item":"https:\/\/www.esports-betting.pro\/de\/csgo\/"},{"@type":"ListItem","position":3,"name":"Archiv CS:GO Turniere und Meisterschaften"}]},{"@type":"WebSite","@id":"https:\/\/www.esports-betting.pro\/de\/#website","url":"https:\/\/www.esports-betting.pro\/de\/","name":"Esports Betting - DE","description":"Just another Esports Betting Sites site","potentialAction":[{"@type":"SearchAction","target":{"@type":"EntryPoint","urlTemplate":"https:\/\/www.esports-betting.pro\/de\/?s={search_term_string}"},"query-input":"required name=search_term_string"}],"inLanguage":"de-DE"}]}},"_links":{"self":[{"href":"https:\/\/www.esports-betting.pro\/de\/wp-json\/wp\/v2\/pages\/19016"}],"collection":[{"href":"https:\/\/www.esports-betting.pro\/de\/wp-json\/wp\/v2\/pages"}],"about":[{"href":"https:\/\/www.esports-betting.pro\/de\/wp-json\/wp\/v2\/types\/page"}],"author":[{"embeddable":true,"href":"https:\/\/www.esports-betting.pro\/de\/wp-json\/wp\/v2\/users\/24"}],"replies":[{"embeddable":true,"href":"https:\/\/www.esports-betting.pro\/de\/wp-json\/wp\/v2\/comments?post=19016"}],"version-history":[{"count":0,"href":"https:\/\/www.esports-betting.pro\/de\/wp-json\/wp\/v2\/pages\/19016\/revisions"}],"up":[{"embeddable":true,"href":"https:\/\/www.esports-betting.pro\/de\/wp-json\/wp\/v2\/pages\/2164"}],"wp:attachment":[{"href":"https:\/\/www.esports-betting.pro\/de\/wp-json\/wp\/v2\/media?parent=19016"}],"curies":[{"name":"wp","href":"https:\/\/api.w.org\/{rel}","templated":true}]}}