{"id":18983,"date":"2017-07-25T21:24:33","date_gmt":"2017-07-25T21:24:33","guid":{"rendered":"https:\/\/www.esports-betting.pro\/de\/?page_id=18983"},"modified":"2022-08-16T11:14:17","modified_gmt":"2022-08-16T11:14:17","slug":"archiv-league-of-legends-turniere-meisterschaften","status":"publish","type":"page","link":"https:\/\/www.esports-betting.pro\/de\/lol\/archiv-league-of-legends-turniere-meisterschaften\/","title":{"rendered":"Archiv League of Legends Turniere &amp; Meisterschaften"},"content":{"rendered":"<p style=\"text-align: justify;\">Das Archiv f\u00fcr vergangene League of Legends Turniere beinhaltet alle wichtigen Events seit der Gr\u00fcndung von esport-wetten.net. Ihr findet hier Spielpl\u00e4ne, Ergebnisse und Fakten aus den letzten Jahren. Aktuelle Ereignisse findet ihr auf unserer Hauptseite zu <a href=\"https:\/\/www.esports-betting.pro\/de\/lol\/\">Wetten f\u00fcr LoL<\/a>.<\/p>\n<h2>League of Legends Turnier Archiv 2017<\/h2>\n<ul>\n<li><a href=\"https:\/\/www.esports-betting.pro\/de\/lol\/all-star-2017\/\">LoL All-Star 2017<\/a><\/li>\n<li><a href=\"https:\/\/www.esports-betting.pro\/de\/lol\/league-of-legends-weltmeisterschaft-2017-season-7\/\">LoL Weltmeisterschaft 2017<\/a><\/li>\n<li><a href=\"https:\/\/www.esports-betting.pro\/de\/lol\/league-of-legends-championship-lcs\/\">LCS 2017<\/a><\/li>\n<li><a href=\"https:\/\/www.esports-betting.pro\/de\/lol\/lcs-2017-lcs-season-7\/playoffs-summer-split\/\">LCS Summer Split Playoffs 2017<\/a><\/li>\n<li><a href=\"https:\/\/www.esports-betting.pro\/de\/lol\/emf-return-of-legends-2017\/\">Return of the Legends 2017<\/a><\/li>\n<li><a href=\"https:\/\/www.esports-betting.pro\/de\/lol\/rift-rivals-2017\/\">Rift Rivals 2017<\/a><\/li>\n<li><a href=\"https:\/\/www.esports-betting.pro\/de\/lol\/msi-2017-mid-season-invitational\/\">MSI 2017<\/a><\/li>\n<li><a href=\"https:\/\/www.esports-betting.pro\/de\/lol\/lcs-2017-lcs-season-7\/spring-split-playoffs\/\">LCS Spring Split Playoffs 2017<\/a><\/li>\n<li><a href=\"https:\/\/www.esports-betting.pro\/de\/lol\/iem-katowice-2017-leagueoflegends\/\">LoL IEM Katowice 2017<\/a><\/li>\n<\/ul>\n<h2>League of Legends Turnier Archiv 2016<\/h2>\n<ul>\n<li><a href=\"https:\/\/www.esports-betting.pro\/de\/lol\/lcs-2016-lcs-season-6\/\">LCS 2016 &#8211; Season 6<\/a><\/li>\n<li><a href=\"https:\/\/www.esports-betting.pro\/de\/lol\/lcs-2016-lcs-season-6\/playoffs-summer-split\/\">LCS Summer Playoffs 2016<\/a><\/li>\n<li><a href=\"https:\/\/www.esports-betting.pro\/de\/lol\/iem-gyeonggi-2016-season-11\/\">IEM Gyeonggi 2016<\/a><\/li>\n<li><a href=\"https:\/\/www.esports-betting.pro\/de\/lol\/iem-katowice-2016-season-10\/\">IEM Katowice 2016<\/a><\/li>\n<li><a href=\"https:\/\/www.esports-betting.pro\/de\/lol\/iem-oakland-2016-season-11\/\">IEM Oakland 2016<\/a><\/li>\n<li><a href=\"https:\/\/www.esports-betting.pro\/de\/lol\/lcs-2016-lcs-season-6\/playoffs-spring-split\/\">LCS Spring Split Playoffs 2016<\/a><\/li>\n<li><a href=\"https:\/\/www.esports-betting.pro\/de\/lol\/msi-2016-mid-season-invitational\/\">MSI 2016<\/a><\/li>\n<li><a href=\"https:\/\/www.esports-betting.pro\/de\/lol\/league-of-legends-weltmeisterschaft-2016-season-6\/\">League of Legends Weltmeisterschaft 2016<\/a><\/li>\n<li><a href=\"https:\/\/www.esports-betting.pro\/de\/lol\/all-star-2016\/\">LoL All-Star 2016<\/a><\/li>\n<\/ul>\n<h2>League of Legends Turnier Archiv 2015<\/h2>\n<ul>\n<li><a href=\"https:\/\/www.esports-betting.pro\/de\/lol\/all-star-2015\/\">LoL All-Stars 2015<\/a><\/li>\n<li><a href=\"https:\/\/www.esports-betting.pro\/de\/lol\/iem-koeln-2015\/\">IEM K\u00f6ln 2015<\/a><\/li>\n<li><a href=\"https:\/\/www.esports-betting.pro\/de\/lol\/iem-san-jose-2015\/\">IEM San Jose 2015<\/a><\/li>\n<li><a href=\"https:\/\/www.esports-betting.pro\/de\/lol\/league-of-legends-weltmeisterschaft-2015-season-5\/\">LoL Weltmeisterschaft 2015<\/a><\/li>\n<li><a href=\"https:\/\/www.esports-betting.pro\/de\/lol\/lcs-2015-lcs-season-5\/\">LCS 2015 &#8211; Season 5<\/a><\/li>\n<li><a href=\"https:\/\/www.esports-betting.pro\/de\/lol\/lcs-2015-lcs-season-5\/summer-playoffs-2015\/\">LCS Summer Playoffs 2015<\/a><\/li>\n<li><a href=\"https:\/\/www.esports-betting.pro\/de\/lol\/mid-season-invitational-msi\/\">Mid-Season Invitational 2015<\/a><\/li>\n<\/ul>\n<h2>League of Legends Turnier Archiv 2014<\/h2>\n<ul>\n<li><a href=\"https:\/\/www.esports-betting.pro\/de\/lol\/league-of-legends-expansion-tournament\/\">LoL Expansion Tournament<\/a><\/li>\n<li><a href=\"https:\/\/www.esports-betting.pro\/de\/lol\/league-of-legends-weltmeisterschaft-2014-season-4\/\">LoL Weltmeisterschaft 2014<\/a><\/li>\n<li><a href=\"https:\/\/www.esports-betting.pro\/de\/iem-world-championship-2014-katowice\/\">IEM Katowice 2014<\/a><\/li>\n<li><a href=\"https:\/\/www.esports-betting.pro\/de\/lol\/league-of-legends-all-stars-2014\/\">LoL All-Stars 2014<\/a><\/li>\n<li><a href=\"https:\/\/www.esports-betting.pro\/de\/lol\/lcs-season-2014-lol-iv\/\">LCS 2014 &#8211; Season 4<\/a><\/li>\n<\/ul>\n<h2>League of Legends Turnier Archiv 2013<\/h2>\n<ul>\n<li><a href=\"https:\/\/www.esports-betting.pro\/de\/lol\/lcs-season-2014-lol-iv\/\">Battle of the Atlantic 2013<\/a><\/li>\n<li><a href=\"https:\/\/www.esports-betting.pro\/de\/lol\/g_league_2013\/\">G-League 2013<\/a><\/li>\n<li><a href=\"https:\/\/www.esports-betting.pro\/de\/lol\/intel-extreme-masters-iem-viii-koeln-2013\/\">IEM K\u00f6ln 2013<\/a><\/li>\n<li><a href=\"https:\/\/www.esports-betting.pro\/de\/lol\/league-of-legends-weltmeisterschaft-2013\/\">LoL Weltmeisterschaft 2013<\/a><\/li>\n<li><a href=\"https:\/\/www.esports-betting.pro\/de\/lol\/league-of-legends-season-3-lol\/\">LCS 2013 &#8211; Season 3<\/a><\/li>\n<li><a href=\"https:\/\/www.esports-betting.pro\/de\/lol\/garena-premier-league-gpl\/\">Garena Premier League<\/a><\/li>\n<li><a href=\"https:\/\/www.esports-betting.pro\/de\/lol\/ogn-the-champions\/\">OGN The Champions<\/a><\/li>\n<\/ul>\n","protected":false},"excerpt":{"rendered":"<p>Das Archiv f\u00fcr vergangene League of Legends Turniere beinhaltet alle wichtigen Events seit der Gr\u00fcndung von esport-wetten.net. Ihr findet hier Spielpl\u00e4ne, Ergebnisse und Fakten aus den letzten Jahren. Aktuelle Ereignisse findet ihr auf unserer Hauptseite zu Wetten f\u00fcr LoL. League of Legends Turnier Archiv 2017 LoL All-Star 2017 LoL Weltmeisterschaft 2017 LCS 2017 LCS Summer &hellip; <a href=\"https:\/\/www.esports-betting.pro\/de\/lol\/archiv-league-of-legends-turniere-meisterschaften\/\">Continued<\/a><\/p>\n","protected":false},"author":24,"featured_media":0,"parent":86,"menu_order":0,"comment_status":"closed","ping_status":"closed","template":"","meta":{"_acf_changed":false,"footnotes":""},"acf":[],"yoast_head":"<!-- This site is optimized with the Yoast SEO plugin v22.6 - https:\/\/yoast.com\/wordpress\/plugins\/seo\/ -->\n<title>Archiv League of Legends - vergangener Turniere und Meisterschaften<\/title>\n<meta name=\"description\" content=\"Archiv League of Legends: Hier befinden sich Informationen \u00fcber alle fr\u00fcheren Events. Du findest hier Tabellen, Meisterschaften, etc.\" \/>\n<meta name=\"robots\" content=\"index, follow, max-snippet:-1, max-image-preview:large, max-video-preview:-1\" \/>\n<link rel=\"canonical\" href=\"https:\/\/www.esports-betting.pro\/de\/lol\/archiv-league-of-legends-turniere-meisterschaften\/\" \/>\n<meta property=\"og:locale\" content=\"de_DE\" \/>\n<meta property=\"og:type\" content=\"article\" \/>\n<meta property=\"og:title\" content=\"Archiv League of Legends - vergangener Turniere und Meisterschaften\" \/>\n<meta property=\"og:description\" content=\"Archiv League of Legends: Hier befinden sich Informationen \u00fcber alle fr\u00fcheren Events. Du findest hier Tabellen, Meisterschaften, etc.\" \/>\n<meta property=\"og:url\" content=\"https:\/\/www.esports-betting.pro\/de\/lol\/archiv-league-of-legends-turniere-meisterschaften\/\" \/>\n<meta property=\"og:site_name\" content=\"Esports Betting - DE\" \/>\n<meta property=\"article:modified_time\" content=\"2022-08-16T11:14:17+00:00\" \/>\n<meta name=\"twitter:card\" content=\"summary_large_image\" \/>\n<meta name=\"twitter:label1\" content=\"Est. reading time\" \/>\n\t<meta name=\"twitter:data1\" content=\"2 Minuten\" \/>\n<script type=\"application\/ld+json\" class=\"yoast-schema-graph\">{\"@context\":\"https:\/\/schema.org\",\"@graph\":[{\"@type\":\"WebPage\",\"@id\":\"https:\/\/www.esports-betting.pro\/de\/lol\/archiv-league-of-legends-turniere-meisterschaften\/\",\"url\":\"https:\/\/www.esports-betting.pro\/de\/lol\/archiv-league-of-legends-turniere-meisterschaften\/\",\"name\":\"Archiv League of Legends - vergangener Turniere und Meisterschaften\",\"isPartOf\":{\"@id\":\"https:\/\/www.esports-betting.pro\/de\/#website\"},\"datePublished\":\"2017-07-25T21:24:33+00:00\",\"dateModified\":\"2022-08-16T11:14:17+00:00\",\"description\":\"Archiv League of Legends: Hier befinden sich Informationen \u00fcber alle fr\u00fcheren Events. Du findest hier Tabellen, Meisterschaften, etc.\",\"breadcrumb\":{\"@id\":\"https:\/\/www.esports-betting.pro\/de\/lol\/archiv-league-of-legends-turniere-meisterschaften\/#breadcrumb\"},\"inLanguage\":\"de-DE\",\"potentialAction\":[{\"@type\":\"ReadAction\",\"target\":[\"https:\/\/www.esports-betting.pro\/de\/lol\/archiv-league-of-legends-turniere-meisterschaften\/\"]}]},{\"@type\":\"BreadcrumbList\",\"@id\":\"https:\/\/www.esports-betting.pro\/de\/lol\/archiv-league-of-legends-turniere-meisterschaften\/#breadcrumb\",\"itemListElement\":[{\"@type\":\"ListItem\",\"position\":1,\"name\":\"Home\",\"item\":\"https:\/\/www.esports-betting.pro\/de\/\"},{\"@type\":\"ListItem\",\"position\":2,\"name\":\"Tips f\u00fcr League of Legends (LoL) Wetten &#8211; Wie wette ich auf League of Legends (Lol)?\",\"item\":\"https:\/\/www.esports-betting.pro\/de\/lol\/\"},{\"@type\":\"ListItem\",\"position\":3,\"name\":\"Archiv League of Legends Turniere &amp; Meisterschaften\"}]},{\"@type\":\"WebSite\",\"@id\":\"https:\/\/www.esports-betting.pro\/de\/#website\",\"url\":\"https:\/\/www.esports-betting.pro\/de\/\",\"name\":\"Esports Betting - DE\",\"description\":\"Just another Esports Betting Sites site\",\"potentialAction\":[{\"@type\":\"SearchAction\",\"target\":{\"@type\":\"EntryPoint\",\"urlTemplate\":\"https:\/\/www.esports-betting.pro\/de\/?s={search_term_string}\"},\"query-input\":\"required name=search_term_string\"}],\"inLanguage\":\"de-DE\"}]}<\/script>\n<!-- \/ Yoast SEO plugin. -->","yoast_head_json":{"title":"Archiv League of Legends - vergangener Turniere und Meisterschaften","description":"Archiv League of Legends: Hier befinden sich Informationen \u00fcber alle fr\u00fcheren Events. Du findest hier Tabellen, Meisterschaften, etc.","robots":{"index":"index","follow":"follow","max-snippet":"max-snippet:-1","max-image-preview":"max-image-preview:large","max-video-preview":"max-video-preview:-1"},"canonical":"https:\/\/www.esports-betting.pro\/de\/lol\/archiv-league-of-legends-turniere-meisterschaften\/","og_locale":"de_DE","og_type":"article","og_title":"Archiv League of Legends - vergangener Turniere und Meisterschaften","og_description":"Archiv League of Legends: Hier befinden sich Informationen \u00fcber alle fr\u00fcheren Events. Du findest hier Tabellen, Meisterschaften, etc.","og_url":"https:\/\/www.esports-betting.pro\/de\/lol\/archiv-league-of-legends-turniere-meisterschaften\/","og_site_name":"Esports Betting - DE","article_modified_time":"2022-08-16T11:14:17+00:00","twitter_card":"summary_large_image","twitter_misc":{"Est. reading time":"2 Minuten"},"schema":{"@context":"https:\/\/schema.org","@graph":[{"@type":"WebPage","@id":"https:\/\/www.esports-betting.pro\/de\/lol\/archiv-league-of-legends-turniere-meisterschaften\/","url":"https:\/\/www.esports-betting.pro\/de\/lol\/archiv-league-of-legends-turniere-meisterschaften\/","name":"Archiv League of Legends - vergangener Turniere und Meisterschaften","isPartOf":{"@id":"https:\/\/www.esports-betting.pro\/de\/#website"},"datePublished":"2017-07-25T21:24:33+00:00","dateModified":"2022-08-16T11:14:17+00:00","description":"Archiv League of Legends: Hier befinden sich Informationen \u00fcber alle fr\u00fcheren Events. Du findest hier Tabellen, Meisterschaften, etc.","breadcrumb":{"@id":"https:\/\/www.esports-betting.pro\/de\/lol\/archiv-league-of-legends-turniere-meisterschaften\/#breadcrumb"},"inLanguage":"de-DE","potentialAction":[{"@type":"ReadAction","target":["https:\/\/www.esports-betting.pro\/de\/lol\/archiv-league-of-legends-turniere-meisterschaften\/"]}]},{"@type":"BreadcrumbList","@id":"https:\/\/www.esports-betting.pro\/de\/lol\/archiv-league-of-legends-turniere-meisterschaften\/#breadcrumb","itemListElement":[{"@type":"ListItem","position":1,"name":"Home","item":"https:\/\/www.esports-betting.pro\/de\/"},{"@type":"ListItem","position":2,"name":"Tips f\u00fcr League of Legends (LoL) Wetten &#8211; Wie wette ich auf League of Legends (Lol)?","item":"https:\/\/www.esports-betting.pro\/de\/lol\/"},{"@type":"ListItem","position":3,"name":"Archiv League of Legends Turniere &amp; Meisterschaften"}]},{"@type":"WebSite","@id":"https:\/\/www.esports-betting.pro\/de\/#website","url":"https:\/\/www.esports-betting.pro\/de\/","name":"Esports Betting - DE","description":"Just another Esports Betting Sites site","potentialAction":[{"@type":"SearchAction","target":{"@type":"EntryPoint","urlTemplate":"https:\/\/www.esports-betting.pro\/de\/?s={search_term_string}"},"query-input":"required name=search_term_string"}],"inLanguage":"de-DE"}]}},"_links":{"self":[{"href":"https:\/\/www.esports-betting.pro\/de\/wp-json\/wp\/v2\/pages\/18983"}],"collection":[{"href":"https:\/\/www.esports-betting.pro\/de\/wp-json\/wp\/v2\/pages"}],"about":[{"href":"https:\/\/www.esports-betting.pro\/de\/wp-json\/wp\/v2\/types\/page"}],"author":[{"embeddable":true,"href":"https:\/\/www.esports-betting.pro\/de\/wp-json\/wp\/v2\/users\/24"}],"replies":[{"embeddable":true,"href":"https:\/\/www.esports-betting.pro\/de\/wp-json\/wp\/v2\/comments?post=18983"}],"version-history":[{"count":1,"href":"https:\/\/www.esports-betting.pro\/de\/wp-json\/wp\/v2\/pages\/18983\/revisions"}],"predecessor-version":[{"id":51993,"href":"https:\/\/www.esports-betting.pro\/de\/wp-json\/wp\/v2\/pages\/18983\/revisions\/51993"}],"up":[{"embeddable":true,"href":"https:\/\/www.esports-betting.pro\/de\/wp-json\/wp\/v2\/pages\/86"}],"wp:attachment":[{"href":"https:\/\/www.esports-betting.pro\/de\/wp-json\/wp\/v2\/media?parent=18983"}],"curies":[{"name":"wp","href":"https:\/\/api.w.org\/{rel}","templated":true}]}}