{"id":17988,"date":"2017-07-07T12:31:51","date_gmt":"2017-07-07T12:31:51","guid":{"rendered":"https:\/\/www.esports-betting.pro\/de\/?page_id=17988"},"modified":"2024-02-21T08:08:53","modified_gmt":"2024-02-21T08:08:53","slug":"halo","status":"publish","type":"page","link":"https:\/\/www.esports-betting.pro\/de\/halo\/","title":{"rendered":"Halo &#8211; Wetten, Quoten und Wettanbieter Infos"},"content":{"rendered":"<h2 style=\"text-align: justify;\"><img loading=\"lazy\" decoding=\"async\" class=\"alignright\" src=\"https:\/\/www.esports-betting.pro\/app\/uploads\/sites\/2\/halo-5-bild.jpg\" alt=\"halo 5 bild\" width=\"300\" height=\"167\" \/><\/h2>\n<p style=\"text-align: justify;\">Die Halo-Serie gibt es schon lange, doch seit einiger Zeit wird Halo 5 auch Im Esport-Bereich gespielt und somit haben die gro\u00dfen <a href=\"https:\/\/www.esports-betting.pro\/de\/buchmacher-wettanbieter\/\">Esport Wettseiten<\/a> angefangen ihre Wetten und Quoten f\u00fcr Halo online zu stellen. Halo 5, der inzwischen zehnte Teil der Serie, ist Oktober 2015 f\u00fcr die Xbox One erschienen und wurde von 343 Industries entwickelt. Es treten jeweils 4 Spieler in einem Team gegen ein anderes Team auch bestehend aus 4 Spielern. Es gibt unterschiedliche Karten die verschiedenes Layout und Terrain bieten, die Teams m\u00fcssen ihre Strategien jeweils auf die spezifische Karte abstimmen. Das macht es nat\u00fcrlich etwas schwieriger, die richtigen Wetten abzuschlie\u00dfen. Die Karten kann man in drei Kategorien einteilen: Capture the Flag, Strongholds und Slayer. Demzufolge haben sie jeweils unterschiedliche Aufgaben die es auf der Karte zu erledigen gilt, Absch\u00fcsse alleine bringen dem Team kaum Vorteile. Durch die relative kurze Dauer einzelner Karten finden Matches finden im Best-Of-Five bzw. Best-Of-Seven statt. Halo 5 ist somit ein schnellerer Esport im Vergleich zu <a href=\"https:\/\/www.esports-betting.pro\/de\/lol\/\">League of Legends<\/a> oder <a href=\"https:\/\/www.esports-betting.pro\/de\/dota2\/\">Dota 2<\/a>, dort kann eine Karte sehr wohl \u00fcber eine Stunde gehen.<\/p>\n<h2 style=\"text-align: justify;\"><img loading=\"lazy\" decoding=\"async\" src=\"https:\/\/www.esports-betting.pro\/app\/uploads\/sites\/2\/halo-5-icon.jpg\" alt=\"halo 5 icon\" width=\"20\" height=\"20\" \/> Halo 5 Wetten<\/h2>\n<p><strong>Wettanbieter \u00dcbersicht f\u00fcr Halo 5:<\/strong><\/p>\n<div style=\"height: 130px; text-align: center; font-size: 120%;\">\n<figure style=\"width: 100px\" class=\"wp-caption alignleft\"><img loading=\"lazy\" decoding=\"async\" style=\"margin-left: 10px; margin-right: 10px;\" src=\"https:\/\/www.esports-betting.pro\/app\/uploads\/sites\/2\/2022\/08\/Betway-Logo-100x30-1.jpg\" alt=\"Logo vom Esport Wettanbieter Betway\" width=\"100\" height=\"31\" \/><figcaption class=\"wp-caption-text\"><br \/><strong><a title=\"Betway Review\" href=\"https:\/\/www.esports-betting.pro\/de\/buchmacher-wettanbieter\/betway-review\/\">Review<\/a><br \/><span style=\"color: #ff0000;\"><a style=\"color: #ff0000;\" href=\"https:\/\/www.esports-betting.pro\/de\/buchmacher\/betway\" target=\"_blank\" rel=\"nofollow noopener noreferrer\">Halo 5 Quoten ansehen<\/a><\/span><\/strong><\/figcaption><\/figure>\n<\/div>\n<p>&nbsp;<\/p>\n<p style=\"text-align: justify;\">Die Halo Reihe wurde 2001 ins Lebens gerufen mit der Ver\u00f6ffentlichung von Halo auf der Xbox. Ihren gro\u00dfen Erfolg verdankt sie nicht nur dem sehr guten Singleplayer Modus, sondern gerade auch dem Multiplayer Modus der von vielen Fans h\u00e4ufig gespielt wurde. Dieser Multiplayer Modus ausgebaut und als Antwort auf die gro\u00dfe Pr\u00e4senz von Call of Duty als Esport, veranstaltete Microsoft selbst 2016 die Halo World Championship 2016 mit einem gewaltigem Preisgeld von $2,500,000. Dieses Turnier hauchte der Esport Szene von Halo 5 neues Leben ein und so finden seitdem regelm\u00e4\u00dfig gr\u00f6\u00dfere Turniere statt. Auch wenn die Turniere nicht an das Preisgeld der Halo Worlds 2016 herankommen, erfreut sich Halo 5 immer gr\u00f6\u00dferer Beliebtheit. Darauf sind auch die Wettseiten f\u00fcr Esport aufmerksam geworden und haben angefangen ihre Wetten und Quoten f\u00fcr Halo 5 Turniere zu ver\u00f6ffentlichen. Einerseits kann man auf den Gewinner einzelner Matches wetten und nat\u00fcrlich ist auch die Gesamtsieger Wette f\u00fcr Turniere vertreten.<\/p>\n<p style=\"text-align: justify;\">Aus den Quoten lassen sich teils deutliche Favoriten herauslesen, die sich jedoch noch bis Turnierbeginn \u00e4ndern k\u00f6nnen. Deswegen \u00f6fter mal die Wettseite zu checken lohnt sich auf jeden Fall f\u00fcr den Risikoliebenden. Viele unterschiedliche Wetten wie es bei anderen Esport Titeln inzwischen der Fall ist, werden sich wohl erst in den n\u00e4chsten Jahren etablieren wenn die Halo Esport Szene Langlebigkeit und Begeisterungsf\u00e4higkeit bewiesen hat.<\/p>\n<h2><img loading=\"lazy\" decoding=\"async\" src=\"https:\/\/www.esports-betting.pro\/app\/uploads\/sites\/2\/halo-5-icon.jpg\" alt=\"halo 5 icon\" width=\"20\" height=\"20\" \/> Gr\u00f6\u00dftes Turnier<\/h2>\n<p style=\"text-align: justify;\">Die j\u00e4hrlich stattfindenden Halo World Championship Turniere sind die gr\u00f6\u00dften im Halo 5 Esport. Und vorallem das Halo World Championship 2016 brach damals mit einem Preispool von $2,500,000 alle Rekorde. Es war die h\u00f6chste ausgezahlte Summe in der Esport Konsolen Geschichte. Auch die 2017er Ausgabe mit $1,000,000 kann sich sehen lassen. Insgesamt nehmen 16 Teams teil.<\/p>\n<p>&nbsp;<\/p>\n<p style=\"text-align: justify;\"><strong>Mehr Spiele f\u00fcr <a href=\"https:\/\/www.esports-betting.pro\/de\/\">Esports Wetten<\/a>:<\/strong><\/p>\n<p style=\"text-align: left;\"><a title=\"League of Legends Wetten\" href=\"https:\/\/www.esports-betting.pro\/de\/lol\/\"> <img decoding=\"async\" style=\"margin-bottom: 5px;\" src=\"https:\/\/www.esports-betting.pro\/app\/uploads\/sites\/2\/League-of-Legends-Icon.jpg\" alt=\"League of Legends (LoL)\" \/><\/a>\u00a0\u00a0<a title=\"Dota 2 Wetten\" href=\"https:\/\/www.esports-betting.pro\/de\/dota2\/\"> <img decoding=\"async\" style=\"margin-bottom: 5px;\" src=\"https:\/\/www.esports-betting.pro\/app\/uploads\/sites\/2\/Dota-2-Icon.jpg\" alt=\"Dota 2\" \/><\/a>\u00a0\u00a0<a title=\"CS:GO Wetten\" href=\"https:\/\/www.esports-betting.pro\/de\/csgo\/\"> <img decoding=\"async\" style=\"margin-bottom: 5px;\" src=\"https:\/\/www.esports-betting.pro\/app\/uploads\/sites\/2\/CSGO-Icon.jpg\" alt=\"CSGO\" \/><\/a>\u00a0\u00a0<a title=\"Starcraft 2 Wetten\" href=\"https:\/\/www.esports-betting.pro\/de\/starcraft-2\/\"> <img decoding=\"async\" style=\"margin-bottom: 5px;\" src=\"https:\/\/www.esports-betting.pro\/app\/uploads\/sites\/2\/Starcraft-2-Icon.jpg\" alt=\"Starcraft 2\" \/><\/a>\u00a0\u00a0<a title=\"Hearthstone Wetten\" href=\"https:\/\/www.esports-betting.pro\/de\/hearthstone-heroes-of-warcraft\/\"> <img decoding=\"async\" style=\"margin-bottom: 5px;\" src=\"https:\/\/www.esports-betting.pro\/app\/uploads\/sites\/2\/Hearthstone-Icon.jpg\" alt=\"Hearthstone\" \/><\/a>\u00a0\u00a0<a title=\"Heroes of the Storm (Hots) Wetten\" href=\"https:\/\/www.esports-betting.pro\/de\/heroes-of-the-storm-hots\/\"> <img decoding=\"async\" style=\"margin-bottom: 5px;\" src=\"https:\/\/www.esports-betting.pro\/app\/uploads\/sites\/2\/Heroes-Of-The-Storm-Icon.jpg\" alt=\"Heroes of the Storm\" \/><\/a>\u00a0\u00a0<a title=\"Smite Wetten\" href=\"https:\/\/www.esports-betting.pro\/de\/smite\/\"> <img decoding=\"async\" style=\"margin-bottom: 5px;\" src=\"https:\/\/www.esports-betting.pro\/app\/uploads\/sites\/2\/Smite-Icon.jpg\" alt=\"Smite\" \/><\/a>\u00a0\u00a0<a title=\"Overwatch Wetten\" href=\"https:\/\/www.esports-betting.pro\/de\/overwatch\/\"> <img decoding=\"async\" style=\"margin-bottom: 5px;\" src=\"https:\/\/www.esports-betting.pro\/app\/uploads\/sites\/2\/Overwatch-Icon.jpg\" alt=\"Overwatch\" \/><\/a>\u00a0\u00a0<a title=\"EA Fifa Wetten\" href=\"https:\/\/www.esports-betting.pro\/de\/fifa\/\"> <img decoding=\"async\" style=\"margin-bottom: 5px;\" src=\"https:\/\/www.esports-betting.pro\/app\/uploads\/sites\/2\/FIFA-17-Icon.jpg\" alt=\"EA Fifa Soccer\" \/><\/a>\u00a0\u00a0<a title=\"Call of Duty (CoD) Wetten\" href=\"https:\/\/www.esports-betting.pro\/de\/call-of-duty\/\"> <img decoding=\"async\" style=\"margin-bottom: 5px;\" src=\"https:\/\/www.esports-betting.pro\/app\/uploads\/sites\/2\/Call-of-Duty-Icon.jpg\" alt=\"Call of Duty (CoD)\" \/>\u00a0\u00a0<\/a> <a title=\"Vainglory Wetten\" href=\"https:\/\/www.esports-betting.pro\/de\/vainglory\/\"> <img decoding=\"async\" style=\"margin-bottom: 5px;\" src=\"https:\/\/www.esports-betting.pro\/app\/uploads\/sites\/2\/vainglory-icon.jpg\" alt=\"Vainglory\" \/>\u00a0<\/a>\u00a0\u00a0<a title=\"World of Tanks Wetten\" href=\"https:\/\/www.esports-betting.pro\/de\/world-of-tanks-wot\/\"><img decoding=\"async\" style=\"margin-bottom: 5px;\" src=\"https:\/\/www.esports-betting.pro\/app\/uploads\/sites\/2\/world-of-tanks-icon.jpg\" alt=\"World of Tanks\" \/>\u00a0\u00a0<\/a> <a title=\"King of Glory Wetten\" href=\"https:\/\/www.esports-betting.pro\/de\/king-of-glory\/\"> <img decoding=\"async\" style=\"margin-bottom: 5px;\" src=\"https:\/\/www.esports-betting.pro\/app\/uploads\/sites\/2\/king-of-glory-icon.jpg\" alt=\"King of Glory\" \/>\u00a0\u00a0<\/a> <a title=\"PUBG Wetten\" href=\"https:\/\/www.esports-betting.pro\/de\/pubg\/\"> <img decoding=\"async\" style=\"margin-bottom: 5px;\" src=\"https:\/\/www.esports-betting.pro\/app\/uploads\/sites\/2\/playerunknownsbattlegrounds-icon.jpg\" alt=\"PUBG\" \/>\u00a0\u00a0<\/a> <a title=\"Rocket League Wetten\" href=\"https:\/\/www.esports-betting.pro\/de\/rocket-league\/\"> <img decoding=\"async\" style=\"margin-bottom: 5px;\" src=\"https:\/\/www.esports-betting.pro\/app\/uploads\/sites\/2\/rocket-league-icon.jpg\" alt=\"Rocket League\" \/>\u00a0<\/a>\u00a0\u00a0<a title=\"Street Fighter 5 Wetten\" href=\"https:\/\/www.esports-betting.pro\/de\/sfv-street-fighter\/\"><img decoding=\"async\" style=\"margin-bottom: 5px;\" src=\"https:\/\/www.esports-betting.pro\/app\/uploads\/sites\/2\/street-fighter-5-icon.jpg\" alt=\"Street Fighter 5\" \/>\u00a0<\/a> <a title=\"Rainbow Six Siege\" href=\"https:\/\/www.esports-betting.pro\/de\/rainbow-six-siege\/\"> <img decoding=\"async\" style=\"margin-bottom: 5px;\" src=\"https:\/\/www.esports-betting.pro\/app\/uploads\/sites\/2\/rainbow-six-siege-icon.jpg\" alt=\"Rainbow Six Siege\" \/><\/a><\/p>\n","protected":false},"excerpt":{"rendered":"<p>Die Halo-Serie gibt es schon lange, doch seit einiger Zeit wird Halo 5 auch Im Esport-Bereich gespielt und somit haben die gro\u00dfen Esport Wettseiten angefangen ihre Wetten und Quoten f\u00fcr Halo online zu stellen. Halo 5, der inzwischen zehnte Teil der Serie, ist Oktober 2015 f\u00fcr die Xbox One erschienen und wurde von 343 Industries &hellip; <a href=\"https:\/\/www.esports-betting.pro\/de\/halo\/\">Continued<\/a><\/p>\n","protected":false},"author":24,"featured_media":0,"parent":0,"menu_order":0,"comment_status":"closed","ping_status":"closed","template":"","meta":{"_acf_changed":false,"footnotes":""},"acf":[],"yoast_head":"<!-- This site is optimized with the Yoast SEO plugin v22.6 - https:\/\/yoast.com\/wordpress\/plugins\/seo\/ -->\n<title>Halo 5 - Wetten, Quoten und Wettanbieter \u00dcbersicht<\/title>\n<meta name=\"description\" content=\"Halo 5 Wettanbieter, Quoten und Wetten auf Halo 5 Turniere. Finde die besten Wettquoten und Wettseiten f\u00fcr dein Halo 5 Lieblingsteam.\" \/>\n<meta name=\"robots\" content=\"index, follow, max-snippet:-1, max-image-preview:large, max-video-preview:-1\" \/>\n<link rel=\"canonical\" href=\"https:\/\/www.esports-betting.pro\/de\/halo\/\" \/>\n<meta property=\"og:locale\" content=\"de_DE\" \/>\n<meta property=\"og:type\" content=\"article\" \/>\n<meta property=\"og:title\" content=\"Halo 5 - Wetten, Quoten und Wettanbieter \u00dcbersicht\" \/>\n<meta property=\"og:description\" content=\"Halo 5 Wettanbieter, Quoten und Wetten auf Halo 5 Turniere. Finde die besten Wettquoten und Wettseiten f\u00fcr dein Halo 5 Lieblingsteam.\" \/>\n<meta property=\"og:url\" content=\"https:\/\/www.esports-betting.pro\/de\/halo\/\" \/>\n<meta property=\"og:site_name\" content=\"Esports Betting - DE\" \/>\n<meta property=\"article:modified_time\" content=\"2024-02-21T08:08:53+00:00\" \/>\n<meta property=\"og:image\" content=\"https:\/\/www.esports-betting.pro\/app\/uploads\/sites\/2\/halo-5-bild.jpg\" \/>\n<meta name=\"twitter:card\" content=\"summary_large_image\" \/>\n<meta name=\"twitter:label1\" content=\"Est. reading time\" \/>\n\t<meta name=\"twitter:data1\" content=\"7 Minuten\" \/>\n<script type=\"application\/ld+json\" class=\"yoast-schema-graph\">{\"@context\":\"https:\/\/schema.org\",\"@graph\":[{\"@type\":\"WebPage\",\"@id\":\"https:\/\/www.esports-betting.pro\/de\/halo\/\",\"url\":\"https:\/\/www.esports-betting.pro\/de\/halo\/\",\"name\":\"Halo 5 - Wetten, Quoten und Wettanbieter \u00dcbersicht\",\"isPartOf\":{\"@id\":\"https:\/\/www.esports-betting.pro\/de\/#website\"},\"primaryImageOfPage\":{\"@id\":\"https:\/\/www.esports-betting.pro\/de\/halo\/#primaryimage\"},\"image\":{\"@id\":\"https:\/\/www.esports-betting.pro\/de\/halo\/#primaryimage\"},\"thumbnailUrl\":\"https:\/\/www.esports-betting.pro\/app\/uploads\/sites\/2\/halo-5-bild.jpg\",\"datePublished\":\"2017-07-07T12:31:51+00:00\",\"dateModified\":\"2024-02-21T08:08:53+00:00\",\"description\":\"Halo 5 Wettanbieter, Quoten und Wetten auf Halo 5 Turniere. Finde die besten Wettquoten und Wettseiten f\u00fcr dein Halo 5 Lieblingsteam.\",\"breadcrumb\":{\"@id\":\"https:\/\/www.esports-betting.pro\/de\/halo\/#breadcrumb\"},\"inLanguage\":\"de-DE\",\"potentialAction\":[{\"@type\":\"ReadAction\",\"target\":[\"https:\/\/www.esports-betting.pro\/de\/halo\/\"]}]},{\"@type\":\"ImageObject\",\"inLanguage\":\"de-DE\",\"@id\":\"https:\/\/www.esports-betting.pro\/de\/halo\/#primaryimage\",\"url\":\"https:\/\/www.esports-betting.pro\/app\/uploads\/sites\/2\/halo-5-bild.jpg\",\"contentUrl\":\"https:\/\/www.esports-betting.pro\/app\/uploads\/sites\/2\/halo-5-bild.jpg\"},{\"@type\":\"BreadcrumbList\",\"@id\":\"https:\/\/www.esports-betting.pro\/de\/halo\/#breadcrumb\",\"itemListElement\":[{\"@type\":\"ListItem\",\"position\":1,\"name\":\"Home\",\"item\":\"https:\/\/www.esports-betting.pro\/de\/\"},{\"@type\":\"ListItem\",\"position\":2,\"name\":\"Halo &#8211; Wetten, Quoten und Wettanbieter Infos\"}]},{\"@type\":\"WebSite\",\"@id\":\"https:\/\/www.esports-betting.pro\/de\/#website\",\"url\":\"https:\/\/www.esports-betting.pro\/de\/\",\"name\":\"Esports Betting - DE\",\"description\":\"Just another Esports Betting Sites site\",\"potentialAction\":[{\"@type\":\"SearchAction\",\"target\":{\"@type\":\"EntryPoint\",\"urlTemplate\":\"https:\/\/www.esports-betting.pro\/de\/?s={search_term_string}\"},\"query-input\":\"required name=search_term_string\"}],\"inLanguage\":\"de-DE\"}]}<\/script>\n<!-- \/ Yoast SEO plugin. -->","yoast_head_json":{"title":"Halo 5 - Wetten, Quoten und Wettanbieter \u00dcbersicht","description":"Halo 5 Wettanbieter, Quoten und Wetten auf Halo 5 Turniere. Finde die besten Wettquoten und Wettseiten f\u00fcr dein Halo 5 Lieblingsteam.","robots":{"index":"index","follow":"follow","max-snippet":"max-snippet:-1","max-image-preview":"max-image-preview:large","max-video-preview":"max-video-preview:-1"},"canonical":"https:\/\/www.esports-betting.pro\/de\/halo\/","og_locale":"de_DE","og_type":"article","og_title":"Halo 5 - Wetten, Quoten und Wettanbieter \u00dcbersicht","og_description":"Halo 5 Wettanbieter, Quoten und Wetten auf Halo 5 Turniere. Finde die besten Wettquoten und Wettseiten f\u00fcr dein Halo 5 Lieblingsteam.","og_url":"https:\/\/www.esports-betting.pro\/de\/halo\/","og_site_name":"Esports Betting - DE","article_modified_time":"2024-02-21T08:08:53+00:00","og_image":[{"url":"https:\/\/www.esports-betting.pro\/app\/uploads\/sites\/2\/halo-5-bild.jpg"}],"twitter_card":"summary_large_image","twitter_misc":{"Est. reading time":"7 Minuten"},"schema":{"@context":"https:\/\/schema.org","@graph":[{"@type":"WebPage","@id":"https:\/\/www.esports-betting.pro\/de\/halo\/","url":"https:\/\/www.esports-betting.pro\/de\/halo\/","name":"Halo 5 - Wetten, Quoten und Wettanbieter \u00dcbersicht","isPartOf":{"@id":"https:\/\/www.esports-betting.pro\/de\/#website"},"primaryImageOfPage":{"@id":"https:\/\/www.esports-betting.pro\/de\/halo\/#primaryimage"},"image":{"@id":"https:\/\/www.esports-betting.pro\/de\/halo\/#primaryimage"},"thumbnailUrl":"https:\/\/www.esports-betting.pro\/app\/uploads\/sites\/2\/halo-5-bild.jpg","datePublished":"2017-07-07T12:31:51+00:00","dateModified":"2024-02-21T08:08:53+00:00","description":"Halo 5 Wettanbieter, Quoten und Wetten auf Halo 5 Turniere. Finde die besten Wettquoten und Wettseiten f\u00fcr dein Halo 5 Lieblingsteam.","breadcrumb":{"@id":"https:\/\/www.esports-betting.pro\/de\/halo\/#breadcrumb"},"inLanguage":"de-DE","potentialAction":[{"@type":"ReadAction","target":["https:\/\/www.esports-betting.pro\/de\/halo\/"]}]},{"@type":"ImageObject","inLanguage":"de-DE","@id":"https:\/\/www.esports-betting.pro\/de\/halo\/#primaryimage","url":"https:\/\/www.esports-betting.pro\/app\/uploads\/sites\/2\/halo-5-bild.jpg","contentUrl":"https:\/\/www.esports-betting.pro\/app\/uploads\/sites\/2\/halo-5-bild.jpg"},{"@type":"BreadcrumbList","@id":"https:\/\/www.esports-betting.pro\/de\/halo\/#breadcrumb","itemListElement":[{"@type":"ListItem","position":1,"name":"Home","item":"https:\/\/www.esports-betting.pro\/de\/"},{"@type":"ListItem","position":2,"name":"Halo &#8211; Wetten, Quoten und Wettanbieter Infos"}]},{"@type":"WebSite","@id":"https:\/\/www.esports-betting.pro\/de\/#website","url":"https:\/\/www.esports-betting.pro\/de\/","name":"Esports Betting - DE","description":"Just another Esports Betting Sites site","potentialAction":[{"@type":"SearchAction","target":{"@type":"EntryPoint","urlTemplate":"https:\/\/www.esports-betting.pro\/de\/?s={search_term_string}"},"query-input":"required name=search_term_string"}],"inLanguage":"de-DE"}]}},"_links":{"self":[{"href":"https:\/\/www.esports-betting.pro\/de\/wp-json\/wp\/v2\/pages\/17988"}],"collection":[{"href":"https:\/\/www.esports-betting.pro\/de\/wp-json\/wp\/v2\/pages"}],"about":[{"href":"https:\/\/www.esports-betting.pro\/de\/wp-json\/wp\/v2\/types\/page"}],"author":[{"embeddable":true,"href":"https:\/\/www.esports-betting.pro\/de\/wp-json\/wp\/v2\/users\/24"}],"replies":[{"embeddable":true,"href":"https:\/\/www.esports-betting.pro\/de\/wp-json\/wp\/v2\/comments?post=17988"}],"version-history":[{"count":2,"href":"https:\/\/www.esports-betting.pro\/de\/wp-json\/wp\/v2\/pages\/17988\/revisions"}],"predecessor-version":[{"id":52832,"href":"https:\/\/www.esports-betting.pro\/de\/wp-json\/wp\/v2\/pages\/17988\/revisions\/52832"}],"wp:attachment":[{"href":"https:\/\/www.esports-betting.pro\/de\/wp-json\/wp\/v2\/media?parent=17988"}],"curies":[{"name":"wp","href":"https:\/\/api.w.org\/{rel}","templated":true}]}}