{"id":17691,"date":"2017-06-10T13:19:23","date_gmt":"2017-06-10T13:19:23","guid":{"rendered":"https:\/\/www.esports-betting.pro\/de\/?page_id=17691"},"modified":"2017-06-10T13:19:23","modified_gmt":"2017-06-10T13:19:23","slug":"preisgeld","status":"publish","type":"page","link":"https:\/\/www.esports-betting.pro\/de\/dota2\/ti7-the-international-2017\/preisgeld\/","title":{"rendered":"Preisgeld &#8211; Dota 2 The International 2017"},"content":{"rendered":"<p style=\"text-align: justify\"><span>Die j\u00e4hrlich stattfindenen<\/span> Turniere namens &#8220;The International&#8221; in Dota 2 sind nun schon seit Jahren die mit Abstand am h\u00f6chsten dotierten eSports Turniere, und es schaut alles danach aus als ob auch dieses Jahr das <a href=\"https:\/\/www.esports-betting.pro\/de\/dota2\/ti7-the-international-2017\/\">TI7<\/a> diese Tradition nicht brechen wird. Grund daf\u00fcr ist ganz klar Valve's einzigartiger Zugang. Die Dota 2 Entwickler stellen seit 2013, und damit TI3, ein In-game Item namens Battle Pass zur Verf\u00fcgung, von dem 25% des Erl\u00f6ses direkt in das verf\u00fcgbare Preisgeld einflie\u00dfen. Dieses System funktioniert inzwischen unglaublich gut, da nicht nur die Profispieler etwas vom h\u00f6hreren Preisgeld haben, sondern auch die K\u00e4ufer des Battle Passes haben Zugang zu unz\u00e4hligen neuen Features, kosmetischen Items und vielem mehr. Wenn du dich mehr \u00fcber die Features interessierts, dann lies bitte unsere korrespondierende <a href=\"https:\/\/www.esports-betting.pro\/de\/news\/dota-2\/battlepass-the-international-2017\/\">News zum Battle Pass f\u00fcr das The International 2017.<\/a><\/p>\n<p><strong>TI7 Main Event &#8211; T\u00e4gliche Prognosen:<br \/>\n<\/strong><a href=\"https:\/\/www.esports-betting.pro\/de\/news\/dota-2\/prognosen-ti7-main-event-tag-1\/\">Tag 1\u00a0<\/a>&gt; <a href=\"https:\/\/www.esports-betting.pro\/de\/news\/dota-2\/prognosen-ti7-main-event-tag-2\/\">Tag 2<\/a>\u00a0&gt; <a href=\"https:\/\/www.esports-betting.pro\/de\/news\/dota-2\/prognosen-ti7-main-event-tag-3\/\">Tag 3<\/a> &gt; <a href=\"https:\/\/www.esports-betting.pro\/de\/news\/dota-2\/prognosen-ti7-main-event-tag-4\/\">Tag 4<\/a> &gt; <a href=\"https:\/\/www.esports-betting.pro\/de\/news\/dota-2\/prognosen-ti7-main-event-tag-5\/\">Tag 5<\/a>\u00a0\u00a0&gt; <span style=\"text-decoration: underline\"><a href=\"https:\/\/www.esports-betting.pro\/de\/news\/dota-2\/prognosen-ti7-grand-finals-wetttips\/\"><strong>Tag 6 &#8211;\u00a0Finals & Grand Finals<\/strong><\/a><\/span><\/p>\n<p style=\"text-align: justify\"><strong>Endstand: Das Preisgeld des <\/strong><strong>The International 2017 betr\u00e4gt nun $24,787,916 und ist somit das h\u00f6chste Preisgeld in der Esports Geschichte! Das Gewinner Team erh\u00e4lt sage und schreibe 10 Millionen Dollar!<\/strong><\/p>\n<h2><img loading=\"lazy\" decoding=\"async\" class=\"alignnone wp-image-20673 size-full\" src=\"https:\/\/www.esports-betting.pro\/app\/uploads\/sites\/2\/the-international-2017-dota-2-preisgeld-1.jpg\" alt=\"the international 2017 dota 2 preisgeld\" width=\"480\" height=\"104\" \/><\/h2>\n<h2><img loading=\"lazy\" decoding=\"async\" class=\"size-full wp-image-8289\" src=\"https:\/\/www.esports-betting.pro\/app\/uploads\/sites\/2\/Dota2-Icon.png\" alt=\"Dota 2 Icon\" width=\"20\" height=\"20\" \/>\u00a0TI7 Platzierungen Preisgeldverteilung<\/h2>\n<div style=\"width: 100%;overflow: auto\">\n<table style=\"font-size: 100%;color: #ffffff;border: 2px solid black\" width=\"100%\">\n<tbody>\n<tr style=\"background-color: #aeaecb;color: #ffffff;border: 2px solid black\">\n<td style=\"text-align: center\"><strong>Platz<\/strong><\/td>\n<td style=\"text-align: center\"><strong>Preis $ USD<\/strong><\/td>\n<td style=\"text-align: center\"><strong>Team<\/strong><\/td>\n<\/tr>\n<tr>\n<td style=\"text-align: center\"><img loading=\"lazy\" decoding=\"async\" class=\"size-full wp-image-11823\" src=\"https:\/\/www.esports-betting.pro\/app\/uploads\/sites\/2\/Gold-Medal-Icon.jpg\" alt=\"Gold Medal Icon\" width=\"24\" height=\"24\" \/> 1.<\/td>\n<td style=\"text-align: center\">$10,806,301<\/td>\n<td><strong><img loading=\"lazy\" decoding=\"async\" src=\"https:\/\/www.esports-betting.pro\/app\/uploads\/sites\/2\/Team-Liquid-Dota2-Logo.jpg\" alt=\"Team Liquid Dota2 Logo\" width=\"40\" height=\"34\" \/> Team Liquid<\/strong><\/td>\n<\/tr>\n<tr>\n<td style=\"text-align: center\"><img loading=\"lazy\" decoding=\"async\" class=\"size-full wp-image-11825\" src=\"https:\/\/www.esports-betting.pro\/app\/uploads\/sites\/2\/Silver-Medal-Icon.jpg\" alt=\"Silver Medal Icon\" width=\"24\" height=\"24\" \/> 2.<\/td>\n<td style=\"text-align: center\">$3,929,564<\/td>\n<td><strong><img loading=\"lazy\" decoding=\"async\" src=\"https:\/\/www.esports-betting.pro\/app\/uploads\/sites\/2\/newbee-dota2-team-logo-de.jpg\" alt=\"Newbee Dota 2 Logo - DE\" width=\"40\" height=\"34\" \/> Newbee<\/strong><\/td>\n<\/tr>\n<tr>\n<td style=\"text-align: center\"><img loading=\"lazy\" decoding=\"async\" class=\"size-full wp-image-11821\" src=\"https:\/\/www.esports-betting.pro\/app\/uploads\/sites\/2\/Bronze-Medal-Icon.jpg\" alt=\"Bronze Medal Icon\" width=\"24\" height=\"24\" \/> 3.<\/td>\n<td style=\"text-align: center\">$2,578,776<\/td>\n<td><strong><img loading=\"lazy\" decoding=\"async\" src=\"https:\/\/www.esports-betting.pro\/app\/uploads\/sites\/2\/LGD-Forever-Young-Dota-2-Logo-DE.jpg\" alt=\"LGD Young Forever Dota 2 Logo - DE\" width=\"40\" height=\"34\" \/> LGD. Forever Young<\/strong><\/td>\n<\/tr>\n<tr>\n<td style=\"text-align: center\"><img loading=\"lazy\" decoding=\"async\" class=\"size-full wp-image-11822\" src=\"https:\/\/www.esports-betting.pro\/app\/uploads\/sites\/2\/Copper-Medal-Icon.jpg\" alt=\"Copper Medal Icon\" width=\"24\" height=\"24\" \/> 4.<\/td>\n<td style=\"text-align: center\">$1,719,184<\/td>\n<td><strong><img loading=\"lazy\" decoding=\"async\" src=\"https:\/\/www.esports-betting.pro\/app\/uploads\/sites\/2\/LGD-gaming-dota2.jpg\" alt=\"LGD gaming dota2 Logo\" width=\"40\" height=\"34\" \/> LGD Gaming<\/strong><\/td>\n<\/tr>\n<tr>\n<td style=\"text-align: center\" rowspan=\"2\">5. &#8211; 6.<\/td>\n<td style=\"text-align: center\" rowspan=\"2\">$1,105,190<\/td>\n<td><strong><img loading=\"lazy\" decoding=\"async\" src=\"https:\/\/www.esports-betting.pro\/app\/uploads\/sites\/2\/Virtus-Pro-Team-Logo-Dota2-esports.jpg\" alt=\"Virtus.pro Dota 2 Team Logo\" width=\"40\" height=\"34\" \/> Virtus.pro<\/strong><\/td>\n<\/tr>\n<tr>\n<td><strong><img loading=\"lazy\" decoding=\"async\" src=\"https:\/\/www.esports-betting.pro\/app\/uploads\/sites\/2\/Invictus-Gaming-Dota2-Team-Logo.jpg\" alt=\"Invictus Gaming Dota 2 Team Logo\" width=\"40\" height=\"34\" \/> Invictus Gaming<\/strong><\/td>\n<\/tr>\n<tr>\n<td style=\"text-align: center\" rowspan=\"2\">7. &#8211; 8.<\/td>\n<td style=\"text-align: center\" rowspan=\"2\">$613,994<\/td>\n<td><strong><img loading=\"lazy\" decoding=\"async\" src=\"https:\/\/www.esports-betting.pro\/app\/uploads\/sites\/2\/Team-Empire-Dota2-Team-Logo.jpg\" alt=\"Team Empire Dota2 Logo\" width=\"40\" height=\"34\" \/> Team Empire<\/strong><\/td>\n<\/tr>\n<tr>\n<td><strong><img loading=\"lazy\" decoding=\"async\" src=\"https:\/\/www.esports-betting.pro\/app\/uploads\/sites\/2\/OG-RedBull-Dota-2-Logo-Esports-1.jpg\" alt=\"OG RedBull Dota2 Logo Esports\" width=\"40\" height=\"32\" \/> OG<\/strong><\/td>\n<\/tr>\n<tr>\n<td style=\"text-align: center\" rowspan=\"4\">9. &#8211; 12.<\/td>\n<td style=\"text-align: center\" rowspan=\"4\">$368,397<\/td>\n<td><strong><img loading=\"lazy\" decoding=\"async\" src=\"https:\/\/www.esports-betting.pro\/app\/uploads\/sites\/2\/Team-Secret-Logo-Dota2-esports.jpg\" alt=\"Team Secret Dota 2 Team Logo\" width=\"40\" height=\"34\" \/> Team Secret<\/strong><\/td>\n<\/tr>\n<tr>\n<td><strong><img loading=\"lazy\" decoding=\"async\" src=\"https:\/\/www.esports-betting.pro\/app\/uploads\/sites\/2\/Evil-Genius-Team-Logo-Dota2-esports.jpg\" alt=\"Evil Geniuses Dota 2 Team Logo\" width=\"40\" height=\"34\" \/> Evil Geniuses<\/strong><\/td>\n<\/tr>\n<tr>\n<td><strong><img loading=\"lazy\" decoding=\"async\" src=\"https:\/\/www.esports-betting.pro\/app\/uploads\/sites\/2\/TNC-Pro-Team-Dota-2-eSports-Logo.jpg\" alt=\"TNC Pro Team Dota 2 eSports Logo\" width=\"40\" height=\"34\" \/> TNC Pro Team<\/strong><\/td>\n<\/tr>\n<tr>\n<td><strong><img loading=\"lazy\" decoding=\"async\" src=\"https:\/\/www.esports-betting.pro\/app\/uploads\/sites\/2\/Digital-Chaos-Team-Dota-2-Logo.jpg\" alt=\"Digital Chaos Team Dota 2 Logo\" width=\"40\" height=\"34\" \/> Digital Chaos<\/strong><\/td>\n<\/tr>\n<tr>\n<td style=\"text-align: center\" rowspan=\"4\">13. &#8211; 16.<\/td>\n<td style=\"text-align: center\" rowspan=\"4\">$122,799<\/td>\n<td><strong><img loading=\"lazy\" decoding=\"async\" src=\"https:\/\/www.esports-betting.pro\/app\/uploads\/sites\/2\/Execration-Dota2-Team-Logo.jpg\" alt=\"Execration Dota 2 Team Logo\" width=\"40\" height=\"34\" \/> Execration<\/strong><\/td>\n<\/tr>\n<tr>\n<td><strong><img loading=\"lazy\" decoding=\"async\" class=\"\" src=\"https:\/\/www.esports-betting.pro\/app\/uploads\/sites\/2\/Cloud9-dota2.jpg\" alt=\"\" width=\"40\" height=\"34\" \/> Cloud 9<\/strong><\/td>\n<\/tr>\n<tr>\n<td><strong><img loading=\"lazy\" decoding=\"async\" src=\"https:\/\/www.esports-betting.pro\/app\/uploads\/sites\/2\/Infamous_logo-dota2.jpg\" alt=\"Infamous logo dota2\" width=\"40\" height=\"34\" \/> Infamous<\/strong><\/td>\n<\/tr>\n<tr>\n<td><strong><img loading=\"lazy\" decoding=\"async\" src=\"https:\/\/www.esports-betting.pro\/app\/uploads\/sites\/2\/Invictus-Gaming-Vitality-Dota2-Team-Logo.jpg\" alt=\"Invictus Gaming Vitality Dota 2 Team Logo\" width=\"40\" height=\"34\" \/> iG Vitality<\/strong><\/td>\n<\/tr>\n<tr>\n<td style=\"text-align: center\" rowspan=\"2\">17. &#8211; 18.<\/td>\n<td style=\"text-align: center\" rowspan=\"2\">$61,399<\/td>\n<td><strong><img loading=\"lazy\" decoding=\"async\" src=\"https:\/\/www.esports-betting.pro\/app\/uploads\/sites\/2\/Fnatic-Team-Logo-Dota2-esports.jpg\" alt=\"Fnatic Dota 2 Team Logo\" width=\"40\" height=\"34\" \/> Fnatic<\/strong><\/td>\n<\/tr>\n<tr>\n<td><strong><img loading=\"lazy\" decoding=\"async\" src=\"https:\/\/www.esports-betting.pro\/app\/uploads\/sites\/2\/HellRaisers-Dota2-Team-Logo.jpg\" alt=\"HellRaisers Dota2 Team Logo\" width=\"40\" height=\"34\" \/> HellRaisers<\/strong><\/td>\n<\/tr>\n<\/tbody>\n<\/table>\n<\/div>\n<h2>Geschichte des Preisgeldes der TIs<\/h2>\n<p style=\"text-align: justify\">2013 betrug der Preispool dabei &#8220;nur&#8221; $2,874,407. Das war damals das mit Abstand am h\u00f6chsten dotierte Turnier, heute im Vergleich jedoch nicht einmal mehr unter den Top 10 der h\u00f6chsten Preisgelder. 2014 war das erste Jahr, wo dieses System richtig angefangen hat, zu funktionieren und so stieg das Preisgeld des The Internationals auf $10,931,103 und somit das erste Turnier das die 10 Millionen Dollar Marke \u00fcberschritten hat. Auch 2015 war der Sprung wieder enorm und so stieg das Preisgeld des TI auf $18,429,613 an, nicht zuletzt auch deshalb weil sich der Umfang des Battle Pass im Vergleich zu den Vorjahren massiv erweitert hat. 2016 war der Anstieg dann nicht mehr so gigantisch aber es war dennoch ausreichend um die 20 Millionen Dollar Marke knapp zu \u00fcberschreiten. Der finale Preispool betrug $20,770,640. Es bleibt spannend wie hoch das Preisgeld dieses Jahr f\u00fcr das The International 2017 steigen wird. Laut der Seite prizetrac.kr liegt das TI7 im Vergleich zum TI6 im gleichen Zeitraum nun schon $1,755,943 vorn.<\/p>\n<p style=\"text-align: justify\"><img loading=\"lazy\" decoding=\"async\" class=\"aligncenter\" src=\"https:\/\/www.esports-betting.pro\/app\/uploads\/sites\/2\/the-international-2017-dota-2-preisgeld-vergleich.jpg\" alt=\"the international 2017 dota2 preisgeld vergleich\" width=\"650\" height=\"283\" \/><\/p>\n<p style=\"text-align: center\"><em>Quelle: dota2.prizetrac.kr<\/em><\/p>\n<p style=\"text-align: justify\"><strong>\u00a0<\/strong><\/p>\n<h2 style=\"text-align: justify\"><img loading=\"lazy\" decoding=\"async\" src=\"https:\/\/www.esports-betting.pro\/app\/uploads\/sites\/2\/Dota2-Icon.png\" alt=\"Dota 2 Icon\" width=\"20\" height=\"20\" \/> Vergleich mit anderen eSports Spielen<\/h2>\n<figure style=\"width: 360px\" class=\"wp-caption alignright\"><img loading=\"lazy\" decoding=\"async\" src=\"https:\/\/www.esports-betting.pro\/app\/uploads\/sites\/2\/preisgeld-top-turniere.jpg\" alt=\"the international 2017 preisgeld top turniere\" width=\"360\" height=\"216\" \/><figcaption class=\"wp-caption-text\"><em>Quelle: esportsearning.com<\/em><\/figcaption><\/figure>\n<p style=\"text-align: justify\">Es d\u00fcrfte inzwischen kein gro\u00dfes Geheimnis mehr sein, dass die Dota 2 Turniere die mit Abstand h\u00f6chsten Preisgelder ausbezahlen. Selbst die Majors, die kleineren von Valve veranstalteten Turniere in der Saison die im The International endet, sind mit einem Preisgeld von $3,000,000 enorm gro\u00df. Nur die LoL World Championship 2016 mit einem Preisgeld von $5,070,000 kann mithalten, f\u00fcr die kommende<a href=\"https:\/\/www.esports-betting.pro\/de\/lol\/league-of-legends-weltmeisterschaft-2017-season-7\/\"> LoL WM 2017<\/a> wird jedoch wieder eine starke Steigerung erwartet (<a href=\"https:\/\/www.esports-betting.pro\/de\/lol\/league-of-legends-weltmeisterschaft-2017-season-7\/preisgeld-lol-wm\/\">aktuelles zum Preisgeld der 2017 LoL Worlds<\/a>). Laut esportsearning.com belegen die Dota 2 Turniere 9 der Top 10 Pl\u00e4tze. Dennoch k\u00f6nnen sich andere eSports Spiele und ihre Turnier-Preisgelder durchaus sehen lassen. So waren die SMITE World Championship 2015 mit $2,612,259 und die Halo World Championship 2016 mit $2,500,000 auch extrem hoch dotierte Turniere. Auch die Call of Duty XP Championship 2016 mit $2,000,000 und die World Electronic Sports Games in CS:GO mit $1,500,000 m\u00fcssen sich durchaus nicht verstecken. Dennoch bleiben die Dota 2 Turniere die mit dem h\u00f6chsten Preisgeld, da die Community sehr viel dazu beitragen kann und auch gerne macht.<\/p>\n<p style=\"text-align: justify\"><strong>Mehr zum Dota 2 The International 2017:<\/strong><\/p>\n<ul>\n<li style=\"text-align: justify\"><a href=\"https:\/\/www.esports-betting.pro\/de\/dota2\/ti7-the-international-2017\/\">The International 2017 (TI7) &#8211; Turnier\u00fcbersicht<\/a><\/li>\n<li style=\"text-align: justify\"><a href=\"https:\/\/www.esports-betting.pro\/de\/dota2\/ti7-the-international-2017\/wetten-quoten\/\">The International 2017 (TI7) &#8211; Wetten und Quoten<\/a><\/li>\n<li><a href=\"https:\/\/www.esports-betting.pro\/de\/dota2\/ti7-the-international-2017\/teams\/\">The International 2017 (TI7) &#8211; Teams und Spieler<\/a><\/li>\n<li><a href=\"https:\/\/www.esports-betting.pro\/de\/news\/dota-2\/battlepass-the-international-2017\/\">The International 2017 (TI7) &#8211; Battle Pass Information<\/a><\/li>\n<li style=\"text-align: justify\"><a href=\"https:\/\/www.esports-betting.pro\/de\/news\/dota-2\/tickets-info-the-international-2017\/\">The International 2017 (TI7) &#8211; Ticketinformation<\/a><\/li>\n<li><a href=\"https:\/\/www.esports-betting.pro\/de\/news\/dota-2\/spielplan-the-international-2017-ti7\/\">The International 2017 (TI7) &#8211; Spielplan und Ergebnisse<\/a><\/li>\n<li><a href=\"https:\/\/www.esports-betting.pro\/de\/dota2\/ti7-the-international-2017\/gruppenphase\/\">The International 2017 (TI7) &#8211; Gruppenphase<\/a><\/li>\n<li><a href=\"https:\/\/www.esports-betting.pro\/de\/news\/dota-2\/spezialwetten-ti7-compendium\/\">The International 2017 (TI7) &#8211; Compendium Spezialwetten<\/a><\/li>\n<li><a href=\"https:\/\/www.esports-betting.pro\/de\/news\/dota-2\/ti7-spezialwetten\/\">The International 2017 (TI7) &#8211; Spezialwetten<\/a><\/li>\n<li><a href=\"https:\/\/www.esports-betting.pro\/de\/news\/dota-2\/ti7-livewetten\/\">The International 2017 (TI7) &#8211; Livewetten<\/a><\/li>\n<\/ul>\n","protected":false},"excerpt":{"rendered":"<p>Die j\u00e4hrlich stattfindenen Turniere namens &#8220;The International&#8221; in Dota 2 sind nun schon seit Jahren die mit Abstand am h\u00f6chsten dotierten eSports Turniere, und es schaut alles danach aus als ob auch dieses Jahr das TI7 diese Tradition nicht brechen wird. Grund daf\u00fcr ist ganz klar Valve&#8217;s einzigartiger Zugang. Die Dota 2 Entwickler stellen seit &hellip; <a href=\"https:\/\/www.esports-betting.pro\/de\/dota2\/ti7-the-international-2017\/preisgeld\/\">Continued<\/a><\/p>\n","protected":false},"author":24,"featured_media":0,"parent":14435,"menu_order":0,"comment_status":"closed","ping_status":"closed","template":"","meta":{"_acf_changed":false,"footnotes":""},"acf":[],"yoast_head":"<!-- This site is optimized with the Yoast SEO plugin v22.6 - https:\/\/yoast.com\/wordpress\/plugins\/seo\/ -->\n<title>Preisgeld \u00dcbersicht - The International 2017 Dota 2<\/title>\n<meta name=\"description\" content=\"Preisgelder sind f\u00fcr eSport Turniere sehr wichtig, so auch f\u00fcr das The International 2017 in Dota 2. Mehr Informationen zu dem Stand des Preisgeldes hier.\" \/>\n<meta name=\"robots\" content=\"index, follow, max-snippet:-1, max-image-preview:large, max-video-preview:-1\" \/>\n<link rel=\"canonical\" href=\"https:\/\/www.esports-betting.pro\/de\/dota2\/ti7-the-international-2017\/preisgeld\/\" \/>\n<meta property=\"og:locale\" content=\"de_DE\" \/>\n<meta property=\"og:type\" content=\"article\" \/>\n<meta property=\"og:title\" content=\"Preisgeld \u00dcbersicht - The International 2017 Dota 2\" \/>\n<meta property=\"og:description\" content=\"Preisgelder sind f\u00fcr eSport Turniere sehr wichtig, so auch f\u00fcr das The International 2017 in Dota 2. Mehr Informationen zu dem Stand des Preisgeldes hier.\" \/>\n<meta property=\"og:url\" content=\"https:\/\/www.esports-betting.pro\/de\/dota2\/ti7-the-international-2017\/preisgeld\/\" \/>\n<meta property=\"og:site_name\" content=\"Esports Betting - DE\" \/>\n<meta name=\"twitter:card\" content=\"summary_large_image\" \/>\n<meta name=\"twitter:image\" content=\"https:\/\/www.esports-betting.pro\/app\/uploads\/sites\/2\/the-international-2017-dota-2-logo.jpg\" \/>\n<meta name=\"twitter:label1\" content=\"Est. reading time\" \/>\n\t<meta name=\"twitter:data1\" content=\"3 Minuten\" \/>\n<script type=\"application\/ld+json\" class=\"yoast-schema-graph\">{\"@context\":\"https:\/\/schema.org\",\"@graph\":[{\"@type\":\"WebPage\",\"@id\":\"https:\/\/www.esports-betting.pro\/de\/dota2\/ti7-the-international-2017\/preisgeld\/\",\"url\":\"https:\/\/www.esports-betting.pro\/de\/dota2\/ti7-the-international-2017\/preisgeld\/\",\"name\":\"Preisgeld \u00dcbersicht - The International 2017 Dota 2\",\"isPartOf\":{\"@id\":\"https:\/\/www.esports-betting.pro\/de\/#website\"},\"primaryImageOfPage\":{\"@id\":\"https:\/\/www.esports-betting.pro\/de\/dota2\/ti7-the-international-2017\/preisgeld\/#primaryimage\"},\"image\":{\"@id\":\"https:\/\/www.esports-betting.pro\/de\/dota2\/ti7-the-international-2017\/preisgeld\/#primaryimage\"},\"thumbnailUrl\":\"https:\/\/www.esports-betting.pro\/app\/uploads\/sites\/2\/the-international-2017-dota-2-preisgeld-1.jpg\",\"datePublished\":\"2017-06-10T13:19:23+00:00\",\"dateModified\":\"2017-06-10T13:19:23+00:00\",\"description\":\"Preisgelder sind f\u00fcr eSport Turniere sehr wichtig, so auch f\u00fcr das The International 2017 in Dota 2. Mehr Informationen zu dem Stand des Preisgeldes hier.\",\"breadcrumb\":{\"@id\":\"https:\/\/www.esports-betting.pro\/de\/dota2\/ti7-the-international-2017\/preisgeld\/#breadcrumb\"},\"inLanguage\":\"de-DE\",\"potentialAction\":[{\"@type\":\"ReadAction\",\"target\":[\"https:\/\/www.esports-betting.pro\/de\/dota2\/ti7-the-international-2017\/preisgeld\/\"]}]},{\"@type\":\"ImageObject\",\"inLanguage\":\"de-DE\",\"@id\":\"https:\/\/www.esports-betting.pro\/de\/dota2\/ti7-the-international-2017\/preisgeld\/#primaryimage\",\"url\":\"https:\/\/www.esports-betting.pro\/app\/uploads\/sites\/2\/the-international-2017-dota-2-preisgeld-1.jpg\",\"contentUrl\":\"https:\/\/www.esports-betting.pro\/app\/uploads\/sites\/2\/the-international-2017-dota-2-preisgeld-1.jpg\"},{\"@type\":\"BreadcrumbList\",\"@id\":\"https:\/\/www.esports-betting.pro\/de\/dota2\/ti7-the-international-2017\/preisgeld\/#breadcrumb\",\"itemListElement\":[{\"@type\":\"ListItem\",\"position\":1,\"name\":\"Home\",\"item\":\"https:\/\/www.esports-betting.pro\/de\/\"},{\"@type\":\"ListItem\",\"position\":2,\"name\":\"Dota 2 Wetten &#8211; Wettanbieter und Quoten\",\"item\":\"https:\/\/www.esports-betting.pro\/de\/dota2\/\"},{\"@type\":\"ListItem\",\"position\":3,\"name\":\"The International 2017 | DotA 2 &#8211; TI7 Turnier\u00fcbersicht\",\"item\":\"https:\/\/www.esports-betting.pro\/de\/dota2\/ti7-the-international-2017\/\"},{\"@type\":\"ListItem\",\"position\":4,\"name\":\"Preisgeld &#8211; Dota 2 The International 2017\"}]},{\"@type\":\"WebSite\",\"@id\":\"https:\/\/www.esports-betting.pro\/de\/#website\",\"url\":\"https:\/\/www.esports-betting.pro\/de\/\",\"name\":\"Esports Betting - DE\",\"description\":\"Just another Esports Betting Sites site\",\"potentialAction\":[{\"@type\":\"SearchAction\",\"target\":{\"@type\":\"EntryPoint\",\"urlTemplate\":\"https:\/\/www.esports-betting.pro\/de\/?s={search_term_string}\"},\"query-input\":\"required name=search_term_string\"}],\"inLanguage\":\"de-DE\"}]}<\/script>\n<!-- \/ Yoast SEO plugin. -->","yoast_head_json":{"title":"Preisgeld \u00dcbersicht - The International 2017 Dota 2","description":"Preisgelder sind f\u00fcr eSport Turniere sehr wichtig, so auch f\u00fcr das The International 2017 in Dota 2. Mehr Informationen zu dem Stand des Preisgeldes hier.","robots":{"index":"index","follow":"follow","max-snippet":"max-snippet:-1","max-image-preview":"max-image-preview:large","max-video-preview":"max-video-preview:-1"},"canonical":"https:\/\/www.esports-betting.pro\/de\/dota2\/ti7-the-international-2017\/preisgeld\/","og_locale":"de_DE","og_type":"article","og_title":"Preisgeld \u00dcbersicht - The International 2017 Dota 2","og_description":"Preisgelder sind f\u00fcr eSport Turniere sehr wichtig, so auch f\u00fcr das The International 2017 in Dota 2. Mehr Informationen zu dem Stand des Preisgeldes hier.","og_url":"https:\/\/www.esports-betting.pro\/de\/dota2\/ti7-the-international-2017\/preisgeld\/","og_site_name":"Esports Betting - DE","twitter_card":"summary_large_image","twitter_image":"https:\/\/www.esports-betting.pro\/app\/uploads\/sites\/2\/the-international-2017-dota-2-logo.jpg","twitter_misc":{"Est. reading time":"3 Minuten"},"schema":{"@context":"https:\/\/schema.org","@graph":[{"@type":"WebPage","@id":"https:\/\/www.esports-betting.pro\/de\/dota2\/ti7-the-international-2017\/preisgeld\/","url":"https:\/\/www.esports-betting.pro\/de\/dota2\/ti7-the-international-2017\/preisgeld\/","name":"Preisgeld \u00dcbersicht - The International 2017 Dota 2","isPartOf":{"@id":"https:\/\/www.esports-betting.pro\/de\/#website"},"primaryImageOfPage":{"@id":"https:\/\/www.esports-betting.pro\/de\/dota2\/ti7-the-international-2017\/preisgeld\/#primaryimage"},"image":{"@id":"https:\/\/www.esports-betting.pro\/de\/dota2\/ti7-the-international-2017\/preisgeld\/#primaryimage"},"thumbnailUrl":"https:\/\/www.esports-betting.pro\/app\/uploads\/sites\/2\/the-international-2017-dota-2-preisgeld-1.jpg","datePublished":"2017-06-10T13:19:23+00:00","dateModified":"2017-06-10T13:19:23+00:00","description":"Preisgelder sind f\u00fcr eSport Turniere sehr wichtig, so auch f\u00fcr das The International 2017 in Dota 2. Mehr Informationen zu dem Stand des Preisgeldes hier.","breadcrumb":{"@id":"https:\/\/www.esports-betting.pro\/de\/dota2\/ti7-the-international-2017\/preisgeld\/#breadcrumb"},"inLanguage":"de-DE","potentialAction":[{"@type":"ReadAction","target":["https:\/\/www.esports-betting.pro\/de\/dota2\/ti7-the-international-2017\/preisgeld\/"]}]},{"@type":"ImageObject","inLanguage":"de-DE","@id":"https:\/\/www.esports-betting.pro\/de\/dota2\/ti7-the-international-2017\/preisgeld\/#primaryimage","url":"https:\/\/www.esports-betting.pro\/app\/uploads\/sites\/2\/the-international-2017-dota-2-preisgeld-1.jpg","contentUrl":"https:\/\/www.esports-betting.pro\/app\/uploads\/sites\/2\/the-international-2017-dota-2-preisgeld-1.jpg"},{"@type":"BreadcrumbList","@id":"https:\/\/www.esports-betting.pro\/de\/dota2\/ti7-the-international-2017\/preisgeld\/#breadcrumb","itemListElement":[{"@type":"ListItem","position":1,"name":"Home","item":"https:\/\/www.esports-betting.pro\/de\/"},{"@type":"ListItem","position":2,"name":"Dota 2 Wetten &#8211; Wettanbieter und Quoten","item":"https:\/\/www.esports-betting.pro\/de\/dota2\/"},{"@type":"ListItem","position":3,"name":"The International 2017 | DotA 2 &#8211; TI7 Turnier\u00fcbersicht","item":"https:\/\/www.esports-betting.pro\/de\/dota2\/ti7-the-international-2017\/"},{"@type":"ListItem","position":4,"name":"Preisgeld &#8211; Dota 2 The International 2017"}]},{"@type":"WebSite","@id":"https:\/\/www.esports-betting.pro\/de\/#website","url":"https:\/\/www.esports-betting.pro\/de\/","name":"Esports Betting - DE","description":"Just another Esports Betting Sites site","potentialAction":[{"@type":"SearchAction","target":{"@type":"EntryPoint","urlTemplate":"https:\/\/www.esports-betting.pro\/de\/?s={search_term_string}"},"query-input":"required name=search_term_string"}],"inLanguage":"de-DE"}]}},"_links":{"self":[{"href":"https:\/\/www.esports-betting.pro\/de\/wp-json\/wp\/v2\/pages\/17691"}],"collection":[{"href":"https:\/\/www.esports-betting.pro\/de\/wp-json\/wp\/v2\/pages"}],"about":[{"href":"https:\/\/www.esports-betting.pro\/de\/wp-json\/wp\/v2\/types\/page"}],"author":[{"embeddable":true,"href":"https:\/\/www.esports-betting.pro\/de\/wp-json\/wp\/v2\/users\/24"}],"replies":[{"embeddable":true,"href":"https:\/\/www.esports-betting.pro\/de\/wp-json\/wp\/v2\/comments?post=17691"}],"version-history":[{"count":0,"href":"https:\/\/www.esports-betting.pro\/de\/wp-json\/wp\/v2\/pages\/17691\/revisions"}],"up":[{"embeddable":true,"href":"https:\/\/www.esports-betting.pro\/de\/wp-json\/wp\/v2\/pages\/14435"}],"wp:attachment":[{"href":"https:\/\/www.esports-betting.pro\/de\/wp-json\/wp\/v2\/media?parent=17691"}],"curies":[{"name":"wp","href":"https:\/\/api.w.org\/{rel}","templated":true}]}}