{"id":1729,"date":"2014-01-11T19:31:59","date_gmt":"2014-01-11T19:31:59","guid":{"rendered":"https:\/\/www.esports-betting.pro\/de\/?page_id=1729"},"modified":"2014-01-11T19:31:59","modified_gmt":"2014-01-11T19:31:59","slug":"esportsventure-cup-sc2","status":"publish","type":"page","link":"https:\/\/www.esports-betting.pro\/de\/starcraft-2-3\/esportsventure-cup-sc2\/","title":{"rendered":"Starcraft 2: eSportsventure Cup"},"content":{"rendered":"<p style=\"text-align: justify\"><img loading=\"lazy\" decoding=\"async\" class=\"alignright size-full wp-image-1730\" style=\"margin-top: 0px;margin-bottom: 3px\" alt=\"Logo von SC2 esportsventure Cup\" src=\"https:\/\/www.esports-betting.pro\/app\/uploads\/sites\/2\/esportsventure-Cup-Starcraft-2.jpg\" width=\"220\" height=\"220\" \/>Mitte J\u00e4nner 2014 startet der eSport Buchmacher eSportsventure den Starcraft 2 eSportsventure Cup. Aus diesem Zweck wurden 16 der namhaftesten SC2 Spieler geladen um von 15.1. bis zum 16.1.2014 um einen gesamten Preispool von $ 1,000 zu fighten. Gestartet wird das Starcraft 2 Turnier an beiden Tagen ab jeweils 16 Uhr. \u00dcbertragen und kommentiert wird der gesamte eSportsventure Cup von der eSports Webseite Take TV. Nat\u00fcrlich bietet der online Buchmacher Wetten f\u00fcr alle Matches des Turniers an. N\u00e4here Infos zu den Quoten findet ihr weiter unten.<\/p>\n<p><br class=\"none\" \/><br class=\"none\" \/><\/p>\n<div style=\"float: right;width: 180px;height: 130px;text-align: center\"><strong>Navigation<\/strong><br \/>\n<a href=\"#livestream\"><img loading=\"lazy\" decoding=\"async\" class=\"size-full wp-image-831 alignright\" alt=\"Button mit Link zum esportsventure Cup Live Stream\" src=\"https:\/\/www.esports-betting.pro\/app\/uploads\/sites\/2\/Button-Live-Stream-LoL-WM.png\" width=\"171\" height=\"46\" \/><\/a><br \/>\n<img loading=\"lazy\" decoding=\"async\" class=\"size-full wp-image-831 alignright\" alt=\"Button Link zu Spezial Wetten\" src=\"https:\/\/www.esports-betting.pro\/app\/uploads\/sites\/2\/button-spezial-wetten.png\" width=\"171\" height=\"46\" \/><\/div>\n<h2>eSportsventure Cup Facts<\/h2>\n<figure id=\"attachment_1343\" aria-describedby=\"caption-attachment-1343\" style=\"width: 255px\" class=\"wp-caption alignleft\"><img loading=\"lazy\" decoding=\"async\" class=\"size-full wp-image-1343\" alt=\"Logo vom Esport Wettanbieter Esportsventure\" src=\"https:\/\/www.esports-betting.pro\/app\/uploads\/sites\/2\/logo.png\" width=\"255\" height=\"98\" \/><figcaption id=\"caption-attachment-1343\" class=\"wp-caption-text\">zur offiziellen Seite<\/figcaption><\/figure>\n<ul>\n<li>16 Top Starcraft 2 Gamer<\/li>\n<li>Preisgeld: $ 1,000<\/li>\n<li>15.1.-16.1.2014<\/li>\n<li>Start: 15h MEZ<\/li>\n<li>4 Gruppen zu 4 Spielern (Ligamodus)<\/li>\n<li>Die besten 2 SC2 Spieler pro Gruppe kommen weiter<\/li>\n<li>KO-Phase: best of 3 Modus<\/li>\n<li>Finale: best of 5 Modus<\/li>\n<li>Live Streams f\u00fcr alle Matches verf\u00fcgbar<\/li>\n<\/ul>\n<p><strong>Teilnehmerfeld und Gruppen<\/strong><\/p>\n<p style=\"text-align: justify\">16 SC2 Gamer sind zu dem Turnier geladen. Hier findet ihr die Gruppen des eSportsventure Cups.<\/p>\n<table style=\"width: 330px\" border=\"0\" cellspacing=\"0\" cellpadding=\"0\">\n<colgroup>\n<col span=\"4\" width=\"80\" \/> <\/colgroup>\n<tbody>\n<tr>\n<td style=\"text-align: left\" width=\"80\" height=\"20\"><strong>Gruppe A<\/strong><\/td>\n<td style=\"text-align: left\" width=\"80\"><strong>Gruppe B<\/strong><\/td>\n<td style=\"text-align: left\" width=\"90\"><strong>Gruppe C<\/strong><\/td>\n<td style=\"text-align: left\" width=\"80\"><strong>Gruppe D<\/strong><\/td>\n<\/tr>\n<tr>\n<td style=\"text-align: left\" width=\"80\" height=\"20\">MaNa<\/td>\n<td style=\"text-align: left\" width=\"80\">Babyknight<\/td>\n<td style=\"text-align: left\" width=\"80\">Socke<\/td>\n<td style=\"text-align: left\" width=\"80\">HasuObs<\/td>\n<\/tr>\n<tr>\n<td style=\"text-align: left\" width=\"80\" height=\"20\">ret<\/td>\n<td style=\"text-align: left\" width=\"80\">DIMAGA<\/td>\n<td style=\"text-align: left\" width=\"80\">Kas<\/td>\n<td style=\"text-align: left\" width=\"80\">Strelok<\/td>\n<\/tr>\n<tr>\n<td style=\"text-align: left\" width=\"80\" height=\"20\">Dayshi<\/td>\n<td style=\"text-align: left\" width=\"80\">HeroMarine<\/td>\n<td style=\"text-align: left\" width=\"80\">Snute<\/td>\n<td style=\"text-align: left\" width=\"80\">TargA<\/td>\n<\/tr>\n<tr>\n<td style=\"text-align: left\" width=\"80\" height=\"20\">TLO<\/td>\n<td style=\"text-align: left\" width=\"80\">Whitre-Ra<\/td>\n<td style=\"text-align: left\" width=\"80\">Harstem<\/td>\n<td style=\"text-align: left\" width=\"80\">Happy<\/td>\n<\/tr>\n<\/tbody>\n<\/table>\n<p>&nbsp;<\/p>\n<p><strong>Wetten und Quoten<\/strong><\/p>\n<p style=\"text-align: justify\">Nat\u00fcrlich bietet der Wettanbieter f\u00fcr seinen eigenen Cup f\u00fcr alle Matches Quoten an. Wir haben euch die Quoten der ersten Matches der Gruppenphase abgebildet. Die aktuellen Quoten f\u00fcr alle Matches findet ihr auf der Webseite von eSportsventure. Da das Preisgeld des Turnier realtiv niedrig ist gilt f\u00fcr die Matches der Gruppenphase ein maximales Einsatzlimit von \u20ac 30,-.<\/p>\n<p style=\"text-align: justify\"><img loading=\"lazy\" decoding=\"async\" class=\"aligncenter size-full wp-image-1737\" alt=\"Quoten eSportsventure Cup Starcraft 2\" src=\"https:\/\/www.esports-betting.pro\/app\/uploads\/sites\/2\/esportsventure-Cup-Quoten.png\" width=\"573\" height=\"447\" \/><\/p>\n<p style=\"text-align: center\"><span style=\"font-size: 18px\">aktuelle Quoten ansehen<\/span><\/p>\n<h3><a name=\"livestream\"><\/a>Livestream<\/h3>\n<p style=\"text-align: justify\">Take TV \u00fcbertragt die Matches des eSportsventure Cup live mit Moderation. Ihr k\u00f6nnt den Live Stream auf Twitch oder direkt hier auf unserer Webseite ansehen. Der Stream startet an beiden Tagen des SC2 Turniers um 16h.<br \/>\n<object><\/object><\/p>\n<p><strong>Mehr Infos zum Thema<\/strong><\/p>\n<p><a title=\"Starcraft 2 Wetten\" href=\"https:\/\/www.esports-betting.pro\/de\/starcraft-2\/\">Starcraft 2 Wetten<\/a><\/p>\n<p>eSportsventure Review<\/p>\n","protected":false},"excerpt":{"rendered":"<p>Mitte J\u00e4nner 2014 startet der eSport Buchmacher eSportsventure den Starcraft 2 eSportsventure Cup. Aus diesem Zweck wurden 16 der namhaftesten SC2 Spieler geladen um von 15.1. bis zum 16.1.2014 um einen gesamten Preispool von $ 1,000 zu fighten. Gestartet wird das Starcraft 2 Turnier an beiden Tagen ab jeweils 16 Uhr. \u00dcbertragen und kommentiert wird &hellip; <a href=\"https:\/\/www.esports-betting.pro\/de\/starcraft-2-3\/esportsventure-cup-sc2\/\">Continued<\/a><\/p>\n","protected":false},"author":24,"featured_media":0,"parent":90,"menu_order":0,"comment_status":"closed","ping_status":"closed","template":"","meta":{"_acf_changed":false,"footnotes":""},"acf":[],"yoast_head":"<!-- This site is optimized with the Yoast SEO plugin v22.6 - https:\/\/yoast.com\/wordpress\/plugins\/seo\/ -->\n<title>eSportsventure Cup - Starcraft 2 Turnier \u00dcbersicht und Info<\/title>\n<meta name=\"description\" content=\"Erfahre mehr \u00fcber das SC2 Turnier &quot;eSportsventure Cup&quot;. Infos zu den Gamern, Gruppen, Spielmodus. Livestream und Wetten f\u00fcr das Starcraft 2 Turnier\" \/>\n<meta name=\"robots\" content=\"index, follow, max-snippet:-1, max-image-preview:large, max-video-preview:-1\" \/>\n<link rel=\"canonical\" href=\"https:\/\/www.esports-betting.pro\/de\/starcraft-2-3\/esportsventure-cup-sc2\/\" \/>\n<meta property=\"og:locale\" content=\"de_DE\" \/>\n<meta property=\"og:type\" content=\"article\" \/>\n<meta property=\"og:title\" content=\"eSportsventure Cup - Starcraft 2 Turnier \u00dcbersicht und Info\" \/>\n<meta property=\"og:description\" content=\"Erfahre mehr \u00fcber das SC2 Turnier &quot;eSportsventure Cup&quot;. Infos zu den Gamern, Gruppen, Spielmodus. Livestream und Wetten f\u00fcr das Starcraft 2 Turnier\" \/>\n<meta property=\"og:url\" content=\"https:\/\/www.esports-betting.pro\/de\/starcraft-2-3\/esportsventure-cup-sc2\/\" \/>\n<meta property=\"og:site_name\" content=\"Esports Betting - DE\" \/>\n<meta property=\"og:image\" content=\"https:\/\/www.esports-betting.pro\/app\/uploads\/sites\/2\/esportsventure-Cup-Starcraft-2.jpg\" \/>\n<meta name=\"twitter:card\" content=\"summary_large_image\" \/>\n<meta name=\"twitter:label1\" content=\"Est. reading time\" \/>\n\t<meta name=\"twitter:data1\" content=\"1 Minute\" \/>\n<script type=\"application\/ld+json\" class=\"yoast-schema-graph\">{\"@context\":\"https:\/\/schema.org\",\"@graph\":[{\"@type\":\"WebPage\",\"@id\":\"https:\/\/www.esports-betting.pro\/de\/starcraft-2-3\/esportsventure-cup-sc2\/\",\"url\":\"https:\/\/www.esports-betting.pro\/de\/starcraft-2-3\/esportsventure-cup-sc2\/\",\"name\":\"eSportsventure Cup - Starcraft 2 Turnier \u00dcbersicht und Info\",\"isPartOf\":{\"@id\":\"https:\/\/www.esports-betting.pro\/de\/#website\"},\"primaryImageOfPage\":{\"@id\":\"https:\/\/www.esports-betting.pro\/de\/starcraft-2-3\/esportsventure-cup-sc2\/#primaryimage\"},\"image\":{\"@id\":\"https:\/\/www.esports-betting.pro\/de\/starcraft-2-3\/esportsventure-cup-sc2\/#primaryimage\"},\"thumbnailUrl\":\"https:\/\/www.esports-betting.pro\/app\/uploads\/sites\/2\/esportsventure-Cup-Starcraft-2.jpg\",\"datePublished\":\"2014-01-11T19:31:59+00:00\",\"dateModified\":\"2014-01-11T19:31:59+00:00\",\"description\":\"Erfahre mehr \u00fcber das SC2 Turnier \\\"eSportsventure Cup\\\". Infos zu den Gamern, Gruppen, Spielmodus. Livestream und Wetten f\u00fcr das Starcraft 2 Turnier\",\"breadcrumb\":{\"@id\":\"https:\/\/www.esports-betting.pro\/de\/starcraft-2-3\/esportsventure-cup-sc2\/#breadcrumb\"},\"inLanguage\":\"de-DE\",\"potentialAction\":[{\"@type\":\"ReadAction\",\"target\":[\"https:\/\/www.esports-betting.pro\/de\/starcraft-2-3\/esportsventure-cup-sc2\/\"]}]},{\"@type\":\"ImageObject\",\"inLanguage\":\"de-DE\",\"@id\":\"https:\/\/www.esports-betting.pro\/de\/starcraft-2-3\/esportsventure-cup-sc2\/#primaryimage\",\"url\":\"https:\/\/www.esports-betting.pro\/app\/uploads\/sites\/2\/esportsventure-Cup-Starcraft-2.jpg\",\"contentUrl\":\"https:\/\/www.esports-betting.pro\/app\/uploads\/sites\/2\/esportsventure-Cup-Starcraft-2.jpg\"},{\"@type\":\"BreadcrumbList\",\"@id\":\"https:\/\/www.esports-betting.pro\/de\/starcraft-2-3\/esportsventure-cup-sc2\/#breadcrumb\",\"itemListElement\":[{\"@type\":\"ListItem\",\"position\":1,\"name\":\"Home\",\"item\":\"https:\/\/www.esports-betting.pro\/de\/\"},{\"@type\":\"ListItem\",\"position\":2,\"name\":\"Starcraft 2 &#8211; Wetten und Wettanbieter \u00dcbersicht f\u00fcr SC2 2018\/2019\",\"item\":\"https:\/\/www.esports-betting.pro\/de\/starcraft-2-3\/\"},{\"@type\":\"ListItem\",\"position\":3,\"name\":\"Starcraft 2: eSportsventure Cup\"}]},{\"@type\":\"WebSite\",\"@id\":\"https:\/\/www.esports-betting.pro\/de\/#website\",\"url\":\"https:\/\/www.esports-betting.pro\/de\/\",\"name\":\"Esports Betting - DE\",\"description\":\"Just another Esports Betting Sites site\",\"potentialAction\":[{\"@type\":\"SearchAction\",\"target\":{\"@type\":\"EntryPoint\",\"urlTemplate\":\"https:\/\/www.esports-betting.pro\/de\/?s={search_term_string}\"},\"query-input\":\"required name=search_term_string\"}],\"inLanguage\":\"de-DE\"}]}<\/script>\n<!-- \/ Yoast SEO plugin. -->","yoast_head_json":{"title":"eSportsventure Cup - Starcraft 2 Turnier \u00dcbersicht und Info","description":"Erfahre mehr \u00fcber das SC2 Turnier \"eSportsventure Cup\". Infos zu den Gamern, Gruppen, Spielmodus. Livestream und Wetten f\u00fcr das Starcraft 2 Turnier","robots":{"index":"index","follow":"follow","max-snippet":"max-snippet:-1","max-image-preview":"max-image-preview:large","max-video-preview":"max-video-preview:-1"},"canonical":"https:\/\/www.esports-betting.pro\/de\/starcraft-2-3\/esportsventure-cup-sc2\/","og_locale":"de_DE","og_type":"article","og_title":"eSportsventure Cup - Starcraft 2 Turnier \u00dcbersicht und Info","og_description":"Erfahre mehr \u00fcber das SC2 Turnier \"eSportsventure Cup\". Infos zu den Gamern, Gruppen, Spielmodus. Livestream und Wetten f\u00fcr das Starcraft 2 Turnier","og_url":"https:\/\/www.esports-betting.pro\/de\/starcraft-2-3\/esportsventure-cup-sc2\/","og_site_name":"Esports Betting - DE","og_image":[{"url":"https:\/\/www.esports-betting.pro\/app\/uploads\/sites\/2\/esportsventure-Cup-Starcraft-2.jpg"}],"twitter_card":"summary_large_image","twitter_misc":{"Est. reading time":"1 Minute"},"schema":{"@context":"https:\/\/schema.org","@graph":[{"@type":"WebPage","@id":"https:\/\/www.esports-betting.pro\/de\/starcraft-2-3\/esportsventure-cup-sc2\/","url":"https:\/\/www.esports-betting.pro\/de\/starcraft-2-3\/esportsventure-cup-sc2\/","name":"eSportsventure Cup - Starcraft 2 Turnier \u00dcbersicht und Info","isPartOf":{"@id":"https:\/\/www.esports-betting.pro\/de\/#website"},"primaryImageOfPage":{"@id":"https:\/\/www.esports-betting.pro\/de\/starcraft-2-3\/esportsventure-cup-sc2\/#primaryimage"},"image":{"@id":"https:\/\/www.esports-betting.pro\/de\/starcraft-2-3\/esportsventure-cup-sc2\/#primaryimage"},"thumbnailUrl":"https:\/\/www.esports-betting.pro\/app\/uploads\/sites\/2\/esportsventure-Cup-Starcraft-2.jpg","datePublished":"2014-01-11T19:31:59+00:00","dateModified":"2014-01-11T19:31:59+00:00","description":"Erfahre mehr \u00fcber das SC2 Turnier \"eSportsventure Cup\". Infos zu den Gamern, Gruppen, Spielmodus. Livestream und Wetten f\u00fcr das Starcraft 2 Turnier","breadcrumb":{"@id":"https:\/\/www.esports-betting.pro\/de\/starcraft-2-3\/esportsventure-cup-sc2\/#breadcrumb"},"inLanguage":"de-DE","potentialAction":[{"@type":"ReadAction","target":["https:\/\/www.esports-betting.pro\/de\/starcraft-2-3\/esportsventure-cup-sc2\/"]}]},{"@type":"ImageObject","inLanguage":"de-DE","@id":"https:\/\/www.esports-betting.pro\/de\/starcraft-2-3\/esportsventure-cup-sc2\/#primaryimage","url":"https:\/\/www.esports-betting.pro\/app\/uploads\/sites\/2\/esportsventure-Cup-Starcraft-2.jpg","contentUrl":"https:\/\/www.esports-betting.pro\/app\/uploads\/sites\/2\/esportsventure-Cup-Starcraft-2.jpg"},{"@type":"BreadcrumbList","@id":"https:\/\/www.esports-betting.pro\/de\/starcraft-2-3\/esportsventure-cup-sc2\/#breadcrumb","itemListElement":[{"@type":"ListItem","position":1,"name":"Home","item":"https:\/\/www.esports-betting.pro\/de\/"},{"@type":"ListItem","position":2,"name":"Starcraft 2 &#8211; Wetten und Wettanbieter \u00dcbersicht f\u00fcr SC2 2018\/2019","item":"https:\/\/www.esports-betting.pro\/de\/starcraft-2-3\/"},{"@type":"ListItem","position":3,"name":"Starcraft 2: eSportsventure Cup"}]},{"@type":"WebSite","@id":"https:\/\/www.esports-betting.pro\/de\/#website","url":"https:\/\/www.esports-betting.pro\/de\/","name":"Esports Betting - DE","description":"Just another Esports Betting Sites site","potentialAction":[{"@type":"SearchAction","target":{"@type":"EntryPoint","urlTemplate":"https:\/\/www.esports-betting.pro\/de\/?s={search_term_string}"},"query-input":"required name=search_term_string"}],"inLanguage":"de-DE"}]}},"_links":{"self":[{"href":"https:\/\/www.esports-betting.pro\/de\/wp-json\/wp\/v2\/pages\/1729"}],"collection":[{"href":"https:\/\/www.esports-betting.pro\/de\/wp-json\/wp\/v2\/pages"}],"about":[{"href":"https:\/\/www.esports-betting.pro\/de\/wp-json\/wp\/v2\/types\/page"}],"author":[{"embeddable":true,"href":"https:\/\/www.esports-betting.pro\/de\/wp-json\/wp\/v2\/users\/24"}],"replies":[{"embeddable":true,"href":"https:\/\/www.esports-betting.pro\/de\/wp-json\/wp\/v2\/comments?post=1729"}],"version-history":[{"count":0,"href":"https:\/\/www.esports-betting.pro\/de\/wp-json\/wp\/v2\/pages\/1729\/revisions"}],"up":[{"embeddable":true,"href":"https:\/\/www.esports-betting.pro\/de\/wp-json\/wp\/v2\/pages\/90"}],"wp:attachment":[{"href":"https:\/\/www.esports-betting.pro\/de\/wp-json\/wp\/v2\/media?parent=1729"}],"curies":[{"name":"wp","href":"https:\/\/api.w.org\/{rel}","templated":true}]}}